{"id":105,"date":"2020-06-23T00:26:01","date_gmt":"2020-06-23T05:26:01","guid":{"rendered":"https:\/\/plexusintl.com\/?page_id=105"},"modified":"2022-08-21T12:50:33","modified_gmt":"2022-08-21T17:50:33","slug":"iso-45001-salud-y-seguridad-en-el-trabajo","status":"publish","type":"page","link":"https:\/\/plexusintl.com\/mx\/iso-45001-salud-y-seguridad-en-el-trabajo\/","title":{"rendered":"Seguridad y Salud en el Trabajo ISO 45001"},"content":{"rendered":"\t\t<div data-elementor-type=\"wp-page\" data-elementor-id=\"105\" class=\"elementor elementor-105\" data-elementor-post-type=\"page\">\n\t\t\t\t\t\t<section class=\"elementor-section elementor-top-section elementor-element elementor-element-754271c elementor-section-full_width elementor-section-height-default elementor-section-height-default\" data-id=\"754271c\" data-element_type=\"section\" data-e-type=\"section\">\n\t\t\t\t\t\t<div class=\"elementor-container elementor-column-gap-default\">\n\t\t\t\t\t<div class=\"elementor-column elementor-col-100 elementor-top-column elementor-element elementor-element-ee866b5\" data-id=\"ee866b5\" data-element_type=\"column\" data-e-type=\"column\">\n\t\t\t<div class=\"elementor-widget-wrap elementor-element-populated\">\n\t\t\t\t\t\t<div class=\"elementor-element elementor-element-7416add elementor-widget elementor-widget-generic-hero-block\" data-id=\"7416add\" data-element_type=\"widget\" data-e-type=\"widget\" data-widget_type=\"generic-hero-block.default\">\n\t\t\t\t<div class=\"elementor-widget-container\">\n\t\t\t\t\t    <div class=\"hero\" style=\"background-image: url(https:\/\/plexusintl.com\/wp-content\/uploads\/2020\/07\/workpace_safety_stock_photo1-scaled.jpg);\">\r\n        <div class=\"container\">\r\n            <div class=\"row\">\r\n                <div class=\"col-xs-12 col-sm-9\">\r\n                    <p class=\"header\">Salud y Seguridad en el Trabajo<\/p>\r\n                <\/div>\r\n            <\/div>\r\n        <\/div>\r\n    <\/div>    \r\n    \t\t\t\t<\/div>\n\t\t\t\t<\/div>\n\t\t\t\t\t<\/div>\n\t\t<\/div>\n\t\t\t\t\t<\/div>\n\t\t<\/section>\n\t\t\t\t<section class=\"elementor-section elementor-top-section elementor-element elementor-element-5a0ec50 elementor-section-boxed elementor-section-height-default elementor-section-height-default\" data-id=\"5a0ec50\" data-element_type=\"section\" data-e-type=\"section\">\n\t\t\t\t\t\t<div class=\"elementor-container elementor-column-gap-default\">\n\t\t\t\t\t<div class=\"elementor-column elementor-col-100 elementor-top-column elementor-element elementor-element-2723ecb\" data-id=\"2723ecb\" data-element_type=\"column\" data-e-type=\"column\">\n\t\t\t<div class=\"elementor-widget-wrap elementor-element-populated\">\n\t\t\t\t\t\t<div class=\"elementor-element elementor-element-3534769 elementor-widget elementor-widget-lead-text-block\" data-id=\"3534769\" data-element_type=\"widget\" data-e-type=\"widget\" data-widget_type=\"lead-text-block.default\">\n\t\t\t\t<div class=\"elementor-widget-container\">\n\t\t\t\t\t    <p class=\"lead-text\">Explore oportunidades de capacitaci\u00f3n y consultor\u00eda, herramientas, recursos y m\u00e1s para la implementaci\u00f3n, auditor\u00eda y administraci\u00f3n de ISO 45001: 2018.<\/p>\r\n    \t\t\t\t<\/div>\n\t\t\t\t<\/div>\n\t\t\t\t\t<\/div>\n\t\t<\/div>\n\t\t\t\t\t<\/div>\n\t\t<\/section>\n\t\t\t\t<section class=\"elementor-section elementor-top-section elementor-element elementor-element-14f8178 elementor-section-boxed elementor-section-height-default elementor-section-height-default\" data-id=\"14f8178\" data-element_type=\"section\" data-e-type=\"section\">\n\t\t\t\t\t\t<div class=\"elementor-container elementor-column-gap-default\">\n\t\t\t\t\t<div class=\"elementor-column elementor-col-100 elementor-top-column elementor-element elementor-element-3d55652\" data-id=\"3d55652\" data-element_type=\"column\" data-e-type=\"column\">\n\t\t\t<div class=\"elementor-widget-wrap elementor-element-populated\">\n\t\t\t\t\t\t<div class=\"elementor-element elementor-element-22cdb41 elementor-widget elementor-widget-text-editor\" data-id=\"22cdb41\" data-element_type=\"widget\" data-e-type=\"widget\" data-widget_type=\"text-editor.default\">\n\t\t\t\t<div class=\"elementor-widget-container\">\n\t\t\t\t\t\t\t\t\t<p>ISO 45001 proporciona el marco para que su organizaci\u00f3n mantenga lugares de trabajo seguros y saludables al prevenir lesiones y enfermedades relacionadas con el trabajo, y mejorar de manera proactiva el desempe\u00f1o de su Sistema de Gesti\u00f3n de Seguridad y Salud Ocupacional al tiempo que mitiga el riesgo. ISO 45001 est\u00e1 dise\u00f1ado para ayudar a las organizaciones independientemente del tama\u00f1o, la industria, las actividades o el nivel en la cadena de suministro.<\/p><p>Plexus ofrece soluciones de consultor\u00eda y capacitaci\u00f3n de servicio completo para capacitar a las organizaciones para que implementen de manera efectiva un Sistema de Gesti\u00f3n de SST ISO 45001 sostenible, as\u00ed como servicios de sistemas de gesti\u00f3n integrados para ISO 9001, la serie AS9100 o IATF 16949 con ISO 45001.<\/p>\t\t\t\t\t\t\t\t<\/div>\n\t\t\t\t<\/div>\n\t\t\t\t\t<\/div>\n\t\t<\/div>\n\t\t\t\t\t<\/div>\n\t\t<\/section>\n\t\t\t\t<section class=\"elementor-section elementor-top-section elementor-element elementor-element-e94ddeb elementor-section-full_width elementor-section-height-default elementor-section-height-default\" data-id=\"e94ddeb\" data-element_type=\"section\" data-e-type=\"section\">\n\t\t\t\t\t\t<div class=\"elementor-container elementor-column-gap-default\">\n\t\t\t\t\t<div class=\"elementor-column elementor-col-100 elementor-top-column elementor-element elementor-element-a0918f2\" data-id=\"a0918f2\" data-element_type=\"column\" data-e-type=\"column\">\n\t\t\t<div class=\"elementor-widget-wrap elementor-element-populated\">\n\t\t\t\t\t\t<div class=\"elementor-element elementor-element-8cca598 elementor-widget-divider--view-line elementor-widget elementor-widget-divider\" data-id=\"8cca598\" data-element_type=\"widget\" data-e-type=\"widget\" data-widget_type=\"divider.default\">\n\t\t\t\t<div class=\"elementor-widget-container\">\n\t\t\t\t\t\t\t<div class=\"elementor-divider\">\n\t\t\t<span class=\"elementor-divider-separator\">\n\t\t\t\t\t\t<\/span>\n\t\t<\/div>\n\t\t\t\t\t\t<\/div>\n\t\t\t\t<\/div>\n\t\t\t\t\t<\/div>\n\t\t<\/div>\n\t\t\t\t\t<\/div>\n\t\t<\/section>\n\t\t\t\t<section class=\"elementor-section elementor-top-section elementor-element elementor-element-fd3ff49 elementor-section-boxed elementor-section-height-default elementor-section-height-default\" data-id=\"fd3ff49\" data-element_type=\"section\" data-e-type=\"section\">\n\t\t\t\t\t\t<div class=\"elementor-container elementor-column-gap-default\">\n\t\t\t\t\t<div class=\"elementor-column elementor-col-100 elementor-top-column elementor-element elementor-element-4eec979\" data-id=\"4eec979\" data-element_type=\"column\" data-e-type=\"column\">\n\t\t\t<div class=\"elementor-widget-wrap elementor-element-populated\">\n\t\t\t\t\t\t<div class=\"elementor-element elementor-element-e6188aa elementor-widget elementor-widget-consulting-services-block\" data-id=\"e6188aa\" data-element_type=\"widget\" data-e-type=\"widget\" data-widget_type=\"consulting-services-block.default\">\n\t\t\t\t<div class=\"elementor-widget-container\">\n\t\t\t\t\t    <div class=\"container\">\r\n        <div class=\"row\">\r\n            <div class=\"col-sm-12\">\r\n                <h2 style=\"text-align: center;\"><span style=\"color:#4d6995;\">Servicios de Consultor\u00eda <strong>ISO 45001<\/strong><\/span><\/h2>\r\n                <p style=\"text-align: center;\">Plexus International cuenta con un selecto grupo de expertos que pueden colaborar con su organizaci\u00f3n<\/p>\r\n            <\/div>\r\n        <\/div>\r\n    <\/div>\r\n\r\n    <div class=\"container\">\r\n        <div class=\"row\"><div class=\"col-sm-12\">\r\n            <div class=\"row\">\r\n                <div class=\"col-sm-4\">\r\n                    <h4 style=\"text-align: center;\"><img decoding=\"async\" src=\"https:\/\/plexusintl.com\/mx\/wp-content\/uploads\/2020\/07\/checkmark-icon-1.svg\" alt=\"checkmark-icon.png\" width=\"50\" height=\"50\" style=\"margin-bottom:5px;\"><br \/>Implementaci\u00f3n del sistema de gesti\u00f3n de seguridad y salud ISO 45001<\/h4>\r\n                <\/div>\r\n                <div class=\"col-sm-4\">\r\n                    <h4 style=\"text-align: center;\"><img decoding=\"async\" src=\"https:\/\/plexusintl.com\/mx\/wp-content\/uploads\/2020\/07\/checkmark-icon-1.svg\" alt=\"checkmark-icon.png\" width=\"50\" height=\"50\" style=\"margin-bottom:5px;\"><br \/>Integraci\u00f3n de sistemas de gesti\u00f3n<\/h4>\r\n                <\/div>\r\n                <div class=\"col-sm-4\">\r\n                    <h4 style=\"text-align: center;\"><img decoding=\"async\" src=\"https:\/\/plexusintl.com\/mx\/wp-content\/uploads\/2020\/07\/checkmark-icon-1.svg\" alt=\"checkmark-icon.png\" width=\"50\" height=\"50\" style=\"margin-bottom:5px;\"><br \/>Aplicaci\u00f3n de Auditorias de 1\u00aa y 2\u00aa parte<\/h4>\r\n                <\/div>\r\n                            <\/div>\r\n        <\/div>\r\n    <\/div>\r\n\r\n    \r\n    <div class=\"container\" >\r\n        <div class=\"row\">\r\n            <div class=\"col-sm-12\">\r\n                <p style=\"text-align: center;\"><a class=\"blue-button\" href=\"\/mx\/contactanos\/\"  >Cont\u00e1ctanos<\/a><\/p>\r\n            <\/div>\r\n        <\/div>\r\n    <\/div>\r\n\r\n    \t\t\t\t<\/div>\n\t\t\t\t<\/div>\n\t\t\t\t\t<\/div>\n\t\t<\/div>\n\t\t\t\t\t<\/div>\n\t\t<\/section>\n\t\t\t\t<section class=\"elementor-section elementor-top-section elementor-element elementor-element-5fa6615 elementor-section-boxed elementor-section-height-default elementor-section-height-default\" data-id=\"5fa6615\" data-element_type=\"section\" data-e-type=\"section\">\n\t\t\t\t\t\t<div class=\"elementor-container elementor-column-gap-default\">\n\t\t\t\t\t<div class=\"elementor-column elementor-col-100 elementor-top-column elementor-element elementor-element-da6b9ef\" data-id=\"da6b9ef\" data-element_type=\"column\" data-e-type=\"column\">\n\t\t\t<div class=\"elementor-widget-wrap elementor-element-populated\">\n\t\t\t\t\t\t<div class=\"elementor-element elementor-element-9a32a83 elementor-widget elementor-widget-training-programs-block\" data-id=\"9a32a83\" data-element_type=\"widget\" data-e-type=\"widget\" data-widget_type=\"training-programs-block.default\">\n\t\t\t\t<div class=\"elementor-widget-container\">\n\t\t\t\t\t    <div class=\"training-programs\">\n        <h2 >Programas de entrenamiento:<\/h2>\n\n        <div class=\"row\">\n                                <div class=\"col-12 col-sm-6 \">\n                        <div class=\"training-program\">\n                            <div class=\"tags\">\n                                                          \n                            <\/div>\n                            <h3><a href=\"\/mx\/catalogo\/fundamentos-de-iso-450012018\/\" class=\"cta\">Fundamentos de la norma ISO 45001 - Formaci\u00f3n a distancia<\/a><\/h3>\n                        <\/div>\n                    <\/div>\n                                    <div class=\"col-12 col-sm-6 \">\n                        <div class=\"training-program\">\n                            <div class=\"tags\">\n                                                          \n                            <\/div>\n                            <h3><a href=\"\/mx\/catalogo\/iso-450012018-internal-auditor-training-occupational-health-and-safety-managament-systems\/\" class=\"cta\">Fundamentos de Auditor\u00eda ISO 45001 - Formaci\u00f3n a distancia<\/a><\/h3>\n                        <\/div>\n                    <\/div>\n                <\/div><div class=\"row\">                    <div class=\"col-12 col-sm-6 \">\n                        <div class=\"training-program\">\n                            <div class=\"tags\">\n                                                          \n                            <\/div>\n                            <h3><a href=\"\/mx\/catalogo\/certificacion-auditor-lider-iso-450012018\/\" class=\"cta\">Certificaci\u00f3n de Auditor L\u00edder ISO 45001 Exemplar Global<\/a><\/h3>\n                        <\/div>\n                    <\/div>\n                                    <div class=\"col-12 col-sm-6 \">\n                        <div class=\"training-program\">\n                            <div class=\"tags\">\n                                                          \n                            <\/div>\n                            <h3><a href=\"https:\/\/plexusintl.com\/mx\/catalogo\/auditor-lider-en-iso-450012018-con-certificacion-aiag\/\" class=\"cta\">Auditor L\u00edder en ISO 45001:2018 con certificaci\u00f3n AIAG<\/a><\/h3>\n                        <\/div>\n                    <\/div>\n                <\/div><div class=\"row\">   \n        <div class=\"col-12\">\n            <div class=\"read-more\"><a href=\"\/mx\/catalogo\/\" class=\"cta\" >Mas entrenamientos<\/a><\/div>\n        <\/div>        \n    <\/div>\n    \t\t\t\t<\/div>\n\t\t\t\t<\/div>\n\t\t\t\t\t<\/div>\n\t\t<\/div>\n\t\t\t\t\t<\/div>\n\t\t<\/section>\n\t\t\t\t<section class=\"elementor-section elementor-top-section elementor-element elementor-element-5e4d513 elementor-section-boxed elementor-section-height-default elementor-section-height-default\" data-id=\"5e4d513\" data-element_type=\"section\" data-e-type=\"section\">\n\t\t\t\t\t\t<div class=\"elementor-container elementor-column-gap-default\">\n\t\t\t\t\t<div class=\"elementor-column elementor-col-100 elementor-top-column elementor-element elementor-element-291baff\" data-id=\"291baff\" data-element_type=\"column\" data-e-type=\"column\">\n\t\t\t<div class=\"elementor-widget-wrap elementor-element-populated\">\n\t\t\t\t\t\t<div class=\"elementor-element elementor-element-c1e6ed6 elementor-widget elementor-widget-blue-links-box\" data-id=\"c1e6ed6\" data-element_type=\"widget\" data-e-type=\"widget\" data-widget_type=\"blue-links-box.default\">\n\t\t\t\t<div class=\"elementor-widget-container\">\n\t\t\t\t\t    <div class=\"blue-links-box\">\r\n        <h2>Herramientas de utilidad<\/h2>\r\n        <p><a class=\"cta\" href=\"\/mx\/competencias\/iso-45001-salud-y-seguridad-en-el-trabajo\/iso-45001-herramienta-de-analisis-de-brecha\/\">ISO 45001: Herramienta de an\u00e1lisis de brechas del sistema de gesti\u00f3n ISO 45001<\/a><br \/>Descargue nuestra herramienta gratuita de an\u00e1lisis de brechas del sistema de gesti\u00f3n ISO 45001: 2018 e identifique las \u00e1reas de su sistema para ajustar para cumplir con el est\u00e1ndar. Luego, desarrolle un plan de implementaci\u00f3n para hacer que su entorno de trabajo sea m\u00e1s seguro y sostenible.<\/p>    <\/div>    \r\n    \t\t\t\t<\/div>\n\t\t\t\t<\/div>\n\t\t\t\t\t<\/div>\n\t\t<\/div>\n\t\t\t\t\t<\/div>\n\t\t<\/section>\n\t\t\t\t<\/div>\n\t\t","protected":false},"excerpt":{"rendered":"<p>Active<\/p>\n","protected":false},"author":1,"featured_media":0,"parent":0,"menu_order":0,"comment_status":"closed","ping_status":"closed","template":"","meta":{"footnotes":"","_wp_rev_ctl_limit":""},"class_list":["post-105","page","type-page","status-publish","hentry"],"_links":{"self":[{"href":"https:\/\/plexusintl.com\/mx\/wp-json\/wp\/v2\/pages\/105","targetHints":{"allow":["GET"]}}],"collection":[{"href":"https:\/\/plexusintl.com\/mx\/wp-json\/wp\/v2\/pages"}],"about":[{"href":"https:\/\/plexusintl.com\/mx\/wp-json\/wp\/v2\/types\/page"}],"author":[{"embeddable":true,"href":"https:\/\/plexusintl.com\/mx\/wp-json\/wp\/v2\/users\/1"}],"replies":[{"embeddable":true,"href":"https:\/\/plexusintl.com\/mx\/wp-json\/wp\/v2\/comments?post=105"}],"version-history":[{"count":32,"href":"https:\/\/plexusintl.com\/mx\/wp-json\/wp\/v2\/pages\/105\/revisions"}],"predecessor-version":[{"id":6611,"href":"https:\/\/plexusintl.com\/mx\/wp-json\/wp\/v2\/pages\/105\/revisions\/6611"}],"wp:attachment":[{"href":"https:\/\/plexusintl.com\/mx\/wp-json\/wp\/v2\/media?parent=105"}],"curies":[{"name":"wp","href":"https:\/\/api.w.org\/{rel}","templated":true}]}}