{"id":109,"date":"2020-06-23T00:29:05","date_gmt":"2020-06-23T05:29:05","guid":{"rendered":"https:\/\/plexusintl.com\/?page_id=109"},"modified":"2021-12-09T13:42:25","modified_gmt":"2021-12-09T18:42:25","slug":"iso-iec-17025-laboratorios-de-prueba-y-calibracion","status":"publish","type":"page","link":"https:\/\/plexusintl.com\/mx\/competencias\/iso-iec-17025-laboratorios-de-prueba-y-calibracion\/","title":{"rendered":"ISO 17025 &#8211; Laboratorios de prueba y calibraci\u00f3n"},"content":{"rendered":"\t\t<div data-elementor-type=\"wp-page\" data-elementor-id=\"109\" class=\"elementor elementor-109\" data-elementor-post-type=\"page\">\n\t\t\t\t\t\t<section class=\"elementor-section elementor-top-section elementor-element elementor-element-c25dc48 elementor-section-full_width elementor-section-height-default elementor-section-height-default\" data-id=\"c25dc48\" data-element_type=\"section\" data-e-type=\"section\">\n\t\t\t\t\t\t<div class=\"elementor-container elementor-column-gap-default\">\n\t\t\t\t\t<div class=\"elementor-column elementor-col-100 elementor-top-column elementor-element elementor-element-8f790cd\" data-id=\"8f790cd\" data-element_type=\"column\" data-e-type=\"column\">\n\t\t\t<div class=\"elementor-widget-wrap elementor-element-populated\">\n\t\t\t\t\t\t<div class=\"elementor-element elementor-element-7c6a486 elementor-widget elementor-widget-generic-hero-block\" data-id=\"7c6a486\" data-element_type=\"widget\" data-e-type=\"widget\" data-widget_type=\"generic-hero-block.default\">\n\t\t\t\t<div class=\"elementor-widget-container\">\n\t\t\t\t\t    <div class=\"hero\" style=\"background-image: url(https:\/\/plexusintl.com\/wp-content\/uploads\/2020\/07\/AdobeStock_271150178-scaled.jpeg);\">\r\n        <div class=\"container\">\r\n            <div class=\"row\">\r\n                <div class=\"col-xs-12 col-sm-9\">\r\n                    <p class=\"header\">Laboratorios de Ensayo y Calibraci\u00f3n <\/p>\r\n                <\/div>\r\n            <\/div>\r\n        <\/div>\r\n    <\/div>    \r\n    \t\t\t\t<\/div>\n\t\t\t\t<\/div>\n\t\t\t\t\t<\/div>\n\t\t<\/div>\n\t\t\t\t\t<\/div>\n\t\t<\/section>\n\t\t\t\t<section class=\"elementor-section elementor-top-section elementor-element elementor-element-7622a28 elementor-section-boxed elementor-section-height-default elementor-section-height-default\" data-id=\"7622a28\" data-element_type=\"section\" data-e-type=\"section\">\n\t\t\t\t\t\t<div class=\"elementor-container elementor-column-gap-default\">\n\t\t\t\t\t<div class=\"elementor-column elementor-col-100 elementor-top-column elementor-element elementor-element-b022fd4\" data-id=\"b022fd4\" data-element_type=\"column\" data-e-type=\"column\">\n\t\t\t<div class=\"elementor-widget-wrap elementor-element-populated\">\n\t\t\t\t\t\t<div class=\"elementor-element elementor-element-fb5d5c7 elementor-widget elementor-widget-lead-text-block\" data-id=\"fb5d5c7\" data-element_type=\"widget\" data-e-type=\"widget\" data-widget_type=\"lead-text-block.default\">\n\t\t\t\t<div class=\"elementor-widget-container\">\n\t\t\t\t\t    <p class=\"lead-text\">Soluciones integrales de capacitaci\u00f3n y consultor\u00eda de servicio completo que permiten a las organizaciones implementar un sistema de calidad ISO \/ IEC 17025 sostenible.<\/p>\r\n    \t\t\t\t<\/div>\n\t\t\t\t<\/div>\n\t\t\t\t\t<\/div>\n\t\t<\/div>\n\t\t\t\t\t<\/div>\n\t\t<\/section>\n\t\t\t\t<section class=\"elementor-section elementor-top-section elementor-element elementor-element-e075926 elementor-section-boxed elementor-section-height-default elementor-section-height-default\" data-id=\"e075926\" data-element_type=\"section\" data-e-type=\"section\">\n\t\t\t\t\t\t<div class=\"elementor-container elementor-column-gap-default\">\n\t\t\t\t\t<div class=\"elementor-column elementor-col-100 elementor-top-column elementor-element elementor-element-fb229c6\" data-id=\"fb229c6\" data-element_type=\"column\" data-e-type=\"column\">\n\t\t\t<div class=\"elementor-widget-wrap elementor-element-populated\">\n\t\t\t\t\t\t<div class=\"elementor-element elementor-element-7aa4b8c elementor-widget elementor-widget-text-editor\" data-id=\"7aa4b8c\" data-element_type=\"widget\" data-e-type=\"widget\" data-widget_type=\"text-editor.default\">\n\t\t\t\t<div class=\"elementor-widget-container\">\n\t\t\t\t\t\t\t\t\t<p>ISO \/ IEC 17025 es el est\u00e1ndar m\u00e1s com\u00fan y reconocido mundialmente para garantizar la competencia de los laboratorios de prueba y calibraci\u00f3n. ISO \/ IEC 17025 especifica los requisitos generales de competencia, imparcialidad y funcionamiento coherente de los laboratorios. Est\u00e1 dise\u00f1ado y es aplicable a todas las organizaciones que realizan actividades de laboratorio. ISO \/ IEC 17025 proporciona una v\u00eda para que los laboratorios implementen un sistema de calidad s\u00f3lido y s\u00f3lido, demuestren competencia, produzcan resultados v\u00e1lidos y confiables, as\u00ed como faciliten una cooperaci\u00f3n m\u00e1s amplia entre laboratorios y otros organismos al crear una aceptaci\u00f3n m\u00e1s amplia de los resultados entre los pa\u00edses.<\/p>\t\t\t\t\t\t\t\t<\/div>\n\t\t\t\t<\/div>\n\t\t\t\t\t<\/div>\n\t\t<\/div>\n\t\t\t\t\t<\/div>\n\t\t<\/section>\n\t\t\t\t<section class=\"elementor-section elementor-top-section elementor-element elementor-element-6b6b84f elementor-section-boxed elementor-section-height-default elementor-section-height-default\" data-id=\"6b6b84f\" data-element_type=\"section\" data-e-type=\"section\">\n\t\t\t\t\t\t<div class=\"elementor-container elementor-column-gap-default\">\n\t\t\t\t\t<div class=\"elementor-column elementor-col-100 elementor-top-column elementor-element elementor-element-afc70c6\" data-id=\"afc70c6\" data-element_type=\"column\" data-e-type=\"column\">\n\t\t\t<div class=\"elementor-widget-wrap elementor-element-populated\">\n\t\t\t\t\t\t<div class=\"elementor-element elementor-element-a8d600d elementor-widget-divider--view-line elementor-widget elementor-widget-divider\" data-id=\"a8d600d\" data-element_type=\"widget\" data-e-type=\"widget\" data-widget_type=\"divider.default\">\n\t\t\t\t<div class=\"elementor-widget-container\">\n\t\t\t\t\t\t\t<div class=\"elementor-divider\">\n\t\t\t<span class=\"elementor-divider-separator\">\n\t\t\t\t\t\t<\/span>\n\t\t<\/div>\n\t\t\t\t\t\t<\/div>\n\t\t\t\t<\/div>\n\t\t\t\t\t<\/div>\n\t\t<\/div>\n\t\t\t\t\t<\/div>\n\t\t<\/section>\n\t\t\t\t<section class=\"elementor-section elementor-top-section elementor-element elementor-element-c03dca3 elementor-section-boxed elementor-section-height-default elementor-section-height-default\" data-id=\"c03dca3\" data-element_type=\"section\" data-e-type=\"section\">\n\t\t\t\t\t\t<div class=\"elementor-container elementor-column-gap-default\">\n\t\t\t\t\t<div class=\"elementor-column elementor-col-100 elementor-top-column elementor-element elementor-element-ac8324b\" data-id=\"ac8324b\" data-element_type=\"column\" data-e-type=\"column\">\n\t\t\t<div class=\"elementor-widget-wrap elementor-element-populated\">\n\t\t\t\t\t\t<div class=\"elementor-element elementor-element-566df07 elementor-widget elementor-widget-consulting-services-block\" data-id=\"566df07\" data-element_type=\"widget\" data-e-type=\"widget\" data-widget_type=\"consulting-services-block.default\">\n\t\t\t\t<div class=\"elementor-widget-container\">\n\t\t\t\t\t    <div class=\"container\">\r\n        <div class=\"row\">\r\n            <div class=\"col-sm-12\">\r\n                <h2 style=\"text-align: center;\"><span style=\"color:#4d6995;\">ISO\/IEC 17025 <strong>Servicios de Consultor\u00eda<\/strong><\/span><\/h2>\r\n                <p style=\"text-align: center;\">Nuestra misi\u00f3n es desarrollar una comprensi\u00f3n profunda de los procesos internos y las necesidades comerciales de su organizaci\u00f3n, y adaptar el alcance de nuestros esfuerzos de consultor\u00eda para alcanzar los resultados comerciales deseados. El primer paso es conectarse con un representante de Plexus y evaluaremos cuidadosamente sus necesidades \u00fanicas.<\/p>\r\n            <\/div>\r\n        <\/div>\r\n    <\/div>\r\n\r\n    <div class=\"container\">\r\n        <div class=\"row\"><div class=\"col-sm-12\">\r\n            <div class=\"row\">\r\n                <div class=\"col-sm-4\">\r\n                    <h4 style=\"text-align: center;\"><img decoding=\"async\" src=\"https:\/\/plexusintl.com\/mx\/wp-content\/uploads\/2020\/07\/checkmark-icon-1.svg\" alt=\"checkmark-icon.png\" width=\"50\" height=\"50\" style=\"margin-bottom:5px;\"><br \/>Implementaci\u00f3n ISO\/IEC 17025<\/h4>\r\n                <\/div>\r\n                <div class=\"col-sm-4\">\r\n                    <h4 style=\"text-align: center;\"><img decoding=\"async\" src=\"https:\/\/plexusintl.com\/mx\/wp-content\/uploads\/2020\/07\/checkmark-icon-1.svg\" alt=\"checkmark-icon.png\" width=\"50\" height=\"50\" style=\"margin-bottom:5px;\"><br \/>Integraci\u00f3n de Sistema de Gesti\u00f3n<\/h4>\r\n                <\/div>\r\n                <div class=\"col-sm-4\">\r\n                    <h4 style=\"text-align: center;\"><img decoding=\"async\" src=\"https:\/\/plexusintl.com\/mx\/wp-content\/uploads\/2020\/07\/checkmark-icon-1.svg\" alt=\"checkmark-icon.png\" width=\"50\" height=\"50\" style=\"margin-bottom:5px;\"><br \/>Auditorias de Segunda Parte<\/h4>\r\n                <\/div>\r\n                            <\/div>\r\n        <\/div>\r\n    <\/div>\r\n\r\n    \r\n    <div class=\"container\" >\r\n        <div class=\"row\">\r\n            <div class=\"col-sm-12\">\r\n                <p style=\"text-align: center;\"><a class=\"blue-button\" href=\"\/mx\/contact\"  >Cont\u00e1ctanos<\/a><\/p>\r\n            <\/div>\r\n        <\/div>\r\n    <\/div>\r\n\r\n    \t\t\t\t<\/div>\n\t\t\t\t<\/div>\n\t\t\t\t\t<\/div>\n\t\t<\/div>\n\t\t\t\t\t<\/div>\n\t\t<\/section>\n\t\t\t\t<section class=\"elementor-section elementor-top-section elementor-element elementor-element-69ae7cb elementor-section-boxed elementor-section-height-default elementor-section-height-default\" data-id=\"69ae7cb\" data-element_type=\"section\" data-e-type=\"section\">\n\t\t\t\t\t\t<div class=\"elementor-container elementor-column-gap-default\">\n\t\t\t\t\t<div class=\"elementor-column elementor-col-100 elementor-top-column elementor-element elementor-element-715b24d\" data-id=\"715b24d\" data-element_type=\"column\" data-e-type=\"column\">\n\t\t\t<div class=\"elementor-widget-wrap elementor-element-populated\">\n\t\t\t\t\t\t<div class=\"elementor-element elementor-element-5f2ffc8 elementor-widget elementor-widget-training-programs-block\" data-id=\"5f2ffc8\" data-element_type=\"widget\" data-e-type=\"widget\" data-widget_type=\"training-programs-block.default\">\n\t\t\t\t<div class=\"elementor-widget-container\">\n\t\t\t\t\t    <div class=\"training-programs\">\n        <h2 >Programas de entrenamiento<\/h2>\n\n        <div class=\"row\">\n                                <div class=\"col-12 col-sm-6 \">\n                        <div class=\"training-program\">\n                            <div class=\"tags\">\n                                                          \n                            <\/div>\n                            <h3><a href=\"\/mx\/catalogo\/auditorias-en-iso-iec-170252017\/\" class=\"cta\">Fundamentos de Auditorias en ISO\/IEC 17025:2017 - Formaci\u00f3n a distancia<\/a><\/h3>\n                        <\/div>\n                    <\/div>\n                                    <div class=\"col-12 col-sm-6 \">\n                        <div class=\"training-program\">\n                            <div class=\"tags\">\n                                                          \n                            <\/div>\n                            <h3><a href=\"\/mx\/catalogo\/norma-de-iso-iec-170262017\/\" class=\"cta\">Fundamentos de la norma ISO\/IEC 17025:2017 - Formaci\u00f3n a distancia<\/a><\/h3>\n                        <\/div>\n                    <\/div>\n                <\/div><div class=\"row\"><\/div><div class=\"row\"><\/div><div class=\"row\">   \n        <div class=\"col-12\">\n            <div class=\"read-more\"><a href=\"\/mx\/catalogo\/\" class=\"cta\" >Explora todos los entrenamientos<\/a><\/div>\n        <\/div>        \n    <\/div>\n    \t\t\t\t<\/div>\n\t\t\t\t<\/div>\n\t\t\t\t\t<\/div>\n\t\t<\/div>\n\t\t\t\t\t<\/div>\n\t\t<\/section>\n\t\t\t\t<section class=\"elementor-section elementor-top-section elementor-element elementor-element-ddaa3c8 elementor-section-boxed elementor-section-height-default elementor-section-height-default\" data-id=\"ddaa3c8\" data-element_type=\"section\" data-e-type=\"section\">\n\t\t\t\t\t\t<div class=\"elementor-container elementor-column-gap-default\">\n\t\t\t\t\t<div class=\"elementor-column elementor-col-100 elementor-top-column elementor-element elementor-element-d2510fd\" data-id=\"d2510fd\" data-element_type=\"column\" data-e-type=\"column\">\n\t\t\t<div class=\"elementor-widget-wrap elementor-element-populated\">\n\t\t\t\t\t\t<div class=\"elementor-element elementor-element-3a94446 elementor-widget elementor-widget-blue-links-box\" data-id=\"3a94446\" data-element_type=\"widget\" data-e-type=\"widget\" data-widget_type=\"blue-links-box.default\">\n\t\t\t\t<div class=\"elementor-widget-container\">\n\t\t\t\t\t    <div class=\"blue-links-box\">\r\n        <h2>Recursos y herramientas disponibles<\/h2>\r\n        <p><a class=\"cta\" href=\"\/mx\/competencias\/automotriz\/orientacion-de-iso-190112018\/\">ISO 19011: 2018 Cambios clave, orientaci\u00f3n y herramientas de auditor\u00eda<\/a><br \/>Comprenda los cambios clave en la norma ISO 19011: 2018 y haga crecer el kit de herramientas de auditor\u00eda de su sistema de gesti\u00f3n con plantillas de informes y planificaci\u00f3n de auditor\u00edas y m\u00e1s.<\/p>    <\/div>    \r\n    \t\t\t\t<\/div>\n\t\t\t\t<\/div>\n\t\t\t\t\t<\/div>\n\t\t<\/div>\n\t\t\t\t\t<\/div>\n\t\t<\/section>\n\t\t\t\t<\/div>\n\t\t","protected":false},"excerpt":{"rendered":"<p>Laboratorios de Ensayo y Calibraci\u00f3n Soluciones integrales de capacitaci\u00f3n y consultor\u00eda de servicio completo que permiten a las organizaciones implementar un sistema de calidad ISO \/ IEC 17025 sostenible. ISO \/ IEC 17025 es el est\u00e1ndar m\u00e1s com\u00fan y reconocido mundialmente para garantizar la competencia de los laboratorios de prueba y calibraci\u00f3n. ISO \/ IEC&#8230;<\/p>\n","protected":false},"author":1,"featured_media":0,"parent":72,"menu_order":0,"comment_status":"closed","ping_status":"closed","template":"","meta":{"footnotes":"","_wp_rev_ctl_limit":""},"class_list":["post-109","page","type-page","status-publish","hentry"],"_links":{"self":[{"href":"https:\/\/plexusintl.com\/mx\/wp-json\/wp\/v2\/pages\/109","targetHints":{"allow":["GET"]}}],"collection":[{"href":"https:\/\/plexusintl.com\/mx\/wp-json\/wp\/v2\/pages"}],"about":[{"href":"https:\/\/plexusintl.com\/mx\/wp-json\/wp\/v2\/types\/page"}],"author":[{"embeddable":true,"href":"https:\/\/plexusintl.com\/mx\/wp-json\/wp\/v2\/users\/1"}],"replies":[{"embeddable":true,"href":"https:\/\/plexusintl.com\/mx\/wp-json\/wp\/v2\/comments?post=109"}],"version-history":[{"count":31,"href":"https:\/\/plexusintl.com\/mx\/wp-json\/wp\/v2\/pages\/109\/revisions"}],"predecessor-version":[{"id":6148,"href":"https:\/\/plexusintl.com\/mx\/wp-json\/wp\/v2\/pages\/109\/revisions\/6148"}],"up":[{"embeddable":true,"href":"https:\/\/plexusintl.com\/mx\/wp-json\/wp\/v2\/pages\/72"}],"wp:attachment":[{"href":"https:\/\/plexusintl.com\/mx\/wp-json\/wp\/v2\/media?parent=109"}],"curies":[{"name":"wp","href":"https:\/\/api.w.org\/{rel}","templated":true}]}}