{"id":1104,"date":"2020-07-10T03:06:22","date_gmt":"2020-07-09T22:06:22","guid":{"rendered":"https:\/\/plexusintl.com\/?page_id=1104"},"modified":"2023-03-08T13:14:37","modified_gmt":"2023-03-08T18:14:37","slug":"auditorias-de-as9100d","status":"publish","type":"page","link":"https:\/\/plexusintl.com\/mx\/catalogo\/auditorias-de-as9100d\/","title":{"rendered":"Fundamentos de Auditor\u00edas Internas de AS9100D"},"content":{"rendered":"\t\t<div data-elementor-type=\"wp-page\" data-elementor-id=\"1104\" class=\"elementor elementor-1104\" data-elementor-post-type=\"page\">\n\t\t\t\t\t\t<section class=\"elementor-section elementor-top-section elementor-element elementor-element-1d44cde0 elementor-section-boxed elementor-section-height-default elementor-section-height-default\" data-id=\"1d44cde0\" data-element_type=\"section\" data-e-type=\"section\">\n\t\t\t\t\t\t<div class=\"elementor-container elementor-column-gap-default\">\n\t\t\t\t\t<div class=\"elementor-column elementor-col-50 elementor-top-column elementor-element elementor-element-28d2c2c7\" data-id=\"28d2c2c7\" data-element_type=\"column\" data-e-type=\"column\">\n\t\t\t<div class=\"elementor-widget-wrap elementor-element-populated\">\n\t\t\t\t\t\t<div class=\"elementor-element elementor-element-4ee38cb2 elementor-widget elementor-widget-product-meta\" data-id=\"4ee38cb2\" data-element_type=\"widget\" data-e-type=\"widget\" data-widget_type=\"product-meta.default\">\n\t\t\t\t<div class=\"elementor-widget-container\">\n\t\t\t\t\t        <div class=\"meta\">\n                  <div class=\"tags\">AS9100\/9110\/9120&nbsp;&bull;&nbsp;Formaci\u00f3n a Distancia<\/div>\n              <\/div>\n     \t\t\t\t<\/div>\n\t\t\t\t<\/div>\n\t\t\t\t<div class=\"elementor-element elementor-element-2c08b6c3 elementor-widget elementor-widget-theme-post-title elementor-page-title elementor-widget-heading\" data-id=\"2c08b6c3\" data-element_type=\"widget\" data-e-type=\"widget\" data-widget_type=\"theme-post-title.default\">\n\t\t\t\t<div class=\"elementor-widget-container\">\n\t\t\t\t\t<h3 class=\"elementor-heading-title elementor-size-default\">Fundamentos de Auditor\u00edas Internas de AS9100D<\/h3>\t\t\t\t<\/div>\n\t\t\t\t<\/div>\n\t\t\t\t<div class=\"elementor-element elementor-element-500d6af6 elementor-widget elementor-widget-text-editor\" data-id=\"500d6af6\" data-element_type=\"widget\" data-e-type=\"widget\" data-widget_type=\"text-editor.default\">\n\t\t\t\t<div class=\"elementor-widget-container\">\n\t\t\t\t\t\t\t\t\t<p><span style=\"font-weight: 400;\">El prop\u00f3sito de este curso de formaci\u00f3n a distancia es proporcionar los conocimientos necesarios para<\/span> <span style=\"font-weight: 400;\">realizar auditor\u00edas basadas en los requisitos de la Norma AS9100D (incluida la Norma ISO 9001:2015) y en<\/span> <span style=\"font-weight: 400;\">la orientaci\u00f3n incluida en la Norma ISO 19011:2018.<\/span><span style=\"font-weight: 400;\">\u00a0<\/span><\/p><p><span style=\"font-weight: 400;\">Los resultados de las auditor\u00edas que realice la organizaci\u00f3n pueden proporcionar entradas para las <\/span><span style=\"font-weight: 400;\">actividades de planificaci\u00f3n del negocio, y pueden contribuir a la identificaci\u00f3n de necesidades y<\/span> <span style=\"font-weight: 400;\">actividades de mejora durante los procesos de revisi\u00f3n por la direcci\u00f3n.<\/span><span style=\"font-weight: 400;\">\u00a0<\/span><\/p>\t\t\t\t\t\t\t\t<\/div>\n\t\t\t\t<\/div>\n\t\t\t\t\t<\/div>\n\t\t<\/div>\n\t\t\t\t<div class=\"elementor-column elementor-col-50 elementor-top-column elementor-element elementor-element-c5b483b\" data-id=\"c5b483b\" data-element_type=\"column\" data-e-type=\"column\">\n\t\t\t<div class=\"elementor-widget-wrap elementor-element-populated\">\n\t\t\t\t\t\t<div class=\"elementor-element elementor-element-6618f1f elementor-widget elementor-widget-purchase-widget\" data-id=\"6618f1f\" data-element_type=\"widget\" data-e-type=\"widget\" data-widget_type=\"purchase-widget.default\">\n\t\t\t\t<div class=\"elementor-widget-container\">\n\t\t\t\t\t\n<div id=\"purchase_widget_107\" class=\"product-purchase-options\">\n\t<div class=\"intro-header\">\n    \t\t<h3>Entrenamientos a Distancia<\/h3>\n\t\t<p><\/p>\n\t<\/div>\n\n    <div id=\"div-add-product\" class=\"d-block text-center\">\n    <img decoding=\"async\" src=\"https:\/\/plexusintl.com\/mx\/wp-content\/themes\/plexus-theme\/images\/Purchase-Widget.svg\" width=\"50px\" alt=\"Loading\" \/>     \n  <\/div>\n    <form method=\"post\" id=\"add-product\" class=\"add-product d-none\">\n      <div class=\"options\">\n        <div class=\"form-group d-block\"><script type=\"text\/javascript\"> $('.product-purchase-options .intro-header').removeAttr(\"style\"); <\/script>          <div class=\"radio\">\n            <label>\n              <input type=\"radio\" name=\"delivery_type_lvw\" value=\"e-learning\" checked onchange=\"$('#corporate_licensing_107').css('display', 'none');$('#member_pricing_107').css('display', 'none');$('#single_user_access_107').css('display', 'block');\"> Abiertos<\/label>\n          <\/div>\n          <div class=\"radio d-block\">\n            <label>\n              <input type=\"radio\" name=\"delivery_type_lvw\" value=\"on-site-training\" onchange=\"$('#single_user_access_107').css('display', 'none');$('#member_pricing_107').css('display', 'none');$('#corporate_licensing_107').css('display', 'block');\"> Sesi\u00f3n privada (solo para mi organizaci\u00f3n<\/label>\n          <\/div>\n          <div class=\"radio d-none\">\n            <label>\n              <input type=\"radio\" name=\"delivery_type_lvw\" value=\"member-pricing\" onchange=\"$('#single_user_access_107').css('display', 'none');$('#corporate_licensing_107').css('display', 'none');$('#member_pricing_107').css('display', 'block');\"> Precio Miembro AIAG<\/label>\n          <\/div>\n        <\/div>      <div class=\"purchase-actions\" id=\"single_user_access_107\">\n        <div class=\"open-enrollment actions d-block\">\n                          <div class=\"form-group d-block\">\n                  <label for=\"open-enrollment-session\">Fechas disponibles<\/label>\n                                      <p>No se encontraron sesiones disponibles<\/p>\n                                    <\/div>\n                          <div class=\"session-detail d-none\">\n              <div class=\"price-wrapper \">\n                <div class=\"price-label\">A partir de:<\/div>\n                                    \n                  <div class=\"price\" id=\"e-learning-price\">\n                    <span id=\"priceFigure\">11900.00<\/span>&nbsp;MXN            \n                  <\/div>\n                                    <div id=\"purchase-error\"><\/div>\n                  <input type=\"hidden\" name=\"product_id\" value=\"385fac00-6d4a-11eb-aa89-0ae8b9885edd\">\n              <\/div>\n              <button type=\"submit\" class=\"blue-button register-button\" style=\"display:block;\">Registrarse<\/button>\n            <\/div>\t\t\t\t\n        <\/div> \n      <\/div>\n      \n      <div class=\"purchase-actions\" id=\"corporate_licensing_107\" style=\"display:none;\">\n        <div class=\"on-site-training actions\" style=\"display: block;\">\n          <a href=\"http:\/\/plexusintl.com\/mx\/solicite-una-cotizacion\/?course_requested=Formaci%C3%B3n+AD+-+Auditor%C3%ADas+Internas+-+AS+9100+-+formacin-ad-auditoras-internas-as-9100\" title=\"Solicite una cotizaci\u00f3n\" class=\"blue-button\">Solicite una cotizaci\u00f3n<\/a>\n        <\/div>\n      <\/div>\n\n      <div class=\"purchase-actions\" id=\"member_pricing_107\" style=\"display:none;\">\n        <div class=\"on-site-training actions\" style=\"display: block;\">\n          <a href=\"http:\/\/plexusintl.com\/request-quote?course_requested=Formaci%C3%B3n+AD+-+Auditor%C3%ADas+Internas+-+AS+9100+-+formacin-ad-auditoras-internas-as-9100Solicitar+una+Cotizaci%C3%B3n\" title=\"Solicitar una Cotizaci\u00f3n\" class=\"blue-button\">Solicitar una Cotizaci\u00f3n<\/a>\n        <\/div>\n      <\/div>\n      <div style=\"display:none;\">\n         \n      <\/div>\n    <\/form>  \n  <\/div>\n<script type=\"text\/javascript\">\n\t$(document).ready(function() { \n\t\t$('#purchase_widget_107 input[name=delivery_type]').change(function(){\t\n      $('#purchase_widget_107 .purchase-actions .actions').hide();\t\t\n\t\t\t$('#purchase_widget_107 .purchase-actions .actions.'+$('input[name=delivery_type]:checked').val()).slideDown();\n    });\n    \n    var hiddenBox = $(\"#purchase_widget_107 #open-enrollment-single-session-location\")[0];\n    if(hiddenBox != null && hiddenBox.value !== \"\"){\n      $('#purchase_widget_107 #location p').html(hiddenBox.value);        \n      $('#purchase_widget_107 .session-detail').slideDown();\n      $('#purchase_widget_107 .session-detail').removeClass('d-none');\n      $('#purchase_widget_107 .session-detail').addClass('d-block');\n    }\n    else {      \n      $('#purchase_widget_107 .session-detail').removeClass('d-block');\n      $('#purchase_widget_107 .session-detail').addClass('d-none');\n    }\n\n\t\t$('#purchase_widget_107 #open-enrollment-session').change(function(){\n\t\t\tif($(this).val() != '') {\n\t\t\t\tvar option = $(this).find('option:selected');\n\n\t\t\t\t$('#purchase_widget_107 #location p').html($(option).data('location'));\n        $('#purchase_widget_107 #open-enrollment-session-value').val($(option).data('id'));\n      \n        $('#purchase_widget_107 .session-detail').slideDown();\n        $('#purchase_widget_107 .session-detail').removeClass('d-none');\n        $('#purchase_widget_107 .session-detail').addClass('d-block');\n\t\t\t} else {        \n        $('#purchase_widget_107 .session-detail').removeClass('d-block');\n        $('#purchase_widget_107 .session-detail').addClass('d-none');\n\t\t\t}\n    });\n    var priceFigure = $('#purchase_widget_107 #priceFigure')[0];\n    if (priceFigure != null)\n      priceFigure.innerHTML = formatCurrency(priceFigure.innerHTML);\n    \n      $('#purchase_widget_107 #div-add-product').removeClass('d-block');\n      $('#purchase_widget_107 #div-add-product').addClass('d-none');\n      $('#purchase_widget_107 #add-product').removeClass('d-none');\n      $('#purchase_widget_107 #add-product').addClass('d-block');\n  });\n  $('#purchase_widget_107 .add-product').submit(function(e){\n    e.preventDefault();    \n    var productId = $(this).find('input[name=\"product_id\"]').val();\n          var selectBox = $(\"#purchase_widget_107 #open-enrollment-session\")[0];\n      var hiddenBox1 = $(\"#purchase_widget_107 #open-enrollment-session-value\")[0];\n      var hiddenBox2 = $(\"#purchase_widget_107 #open-enrollment-single-session\")[0];\n      if(selectBox != null){\n        var sessionId = hiddenBox1.value;\n        if(selectBox.value === \"\"){\n          alert(\"Session is required.\");\n        }\n        else if(selectBox.value.substring(0, 4) == 'http') {\n          window.dataLayer = window.dataLayer || [];\n          window.dataLayer.push({ event: 'outbound_link_click', link_url: hiddenBox1.value });\n          window.open(hiddenBox1.value);\n        } \n        else {          \n          addEnrollmentProductToCart(productId, sessionId);\n        }\n      }\n      else if(hiddenBox2 != null && hiddenBox2.value !== \"\"){\n        var sessionId = hiddenBox2.value;\n        if(hiddenBox2.value.substring(0, 4) == 'http'){\n          window.dataLayer = window.dataLayer || [];\n          window.dataLayer.push({ event: 'outbound_link_click', link_url: hiddenBox2.value });\n          window.open(hiddenBox2.value);\n        }\n        else{\n          addEnrollmentProductToCart(productId, sessionId);\n        }\n      }\n      else{\n        addProductToCart(productId);\n      }\n    \n  });\n  <\/script>\n    \t\t\t\t<\/div>\n\t\t\t\t<\/div>\n\t\t\t\t\t<\/div>\n\t\t<\/div>\n\t\t\t\t\t<\/div>\n\t\t<\/section>\n\t\t\t\t<section class=\"elementor-section elementor-top-section elementor-element elementor-element-801ac21 elementor-section-boxed elementor-section-height-default elementor-section-height-default\" data-id=\"801ac21\" data-element_type=\"section\" data-e-type=\"section\">\n\t\t\t\t\t\t<div class=\"elementor-container elementor-column-gap-default\">\n\t\t\t\t\t<div class=\"elementor-column elementor-col-100 elementor-top-column elementor-element elementor-element-a030ba2\" data-id=\"a030ba2\" data-element_type=\"column\" data-e-type=\"column\">\n\t\t\t<div class=\"elementor-widget-wrap elementor-element-populated\">\n\t\t\t\t\t\t<div class=\"elementor-element elementor-element-d6cf99e elementor-widget elementor-widget-quick-tabs-block\" data-id=\"d6cf99e\" data-element_type=\"widget\" data-e-type=\"widget\" data-widget_type=\"quick-tabs-block.default\">\n\t\t\t\t<div class=\"elementor-widget-container\">\n\t\t\t\t\t        <H4 data-tab-title=\"Detalles de entrenamiento\" class=\"simpleTabsOpen\">Detalles de entrenamiento<\/H4>\r\n                          <div class=\"row product-tabs-content\">\r\n                  <div class=\"col-3\">\r\n                    <p style=\"color:black\"><strong>Duraci\u00f3n<\/strong><\/p>\r\n                  <\/div>\r\n                  <div class=\"col-9\">\r\n                    <p>5 d\u00edas - en m\u00f3dulos de 4 horas por d\u00eda<\/p>                  <\/div>\r\n                <\/div>\r\n                                <hr\/>\r\n                  <br \/>\r\n                                <div class=\"row product-tabs-content\">\r\n                  <div class=\"col-3\">\r\n                    <p style=\"color:black\"><strong>Requisitos Previos<\/strong><\/p>\r\n                  <\/div>\r\n                  <div class=\"col-9\">\r\n                    <p>Ninguno<\/p>                  <\/div>\r\n                <\/div>\r\n              \r\n        <div data-tab-title=\"\" class=\"simpleTabsClose\"><\/div>\r\n              <H4 data-tab-title=\"Objetivos de Aprendizaje\" class=\"simpleTabsOpen\">Objetivos de Aprendizaje<\/H4>\r\n                      <ul><li><span style=\"font-weight: 400;\">Entender los conceptos clave de un SGC y los principios de la gesti\u00f3n de la calidad. <\/span><\/li><li><span style=\"font-weight: 400;\">E<\/span><span style=\"font-weight: 400;\">ntender el enfoque a procesos y el pensamiento basado en riesgos<\/span><\/li><li>Entender los requisitos de la Norma AS9100D, incluyendo los requisitos de a Norma ISO 9001:2015<span>Entender la vinculaci\u00f3n entre el SGC, los principios de la calidad, el enfoque a procesos que<\/span> <span>incorpora el ciclo PHVA, y el pensamiento basado en riesgos con los requisitos de la Norma<\/span><span> AS9100D. <\/span><\/li><li>Entender la relaci\u00f3n entre los principios de auditor\u00eda y la competencia de un auditor, incluidas las<span> habilidades de comunicaci\u00f3n pertinentes. <\/span><\/li><li>Entender el valor que una gesti\u00f3n del programa de auditor\u00edas proporciona al SGC.<\/li><li>Entender e implementar buenas pr\u00e1cticas para la preparaci\u00f3n, realizaci\u00f3n y finalizaci\u00f3n de una <span>auditor\u00eda, incluyendo la redacci\u00f3n de los hallazgos de la auditor\u00eda.<\/span><\/li><\/ul>          \r\n        <div data-tab-title=\"\" class=\"simpleTabsClose\"><\/div>\r\n              <H4 data-tab-title=\"A qui\u00e9n va dirigido\" class=\"simpleTabsOpen\">A qui\u00e9n va dirigido<\/H4>\r\n                      <ul><li><span style=\"font-weight: 400;\">Personal de la organizaci\u00f3n que necesite aprender acerca del proceso de auditor\u00eda interna de<\/span> <span style=\"font-weight: 400;\">acuerdo a las directrices de la Norma ISO 19011:2018.<\/span><\/li><li><span>Miembros del equipo de implementaci\u00f3n y mantenimiento del SGC basado en la Norma AS9100D.<\/span><\/li><li><span>Auditores Internos del SGC que necesitan reforzar su conocimiento de las Normas AS9100D e<\/span> <span>ISO 19011:2018.<\/span><\/li><li><span style=\"font-weight: 400;\"> Auditores internos de otros sistemas de gesti\u00f3n que empezar\u00e1n a realizar auditor\u00edas basadas en<\/span> <span style=\"font-weight: 400;\">la Norma AS9100D.<\/span><\/li><\/ul>          \r\n        <div data-tab-title=\"\" class=\"simpleTabsClose\"><\/div>\r\n              <H4 data-tab-title=\"Agenda\" class=\"simpleTabsOpen\">Agenda<\/H4>\r\n                      <p><b>M\u00f3dulo <\/b><b>1 (4 horas)\u00a0<\/b><\/p><ul><li><span style=\"font-weight: 400;\"> Parte 1 Fundamentos de un sistema de gesti\u00f3n de la calidad.\u00a0<\/span><\/li><li><span style=\"font-weight: 400;\"> Parte 2 - Enfoque a procesos, que incorpora el ciclo PHVA y el pensamiento basado en riesgos. <\/span><b>M\u00f3dulo <\/b><b>2 (4 horas)\u00a0<\/b><\/li><li><span style=\"font-weight: 400;\"> Parte 2 - Enfoque a procesos, que incorpora el ciclo PHVA y el pensamiento basado en riesgos<\/span> <span style=\"font-weight: 400;\">(continuaci\u00f3n)<\/span><\/li><li><span style=\"font-weight: 400;\"> Parte 3 - Comprensi\u00f3n de la Norma AS9100D.\u00a0<\/span><\/li><\/ul><p><b>M\u00f3dulo <\/b><b>3 (4 horas)\u00a0<\/b><\/p><ul><li><span style=\"font-weight: 400;\"> Comprensi\u00f3n de la Norma ISO AS9100D (continuaci\u00f3n).\u00a0<\/span><\/li><li><span style=\"font-weight: 400;\"> Posibles estrategias para la implementaci\u00f3n o mejora del SGC.\u00a0<\/span><\/li><\/ul><p><b>M\u00f3dulo 4 (4 horas)\u00a0<\/b><\/p><ul><li><span style=\"font-weight: 400;\"> Unidad 4 - Orientaci\u00f3n para gestionar las auditor\u00edas.\u00a0<\/span><\/li><li><span style=\"font-weight: 400;\"> Principios de auditor\u00eda.\u00a0<\/span><\/li><li><span style=\"font-weight: 400;\"> Competencia de los auditores.\u00a0<\/span><\/li><li><span style=\"font-weight: 400;\"> Habilidades de comunicaci\u00f3n.\u00a0<\/span><\/li><li><span style=\"font-weight: 400;\"> Gesti\u00f3n del programa de auditor\u00edas.\u00a0<\/span><\/li><li><span style=\"font-weight: 400;\"> Inicio de la auditor\u00eda.\u00a0<\/span><\/li><\/ul><p><b>M\u00f3dulo 5 (4 horas)\u00a0<\/b><\/p><ul><li><span style=\"font-weight: 400;\"> Unidad 4 - Orientaci\u00f3n para gestionar las auditor\u00edas.\u00a0<\/span><\/li><li><span style=\"font-weight: 400;\"> Preparaci\u00f3n de la auditor\u00eda.\u00a0<\/span><\/li><li><span style=\"font-weight: 400;\"> Realizaci\u00f3n de la auditor\u00eda.\u00a0<\/span><\/li><li><span style=\"font-weight: 400;\"> Despu\u00e9s de la auditor\u00eda.\u00a0<\/span><\/li><li><span style=\"font-weight: 400;\"> Ejercicio de aplicaci\u00f3n (caso de estudio)\u00a0<\/span><\/li><\/ul>          \r\n        <div data-tab-title=\"\" class=\"simpleTabsClose\"><\/div>\r\n      \t\t\t\t<\/div>\n\t\t\t\t<\/div>\n\t\t\t\t\t<\/div>\n\t\t<\/div>\n\t\t\t\t\t<\/div>\n\t\t<\/section>\n\t\t\t\t<section class=\"elementor-section elementor-top-section elementor-element elementor-element-da54eb2 elementor-section-boxed elementor-section-height-default elementor-section-height-default\" data-id=\"da54eb2\" data-element_type=\"section\" data-e-type=\"section\">\n\t\t\t\t\t\t<div class=\"elementor-container elementor-column-gap-default\">\n\t\t\t\t\t<div class=\"elementor-column elementor-col-100 elementor-top-column elementor-element elementor-element-89f5448\" data-id=\"89f5448\" data-element_type=\"column\" data-e-type=\"column\">\n\t\t\t<div class=\"elementor-widget-wrap elementor-element-populated\">\n\t\t\t\t\t\t<div class=\"elementor-element elementor-element-560c878 elementor-widget elementor-widget-related-content-block\" data-id=\"560c878\" data-element_type=\"widget\" data-e-type=\"widget\" data-widget_type=\"related-content-block.default\">\n\t\t\t\t<div class=\"elementor-widget-container\">\n\t\t\t\t\t    \r\n      <div class=\"row\">\r\n          <div class=\"col\">\r\n              <div class=\"related-content\">\r\n                  <h2 >Tambi\u00e9n podr\u00eda interesarle:<\/h2>\r\n\r\n                  <div class=\"row\">\r\n                      <div class=\"col-12 col-md-4 mb-3\">\r\n                          <div class=\"page page-1\">\r\n                              <div class=\"content-type\"><\/div>\r\n                              <div class=\"content-title\"><a href=\"https:\/\/plexusintl.com\/mx\/catalogo\/fundamentos-de-as9100d\/\" class=\"cta\" >Fundamentos de AS9100D<\/a><\/div>\r\n                              <div class=\"content-description\"><p >El prop\u00f3sito de este curso de formaci\u00f3n a distancia es desarrollar en los participantes un entendimiento de los requisitos de la Norma AS9100D, y sus conceptos fundamentales, como son los principios de la gesti\u00f3n de la calidad, el enfoque a procesos y el pensamiento basado en riesgos.<\/p><\/div>\r\n                          <\/div>\r\n                      <\/div>\r\n                      <div class=\"col-12 col-md-4 mb-3\">\r\n                          <div class=\"page page-2\">\r\n                              <div class=\"content-type\"><\/div>\r\n                              <div class=\"content-title\"><a href=\"https:\/\/plexusintl.com\/mx\/industria-aeroespacial-y-de-defensa\/as9100-gap-tool\/\" class=\"cta\" >Mejora continua de su Sistema de Gesti\u00f3n de Calidad AS9100D<\/a><\/div>\r\n                              <div class=\"content-description\"><p >Un SGC saludable y eficaz es aquel que mejora continuamente. La herramienta de an\u00e1lisis de brechas AS9100D lo ayuda no solo a identificar las \u00e1reas de su SGC actual que no cumplen con los requisitos de AS9100D, sino que tambi\u00e9n le permite medir el nivel de complejidad al realizar los ajustes necesarios para cumplir con el est\u00e1ndar.<\/p><\/div>\r\n                          <\/div>\r\n                      <\/div>\r\n                      <div class=\"col-xs-12 col-md-4 mb-3\">\r\n                          <div class=\"page page-3\">\r\n                              <div class=\"content-type\"><\/div>\r\n                              <div class=\"content-title\"><a href=\"https:\/\/plexusintl.com\/mx\/blog\/as9100d-requisitos-para-la-informacion-documentada\/\" class=\"cta\" >AS9100D: Requisitos para la informaci\u00f3n documentada<\/a><\/div>\r\n                              <div class=\"content-description\"><p >AS9100D: Requisitos para la informaci\u00f3n documentada El t\u00e9rmino \u201cinformaci\u00f3n documentada\u201d se introdujo para reemplazar \u201cdocumento, procedimientos documentados y registros necesarios\u201d; sin embargo, sigue siendo importante distinguir entre documentos y registros, que son muy importantes en la industria de la aviaci\u00f3n, el espacio y la defensa.<\/p><\/div>\r\n                          <\/div>\r\n                      <\/div>\r\n                  <\/div>\r\n              <\/div>\r\n          <\/div>\r\n      <\/div>\r\n    \t\t\t\t<\/div>\n\t\t\t\t<\/div>\n\t\t\t\t\t<\/div>\n\t\t<\/div>\n\t\t\t\t\t<\/div>\n\t\t<\/section>\n\t\t\t\t<\/div>\n\t\t","protected":false},"excerpt":{"rendered":"<p>AS9100\/9110\/9120&nbsp;&bull;&nbsp;Formaci\u00f3n a Distancia El prop\u00f3sito de este curso de formaci\u00f3n a distancia es proporcionar los conocimientos necesarios para realizar auditor\u00edas basadas en los requisitos de la Norma AS9100D (incluida la Norma ISO 9001:2015) y en la orientaci\u00f3n incluida en la Norma ISO 19011:2018.\u00a0 Los resultados de las auditor\u00edas que realice la organizaci\u00f3n pueden proporcionar entradas&#8230;<\/p>\n","protected":false},"author":1,"featured_media":0,"parent":87,"menu_order":63,"comment_status":"closed","ping_status":"closed","template":"","meta":{"footnotes":"","_wp_rev_ctl_limit":""},"class_list":["post-1104","page","type-page","status-publish","hentry"],"_links":{"self":[{"href":"https:\/\/plexusintl.com\/mx\/wp-json\/wp\/v2\/pages\/1104","targetHints":{"allow":["GET"]}}],"collection":[{"href":"https:\/\/plexusintl.com\/mx\/wp-json\/wp\/v2\/pages"}],"about":[{"href":"https:\/\/plexusintl.com\/mx\/wp-json\/wp\/v2\/types\/page"}],"author":[{"embeddable":true,"href":"https:\/\/plexusintl.com\/mx\/wp-json\/wp\/v2\/users\/1"}],"replies":[{"embeddable":true,"href":"https:\/\/plexusintl.com\/mx\/wp-json\/wp\/v2\/comments?post=1104"}],"version-history":[{"count":21,"href":"https:\/\/plexusintl.com\/mx\/wp-json\/wp\/v2\/pages\/1104\/revisions"}],"predecessor-version":[{"id":6850,"href":"https:\/\/plexusintl.com\/mx\/wp-json\/wp\/v2\/pages\/1104\/revisions\/6850"}],"up":[{"embeddable":true,"href":"https:\/\/plexusintl.com\/mx\/wp-json\/wp\/v2\/pages\/87"}],"wp:attachment":[{"href":"https:\/\/plexusintl.com\/mx\/wp-json\/wp\/v2\/media?parent=1104"}],"curies":[{"name":"wp","href":"https:\/\/api.w.org\/{rel}","templated":true}]}}