{"id":111,"date":"2020-06-23T00:34:25","date_gmt":"2020-06-23T05:34:25","guid":{"rendered":"https:\/\/plexusintl.com\/?page_id=111"},"modified":"2021-12-13T15:22:31","modified_gmt":"2021-12-13T20:22:31","slug":"sistemas-de-gestion-de-la-calidad","status":"publish","type":"page","link":"https:\/\/plexusintl.com\/mx\/competencias\/sistemas-de-gestion-de-la-calidad\/","title":{"rendered":"Sistemas de Gesti\u00f3n de la Calidad"},"content":{"rendered":"\t\t<div data-elementor-type=\"wp-page\" data-elementor-id=\"111\" class=\"elementor elementor-111\" data-elementor-post-type=\"page\">\n\t\t\t\t\t\t<section class=\"elementor-section elementor-top-section elementor-element elementor-element-024b33c elementor-section-full_width elementor-section-height-default elementor-section-height-default\" data-id=\"024b33c\" data-element_type=\"section\" data-e-type=\"section\">\n\t\t\t\t\t\t<div class=\"elementor-container elementor-column-gap-default\">\n\t\t\t\t\t<div class=\"elementor-column elementor-col-100 elementor-top-column elementor-element elementor-element-ed10df3\" data-id=\"ed10df3\" data-element_type=\"column\" data-e-type=\"column\">\n\t\t\t<div class=\"elementor-widget-wrap elementor-element-populated\">\n\t\t\t\t\t\t<div class=\"elementor-element elementor-element-e001ae1 elementor-widget elementor-widget-generic-hero-block\" data-id=\"e001ae1\" data-element_type=\"widget\" data-e-type=\"widget\" data-widget_type=\"generic-hero-block.default\">\n\t\t\t\t<div class=\"elementor-widget-container\">\n\t\t\t\t\t    <div class=\"hero\" style=\"background-image: url(https:\/\/plexusintl.com\/wp-content\/uploads\/2020\/07\/iso-9001-quality-management-system.png);\">\r\n        <div class=\"container\">\r\n            <div class=\"row\">\r\n                <div class=\"col-xs-12 col-sm-9\">\r\n                    <p class=\"header\">Sistemas de Gesti\u00f3n de la Calidad<\/p>\r\n                <\/div>\r\n            <\/div>\r\n        <\/div>\r\n    <\/div>    \r\n    \t\t\t\t<\/div>\n\t\t\t\t<\/div>\n\t\t\t\t\t<\/div>\n\t\t<\/div>\n\t\t\t\t\t<\/div>\n\t\t<\/section>\n\t\t\t\t<section class=\"elementor-section elementor-top-section elementor-element elementor-element-40c2076 elementor-section-boxed elementor-section-height-default elementor-section-height-default\" data-id=\"40c2076\" data-element_type=\"section\" data-e-type=\"section\">\n\t\t\t\t\t\t<div class=\"elementor-container elementor-column-gap-default\">\n\t\t\t\t\t<div class=\"elementor-column elementor-col-100 elementor-top-column elementor-element elementor-element-8ec77ad\" data-id=\"8ec77ad\" data-element_type=\"column\" data-e-type=\"column\">\n\t\t\t<div class=\"elementor-widget-wrap\">\n\t\t\t\t\t\t\t<\/div>\n\t\t<\/div>\n\t\t\t\t\t<\/div>\n\t\t<\/section>\n\t\t\t\t<section class=\"elementor-section elementor-top-section elementor-element elementor-element-8ba86d5 elementor-section-full_width elementor-section-height-default elementor-section-height-default\" data-id=\"8ba86d5\" data-element_type=\"section\" data-e-type=\"section\">\n\t\t\t\t\t\t<div class=\"elementor-container elementor-column-gap-default\">\n\t\t\t\t\t<div class=\"elementor-column elementor-col-100 elementor-top-column elementor-element elementor-element-a89810c\" data-id=\"a89810c\" data-element_type=\"column\" data-e-type=\"column\">\n\t\t\t<div class=\"elementor-widget-wrap elementor-element-populated\">\n\t\t\t\t\t\t<div class=\"elementor-element elementor-element-71b64d7 elementor-widget-divider--view-line elementor-widget elementor-widget-divider\" data-id=\"71b64d7\" data-element_type=\"widget\" data-e-type=\"widget\" data-widget_type=\"divider.default\">\n\t\t\t\t<div class=\"elementor-widget-container\">\n\t\t\t\t\t\t\t<div class=\"elementor-divider\">\n\t\t\t<span class=\"elementor-divider-separator\">\n\t\t\t\t\t\t<\/span>\n\t\t<\/div>\n\t\t\t\t\t\t<\/div>\n\t\t\t\t<\/div>\n\t\t\t\t\t<\/div>\n\t\t<\/div>\n\t\t\t\t\t<\/div>\n\t\t<\/section>\n\t\t\t\t<section class=\"elementor-section elementor-top-section elementor-element elementor-element-60d6b02 elementor-section-boxed elementor-section-height-default elementor-section-height-default\" data-id=\"60d6b02\" data-element_type=\"section\" data-e-type=\"section\">\n\t\t\t\t\t\t<div class=\"elementor-container elementor-column-gap-default\">\n\t\t\t\t\t<div class=\"elementor-column elementor-col-100 elementor-top-column elementor-element elementor-element-15ee2f2\" data-id=\"15ee2f2\" data-element_type=\"column\" data-e-type=\"column\">\n\t\t\t<div class=\"elementor-widget-wrap elementor-element-populated\">\n\t\t\t\t\t\t<div class=\"elementor-element elementor-element-da99b49 elementor-widget elementor-widget-text-editor\" data-id=\"da99b49\" data-element_type=\"widget\" data-e-type=\"widget\" data-widget_type=\"text-editor.default\">\n\t\t\t\t<div class=\"elementor-widget-container\">\n\t\t\t\t\t\t\t\t\t<h3>Las \u00e1reas en las que somos expertos<\/h3>\t\t\t\t\t\t\t\t<\/div>\n\t\t\t\t<\/div>\n\t\t\t\t<div class=\"elementor-element elementor-element-beb78ec elementor-widget elementor-widget-home-page-carousel-2\" data-id=\"beb78ec\" data-element_type=\"widget\" data-e-type=\"widget\" data-widget_type=\"home-page-carousel-2.default\">\n\t\t\t\t<div class=\"elementor-widget-container\">\n\t\t\t\t\t            <div class=\"homepage-feature-carousel\">\n              <div class=\"swiper swiper-container\">\n                <div class=\"swiper-wrapper\">\n                                          <div class=\"swiper-slide\">\n                            <p>\n                                                          <a href=\"\/mx\/catalogo?_product_topics=ISO 9001:2015\" >\n                                <img decoding=\"async\" src=\"https:\/\/mx-wp-cdn.plexusintl.com\/wp-content\/uploads\/2020\/07\/14132303\/quality-management-systems.png\" \/>\n                              <\/a>\n                                                        <\/p>\n                                                            <p class=\"feature-title\">\n                                                                          <a href=\"\/mx\/catalogo?_product_topics=ISO 9001:2015\" class=\"cta\" >Entrenamiento en ISO 9001:2015 SGC<\/a>\n                                                                      <\/p>\n                                                        <p>Capacitaci\u00f3n que abarca temas para auditores l\u00edderes, auditores internos, miembros del equipo de implementaci\u00f3n, alta direcci\u00f3n y m\u00e1s.<\/p>                        <\/div>\n                                                <div class=\"swiper-slide\">\n                            <p>\n                                                          <a href=\"\/mx\/competencias\/automotriz\/\" >\n                                <img decoding=\"async\" src=\"https:\/\/mx-wp-cdn.plexusintl.com\/wp-content\/uploads\/2020\/07\/14132303\/iatf-16949-qulaity-management-system.png\" \/>\n                              <\/a>\n                                                        <\/p>\n                                                            <p class=\"feature-title\">\n                                                                          <a href=\"\/mx\/competencias\/automotriz\/\" class=\"cta\" >Soluciones integrales para organizaciones automotrices<\/a>\n                                                                      <\/p>\n                                                        <p>Explore soluciones para satisfacer la necesidad de su organizaci\u00f3n de IATF 16949, resoluci\u00f3n de problemas y prueba de errores, GD&amp;T y m\u00e1s.<\/p>                        <\/div>\n                                                <div class=\"swiper-slide\">\n                            <p>\n                                                          <a href=\"\/mx\/competencias\/industria-aeroespacial-y-de-defensa\/\" >\n                                <img decoding=\"async\" src=\"https:\/\/mx-wp-cdn.plexusintl.com\/wp-content\/uploads\/2020\/07\/14132303\/as9100-quality-management-system.png\" \/>\n                              <\/a>\n                                                        <\/p>\n                                                            <p class=\"feature-title\">\n                                                                          <a href=\"\/mx\/competencias\/industria-aeroespacial-y-de-defensa\/\" class=\"cta\" >Soluciones integrales para organizaciones aeroespaciales<\/a>\n                                                                      <\/p>\n                                                        <p>Explore soluciones para implementar, auditar y mejorar sus sistemas de gesti\u00f3n de calidad AS9100, AS9110 y AS9120.<\/p>                        <\/div>\n                                          \n                <\/div>                \n              <\/div>\n              <div class=\"swiper-button-prev\" style=\"left:-20px\"><\/div>\n              <div class=\"swiper-button-next\" style=\"right:-15px\"><\/div>\n            <\/div>\n          \t\t\t\t<\/div>\n\t\t\t\t<\/div>\n\t\t\t\t\t<\/div>\n\t\t<\/div>\n\t\t\t\t\t<\/div>\n\t\t<\/section>\n\t\t\t\t<section class=\"elementor-section elementor-top-section elementor-element elementor-element-b3887a5 elementor-section-full_width elementor-section-height-default elementor-section-height-default\" data-id=\"b3887a5\" data-element_type=\"section\" data-e-type=\"section\">\n\t\t\t\t\t\t<div class=\"elementor-container elementor-column-gap-default\">\n\t\t\t\t\t<div class=\"elementor-column elementor-col-100 elementor-top-column elementor-element elementor-element-f0a0f20\" data-id=\"f0a0f20\" data-element_type=\"column\" data-e-type=\"column\">\n\t\t\t<div class=\"elementor-widget-wrap elementor-element-populated\">\n\t\t\t\t\t\t<div class=\"elementor-element elementor-element-41e58c7 elementor-widget-divider--view-line elementor-widget elementor-widget-divider\" data-id=\"41e58c7\" data-element_type=\"widget\" data-e-type=\"widget\" data-widget_type=\"divider.default\">\n\t\t\t\t<div class=\"elementor-widget-container\">\n\t\t\t\t\t\t\t<div class=\"elementor-divider\">\n\t\t\t<span class=\"elementor-divider-separator\">\n\t\t\t\t\t\t<\/span>\n\t\t<\/div>\n\t\t\t\t\t\t<\/div>\n\t\t\t\t<\/div>\n\t\t\t\t\t<\/div>\n\t\t<\/div>\n\t\t\t\t\t<\/div>\n\t\t<\/section>\n\t\t\t\t<section class=\"elementor-section elementor-top-section elementor-element elementor-element-a41c2f1 elementor-section-boxed elementor-section-height-default elementor-section-height-default\" data-id=\"a41c2f1\" data-element_type=\"section\" data-e-type=\"section\">\n\t\t\t\t\t\t<div class=\"elementor-container elementor-column-gap-default\">\n\t\t\t\t\t<div class=\"elementor-column elementor-col-100 elementor-top-column elementor-element elementor-element-4b12396\" data-id=\"4b12396\" data-element_type=\"column\" data-e-type=\"column\">\n\t\t\t<div class=\"elementor-widget-wrap elementor-element-populated\">\n\t\t\t\t\t\t<div class=\"elementor-element elementor-element-149617f elementor-widget elementor-widget-text-editor\" data-id=\"149617f\" data-element_type=\"widget\" data-e-type=\"widget\" data-widget_type=\"text-editor.default\">\n\t\t\t\t<div class=\"elementor-widget-container\">\n\t\t\t\t\t\t\t\t\t<h2 class=\"lead-text\">Relaci\u00f3n entre ISO 9001 y otras normas del sistema de gesti\u00f3n<\/h2>\t\t\t\t\t\t\t\t<\/div>\n\t\t\t\t<\/div>\n\t\t\t\t\t<\/div>\n\t\t<\/div>\n\t\t\t\t\t<\/div>\n\t\t<\/section>\n\t\t\t\t<section class=\"elementor-section elementor-top-section elementor-element elementor-element-aefb4d1 elementor-section-boxed elementor-section-height-default elementor-section-height-default\" data-id=\"aefb4d1\" data-element_type=\"section\" data-e-type=\"section\">\n\t\t\t\t\t\t<div class=\"elementor-container elementor-column-gap-default\">\n\t\t\t\t\t<div class=\"elementor-column elementor-col-100 elementor-top-column elementor-element elementor-element-679fa68\" data-id=\"679fa68\" data-element_type=\"column\" data-e-type=\"column\">\n\t\t\t<div class=\"elementor-widget-wrap elementor-element-populated\">\n\t\t\t\t\t\t<div class=\"elementor-element elementor-element-cec04e0 elementor-widget elementor-widget-text-editor\" data-id=\"cec04e0\" data-element_type=\"widget\" data-e-type=\"widget\" data-widget_type=\"text-editor.default\">\n\t\t\t\t<div class=\"elementor-widget-container\">\n\t\t\t\t\t\t\t\t\t<h3 dir=\"ltr\"><strong>ISO 9001 e IATF 16949<\/strong><\/h3><p>Con el lanzamiento de IATF 16949: 2016, el texto de ISO 9001 ya no est\u00e1 contenido directamente en el est\u00e1ndar automotriz, como antes era el caso con ISO \/ TS 16949. Sin embargo, ISO 9001 sigue siendo la base del est\u00e1ndar IATF 16949, y IATF hace referencia a las cl\u00e1usulas ISO 9001 en todo el documento. Como tal, una organizaci\u00f3n que cumpla con IATF 16949 tambi\u00e9n necesariamente cumplir\u00eda con todos los requisitos subyacentes heredados de ISO 9001. IATF 16949 representa los requisitos espec\u00edficos de automoci\u00f3n que aumentan los requisitos de ISO 9001.<\/p>\t\t\t\t\t\t\t\t<\/div>\n\t\t\t\t<\/div>\n\t\t\t\t\t<\/div>\n\t\t<\/div>\n\t\t\t\t\t<\/div>\n\t\t<\/section>\n\t\t\t\t<section class=\"elementor-section elementor-top-section elementor-element elementor-element-289e19b elementor-section-boxed elementor-section-height-default elementor-section-height-default\" data-id=\"289e19b\" data-element_type=\"section\" data-e-type=\"section\">\n\t\t\t\t\t\t<div class=\"elementor-container elementor-column-gap-default\">\n\t\t\t\t\t<div class=\"elementor-column elementor-col-100 elementor-top-column elementor-element elementor-element-ca534be\" data-id=\"ca534be\" data-element_type=\"column\" data-e-type=\"column\">\n\t\t\t<div class=\"elementor-widget-wrap elementor-element-populated\">\n\t\t\t\t\t\t<div class=\"elementor-element elementor-element-c3e0d64 elementor-widget elementor-widget-text-editor\" data-id=\"c3e0d64\" data-element_type=\"widget\" data-e-type=\"widget\" data-widget_type=\"text-editor.default\">\n\t\t\t\t<div class=\"elementor-widget-container\">\n\t\t\t\t\t\t\t\t\t<h3 dir=\"ltr\"><strong>ISO 9001 y AS9100, AS9110 &amp; AS9120<\/strong><\/h3><p dir=\"ltr\">AS9100D, AS9110C y AS9120B, al igual que las revisiones anteriores de estas normas, complementan la norma ISO 9001 con requisitos adicionales que representan las expectativas de la industria de la aviaci\u00f3n, el espacio y la defensa.<\/p>\t\t\t\t\t\t\t\t<\/div>\n\t\t\t\t<\/div>\n\t\t\t\t<div class=\"elementor-element elementor-element-d6a0398 elementor-widget-divider--view-line elementor-widget elementor-widget-divider\" data-id=\"d6a0398\" data-element_type=\"widget\" data-e-type=\"widget\" data-widget_type=\"divider.default\">\n\t\t\t\t<div class=\"elementor-widget-container\">\n\t\t\t\t\t\t\t<div class=\"elementor-divider\">\n\t\t\t<span class=\"elementor-divider-separator\">\n\t\t\t\t\t\t<\/span>\n\t\t<\/div>\n\t\t\t\t\t\t<\/div>\n\t\t\t\t<\/div>\n\t\t\t\t\t<\/div>\n\t\t<\/div>\n\t\t\t\t\t<\/div>\n\t\t<\/section>\n\t\t\t\t<section class=\"elementor-section elementor-top-section elementor-element elementor-element-d83acc2 elementor-section-boxed elementor-section-height-default elementor-section-height-default\" data-id=\"d83acc2\" data-element_type=\"section\" data-e-type=\"section\">\n\t\t\t\t\t\t<div class=\"elementor-container elementor-column-gap-default\">\n\t\t\t\t\t<div class=\"elementor-column elementor-col-100 elementor-top-column elementor-element elementor-element-4a0e214\" data-id=\"4a0e214\" data-element_type=\"column\" data-e-type=\"column\">\n\t\t\t<div class=\"elementor-widget-wrap elementor-element-populated\">\n\t\t\t\t\t\t<div class=\"elementor-element elementor-element-cd954cb elementor-widget elementor-widget-consulting-services-block\" data-id=\"cd954cb\" data-element_type=\"widget\" data-e-type=\"widget\" data-widget_type=\"consulting-services-block.default\">\n\t\t\t\t<div class=\"elementor-widget-container\">\n\t\t\t\t\t    <div class=\"container\">\r\n        <div class=\"row\">\r\n            <div class=\"col-sm-12\">\r\n                <h2 style=\"text-align: center;\"><span style=\"color:#4d6995;\">Servicios de Consultoria <strong>Sistemas de Gesti\u00f3n<\/strong><\/span><\/h2>\r\n                <p style=\"text-align: center;\">Nuestra misi\u00f3n es desarrollar una comprensi\u00f3n profunda de los procesos internos y las necesidades comerciales de su organizaci\u00f3n, y adaptar el alcance de nuestros esfuerzos de consultor\u00eda para alcanzar los resultados comerciales deseados. El primer paso es conectarse con un representante de Plexus y evaluaremos cuidadosamente sus necesidades \u00fanicas.<\/p>\r\n            <\/div>\r\n        <\/div>\r\n    <\/div>\r\n\r\n    <div class=\"container\">\r\n        <div class=\"row\"><div class=\"col-sm-12\">\r\n            <div class=\"row\">\r\n                <div class=\"col-sm-4\">\r\n                    <h4 style=\"text-align: center;\"><img decoding=\"async\" src=\"https:\/\/plexusintl.com\/mx\/wp-content\/uploads\/2020\/07\/checkmark-icon-1.svg\" alt=\"checkmark-icon.png\" width=\"50\" height=\"50\" style=\"margin-bottom:5px;\"><br \/>Implementaci\u00f3n de Sistemas de Gesti\u00f3n de la Calidad ISO 9001 <\/h4>\r\n                <\/div>\r\n                <div class=\"col-sm-4\">\r\n                    <h4 style=\"text-align: center;\"><img decoding=\"async\" src=\"https:\/\/plexusintl.com\/mx\/wp-content\/uploads\/2020\/07\/checkmark-icon-1.svg\" alt=\"checkmark-icon.png\" width=\"50\" height=\"50\" style=\"margin-bottom:5px;\"><br \/>Integraci\u00f3n de sistemas de gesti\u00f3n (ISO 9001 y \/ o IATF 16949, ISO 14001, ISO 45001)<\/h4>\r\n                <\/div>\r\n                <div class=\"col-sm-4\">\r\n                    <h4 style=\"text-align: center;\"><img decoding=\"async\" src=\"https:\/\/plexusintl.com\/mx\/wp-content\/uploads\/2020\/07\/checkmark-icon-1.svg\" alt=\"checkmark-icon.png\" width=\"50\" height=\"50\" style=\"margin-bottom:5px;\"><br \/>Aplicaci\u00f3n de Auditor\u00edas internas (primera parte) para ISO 9001<\/h4>\r\n                <\/div>\r\n                            <\/div>\r\n        <\/div>\r\n    <\/div>\r\n\r\n    \r\n    <div class=\"container\" >\r\n        <div class=\"row\">\r\n            <div class=\"col-sm-12\">\r\n                <p style=\"text-align: center;\"><a class=\"blue-button\" href=\"\/mx\/contactanos\/\"  >\u00a1INICIEMOS!<\/a><\/p>\r\n            <\/div>\r\n        <\/div>\r\n    <\/div>\r\n\r\n    \t\t\t\t<\/div>\n\t\t\t\t<\/div>\n\t\t\t\t<div class=\"elementor-element elementor-element-759c624 elementor-widget-divider--view-line elementor-widget elementor-widget-divider\" data-id=\"759c624\" data-element_type=\"widget\" data-e-type=\"widget\" data-widget_type=\"divider.default\">\n\t\t\t\t<div class=\"elementor-widget-container\">\n\t\t\t\t\t\t\t<div class=\"elementor-divider\">\n\t\t\t<span class=\"elementor-divider-separator\">\n\t\t\t\t\t\t<\/span>\n\t\t<\/div>\n\t\t\t\t\t\t<\/div>\n\t\t\t\t<\/div>\n\t\t\t\t\t<\/div>\n\t\t<\/div>\n\t\t\t\t\t<\/div>\n\t\t<\/section>\n\t\t\t\t<section class=\"elementor-section elementor-top-section elementor-element elementor-element-31edb8c elementor-section-boxed elementor-section-height-default elementor-section-height-default\" data-id=\"31edb8c\" data-element_type=\"section\" data-e-type=\"section\">\n\t\t\t\t\t\t<div class=\"elementor-container elementor-column-gap-default\">\n\t\t\t\t\t<div class=\"elementor-column elementor-col-100 elementor-top-column elementor-element elementor-element-6c28e56\" data-id=\"6c28e56\" data-element_type=\"column\" data-e-type=\"column\">\n\t\t\t<div class=\"elementor-widget-wrap elementor-element-populated\">\n\t\t\t\t\t\t<div class=\"elementor-element elementor-element-a80bb7e elementor-widget elementor-widget-training-programs-block\" data-id=\"a80bb7e\" data-element_type=\"widget\" data-e-type=\"widget\" data-widget_type=\"training-programs-block.default\">\n\t\t\t\t<div class=\"elementor-widget-container\">\n\t\t\t\t\t    <div class=\"training-programs\">\n        <h2 >Programas de entrenamiento ISO 9001<\/h2>\n\n        <div class=\"row\">\n            <\/div><div class=\"row\">                    <div class=\"col-12 col-sm-6 \">\n                        <div class=\"training-program\">\n                            <div class=\"tags\">\n                                                          \n                            <\/div>\n                            <h3><a href=\"\/mx\/catalogo\/auditorias-en-iso-90012015\/\" class=\"cta\">Formaci\u00f3n de Auditores Internos en ISO 9001<\/a><\/h3>\n                        <\/div>\n                    <\/div>\n                                    <div class=\"col-12 col-sm-6 \">\n                        <div class=\"training-program\">\n                            <div class=\"tags\">\n                                                          \n                            <\/div>\n                            <h3><a href=\"\/mx\/catalogo\/fundamentos-de-la-norma-iso-90012015\/\" class=\"cta\">Comprensi\u00f3n de la norma ISO 9001<\/a><\/h3>\n                        <\/div>\n                    <\/div>\n                <\/div><div class=\"row\"><\/div><div class=\"row\">   \n        <div class=\"col-12\">\n            <div class=\"read-more\"><a href=\"\/mx\/catalogo\/\" class=\"cta\" >Explora mas entrenamientos<\/a><\/div>\n        <\/div>        \n    <\/div>\n    \t\t\t\t<\/div>\n\t\t\t\t<\/div>\n\t\t\t\t\t<\/div>\n\t\t<\/div>\n\t\t\t\t\t<\/div>\n\t\t<\/section>\n\t\t\t\t<\/div>\n\t\t","protected":false},"excerpt":{"rendered":"<p>Sistemas de Gesti\u00f3n de la Calidad Las \u00e1reas en las que somos expertos Entrenamiento en ISO 9001:2015 SGC Capacitaci\u00f3n que abarca temas para auditores l\u00edderes, auditores internos, miembros del equipo de implementaci\u00f3n, alta direcci\u00f3n y m\u00e1s. Soluciones integrales para organizaciones automotrices Explore soluciones para satisfacer la necesidad de su organizaci\u00f3n de IATF 16949, resoluci\u00f3n de&#8230;<\/p>\n","protected":false},"author":1,"featured_media":0,"parent":72,"menu_order":0,"comment_status":"closed","ping_status":"closed","template":"","meta":{"footnotes":"","_wp_rev_ctl_limit":""},"class_list":["post-111","page","type-page","status-publish","hentry"],"_links":{"self":[{"href":"https:\/\/plexusintl.com\/mx\/wp-json\/wp\/v2\/pages\/111","targetHints":{"allow":["GET"]}}],"collection":[{"href":"https:\/\/plexusintl.com\/mx\/wp-json\/wp\/v2\/pages"}],"about":[{"href":"https:\/\/plexusintl.com\/mx\/wp-json\/wp\/v2\/types\/page"}],"author":[{"embeddable":true,"href":"https:\/\/plexusintl.com\/mx\/wp-json\/wp\/v2\/users\/1"}],"replies":[{"embeddable":true,"href":"https:\/\/plexusintl.com\/mx\/wp-json\/wp\/v2\/comments?post=111"}],"version-history":[{"count":56,"href":"https:\/\/plexusintl.com\/mx\/wp-json\/wp\/v2\/pages\/111\/revisions"}],"predecessor-version":[{"id":6226,"href":"https:\/\/plexusintl.com\/mx\/wp-json\/wp\/v2\/pages\/111\/revisions\/6226"}],"up":[{"embeddable":true,"href":"https:\/\/plexusintl.com\/mx\/wp-json\/wp\/v2\/pages\/72"}],"wp:attachment":[{"href":"https:\/\/plexusintl.com\/mx\/wp-json\/wp\/v2\/media?parent=111"}],"curies":[{"name":"wp","href":"https:\/\/api.w.org\/{rel}","templated":true}]}}