{"id":1120,"date":"2020-07-10T03:18:10","date_gmt":"2020-07-10T08:18:10","guid":{"rendered":"https:\/\/plexusintl.com\/?page_id=1120"},"modified":"2023-03-08T13:45:53","modified_gmt":"2023-03-08T18:45:53","slug":"iso-450012018-internal-auditor-training-occupational-health-and-safety-managament-systems","status":"publish","type":"page","link":"https:\/\/plexusintl.com\/mx\/catalogo\/iso-450012018-internal-auditor-training-occupational-health-and-safety-managament-systems\/","title":{"rendered":"Fundamentos de Auditorias ISO 45001:2018 &#8211; Formaci\u00f3n a distancia"},"content":{"rendered":"\t\t<div data-elementor-type=\"wp-page\" data-elementor-id=\"1120\" class=\"elementor elementor-1120\" data-elementor-post-type=\"page\">\n\t\t\t\t\t\t<section class=\"elementor-section elementor-top-section elementor-element elementor-element-2b27cedf elementor-section-boxed elementor-section-height-default elementor-section-height-default\" data-id=\"2b27cedf\" data-element_type=\"section\" data-e-type=\"section\">\n\t\t\t\t\t\t<div class=\"elementor-container elementor-column-gap-default\">\n\t\t\t\t\t<div class=\"elementor-column elementor-col-50 elementor-top-column elementor-element elementor-element-1b23be48\" data-id=\"1b23be48\" data-element_type=\"column\" data-e-type=\"column\">\n\t\t\t<div class=\"elementor-widget-wrap elementor-element-populated\">\n\t\t\t\t\t\t<div class=\"elementor-element elementor-element-483d32cd elementor-widget elementor-widget-product-meta\" data-id=\"483d32cd\" data-element_type=\"widget\" data-e-type=\"widget\" data-widget_type=\"product-meta.default\">\n\t\t\t\t<div class=\"elementor-widget-container\">\n\t\t\t\t\t        <div class=\"meta\">\n                  <div class=\"tags\">ISO 45001:2018&nbsp;&bull;&nbsp;Formaci\u00f3n a Distancia<\/div>\n              <\/div>\n     \t\t\t\t<\/div>\n\t\t\t\t<\/div>\n\t\t\t\t<div class=\"elementor-element elementor-element-569fdf4a elementor-widget elementor-widget-theme-post-title elementor-page-title elementor-widget-heading\" data-id=\"569fdf4a\" data-element_type=\"widget\" data-e-type=\"widget\" data-widget_type=\"theme-post-title.default\">\n\t\t\t\t<div class=\"elementor-widget-container\">\n\t\t\t\t\t<h3 class=\"elementor-heading-title elementor-size-default\">Fundamentos de Auditorias ISO 45001:2018 &#8211; Formaci\u00f3n a distancia<\/h3>\t\t\t\t<\/div>\n\t\t\t\t<\/div>\n\t\t\t\t<div class=\"elementor-element elementor-element-4d5ab296 elementor-widget elementor-widget-text-editor\" data-id=\"4d5ab296\" data-element_type=\"widget\" data-e-type=\"widget\" data-widget_type=\"text-editor.default\">\n\t\t\t\t<div class=\"elementor-widget-container\">\n\t\t\t\t\t\t\t\t\t<p><span style=\"font-weight: 400;\">El prop\u00f3sito de este curso de formaci\u00f3n a distancia es proporcionar los conocimientos necesarios para realizar auditor\u00edas basadas en los requisitos de la Norma ISO 45001:2018 y en la orientaci\u00f3n incluida en la Norma ISO 19011:2018 en el sistema de gesti\u00f3n de la salud y seguridad en el trabajo.<\/span><\/p><p><span style=\"font-weight: 400;\">En este curso de formaci\u00f3n ha sido desarrollado para aquellas personas en la organizaci\u00f3n con conocimiento y experiencia profesional suficiente que se integrar\u00e1 al grupo de auditores internos y de proveedores de la organizaci\u00f3n.<\/span><\/p><p><span style=\"font-weight: 400;\">Los resultados de las auditori\u0301as que realice la organizaci\u00f3n pueden proporcionar entradas para las actividades de planificacio\u0301n del negocio, y pueden contribuir a la identificacio\u0301n de necesidades y actividades de mejora durante los procesos de revisi\u00f3n por la direcci\u00f3n.<\/span><\/p>\t\t\t\t\t\t\t\t<\/div>\n\t\t\t\t<\/div>\n\t\t\t\t\t<\/div>\n\t\t<\/div>\n\t\t\t\t<div class=\"elementor-column elementor-col-50 elementor-top-column elementor-element elementor-element-219c64e\" data-id=\"219c64e\" data-element_type=\"column\" data-e-type=\"column\">\n\t\t\t<div class=\"elementor-widget-wrap elementor-element-populated\">\n\t\t\t\t\t\t<div class=\"elementor-element elementor-element-d7eda0c elementor-widget elementor-widget-purchase-widget\" data-id=\"d7eda0c\" data-element_type=\"widget\" data-e-type=\"widget\" data-widget_type=\"purchase-widget.default\">\n\t\t\t\t<div class=\"elementor-widget-container\">\n\t\t\t\t\t\n<div id=\"purchase_widget_226\" class=\"product-purchase-options\">\n\t<div class=\"intro-header\">\n    \t\t<h3>Entrenamientos a Distancia<\/h3>\n\t\t<p><\/p>\n\t<\/div>\n\n    <div id=\"div-add-product\" class=\"d-block text-center\">\n    <img decoding=\"async\" src=\"https:\/\/plexusintl.com\/mx\/wp-content\/themes\/plexus-theme\/images\/Purchase-Widget.svg\" width=\"50px\" alt=\"Loading\" \/>     \n  <\/div>\n    <form method=\"post\" id=\"add-product\" class=\"add-product d-none\">\n      <div class=\"options\">\n        <div class=\"form-group d-block\"><script type=\"text\/javascript\"> $('.product-purchase-options .intro-header').removeAttr(\"style\"); <\/script>          <div class=\"radio\">\n            <label>\n              <input type=\"radio\" name=\"delivery_type_lvw\" value=\"e-learning\" checked onchange=\"$('#corporate_licensing_226').css('display', 'none');$('#member_pricing_226').css('display', 'none');$('#single_user_access_226').css('display', 'block');\"> Abiertos<\/label>\n          <\/div>\n          <div class=\"radio d-block\">\n            <label>\n              <input type=\"radio\" name=\"delivery_type_lvw\" value=\"on-site-training\" onchange=\"$('#single_user_access_226').css('display', 'none');$('#member_pricing_226').css('display', 'none');$('#corporate_licensing_226').css('display', 'block');\"> Sesi\u00f3n privada (solo para mi organizaci\u00f3n<\/label>\n          <\/div>\n          <div class=\"radio d-none\">\n            <label>\n              <input type=\"radio\" name=\"delivery_type_lvw\" value=\"member-pricing\" onchange=\"$('#single_user_access_226').css('display', 'none');$('#corporate_licensing_226').css('display', 'none');$('#member_pricing_226').css('display', 'block');\"> Precio Miembro AIAG<\/label>\n          <\/div>\n        <\/div>      <div class=\"purchase-actions\" id=\"single_user_access_226\">\n        <div class=\"open-enrollment actions d-block\">\n                          <div class=\"form-group d-block\">\n                  <label for=\"open-enrollment-session\">Fechas disponibles<\/label>\n                                      <p>No se encontraron sesiones disponibles<\/p>\n                                    <\/div>\n                          <div class=\"session-detail d-none\">\n              <div class=\"price-wrapper \">\n                <div class=\"price-label\">A partir de:<\/div>\n                                    \n                  <div class=\"price\" id=\"e-learning-price\">\n                    <span id=\"priceFigure\">11900.00<\/span>&nbsp;MXN            \n                  <\/div>\n                                    <div id=\"purchase-error\"><\/div>\n                  <input type=\"hidden\" name=\"product_id\" value=\"4754308a-5c08-11eb-aa89-0ae8b9885edd\">\n              <\/div>\n              <button type=\"submit\" class=\"blue-button register-button\" style=\"display:block;\">Registrarse<\/button>\n            <\/div>\t\t\t\t\n        <\/div> \n      <\/div>\n      \n      <div class=\"purchase-actions\" id=\"corporate_licensing_226\" style=\"display:none;\">\n        <div class=\"on-site-training actions\" style=\"display: block;\">\n          <a href=\"http:\/\/plexusintl.com\/mx\/solicite-una-cotizacion\/?course_requested=Formaci%C3%B3n+AD+-+Auditor%C3%ADas+Internas+-+ISO+45001+-+formacin-ad-auditoras-internas-iso-45001\" title=\"Solicite una cotizaci\u00f3n\" class=\"blue-button\">Solicite una cotizaci\u00f3n<\/a>\n        <\/div>\n      <\/div>\n\n      <div class=\"purchase-actions\" id=\"member_pricing_226\" style=\"display:none;\">\n        <div class=\"on-site-training actions\" style=\"display: block;\">\n          <a href=\"http:\/\/plexusintl.com\/request-quote?course_requested=Formaci%C3%B3n+AD+-+Auditor%C3%ADas+Internas+-+ISO+45001+-+formacin-ad-auditoras-internas-iso-45001Solicitar+una+Cotizaci%C3%B3n\" title=\"Solicitar una Cotizaci\u00f3n\" class=\"blue-button\">Solicitar una Cotizaci\u00f3n<\/a>\n        <\/div>\n      <\/div>\n      <div style=\"display:none;\">\n         \n      <\/div>\n    <\/form>  \n  <\/div>\n<script type=\"text\/javascript\">\n\t$(document).ready(function() { \n\t\t$('#purchase_widget_226 input[name=delivery_type]').change(function(){\t\n      $('#purchase_widget_226 .purchase-actions .actions').hide();\t\t\n\t\t\t$('#purchase_widget_226 .purchase-actions .actions.'+$('input[name=delivery_type]:checked').val()).slideDown();\n    });\n    \n    var hiddenBox = $(\"#purchase_widget_226 #open-enrollment-single-session-location\")[0];\n    if(hiddenBox != null && hiddenBox.value !== \"\"){\n      $('#purchase_widget_226 #location p').html(hiddenBox.value);        \n      $('#purchase_widget_226 .session-detail').slideDown();\n      $('#purchase_widget_226 .session-detail').removeClass('d-none');\n      $('#purchase_widget_226 .session-detail').addClass('d-block');\n    }\n    else {      \n      $('#purchase_widget_226 .session-detail').removeClass('d-block');\n      $('#purchase_widget_226 .session-detail').addClass('d-none');\n    }\n\n\t\t$('#purchase_widget_226 #open-enrollment-session').change(function(){\n\t\t\tif($(this).val() != '') {\n\t\t\t\tvar option = $(this).find('option:selected');\n\n\t\t\t\t$('#purchase_widget_226 #location p').html($(option).data('location'));\n        $('#purchase_widget_226 #open-enrollment-session-value').val($(option).data('id'));\n      \n        $('#purchase_widget_226 .session-detail').slideDown();\n        $('#purchase_widget_226 .session-detail').removeClass('d-none');\n        $('#purchase_widget_226 .session-detail').addClass('d-block');\n\t\t\t} else {        \n        $('#purchase_widget_226 .session-detail').removeClass('d-block');\n        $('#purchase_widget_226 .session-detail').addClass('d-none');\n\t\t\t}\n    });\n    var priceFigure = $('#purchase_widget_226 #priceFigure')[0];\n    if (priceFigure != null)\n      priceFigure.innerHTML = formatCurrency(priceFigure.innerHTML);\n    \n      $('#purchase_widget_226 #div-add-product').removeClass('d-block');\n      $('#purchase_widget_226 #div-add-product').addClass('d-none');\n      $('#purchase_widget_226 #add-product').removeClass('d-none');\n      $('#purchase_widget_226 #add-product').addClass('d-block');\n  });\n  $('#purchase_widget_226 .add-product').submit(function(e){\n    e.preventDefault();    \n    var productId = $(this).find('input[name=\"product_id\"]').val();\n          var selectBox = $(\"#purchase_widget_226 #open-enrollment-session\")[0];\n      var hiddenBox1 = $(\"#purchase_widget_226 #open-enrollment-session-value\")[0];\n      var hiddenBox2 = $(\"#purchase_widget_226 #open-enrollment-single-session\")[0];\n      if(selectBox != null){\n        var sessionId = hiddenBox1.value;\n        if(selectBox.value === \"\"){\n          alert(\"Session is required.\");\n        }\n        else if(selectBox.value.substring(0, 4) == 'http') {\n          window.dataLayer = window.dataLayer || [];\n          window.dataLayer.push({ event: 'outbound_link_click', link_url: hiddenBox1.value });\n          window.open(hiddenBox1.value);\n        } \n        else {          \n          addEnrollmentProductToCart(productId, sessionId);\n        }\n      }\n      else if(hiddenBox2 != null && hiddenBox2.value !== \"\"){\n        var sessionId = hiddenBox2.value;\n        if(hiddenBox2.value.substring(0, 4) == 'http'){\n          window.dataLayer = window.dataLayer || [];\n          window.dataLayer.push({ event: 'outbound_link_click', link_url: hiddenBox2.value });\n          window.open(hiddenBox2.value);\n        }\n        else{\n          addEnrollmentProductToCart(productId, sessionId);\n        }\n      }\n      else{\n        addProductToCart(productId);\n      }\n    \n  });\n  <\/script>\n    \t\t\t\t<\/div>\n\t\t\t\t<\/div>\n\t\t\t\t\t<\/div>\n\t\t<\/div>\n\t\t\t\t\t<\/div>\n\t\t<\/section>\n\t\t\t\t<section class=\"elementor-section elementor-top-section elementor-element elementor-element-05be9b4 elementor-section-boxed elementor-section-height-default elementor-section-height-default\" data-id=\"05be9b4\" data-element_type=\"section\" data-e-type=\"section\">\n\t\t\t\t\t\t<div class=\"elementor-container elementor-column-gap-default\">\n\t\t\t\t\t<div class=\"elementor-column elementor-col-100 elementor-top-column elementor-element elementor-element-080f4ef\" data-id=\"080f4ef\" data-element_type=\"column\" data-e-type=\"column\">\n\t\t\t<div class=\"elementor-widget-wrap elementor-element-populated\">\n\t\t\t\t\t\t<div class=\"elementor-element elementor-element-d5f0e9b elementor-widget elementor-widget-quick-tabs-block\" data-id=\"d5f0e9b\" data-element_type=\"widget\" data-e-type=\"widget\" data-widget_type=\"quick-tabs-block.default\">\n\t\t\t\t<div class=\"elementor-widget-container\">\n\t\t\t\t\t        <H4 data-tab-title=\"Detalles del entrenamiento\" class=\"simpleTabsOpen\">Detalles del entrenamiento<\/H4>\r\n                          <div class=\"row product-tabs-content\">\r\n                  <div class=\"col-3\">\r\n                    <p style=\"color:black\"><strong>Duraci\u00f3n<\/strong><\/p>\r\n                  <\/div>\r\n                  <div class=\"col-9\">\r\n                    <p>20 horas en 5 m\u00f3dulos de 4 horas por d\u00eda<\/p>                  <\/div>\r\n                <\/div>\r\n                                <hr\/>\r\n                  <br \/>\r\n                                <div class=\"row product-tabs-content\">\r\n                  <div class=\"col-3\">\r\n                    <p style=\"color:black\"><strong>Requisitos Previos<\/strong><\/p>\r\n                  <\/div>\r\n                  <div class=\"col-9\">\r\n                    <p>Se recomienda que los participantes cuenten conocimientos b\u00e1sicos y \/ o experiencia laboral en la aplicaci\u00f3n de ISO 45001: 2018 y experiencia en auditor\u00eda de sistemas de gesti\u00f3n.<\/p>                  <\/div>\r\n                <\/div>\r\n              \r\n        <div data-tab-title=\"\" class=\"simpleTabsClose\"><\/div>\r\n              <H4 data-tab-title=\"Objetivos de aprendizaje\" class=\"simpleTabsOpen\">Objetivos de aprendizaje<\/H4>\r\n                      <ul><li>Entender el prop\u00f3sito de un sistema de gesti\u00f3n de la seguridad y salud en el trabajo (SGSST).<\/li><li style=\"font-weight: 400;\" aria-level=\"1\"><span style=\"font-weight: 400;\">Entender el enfoque a procesos que incorpora el ciclo PHVA y el pensamiento basado en riesgos.<\/span><\/li><li style=\"font-weight: 400;\" aria-level=\"1\"><span style=\"font-weight: 400;\">Comprender la importancia de una correcta identificaci\u00f3n de peligros y evaluaci\u00f3n de riesgos y oportunidades de la seguridad y salud ocupacional.<\/span><\/li><li style=\"font-weight: 400;\" aria-level=\"1\"><span style=\"font-weight: 400;\">Reforzar el entendimiento de los requisitos de la Norma ISO 45001:2018.<\/span><\/li><li style=\"font-weight: 400;\" aria-level=\"1\"><span style=\"font-weight: 400;\">Entender la relaci\u00f3n entre los principios de auditor\u00eda y la competencia de un auditor, incluidas las habilidades de comunicaci\u00f3n pertinentes.<\/span><\/li><li style=\"font-weight: 400;\" aria-level=\"1\"><span style=\"font-weight: 400;\">Entender el valor que una gesti\u00f3n del programa de auditor\u00edas proporciona al SGSST.<\/span><\/li><li style=\"font-weight: 400;\" aria-level=\"1\"><span style=\"font-weight: 400;\">Entender e implementar buenas pr\u00e1cticas para la preparaci\u00f3n, realizaci\u00f3n y finalizaci\u00f3n de una auditor\u00eda, incluyendo la redacci\u00f3n de los hallazgos de la auditor\u00eda.<\/span><\/li><\/ul>          \r\n        <div data-tab-title=\"\" class=\"simpleTabsClose\"><\/div>\r\n              <H4 data-tab-title=\"Quien deber\u00eda participar\" class=\"simpleTabsOpen\">Quien deber\u00eda participar<\/H4>\r\n                      <ul><li style=\"font-weight: 400;\" aria-level=\"1\"><span style=\"font-weight: 400;\">Personal de la organizaci\u00f3n que necesite aprender acerca del proceso de auditor\u00eda interna de acuerdo a las directrices de la Norma ISO 19011:2018.<\/span><\/li><li style=\"font-weight: 400;\" aria-level=\"1\"><span style=\"font-weight: 400;\">Miembros del equipo de implementaci\u00f3n y mantenimiento del SGSST basado en la Norma ISO 45001:2018.<\/span><\/li><li style=\"font-weight: 400;\" aria-level=\"1\"><span style=\"font-weight: 400;\">Auditores Internos del SGSST que necesitan reforzar su conocimiento de las Normas ISO 45001:2018 e ISO 19011:2018.<\/span><\/li><li style=\"font-weight: 400;\" aria-level=\"1\"><span style=\"font-weight: 400;\">Auditores internos de otros sistemas de gesti\u00f3n que empezar\u00e1n a realizar auditor\u00edas internas o de proveedores basadas en la Norma ISO 45001:2018.<\/span><\/li><\/ul>          \r\n        <div data-tab-title=\"\" class=\"simpleTabsClose\"><\/div>\r\n              <H4 data-tab-title=\"Agenda\" class=\"simpleTabsOpen\">Agenda<\/H4>\r\n                      <p><b>M\u00f3dulo 1 ( 4 horas)<\/b><\/p><ul><li style=\"font-weight: 400;\" aria-level=\"1\"><span style=\"font-weight: 400;\">Unidad 1 - Fundamentos de un sistema de gesti\u00f3n de la seguridad y salud en el trabajo. Organizaciones relacionadas con la SST. Requisitos legales y otros requisitos.<\/span><\/li><\/ul><ul><li style=\"font-weight: 400;\" aria-level=\"1\"><span style=\"font-weight: 400;\">Unidad 2 - Enfoque a procesos, que incorpora el ciclo PHVA y el pensamiento basado en riesgos.<\/span><\/li><\/ul><p><b>M\u00f3dulo 2 (4 horas)<\/b><\/p><ul><li style=\"font-weight: 400;\" aria-level=\"1\"><span style=\"font-weight: 400;\">Unidad 3 - Comprensi\u00f3n de la Norma ISO 45001:2018.<\/span><\/li><\/ul><p><b>M\u00f3dulo 3 (4 horas)<\/b><\/p><ul><li style=\"font-weight: 400;\" aria-level=\"1\"><span style=\"font-weight: 400;\">Unidad 4 - Orientaci\u00f3n para gestionar las auditor\u00edas.<\/span><ul><li style=\"font-weight: 400;\" aria-level=\"2\"><span style=\"font-weight: 400;\">Principios de auditor\u00eda.<\/span><\/li><li style=\"font-weight: 400;\" aria-level=\"2\"><span style=\"font-weight: 400;\">Competencia de los auditores.<\/span><\/li><li style=\"font-weight: 400;\" aria-level=\"2\"><span style=\"font-weight: 400;\">Habilidades de comunicaci\u00f3n.<\/span><\/li><li style=\"font-weight: 400;\" aria-level=\"2\"><span style=\"font-weight: 400;\">Gesti\u00f3n del programa de auditor\u00edas.<\/span><\/li><li style=\"font-weight: 400;\" aria-level=\"2\"><span style=\"font-weight: 400;\">Inicio de la auditor\u00eda.<\/span><\/li><\/ul><\/li><\/ul><p><b>M\u00f3dulos 4 y 5 (8 horas)<\/b><\/p><ul><li style=\"font-weight: 400;\" aria-level=\"1\"><span style=\"font-weight: 400;\">Unidad 5 - Orientaci\u00f3n para gestionar las auditor\u00edas.<\/span><ul><li style=\"font-weight: 400;\" aria-level=\"2\"><span style=\"font-weight: 400;\">Preparaci\u00f3n de la auditor\u00eda.<\/span><\/li><li style=\"font-weight: 400;\" aria-level=\"2\"><span style=\"font-weight: 400;\">Realizaci\u00f3n de la auditor\u00eda.<\/span><\/li><li style=\"font-weight: 400;\" aria-level=\"2\"><span style=\"font-weight: 400;\">Despu\u00e9s de la auditor\u00eda.<\/span><\/li><\/ul><\/li><\/ul>          \r\n        <div data-tab-title=\"\" class=\"simpleTabsClose\"><\/div>\r\n      \t\t\t\t<\/div>\n\t\t\t\t<\/div>\n\t\t\t\t\t<\/div>\n\t\t<\/div>\n\t\t\t\t\t<\/div>\n\t\t<\/section>\n\t\t\t\t<section class=\"elementor-section elementor-top-section elementor-element elementor-element-e47615a elementor-section-boxed elementor-section-height-default elementor-section-height-default\" data-id=\"e47615a\" data-element_type=\"section\" data-e-type=\"section\">\n\t\t\t\t\t\t<div class=\"elementor-container elementor-column-gap-default\">\n\t\t\t\t\t<div class=\"elementor-column elementor-col-100 elementor-top-column elementor-element elementor-element-3e0ea39\" data-id=\"3e0ea39\" data-element_type=\"column\" data-e-type=\"column\">\n\t\t\t<div class=\"elementor-widget-wrap elementor-element-populated\">\n\t\t\t\t\t\t<div class=\"elementor-element elementor-element-9706938 elementor-widget elementor-widget-related-content-block\" data-id=\"9706938\" data-element_type=\"widget\" data-e-type=\"widget\" data-widget_type=\"related-content-block.default\">\n\t\t\t\t<div class=\"elementor-widget-container\">\n\t\t\t\t\t    \r\n      <div class=\"row\">\r\n          <div class=\"col\">\r\n              <div class=\"related-content\">\r\n                  <h2 >Tambi\u00e9n podr\u00eda interesarle:<\/h2>\r\n\r\n                  <div class=\"row\">\r\n                      <div class=\"col-12 col-md-4 mb-3\">\r\n                          <div class=\"page page-1\">\r\n                              <div class=\"content-type\"><\/div>\r\n                              <div class=\"content-title\"><a href=\"https:\/\/plexusintl.com\/mx\/catalogo\/fundamentos-de-iso-450012018\/\" class=\"cta\" >Fundamentos de norma ISO 45001:2018 \u2013 Formaci\u00f3n a distancia<\/a><\/div>\r\n                              <div class=\"content-description\"><p >El prop\u00f3sito de este curso de formaci\u00f3n a distancia es desarrollar en los participantes un entendimiento de los requisitos de la Norma ISO 45001:2018, apoyados en la orientaci\u00f3n del Anexo A de esta Norma, y los conceptos clave de la gesti\u00f3n de la seguridad y salud en el trabajo, tales como son los peligros, riesgos, participaci\u00f3n y consulta, entre otros.<\/p><\/div>\r\n                          <\/div>\r\n                      <\/div>\r\n                      <div class=\"col-12 col-md-4 mb-3\">\r\n                          <div class=\"page page-2\">\r\n                              <div class=\"content-type\"><\/div>\r\n                              <div class=\"content-title\"><a href=\"https:\/\/plexusintl.com\/mx\/catalogo\/comprension-ejecutiva-de-la-norma-iso-450012018\/\" class=\"cta\" >Comprensi\u00f3n Ejecutiva de la norma ISO 45001:2018<\/a><\/div>\r\n                              <div class=\"content-description\"><p >El prop\u00f3sito de este curso de formaci\u00f3n a distancia es desarrollar en los miembros de la Alta Direcci\u00f3n un entendimiento de los requisitos aplicables a sus actividades de la Norma ISO 45001:2018, incluyendo las orientaciones dadas en el anexo A de la norma.<\/p><\/div>\r\n                          <\/div>\r\n                      <\/div>\r\n                      <div class=\"col-xs-12 col-md-4 mb-3\">\r\n                          <div class=\"page page-3\">\r\n                              <div class=\"content-type\"><\/div>\r\n                              <div class=\"content-title\"><a href=\"https:\/\/plexusintl.com\/mx\/catalogo\/auditor-lider-en-iso-450012018-con-certificacion-aiag\/\" class=\"cta\" >L\u00edder del equipo auditor en ISO 45001:2018 con certificaci\u00f3n AIAG<\/a><\/div>\r\n                              <div class=\"content-description\"><p >Auditor L\u00edder en ISO 45001:2018 con certificaci\u00f3n AIAG - Este programa exclusivo de formaci\u00f3n de cinco d\u00edas, ofrecido por Plexus International en asociaci\u00f3n con el AIAG, constituye el m\u00e1s alto nivel de formaci\u00f3n disponible para las organizaciones que cuentan con un sistema de gesti\u00f3n de la seguridad y salud en el trabajo. <\/p><\/div>\r\n                          <\/div>\r\n                      <\/div>\r\n                  <\/div>\r\n              <\/div>\r\n          <\/div>\r\n      <\/div>\r\n    \t\t\t\t<\/div>\n\t\t\t\t<\/div>\n\t\t\t\t\t<\/div>\n\t\t<\/div>\n\t\t\t\t\t<\/div>\n\t\t<\/section>\n\t\t\t\t<\/div>\n\t\t","protected":false},"excerpt":{"rendered":"<p>ISO 45001:2018&nbsp;&bull;&nbsp;Formaci\u00f3n a Distancia El prop\u00f3sito de este curso de formaci\u00f3n a distancia es proporcionar los conocimientos necesarios para realizar auditor\u00edas basadas en los requisitos de la Norma ISO 45001:2018 y en la orientaci\u00f3n incluida en la Norma ISO 19011:2018 en el sistema de gesti\u00f3n de la salud y seguridad en el trabajo. En este&#8230;<\/p>\n","protected":false},"author":1,"featured_media":0,"parent":87,"menu_order":71,"comment_status":"closed","ping_status":"closed","template":"","meta":{"footnotes":"","_wp_rev_ctl_limit":""},"class_list":["post-1120","page","type-page","status-publish","hentry"],"_links":{"self":[{"href":"https:\/\/plexusintl.com\/mx\/wp-json\/wp\/v2\/pages\/1120","targetHints":{"allow":["GET"]}}],"collection":[{"href":"https:\/\/plexusintl.com\/mx\/wp-json\/wp\/v2\/pages"}],"about":[{"href":"https:\/\/plexusintl.com\/mx\/wp-json\/wp\/v2\/types\/page"}],"author":[{"embeddable":true,"href":"https:\/\/plexusintl.com\/mx\/wp-json\/wp\/v2\/users\/1"}],"replies":[{"embeddable":true,"href":"https:\/\/plexusintl.com\/mx\/wp-json\/wp\/v2\/comments?post=1120"}],"version-history":[{"count":13,"href":"https:\/\/plexusintl.com\/mx\/wp-json\/wp\/v2\/pages\/1120\/revisions"}],"predecessor-version":[{"id":6852,"href":"https:\/\/plexusintl.com\/mx\/wp-json\/wp\/v2\/pages\/1120\/revisions\/6852"}],"up":[{"embeddable":true,"href":"https:\/\/plexusintl.com\/mx\/wp-json\/wp\/v2\/pages\/87"}],"wp:attachment":[{"href":"https:\/\/plexusintl.com\/mx\/wp-json\/wp\/v2\/media?parent=1120"}],"curies":[{"name":"wp","href":"https:\/\/api.w.org\/{rel}","templated":true}]}}