{"id":1129,"date":"2020-07-10T03:26:18","date_gmt":"2020-07-10T08:26:18","guid":{"rendered":"https:\/\/plexusintl.com\/?page_id=1129"},"modified":"2023-06-27T18:16:05","modified_gmt":"2023-06-27T23:16:05","slug":"auditorias-en-iso-iec-170252017","status":"publish","type":"page","link":"https:\/\/plexusintl.com\/mx\/catalogo\/auditorias-en-iso-iec-170252017\/","title":{"rendered":"Fundamentos de Auditor\u00edas en ISO\/IEC 17025:2017"},"content":{"rendered":"\t\t<div data-elementor-type=\"wp-page\" data-elementor-id=\"1129\" class=\"elementor elementor-1129\" data-elementor-post-type=\"page\">\n\t\t\t\t\t\t<section class=\"elementor-section elementor-top-section elementor-element elementor-element-4e7b1fa4 elementor-section-boxed elementor-section-height-default elementor-section-height-default\" data-id=\"4e7b1fa4\" data-element_type=\"section\" data-e-type=\"section\">\n\t\t\t\t\t\t<div class=\"elementor-container elementor-column-gap-default\">\n\t\t\t\t\t<div class=\"elementor-column elementor-col-50 elementor-top-column elementor-element elementor-element-57ec3df9\" data-id=\"57ec3df9\" data-element_type=\"column\" data-e-type=\"column\">\n\t\t\t<div class=\"elementor-widget-wrap elementor-element-populated\">\n\t\t\t\t\t\t<div class=\"elementor-element elementor-element-788a53de elementor-widget elementor-widget-product-meta\" data-id=\"788a53de\" data-element_type=\"widget\" data-e-type=\"widget\" data-widget_type=\"product-meta.default\">\n\t\t\t\t<div class=\"elementor-widget-container\">\n\t\t\t\t\t        <div class=\"meta\">\n                  <div class=\"tags\">ISO\/IEC 17025:2017&nbsp;&bull;&nbsp;Formaci\u00f3n a Distancia<\/div>\n              <\/div>\n     \t\t\t\t<\/div>\n\t\t\t\t<\/div>\n\t\t\t\t<div class=\"elementor-element elementor-element-231ba5b3 elementor-widget elementor-widget-theme-post-title elementor-page-title elementor-widget-heading\" data-id=\"231ba5b3\" data-element_type=\"widget\" data-e-type=\"widget\" data-widget_type=\"theme-post-title.default\">\n\t\t\t\t<div class=\"elementor-widget-container\">\n\t\t\t\t\t<h3 class=\"elementor-heading-title elementor-size-default\">Fundamentos de Auditor\u00edas en ISO\/IEC 17025:2017<\/h3>\t\t\t\t<\/div>\n\t\t\t\t<\/div>\n\t\t\t\t<div class=\"elementor-element elementor-element-55d91fe0 elementor-widget elementor-widget-text-editor\" data-id=\"55d91fe0\" data-element_type=\"widget\" data-e-type=\"widget\" data-widget_type=\"text-editor.default\">\n\t\t\t\t<div class=\"elementor-widget-container\">\n\t\t\t\t\t\t\t\t\t<p><span style=\"font-weight: 400;\">El prop\u00f3sito de este curso de formaci\u00f3n a distancia es proporcionar los conocimientos necesarios para <\/span><span style=\"font-weight: 400;\">\u00a0<\/span><span style=\"font-weight: 400;\">realizar auditor\u00edas basadas en los requisitos de la Norma ISO\/IEC 17025:2017 y en la orientaci\u00f3n incluida <\/span><span style=\"font-weight: 400;\">\u00a0<\/span><span style=\"font-weight: 400;\">en la Norma ISO 19011:2018 en el laboratorio de la organizaci\u00f3n donde se realizan actividades de ensayo, <\/span><span style=\"font-weight: 400;\">\u00a0<\/span><span style=\"font-weight: 400;\">calibraci\u00f3n y\/o muestreo asociado con el subsiguiente ensayo o calibraci\u00f3n.<\/span><span style=\"font-weight: 400;\">\u00a0<\/span><\/p><p><span style=\"font-weight: 400;\">En este curso de formaci\u00f3n ha sido desarrollado para aquellas personas en la organizaci\u00f3n con conocimiento\u00a0 <\/span><span style=\"font-weight: 400;\">y experiencia profesional suficiente que se integrar\u00e1 al grupo de auditores internos y de proveedores de la <\/span><span style=\"font-weight: 400;\">\u00a0<\/span><span style=\"font-weight: 400;\">organizaci\u00f3n.<\/span><span style=\"font-weight: 400;\">\u00a0<\/span><\/p><p><span style=\"font-weight: 400;\">Los resultados de las auditor\u00edas que realice la organizaci\u00f3n pueden proporcionar entradas para las\u00a0 <\/span><span style=\"font-weight: 400;\">actividades de planificaci\u00f3n del negocio, y pueden contribuir a la identificaci\u00f3n de necesidades y actividades <\/span><span style=\"font-weight: 400;\">\u00a0<\/span><span style=\"font-weight: 400;\">de mejora durante los procesos de revisi\u00f3n por la direcci\u00f3n.<\/span><span style=\"font-weight: 400;\">\u00a0<\/span><\/p>\t\t\t\t\t\t\t\t<\/div>\n\t\t\t\t<\/div>\n\t\t\t\t\t<\/div>\n\t\t<\/div>\n\t\t\t\t<div class=\"elementor-column elementor-col-50 elementor-top-column elementor-element elementor-element-2eeaf65\" data-id=\"2eeaf65\" data-element_type=\"column\" data-e-type=\"column\">\n\t\t\t<div class=\"elementor-widget-wrap elementor-element-populated\">\n\t\t\t\t\t\t<div class=\"elementor-element elementor-element-9059993 elementor-widget elementor-widget-purchase-widget\" data-id=\"9059993\" data-element_type=\"widget\" data-e-type=\"widget\" data-widget_type=\"purchase-widget.default\">\n\t\t\t\t<div class=\"elementor-widget-container\">\n\t\t\t\t\t\n<div id=\"purchase_widget_151\" class=\"product-purchase-options\">\n\t<div class=\"intro-header\">\n    \t\t<h3>Formaciones Live Virtual<\/h3>\n\t\t<p><\/p>\n\t<\/div>\n\n    <div id=\"div-add-product\" class=\"d-block text-center\">\n    <img decoding=\"async\" src=\"https:\/\/plexusintl.com\/mx\/wp-content\/themes\/plexus-theme\/images\/Purchase-Widget.svg\" width=\"50px\" alt=\"Loading\" \/>     \n  <\/div>\n    <form method=\"post\" id=\"add-product\" class=\"add-product d-none\">\n      <div class=\"options\">\n        <div class=\"form-group d-block\"><script type=\"text\/javascript\"> $('.product-purchase-options .intro-header').removeAttr(\"style\"); <\/script>          <div class=\"radio\">\n            <label>\n              <input type=\"radio\" name=\"delivery_type_lvs\" value=\"e-learning\" checked onchange=\"$('#corporate_licensing_151').css('display', 'none');$('#member_pricing_151').css('display', 'none');$('#single_user_access_151').css('display', 'block');\"> Entrenamientos Abiertos<\/label>\n          <\/div>\n          <div class=\"radio d-block\">\n            <label>\n              <input type=\"radio\" name=\"delivery_type_lvs\" value=\"on-site-training\" onchange=\"$('#single_user_access_151').css('display', 'none');$('#member_pricing_151').css('display', 'none');$('#corporate_licensing_151').css('display', 'block');\"> Sesiones cerradas (solo a mi organizaci\u00f3n)<\/label>\n          <\/div>\n          <div class=\"radio d-none\">\n            <label>\n              <input type=\"radio\" name=\"delivery_type_lvs\" value=\"member-pricing\" onchange=\"$('#single_user_access_151').css('display', 'none');$('#corporate_licensing_151').css('display', 'none');$('#member_pricing_151').css('display', 'block');\"> Precio Miembro AIAG<\/label>\n          <\/div>\n          <\/div>      <div class=\"purchase-actions\" id=\"single_user_access_151\">\n        <div class=\"open-enrollment actions d-block\">\n                          <div class=\"form-group d-block\">\n                  <label for=\"open-enrollment-session\">Sesiones disponibles<\/label>\n                                      <p>No se encontraron sesiones disponibles<\/p>\n                                    <\/div>\n                          <div class=\"session-detail d-none\">\n              <div class=\"price-wrapper \">\n                <div class=\"price-label\">A partir de<\/div>\n                                    \n                  <div class=\"price\" id=\"e-learning-price\">\n                    <span id=\"priceFigure\">11900.00<\/span>&nbsp;MXN            \n                  <\/div>\n                                    <div id=\"purchase-error\"><\/div>\n                  <input type=\"hidden\" name=\"product_id\" value=\"e7feb756-1cb8-11eb-aa83-0ae8b9885edd\">\n              <\/div>\n              <button type=\"submit\" class=\"blue-button register-button\" style=\"display:block;\">Registrarse<\/button>\n            <\/div>\t\t\t\t\n        <\/div> \n      <\/div>\n      \n      <div class=\"purchase-actions\" id=\"corporate_licensing_151\" style=\"display:none;\">\n        <div class=\"on-site-training actions\" style=\"display: block;\">\n          <a href=\"http:\/\/plexusintl.com\/mx\/solicite-una-cotizacion\/?course_requested=Formaci%C3%B3n+AD+-+Auditor%C3%ADas+Internas+-+ISO%2FIEC+17025%3A2017+-+formacin-ad-auditoras-internas-isoiec-170252017\" title=\"Solicite una cotizaci\u00f3n\" class=\"blue-button\">Solicite una cotizaci\u00f3n<\/a>\n        <\/div>\n      <\/div>\n\n      <div class=\"purchase-actions\" id=\"member_pricing_151\" style=\"display:none;\">\n        <div class=\"on-site-training actions\" style=\"display: block;\">\n          <a href=\"http:\/\/plexusintl.com\/request-quote?course_requested=Formaci%C3%B3n+AD+-+Auditor%C3%ADas+Internas+-+ISO%2FIEC+17025%3A2017+-+formacin-ad-auditoras-internas-isoiec-170252017Solicitar+Cotizaci%C3%B3n\" title=\"Solicitar Cotizaci\u00f3n\" class=\"blue-button\">Solicitar Cotizaci\u00f3n<\/a>\n        <\/div>\n      <\/div>\n      <div style=\"display:none;\">\n         \n      <\/div>\n    <\/form>  \n  <\/div>\n<script type=\"text\/javascript\">\n\t$(document).ready(function() { \n\t\t$('#purchase_widget_151 input[name=delivery_type]').change(function(){\t\n      $('#purchase_widget_151 .purchase-actions .actions').hide();\t\t\n\t\t\t$('#purchase_widget_151 .purchase-actions .actions.'+$('input[name=delivery_type]:checked').val()).slideDown();\n    });\n    \n    var hiddenBox = $(\"#purchase_widget_151 #open-enrollment-single-session-location\")[0];\n    if(hiddenBox != null && hiddenBox.value !== \"\"){\n      $('#purchase_widget_151 #location p').html(hiddenBox.value);        \n      $('#purchase_widget_151 .session-detail').slideDown();\n      $('#purchase_widget_151 .session-detail').removeClass('d-none');\n      $('#purchase_widget_151 .session-detail').addClass('d-block');\n    }\n    else {      \n      $('#purchase_widget_151 .session-detail').removeClass('d-block');\n      $('#purchase_widget_151 .session-detail').addClass('d-none');\n    }\n\n\t\t$('#purchase_widget_151 #open-enrollment-session').change(function(){\n\t\t\tif($(this).val() != '') {\n\t\t\t\tvar option = $(this).find('option:selected');\n\n\t\t\t\t$('#purchase_widget_151 #location p').html($(option).data('location'));\n        $('#purchase_widget_151 #open-enrollment-session-value').val($(option).data('id'));\n      \n        $('#purchase_widget_151 .session-detail').slideDown();\n        $('#purchase_widget_151 .session-detail').removeClass('d-none');\n        $('#purchase_widget_151 .session-detail').addClass('d-block');\n\t\t\t} else {        \n        $('#purchase_widget_151 .session-detail').removeClass('d-block');\n        $('#purchase_widget_151 .session-detail').addClass('d-none');\n\t\t\t}\n    });\n    var priceFigure = $('#purchase_widget_151 #priceFigure')[0];\n    if (priceFigure != null)\n      priceFigure.innerHTML = formatCurrency(priceFigure.innerHTML);\n    \n      $('#purchase_widget_151 #div-add-product').removeClass('d-block');\n      $('#purchase_widget_151 #div-add-product').addClass('d-none');\n      $('#purchase_widget_151 #add-product').removeClass('d-none');\n      $('#purchase_widget_151 #add-product').addClass('d-block');\n  });\n  $('#purchase_widget_151 .add-product').submit(function(e){\n    e.preventDefault();    \n    var productId = $(this).find('input[name=\"product_id\"]').val();\n          var selectBox = $(\"#purchase_widget_151 #open-enrollment-session\")[0];\n      var hiddenBox1 = $(\"#purchase_widget_151 #open-enrollment-session-value\")[0];\n      var hiddenBox2 = $(\"#purchase_widget_151 #open-enrollment-single-session\")[0];\n      if(selectBox != null){\n        var sessionId = hiddenBox1.value;\n        if(selectBox.value === \"\"){\n          alert(\"Session is required.\");\n        }\n        else if(selectBox.value.substring(0, 4) == 'http') {\n          window.dataLayer = window.dataLayer || [];\n          window.dataLayer.push({ event: 'outbound_link_click', link_url: hiddenBox1.value });\n          window.open(hiddenBox1.value);\n        } \n        else {          \n          addEnrollmentProductToCart(productId, sessionId);\n        }\n      }\n      else if(hiddenBox2 != null && hiddenBox2.value !== \"\"){\n        var sessionId = hiddenBox2.value;\n        if(hiddenBox2.value.substring(0, 4) == 'http'){\n          window.dataLayer = window.dataLayer || [];\n          window.dataLayer.push({ event: 'outbound_link_click', link_url: hiddenBox2.value });\n          window.open(hiddenBox2.value);\n        }\n        else{\n          addEnrollmentProductToCart(productId, sessionId);\n        }\n      }\n      else{\n        addProductToCart(productId);\n      }\n    \n  });\n  <\/script>\n    \t\t\t\t<\/div>\n\t\t\t\t<\/div>\n\t\t\t\t\t<\/div>\n\t\t<\/div>\n\t\t\t\t\t<\/div>\n\t\t<\/section>\n\t\t\t\t<section class=\"elementor-section elementor-top-section elementor-element elementor-element-e9306a7 elementor-section-boxed elementor-section-height-default elementor-section-height-default\" data-id=\"e9306a7\" data-element_type=\"section\" data-e-type=\"section\">\n\t\t\t\t\t\t<div class=\"elementor-container elementor-column-gap-default\">\n\t\t\t\t\t<div class=\"elementor-column elementor-col-100 elementor-top-column elementor-element elementor-element-b2a0b93\" data-id=\"b2a0b93\" data-element_type=\"column\" data-e-type=\"column\">\n\t\t\t<div class=\"elementor-widget-wrap elementor-element-populated\">\n\t\t\t\t\t\t<div class=\"elementor-element elementor-element-08e940a elementor-widget elementor-widget-quick-tabs-block\" data-id=\"08e940a\" data-element_type=\"widget\" data-e-type=\"widget\" data-widget_type=\"quick-tabs-block.default\">\n\t\t\t\t<div class=\"elementor-widget-container\">\n\t\t\t\t\t        <H4 data-tab-title=\"Detalles del entrenamiento\" class=\"simpleTabsOpen\">Detalles del entrenamiento<\/H4>\r\n                          <div class=\"row product-tabs-content\">\r\n                  <div class=\"col-3\">\r\n                    <p style=\"color:black\"><strong>Duraci\u00f3n<\/strong><\/p>\r\n                  <\/div>\r\n                  <div class=\"col-9\">\r\n                    <p>20 horas en 5 m\u00f3dulos de 4 horas por d\u00eda<\/p>                  <\/div>\r\n                <\/div>\r\n                                <hr\/>\r\n                  <br \/>\r\n                                <div class=\"row product-tabs-content\">\r\n                  <div class=\"col-3\">\r\n                    <p style=\"color:black\"><strong>Prerequisites<\/strong><\/p>\r\n                  <\/div>\r\n                  <div class=\"col-9\">\r\n                    <p>Ninguno<\/p>                  <\/div>\r\n                <\/div>\r\n              \r\n        <div data-tab-title=\"\" class=\"simpleTabsClose\"><\/div>\r\n              <H4 data-tab-title=\"Objetivos de Aprendizaje\" class=\"simpleTabsOpen\">Objetivos de Aprendizaje<\/H4>\r\n                      <ul><li><span style=\"font-weight: 400;\">Afirmar\u00e1n los conceptos fundamentales de metrolog\u00eda para garantizar la obtenci\u00f3n de resultados <\/span><span style=\"font-weight: 400;\">confiables.\u00a0<\/span><\/li><li><span style=\"font-weight: 400;\">Afirmar\u00e1n los conceptos de validaci\u00f3n de m\u00e9todos, trazabilidad metrol\u00f3gica y evaluaci\u00f3n de la <\/span><span style=\"font-weight: 400;\">incertidumbre de la medici\u00f3n.\u00a0<\/span><\/li><li><span style=\"font-weight: 400;\">Identificar\u00e1n los requisitos de la Norma ISO\/IEC 17025:2017 y mejorar\u00e1n la aplicaci\u00f3n de los mismos, <\/span><span style=\"font-weight: 400;\">incluyendo los v\u00ednculos con los requisitos de la Norma IATF 16949:2016.\u00a0<\/span><\/li><li><span style=\"font-weight: 400;\">Entender la relaci\u00f3n entre los principios de auditor\u00eda y la competencia de un auditor, incluidas las <\/span><span style=\"font-weight: 400;\">habilidades de comunicaci\u00f3n pertinentes.\u00a0<\/span><\/li><li><span style=\"font-weight: 400;\">Entender el valor que una gesti\u00f3n del programa de auditor\u00edas proporciona al laboratorio.\u00a0<\/span><\/li><li><span style=\"font-weight: 400;\">Entender e implementar buenas pr\u00e1cticas para la preparaci\u00f3n, realizaci\u00f3n y finalizaci\u00f3n de una <\/span><span style=\"font-weight: 400;\">auditor\u00eda, incluyendo la redacci\u00f3n de los hallazgos de la auditor\u00eda.<\/span><\/li><\/ul>          \r\n        <div data-tab-title=\"\" class=\"simpleTabsClose\"><\/div>\r\n              <H4 data-tab-title=\"Qui\u00e9n deber\u00eda participar\" class=\"simpleTabsOpen\">Qui\u00e9n deber\u00eda participar<\/H4>\r\n                      <ul><li><span style=\"font-weight: 400;\">Cualquier persona en la organizaci\u00f3n con conocimientos y experiencia acerca de los requisitos de <\/span><span style=\"font-weight: 400;\">\u00a0<\/span><span style=\"font-weight: 400;\">la Norma ISO\/IEC 17025:2017 y buenas pr\u00e1cticas en un laboratorio de ensayo o calibraci\u00f3n.<\/span><span style=\"font-weight: 400;\">\u00a0<\/span><\/li><li><span style=\"font-weight: 400;\">Miembros del equipo de implementaci\u00f3n y mantenimiento del sistema de gesti\u00f3n en el laboratorio\u00a0 <\/span><span style=\"font-weight: 400;\">de ensayo o calibraci\u00f3n.<\/span><\/li><li><span style=\"font-weight: 400;\">Auditores internos de otros sistemas de gesti\u00f3n que empezar\u00e1n a realizar auditor\u00edas internas o de\u00a0 <\/span><span style=\"font-weight: 400;\">proveedores a uno o m\u00e1s laboratorios de ensayo o calibraci\u00f3n.<\/span><\/li><\/ul>          \r\n        <div data-tab-title=\"\" class=\"simpleTabsClose\"><\/div>\r\n              <H4 data-tab-title=\"Agenda\" class=\"simpleTabsOpen\">Agenda<\/H4>\r\n                      <p><b>M\u00f3dulo 1 (4 horas)\u00a0<\/b><\/p><ul><li><span style=\"font-weight: 400;\">Unidad 1 - Fundamentos clave de metrolog\u00eda.\u00a0<\/span><\/li><li><span style=\"font-weight: 400;\">Unidad 2 \u2013 Comprensi\u00f3n de la Norma ISO\/IEC 17025:2017.\u00a0<\/span><\/li><\/ul><p><b>M\u00f3dulo 2 (4 horas)\u00a0<\/b><\/p><ul><li><span style=\"font-weight: 400;\">Unidad 2 \u2013 Comprensi\u00f3n de la Norma ISO\/IEC 17025:2017.\u00a0<\/span><\/li><\/ul><p><b>M\u00f3dulo 3 (4 horas)\u00a0<\/b><\/p><ul><li><span style=\"font-weight: 400;\">Unidad 3 - Orientaci\u00f3n para gestionar las auditor\u00edas.\u00a0<\/span><\/li><li><span style=\"font-weight: 400;\">Principios de auditor\u00eda.\u00a0<\/span><\/li><li><span style=\"font-weight: 400;\">Competencia de los auditores.\u00a0<\/span><\/li><li><span style=\"font-weight: 400;\">Habilidades de comunicaci\u00f3n.\u00a0<\/span><\/li><li><span style=\"font-weight: 400;\">Gesti\u00f3n del programa de auditor\u00edas.\u00a0<\/span><\/li><li><span style=\"font-weight: 400;\">Inicio de la auditor\u00eda.\u00a0<\/span><\/li><\/ul><p><b>M\u00f3dulo 4 (4 horas)\u00a0<\/b><\/p><ul><li><span style=\"font-weight: 400;\">Unidad 3 - Orientaci\u00f3n para gestionar las auditor\u00edas.\u00a0<\/span><\/li><li><span style=\"font-weight: 400;\">Preparaci\u00f3n de la auditor\u00eda.\u00a0<\/span><\/li><\/ul><p><b>M\u00f3dulo 5 (4 horas)\u00a0<\/b><\/p><ul><li><span style=\"font-weight: 400;\">Realizaci\u00f3n de la auditor\u00eda. (continuaci\u00f3n)<\/span><\/li><li><span style=\"font-weight: 400;\">Despu\u00e9s de la auditor\u00eda.\u00a0<\/span><\/li><\/ul>          \r\n        <div data-tab-title=\"\" class=\"simpleTabsClose\"><\/div>\r\n      \t\t\t\t<\/div>\n\t\t\t\t<\/div>\n\t\t\t\t\t<\/div>\n\t\t<\/div>\n\t\t\t\t\t<\/div>\n\t\t<\/section>\n\t\t\t\t<section class=\"elementor-section elementor-top-section elementor-element elementor-element-b216844 elementor-section-boxed elementor-section-height-default elementor-section-height-default\" data-id=\"b216844\" data-element_type=\"section\" data-e-type=\"section\">\n\t\t\t\t\t\t<div class=\"elementor-container elementor-column-gap-default\">\n\t\t\t\t\t<div class=\"elementor-column elementor-col-100 elementor-top-column elementor-element elementor-element-d04b77a\" data-id=\"d04b77a\" data-element_type=\"column\" data-e-type=\"column\">\n\t\t\t<div class=\"elementor-widget-wrap elementor-element-populated\">\n\t\t\t\t\t\t<div class=\"elementor-element elementor-element-09c7ffb elementor-widget elementor-widget-related-content-block\" data-id=\"09c7ffb\" data-element_type=\"widget\" data-e-type=\"widget\" data-widget_type=\"related-content-block.default\">\n\t\t\t\t<div class=\"elementor-widget-container\">\n\t\t\t\t\t    \r\n      <div class=\"row\">\r\n          <div class=\"col\">\r\n              <div class=\"related-content\">\r\n                  <h2 >Tambi\u00e9n podr\u00eda interesarle:<\/h2>\r\n\r\n                  <div class=\"row\">\r\n                      <div class=\"col-12 col-md-4 mb-3\">\r\n                          <div class=\"page page-1\">\r\n                              <div class=\"content-type\"><\/div>\r\n                              <div class=\"content-title\"><a href=\"https:\/\/plexusintl.com\/mx\/catalogo\/norma-de-iso-iec-170262017\/\" class=\"cta\" >Fundamentos de la norma de ISO\/IEC 17025:2017<\/a><\/div>\r\n                              <div class=\"content-description\"><p >El prop\u00f3sito de este curso de formaci\u00f3n a distancia es desarrollar en los participantes un entendimiento de los requisitos de la Norma ISO\/IEC 17025:2017 y buenas pr\u00e1cticas en un laboratorio interno que realice actividades de ensayo, calibraci\u00f3n y\/o muestreo asociado con el subsiguiente ensayo o calibraci\u00f3n.<\/p><\/div>\r\n                          <\/div>\r\n                      <\/div>\r\n                      <div class=\"col-12 col-md-4 mb-3\">\r\n                          <div class=\"page page-2\">\r\n                              <div class=\"content-type\"><\/div>\r\n                              <div class=\"content-title\"><a href=\"https:\/\/plexusintl.com\/mx\/competencias\/iso-iec-17025-laboratorios-de-prueba-y-calibracion\/\" class=\"cta\" >Laboratorios de Ensayo y Calibraci\u00f3n<\/a><\/div>\r\n                              <div class=\"content-description\"><p >ISO \/ IEC 17025 es el est\u00e1ndar m\u00e1s com\u00fan y reconocido mundialmente para garantizar la competencia de los laboratorios de prueba y calibraci\u00f3n. ISO \/ IEC 17025 especifica los requisitos generales de competencia, imparcialidad y funcionamiento coherente de los laboratorios. Est\u00e1 dise\u00f1ado y es aplicable a todas las organizaciones que realizan actividades de laboratorio.<\/p><\/div>\r\n                          <\/div>\r\n                      <\/div>\r\n                      <div class=\"col-xs-12 col-md-4 mb-3\">\r\n                          <div class=\"page page-3\">\r\n                              <div class=\"content-type\"><\/div>\r\n                              <div class=\"content-title\"><a href=\"https:\/\/plexusintl.com\/mx\/catalogo\/fundamentos-de-la-norma-iso-90012015\/\" class=\"cta\" >Fundamentos de la norma ISO 9001:2015<\/a><\/div>\r\n                              <div class=\"content-description\"><p >Mediante el uso de m\u00e9todos interactivos, desarrolle una comprensi\u00f3n de las intenciones y los requisitos descritos por ISO 9001: 2015 a trav\u00e9s de una revisi\u00f3n cl\u00e1usula por cl\u00e1usula de la norma. Los participantes aprender\u00e1n los conceptos, principios y vocabulario fundamentales de un sistema de gesti\u00f3n de calidad ISO 9001: 2015.<\/p><\/div>\r\n                          <\/div>\r\n                      <\/div>\r\n                  <\/div>\r\n              <\/div>\r\n          <\/div>\r\n      <\/div>\r\n    \t\t\t\t<\/div>\n\t\t\t\t<\/div>\n\t\t\t\t\t<\/div>\n\t\t<\/div>\n\t\t\t\t\t<\/div>\n\t\t<\/section>\n\t\t\t\t<\/div>\n\t\t","protected":false},"excerpt":{"rendered":"<p>Active<\/p>\n","protected":false},"author":1,"featured_media":0,"parent":87,"menu_order":75,"comment_status":"closed","ping_status":"closed","template":"","meta":{"footnotes":"","_wp_rev_ctl_limit":""},"class_list":["post-1129","page","type-page","status-publish","hentry"],"_links":{"self":[{"href":"https:\/\/plexusintl.com\/mx\/wp-json\/wp\/v2\/pages\/1129","targetHints":{"allow":["GET"]}}],"collection":[{"href":"https:\/\/plexusintl.com\/mx\/wp-json\/wp\/v2\/pages"}],"about":[{"href":"https:\/\/plexusintl.com\/mx\/wp-json\/wp\/v2\/types\/page"}],"author":[{"embeddable":true,"href":"https:\/\/plexusintl.com\/mx\/wp-json\/wp\/v2\/users\/1"}],"replies":[{"embeddable":true,"href":"https:\/\/plexusintl.com\/mx\/wp-json\/wp\/v2\/comments?post=1129"}],"version-history":[{"count":21,"href":"https:\/\/plexusintl.com\/mx\/wp-json\/wp\/v2\/pages\/1129\/revisions"}],"predecessor-version":[{"id":7153,"href":"https:\/\/plexusintl.com\/mx\/wp-json\/wp\/v2\/pages\/1129\/revisions\/7153"}],"up":[{"embeddable":true,"href":"https:\/\/plexusintl.com\/mx\/wp-json\/wp\/v2\/pages\/87"}],"wp:attachment":[{"href":"https:\/\/plexusintl.com\/mx\/wp-json\/wp\/v2\/media?parent=1129"}],"curies":[{"name":"wp","href":"https:\/\/api.w.org\/{rel}","templated":true}]}}