{"id":1131,"date":"2020-07-10T03:27:43","date_gmt":"2020-07-10T08:27:43","guid":{"rendered":"https:\/\/plexusintl.com\/?page_id=1131"},"modified":"2021-12-10T14:05:11","modified_gmt":"2021-12-10T19:05:11","slug":"norma-de-iso-iec-170262017","status":"publish","type":"page","link":"https:\/\/plexusintl.com\/mx\/catalogo\/norma-de-iso-iec-170262017\/","title":{"rendered":"Fundamentos de la norma de ISO\/IEC 17025:2017"},"content":{"rendered":"\t\t<div data-elementor-type=\"wp-page\" data-elementor-id=\"1131\" class=\"elementor elementor-1131\" data-elementor-post-type=\"page\">\n\t\t\t\t\t\t<section class=\"elementor-section elementor-top-section elementor-element elementor-element-201f25b6 elementor-section-boxed elementor-section-height-default elementor-section-height-default\" data-id=\"201f25b6\" data-element_type=\"section\" data-e-type=\"section\">\n\t\t\t\t\t\t<div class=\"elementor-container elementor-column-gap-default\">\n\t\t\t\t\t<div class=\"elementor-column elementor-col-50 elementor-top-column elementor-element elementor-element-216fe48b\" data-id=\"216fe48b\" data-element_type=\"column\" data-e-type=\"column\">\n\t\t\t<div class=\"elementor-widget-wrap elementor-element-populated\">\n\t\t\t\t\t\t<div class=\"elementor-element elementor-element-4eea4c77 elementor-widget elementor-widget-product-meta\" data-id=\"4eea4c77\" data-element_type=\"widget\" data-e-type=\"widget\" data-widget_type=\"product-meta.default\">\n\t\t\t\t<div class=\"elementor-widget-container\">\n\t\t\t\t\t        <div class=\"meta\">\n                  <div class=\"tags\">ISO\/IEC 17025:2017&nbsp;&bull;&nbsp;Formaci\u00f3n a Distancia<\/div>\n              <\/div>\n     \t\t\t\t<\/div>\n\t\t\t\t<\/div>\n\t\t\t\t<div class=\"elementor-element elementor-element-696b4c46 elementor-widget elementor-widget-theme-post-title elementor-page-title elementor-widget-heading\" data-id=\"696b4c46\" data-element_type=\"widget\" data-e-type=\"widget\" data-widget_type=\"theme-post-title.default\">\n\t\t\t\t<div class=\"elementor-widget-container\">\n\t\t\t\t\t<h3 class=\"elementor-heading-title elementor-size-default\">Fundamentos de la norma de ISO\/IEC 17025:2017<\/h3>\t\t\t\t<\/div>\n\t\t\t\t<\/div>\n\t\t\t\t<div class=\"elementor-element elementor-element-7dbc41bf elementor-widget elementor-widget-text-editor\" data-id=\"7dbc41bf\" data-element_type=\"widget\" data-e-type=\"widget\" data-widget_type=\"text-editor.default\">\n\t\t\t\t<div class=\"elementor-widget-container\">\n\t\t\t\t\t\t\t\t\t<p><span style=\"font-weight: 400;\">El prop\u00f3sito de este curso de formaci\u00f3n a distancia es desarrollar en los participantes un entendimiento de los requisitos de la Norma ISO\/IEC 17025:2017 y buenas pr\u00e1cticas en un laboratorio interno que realice actividades de ensayo, calibraci\u00f3n y\/o muestreo asociado con el subsiguiente ensayo o calibraci\u00f3n.<\/span><\/p><p><span style=\"font-weight: 400;\">La implementaci\u00f3n eficaz de los requisitos de la Norma ISO\/IEC 17025:2017 permiten al laboratorio de la organizaci\u00f3n demostrar que opera de forma competente y que tiene la capacidad de generar resultados va\u0301lidos.<\/span><\/p><p><span style=\"font-weight: 400;\">El enfoque a procesos y el pensamiento basado en riesgos constituyen una base s\u00f3lida para lograr los resultados pretendidos del laboratorio. Al abordar los riesgos y las oportunidades se establece una base para incrementar la eficacia del sistema de gestio\u0301n, lograr mejores resultados y prevenir efectos negativos.\u00a0<\/span><\/p>\t\t\t\t\t\t\t\t<\/div>\n\t\t\t\t<\/div>\n\t\t\t\t\t<\/div>\n\t\t<\/div>\n\t\t\t\t<div class=\"elementor-column elementor-col-50 elementor-top-column elementor-element elementor-element-b19b239\" data-id=\"b19b239\" data-element_type=\"column\" data-e-type=\"column\">\n\t\t\t<div class=\"elementor-widget-wrap elementor-element-populated\">\n\t\t\t\t\t\t<div class=\"elementor-element elementor-element-1c46f48 elementor-widget elementor-widget-purchase-widget\" data-id=\"1c46f48\" data-element_type=\"widget\" data-e-type=\"widget\" data-widget_type=\"purchase-widget.default\">\n\t\t\t\t<div class=\"elementor-widget-container\">\n\t\t\t\t\t\n<div id=\"purchase_widget_296\" class=\"product-purchase-options\">\n\t<div class=\"intro-header\">\n    \t\t<h3>Entrenamientos a Distancia<\/h3>\n\t\t<p><\/p>\n\t<\/div>\n\n    <div id=\"div-add-product\" class=\"d-block text-center\">\n    <img decoding=\"async\" src=\"https:\/\/plexusintl.com\/mx\/wp-content\/themes\/plexus-theme\/images\/Purchase-Widget.svg\" width=\"50px\" alt=\"Loading\" \/>     \n  <\/div>\n    <form method=\"post\" id=\"add-product\" class=\"add-product d-none\">\n      <div class=\"options\">\n        <div class=\"form-group d-block\"><script type=\"text\/javascript\"> $('.product-purchase-options .intro-header').removeAttr(\"style\"); <\/script>          <div class=\"radio\">\n            <label>\n              <input type=\"radio\" name=\"delivery_type_lvw\" value=\"e-learning\" checked onchange=\"$('#corporate_licensing_296').css('display', 'none');$('#member_pricing_296').css('display', 'none');$('#single_user_access_296').css('display', 'block');\"> Abiertos<\/label>\n          <\/div>\n          <div class=\"radio d-block\">\n            <label>\n              <input type=\"radio\" name=\"delivery_type_lvw\" value=\"on-site-training\" onchange=\"$('#single_user_access_296').css('display', 'none');$('#member_pricing_296').css('display', 'none');$('#corporate_licensing_296').css('display', 'block');\"> Sesi\u00f3n privada (solo para mi organizaci\u00f3n<\/label>\n          <\/div>\n          <div class=\"radio d-none\">\n            <label>\n              <input type=\"radio\" name=\"delivery_type_lvw\" value=\"member-pricing\" onchange=\"$('#single_user_access_296').css('display', 'none');$('#corporate_licensing_296').css('display', 'none');$('#member_pricing_296').css('display', 'block');\"> Precio Miembro AIAG<\/label>\n          <\/div>\n        <\/div>      <div class=\"purchase-actions\" id=\"single_user_access_296\">\n        <div class=\"open-enrollment actions d-block\">\n                          <div class=\"form-group d-block\">\n                  <label for=\"open-enrollment-session\">Fechas disponibles<\/label>\n                                      <p>No se encontraron sesiones disponibles<\/p>\n                                    <\/div>\n                          <div class=\"session-detail d-none\">\n              <div class=\"price-wrapper \">\n                <div class=\"price-label\">A partir de:<\/div>\n                                    \n                  <div class=\"price\" id=\"e-learning-price\">\n                    <span id=\"priceFigure\">7700.00<\/span>&nbsp;MXN            \n                  <\/div>\n                                    <div id=\"purchase-error\"><\/div>\n                  <input type=\"hidden\" name=\"product_id\" value=\"68b1c6d0-b503-11eb-b999-0ae8b9885edd\">\n              <\/div>\n              <button type=\"submit\" class=\"blue-button register-button\" style=\"display:block;\">Registrarse<\/button>\n            <\/div>\t\t\t\t\n        <\/div> \n      <\/div>\n      \n      <div class=\"purchase-actions\" id=\"corporate_licensing_296\" style=\"display:none;\">\n        <div class=\"on-site-training actions\" style=\"display: block;\">\n          <a href=\"http:\/\/plexusintl.com\/mx\/solicite-una-cotizacion\/?course_requested=Fundamentos+de+la+Norma+ISO+17025%3A2017+-+fundamentos-de-la-norma-iso-170252017\" title=\"Solicite una cotizaci\u00f3n\" class=\"blue-button\">Solicite una cotizaci\u00f3n<\/a>\n        <\/div>\n      <\/div>\n\n      <div class=\"purchase-actions\" id=\"member_pricing_296\" style=\"display:none;\">\n        <div class=\"on-site-training actions\" style=\"display: block;\">\n          <a href=\"http:\/\/plexusintl.com\/request-quote?course_requested=Fundamentos+de+la+Norma+ISO+17025%3A2017+-+fundamentos-de-la-norma-iso-170252017Solicitar+una+Cotizaci%C3%B3n\" title=\"Solicitar una Cotizaci\u00f3n\" class=\"blue-button\">Solicitar una Cotizaci\u00f3n<\/a>\n        <\/div>\n      <\/div>\n      <div style=\"display:none;\">\n         \n      <\/div>\n    <\/form>  \n  <\/div>\n<script type=\"text\/javascript\">\n\t$(document).ready(function() { \n\t\t$('#purchase_widget_296 input[name=delivery_type]').change(function(){\t\n      $('#purchase_widget_296 .purchase-actions .actions').hide();\t\t\n\t\t\t$('#purchase_widget_296 .purchase-actions .actions.'+$('input[name=delivery_type]:checked').val()).slideDown();\n    });\n    \n    var hiddenBox = $(\"#purchase_widget_296 #open-enrollment-single-session-location\")[0];\n    if(hiddenBox != null && hiddenBox.value !== \"\"){\n      $('#purchase_widget_296 #location p').html(hiddenBox.value);        \n      $('#purchase_widget_296 .session-detail').slideDown();\n      $('#purchase_widget_296 .session-detail').removeClass('d-none');\n      $('#purchase_widget_296 .session-detail').addClass('d-block');\n    }\n    else {      \n      $('#purchase_widget_296 .session-detail').removeClass('d-block');\n      $('#purchase_widget_296 .session-detail').addClass('d-none');\n    }\n\n\t\t$('#purchase_widget_296 #open-enrollment-session').change(function(){\n\t\t\tif($(this).val() != '') {\n\t\t\t\tvar option = $(this).find('option:selected');\n\n\t\t\t\t$('#purchase_widget_296 #location p').html($(option).data('location'));\n        $('#purchase_widget_296 #open-enrollment-session-value').val($(option).data('id'));\n      \n        $('#purchase_widget_296 .session-detail').slideDown();\n        $('#purchase_widget_296 .session-detail').removeClass('d-none');\n        $('#purchase_widget_296 .session-detail').addClass('d-block');\n\t\t\t} else {        \n        $('#purchase_widget_296 .session-detail').removeClass('d-block');\n        $('#purchase_widget_296 .session-detail').addClass('d-none');\n\t\t\t}\n    });\n    var priceFigure = $('#purchase_widget_296 #priceFigure')[0];\n    if (priceFigure != null)\n      priceFigure.innerHTML = formatCurrency(priceFigure.innerHTML);\n    \n      $('#purchase_widget_296 #div-add-product').removeClass('d-block');\n      $('#purchase_widget_296 #div-add-product').addClass('d-none');\n      $('#purchase_widget_296 #add-product').removeClass('d-none');\n      $('#purchase_widget_296 #add-product').addClass('d-block');\n  });\n  $('#purchase_widget_296 .add-product').submit(function(e){\n    e.preventDefault();    \n    var productId = $(this).find('input[name=\"product_id\"]').val();\n          var selectBox = $(\"#purchase_widget_296 #open-enrollment-session\")[0];\n      var hiddenBox1 = $(\"#purchase_widget_296 #open-enrollment-session-value\")[0];\n      var hiddenBox2 = $(\"#purchase_widget_296 #open-enrollment-single-session\")[0];\n      if(selectBox != null){\n        var sessionId = hiddenBox1.value;\n        if(selectBox.value === \"\"){\n          alert(\"Session is required.\");\n        }\n        else if(selectBox.value.substring(0, 4) == 'http') {\n          window.dataLayer = window.dataLayer || [];\n          window.dataLayer.push({ event: 'outbound_link_click', link_url: hiddenBox1.value });\n          window.open(hiddenBox1.value);\n        } \n        else {          \n          addEnrollmentProductToCart(productId, sessionId);\n        }\n      }\n      else if(hiddenBox2 != null && hiddenBox2.value !== \"\"){\n        var sessionId = hiddenBox2.value;\n        if(hiddenBox2.value.substring(0, 4) == 'http'){\n          window.dataLayer = window.dataLayer || [];\n          window.dataLayer.push({ event: 'outbound_link_click', link_url: hiddenBox2.value });\n          window.open(hiddenBox2.value);\n        }\n        else{\n          addEnrollmentProductToCart(productId, sessionId);\n        }\n      }\n      else{\n        addProductToCart(productId);\n      }\n    \n  });\n  <\/script>\n    \t\t\t\t<\/div>\n\t\t\t\t<\/div>\n\t\t\t\t\t<\/div>\n\t\t<\/div>\n\t\t\t\t\t<\/div>\n\t\t<\/section>\n\t\t\t\t<section class=\"elementor-section elementor-top-section elementor-element elementor-element-9fd2ce9 elementor-section-boxed elementor-section-height-default elementor-section-height-default\" data-id=\"9fd2ce9\" data-element_type=\"section\" data-e-type=\"section\">\n\t\t\t\t\t\t<div class=\"elementor-container elementor-column-gap-default\">\n\t\t\t\t\t<div class=\"elementor-column elementor-col-100 elementor-top-column elementor-element elementor-element-337849b\" data-id=\"337849b\" data-element_type=\"column\" data-e-type=\"column\">\n\t\t\t<div class=\"elementor-widget-wrap elementor-element-populated\">\n\t\t\t\t\t\t<div class=\"elementor-element elementor-element-c976f30 elementor-widget elementor-widget-quick-tabs-block\" data-id=\"c976f30\" data-element_type=\"widget\" data-e-type=\"widget\" data-widget_type=\"quick-tabs-block.default\">\n\t\t\t\t<div class=\"elementor-widget-container\">\n\t\t\t\t\t        <H4 data-tab-title=\"Detalles del entrenamiento\" class=\"simpleTabsOpen\">Detalles del entrenamiento<\/H4>\r\n                          <div class=\"row product-tabs-content\">\r\n                  <div class=\"col-3\">\r\n                    <p style=\"color:black\"><strong>Duraci\u00f3n<\/strong><\/p>\r\n                  <\/div>\r\n                  <div class=\"col-9\">\r\n                    <p><span style=\"font-weight: 400;\">Tres d\u00edas (12 horas). Las jornadas ser\u00e1n de alrededor de cuatro horas m\u00e1s el tiempo dedicado a los recesos durante la sesi\u00f3n.\u00a0<\/span><\/p>                  <\/div>\r\n                <\/div>\r\n                                <hr\/>\r\n                  <br \/>\r\n                                <div class=\"row product-tabs-content\">\r\n                  <div class=\"col-3\">\r\n                    <p style=\"color:black\"><strong>Requisitos Previos<\/strong><\/p>\r\n                  <\/div>\r\n                  <div class=\"col-9\">\r\n                    <p>Ninguno<\/p>                  <\/div>\r\n                <\/div>\r\n              \r\n        <div data-tab-title=\"\" class=\"simpleTabsClose\"><\/div>\r\n              <H4 data-tab-title=\"Objetivos de Aprendizaje\" class=\"simpleTabsOpen\">Objetivos de Aprendizaje<\/H4>\r\n                      <ul><li style=\"font-weight: 400;\" aria-level=\"1\"><span style=\"font-weight: 400;\">Afirmar\u00e1n los conceptos fundamentales de metrolog\u00eda para garantizar la obtenci\u00f3n de resultados confiables;<\/span><\/li><li style=\"font-weight: 400;\" aria-level=\"1\"><span style=\"font-weight: 400;\">Afirmar\u00e1n los conceptos de validaci\u00f3n de m\u00e9todos, trazabilidad metrol\u00f3gica y evaluaci\u00f3n de la incertidumbre de la medici\u00f3n;<\/span><\/li><li style=\"font-weight: 400;\" aria-level=\"1\"><span style=\"font-weight: 400;\">Identificar\u00e1n los requisitos de la Norma ISO\/IEC 17025 y mejorar\u00e1n la aplicaci\u00f3n de los requisitos de la Norma ISO\/IEC 17025:2017, incluyendo los v\u00ednculos con los requisitos de la Norma IATF 16949.<\/span><\/li><\/ul>          \r\n        <div data-tab-title=\"\" class=\"simpleTabsClose\"><\/div>\r\n              <H4 data-tab-title=\"Quien deber\u00eda participar\" class=\"simpleTabsOpen\">Quien deber\u00eda participar<\/H4>\r\n                      <ul><li><span style=\"font-weight: 400;\">Personal de la organizaci\u00f3n que necesite aprender acerca de la Norma ISO\/IEC 17025:2017;<\/span><\/li><li>Miembros del equipo de implementaci\u00f3n y mantenimiento del sistema de gesti\u00f3n del laboratorio;<\/li><li>Auditores Internos de la organizaci\u00f3n que necesitan reforzar su conocimiento de los requisitos de la Norma ISO\/IEC 17025:2017.<\/li><\/ul><p>\u00a0<\/p>          \r\n        <div data-tab-title=\"\" class=\"simpleTabsClose\"><\/div>\r\n      \t\t\t\t<\/div>\n\t\t\t\t<\/div>\n\t\t\t\t\t<\/div>\n\t\t<\/div>\n\t\t\t\t\t<\/div>\n\t\t<\/section>\n\t\t\t\t<\/div>\n\t\t","protected":false},"excerpt":{"rendered":"<p>Active<\/p>\n","protected":false},"author":1,"featured_media":0,"parent":87,"menu_order":76,"comment_status":"closed","ping_status":"closed","template":"","meta":{"footnotes":"","_wp_rev_ctl_limit":""},"class_list":["post-1131","page","type-page","status-publish","hentry"],"_links":{"self":[{"href":"https:\/\/plexusintl.com\/mx\/wp-json\/wp\/v2\/pages\/1131","targetHints":{"allow":["GET"]}}],"collection":[{"href":"https:\/\/plexusintl.com\/mx\/wp-json\/wp\/v2\/pages"}],"about":[{"href":"https:\/\/plexusintl.com\/mx\/wp-json\/wp\/v2\/types\/page"}],"author":[{"embeddable":true,"href":"https:\/\/plexusintl.com\/mx\/wp-json\/wp\/v2\/users\/1"}],"replies":[{"embeddable":true,"href":"https:\/\/plexusintl.com\/mx\/wp-json\/wp\/v2\/comments?post=1131"}],"version-history":[{"count":23,"href":"https:\/\/plexusintl.com\/mx\/wp-json\/wp\/v2\/pages\/1131\/revisions"}],"predecessor-version":[{"id":6209,"href":"https:\/\/plexusintl.com\/mx\/wp-json\/wp\/v2\/pages\/1131\/revisions\/6209"}],"up":[{"embeddable":true,"href":"https:\/\/plexusintl.com\/mx\/wp-json\/wp\/v2\/pages\/87"}],"wp:attachment":[{"href":"https:\/\/plexusintl.com\/mx\/wp-json\/wp\/v2\/media?parent=1131"}],"curies":[{"name":"wp","href":"https:\/\/api.w.org\/{rel}","templated":true}]}}