{"id":1155,"date":"2020-07-10T04:11:20","date_gmt":"2020-07-09T23:11:20","guid":{"rendered":"https:\/\/plexusintl.com\/?page_id=1155"},"modified":"2023-12-05T12:36:17","modified_gmt":"2023-12-05T17:36:17","slug":"auditorias-en-iso-90012015","status":"publish","type":"page","link":"https:\/\/plexusintl.com\/mx\/catalogo\/auditorias-en-iso-90012015\/","title":{"rendered":"Fundamentos de Auditor\u00edas en ISO 9001:2015"},"content":{"rendered":"\t\t<div data-elementor-type=\"wp-page\" data-elementor-id=\"1155\" class=\"elementor elementor-1155\" data-elementor-post-type=\"page\">\n\t\t\t\t\t\t<section class=\"elementor-section elementor-top-section elementor-element elementor-element-4534cd16 elementor-section-boxed elementor-section-height-default elementor-section-height-default\" data-id=\"4534cd16\" data-element_type=\"section\" data-e-type=\"section\">\n\t\t\t\t\t\t<div class=\"elementor-container elementor-column-gap-default\">\n\t\t\t\t\t<div class=\"elementor-column elementor-col-50 elementor-top-column elementor-element elementor-element-6a29b9c1\" data-id=\"6a29b9c1\" data-element_type=\"column\" data-e-type=\"column\">\n\t\t\t<div class=\"elementor-widget-wrap elementor-element-populated\">\n\t\t\t\t\t\t<div class=\"elementor-element elementor-element-7cae9bb4 elementor-widget elementor-widget-product-meta\" data-id=\"7cae9bb4\" data-element_type=\"widget\" data-e-type=\"widget\" data-widget_type=\"product-meta.default\">\n\t\t\t\t<div class=\"elementor-widget-container\">\n\t\t\t\t\t        <div class=\"meta\">\n                  <div class=\"tags\">ISO 19011:2018&nbsp;&bull;&nbsp;ISO 9001:2015&nbsp;&bull;&nbsp;Formaci\u00f3n a Distancia<\/div>\n              <\/div>\n     \t\t\t\t<\/div>\n\t\t\t\t<\/div>\n\t\t\t\t<div class=\"elementor-element elementor-element-1607dc18 elementor-widget elementor-widget-theme-post-title elementor-page-title elementor-widget-heading\" data-id=\"1607dc18\" data-element_type=\"widget\" data-e-type=\"widget\" data-widget_type=\"theme-post-title.default\">\n\t\t\t\t<div class=\"elementor-widget-container\">\n\t\t\t\t\t<h3 class=\"elementor-heading-title elementor-size-default\">Fundamentos de Auditor\u00edas en ISO 9001:2015<\/h3>\t\t\t\t<\/div>\n\t\t\t\t<\/div>\n\t\t\t\t<div class=\"elementor-element elementor-element-988c9c4 elementor-widget elementor-widget-text-editor\" data-id=\"988c9c4\" data-element_type=\"widget\" data-e-type=\"widget\" data-widget_type=\"text-editor.default\">\n\t\t\t\t<div class=\"elementor-widget-container\">\n\t\t\t\t\t\t\t\t\t<p><span style=\"font-weight: 400;\">Este entrenamiento est\u00e1 dise\u00f1ado para nuevos auditores internos y auditores internos con experiencia que requieren capacitaci\u00f3n de la norma ISO 9001:2015. Los participantes desarrollar\u00e1n habilidades necesarias para conducir auditor\u00edas internas de calidad para ISO 9001:2015, con conformidad con la norma ISO 19011:2018. Mediante la participaci\u00f3n individual y los ejercicios de grupo, los participantes aplicar\u00e1n y auditar\u00e1n los requisitos de ISO 9001:2015<\/span><\/p>\t\t\t\t\t\t\t\t<\/div>\n\t\t\t\t<\/div>\n\t\t\t\t\t<\/div>\n\t\t<\/div>\n\t\t\t\t<div class=\"elementor-column elementor-col-50 elementor-top-column elementor-element elementor-element-d7eb036\" data-id=\"d7eb036\" data-element_type=\"column\" data-e-type=\"column\">\n\t\t\t<div class=\"elementor-widget-wrap elementor-element-populated\">\n\t\t\t\t\t\t<div class=\"elementor-element elementor-element-fd6eec3 elementor-widget elementor-widget-purchase-widget\" data-id=\"fd6eec3\" data-element_type=\"widget\" data-e-type=\"widget\" data-widget_type=\"purchase-widget.default\">\n\t\t\t\t<div class=\"elementor-widget-container\">\n\t\t\t\t\t\n<div id=\"purchase_widget_265\" class=\"product-purchase-options\">\n\t<div class=\"intro-header\">\n    \t\t<h3>Entrenamientos a Distancia<\/h3>\n\t\t<p><\/p>\n\t<\/div>\n\n    <div id=\"div-add-product\" class=\"d-block text-center\">\n    <img decoding=\"async\" src=\"https:\/\/plexusintl.com\/mx\/wp-content\/themes\/plexus-theme\/images\/Purchase-Widget.svg\" width=\"50px\" alt=\"Loading\" \/>     \n  <\/div>\n    <form method=\"post\" id=\"add-product\" class=\"add-product d-none\">\n      <div class=\"options\">\n        <div class=\"form-group d-block\"><script type=\"text\/javascript\"> $('.product-purchase-options .intro-header').removeAttr(\"style\"); <\/script>          <div class=\"radio\">\n            <label>\n              <input type=\"radio\" name=\"delivery_type_lvw\" value=\"e-learning\" checked onchange=\"$('#corporate_licensing_265').css('display', 'none');$('#member_pricing_265').css('display', 'none');$('#single_user_access_265').css('display', 'block');\"> Abiertos<\/label>\n          <\/div>\n          <div class=\"radio d-block\">\n            <label>\n              <input type=\"radio\" name=\"delivery_type_lvw\" value=\"on-site-training\" onchange=\"$('#single_user_access_265').css('display', 'none');$('#member_pricing_265').css('display', 'none');$('#corporate_licensing_265').css('display', 'block');\"> Sesi\u00f3n privada (solo para mi organizaci\u00f3n<\/label>\n          <\/div>\n          <div class=\"radio d-none\">\n            <label>\n              <input type=\"radio\" name=\"delivery_type_lvw\" value=\"member-pricing\" onchange=\"$('#single_user_access_265').css('display', 'none');$('#corporate_licensing_265').css('display', 'none');$('#member_pricing_265').css('display', 'block');\"> Precio Miembro AIAG<\/label>\n          <\/div>\n        <\/div>      <div class=\"purchase-actions\" id=\"single_user_access_265\">\n        <div class=\"open-enrollment actions d-block\">\n                          <div class=\"form-group d-block\">\n                  <label for=\"open-enrollment-session\">Fechas disponibles<\/label>\n                                      <p>No se encontraron sesiones disponibles<\/p>\n                                    <\/div>\n                          <div class=\"session-detail d-none\">\n              <div class=\"price-wrapper \">\n                <div class=\"price-label\">A partir de:<\/div>\n                                    \n                  <div class=\"price\" id=\"e-learning-price\">\n                    <span id=\"priceFigure\">11900.00<\/span>&nbsp;MXN            \n                  <\/div>\n                                    <div id=\"purchase-error\"><\/div>\n                  <input type=\"hidden\" name=\"product_id\" value=\"385fac00-6d4a-11eb-aa89-0ae8b9885edd\">\n              <\/div>\n              <button type=\"submit\" class=\"blue-button register-button\" style=\"display:block;\">Registrarse<\/button>\n            <\/div>\t\t\t\t\n        <\/div> \n      <\/div>\n      \n      <div class=\"purchase-actions\" id=\"corporate_licensing_265\" style=\"display:none;\">\n        <div class=\"on-site-training actions\" style=\"display: block;\">\n          <a href=\"http:\/\/plexusintl.com\/mx\/solicite-una-cotizacion\/?course_requested=Formaci%C3%B3n+AD+-+Auditor%C3%ADas+Internas+-+AS+9100+-+formacin-ad-auditoras-internas-as-9100\" title=\"Solicite una cotizaci\u00f3n\" class=\"blue-button\">Solicite una cotizaci\u00f3n<\/a>\n        <\/div>\n      <\/div>\n\n      <div class=\"purchase-actions\" id=\"member_pricing_265\" style=\"display:none;\">\n        <div class=\"on-site-training actions\" style=\"display: block;\">\n          <a href=\"http:\/\/plexusintl.com\/request-quote?course_requested=Formaci%C3%B3n+AD+-+Auditor%C3%ADas+Internas+-+AS+9100+-+formacin-ad-auditoras-internas-as-9100Solicitar+una+Cotizaci%C3%B3n\" title=\"Solicitar una Cotizaci\u00f3n\" class=\"blue-button\">Solicitar una Cotizaci\u00f3n<\/a>\n        <\/div>\n      <\/div>\n      <div style=\"display:none;\">\n         \n      <\/div>\n    <\/form>  \n  <\/div>\n<script type=\"text\/javascript\">\n\t$(document).ready(function() { \n\t\t$('#purchase_widget_265 input[name=delivery_type]').change(function(){\t\n      $('#purchase_widget_265 .purchase-actions .actions').hide();\t\t\n\t\t\t$('#purchase_widget_265 .purchase-actions .actions.'+$('input[name=delivery_type]:checked').val()).slideDown();\n    });\n    \n    var hiddenBox = $(\"#purchase_widget_265 #open-enrollment-single-session-location\")[0];\n    if(hiddenBox != null && hiddenBox.value !== \"\"){\n      $('#purchase_widget_265 #location p').html(hiddenBox.value);        \n      $('#purchase_widget_265 .session-detail').slideDown();\n      $('#purchase_widget_265 .session-detail').removeClass('d-none');\n      $('#purchase_widget_265 .session-detail').addClass('d-block');\n    }\n    else {      \n      $('#purchase_widget_265 .session-detail').removeClass('d-block');\n      $('#purchase_widget_265 .session-detail').addClass('d-none');\n    }\n\n\t\t$('#purchase_widget_265 #open-enrollment-session').change(function(){\n\t\t\tif($(this).val() != '') {\n\t\t\t\tvar option = $(this).find('option:selected');\n\n\t\t\t\t$('#purchase_widget_265 #location p').html($(option).data('location'));\n        $('#purchase_widget_265 #open-enrollment-session-value').val($(option).data('id'));\n      \n        $('#purchase_widget_265 .session-detail').slideDown();\n        $('#purchase_widget_265 .session-detail').removeClass('d-none');\n        $('#purchase_widget_265 .session-detail').addClass('d-block');\n\t\t\t} else {        \n        $('#purchase_widget_265 .session-detail').removeClass('d-block');\n        $('#purchase_widget_265 .session-detail').addClass('d-none');\n\t\t\t}\n    });\n    var priceFigure = $('#purchase_widget_265 #priceFigure')[0];\n    if (priceFigure != null)\n      priceFigure.innerHTML = formatCurrency(priceFigure.innerHTML);\n    \n      $('#purchase_widget_265 #div-add-product').removeClass('d-block');\n      $('#purchase_widget_265 #div-add-product').addClass('d-none');\n      $('#purchase_widget_265 #add-product').removeClass('d-none');\n      $('#purchase_widget_265 #add-product').addClass('d-block');\n  });\n  $('#purchase_widget_265 .add-product').submit(function(e){\n    e.preventDefault();    \n    var productId = $(this).find('input[name=\"product_id\"]').val();\n          var selectBox = $(\"#purchase_widget_265 #open-enrollment-session\")[0];\n      var hiddenBox1 = $(\"#purchase_widget_265 #open-enrollment-session-value\")[0];\n      var hiddenBox2 = $(\"#purchase_widget_265 #open-enrollment-single-session\")[0];\n      if(selectBox != null){\n        var sessionId = hiddenBox1.value;\n        if(selectBox.value === \"\"){\n          alert(\"Session is required.\");\n        }\n        else if(selectBox.value.substring(0, 4) == 'http') {\n          window.dataLayer = window.dataLayer || [];\n          window.dataLayer.push({ event: 'outbound_link_click', link_url: hiddenBox1.value });\n          window.open(hiddenBox1.value);\n        } \n        else {          \n          addEnrollmentProductToCart(productId, sessionId);\n        }\n      }\n      else if(hiddenBox2 != null && hiddenBox2.value !== \"\"){\n        var sessionId = hiddenBox2.value;\n        if(hiddenBox2.value.substring(0, 4) == 'http'){\n          window.dataLayer = window.dataLayer || [];\n          window.dataLayer.push({ event: 'outbound_link_click', link_url: hiddenBox2.value });\n          window.open(hiddenBox2.value);\n        }\n        else{\n          addEnrollmentProductToCart(productId, sessionId);\n        }\n      }\n      else{\n        addProductToCart(productId);\n      }\n    \n  });\n  <\/script>\n    \t\t\t\t<\/div>\n\t\t\t\t<\/div>\n\t\t\t\t\t<\/div>\n\t\t<\/div>\n\t\t\t\t\t<\/div>\n\t\t<\/section>\n\t\t\t\t<section class=\"elementor-section elementor-top-section elementor-element elementor-element-b30c752 elementor-section-boxed elementor-section-height-default elementor-section-height-default\" data-id=\"b30c752\" data-element_type=\"section\" data-e-type=\"section\">\n\t\t\t\t\t\t<div class=\"elementor-container elementor-column-gap-default\">\n\t\t\t\t\t<div class=\"elementor-column elementor-col-100 elementor-top-column elementor-element elementor-element-4db7529\" data-id=\"4db7529\" data-element_type=\"column\" data-e-type=\"column\">\n\t\t\t<div class=\"elementor-widget-wrap elementor-element-populated\">\n\t\t\t\t\t\t<div class=\"elementor-element elementor-element-6b1e1b2 elementor-widget elementor-widget-quick-tabs-block\" data-id=\"6b1e1b2\" data-element_type=\"widget\" data-e-type=\"widget\" data-widget_type=\"quick-tabs-block.default\">\n\t\t\t\t<div class=\"elementor-widget-container\">\n\t\t\t\t\t        <H4 data-tab-title=\"Detalles del entrenamiento\" class=\"simpleTabsOpen\">Detalles del entrenamiento<\/H4>\r\n                          <div class=\"row product-tabs-content\">\r\n                  <div class=\"col-3\">\r\n                    <p style=\"color:black\"><strong>Duraci\u00f3n<\/strong><\/p>\r\n                  <\/div>\r\n                  <div class=\"col-9\">\r\n                    <p>20 horas, en sesiones de 4 horas por d\u00eda.<\/p>                  <\/div>\r\n                <\/div>\r\n                                <hr\/>\r\n                  <br \/>\r\n                                <div class=\"row product-tabs-content\">\r\n                  <div class=\"col-3\">\r\n                    <p style=\"color:black\"><strong>Requisitos previos<\/strong><\/p>\r\n                  <\/div>\r\n                  <div class=\"col-9\">\r\n                    <p>Ninguno<\/p>                  <\/div>\r\n                <\/div>\r\n              \r\n        <div data-tab-title=\"\" class=\"simpleTabsClose\"><\/div>\r\n              <H4 data-tab-title=\"Objetivos de Aprendizaje\" class=\"simpleTabsOpen\">Objetivos de Aprendizaje<\/H4>\r\n                      <ul><li style=\"font-weight: 400;\" aria-level=\"1\"><span style=\"font-weight: 400;\">Entender el prop\u00f3sito de un sistema de gesti\u00f3n de la calidad.<\/span><\/li><li style=\"font-weight: 400;\" aria-level=\"1\"><span style=\"font-weight: 400;\">Entender los principios de la gesti\u00f3n de la calidad.<\/span><\/li><li style=\"font-weight: 400;\" aria-level=\"1\"><span style=\"font-weight: 400;\">Entender el enfoque a procesos que incorpora el ciclo PHVA y el pensamiento basado en riesgos.<\/span><\/li><li style=\"font-weight: 400;\" aria-level=\"1\"><span style=\"font-weight: 400;\">Reforzar el entendimiento de los requisitos de la Norma ISO 9001.<\/span><\/li><li style=\"font-weight: 400;\" aria-level=\"1\"><span style=\"font-weight: 400;\">Entender la relaci\u00f3n entre los principios de auditor\u00eda y la competencia de un auditor, incluidas las habilidades de comunicaci\u00f3n pertinentes.<\/span><\/li><li style=\"font-weight: 400;\" aria-level=\"1\"><span style=\"font-weight: 400;\">Entender el valor que una gesti\u00f3n del programa de auditor\u00edas proporciona al SGC.<\/span><\/li><li style=\"font-weight: 400;\" aria-level=\"1\"><span style=\"font-weight: 400;\">Entender e implementar buenas pr\u00e1cticas para la preparaci\u00f3n, realizaci\u00f3n y finalizaci\u00f3n de una auditor\u00eda, incluyendo la redacci\u00f3n de los hallazgos de la auditor\u00eda.<\/span><\/li><\/ul>          \r\n        <div data-tab-title=\"\" class=\"simpleTabsClose\"><\/div>\r\n              <H4 data-tab-title=\"Qui\u00e9n deber\u00eda asistir\" class=\"simpleTabsOpen\">Qui\u00e9n deber\u00eda asistir<\/H4>\r\n                      <p><span style=\"font-weight: 400;\">Alta Direcci\u00f3n, due\u00f1os de proceso, Coordinador de SGC, equipo auditor del SGC, Auditor L\u00edder del SGC, auditores de otros sistemas de gesti\u00f3n\/procesos\/procesos especiales\/producto, cualquier empleado de una organizaci\u00f3n que se gestione bajo un sistema de calidad con enfoque a procesos y pensamiento basado en riesgos.<\/span> <span style=\"font-weight: 400;\">Auditores internos del SGC automotriz.<\/span><\/p>          \r\n        <div data-tab-title=\"\" class=\"simpleTabsClose\"><\/div>\r\n              <H4 data-tab-title=\"Agenda\" class=\"simpleTabsOpen\">Agenda<\/H4>\r\n                      <p><b>M\u00f3dulo 1:<\/b><\/p><ul><li style=\"font-weight: 400;\" aria-level=\"1\"><span style=\"font-weight: 400;\">Fundamentos de un sistema de gesti\u00f3n de la calidad.<\/span><\/li><li style=\"font-weight: 400;\" aria-level=\"1\"><span style=\"font-weight: 400;\">Enfoque a Procesos que incorpora el ciclo PHVA y Pensamiento Basado en Riesgos<\/span><\/li><\/ul><p><i><span style=\"font-weight: 400;\">Duraci\u00f3n del m\u00f3dulo: 4 horas<\/span><\/i><\/p><p><b>M\u00f3dulos 2 y 3:<\/b><\/p><ul><li style=\"font-weight: 400;\" aria-level=\"1\"><span style=\"font-weight: 400;\">Comprensi\u00f3n de la Norma ISO 9001:2015<\/span><\/li><\/ul><p><i><span style=\"font-weight: 400;\">Duraci\u00f3n: 8 horas divididos en dos m\u00f3dulos de 4 horas.<\/span><\/i><\/p><p><b>M\u00f3dulo 4:<\/b><\/p><ul><li style=\"font-weight: 400;\" aria-level=\"1\"><span style=\"font-weight: 400;\">Orientaci\u00f3n para Gestionar Auditor\u00edas Internas (ISO 19011:2018)<\/span><ol><li style=\"font-weight: 400;\" aria-level=\"2\"><span style=\"font-weight: 400;\">Principios de auditor\u00eda.<\/span><\/li><li style=\"font-weight: 400;\" aria-level=\"2\"><span style=\"font-weight: 400;\">Competencia de los auditores.<\/span><\/li><li style=\"font-weight: 400;\" aria-level=\"2\"><span style=\"font-weight: 400;\">Habilidades de comunicaci\u00f3n.<\/span><\/li><li style=\"font-weight: 400;\" aria-level=\"2\"><span style=\"font-weight: 400;\">Gesti\u00f3n del programa de auditor\u00edas.<\/span><\/li><li style=\"font-weight: 400;\" aria-level=\"2\"><span style=\"font-weight: 400;\">Inicio de la auditor\u00eda.<\/span><\/li><li style=\"font-weight: 400;\" aria-level=\"2\"><span style=\"font-weight: 400;\">Preparaci\u00f3n de la auditor\u00eda.<\/span><\/li><\/ol><\/li><\/ul><p><i><span style=\"font-weight: 400;\">Duraci\u00f3n del m\u00f3dulo: 4 horas<\/span><\/i><\/p><p><b>M\u00f3dulo 5:<\/b><\/p><ul><li style=\"font-weight: 400;\" aria-level=\"1\"><span style=\"font-weight: 400;\">Orientaci\u00f3n para Gestionar Auditor\u00edas Internas (ISO 19011:2018)<\/span><ol><li style=\"font-weight: 400;\" aria-level=\"2\"><span style=\"font-weight: 400;\">Preparaci\u00f3n de la auditor\u00eda.<\/span><\/li><li style=\"font-weight: 400;\" aria-level=\"2\"><span style=\"font-weight: 400;\">Realizaci\u00f3n de la auditor\u00eda.<\/span><\/li><li style=\"font-weight: 400;\" aria-level=\"2\"><span style=\"font-weight: 400;\">Despu\u00e9s de la auditor\u00eda.<\/span><\/li><li style=\"font-weight: 400;\" aria-level=\"2\"><span style=\"font-weight: 400;\">Tarea posterior al curso.<\/span><\/li><\/ol><\/li><\/ul><p><i><span style=\"font-weight: 400;\">Duraci\u00f3n del m\u00f3dulo: 4 horas<\/span><\/i><\/p>          \r\n        <div data-tab-title=\"\" class=\"simpleTabsClose\"><\/div>\r\n      \t\t\t\t<\/div>\n\t\t\t\t<\/div>\n\t\t\t\t\t<\/div>\n\t\t<\/div>\n\t\t\t\t\t<\/div>\n\t\t<\/section>\n\t\t\t\t<section class=\"elementor-section elementor-top-section elementor-element elementor-element-963f8fd elementor-section-boxed elementor-section-height-default elementor-section-height-default\" data-id=\"963f8fd\" data-element_type=\"section\" data-e-type=\"section\">\n\t\t\t\t\t\t<div class=\"elementor-container elementor-column-gap-default\">\n\t\t\t\t\t<div class=\"elementor-column elementor-col-100 elementor-top-column elementor-element elementor-element-60bc592\" data-id=\"60bc592\" data-element_type=\"column\" data-e-type=\"column\">\n\t\t\t<div class=\"elementor-widget-wrap elementor-element-populated\">\n\t\t\t\t\t\t<div class=\"elementor-element elementor-element-c519ec0 elementor-widget elementor-widget-related-content-block\" data-id=\"c519ec0\" data-element_type=\"widget\" data-e-type=\"widget\" data-widget_type=\"related-content-block.default\">\n\t\t\t\t<div class=\"elementor-widget-container\">\n\t\t\t\t\t    \r\n      <div class=\"row\">\r\n          <div class=\"col\">\r\n              <div class=\"related-content\">\r\n                  <h2 >Lorem ipsum dolor sit amet<\/h2>\r\n\r\n                  <div class=\"row\">\r\n                      <div class=\"col-12 col-md-4 mb-3\">\r\n                          <div class=\"page page-1\">\r\n                              <div class=\"content-type\"><\/div>\r\n                              <div class=\"content-title\"><a href=\"https:\/\/plexusintl.com\/mx\/catalogo\/fundamentos-de-la-norma-iso-90012015\/\" class=\"cta\" >Fundamentos de la norma ISO 9001:2015<\/a><\/div>\r\n                              <div class=\"content-description\"><p >En este curso aprenda a desarrollar una comprensi\u00f3n de las intenciones y los requisitos descritos por ISO 9001: 2015 a trav\u00e9s de una verificaci\u00f3n cl\u00e1usula por cl\u00e1usula de la norma. Los participantes aprender\u00e1n los conceptos, principios y vocabulario cruciales de un sistema de gesti\u00f3n de calidad ISO 9001: 2015.<\/p><\/div>\r\n                          <\/div>\r\n                      <\/div>\r\n                      <div class=\"col-12 col-md-4 mb-3\">\r\n                          <div class=\"page page-2\">\r\n                              <div class=\"content-type\"><\/div>\r\n                              <div class=\"content-title\"><a href=\"https:\/\/plexusintl.com\/mx\/catalogo\/formacion-de-lider-del-equipo-auditor-de-iso-9001-2015\/\" class=\"cta\" >Formaci\u00f3n de L\u00edder Del Equipo Auditor de ISO 9001:2015 con certificaci\u00f3n AIAG<\/a><\/div>\r\n                              <div class=\"content-description\"><p >Este programa exclusivo de formaci\u00f3n de cinco d\u00edas, ofrecido por Plexus International en asociaci\u00f3n con el AIAG, constituye el m\u00e1s alto nivel de formaci\u00f3n disponible para las organizaciones que un sistema de Gesti\u00f3n de la calidad (SGC) basado en la norma ISO 9001:2015<\/p><\/div>\r\n                          <\/div>\r\n                      <\/div>\r\n                      <div class=\"col-xs-12 col-md-4 mb-3\">\r\n                          <div class=\"page page-3\">\r\n                              <div class=\"content-type\"><\/div>\r\n                              <div class=\"content-title\"><a href=\"https:\/\/plexusintl.com\/mx\/catalogo\/costo-de-la-mala-calidad\/\" class=\"cta\" >CQI-22 Costos de la Mala Calidad - Publicaci\u00f3n<\/a><\/div>\r\n                              <div class=\"content-description\"><p >La Gu\u00eda CQI-22 de AIAG nos ayuda a establecer un robusto sistema de medici\u00f3n del costo de la mala calidad, que permita identificar los problemas y medir su impacto financiero y tomar acciones apropiadas. Las empresas desperdician hasta 35% de sus presupuestos operativos, haciendo las cosas de manera menos eficiente o al no aprovechar las oportunidades.<\/p><\/div>\r\n                          <\/div>\r\n                      <\/div>\r\n                  <\/div>\r\n              <\/div>\r\n          <\/div>\r\n      <\/div>\r\n    \t\t\t\t<\/div>\n\t\t\t\t<\/div>\n\t\t\t\t\t<\/div>\n\t\t<\/div>\n\t\t\t\t\t<\/div>\n\t\t<\/section>\n\t\t\t\t<\/div>\n\t\t","protected":false},"excerpt":{"rendered":"<p>ISO 19011:2018&nbsp;&bull;&nbsp;ISO 9001:2015&nbsp;&bull;&nbsp;Formaci\u00f3n a Distancia Este entrenamiento est\u00e1 dise\u00f1ado para nuevos auditores internos y auditores internos con experiencia que requieren capacitaci\u00f3n de la norma ISO 9001:2015. Los participantes desarrollar\u00e1n habilidades necesarias para conducir auditor\u00edas internas de calidad para ISO 9001:2015, con conformidad con la norma ISO 19011:2018. Mediante la participaci\u00f3n individual y los ejercicios de&#8230;<\/p>\n","protected":false},"author":1,"featured_media":0,"parent":87,"menu_order":88,"comment_status":"closed","ping_status":"closed","template":"","meta":{"footnotes":"","_wp_rev_ctl_limit":""},"class_list":["post-1155","page","type-page","status-publish","hentry"],"_links":{"self":[{"href":"https:\/\/plexusintl.com\/mx\/wp-json\/wp\/v2\/pages\/1155","targetHints":{"allow":["GET"]}}],"collection":[{"href":"https:\/\/plexusintl.com\/mx\/wp-json\/wp\/v2\/pages"}],"about":[{"href":"https:\/\/plexusintl.com\/mx\/wp-json\/wp\/v2\/types\/page"}],"author":[{"embeddable":true,"href":"https:\/\/plexusintl.com\/mx\/wp-json\/wp\/v2\/users\/1"}],"replies":[{"embeddable":true,"href":"https:\/\/plexusintl.com\/mx\/wp-json\/wp\/v2\/comments?post=1155"}],"version-history":[{"count":17,"href":"https:\/\/plexusintl.com\/mx\/wp-json\/wp\/v2\/pages\/1155\/revisions"}],"predecessor-version":[{"id":7249,"href":"https:\/\/plexusintl.com\/mx\/wp-json\/wp\/v2\/pages\/1155\/revisions\/7249"}],"up":[{"embeddable":true,"href":"https:\/\/plexusintl.com\/mx\/wp-json\/wp\/v2\/pages\/87"}],"wp:attachment":[{"href":"https:\/\/plexusintl.com\/mx\/wp-json\/wp\/v2\/media?parent=1155"}],"curies":[{"name":"wp","href":"https:\/\/api.w.org\/{rel}","templated":true}]}}