{"id":1157,"date":"2020-07-10T04:12:05","date_gmt":"2020-07-09T23:12:05","guid":{"rendered":"https:\/\/plexusintl.com\/?page_id=1157"},"modified":"2023-12-05T12:33:45","modified_gmt":"2023-12-05T17:33:45","slug":"fundamentos-de-la-norma-iso-90012015","status":"publish","type":"page","link":"https:\/\/plexusintl.com\/mx\/catalogo\/fundamentos-de-la-norma-iso-90012015\/","title":{"rendered":"Fundamentos de la norma ISO 9001:2015"},"content":{"rendered":"\t\t<div data-elementor-type=\"wp-page\" data-elementor-id=\"1157\" class=\"elementor elementor-1157\" data-elementor-post-type=\"page\">\n\t\t\t\t\t\t<section class=\"elementor-section elementor-top-section elementor-element elementor-element-423207be elementor-section-boxed elementor-section-height-default elementor-section-height-default\" data-id=\"423207be\" data-element_type=\"section\" data-e-type=\"section\">\n\t\t\t\t\t\t<div class=\"elementor-container elementor-column-gap-default\">\n\t\t\t\t\t<div class=\"elementor-column elementor-col-50 elementor-top-column elementor-element elementor-element-18e767fb\" data-id=\"18e767fb\" data-element_type=\"column\" data-e-type=\"column\">\n\t\t\t<div class=\"elementor-widget-wrap elementor-element-populated\">\n\t\t\t\t\t\t<div class=\"elementor-element elementor-element-4b205757 elementor-widget elementor-widget-product-meta\" data-id=\"4b205757\" data-element_type=\"widget\" data-e-type=\"widget\" data-widget_type=\"product-meta.default\">\n\t\t\t\t<div class=\"elementor-widget-container\">\n\t\t\t\t\t        <div class=\"meta\">\n                  <div class=\"tags\">ISO 9001:2015&nbsp;&bull;&nbsp;Formaci\u00f3n a Distancia<\/div>\n              <\/div>\n     \t\t\t\t<\/div>\n\t\t\t\t<\/div>\n\t\t\t\t<div class=\"elementor-element elementor-element-ae61c0c elementor-widget elementor-widget-theme-post-title elementor-page-title elementor-widget-heading\" data-id=\"ae61c0c\" data-element_type=\"widget\" data-e-type=\"widget\" data-widget_type=\"theme-post-title.default\">\n\t\t\t\t<div class=\"elementor-widget-container\">\n\t\t\t\t\t<h3 class=\"elementor-heading-title elementor-size-default\">Fundamentos de la norma ISO 9001:2015<\/h3>\t\t\t\t<\/div>\n\t\t\t\t<\/div>\n\t\t\t\t<div class=\"elementor-element elementor-element-3e539534 elementor-widget elementor-widget-text-editor\" data-id=\"3e539534\" data-element_type=\"widget\" data-e-type=\"widget\" data-widget_type=\"text-editor.default\">\n\t\t\t\t<div class=\"elementor-widget-container\">\n\t\t\t\t\t\t\t\t\t<p>Mediante el uso de m\u00e9todos interactivos, desarrolle una comprensi\u00f3n de las intenciones y los requisitos descritos por ISO 9001: 2015 a trav\u00e9s de una revisi\u00f3n cl\u00e1usula por cl\u00e1usula de la norma. Los participantes aprender\u00e1n los conceptos, principios y vocabulario fundamentales de un sistema de gesti\u00f3n de calidad ISO 9001: 2015.<\/p>\t\t\t\t\t\t\t\t<\/div>\n\t\t\t\t<\/div>\n\t\t\t\t\t<\/div>\n\t\t<\/div>\n\t\t\t\t<div class=\"elementor-column elementor-col-50 elementor-top-column elementor-element elementor-element-16c9781\" data-id=\"16c9781\" data-element_type=\"column\" data-e-type=\"column\">\n\t\t\t<div class=\"elementor-widget-wrap elementor-element-populated\">\n\t\t\t\t\t\t<div class=\"elementor-element elementor-element-e900150 elementor-widget elementor-widget-purchase-widget\" data-id=\"e900150\" data-element_type=\"widget\" data-e-type=\"widget\" data-widget_type=\"purchase-widget.default\">\n\t\t\t\t<div class=\"elementor-widget-container\">\n\t\t\t\t\t\n<div id=\"purchase_widget_244\" class=\"product-purchase-options\">\n\t<div class=\"intro-header\">\n    \t\t<h3>Entrenamientos a Distancia<\/h3>\n\t\t<p><\/p>\n\t<\/div>\n\n    <div id=\"div-add-product\" class=\"d-block text-center\">\n    <img decoding=\"async\" src=\"https:\/\/plexusintl.com\/mx\/wp-content\/themes\/plexus-theme\/images\/Purchase-Widget.svg\" width=\"50px\" alt=\"Loading\" \/>     \n  <\/div>\n    <form method=\"post\" id=\"add-product\" class=\"add-product d-none\">\n      <div class=\"options\">\n        <div class=\"form-group d-block\"><script type=\"text\/javascript\"> $('.product-purchase-options .intro-header').removeAttr(\"style\"); <\/script>          <div class=\"radio\">\n            <label>\n              <input type=\"radio\" name=\"delivery_type_lvw\" value=\"e-learning\" checked onchange=\"$('#corporate_licensing_244').css('display', 'none');$('#member_pricing_244').css('display', 'none');$('#single_user_access_244').css('display', 'block');\"> Abiertos<\/label>\n          <\/div>\n          <div class=\"radio d-block\">\n            <label>\n              <input type=\"radio\" name=\"delivery_type_lvw\" value=\"on-site-training\" onchange=\"$('#single_user_access_244').css('display', 'none');$('#member_pricing_244').css('display', 'none');$('#corporate_licensing_244').css('display', 'block');\"> Sesi\u00f3n privada (solo para mi organizaci\u00f3n<\/label>\n          <\/div>\n          <div class=\"radio d-none\">\n            <label>\n              <input type=\"radio\" name=\"delivery_type_lvw\" value=\"member-pricing\" onchange=\"$('#single_user_access_244').css('display', 'none');$('#corporate_licensing_244').css('display', 'none');$('#member_pricing_244').css('display', 'block');\"> Precio Miembro AIAG<\/label>\n          <\/div>\n        <\/div>      <div class=\"purchase-actions\" id=\"single_user_access_244\">\n        <div class=\"open-enrollment actions d-block\">\n                          <div class=\"form-group d-block\">\n                  <label for=\"open-enrollment-session\">Fechas disponibles<\/label>\n                                      <p>No se encontraron sesiones disponibles<\/p>\n                                    <\/div>\n                          <div class=\"session-detail d-none\">\n              <div class=\"price-wrapper \">\n                <div class=\"price-label\">A partir de:<\/div>\n                                    \n                  <div class=\"price\" id=\"e-learning-price\">\n                    <span id=\"priceFigure\">7700.00<\/span>&nbsp;MXN            \n                  <\/div>\n                                    <div id=\"purchase-error\"><\/div>\n                  <input type=\"hidden\" name=\"product_id\" value=\"051a13b8-4811-11ec-8b83-02420a000292\">\n              <\/div>\n              <button type=\"submit\" class=\"blue-button register-button\" style=\"display:block;\">Registrarse<\/button>\n            <\/div>\t\t\t\t\n        <\/div> \n      <\/div>\n      \n      <div class=\"purchase-actions\" id=\"corporate_licensing_244\" style=\"display:none;\">\n        <div class=\"on-site-training actions\" style=\"display: block;\">\n          <a href=\"http:\/\/plexusintl.com\/mx\/solicite-una-cotizacion\/?course_requested=Formaci%C3%B3n+AD+-+Fundamentos+-+ISO+9001++-+formacin-ad-fundamentos-iso-9001-\" title=\"Solicite una cotizaci\u00f3n\" class=\"blue-button\">Solicite una cotizaci\u00f3n<\/a>\n        <\/div>\n      <\/div>\n\n      <div class=\"purchase-actions\" id=\"member_pricing_244\" style=\"display:none;\">\n        <div class=\"on-site-training actions\" style=\"display: block;\">\n          <a href=\"http:\/\/plexusintl.com\/request-quote?course_requested=Formaci%C3%B3n+AD+-+Fundamentos+-+ISO+9001++-+formacin-ad-fundamentos-iso-9001-Solicitar+una+Cotizaci%C3%B3n\" title=\"Solicitar una Cotizaci\u00f3n\" class=\"blue-button\">Solicitar una Cotizaci\u00f3n<\/a>\n        <\/div>\n      <\/div>\n      <div style=\"display:none;\">\n         \n      <\/div>\n    <\/form>  \n  <\/div>\n<script type=\"text\/javascript\">\n\t$(document).ready(function() { \n\t\t$('#purchase_widget_244 input[name=delivery_type]').change(function(){\t\n      $('#purchase_widget_244 .purchase-actions .actions').hide();\t\t\n\t\t\t$('#purchase_widget_244 .purchase-actions .actions.'+$('input[name=delivery_type]:checked').val()).slideDown();\n    });\n    \n    var hiddenBox = $(\"#purchase_widget_244 #open-enrollment-single-session-location\")[0];\n    if(hiddenBox != null && hiddenBox.value !== \"\"){\n      $('#purchase_widget_244 #location p').html(hiddenBox.value);        \n      $('#purchase_widget_244 .session-detail').slideDown();\n      $('#purchase_widget_244 .session-detail').removeClass('d-none');\n      $('#purchase_widget_244 .session-detail').addClass('d-block');\n    }\n    else {      \n      $('#purchase_widget_244 .session-detail').removeClass('d-block');\n      $('#purchase_widget_244 .session-detail').addClass('d-none');\n    }\n\n\t\t$('#purchase_widget_244 #open-enrollment-session').change(function(){\n\t\t\tif($(this).val() != '') {\n\t\t\t\tvar option = $(this).find('option:selected');\n\n\t\t\t\t$('#purchase_widget_244 #location p').html($(option).data('location'));\n        $('#purchase_widget_244 #open-enrollment-session-value').val($(option).data('id'));\n      \n        $('#purchase_widget_244 .session-detail').slideDown();\n        $('#purchase_widget_244 .session-detail').removeClass('d-none');\n        $('#purchase_widget_244 .session-detail').addClass('d-block');\n\t\t\t} else {        \n        $('#purchase_widget_244 .session-detail').removeClass('d-block');\n        $('#purchase_widget_244 .session-detail').addClass('d-none');\n\t\t\t}\n    });\n    var priceFigure = $('#purchase_widget_244 #priceFigure')[0];\n    if (priceFigure != null)\n      priceFigure.innerHTML = formatCurrency(priceFigure.innerHTML);\n    \n      $('#purchase_widget_244 #div-add-product').removeClass('d-block');\n      $('#purchase_widget_244 #div-add-product').addClass('d-none');\n      $('#purchase_widget_244 #add-product').removeClass('d-none');\n      $('#purchase_widget_244 #add-product').addClass('d-block');\n  });\n  $('#purchase_widget_244 .add-product').submit(function(e){\n    e.preventDefault();    \n    var productId = $(this).find('input[name=\"product_id\"]').val();\n          var selectBox = $(\"#purchase_widget_244 #open-enrollment-session\")[0];\n      var hiddenBox1 = $(\"#purchase_widget_244 #open-enrollment-session-value\")[0];\n      var hiddenBox2 = $(\"#purchase_widget_244 #open-enrollment-single-session\")[0];\n      if(selectBox != null){\n        var sessionId = hiddenBox1.value;\n        if(selectBox.value === \"\"){\n          alert(\"Session is required.\");\n        }\n        else if(selectBox.value.substring(0, 4) == 'http') {\n          window.dataLayer = window.dataLayer || [];\n          window.dataLayer.push({ event: 'outbound_link_click', link_url: hiddenBox1.value });\n          window.open(hiddenBox1.value);\n        } \n        else {          \n          addEnrollmentProductToCart(productId, sessionId);\n        }\n      }\n      else if(hiddenBox2 != null && hiddenBox2.value !== \"\"){\n        var sessionId = hiddenBox2.value;\n        if(hiddenBox2.value.substring(0, 4) == 'http'){\n          window.dataLayer = window.dataLayer || [];\n          window.dataLayer.push({ event: 'outbound_link_click', link_url: hiddenBox2.value });\n          window.open(hiddenBox2.value);\n        }\n        else{\n          addEnrollmentProductToCart(productId, sessionId);\n        }\n      }\n      else{\n        addProductToCart(productId);\n      }\n    \n  });\n  <\/script>\n    \t\t\t\t<\/div>\n\t\t\t\t<\/div>\n\t\t\t\t\t<\/div>\n\t\t<\/div>\n\t\t\t\t\t<\/div>\n\t\t<\/section>\n\t\t\t\t<section class=\"elementor-section elementor-top-section elementor-element elementor-element-d14c67f elementor-section-boxed elementor-section-height-default elementor-section-height-default\" data-id=\"d14c67f\" data-element_type=\"section\" data-e-type=\"section\">\n\t\t\t\t\t\t<div class=\"elementor-container elementor-column-gap-default\">\n\t\t\t\t\t<div class=\"elementor-column elementor-col-100 elementor-top-column elementor-element elementor-element-e426dc9\" data-id=\"e426dc9\" data-element_type=\"column\" data-e-type=\"column\">\n\t\t\t<div class=\"elementor-widget-wrap elementor-element-populated\">\n\t\t\t\t\t\t<div class=\"elementor-element elementor-element-4136d6e elementor-widget elementor-widget-quick-tabs-block\" data-id=\"4136d6e\" data-element_type=\"widget\" data-e-type=\"widget\" data-widget_type=\"quick-tabs-block.default\">\n\t\t\t\t<div class=\"elementor-widget-container\">\n\t\t\t\t\t        <H4 data-tab-title=\"Detalles de entrenamiento\" class=\"simpleTabsOpen\">Detalles de entrenamiento<\/H4>\r\n                          <div class=\"row product-tabs-content\">\r\n                  <div class=\"col-3\">\r\n                    <p style=\"color:black\"><strong>Duraci\u00f3n<\/strong><\/p>\r\n                  <\/div>\r\n                  <div class=\"col-9\">\r\n                    <p>3 d\u00edas en m\u00f3dulos de 4 horas cada uno<\/p>                  <\/div>\r\n                <\/div>\r\n                                <hr\/>\r\n                  <br \/>\r\n                                <div class=\"row product-tabs-content\">\r\n                  <div class=\"col-3\">\r\n                    <p style=\"color:black\"><strong>Requisitos Previos<\/strong><\/p>\r\n                  <\/div>\r\n                  <div class=\"col-9\">\r\n                    <p>Ninguno<\/p>                  <\/div>\r\n                <\/div>\r\n              \r\n        <div data-tab-title=\"\" class=\"simpleTabsClose\"><\/div>\r\n              <H4 data-tab-title=\"Objetivos de Aprendizaje\" class=\"simpleTabsOpen\">Objetivos de Aprendizaje<\/H4>\r\n                      <ul><li>Demostrar comprensi\u00f3n del prop\u00f3sito y la intenci\u00f3n de la norma ISO 9001: 2015.<\/li><li>Demostrar comprensi\u00f3n del enfoque de proceso y relacionar c\u00f3mo impacta el uso de ISO 9001: 2015.<\/li><li>Identificar enfoques para implementar los requisitos modificados de ISO 9001: 2015.<br \/>Desarrolle y utilice diagramas de tortugas.<\/li><\/ul>          \r\n        <div data-tab-title=\"\" class=\"simpleTabsClose\"><\/div>\r\n              <H4 data-tab-title=\"Quien deberia de participar\" class=\"simpleTabsOpen\">Quien deberia de participar<\/H4>\r\n                      <ul><li>Cualquier miembro de un equipo de implementaci\u00f3n de ISO 9001.<\/li><li>Nuevos auditores internos y auditores experimentados que no han asistido a capacitaciones en m\u00e1s de tres a\u00f1os.<\/li><li>Representantes de grupos funcionales clave involucrados en el sistema de gesti\u00f3n de la calidad de una organizaci\u00f3n.<\/li><\/ul>          \r\n        <div data-tab-title=\"\" class=\"simpleTabsClose\"><\/div>\r\n              <H4 data-tab-title=\"Agenda\" class=\"simpleTabsOpen\">Agenda<\/H4>\r\n                      <p><strong>D\u00eda 1<\/strong><\/p><ul><li>Prop\u00f3sito y objetivos.<\/li><li>Enfoque e impactos del proceso.<\/li><li>Revisi\u00f3n cl\u00e1usula por cl\u00e1usula de ISO 9001: 2015.<\/li><\/ul><p><strong>Dia 2<\/strong><\/p><ul><li>Revisi\u00f3n cl\u00e1usula por cl\u00e1usula de ISO 9001: 2015 (continuaci\u00f3n).<\/li><\/ul><p><strong>Dia 3<\/strong><\/p><ul><li>V\u00ednculos con los principios de gesti\u00f3n de la calidad.<\/li><li>Cierre y planificaci\u00f3n: oportunidades, obst\u00e1culos y planificaci\u00f3n de la implementaci\u00f3n.<\/li><\/ul>          \r\n        <div data-tab-title=\"\" class=\"simpleTabsClose\"><\/div>\r\n      \t\t\t\t<\/div>\n\t\t\t\t<\/div>\n\t\t\t\t\t<\/div>\n\t\t<\/div>\n\t\t\t\t\t<\/div>\n\t\t<\/section>\n\t\t\t\t<section class=\"elementor-section elementor-top-section elementor-element elementor-element-7f2460e elementor-section-boxed elementor-section-height-default elementor-section-height-default\" data-id=\"7f2460e\" data-element_type=\"section\" data-e-type=\"section\">\n\t\t\t\t\t\t<div class=\"elementor-container elementor-column-gap-default\">\n\t\t\t\t\t<div class=\"elementor-column elementor-col-100 elementor-top-column elementor-element elementor-element-7eba5ab\" data-id=\"7eba5ab\" data-element_type=\"column\" data-e-type=\"column\">\n\t\t\t<div class=\"elementor-widget-wrap elementor-element-populated\">\n\t\t\t\t\t\t<div class=\"elementor-element elementor-element-f2a7d40 elementor-widget elementor-widget-related-content-block\" data-id=\"f2a7d40\" data-element_type=\"widget\" data-e-type=\"widget\" data-widget_type=\"related-content-block.default\">\n\t\t\t\t<div class=\"elementor-widget-container\">\n\t\t\t\t\t    \r\n      <div class=\"row\">\r\n          <div class=\"col\">\r\n              <div class=\"related-content\">\r\n                  <h2 >Tambi\u00e9n podr\u00eda interesarle:<\/h2>\r\n\r\n                  <div class=\"row\">\r\n                      <div class=\"col-12 col-md-4 mb-3\">\r\n                          <div class=\"page page-1\">\r\n                              <div class=\"content-type\"><\/div>\r\n                              <div class=\"content-title\"><a href=\"https:\/\/plexusintl.com\/mx\/catalogo\/auditorias-en-iso-90012015\/\" class=\"cta\" >Fundamentos de Auditor\u00edas en ISO 9001:2015<\/a><\/div>\r\n                              <div class=\"content-description\"><p >Este entrenamiento est\u00e1 dise\u00f1ado para nuevos auditores internos y auditores internos con experiencia que requieren capacitaci\u00f3n de la norma ISO 9001:2015. Los participantes desarrollar\u00e1n habilidades necesarias para conducir auditor\u00edas internas de calidad para ISO 9001:2015.<\/p><\/div>\r\n                          <\/div>\r\n                      <\/div>\r\n                      <div class=\"col-12 col-md-4 mb-3\">\r\n                          <div class=\"page page-2\">\r\n                              <div class=\"content-type\"><\/div>\r\n                              <div class=\"content-title\"><a href=\"https:\/\/plexusintl.com\/mx\/catalogo\/formacion-de-lider-del-equipo-auditor-de-iso-9001-2015\/\" class=\"cta\" >Formaci\u00f3n de L\u00edder Del Equipo Auditor de ISO 9001:2015 con certificaci\u00f3n AIAG<\/a><\/div>\r\n                              <div class=\"content-description\"><p >Este programa exclusivo de formaci\u00f3n de cinco d\u00edas, ofrecido por Plexus International en asociaci\u00f3n con el AIAG, constituye el m\u00e1s alto nivel de formaci\u00f3n disponible para las organizaciones que un sistema de Gesti\u00f3n de la calidad (SGC) basado en la norma ISO 9001:2015.<\/p><\/div>\r\n                          <\/div>\r\n                      <\/div>\r\n                      <div class=\"col-xs-12 col-md-4 mb-3\">\r\n                          <div class=\"page page-3\">\r\n                              <div class=\"content-type\"><\/div>\r\n                              <div class=\"content-title\"><a href=\"https:\/\/plexusintl.com\/mx\/catalogo\/costo-de-la-mala-calidad\/\" class=\"cta\" >CQI-22 Costos de la Mala Calidad - Publicaci\u00f3n<\/a><\/div>\r\n                              <div class=\"content-description\"><p >La Gu\u00eda nos ayuda a establecer un robusto sistema de medici\u00f3n del costo de la mala calidad, que permita identificar los problemas y medir su impacto financiero y tomar acciones apropiadas. Las empresas desperdician hasta 35% de sus presupuestos operativos, haciendo las cosas de manera menos eficiente o al no aprovechar las oportunidades.<\/p><\/div>\r\n                          <\/div>\r\n                      <\/div>\r\n                  <\/div>\r\n              <\/div>\r\n          <\/div>\r\n      <\/div>\r\n    \t\t\t\t<\/div>\n\t\t\t\t<\/div>\n\t\t\t\t\t<\/div>\n\t\t<\/div>\n\t\t\t\t\t<\/div>\n\t\t<\/section>\n\t\t\t\t<\/div>\n\t\t","protected":false},"excerpt":{"rendered":"<p>ISO 9001:2015&nbsp;&bull;&nbsp;Formaci\u00f3n a Distancia Mediante el uso de m\u00e9todos interactivos, desarrolle una comprensi\u00f3n de las intenciones y los requisitos descritos por ISO 9001: 2015 a trav\u00e9s de una revisi\u00f3n cl\u00e1usula por cl\u00e1usula de la norma. Los participantes aprender\u00e1n los conceptos, principios y vocabulario fundamentales de un sistema de gesti\u00f3n de calidad ISO 9001: 2015. Entrenamientos&#8230;<\/p>\n","protected":false},"author":1,"featured_media":0,"parent":87,"menu_order":89,"comment_status":"closed","ping_status":"closed","template":"","meta":{"footnotes":"","_wp_rev_ctl_limit":""},"class_list":["post-1157","page","type-page","status-publish","hentry"],"_links":{"self":[{"href":"https:\/\/plexusintl.com\/mx\/wp-json\/wp\/v2\/pages\/1157","targetHints":{"allow":["GET"]}}],"collection":[{"href":"https:\/\/plexusintl.com\/mx\/wp-json\/wp\/v2\/pages"}],"about":[{"href":"https:\/\/plexusintl.com\/mx\/wp-json\/wp\/v2\/types\/page"}],"author":[{"embeddable":true,"href":"https:\/\/plexusintl.com\/mx\/wp-json\/wp\/v2\/users\/1"}],"replies":[{"embeddable":true,"href":"https:\/\/plexusintl.com\/mx\/wp-json\/wp\/v2\/comments?post=1157"}],"version-history":[{"count":21,"href":"https:\/\/plexusintl.com\/mx\/wp-json\/wp\/v2\/pages\/1157\/revisions"}],"predecessor-version":[{"id":7248,"href":"https:\/\/plexusintl.com\/mx\/wp-json\/wp\/v2\/pages\/1157\/revisions\/7248"}],"up":[{"embeddable":true,"href":"https:\/\/plexusintl.com\/mx\/wp-json\/wp\/v2\/pages\/87"}],"wp:attachment":[{"href":"https:\/\/plexusintl.com\/mx\/wp-json\/wp\/v2\/media?parent=1157"}],"curies":[{"name":"wp","href":"https:\/\/api.w.org\/{rel}","templated":true}]}}