{"id":12,"date":"2020-06-09T20:45:39","date_gmt":"2020-06-09T20:45:39","guid":{"rendered":"https:\/\/plexusintl.com\/?page_id=12"},"modified":"2024-02-09T14:01:20","modified_gmt":"2024-02-09T19:01:20","slug":"home-page","status":"publish","type":"page","link":"https:\/\/plexusintl.com\/mx\/","title":{"rendered":"Inicio"},"content":{"rendered":"\t\t<div data-elementor-type=\"wp-page\" data-elementor-id=\"12\" class=\"elementor elementor-12\" data-elementor-post-type=\"page\">\n\t\t\t\t\t\t<section class=\"elementor-section elementor-top-section elementor-element elementor-element-fe6747d elementor-section-full_width elementor-section-height-default elementor-section-height-default\" data-id=\"fe6747d\" data-element_type=\"section\" data-e-type=\"section\">\n\t\t\t\t\t\t<div class=\"elementor-container elementor-column-gap-default\">\n\t\t\t\t\t<div class=\"elementor-column elementor-col-100 elementor-top-column elementor-element elementor-element-43dde18\" data-id=\"43dde18\" data-element_type=\"column\" data-e-type=\"column\">\n\t\t\t<div class=\"elementor-widget-wrap elementor-element-populated\">\n\t\t\t\t\t\t<div class=\"elementor-element elementor-element-30f9611 elementor-widget elementor-widget-home-page-hero-block\" data-id=\"30f9611\" data-element_type=\"widget\" data-e-type=\"widget\" data-widget_type=\"home-page-hero-block.default\">\n\t\t\t\t<div class=\"elementor-widget-container\">\n\t\t\t\t\t    <div class=\"homepage-hero\" style=\"background-image: url(https:\/\/mx-wp-cdn.plexusintl.com\/wp-content\/uploads\/2020\/06\/14132314\/home-page-header.png);\">\n        <div class=\"container\">\n            <div class=\"homepage-hero-content\">\n                <div class=\"tagline-buttons\">\n                    <div class=\"title\"><strong >Nuevas versiones de APQP y <br>Plan de Control<\/strong><br><div >Entrenamientos y Publicaciones<\/div><\/div>\n                    <div class=\"buttons\">               \n                      <a href=\"https:\/\/plexusintl.com\/mx\/nueva-version-de-apqp-y-plan-control\/\"  class=\"blue-button\" >ENTRENAMIENTOS EN LAS NUEVAS VERSIONES<\/a>\n                      <a href=\"\/mx\/catalogo?_product_topics=APQP\/PPAP&_type=Publicaci\u00f3n\"  class=\"white-button\" >publicaciones apqp Y CONTROL plan<\/a>\n                    <\/div>\n                <\/div>\n                                    <div class=\"d-lg-flex d-none bubble\">\n                        <div class=\"bubble-content\" >\n                            <div ><h4>Webinar Informativo: Lanzamiento de APQP 3ra edici\u00f3n y Plan de Control 1ra edici\u00f3n.\u00a0<i class=\"ondemand-icon\" title=\"\" data-original-title=\"\"><\/i><\/h4><p><a class=\"cta\" href=\"https:\/\/plexusintl.zoom.us\/webinar\/register\/5617059506885\/WN__yz2-DC3SHmdcvs4Z1NHSQ\" rel=\"noopener\">Accede a la grabaci\u00f3n<\/a><\/p><h4>\u00a0<\/h4><h4>Webinar: Actualizaciones a IATF 16949:2016 a trav\u00e9s de sus Interpretaciones Sancionadas<\/h4><h5><a class=\"cta\" href=\"https:\/\/plexusintl.zoom.us\/rec\/share\/EiETY1P3eWW7CIOGvQJAN01O2Gqkd-3T9kUMRJNBblaQ8e3F3jDOy_tbGM6SfhAz.xHZuCuDG-927kB4f?startTime=1639500610000\" data-cke-saved-href=\"https:\/\/staging.plexusintl.com\/mx\/index.php?cID=544\" rel=\"noopener\">Ver la grabaci\u00f3n<\/a><\/h5><\/div>\n                        <\/div>\n                    <\/div>\n                            <\/div>\n        <\/div>\n    <\/div>\n            <div class=\"homepage-hero-content-mobile d-lg-none d-block\">\n            <div class=\"container\">\n                <div class=\"bubble-content\">\n                  <div ><h4>Webinar Informativo: Lanzamiento de APQP 3ra edici\u00f3n y Plan de Control 1ra edici\u00f3n.\u00a0<i class=\"ondemand-icon\" title=\"\" data-original-title=\"\"><\/i><\/h4><p><a class=\"cta\" href=\"https:\/\/plexusintl.zoom.us\/webinar\/register\/5617059506885\/WN__yz2-DC3SHmdcvs4Z1NHSQ\" rel=\"noopener\">Accede a la grabaci\u00f3n<\/a><\/p><h4>\u00a0<\/h4><h4>Webinar: Actualizaciones a IATF 16949:2016 a trav\u00e9s de sus Interpretaciones Sancionadas<\/h4><h5><a class=\"cta\" href=\"https:\/\/plexusintl.zoom.us\/rec\/share\/EiETY1P3eWW7CIOGvQJAN01O2Gqkd-3T9kUMRJNBblaQ8e3F3jDOy_tbGM6SfhAz.xHZuCuDG-927kB4f?startTime=1639500610000\" data-cke-saved-href=\"https:\/\/staging.plexusintl.com\/mx\/index.php?cID=544\" rel=\"noopener\">Ver la grabaci\u00f3n<\/a><\/h5><\/div>\n                <\/div>\n            <\/div>\n        <\/div>\n    \t\t\t\t<\/div>\n\t\t\t\t<\/div>\n\t\t\t\t<section class=\"elementor-section elementor-inner-section elementor-element elementor-element-fd9d526 elementor-section-boxed elementor-section-height-default elementor-section-height-default\" data-id=\"fd9d526\" data-element_type=\"section\" data-e-type=\"section\">\n\t\t\t\t\t\t<div class=\"elementor-container elementor-column-gap-default\">\n\t\t\t\t\t<div class=\"elementor-column elementor-col-100 elementor-inner-column elementor-element elementor-element-ffbecc3\" data-id=\"ffbecc3\" data-element_type=\"column\" data-e-type=\"column\">\n\t\t\t<div class=\"elementor-widget-wrap elementor-element-populated\">\n\t\t\t\t\t\t<div class=\"elementor-element elementor-element-8edf82a elementor-widget elementor-widget-home-page-carousel-2\" data-id=\"8edf82a\" data-element_type=\"widget\" data-e-type=\"widget\" data-widget_type=\"home-page-carousel-2.default\">\n\t\t\t\t<div class=\"elementor-widget-container\">\n\t\t\t\t\t            <div class=\"homepage-feature-carousel\">\n              <div class=\"swiper swiper-container\">\n                <div class=\"swiper-wrapper\">\n                                          <div class=\"swiper-slide\">\n                            <p>\n                                                          <a href=\"\/mx\/catalogo\/formacion-auditor-lider-iatf-169492016\/\" >\n                                <img decoding=\"async\" src=\"https:\/\/mx-wp-cdn.plexusintl.com\/wp-content\/uploads\/2021\/03\/14132239\/aiag-vda-fmea-e1614630345434.png\" \/>\n                              <\/a>\n                                                        <\/p>\n                                                            <p class=\"feature-title\">\n                                                                          <a href=\"\/mx\/catalogo\/formacion-auditor-lider-iatf-169492016\/\" class=\"cta\" >Auditor L\u00edder IATF 16949:2016 con certificaci\u00f3n AIAG<\/a>\n                                                                      <\/p>\n                                                        <p>Este programa exclusivo de formaci\u00f3n de Auditor L\u00edder IATF de cinco d\u00edas, ofrecido por Plexus International en asociaci\u00f3n con el AIAG, constituye el m\u00e1s alto nivel de formaci\u00f3n disponible para los proveedores de la industria automotriz.<\/p>                        <\/div>\n                                                <div class=\"swiper-slide\">\n                            <p>\n                                                          <a href=\"https:\/\/plexusintl.com\/mx\/blog\/acuerdo-de-sustentabilidad-plexus\/\">\n                                <img decoding=\"async\" src=\"https:\/\/mx-wp-cdn.plexusintl.com\/wp-content\/uploads\/2024\/02\/14132203\/iStock-1474144073-1.jpg\" \/>\n                              <\/a>\n                                                        <\/p>\n                                                            <p class=\"feature-title\">\n                                                                          <a href=\"https:\/\/plexusintl.com\/mx\/blog\/acuerdo-de-sustentabilidad-plexus\/\" class=\"cta\">Acuerdo de Sustentabilidad Plexus<\/a>\n                                                                      <\/p>\n                                                        <p>En Plexus adem\u00e1s de estar comprometidos con la educaci\u00f3n y la mejora continua de la industria, estamos comprometidos con la conservaci\u00f3n del medio ambiente, desde hace a\u00f1os hemos trabajado todos los d\u00edas para hacer frente a la crisis ambiental\u00a0 que pone en peligro a nuestro planeta.<\/p>                        <\/div>\n                                                <div class=\"swiper-slide\">\n                            <p>\n                                                          <a href=\"\/mx\/catalogo?_product_topics=AS9100\/9110\/9120\" >\n                                <img decoding=\"async\" src=\"https:\/\/mx-wp-cdn.plexusintl.com\/wp-content\/uploads\/2021\/06\/14132231\/airplane_engine.jpeg\" \/>\n                              <\/a>\n                                                        <\/p>\n                                                            <p class=\"feature-title\">\n                                                                          <a href=\"\/mx\/catalogo?_product_topics=AS9100\/9110\/9120\" class=\"cta\" >Capacitaci\u00f3n para la industria Aeroespacial<\/a>\n                                                                      <\/p>\n                                                        <p>Registrate a formaciones de Auditor L\u00edder o Auditor Interno en AS 9100D. Directamente de Plexus International, l\u00edder en formaciones para la industria aeroespacial<\/p>                        <\/div>\n                                                <div class=\"swiper-slide\">\n                            <p>\n                                                          <a href=\"\/mx\/catalogo?_type=Formaci\u00f3n Live Virtual\" >\n                                <img decoding=\"async\" src=\"https:\/\/mx-wp-cdn.plexusintl.com\/wp-content\/uploads\/2020\/07\/14132305\/aiag-lv-workshop-provider.png\" \/>\n                              <\/a>\n                                                        <\/p>\n                                                            <p class=\"feature-title\">\n                                                                          <a href=\"\/mx\/catalogo?_type=Formaci\u00f3n Live Virtual\" class=\"cta\" >Formaciones AIAG Live Virtual<\/a>\n                                                                      <\/p>\n                                                        <p>\u00a1Junto con Plexus, AIAG ahora ofrece formaciones en un entorno virtual en vivo! Explore y reg\u00edstrese para talleres interactivos sobre las Core Tools, Auditor L\u00edder IATF y AIAG &amp; VDA FMEA.<\/p>                        <\/div>\n                                                <div class=\"swiper-slide\">\n                            <p>\n                                                          <a href=\"\/mx\/catalogo?_product_topics=AIAG %26 VDA FMEA\" >\n                                <img decoding=\"async\" src=\"https:\/\/mx-wp-cdn.plexusintl.com\/wp-content\/uploads\/2020\/07\/14132304\/aiag-vda-fmea-handbook.png\" \/>\n                              <\/a>\n                                                        <\/p>\n                                                            <p class=\"feature-title\">\n                                                                          <a href=\"\/mx\/catalogo?_product_topics=AIAG %26 VDA FMEA\" class=\"cta\" >Formaciones de AIAG & VDA FMEA<\/a>\n                                                                      <\/p>\n                                                        <p>En asociaci\u00f3n con AIAG, Plexus International es el proveedor de capacitaci\u00f3n oficial para el nuevo manual AIAG &amp; VDA FMEA. Explore la formaci\u00f3n en l\u00ednea y los entrenamientos dirigidos por un instructor.<\/p>                        <\/div>\n                                          \n                <\/div>                \n              <\/div>\n              <div class=\"swiper-button-prev\" style=\"left:-20px\"><\/div>\n              <div class=\"swiper-button-next\" style=\"right:-15px\"><\/div>\n            <\/div>\n          \t\t\t\t<\/div>\n\t\t\t\t<\/div>\n\t\t\t\t\t<\/div>\n\t\t<\/div>\n\t\t\t\t\t<\/div>\n\t\t<\/section>\n\t\t\t\t\t<\/div>\n\t\t<\/div>\n\t\t\t\t\t<\/div>\n\t\t<\/section>\n\t\t\t\t<section class=\"elementor-section elementor-top-section elementor-element elementor-element-0c690c8 elementor-section-full_width elementor-section-height-default elementor-section-height-default\" data-id=\"0c690c8\" data-element_type=\"section\" data-e-type=\"section\">\n\t\t\t\t\t\t<div class=\"elementor-container elementor-column-gap-default\">\n\t\t\t\t\t<div class=\"elementor-column elementor-col-100 elementor-top-column elementor-element elementor-element-905e7f9\" data-id=\"905e7f9\" data-element_type=\"column\" data-e-type=\"column\">\n\t\t\t<div class=\"elementor-widget-wrap elementor-element-populated\">\n\t\t\t\t\t\t<div class=\"elementor-element elementor-element-7788bbd elementor-widget elementor-widget-home-page-links-block\" data-id=\"7788bbd\" data-element_type=\"widget\" data-e-type=\"widget\" data-widget_type=\"home-page-links-block.default\">\n\t\t\t\t<div class=\"elementor-widget-container\">\n\t\t\t\t\t    <div class=\"homepage-links\">\n        <div class=\"container\">\n            <div class=\"links-wrapper\">\n                <div class=\"left-links\">\n                    <div class=\"link\">\n                        <h2 >AIAG Quality Core Tools | SPC, MSA, FMEA, APQP & PPAP<\/h2>\n                        <p><a href=\"\/mx\/competencias\/aiag-quality-core-tools\/\" class=\"cta\"  >Explore los entrenamientos disponibles<\/a><\/p>\n                    <\/div>\n                    <div class=\"link\">\n                        <h2 >Conocimientos de nuestros expertos<\/h2>\n                        <p><a href=\"\/mx\/blog\" class=\"cta\"  >Explore nuestro Blog para obtener informaci\u00f3n y conocimientos \u00fatiles.<\/a><\/p>\n                    <\/div>\n                <\/div>\n                <div class=\"right-links\">\n                    <div class=\"link\">\n                        <h2 >Explora todas la formaciones<\/h2>\n                        <p><a href=\"\/mx\/catalog\" class=\"cta\"  >Busque todas nuestras formaciones y su modalidad de entrega<\/a><\/p>\n                    <\/div>\n                <\/div>\n            <\/div>\n        <\/div>\n    <\/div>    \n    \t\t\t\t<\/div>\n\t\t\t\t<\/div>\n\t\t\t\t<div class=\"elementor-element elementor-element-eb7e92f elementor-widget elementor-widget-capabilities-block\" data-id=\"eb7e92f\" data-element_type=\"widget\" data-e-type=\"widget\" data-widget_type=\"capabilities-block.default\">\n\t\t\t\t<div class=\"elementor-widget-container\">\n\t\t\t\t\t   \n\n    <div class=\"container\">\n        <div class=\"row\">\n            <div class=\"col-sm-4\">\n                <div class=\"capabilities-intro\">                  \n                  <h2 class=\"capabilities-header\" style=\"text-align: right;\">&nbsp;<\/h2>\n                  <h2 class=\"capabilities-header\" style=\"text-align: right;\">Soluciones sostenibles para la cadena de suministro global.<\/h2>\n                  <p style=\"text-align: right;\"><a href=\"\/mx\/servicios\/\" class=\"cta\"  >Conozca m\u00e1s sobre nuestras capacidades<\/a><\/p>\n                <\/div>\n            <\/div>\n            <div class=\"col-sm-4\">\n                <p class=\"icon\"><span aria-hidden=\"true\" class=\"icon-graduation\"><\/span><\/p>\n                <h4><a href=\"\/mx\/servicios\/entrenamientos\/\" class=\"cta\"  >Formaciones<\/a><\/h4>\n                <p >Formaci\u00f3n altamente especializada, reconocidos por la industria y acreditados internacionalmente, dise\u00f1ados, desarrollados y entregados a organizaciones dentro de la cadena de suministro de sumistro global.<\/p>\n                <p class=\"icon\"><i class=\"fa fa-code\"><\/i><\/p>\n                <h4><a href=\"\/mx\/servicios\/software-y-desarrollo-de-aplicaciones\/\" class=\"cta\"  >Software y Desarrollo de Aplicaciones<\/a><\/h4>\n                <p >Soluciones personalizadas a la medida de sus necesidades para respaldar iniciativas globales a trav\u00e9s de aplicaciones y tecnolog\u00edas basadas en la web para transformar la forma en que los profesionales de la industria trabajan, aprenden y son evaluados.<\/p>\n            <\/div>\n            <div class=\"col-sm-4\">\n                <p class=\"icon\"><span aria-hidden=\"true\" class=\"fa fa-user-friends\"><\/span><\/p>\n                <h4><a href=\"\/mx\/servicios\/consultoria-y-asesoria\/\" class=\"cta\"  >Asesor\u00eda y Acompa\u00f1amiento<\/a><\/h4>\n                <p >Desarrollar la capacidad y el conocimiento interno para lograr soluciones sostenibles para la implementaci\u00f3n del Sistema de Gesti\u00f3n, la auditor\u00eda, el desarrollo profesional y m\u00e1s.\n\n<\/p>\n                <p class=\"icon\"><span aria-hidden=\"true\" class=\"icon-badge\"><\/span><\/p>\n                <h4><a href=\"\/mx\/servicios\/soluciones-integrales-de-evaluacion\/\" class=\"cta\"  >Soluciones integrales de evaluaci\u00f3n<\/a><\/h4>\n                <p >Trabaje en conjunto con Plexus para dise\u00f1ar e implementar programas de desarrollo profesional para estandarizar la forma en que las personas son capacitadas, evaluadas y calificadas.<\/p>\n            <\/div>\n        <\/div>\n    <\/div>\n    \t\t\t\t<\/div>\n\t\t\t\t<\/div>\n\t\t\t\t\t<\/div>\n\t\t<\/div>\n\t\t\t\t\t<\/div>\n\t\t<\/section>\n\t\t\t\t<section class=\"elementor-section elementor-top-section elementor-element elementor-element-00f7e17 elementor-section-full_width elementor-section-height-default elementor-section-height-default\" data-id=\"00f7e17\" data-element_type=\"section\" data-e-type=\"section\">\n\t\t\t\t\t\t<div class=\"elementor-container elementor-column-gap-default\">\n\t\t\t\t\t<div class=\"elementor-column elementor-col-100 elementor-top-column elementor-element elementor-element-e1e7cc2\" data-id=\"e1e7cc2\" data-element_type=\"column\" data-e-type=\"column\">\n\t\t\t<div class=\"elementor-widget-wrap elementor-element-populated\">\n\t\t\t\t\t\t<div class=\"elementor-element elementor-element-e82eb61 elementor-widget elementor-widget-case-study-callout-block\" data-id=\"e82eb61\" data-element_type=\"widget\" data-e-type=\"widget\" data-widget_type=\"case-study-callout-block.default\">\n\t\t\t\t<div class=\"elementor-widget-container\">\n\t\t\t\t\t    <div class=\"homepage-case-study\">\n        <div class=\"container\">\n            <div class=\"row\">\n                <div class=\"col-xs-12 col-sm-12 col-sm-offset-1\">\n                    <div class=\"case-study-callout\">\n                        <div class=\"row\">\n                            <div class=\"col-xs-12 col-sm-3 fact\">\n                                <div class=\"case-study-fact fact-box\">\n                                    <div class=\"big\" >2,000+<\/div>\n                                    <div class=\"small\" >AUDITORES EN IATF CERTIFICADOS Y\nIATF ALREDEDOR DEL MUNDO.<\/div>\n                                <\/div>\n                            <\/div>\n                            <div class=\"col-xs-12 col-sm-9\">\n                                <div class=\"d-none d-md-block bubble\">\n                                    <div class=\"bubble-content\">\n                                        <h3><a href=\"\/mx\/acerca-de-nosotros\/nuestro-trabajo\/iatf-16949-renovacion-de-certficacion-a-auditores-iatf-16949-del-iaob\/\"  >IAOB | Programa de certificaci\u00f3n y de auditores de IATF basado en la web<\/a><\/h3>\n                                        <span ><p>International Automotive Task Force (IATF) y la International Automotive Oversight Bureau (IAOB) eligi\u00f3 a Plexus para dise\u00f1ar, desarrollar y ofrecer una soluci\u00f3n basada en la web para la formaci\u00f3n y recalificaci\u00f3n de la comunidad global de auditores de IATF.<\/p><\/span>\n                                        <p><a href=\"\/mx\/acerca-de-nosotros\/nuestro-trabajo\/iatf-16949-renovacion-de-certficacion-a-auditores-iatf-16949-del-iaob\/\"  class=\"cta\" >Conozca m\u00e1s<\/a><\/p>\n                                    <\/div>\n                                <\/div>\n                            <\/div>\n                        <\/div>\n                    <\/div>\n                <\/div>\n            <\/div>\n        <\/div>\n    <\/div>\n    <div class=\"homepage-case-study-content-mobile d-md-none\">\n      <div class=\"container\">\n        <div class=\"bubble-content\">\n          <h3><a href=\"\/mx\/acerca-de-nosotros\/nuestro-trabajo\/iatf-16949-renovacion-de-certficacion-a-auditores-iatf-16949-del-iaob\/\"  >IAOB | Programa de certificaci\u00f3n y de auditores de IATF basado en la web<\/a><\/h3>\n          <span ><p>International Automotive Task Force (IATF) y la International Automotive Oversight Bureau (IAOB) eligi\u00f3 a Plexus para dise\u00f1ar, desarrollar y ofrecer una soluci\u00f3n basada en la web para la formaci\u00f3n y recalificaci\u00f3n de la comunidad global de auditores de IATF.<\/p><\/span>\n          <p><a href=\"\/mx\/acerca-de-nosotros\/nuestro-trabajo\/iatf-16949-renovacion-de-certficacion-a-auditores-iatf-16949-del-iaob\/\"  class=\"cta\" >Conozca m\u00e1s<\/a><\/p>\n        <\/div>\n      <\/div>\n    <\/div>\n  \t\t\t\t<\/div>\n\t\t\t\t<\/div>\n\t\t\t\t\t<\/div>\n\t\t<\/div>\n\t\t\t\t\t<\/div>\n\t\t<\/section>\n\t\t\t\t<section class=\"elementor-section elementor-top-section elementor-element elementor-element-98cd1ee elementor-section-full_width elementor-section-height-default elementor-section-height-default\" data-id=\"98cd1ee\" data-element_type=\"section\" data-e-type=\"section\">\n\t\t\t\t\t\t<div class=\"elementor-container elementor-column-gap-default\">\n\t\t\t\t\t<div class=\"elementor-column elementor-col-100 elementor-top-column elementor-element elementor-element-748f830\" data-id=\"748f830\" data-element_type=\"column\" data-e-type=\"column\">\n\t\t\t<div class=\"elementor-widget-wrap elementor-element-populated\">\n\t\t\t\t\t\t<div class=\"elementor-element elementor-element-9ed930e elementor-widget elementor-widget-tailored-solutions-block\" data-id=\"9ed930e\" data-element_type=\"widget\" data-e-type=\"widget\" data-widget_type=\"tailored-solutions-block.default\">\n\t\t\t\t<div class=\"elementor-widget-container\">\n\t\t\t\t\t    <div class=\"tailored-solutions-block\">\r\n        <div class=\"container\">\r\n            <div class=\"lead-text\" style=\"text-align: center;\">\r\n                <p class=\"lead-text\" style=\"text-align: center;\">&nbsp;<\/p>\r\n                <h2><a href=\"\/mx\/acerca-de-nosotros\/nuestro-trabajo\/\" class=\"cta\"  >Soluciones a la medida para los lideres de la industria<\/a><\/h2>\r\n            <\/div>\r\n        <\/div>\r\n        <div class=\"container\">\r\n            <div class=\"row\">\r\n                <div class=\"col-sm-12\">\r\n                    <img fetchpriority=\"high\" decoding=\"async\" src=\"https:\/\/mx-wp-cdn.plexusintl.com\/wp-content\/uploads\/2020\/07\/14132310\/partner-logo-banner.png\" alt=\"\" width=\"1837\" height=\"367\" class=\"ccm-image-block img-responsive bID-1238\">\r\n                <\/div>\r\n            <\/div>\r\n        <\/div>\r\n    <\/div>    \r\n    \t\t\t\t<\/div>\n\t\t\t\t<\/div>\n\t\t\t\t\t<\/div>\n\t\t<\/div>\n\t\t\t\t\t<\/div>\n\t\t<\/section>\n\t\t\t\t<\/div>\n\t\t","protected":false},"excerpt":{"rendered":"<p>Nuevas versiones de APQP y Plan de ControlEntrenamientos y Publicaciones ENTRENAMIENTOS EN LAS NUEVAS VERSIONES publicaciones apqp Y CONTROL plan Webinar Informativo: Lanzamiento de APQP 3ra edici\u00f3n y Plan de Control 1ra edici\u00f3n.\u00a0 Accede a la grabaci\u00f3n \u00a0 Webinar: Actualizaciones a IATF 16949:2016 a trav\u00e9s de sus Interpretaciones Sancionadas Ver la grabaci\u00f3n Webinar Informativo: Lanzamiento&#8230;<\/p>\n","protected":false},"author":1,"featured_media":0,"parent":0,"menu_order":0,"comment_status":"closed","ping_status":"closed","template":"","meta":{"footnotes":"","_wp_rev_ctl_limit":""},"class_list":["post-12","page","type-page","status-publish","hentry"],"_links":{"self":[{"href":"https:\/\/plexusintl.com\/mx\/wp-json\/wp\/v2\/pages\/12","targetHints":{"allow":["GET"]}}],"collection":[{"href":"https:\/\/plexusintl.com\/mx\/wp-json\/wp\/v2\/pages"}],"about":[{"href":"https:\/\/plexusintl.com\/mx\/wp-json\/wp\/v2\/types\/page"}],"author":[{"embeddable":true,"href":"https:\/\/plexusintl.com\/mx\/wp-json\/wp\/v2\/users\/1"}],"replies":[{"embeddable":true,"href":"https:\/\/plexusintl.com\/mx\/wp-json\/wp\/v2\/comments?post=12"}],"version-history":[{"count":152,"href":"https:\/\/plexusintl.com\/mx\/wp-json\/wp\/v2\/pages\/12\/revisions"}],"predecessor-version":[{"id":7403,"href":"https:\/\/plexusintl.com\/mx\/wp-json\/wp\/v2\/pages\/12\/revisions\/7403"}],"wp:attachment":[{"href":"https:\/\/plexusintl.com\/mx\/wp-json\/wp\/v2\/media?parent=12"}],"curies":[{"name":"wp","href":"https:\/\/api.w.org\/{rel}","templated":true}]}}