{"id":148,"date":"2020-06-23T19:11:02","date_gmt":"2020-06-23T14:11:02","guid":{"rendered":"https:\/\/plexusintl.com\/?page_id=148"},"modified":"2021-07-18T21:56:15","modified_gmt":"2021-07-19T02:56:15","slug":"descargue-la-herramienta-de-analisis-fmea-y-costo-de-la-calidad","status":"publish","type":"page","link":"https:\/\/plexusintl.com\/mx\/competencias\/aiag-quality-core-tools\/descargue-la-herramienta-de-analisis-fmea-y-costo-de-la-calidad\/","title":{"rendered":"Descargue la herramienta de an\u00e1lisis FMEA y Costo de la Calidad"},"content":{"rendered":"\t\t<div data-elementor-type=\"wp-page\" data-elementor-id=\"148\" class=\"elementor elementor-148\" data-elementor-post-type=\"page\">\n\t\t\t\t\t\t<section class=\"elementor-section elementor-top-section elementor-element elementor-element-d0ce6ea elementor-section-boxed elementor-section-height-default elementor-section-height-default\" data-id=\"d0ce6ea\" data-element_type=\"section\" data-e-type=\"section\">\n\t\t\t\t\t\t<div class=\"elementor-container elementor-column-gap-default\">\n\t\t\t\t\t<div class=\"elementor-column elementor-col-50 elementor-top-column elementor-element elementor-element-62012c3\" data-id=\"62012c3\" data-element_type=\"column\" data-e-type=\"column\">\n\t\t\t<div class=\"elementor-widget-wrap elementor-element-populated\">\n\t\t\t\t\t\t<div class=\"elementor-element elementor-element-5b375fb elementor-widget elementor-widget-heading\" data-id=\"5b375fb\" data-element_type=\"widget\" data-e-type=\"widget\" data-widget_type=\"heading.default\">\n\t\t\t\t<div class=\"elementor-widget-container\">\n\t\t\t\t\t<h1 class=\"elementor-heading-title elementor-size-default\">Herramienta de FMEA y Costo de la Calidad\u2122<\/h1>\t\t\t\t<\/div>\n\t\t\t\t<\/div>\n\t\t\t\t<div class=\"elementor-element elementor-element-427bbbf elementor-widget elementor-widget-lead-text-block\" data-id=\"427bbbf\" data-element_type=\"widget\" data-e-type=\"widget\" data-widget_type=\"lead-text-block.default\">\n\t\t\t\t<div class=\"elementor-widget-container\">\n\t\t\t\t\t    <p class=\"lead-text\">Mitigaci\u00f3n que genera retorno de la Inversi\u00f3n<\/p>\r\n    \t\t\t\t<\/div>\n\t\t\t\t<\/div>\n\t\t\t\t<div class=\"elementor-element elementor-element-a6a8328 elementor-widget elementor-widget-text-editor\" data-id=\"a6a8328\" data-element_type=\"widget\" data-e-type=\"widget\" data-widget_type=\"text-editor.default\">\n\t\t\t\t<div class=\"elementor-widget-container\">\n\t\t\t\t\t\t\t\t\t<p>Conecte el PFMEA de su organizaci\u00f3n con el costo de la calidad (COQ) utilizando la herramienta de an\u00e1lisis FMEA y el costo de la calidad (COQ). Esta herramienta est\u00e1 dise\u00f1ada para ayudarlo a evaluar la efectividad de sus actividades actuales de prevenci\u00f3n y evaluaci\u00f3n en t\u00e9rminos de lo que realmente le est\u00e1n costando a su organizaci\u00f3n. Podr\u00e1 aprovechar los datos reales de los efectos de las fallas en su PFMEA para evaluar el estado actual y planificar los ajustes necesarios para la calidad futura y la mejora del proceso.<\/p>\t\t\t\t\t\t\t\t<\/div>\n\t\t\t\t<\/div>\n\t\t\t\t<div class=\"elementor-element elementor-element-07f16a0 elementor-widget elementor-widget-image\" data-id=\"07f16a0\" data-element_type=\"widget\" data-e-type=\"widget\" data-widget_type=\"image.default\">\n\t\t\t\t<div class=\"elementor-widget-container\">\n\t\t\t\t\t\t\t\t\t\t\t\t\t\t\t<img fetchpriority=\"high\" decoding=\"async\" width=\"1024\" height=\"576\" src=\"https:\/\/mx-wp-cdn.plexusintl.com\/wp-content\/uploads\/2020\/07\/14132257\/fmea-coq-analysis-tool-kpi-charts-1024x576.png\" class=\"attachment-large size-large wp-image-1452\" alt=\"\" srcset=\"https:\/\/mx-wp-cdn.plexusintl.com\/wp-content\/uploads\/2020\/07\/14132257\/fmea-coq-analysis-tool-kpi-charts-1024x576.png 1024w, https:\/\/mx-wp-cdn.plexusintl.com\/wp-content\/uploads\/2020\/07\/14132257\/fmea-coq-analysis-tool-kpi-charts-300x169.png 300w, https:\/\/mx-wp-cdn.plexusintl.com\/wp-content\/uploads\/2020\/07\/14132257\/fmea-coq-analysis-tool-kpi-charts-768x432.png 768w, https:\/\/mx-wp-cdn.plexusintl.com\/wp-content\/uploads\/2020\/07\/14132257\/fmea-coq-analysis-tool-kpi-charts.png 1366w\" sizes=\"(max-width: 1024px) 100vw, 1024px\" \/>\t\t\t\t\t\t\t\t\t\t\t\t\t\t\t<\/div>\n\t\t\t\t<\/div>\n\t\t\t\t\t<\/div>\n\t\t<\/div>\n\t\t\t\t<div class=\"elementor-column elementor-col-50 elementor-top-column elementor-element elementor-element-e1cb64a\" data-id=\"e1cb64a\" data-element_type=\"column\" data-e-type=\"column\">\n\t\t\t<div class=\"elementor-widget-wrap elementor-element-populated\">\n\t\t\t\t\t\t<div class=\"elementor-element elementor-element-ce31b56 elementor-widget elementor-widget-heading\" data-id=\"ce31b56\" data-element_type=\"widget\" data-e-type=\"widget\" data-widget_type=\"heading.default\">\n\t\t\t\t<div class=\"elementor-widget-container\">\n\t\t\t\t\t<h3 class=\"elementor-heading-title elementor-size-default\">Descargue la herramienta FMEA y Costo de la Calidad\u2122<\/h3>\t\t\t\t<\/div>\n\t\t\t\t<\/div>\n\t\t\t\t<div class=\"elementor-element elementor-element-731808b elementor-widget elementor-widget-wp-widget-ninja_forms_widget\" data-id=\"731808b\" data-element_type=\"widget\" data-e-type=\"widget\" data-widget_type=\"wp-widget-ninja_forms_widget.default\">\n\t\t\t\t<div class=\"elementor-widget-container\">\n\t\t\t\t\t<noscript class=\"ninja-forms-noscript-message\">\n\tNotice: JavaScript is required for this content.<\/noscript>\n<div id=\"nf-form-10-cont\" class=\"nf-form-cont\" aria-live=\"polite\" aria-labelledby=\"nf-form-title-10\" aria-describedby=\"nf-form-errors-10\" role=\"form\">\n\n    <div class=\"nf-loading-spinner\"><\/div>\n\n<\/div>\n        <!-- That data is being printed as a workaround to page builders reordering the order of the scripts loaded-->\n        <script>var formDisplay=1;var nfForms=nfForms||[];var form=[];form.id='10';form.settings={\"objectType\":\"Form Setting\",\"editActive\":true,\"title\":\"FMEA COQ Form\",\"show_title\":0,\"allow_public_link\":0,\"embed_form\":\"\",\"clear_complete\":1,\"hide_complete\":1,\"default_label_pos\":\"above\",\"wrapper_class\":\"\",\"element_class\":\"\",\"key\":\"\",\"add_submit\":1,\"currency\":\"\",\"unique_field_error\":\"A form with this value has already been submitted.\",\"logged_in\":false,\"not_logged_in_msg\":\"\",\"sub_limit_msg\":\"The form has reached its submission limit.\",\"calculations\":[],\"formContentData\":[\"nombre_1626309771272\",\"apellidos_1626309778860\",\"correo_electronico_1626309801101\",\"telefono_1626309787692\",\"organizacion_1626309834402\",\"puesto_1626309841293\",\"tipo_de_industria_1626309856574\",\"recaptcha_1634822640914\",\"enviar_1626310035294\"],\"changeEmailErrorMsg\":\"Por favor ingrese una direcci\\u00f3n de correo v\\u00e1lida\",\"changeDateErrorMsg\":\"Por favor ingrese una fecha v\\u00e1lida\",\"confirmFieldErrorMsg\":\"Estos campos deben de coincidir\",\"fieldNumberNumMinError\":\"Ha ingresado una cantidad menor a la permitida\",\"fieldNumberNumMaxError\":\"Ha ingresado una cantidad mayor a la permitida\",\"fieldNumberIncrementBy\":\"Por favor aumentar a \",\"formErrorsCorrectErrors\":\"Por favor corrija estos errores antes de enviar el formulario\",\"validateRequiredField\":\"Este es un campo obligatorio\",\"honeypotHoneypotError\":\"Honeypot Error\",\"fieldsMarkedRequired\":\" \",\"drawerDisabled\":false,\"repeatable_fieldsets\":\"\",\"ninjaForms\":\"Ninja Forms\",\"fieldTextareaRTEInsertLink\":\"Insert Link\",\"fieldTextareaRTEInsertMedia\":\"Insert Media\",\"fieldTextareaRTESelectAFile\":\"Select a file\",\"formHoneypot\":\"If you are a human seeing this field, please leave it empty.\",\"fileUploadOldCodeFileUploadInProgress\":\"File Upload in Progress.\",\"fileUploadOldCodeFileUpload\":\"FILE UPLOAD\",\"currencySymbol\":\"&#36;\",\"thousands_sep\":\",\",\"decimal_point\":\".\",\"siteLocale\":\"en_US\",\"dateFormat\":\"m\\\/d\\\/Y\",\"startOfWeek\":\"1\",\"of\":\"of\",\"previousMonth\":\"Previous Month\",\"nextMonth\":\"Next Month\",\"months\":[\"January\",\"February\",\"March\",\"April\",\"May\",\"June\",\"July\",\"August\",\"September\",\"October\",\"November\",\"December\"],\"monthsShort\":[\"Jan\",\"Feb\",\"Mar\",\"Apr\",\"May\",\"Jun\",\"Jul\",\"Aug\",\"Sep\",\"Oct\",\"Nov\",\"Dec\"],\"weekdays\":[\"Sunday\",\"Monday\",\"Tuesday\",\"Wednesday\",\"Thursday\",\"Friday\",\"Saturday\"],\"weekdaysShort\":[\"Sun\",\"Mon\",\"Tue\",\"Wed\",\"Thu\",\"Fri\",\"Sat\"],\"weekdaysMin\":[\"Su\",\"Mo\",\"Tu\",\"We\",\"Th\",\"Fr\",\"Sa\"],\"recaptchaConsentMissing\":\"reCaptcha validation couldn&#039;t load.\",\"recaptchaMissingCookie\":\"reCaptcha v3 validation couldn&#039;t load the cookie needed to submit the form.\",\"recaptchaConsentEvent\":\"Accept reCaptcha cookies before sending the form.\",\"currency_symbol\":\"\",\"beforeForm\":\"\",\"beforeFields\":\"\",\"afterFields\":\"\",\"afterForm\":\"\"};form.fields=[{\"objectType\":\"Field\",\"objectDomain\":\"fields\",\"editActive\":false,\"order\":1,\"idAttribute\":\"id\",\"label\":\"Nombre\",\"type\":\"textbox\",\"key\":\"nombre_1626309771272\",\"label_pos\":\"above\",\"required\":1,\"default\":\"\",\"placeholder\":\"\",\"container_class\":\"\",\"element_class\":\"\",\"input_limit\":\"\",\"input_limit_type\":\"characters\",\"input_limit_msg\":\"Character(s) left\",\"manual_key\":false,\"admin_label\":\"\",\"help_text\":\"\",\"mask\":\"\",\"custom_mask\":\"\",\"custom_name_attribute\":\"\",\"personally_identifiable\":\"\",\"value\":\"\",\"id\":84,\"beforeField\":\"\",\"afterField\":\"\",\"parentType\":\"textbox\",\"element_templates\":[\"textbox\",\"input\"],\"old_classname\":\"\",\"wrap_template\":\"wrap\"},{\"objectType\":\"Field\",\"objectDomain\":\"fields\",\"editActive\":false,\"order\":2,\"idAttribute\":\"id\",\"label\":\"Apellidos\",\"type\":\"textbox\",\"key\":\"apellidos_1626309778860\",\"label_pos\":\"above\",\"required\":1,\"default\":\"\",\"placeholder\":\"\",\"container_class\":\"\",\"element_class\":\"\",\"input_limit\":\"\",\"input_limit_type\":\"characters\",\"input_limit_msg\":\"Character(s) left\",\"manual_key\":false,\"admin_label\":\"\",\"help_text\":\"\",\"mask\":\"\",\"custom_mask\":\"\",\"custom_name_attribute\":\"\",\"personally_identifiable\":\"\",\"value\":\"\",\"id\":85,\"beforeField\":\"\",\"afterField\":\"\",\"parentType\":\"textbox\",\"element_templates\":[\"textbox\",\"input\"],\"old_classname\":\"\",\"wrap_template\":\"wrap\"},{\"objectType\":\"Field\",\"objectDomain\":\"fields\",\"editActive\":false,\"order\":3,\"idAttribute\":\"id\",\"label\":\"Correo el\\u00e9ctronico\",\"type\":\"email\",\"key\":\"correo_electronico_1626309801101\",\"label_pos\":\"above\",\"required\":1,\"default\":\"\",\"placeholder\":\"\",\"container_class\":\"\",\"element_class\":\"\",\"admin_label\":\"\",\"help_text\":\"\",\"custom_name_attribute\":\"email\",\"personally_identifiable\":1,\"value\":\"\",\"id\":86,\"beforeField\":\"\",\"afterField\":\"\",\"parentType\":\"email\",\"element_templates\":[\"email\",\"input\"],\"old_classname\":\"\",\"wrap_template\":\"wrap\"},{\"objectType\":\"Field\",\"objectDomain\":\"fields\",\"editActive\":false,\"order\":4,\"idAttribute\":\"id\",\"label\":\"Tel\\u00e9fono\",\"type\":\"phone\",\"key\":\"telefono_1626309787692\",\"label_pos\":\"above\",\"required\":1,\"default\":\"\",\"placeholder\":\"\",\"container_class\":\"\",\"element_class\":\"\",\"input_limit\":\"\",\"input_limit_type\":\"characters\",\"input_limit_msg\":\"Character(s) left\",\"manual_key\":false,\"admin_label\":\"\",\"help_text\":\"\",\"mask\":\"\",\"custom_mask\":\"\",\"custom_name_attribute\":\"phone\",\"personally_identifiable\":1,\"value\":\"\",\"drawerDisabled\":false,\"id\":87,\"beforeField\":\"\",\"afterField\":\"\",\"parentType\":\"textbox\",\"element_templates\":[\"tel\",\"textbox\",\"input\"],\"old_classname\":\"\",\"wrap_template\":\"wrap\"},{\"objectType\":\"Field\",\"objectDomain\":\"fields\",\"editActive\":false,\"order\":5,\"idAttribute\":\"id\",\"label\":\"Organizaci\\u00f3n\",\"type\":\"textbox\",\"key\":\"organizacion_1626309834402\",\"label_pos\":\"above\",\"required\":1,\"default\":\"\",\"placeholder\":\"\",\"container_class\":\"\",\"element_class\":\"\",\"input_limit\":\"\",\"input_limit_type\":\"characters\",\"input_limit_msg\":\"Character(s) left\",\"manual_key\":false,\"admin_label\":\"\",\"help_text\":\"\",\"mask\":\"\",\"custom_mask\":\"\",\"custom_name_attribute\":\"\",\"personally_identifiable\":\"\",\"value\":\"\",\"id\":88,\"beforeField\":\"\",\"afterField\":\"\",\"parentType\":\"textbox\",\"element_templates\":[\"textbox\",\"input\"],\"old_classname\":\"\",\"wrap_template\":\"wrap\"},{\"objectType\":\"Field\",\"objectDomain\":\"fields\",\"editActive\":false,\"order\":6,\"idAttribute\":\"id\",\"label\":\"Puesto\",\"type\":\"textbox\",\"key\":\"puesto_1626309841293\",\"label_pos\":\"above\",\"required\":1,\"default\":\"\",\"placeholder\":\"\",\"container_class\":\"\",\"element_class\":\"\",\"input_limit\":\"\",\"input_limit_type\":\"characters\",\"input_limit_msg\":\"Character(s) left\",\"manual_key\":false,\"admin_label\":\"\",\"help_text\":\"\",\"mask\":\"\",\"custom_mask\":\"\",\"custom_name_attribute\":\"\",\"personally_identifiable\":\"\",\"value\":\"\",\"drawerDisabled\":false,\"id\":89,\"beforeField\":\"\",\"afterField\":\"\",\"parentType\":\"textbox\",\"element_templates\":[\"textbox\",\"input\"],\"old_classname\":\"\",\"wrap_template\":\"wrap\"},{\"objectType\":\"Field\",\"objectDomain\":\"fields\",\"editActive\":false,\"order\":7,\"idAttribute\":\"id\",\"label\":\"Tipo de Industria\",\"type\":\"textbox\",\"key\":\"tipo_de_industria_1626309856574\",\"label_pos\":\"above\",\"required\":1,\"default\":\"\",\"placeholder\":\"\",\"container_class\":\"\",\"element_class\":\"\",\"input_limit\":\"\",\"input_limit_type\":\"characters\",\"input_limit_msg\":\"Character(s) left\",\"manual_key\":false,\"admin_label\":\"\",\"help_text\":\"\",\"mask\":\"\",\"custom_mask\":\"\",\"custom_name_attribute\":\"\",\"personally_identifiable\":\"\",\"value\":\"\",\"drawerDisabled\":false,\"disable_input\":0,\"id\":90,\"beforeField\":\"\",\"afterField\":\"\",\"parentType\":\"textbox\",\"element_templates\":[\"textbox\",\"input\"],\"old_classname\":\"\",\"wrap_template\":\"wrap\"},{\"objectType\":\"Field\",\"objectDomain\":\"fields\",\"editActive\":false,\"order\":8,\"idAttribute\":\"id\",\"label\":\"Recaptcha\",\"type\":\"recaptcha\",\"container_class\":\"\",\"element_class\":\"\",\"size\":\"visible\",\"key\":\"recaptcha_1634822640914\",\"id\":265,\"beforeField\":\"\",\"afterField\":\"\",\"value\":\"\",\"label_pos\":\"above\",\"parentType\":\"textbox\",\"element_templates\":[\"recaptcha\",\"input\"],\"old_classname\":\"\",\"wrap_template\":\"wrap\",\"site_key\":\"6Lem5ecUAAAAAOG6ePxRvArt4ync4doVeP4PidD-\",\"theme\":\"light\",\"lang\":\"es\"},{\"objectType\":\"Field\",\"objectDomain\":\"fields\",\"editActive\":false,\"order\":9,\"idAttribute\":\"id\",\"type\":\"submit\",\"label\":\"Enviar\",\"processing_label\":\"Procesando\",\"container_class\":\"\",\"element_class\":\"\",\"key\":\"enviar_1626310035294\",\"drawerDisabled\":false,\"id\":93,\"beforeField\":\"\",\"afterField\":\"\",\"value\":\"\",\"label_pos\":\"above\",\"parentType\":\"textbox\",\"element_templates\":[\"submit\",\"button\",\"input\"],\"old_classname\":\"\",\"wrap_template\":\"wrap-no-label\"}];nfForms.push(form);<\/script>\n        \t\t\t\t<\/div>\n\t\t\t\t<\/div>\n\t\t\t\t\t<\/div>\n\t\t<\/div>\n\t\t\t\t\t<\/div>\n\t\t<\/section>\n\t\t\t\t<\/div>\n\t\t","protected":false},"excerpt":{"rendered":"<p>Herramienta de FMEA y Costo de la Calidad\u2122 Mitigaci\u00f3n que genera retorno de la Inversi\u00f3n Conecte el PFMEA de su organizaci\u00f3n con el costo de la calidad (COQ) utilizando la herramienta de an\u00e1lisis FMEA y el costo de la calidad (COQ). Esta herramienta est\u00e1 dise\u00f1ada para ayudarlo a evaluar la efectividad de sus actividades actuales&#8230;<\/p>\n","protected":false},"author":1,"featured_media":0,"parent":96,"menu_order":0,"comment_status":"closed","ping_status":"closed","template":"","meta":{"footnotes":"","_wp_rev_ctl_limit":""},"class_list":["post-148","page","type-page","status-publish","hentry"],"_links":{"self":[{"href":"https:\/\/plexusintl.com\/mx\/wp-json\/wp\/v2\/pages\/148","targetHints":{"allow":["GET"]}}],"collection":[{"href":"https:\/\/plexusintl.com\/mx\/wp-json\/wp\/v2\/pages"}],"about":[{"href":"https:\/\/plexusintl.com\/mx\/wp-json\/wp\/v2\/types\/page"}],"author":[{"embeddable":true,"href":"https:\/\/plexusintl.com\/mx\/wp-json\/wp\/v2\/users\/1"}],"replies":[{"embeddable":true,"href":"https:\/\/plexusintl.com\/mx\/wp-json\/wp\/v2\/comments?post=148"}],"version-history":[{"count":26,"href":"https:\/\/plexusintl.com\/mx\/wp-json\/wp\/v2\/pages\/148\/revisions"}],"predecessor-version":[{"id":5624,"href":"https:\/\/plexusintl.com\/mx\/wp-json\/wp\/v2\/pages\/148\/revisions\/5624"}],"up":[{"embeddable":true,"href":"https:\/\/plexusintl.com\/mx\/wp-json\/wp\/v2\/pages\/96"}],"wp:attachment":[{"href":"https:\/\/plexusintl.com\/mx\/wp-json\/wp\/v2\/media?parent=148"}],"curies":[{"name":"wp","href":"https:\/\/api.w.org\/{rel}","templated":true}]}}