{"id":199,"date":"2020-06-29T20:21:55","date_gmt":"2020-06-30T01:21:55","guid":{"rendered":"https:\/\/plexusintl.com\/?page_id=199"},"modified":"2021-12-09T13:51:28","modified_gmt":"2021-12-09T18:51:28","slug":"soluciones-integrales-de-evaluacion","status":"publish","type":"page","link":"https:\/\/plexusintl.com\/mx\/servicios\/soluciones-integrales-de-evaluacion\/","title":{"rendered":"Soluciones Integrales de Evaluaci\u00f3n"},"content":{"rendered":"\t\t<div data-elementor-type=\"wp-page\" data-elementor-id=\"199\" class=\"elementor elementor-199\" data-elementor-post-type=\"page\">\n\t\t\t\t\t\t<section class=\"elementor-section elementor-top-section elementor-element elementor-element-c159a89 elementor-section-full_width elementor-section-height-default elementor-section-height-default\" data-id=\"c159a89\" data-element_type=\"section\" data-e-type=\"section\">\n\t\t\t\t\t\t<div class=\"elementor-container elementor-column-gap-default\">\n\t\t\t\t\t<div class=\"elementor-column elementor-col-100 elementor-top-column elementor-element elementor-element-ead2586\" data-id=\"ead2586\" data-element_type=\"column\" data-e-type=\"column\">\n\t\t\t<div class=\"elementor-widget-wrap elementor-element-populated\">\n\t\t\t\t\t\t<div class=\"elementor-element elementor-element-d8e027e elementor-widget elementor-widget-generic-hero-block\" data-id=\"d8e027e\" data-element_type=\"widget\" data-e-type=\"widget\" data-widget_type=\"generic-hero-block.default\">\n\t\t\t\t<div class=\"elementor-widget-container\">\n\t\t\t\t\t    <div class=\"hero\" style=\"background-image: url(https:\/\/plexusintl.com\/wp-content\/uploads\/2020\/07\/iso-9001-quality-management-system.png);\">\r\n        <div class=\"container\">\r\n            <div class=\"row\">\r\n                <div class=\"col-xs-12 col-sm-9\">\r\n                    <p class=\"header\">Soluciones Integrales de Evaluaci\u00f3n<\/p>\r\n                <\/div>\r\n            <\/div>\r\n        <\/div>\r\n    <\/div>    \r\n    \t\t\t\t<\/div>\n\t\t\t\t<\/div>\n\t\t\t\t\t<\/div>\n\t\t<\/div>\n\t\t\t\t\t<\/div>\n\t\t<\/section>\n\t\t\t\t<section class=\"elementor-section elementor-top-section elementor-element elementor-element-ba448a7 elementor-section-boxed elementor-section-height-default elementor-section-height-default\" data-id=\"ba448a7\" data-element_type=\"section\" data-e-type=\"section\">\n\t\t\t\t\t\t<div class=\"elementor-container elementor-column-gap-default\">\n\t\t\t\t\t<div class=\"elementor-column elementor-col-100 elementor-top-column elementor-element elementor-element-77a3935\" data-id=\"77a3935\" data-element_type=\"column\" data-e-type=\"column\">\n\t\t\t<div class=\"elementor-widget-wrap elementor-element-populated\">\n\t\t\t\t\t\t<div class=\"elementor-element elementor-element-cc11d00 elementor-widget elementor-widget-lead-text-block\" data-id=\"cc11d00\" data-element_type=\"widget\" data-e-type=\"widget\" data-widget_type=\"lead-text-block.default\">\n\t\t\t\t<div class=\"elementor-widget-container\">\n\t\t\t\t\t    <p class=\"lead-text\">Soluciones sostenibles para ayudar a su organizaci\u00f3n a maximizar las oportunidades de aprendizaje, mejorar la coherencia global y reducir los costos.<\/p>\r\n    \t\t\t\t<\/div>\n\t\t\t\t<\/div>\n\t\t\t\t\t<\/div>\n\t\t<\/div>\n\t\t\t\t\t<\/div>\n\t\t<\/section>\n\t\t\t\t<section class=\"elementor-section elementor-top-section elementor-element elementor-element-2f79e12 elementor-section-boxed elementor-section-height-default elementor-section-height-default\" data-id=\"2f79e12\" data-element_type=\"section\" data-e-type=\"section\">\n\t\t\t\t\t\t<div class=\"elementor-container elementor-column-gap-default\">\n\t\t\t\t\t<div class=\"elementor-column elementor-col-100 elementor-top-column elementor-element elementor-element-25bec98\" data-id=\"25bec98\" data-element_type=\"column\" data-e-type=\"column\">\n\t\t\t<div class=\"elementor-widget-wrap elementor-element-populated\">\n\t\t\t\t\t\t<div class=\"elementor-element elementor-element-e82cf1c elementor-widget elementor-widget-text-editor\" data-id=\"e82cf1c\" data-element_type=\"widget\" data-e-type=\"widget\" data-widget_type=\"text-editor.default\">\n\t\t\t\t<div class=\"elementor-widget-container\">\n\t\t\t\t\t\t\t\t\t<p>Muchas de las principales asociaciones y organismos de supervisi\u00f3n del mundo se han asociado con Plexus para dise\u00f1ar e implementar servicios de programas de desarrollo profesional para estandarizar c\u00f3mo se capacita, eval\u00faa y califica a las personas. Nuestro talentoso equipo est\u00e1 formado por expertos en contenido, especialistas en dise\u00f1o de aprendizaje y evaluaci\u00f3n y tecn\u00f3logos de aplicaciones de software, que aprovechan nuestro alcance completo de servicios para crear una soluci\u00f3n integrada que satisfaga las necesidades de todos los participantes y partes interesadas relevantes.<\/p><p>Durante la \u00faltima d\u00e9cada, nuestro equipo ha implementado con \u00e9xito varios programas de calificaci\u00f3n de personal que combinan componentes en l\u00ednea y en el aula para maximizar las oportunidades de aprendizaje, mejorar la consistencia global y reducir costos.<\/p>\t\t\t\t\t\t\t\t<\/div>\n\t\t\t\t<\/div>\n\t\t\t\t\t<\/div>\n\t\t<\/div>\n\t\t\t\t\t<\/div>\n\t\t<\/section>\n\t\t\t\t<section class=\"elementor-section elementor-top-section elementor-element elementor-element-9a12565 elementor-section-boxed elementor-section-height-default elementor-section-height-default\" data-id=\"9a12565\" data-element_type=\"section\" data-e-type=\"section\">\n\t\t\t\t\t\t<div class=\"elementor-container elementor-column-gap-default\">\n\t\t\t\t\t<div class=\"elementor-column elementor-col-100 elementor-top-column elementor-element elementor-element-499c8ab\" data-id=\"499c8ab\" data-element_type=\"column\" data-e-type=\"column\">\n\t\t\t<div class=\"elementor-widget-wrap elementor-element-populated\">\n\t\t\t\t\t\t<div class=\"elementor-element elementor-element-8a7b24b elementor-widget-divider--view-line elementor-widget elementor-widget-divider\" data-id=\"8a7b24b\" data-element_type=\"widget\" data-e-type=\"widget\" data-widget_type=\"divider.default\">\n\t\t\t\t<div class=\"elementor-widget-container\">\n\t\t\t\t\t\t\t<div class=\"elementor-divider\">\n\t\t\t<span class=\"elementor-divider-separator\">\n\t\t\t\t\t\t<\/span>\n\t\t<\/div>\n\t\t\t\t\t\t<\/div>\n\t\t\t\t<\/div>\n\t\t\t\t\t<\/div>\n\t\t<\/div>\n\t\t\t\t\t<\/div>\n\t\t<\/section>\n\t\t\t\t<section class=\"elementor-section elementor-top-section elementor-element elementor-element-7215104 elementor-section-boxed elementor-section-height-default elementor-section-height-default\" data-id=\"7215104\" data-element_type=\"section\" data-e-type=\"section\">\n\t\t\t\t\t\t<div class=\"elementor-container elementor-column-gap-default\">\n\t\t\t\t\t<div class=\"elementor-column elementor-col-100 elementor-top-column elementor-element elementor-element-95595f4\" data-id=\"95595f4\" data-element_type=\"column\" data-e-type=\"column\">\n\t\t\t<div class=\"elementor-widget-wrap elementor-element-populated\">\n\t\t\t\t\t\t<div class=\"elementor-element elementor-element-fe4c0e3 elementor-widget elementor-widget-text-editor\" data-id=\"fe4c0e3\" data-element_type=\"widget\" data-e-type=\"widget\" data-widget_type=\"text-editor.default\">\n\t\t\t\t<div class=\"elementor-widget-container\">\n\t\t\t\t\t\t\t\t\t<p class=\"lead-text\" style=\"text-align: center;\">Nuestro bloque de capacidades de Evaluaci\u00f3n Integral<\/p>\t\t\t\t\t\t\t\t<\/div>\n\t\t\t\t<\/div>\n\t\t\t\t\t<\/div>\n\t\t<\/div>\n\t\t\t\t\t<\/div>\n\t\t<\/section>\n\t\t\t\t<section class=\"elementor-section elementor-top-section elementor-element elementor-element-a9e8024 elementor-section-boxed elementor-section-height-default elementor-section-height-default\" data-id=\"a9e8024\" data-element_type=\"section\" data-e-type=\"section\">\n\t\t\t\t\t\t<div class=\"elementor-container elementor-column-gap-default\">\n\t\t\t\t\t<div class=\"elementor-column elementor-col-50 elementor-top-column elementor-element elementor-element-374f964\" data-id=\"374f964\" data-element_type=\"column\" data-e-type=\"column\">\n\t\t\t<div class=\"elementor-widget-wrap elementor-element-populated\">\n\t\t\t\t\t\t<div class=\"elementor-element elementor-element-47b4766 elementor-widget elementor-widget-image\" data-id=\"47b4766\" data-element_type=\"widget\" data-e-type=\"widget\" data-widget_type=\"image.default\">\n\t\t\t\t<div class=\"elementor-widget-container\">\n\t\t\t\t\t\t\t\t\t\t\t\t\t\t\t<img decoding=\"async\" src=\"https:\/\/plexusintl.com\/mx\/wp-content\/uploads\/2020\/07\/checkmark-icon.svg\" title=\"checkmark-icon\" alt=\"checkmark-icon\" loading=\"lazy\" \/>\t\t\t\t\t\t\t\t\t\t\t\t\t\t\t<\/div>\n\t\t\t\t<\/div>\n\t\t\t\t<div class=\"elementor-element elementor-element-c82eef7 elementor-widget elementor-widget-heading\" data-id=\"c82eef7\" data-element_type=\"widget\" data-e-type=\"widget\" data-widget_type=\"heading.default\">\n\t\t\t\t<div class=\"elementor-widget-container\">\n\t\t\t\t\t<h4 class=\"elementor-heading-title elementor-size-default\">Contenido de aprendizaje y evaluaci\u00f3n\nDise\u00f1o, desarrollo y despliegue de la soluci\u00f3n<\/h4>\t\t\t\t<\/div>\n\t\t\t\t<\/div>\n\t\t\t\t<div class=\"elementor-element elementor-element-a64b829 elementor-widget elementor-widget-text-editor\" data-id=\"a64b829\" data-element_type=\"widget\" data-e-type=\"widget\" data-widget_type=\"text-editor.default\">\n\t\t\t\t<div class=\"elementor-widget-container\">\n\t\t\t\t\t\t\t\t\t<ul><li>Equipo global de desarrolladores de contenido, dise\u00f1adores de aprendizaje y especialistas en traducci\u00f3n para colaborar con su equipo<\/li><li>Plan de estudios combinado de capacitaci\u00f3n en el aula y en l\u00ednea, basado en el modelo de aprendizaje Plexus<\/li><li>Evaluaciones en l\u00ednea que miden el desempe\u00f1o alineado con los objetivos de aprendizaje y los criterios de competencia.<\/li><li>Entrega de capacitaci\u00f3n en el aula en todo el mundo por socios internacionales calificados de Plexus<\/li><\/ul>\t\t\t\t\t\t\t\t<\/div>\n\t\t\t\t<\/div>\n\t\t\t\t\t<\/div>\n\t\t<\/div>\n\t\t\t\t<div class=\"elementor-column elementor-col-50 elementor-top-column elementor-element elementor-element-402009b\" data-id=\"402009b\" data-element_type=\"column\" data-e-type=\"column\">\n\t\t\t<div class=\"elementor-widget-wrap elementor-element-populated\">\n\t\t\t\t\t\t<div class=\"elementor-element elementor-element-2fad26b elementor-widget elementor-widget-image\" data-id=\"2fad26b\" data-element_type=\"widget\" data-e-type=\"widget\" data-widget_type=\"image.default\">\n\t\t\t\t<div class=\"elementor-widget-container\">\n\t\t\t\t\t\t\t\t\t\t\t\t\t\t\t<img decoding=\"async\" src=\"https:\/\/plexusintl.com\/mx\/wp-content\/uploads\/2020\/07\/checkmark-icon.svg\" title=\"checkmark-icon\" alt=\"checkmark-icon\" loading=\"lazy\" \/>\t\t\t\t\t\t\t\t\t\t\t\t\t\t\t<\/div>\n\t\t\t\t<\/div>\n\t\t\t\t<div class=\"elementor-element elementor-element-2f3afe3 elementor-widget elementor-widget-heading\" data-id=\"2f3afe3\" data-element_type=\"widget\" data-e-type=\"widget\" data-widget_type=\"heading.default\">\n\t\t\t\t<div class=\"elementor-widget-container\">\n\t\t\t\t\t<h4 class=\"elementor-heading-title elementor-size-default\">Tecnolog\u00eda y software\nDesarrollo de aplicaciones<\/h4>\t\t\t\t<\/div>\n\t\t\t\t<\/div>\n\t\t\t\t<div class=\"elementor-element elementor-element-4954849 elementor-widget elementor-widget-text-editor\" data-id=\"4954849\" data-element_type=\"widget\" data-e-type=\"widget\" data-widget_type=\"text-editor.default\">\n\t\t\t\t<div class=\"elementor-widget-container\">\n\t\t\t\t\t\t\t\t\t<ul><li>Plataforma en l\u00ednea para el desarrollo, la traducci\u00f3n y la implementaci\u00f3n global de capacitaci\u00f3n y evaluaciones en l\u00ednea en numerosos idiomas.<\/li><li>Sistema de gesti\u00f3n de traducciones para garantizar la alineaci\u00f3n y la coherencia en todos los idiomas de implementaci\u00f3n.<\/li><li>Sistemas integrados de gesti\u00f3n de pagos, programaci\u00f3n y suscripci\u00f3n en l\u00ednea para sesiones de capacitaci\u00f3n y evaluaci\u00f3n<\/li><li>Soluci\u00f3n de &#8220;supervisor remoto&#8221; basada en c\u00e1mara web para admitir la entrega de evaluaciones remotas (virtuales) en un entorno seguro<\/li><\/ul>\t\t\t\t\t\t\t\t<\/div>\n\t\t\t\t<\/div>\n\t\t\t\t\t<\/div>\n\t\t<\/div>\n\t\t\t\t\t<\/div>\n\t\t<\/section>\n\t\t\t\t<section class=\"elementor-section elementor-top-section elementor-element elementor-element-ce31fc7 elementor-section-boxed elementor-section-height-default elementor-section-height-default\" data-id=\"ce31fc7\" data-element_type=\"section\" data-e-type=\"section\" data-settings=\"{&quot;background_background&quot;:&quot;classic&quot;}\">\n\t\t\t\t\t\t<div class=\"elementor-container elementor-column-gap-default\">\n\t\t\t\t\t<div class=\"elementor-column elementor-col-100 elementor-top-column elementor-element elementor-element-9734101\" data-id=\"9734101\" data-element_type=\"column\" data-e-type=\"column\">\n\t\t\t<div class=\"elementor-widget-wrap elementor-element-populated\">\n\t\t\t\t\t\t<div class=\"elementor-element elementor-element-1c701da elementor-widget elementor-widget-heading\" data-id=\"1c701da\" data-element_type=\"widget\" data-e-type=\"widget\" data-widget_type=\"heading.default\">\n\t\t\t\t<div class=\"elementor-widget-container\">\n\t\t\t\t\t<h2 class=\"elementor-heading-title elementor-size-default\">As\u00f3ciese con Plexus International<\/h2>\t\t\t\t<\/div>\n\t\t\t\t<\/div>\n\t\t\t\t<section class=\"elementor-section elementor-inner-section elementor-element elementor-element-46d29a6 elementor-section-boxed elementor-section-height-default elementor-section-height-default\" data-id=\"46d29a6\" data-element_type=\"section\" data-e-type=\"section\">\n\t\t\t\t\t\t<div class=\"elementor-container elementor-column-gap-default\">\n\t\t\t\t\t<div class=\"elementor-column elementor-col-25 elementor-inner-column elementor-element elementor-element-9d6384e\" data-id=\"9d6384e\" data-element_type=\"column\" data-e-type=\"column\">\n\t\t\t<div class=\"elementor-widget-wrap elementor-element-populated\">\n\t\t\t\t\t\t<div class=\"elementor-element elementor-element-0ebf4bf elementor-widget elementor-widget-text-editor\" data-id=\"0ebf4bf\" data-element_type=\"widget\" data-e-type=\"widget\" data-widget_type=\"text-editor.default\">\n\t\t\t\t<div class=\"elementor-widget-container\">\n\t\t\t\t\t\t\t\t\t<p class=\"lead-text\" style=\"text-align: center;\"><strong>Paso #1<\/strong><\/p><p style=\"text-align: center;\">Con\u00e9ctese con Plexus y evaluaremos cuidadosamente las necesidades \u00fanicas de su organizaci\u00f3n, su estado actual y consideraremos los objetivos comerciales subyacentes y los resultados deseados.<\/p>\t\t\t\t\t\t\t\t<\/div>\n\t\t\t\t<\/div>\n\t\t\t\t\t<\/div>\n\t\t<\/div>\n\t\t\t\t<div class=\"elementor-column elementor-col-25 elementor-inner-column elementor-element elementor-element-2aa43d9\" data-id=\"2aa43d9\" data-element_type=\"column\" data-e-type=\"column\">\n\t\t\t<div class=\"elementor-widget-wrap elementor-element-populated\">\n\t\t\t\t\t\t<div class=\"elementor-element elementor-element-9955567 elementor-widget elementor-widget-text-editor\" data-id=\"9955567\" data-element_type=\"widget\" data-e-type=\"widget\" data-widget_type=\"text-editor.default\">\n\t\t\t\t<div class=\"elementor-widget-container\">\n\t\t\t\t\t\t\t\t\t<p class=\"lead-text\" style=\"text-align: center;\"><strong>Paso # 2<\/strong><\/p><p style=\"text-align: center;\">Juntos determinaremos un plan de acci\u00f3n sostenible de nuestros servicios dise\u00f1ado para adaptarse a su gama completa de necesidades dentro de un presupuesto y un cronograma establecidos.<\/p>\t\t\t\t\t\t\t\t<\/div>\n\t\t\t\t<\/div>\n\t\t\t\t\t<\/div>\n\t\t<\/div>\n\t\t\t\t<div class=\"elementor-column elementor-col-25 elementor-inner-column elementor-element elementor-element-adfa2e0\" data-id=\"adfa2e0\" data-element_type=\"column\" data-e-type=\"column\">\n\t\t\t<div class=\"elementor-widget-wrap elementor-element-populated\">\n\t\t\t\t\t\t<div class=\"elementor-element elementor-element-db98bcb elementor-widget elementor-widget-text-editor\" data-id=\"db98bcb\" data-element_type=\"widget\" data-e-type=\"widget\" data-widget_type=\"text-editor.default\">\n\t\t\t\t<div class=\"elementor-widget-container\">\n\t\t\t\t\t\t\t\t\t<p class=\"lead-text\" style=\"text-align: center;\"><strong>Paso #3<\/strong><\/p><p style=\"text-align: center;\">A continuaci\u00f3n, pondremos nuestro plan en acci\u00f3n. Trabajar\u00e1 junto con nuestros profesionales calificados de la industria para lograr sus objetivos comerciales y los resultados deseados con una transferencia de conocimientos perfecta.<\/p>\t\t\t\t\t\t\t\t<\/div>\n\t\t\t\t<\/div>\n\t\t\t\t\t<\/div>\n\t\t<\/div>\n\t\t\t\t<div class=\"elementor-column elementor-col-25 elementor-inner-column elementor-element elementor-element-c4f5283\" data-id=\"c4f5283\" data-element_type=\"column\" data-e-type=\"column\">\n\t\t\t<div class=\"elementor-widget-wrap elementor-element-populated\">\n\t\t\t\t\t\t<div class=\"elementor-element elementor-element-78cc687 elementor-widget elementor-widget-text-editor\" data-id=\"78cc687\" data-element_type=\"widget\" data-e-type=\"widget\" data-widget_type=\"text-editor.default\">\n\t\t\t\t<div class=\"elementor-widget-container\">\n\t\t\t\t\t\t\t\t\t<p class=\"lead-text\" style=\"text-align: center;\"><strong>Paso #4<\/strong><\/p><p style=\"text-align: center;\">Finalmente, aprovechar\u00e1 sus nuevas herramientas y habilidades para continuar administrando y mejorando mucho despu\u00e9s de la finalizaci\u00f3n de nuestros servicios iniciales. La sostenibilidad comienza con Plexus.<\/p>\t\t\t\t\t\t\t\t<\/div>\n\t\t\t\t<\/div>\n\t\t\t\t\t<\/div>\n\t\t<\/div>\n\t\t\t\t\t<\/div>\n\t\t<\/section>\n\t\t\t\t<section class=\"elementor-section elementor-inner-section elementor-element elementor-element-391b81d elementor-section-boxed elementor-section-height-default elementor-section-height-default\" data-id=\"391b81d\" data-element_type=\"section\" data-e-type=\"section\">\n\t\t\t\t\t\t<div class=\"elementor-container elementor-column-gap-default\">\n\t\t\t\t\t<div class=\"elementor-column elementor-col-100 elementor-inner-column elementor-element elementor-element-bd943ce\" data-id=\"bd943ce\" data-element_type=\"column\" data-e-type=\"column\">\n\t\t\t<div class=\"elementor-widget-wrap elementor-element-populated\">\n\t\t\t\t\t\t<div class=\"elementor-element elementor-element-a18d5c4 elementor-widget elementor-widget-text-editor\" data-id=\"a18d5c4\" data-element_type=\"widget\" data-e-type=\"widget\" data-widget_type=\"text-editor.default\">\n\t\t\t\t<div class=\"elementor-widget-container\">\n\t\t\t\t\t\t\t\t\t<p style=\"text-align: center;\"><a class=\"blue-button\" href=\"\/mx\/contactanos\/\">\u00a1Iniciemos!<\/a><\/p>\t\t\t\t\t\t\t\t<\/div>\n\t\t\t\t<\/div>\n\t\t\t\t\t<\/div>\n\t\t<\/div>\n\t\t\t\t\t<\/div>\n\t\t<\/section>\n\t\t\t\t\t<\/div>\n\t\t<\/div>\n\t\t\t\t\t<\/div>\n\t\t<\/section>\n\t\t\t\t<section class=\"elementor-section elementor-top-section elementor-element elementor-element-07b7ae1 elementor-section-boxed elementor-section-height-default elementor-section-height-default\" data-id=\"07b7ae1\" data-element_type=\"section\" data-e-type=\"section\">\n\t\t\t\t\t\t<div class=\"elementor-container elementor-column-gap-default\">\n\t\t\t\t\t<div class=\"elementor-column elementor-col-100 elementor-top-column elementor-element elementor-element-6556ead\" data-id=\"6556ead\" data-element_type=\"column\" data-e-type=\"column\">\n\t\t\t<div class=\"elementor-widget-wrap elementor-element-populated\">\n\t\t\t\t\t\t<div class=\"elementor-element elementor-element-6e53b41 elementor-widget elementor-widget-tailored-solutions-block\" data-id=\"6e53b41\" data-element_type=\"widget\" data-e-type=\"widget\" data-widget_type=\"tailored-solutions-block.default\">\n\t\t\t\t<div class=\"elementor-widget-container\">\n\t\t\t\t\t    <div class=\"tailored-solutions-block\">\r\n        <div class=\"container\">\r\n            <div class=\"lead-text\" style=\"text-align: center;\">\r\n                <p class=\"lead-text\" style=\"text-align: center;\">&nbsp;<\/p>\r\n                <h2><a href=\"\/mx\/acerca-de-nosotros\/nuestro-trabajo\/\" class=\"cta\"  >Soluciones a la medida para los lideres de la industria<\/a><\/h2>\r\n            <\/div>\r\n        <\/div>\r\n        <div class=\"container\">\r\n            <div class=\"row\">\r\n                <div class=\"col-sm-12\">\r\n                    <img fetchpriority=\"high\" decoding=\"async\" src=\"https:\/\/mx-wp-cdn.plexusintl.com\/wp-content\/uploads\/2020\/07\/14132310\/partner-logo-banner.png\" alt=\"\" width=\"1837\" height=\"367\" class=\"ccm-image-block img-responsive bID-1238\">\r\n                <\/div>\r\n            <\/div>\r\n        <\/div>\r\n    <\/div>    \r\n    \t\t\t\t<\/div>\n\t\t\t\t<\/div>\n\t\t\t\t\t<\/div>\n\t\t<\/div>\n\t\t\t\t\t<\/div>\n\t\t<\/section>\n\t\t\t\t<\/div>\n\t\t","protected":false},"excerpt":{"rendered":"<p>Soluciones Integrales de Evaluaci\u00f3n Soluciones sostenibles para ayudar a su organizaci\u00f3n a maximizar las oportunidades de aprendizaje, mejorar la coherencia global y reducir los costos. Muchas de las principales asociaciones y organismos de supervisi\u00f3n del mundo se han asociado con Plexus para dise\u00f1ar e implementar servicios de programas de desarrollo profesional para estandarizar c\u00f3mo se&#8230;<\/p>\n","protected":false},"author":1,"featured_media":0,"parent":48,"menu_order":0,"comment_status":"closed","ping_status":"closed","template":"","meta":{"footnotes":"","_wp_rev_ctl_limit":""},"class_list":["post-199","page","type-page","status-publish","hentry"],"_links":{"self":[{"href":"https:\/\/plexusintl.com\/mx\/wp-json\/wp\/v2\/pages\/199","targetHints":{"allow":["GET"]}}],"collection":[{"href":"https:\/\/plexusintl.com\/mx\/wp-json\/wp\/v2\/pages"}],"about":[{"href":"https:\/\/plexusintl.com\/mx\/wp-json\/wp\/v2\/types\/page"}],"author":[{"embeddable":true,"href":"https:\/\/plexusintl.com\/mx\/wp-json\/wp\/v2\/users\/1"}],"replies":[{"embeddable":true,"href":"https:\/\/plexusintl.com\/mx\/wp-json\/wp\/v2\/comments?post=199"}],"version-history":[{"count":19,"href":"https:\/\/plexusintl.com\/mx\/wp-json\/wp\/v2\/pages\/199\/revisions"}],"predecessor-version":[{"id":6153,"href":"https:\/\/plexusintl.com\/mx\/wp-json\/wp\/v2\/pages\/199\/revisions\/6153"}],"up":[{"embeddable":true,"href":"https:\/\/plexusintl.com\/mx\/wp-json\/wp\/v2\/pages\/48"}],"wp:attachment":[{"href":"https:\/\/plexusintl.com\/mx\/wp-json\/wp\/v2\/media?parent=199"}],"curies":[{"name":"wp","href":"https:\/\/api.w.org\/{rel}","templated":true}]}}