{"id":3368,"date":"2021-03-12T11:34:33","date_gmt":"2021-03-12T16:34:33","guid":{"rendered":"https:\/\/plexusintl.com\/mx\/?page_id=3368"},"modified":"2022-03-01T14:17:30","modified_gmt":"2022-03-01T19:17:30","slug":"procesos-especiales-cqis","status":"publish","type":"page","link":"https:\/\/plexusintl.com\/mx\/procesos-especiales-cqis\/","title":{"rendered":"Procesos Especiales &#8211; CQIs"},"content":{"rendered":"\t\t<div data-elementor-type=\"wp-page\" data-elementor-id=\"3368\" class=\"elementor elementor-3368\" data-elementor-post-type=\"page\">\n\t\t\t\t\t\t<section class=\"elementor-section elementor-top-section elementor-element elementor-element-c80fb5c elementor-section-boxed elementor-section-height-default elementor-section-height-default\" data-id=\"c80fb5c\" data-element_type=\"section\" data-e-type=\"section\">\n\t\t\t\t\t\t<div class=\"elementor-container elementor-column-gap-default\">\n\t\t\t\t\t<div class=\"elementor-column elementor-col-100 elementor-top-column elementor-element elementor-element-21a9546\" data-id=\"21a9546\" data-element_type=\"column\" data-e-type=\"column\">\n\t\t\t<div class=\"elementor-widget-wrap elementor-element-populated\">\n\t\t\t\t\t\t<div class=\"elementor-element elementor-element-7e9ed12 elementor-widget elementor-widget-heading\" data-id=\"7e9ed12\" data-element_type=\"widget\" data-e-type=\"widget\" data-widget_type=\"heading.default\">\n\t\t\t\t<div class=\"elementor-widget-container\">\n\t\t\t\t\t<h1 class=\"elementor-heading-title elementor-size-default\">Procesos Especiales Gu\u00edas CQI de AIAG<\/h1>\t\t\t\t<\/div>\n\t\t\t\t<\/div>\n\t\t\t\t\t<\/div>\n\t\t<\/div>\n\t\t\t\t\t<\/div>\n\t\t<\/section>\n\t\t\t\t<section class=\"elementor-section elementor-top-section elementor-element elementor-element-f8fc9ba elementor-section-boxed elementor-section-height-default elementor-section-height-default\" data-id=\"f8fc9ba\" data-element_type=\"section\" data-e-type=\"section\">\n\t\t\t\t\t\t<div class=\"elementor-container elementor-column-gap-default\">\n\t\t\t\t\t<div class=\"elementor-column elementor-col-100 elementor-top-column elementor-element elementor-element-b47319e\" data-id=\"b47319e\" data-element_type=\"column\" data-e-type=\"column\">\n\t\t\t<div class=\"elementor-widget-wrap elementor-element-populated\">\n\t\t\t\t\t\t<div class=\"elementor-element elementor-element-63fe885 elementor-widget elementor-widget-text-editor\" data-id=\"63fe885\" data-element_type=\"widget\" data-e-type=\"widget\" data-widget_type=\"text-editor.default\">\n\t\t\t\t<div class=\"elementor-widget-container\">\n\t\t\t\t\t\t\t\t\t<p>El est\u00e1ndar IATF 16949: 2016 exige el uso de mejores pr\u00e1cticas m\u00e1s all\u00e1 de lo que se incluye en el documento. Distribuido globalmente por Plexus, AIAG ofrece capacitaci\u00f3n y documentos en Procesos Especiales,<\/p><p>El objetivo de la Iniciativa de procesos especiales de AIAG es la reducci\u00f3n de campa\u00f1as, derrames, retiros y reclamos de garant\u00eda relacionados con componentes de &#8220;Procesos especiales&#8221;. La Iniciativa de Procesos Especiales se compone de grupos de trabajo individuales que desarrollan evaluaciones basadas en las mejores pr\u00e1cticas y dise\u00f1adas para proporcionar un medio de mejora continua, enfatizando la prevenci\u00f3n de defectos y la reducci\u00f3n de la variaci\u00f3n y el desperdicio en la cadena de suministro.<\/p>\t\t\t\t\t\t\t\t<\/div>\n\t\t\t\t<\/div>\n\t\t\t\t\t<\/div>\n\t\t<\/div>\n\t\t\t\t\t<\/div>\n\t\t<\/section>\n\t\t\t\t<section class=\"elementor-section elementor-top-section elementor-element elementor-element-a5f214c elementor-section-full_width elementor-section-height-default elementor-section-height-default\" data-id=\"a5f214c\" data-element_type=\"section\" data-e-type=\"section\">\n\t\t\t\t\t\t<div class=\"elementor-container elementor-column-gap-default\">\n\t\t\t\t\t<div class=\"elementor-column elementor-col-100 elementor-top-column elementor-element elementor-element-0c3098d\" data-id=\"0c3098d\" data-element_type=\"column\" data-e-type=\"column\">\n\t\t\t<div class=\"elementor-widget-wrap elementor-element-populated\">\n\t\t\t\t\t\t<div class=\"elementor-element elementor-element-b080f7d elementor-widget-divider--view-line elementor-widget elementor-widget-divider\" data-id=\"b080f7d\" data-element_type=\"widget\" data-e-type=\"widget\" data-widget_type=\"divider.default\">\n\t\t\t\t<div class=\"elementor-widget-container\">\n\t\t\t\t\t\t\t<div class=\"elementor-divider\">\n\t\t\t<span class=\"elementor-divider-separator\">\n\t\t\t\t\t\t<\/span>\n\t\t<\/div>\n\t\t\t\t\t\t<\/div>\n\t\t\t\t<\/div>\n\t\t\t\t\t<\/div>\n\t\t<\/div>\n\t\t\t\t\t<\/div>\n\t\t<\/section>\n\t\t\t\t<section class=\"elementor-section elementor-top-section elementor-element elementor-element-aa6df34 elementor-section-boxed elementor-section-height-default elementor-section-height-default\" data-id=\"aa6df34\" data-element_type=\"section\" data-e-type=\"section\">\n\t\t\t\t\t\t<div class=\"elementor-container elementor-column-gap-default\">\n\t\t\t\t\t<div class=\"elementor-column elementor-col-100 elementor-top-column elementor-element elementor-element-52b6c3c\" data-id=\"52b6c3c\" data-element_type=\"column\" data-e-type=\"column\">\n\t\t\t<div class=\"elementor-widget-wrap elementor-element-populated\">\n\t\t\t\t\t\t<div class=\"elementor-element elementor-element-c32460c elementor-widget elementor-widget-heading\" data-id=\"c32460c\" data-element_type=\"widget\" data-e-type=\"widget\" data-widget_type=\"heading.default\">\n\t\t\t\t<div class=\"elementor-widget-container\">\n\t\t\t\t\t<h2 class=\"elementor-heading-title elementor-size-default\">Gu\u00edas CQI disponibles - Plexus M\u00e9xico es Distribuidor de Publicaciones de AIAG<\/h2>\t\t\t\t<\/div>\n\t\t\t\t<\/div>\n\t\t\t\t<div class=\"elementor-element elementor-element-a7fbd2c elementor-widget elementor-widget-spacer\" data-id=\"a7fbd2c\" data-element_type=\"widget\" data-e-type=\"widget\" data-widget_type=\"spacer.default\">\n\t\t\t\t<div class=\"elementor-widget-container\">\n\t\t\t\t\t\t\t<div class=\"elementor-spacer\">\n\t\t\t<div class=\"elementor-spacer-inner\"><\/div>\n\t\t<\/div>\n\t\t\t\t\t\t<\/div>\n\t\t\t\t<\/div>\n\t\t\t\t\t<\/div>\n\t\t<\/div>\n\t\t\t\t\t<\/div>\n\t\t<\/section>\n\t\t\t\t<section class=\"elementor-section elementor-top-section elementor-element elementor-element-95d69c8 elementor-section-boxed elementor-section-height-default elementor-section-height-default\" data-id=\"95d69c8\" data-element_type=\"section\" data-e-type=\"section\">\n\t\t\t\t\t\t<div class=\"elementor-container elementor-column-gap-default\">\n\t\t\t\t\t<div class=\"elementor-column elementor-col-16 elementor-top-column elementor-element elementor-element-11edcd6\" data-id=\"11edcd6\" data-element_type=\"column\" data-e-type=\"column\">\n\t\t\t<div class=\"elementor-widget-wrap elementor-element-populated\">\n\t\t\t\t\t\t<div class=\"elementor-element elementor-element-9f7ea7e elementor-widget elementor-widget-image\" data-id=\"9f7ea7e\" data-element_type=\"widget\" data-e-type=\"widget\" data-widget_type=\"image.default\">\n\t\t\t\t<div class=\"elementor-widget-container\">\n\t\t\t\t\t\t\t\t\t\t\t\t\t\t\t\t<a href=\"https:\/\/plexusintl.com\/mx\/catalogo\/cqi-9-procesos-especiales-evaluacion-a-los-sistemas-de-tratamiento-termico-4a-edicion\/\">\n\t\t\t\t\t\t\t<img fetchpriority=\"high\" decoding=\"async\" width=\"774\" height=\"1024\" src=\"https:\/\/mx-wp-cdn.plexusintl.com\/wp-content\/uploads\/2021\/07\/14132224\/Captura-de-Pantalla-2021-07-15-a-las-8.56.33-774x1024.png\" class=\"attachment-large size-large wp-image-4963\" alt=\"\" srcset=\"https:\/\/mx-wp-cdn.plexusintl.com\/wp-content\/uploads\/2021\/07\/14132224\/Captura-de-Pantalla-2021-07-15-a-las-8.56.33-774x1024.png 774w, https:\/\/mx-wp-cdn.plexusintl.com\/wp-content\/uploads\/2021\/07\/14132224\/Captura-de-Pantalla-2021-07-15-a-las-8.56.33-227x300.png 227w, https:\/\/mx-wp-cdn.plexusintl.com\/wp-content\/uploads\/2021\/07\/14132224\/Captura-de-Pantalla-2021-07-15-a-las-8.56.33-768x1016.png 768w, https:\/\/mx-wp-cdn.plexusintl.com\/wp-content\/uploads\/2021\/07\/14132224\/Captura-de-Pantalla-2021-07-15-a-las-8.56.33.png 928w\" sizes=\"(max-width: 774px) 100vw, 774px\" \/>\t\t\t\t\t\t\t\t<\/a>\n\t\t\t\t\t\t\t\t\t\t\t\t\t\t\t<\/div>\n\t\t\t\t<\/div>\n\t\t\t\t<div class=\"elementor-element elementor-element-68c3bcc elementor-widget elementor-widget-text-editor\" data-id=\"68c3bcc\" data-element_type=\"widget\" data-e-type=\"widget\" data-widget_type=\"text-editor.default\">\n\t\t\t\t<div class=\"elementor-widget-container\">\n\t\t\t\t\t\t\t\t\t<h4>\u00a0<\/h4><h4 style=\"text-align: center;\"><strong>CQI-9 | Procesos Especiales: Sistemas de Tratamiento T\u00e9rmico (4a. Edici\u00f3n)<\/strong><\/h4>\t\t\t\t\t\t\t\t<\/div>\n\t\t\t\t<\/div>\n\t\t\t\t\t<\/div>\n\t\t<\/div>\n\t\t\t\t<div class=\"elementor-column elementor-col-16 elementor-top-column elementor-element elementor-element-8996961\" data-id=\"8996961\" data-element_type=\"column\" data-e-type=\"column\">\n\t\t\t<div class=\"elementor-widget-wrap elementor-element-populated\">\n\t\t\t\t\t\t<div class=\"elementor-element elementor-element-3f62842 elementor-widget elementor-widget-image\" data-id=\"3f62842\" data-element_type=\"widget\" data-e-type=\"widget\" data-widget_type=\"image.default\">\n\t\t\t\t<div class=\"elementor-widget-container\">\n\t\t\t\t\t\t\t\t\t\t\t\t\t\t\t\t<a href=\"https:\/\/plexusintl.com\/mx\/catalogo\/cqi-11-procesos-espaciales-sistema-de-evaluacion-de-platinado\/\">\n\t\t\t\t\t\t\t<img decoding=\"async\" width=\"455\" height=\"593\" src=\"https:\/\/mx-wp-cdn.plexusintl.com\/wp-content\/uploads\/2021\/06\/14132227\/Captura-de-Pantalla-2021-06-12-a-las-12.54.59.png\" class=\"attachment-large size-large wp-image-4698\" alt=\"\" srcset=\"https:\/\/mx-wp-cdn.plexusintl.com\/wp-content\/uploads\/2021\/06\/14132227\/Captura-de-Pantalla-2021-06-12-a-las-12.54.59.png 455w, https:\/\/mx-wp-cdn.plexusintl.com\/wp-content\/uploads\/2021\/06\/14132227\/Captura-de-Pantalla-2021-06-12-a-las-12.54.59-230x300.png 230w\" sizes=\"(max-width: 455px) 100vw, 455px\" \/>\t\t\t\t\t\t\t\t<\/a>\n\t\t\t\t\t\t\t\t\t\t\t\t\t\t\t<\/div>\n\t\t\t\t<\/div>\n\t\t\t\t<div class=\"elementor-element elementor-element-1e010b7 elementor-widget elementor-widget-text-editor\" data-id=\"1e010b7\" data-element_type=\"widget\" data-e-type=\"widget\" data-widget_type=\"text-editor.default\">\n\t\t\t\t<div class=\"elementor-widget-container\">\n\t\t\t\t\t\t\t\t\t<h4>\u00a0<\/h4><h4 style=\"text-align: center;\">CQI-11 | Procesos Especiales: Evaluaci\u00f3n a los sistemas de Platinado (3a. Edici\u00f3n)<\/h4>\t\t\t\t\t\t\t\t<\/div>\n\t\t\t\t<\/div>\n\t\t\t\t\t<\/div>\n\t\t<\/div>\n\t\t\t\t<div class=\"elementor-column elementor-col-16 elementor-top-column elementor-element elementor-element-d6bac69\" data-id=\"d6bac69\" data-element_type=\"column\" data-e-type=\"column\">\n\t\t\t<div class=\"elementor-widget-wrap elementor-element-populated\">\n\t\t\t\t\t\t<div class=\"elementor-element elementor-element-0766a1c elementor-widget elementor-widget-image\" data-id=\"0766a1c\" data-element_type=\"widget\" data-e-type=\"widget\" data-widget_type=\"image.default\">\n\t\t\t\t<div class=\"elementor-widget-container\">\n\t\t\t\t\t\t\t\t\t\t\t\t\t\t\t\t<a href=\"https:\/\/plexusintl.com\/mx\/catalogo\/cqi-12-special-process-coating-system-assessment-3rd-edition\/\">\n\t\t\t\t\t\t\t<img decoding=\"async\" width=\"448\" height=\"583\" src=\"https:\/\/mx-wp-cdn.plexusintl.com\/wp-content\/uploads\/2021\/06\/14132227\/Captura-de-Pantalla-2021-06-12-a-las-13.06.48.png\" class=\"attachment-large size-large wp-image-4710\" alt=\"\" srcset=\"https:\/\/mx-wp-cdn.plexusintl.com\/wp-content\/uploads\/2021\/06\/14132227\/Captura-de-Pantalla-2021-06-12-a-las-13.06.48.png 448w, https:\/\/mx-wp-cdn.plexusintl.com\/wp-content\/uploads\/2021\/06\/14132227\/Captura-de-Pantalla-2021-06-12-a-las-13.06.48-231x300.png 231w\" sizes=\"(max-width: 448px) 100vw, 448px\" \/>\t\t\t\t\t\t\t\t<\/a>\n\t\t\t\t\t\t\t\t\t\t\t\t\t\t\t<\/div>\n\t\t\t\t<\/div>\n\t\t\t\t<div class=\"elementor-element elementor-element-4c2382e elementor-widget elementor-widget-text-editor\" data-id=\"4c2382e\" data-element_type=\"widget\" data-e-type=\"widget\" data-widget_type=\"text-editor.default\">\n\t\t\t\t<div class=\"elementor-widget-container\">\n\t\t\t\t\t\t\t\t\t<h4>\u00a0<\/h4><h4 style=\"text-align: center;\">CQI-12 | Procesos Especiales: Evaluaci\u00f3n a los Sistemas de Recubrimientos (3a Edition)<\/h4>\t\t\t\t\t\t\t\t<\/div>\n\t\t\t\t<\/div>\n\t\t\t\t\t<\/div>\n\t\t<\/div>\n\t\t\t\t<div class=\"elementor-column elementor-col-16 elementor-top-column elementor-element elementor-element-04517ab\" data-id=\"04517ab\" data-element_type=\"column\" data-e-type=\"column\">\n\t\t\t<div class=\"elementor-widget-wrap elementor-element-populated\">\n\t\t\t\t\t\t<div class=\"elementor-element elementor-element-8259b17 elementor-widget elementor-widget-image\" data-id=\"8259b17\" data-element_type=\"widget\" data-e-type=\"widget\" data-widget_type=\"image.default\">\n\t\t\t\t<div class=\"elementor-widget-container\">\n\t\t\t\t\t\t\t\t\t\t\t\t\t\t\t\t<a href=\"https:\/\/plexusintl.com\/mx\/catalogo\/cqi-15-proceso-especial-evaluacion-del-sistema-de-soldadura-publicacion\/\">\n\t\t\t\t\t\t\t<img loading=\"lazy\" decoding=\"async\" width=\"770\" height=\"1024\" src=\"https:\/\/mx-wp-cdn.plexusintl.com\/wp-content\/uploads\/2021\/07\/14132224\/Captura-de-Pantalla-2021-07-15-a-las-10.16.14-770x1024.png\" class=\"attachment-large size-large wp-image-4990\" alt=\"\" srcset=\"https:\/\/mx-wp-cdn.plexusintl.com\/wp-content\/uploads\/2021\/07\/14132224\/Captura-de-Pantalla-2021-07-15-a-las-10.16.14-770x1024.png 770w, https:\/\/mx-wp-cdn.plexusintl.com\/wp-content\/uploads\/2021\/07\/14132224\/Captura-de-Pantalla-2021-07-15-a-las-10.16.14-225x300.png 225w, https:\/\/mx-wp-cdn.plexusintl.com\/wp-content\/uploads\/2021\/07\/14132224\/Captura-de-Pantalla-2021-07-15-a-las-10.16.14-768x1022.png 768w, https:\/\/mx-wp-cdn.plexusintl.com\/wp-content\/uploads\/2021\/07\/14132224\/Captura-de-Pantalla-2021-07-15-a-las-10.16.14.png 914w\" sizes=\"(max-width: 770px) 100vw, 770px\" \/>\t\t\t\t\t\t\t\t<\/a>\n\t\t\t\t\t\t\t\t\t\t\t\t\t\t\t<\/div>\n\t\t\t\t<\/div>\n\t\t\t\t<div class=\"elementor-element elementor-element-6541a9d elementor-widget elementor-widget-text-editor\" data-id=\"6541a9d\" data-element_type=\"widget\" data-e-type=\"widget\" data-widget_type=\"text-editor.default\">\n\t\t\t\t<div class=\"elementor-widget-container\">\n\t\t\t\t\t\t\t\t\t<h4>\u00a0<\/h4><h4 style=\"text-align: center;\">CQI-15 | Procesos Especiales: Evaluaci\u00f3n a los Sistemas de Soldadura (2a. Edici\u00f3n)<\/h4>\t\t\t\t\t\t\t\t<\/div>\n\t\t\t\t<\/div>\n\t\t\t\t\t<\/div>\n\t\t<\/div>\n\t\t\t\t<div class=\"elementor-column elementor-col-16 elementor-top-column elementor-element elementor-element-1767f98\" data-id=\"1767f98\" data-element_type=\"column\" data-e-type=\"column\">\n\t\t\t<div class=\"elementor-widget-wrap elementor-element-populated\">\n\t\t\t\t\t\t<div class=\"elementor-element elementor-element-3103ed6 elementor-widget elementor-widget-image\" data-id=\"3103ed6\" data-element_type=\"widget\" data-e-type=\"widget\" data-widget_type=\"image.default\">\n\t\t\t\t<div class=\"elementor-widget-container\">\n\t\t\t\t\t\t\t\t\t\t\t\t\t\t\t\t<a href=\"https:\/\/plexusintl.com\/mx\/catalogo\/cqi-17-special-process-welding-system-assessment-publicacion\/\">\n\t\t\t\t\t\t\t<img loading=\"lazy\" decoding=\"async\" width=\"787\" height=\"1024\" src=\"https:\/\/mx-wp-cdn.plexusintl.com\/wp-content\/uploads\/2021\/07\/14132224\/Captura-de-Pantalla-2021-07-15-a-las-20.11.00-787x1024.png\" class=\"attachment-large size-large wp-image-5110\" alt=\"\" srcset=\"https:\/\/mx-wp-cdn.plexusintl.com\/wp-content\/uploads\/2021\/07\/14132224\/Captura-de-Pantalla-2021-07-15-a-las-20.11.00-787x1024.png 787w, https:\/\/mx-wp-cdn.plexusintl.com\/wp-content\/uploads\/2021\/07\/14132224\/Captura-de-Pantalla-2021-07-15-a-las-20.11.00-231x300.png 231w, https:\/\/mx-wp-cdn.plexusintl.com\/wp-content\/uploads\/2021\/07\/14132224\/Captura-de-Pantalla-2021-07-15-a-las-20.11.00-768x999.png 768w, https:\/\/mx-wp-cdn.plexusintl.com\/wp-content\/uploads\/2021\/07\/14132224\/Captura-de-Pantalla-2021-07-15-a-las-20.11.00-1181x1536.png 1181w, https:\/\/mx-wp-cdn.plexusintl.com\/wp-content\/uploads\/2021\/07\/14132224\/Captura-de-Pantalla-2021-07-15-a-las-20.11.00.png 1192w\" sizes=\"(max-width: 787px) 100vw, 787px\" \/>\t\t\t\t\t\t\t\t<\/a>\n\t\t\t\t\t\t\t\t\t\t\t\t\t\t\t<\/div>\n\t\t\t\t<\/div>\n\t\t\t\t<div class=\"elementor-element elementor-element-5bceb3c elementor-widget elementor-widget-text-editor\" data-id=\"5bceb3c\" data-element_type=\"widget\" data-e-type=\"widget\" data-widget_type=\"text-editor.default\">\n\t\t\t\t<div class=\"elementor-widget-container\">\n\t\t\t\t\t\t\t\t\t<h4>\u00a0<\/h4><h4 style=\"text-align: center;\">CQI-17 | Procesos Especiales: Evaluaci\u00f3n a los Sistemas de Soldadura (Soldering)<\/h4>\t\t\t\t\t\t\t\t<\/div>\n\t\t\t\t<\/div>\n\t\t\t\t\t<\/div>\n\t\t<\/div>\n\t\t\t\t<div class=\"elementor-column elementor-col-16 elementor-top-column elementor-element elementor-element-1671b40\" data-id=\"1671b40\" data-element_type=\"column\" data-e-type=\"column\">\n\t\t\t<div class=\"elementor-widget-wrap elementor-element-populated\">\n\t\t\t\t\t\t<div class=\"elementor-element elementor-element-f53ba08 elementor-widget elementor-widget-image\" data-id=\"f53ba08\" data-element_type=\"widget\" data-e-type=\"widget\" data-widget_type=\"image.default\">\n\t\t\t\t<div class=\"elementor-widget-container\">\n\t\t\t\t\t\t\t\t\t\t\t\t\t\t\t\t<a href=\"https:\/\/plexusintl.com\/mx\/catalogo\/cqi-17-special-process-welding-system-assessment-publicacion\/\">\n\t\t\t\t\t\t\t<img loading=\"lazy\" decoding=\"async\" width=\"792\" height=\"1024\" src=\"https:\/\/mx-wp-cdn.plexusintl.com\/wp-content\/uploads\/2021\/07\/14132223\/Captura-de-Pantalla-2021-07-15-a-las-20.12.58-792x1024.png\" class=\"attachment-large size-large wp-image-5111\" alt=\"\" srcset=\"https:\/\/mx-wp-cdn.plexusintl.com\/wp-content\/uploads\/2021\/07\/14132223\/Captura-de-Pantalla-2021-07-15-a-las-20.12.58-792x1024.png 792w, https:\/\/mx-wp-cdn.plexusintl.com\/wp-content\/uploads\/2021\/07\/14132223\/Captura-de-Pantalla-2021-07-15-a-las-20.12.58-232x300.png 232w, https:\/\/mx-wp-cdn.plexusintl.com\/wp-content\/uploads\/2021\/07\/14132223\/Captura-de-Pantalla-2021-07-15-a-las-20.12.58-768x994.png 768w, https:\/\/mx-wp-cdn.plexusintl.com\/wp-content\/uploads\/2021\/07\/14132223\/Captura-de-Pantalla-2021-07-15-a-las-20.12.58-1187x1536.png 1187w, https:\/\/mx-wp-cdn.plexusintl.com\/wp-content\/uploads\/2021\/07\/14132223\/Captura-de-Pantalla-2021-07-15-a-las-20.12.58.png 1192w\" sizes=\"(max-width: 792px) 100vw, 792px\" \/>\t\t\t\t\t\t\t\t<\/a>\n\t\t\t\t\t\t\t\t\t\t\t\t\t\t\t<\/div>\n\t\t\t\t<\/div>\n\t\t\t\t<div class=\"elementor-element elementor-element-d8d8e7c elementor-widget elementor-widget-text-editor\" data-id=\"d8d8e7c\" data-element_type=\"widget\" data-e-type=\"widget\" data-widget_type=\"text-editor.default\">\n\t\t\t\t<div class=\"elementor-widget-container\">\n\t\t\t\t\t\t\t\t\t<h4>\u00a0<\/h4><h4 style=\"text-align: center;\">CQI-23 | Procesos Especiales: Evaluaci\u00f3n a los Sistemas de Moldeo<\/h4>\t\t\t\t\t\t\t\t<\/div>\n\t\t\t\t<\/div>\n\t\t\t\t\t<\/div>\n\t\t<\/div>\n\t\t\t\t\t<\/div>\n\t\t<\/section>\n\t\t\t\t<section class=\"elementor-section elementor-top-section elementor-element elementor-element-012e2d8 elementor-section-boxed elementor-section-height-default elementor-section-height-default\" data-id=\"012e2d8\" data-element_type=\"section\" data-e-type=\"section\">\n\t\t\t\t\t\t<div class=\"elementor-container elementor-column-gap-default\">\n\t\t\t\t\t<div class=\"elementor-column elementor-col-100 elementor-top-column elementor-element elementor-element-f727032\" data-id=\"f727032\" data-element_type=\"column\" data-e-type=\"column\">\n\t\t\t<div class=\"elementor-widget-wrap elementor-element-populated\">\n\t\t\t\t\t\t<div class=\"elementor-element elementor-element-919ab84 elementor-widget elementor-widget-text-editor\" data-id=\"919ab84\" data-element_type=\"widget\" data-e-type=\"widget\" data-widget_type=\"text-editor.default\">\n\t\t\t\t<div class=\"elementor-widget-container\">\n\t\t\t\t\t\t\t\t\t<p style=\"text-align: right;\"><a class=\"cta\" href=\"\/mx\/catalogo?_product_topics=Procesos especiales y otros CQIs&amp;_type=Formaci\u00f3n a Distancia\">Explora las publicaciones CQI<\/a><\/p>\t\t\t\t\t\t\t\t<\/div>\n\t\t\t\t<\/div>\n\t\t\t\t<div class=\"elementor-element elementor-element-8ba3d82 elementor-widget elementor-widget-training-programs-block\" data-id=\"8ba3d82\" data-element_type=\"widget\" data-e-type=\"widget\" data-widget_type=\"training-programs-block.default\">\n\t\t\t\t<div class=\"elementor-widget-container\">\n\t\t\t\t\t    <div class=\"training-programs\">\n        <h2 >Formaciones de CQI Disponibles:<\/h2>\n\n        <div class=\"row\">\n                                <div class=\"col-12 col-sm-6 \">\n                        <div class=\"training-program\">\n                            <div class=\"tags\">\n                                                          \n                            <\/div>\n                            <h3><a href=\"\/mx\/catalogo\/cqi-15-procesos-especiales-evaluacion-a-los-sistemas-de-soldadura-welding\/\" class=\"cta\">CQI-15 Procesos Especiales: Evaluaci\u00f3n a los Sistemas de Soldadura <\/a><\/h3>\n                        <\/div>\n                    <\/div>\n                                    <div class=\"col-12 col-sm-6 \">\n                        <div class=\"training-program\">\n                            <div class=\"tags\">\n                                                          \n                            <\/div>\n                            <h3><a href=\"\/mx\/catalogo\/cqi-9-procesos-especiales-evaluacion-del-sistema-de-tratamiento-termico\/\" class=\"cta\">CQI-9 Procesos Especiales: Evaluaci\u00f3n a los Sistemas de Tratamiento T\u00e9rmico<\/a><\/h3>\n                        <\/div>\n                    <\/div>\n                <\/div><div class=\"row\">                    <div class=\"col-12 col-sm-6 \">\n                        <div class=\"training-program\">\n                            <div class=\"tags\">\n                                                          \n                            <\/div>\n                            <h3><a href=\"\/mx\/catalogo\/cqi-12-procesos-especiales-evaluacion-del-sistema-de-recubrimientos\/\" class=\"cta\">CQI-12 Procesos Especiales: Evaluaci\u00f3n a los Sistemas de Tratamiento T\u00e9rmico<\/a><\/h3>\n                        <\/div>\n                    <\/div>\n                                    <div class=\"col-12 col-sm-6 \">\n                        <div class=\"training-program\">\n                            <div class=\"tags\">\n                                                          \n                            <\/div>\n                            <h3><a href=\"\/mx\/catalogo\/cqi-23-procesos-especiales-evaluacion-del-sistema-de-moldeo\/\" class=\"cta\">CQI-23 Procesos Especiales: Evaluaci\u00f3n a los Sistemas de Moldeo<\/a><\/h3>\n                        <\/div>\n                    <\/div>\n                <\/div><div class=\"row\">   \n        <div class=\"col-12\">\n            <div class=\"read-more\"><a href=\"\/mx\/catalogo?_product_topics=Procesos especiales y otros CQIs\" class=\"cta\" >Mas entrenamientos de las gu\u00edas CQI<\/a><\/div>\n        <\/div>        \n    <\/div>\n    \t\t\t\t<\/div>\n\t\t\t\t<\/div>\n\t\t\t\t\t<\/div>\n\t\t<\/div>\n\t\t\t\t\t<\/div>\n\t\t<\/section>\n\t\t\t\t<section class=\"elementor-section elementor-top-section elementor-element elementor-element-2f4cc33 elementor-section-boxed elementor-section-height-default elementor-section-height-default\" data-id=\"2f4cc33\" data-element_type=\"section\" data-e-type=\"section\">\n\t\t\t\t\t\t<div class=\"elementor-container elementor-column-gap-default\">\n\t\t\t\t\t<div class=\"elementor-column elementor-col-100 elementor-top-column elementor-element elementor-element-647af84\" data-id=\"647af84\" data-element_type=\"column\" data-e-type=\"column\">\n\t\t\t<div class=\"elementor-widget-wrap\">\n\t\t\t\t\t\t\t<\/div>\n\t\t<\/div>\n\t\t\t\t\t<\/div>\n\t\t<\/section>\n\t\t\t\t<\/div>\n\t\t","protected":false},"excerpt":{"rendered":"<p>Procesos Especiales Gu\u00edas CQI de AIAG El est\u00e1ndar IATF 16949: 2016 exige el uso de mejores pr\u00e1cticas m\u00e1s all\u00e1 de lo que se incluye en el documento. Distribuido globalmente por Plexus, AIAG ofrece capacitaci\u00f3n y documentos en Procesos Especiales, El objetivo de la Iniciativa de procesos especiales de AIAG es la reducci\u00f3n de campa\u00f1as, derrames,&#8230;<\/p>\n","protected":false},"author":10,"featured_media":0,"parent":0,"menu_order":0,"comment_status":"closed","ping_status":"closed","template":"","meta":{"footnotes":"","_wp_rev_ctl_limit":""},"class_list":["post-3368","page","type-page","status-publish","hentry"],"_links":{"self":[{"href":"https:\/\/plexusintl.com\/mx\/wp-json\/wp\/v2\/pages\/3368","targetHints":{"allow":["GET"]}}],"collection":[{"href":"https:\/\/plexusintl.com\/mx\/wp-json\/wp\/v2\/pages"}],"about":[{"href":"https:\/\/plexusintl.com\/mx\/wp-json\/wp\/v2\/types\/page"}],"author":[{"embeddable":true,"href":"https:\/\/plexusintl.com\/mx\/wp-json\/wp\/v2\/users\/10"}],"replies":[{"embeddable":true,"href":"https:\/\/plexusintl.com\/mx\/wp-json\/wp\/v2\/comments?post=3368"}],"version-history":[{"count":23,"href":"https:\/\/plexusintl.com\/mx\/wp-json\/wp\/v2\/pages\/3368\/revisions"}],"predecessor-version":[{"id":6444,"href":"https:\/\/plexusintl.com\/mx\/wp-json\/wp\/v2\/pages\/3368\/revisions\/6444"}],"wp:attachment":[{"href":"https:\/\/plexusintl.com\/mx\/wp-json\/wp\/v2\/media?parent=3368"}],"curies":[{"name":"wp","href":"https:\/\/api.w.org\/{rel}","templated":true}]}}