{"id":3958,"date":"2021-04-09T12:45:08","date_gmt":"2021-04-09T17:45:08","guid":{"rendered":"https:\/\/plexusintl.com\/mx\/?page_id=3958"},"modified":"2023-06-14T15:55:26","modified_gmt":"2023-06-14T20:55:26","slug":"examen-de-certificacion-spc","status":"publish","type":"page","link":"https:\/\/plexusintl.com\/mx\/catalogo\/examen-de-certificacion-spc\/","title":{"rendered":"Examen de certificaci\u00f3n SPC &#8211; AIAG"},"content":{"rendered":"\t\t<div data-elementor-type=\"wp-page\" data-elementor-id=\"3958\" class=\"elementor elementor-3958\" data-elementor-post-type=\"page\">\n\t\t\t\t\t\t<section class=\"elementor-section elementor-top-section elementor-element elementor-element-e18c6e9 elementor-section-boxed elementor-section-height-default elementor-section-height-default\" data-id=\"e18c6e9\" data-element_type=\"section\" data-e-type=\"section\">\n\t\t\t\t\t\t<div class=\"elementor-container elementor-column-gap-default\">\n\t\t\t\t\t<div class=\"elementor-column elementor-col-66 elementor-top-column elementor-element elementor-element-a2bc64f\" data-id=\"a2bc64f\" data-element_type=\"column\" data-e-type=\"column\">\n\t\t\t<div class=\"elementor-widget-wrap elementor-element-populated\">\n\t\t\t\t\t\t<div class=\"elementor-element elementor-element-8b914e6 elementor-widget elementor-widget-spacer\" data-id=\"8b914e6\" data-element_type=\"widget\" data-e-type=\"widget\" data-widget_type=\"spacer.default\">\n\t\t\t\t<div class=\"elementor-widget-container\">\n\t\t\t\t\t\t\t<div class=\"elementor-spacer\">\n\t\t\t<div class=\"elementor-spacer-inner\"><\/div>\n\t\t<\/div>\n\t\t\t\t\t\t<\/div>\n\t\t\t\t<\/div>\n\t\t\t\t<div class=\"elementor-element elementor-element-c106692 elementor-widget elementor-widget-product-meta\" data-id=\"c106692\" data-element_type=\"widget\" data-e-type=\"widget\" data-widget_type=\"product-meta.default\">\n\t\t\t\t<div class=\"elementor-widget-container\">\n\t\t\t\t\t        <div class=\"meta\">\n                  <div class=\"tags\">MSA & SPC&nbsp;&bull;&nbsp;AIAG&nbsp;&bull;&nbsp;Examen<\/div>\n              <\/div>\n     \t\t\t\t<\/div>\n\t\t\t\t<\/div>\n\t\t\t\t<div class=\"elementor-element elementor-element-6f3ae24 elementor-widget elementor-widget-heading\" data-id=\"6f3ae24\" data-element_type=\"widget\" data-e-type=\"widget\" data-widget_type=\"heading.default\">\n\t\t\t\t<div class=\"elementor-widget-container\">\n\t\t\t\t\t<h2 class=\"elementor-heading-title elementor-size-default\">Examen de certificaci\u00f3n AIAG SPC<\/h2>\t\t\t\t<\/div>\n\t\t\t\t<\/div>\n\t\t\t\t<div class=\"elementor-element elementor-element-1030ed7 elementor-widget elementor-widget-spacer\" data-id=\"1030ed7\" data-element_type=\"widget\" data-e-type=\"widget\" data-widget_type=\"spacer.default\">\n\t\t\t\t<div class=\"elementor-widget-container\">\n\t\t\t\t\t\t\t<div class=\"elementor-spacer\">\n\t\t\t<div class=\"elementor-spacer-inner\"><\/div>\n\t\t<\/div>\n\t\t\t\t\t\t<\/div>\n\t\t\t\t<\/div>\n\t\t\t\t<div class=\"elementor-element elementor-element-896591e elementor-widget elementor-widget-text-editor\" data-id=\"896591e\" data-element_type=\"widget\" data-e-type=\"widget\" data-widget_type=\"text-editor.default\">\n\t\t\t\t<div class=\"elementor-widget-container\">\n\t\t\t\t\t\t\t\t\t<p>La certificaci\u00f3n de AIAG en SPC verifica la competencia de un individuo en t\u00e9cnicas de an\u00e1lisis de sistemas de medici\u00f3n como se define en el manual de referencia de SPC. El individuo es capaz de analizar un sistema de medici\u00f3n e interpretar los resultados , puede apoyar con \u00e9xito la selecci\u00f3n y gesti\u00f3n de sistemas de medici\u00f3n. Estos ex\u00e1menes ahora est\u00e1n supervisados en l\u00ednea y de forma remota. Tenga en cuenta que el participante tiene siete d\u00edas despu\u00e9s de la fecha de inicio del per\u00edodo de ex\u00e1menes para completar el examen. Se debe prestar atenci\u00f3n a la fecha de inicio, ya que es posible que el participante no tenga siete d\u00edas completos para completar el examen (si comienza despu\u00e9s de la fecha de inicio de la sesi\u00f3n). Una vez completado con \u00e9xito el examen, se emitir\u00e1 un Certificado de Certificaci\u00f3n emitido por AIAG que es v\u00e1lido por tres (3) a\u00f1os.<\/p><p><strong>Nota: Los ex\u00e1menes de certificaci\u00f3n est\u00e1n disponibles \u00fanicamente en ingl\u00e9s<\/strong><\/p>\t\t\t\t\t\t\t\t<\/div>\n\t\t\t\t<\/div>\n\t\t\t\t<div class=\"elementor-element elementor-element-e5c7ea4 elementor-widget elementor-widget-spacer\" data-id=\"e5c7ea4\" data-element_type=\"widget\" data-e-type=\"widget\" data-widget_type=\"spacer.default\">\n\t\t\t\t<div class=\"elementor-widget-container\">\n\t\t\t\t\t\t\t<div class=\"elementor-spacer\">\n\t\t\t<div class=\"elementor-spacer-inner\"><\/div>\n\t\t<\/div>\n\t\t\t\t\t\t<\/div>\n\t\t\t\t<\/div>\n\t\t\t\t\t<\/div>\n\t\t<\/div>\n\t\t\t\t<div class=\"elementor-column elementor-col-33 elementor-top-column elementor-element elementor-element-1a8efeb\" data-id=\"1a8efeb\" data-element_type=\"column\" data-e-type=\"column\">\n\t\t\t<div class=\"elementor-widget-wrap elementor-element-populated\">\n\t\t\t\t\t\t<div class=\"elementor-element elementor-element-ee7c0c4 elementor-widget elementor-widget-purchase-widget\" data-id=\"ee7c0c4\" data-element_type=\"widget\" data-e-type=\"widget\" data-widget_type=\"purchase-widget.default\">\n\t\t\t\t<div class=\"elementor-widget-container\">\n\t\t\t\t\t\n<div id=\"purchase_widget_250\" class=\"product-purchase-options\">\n\t<div class=\"intro-header\">\n    \t\t<h3>Comprar aplicaci\u00f3n de examen.<\/h3>\n\t\t<p><\/p>\n\t<\/div>\n\n    <div id=\"div-add-product\" class=\"d-block text-center\">\n    <img decoding=\"async\" src=\"https:\/\/plexusintl.com\/mx\/wp-content\/themes\/plexus-theme\/images\/Purchase-Widget.svg\" width=\"50px\" alt=\"Loading\" \/>     \n  <\/div>\n    <form method=\"post\" id=\"add-product\" class=\"add-product d-none\">\n      <div class=\"options\">\n              <div class=\"purchase-actions\" id=\"single_user_access_250\">\n        <div class=\"e-learning actions d-block\">\n                    <div class=\"\">\n              <div class=\"price-wrapper \">\n                <div class=\"price-label\">Precio de lista<\/div>\n                                    \n                  <div class=\"price\" id=\"e-learning-price\">\n                    <span id=\"priceFigure\">4100.00<\/span>&nbsp;MXN            \n                  <\/div>\n                                    <div id=\"purchase-error\"><\/div>\n                  <input type=\"hidden\" name=\"product_id\" value=\"58dedfa2-0aec-11ee-ae4a-02420a00044e\">\n              <\/div>\n              <button type=\"submit\" class=\"blue-button register-button\" style=\"display:block;\">Agregar al carro<\/button>\n            <\/div>\t\t\t\t\n        <\/div> \n      <\/div>\n      \n      <div class=\"purchase-actions\" id=\"corporate_licensing_250\" style=\"display:none;\">\n        <div class=\"on-site-training actions\" style=\"display: block;\">\n          <a href=\"http:\/\/plexusintl.com\/mx\/solicite-una-cotizacion\/?course_requested=AIAG+SPC+Knowledge+and+Application+Certification+Exam+-+aiag-spc-knowledge-and-application-certification-exam\" title=\"\" class=\"blue-button\"><\/a>\n        <\/div>\n      <\/div>\n\n      <div class=\"purchase-actions\" id=\"member_pricing_250\" style=\"display:none;\">\n        <div class=\"on-site-training actions\" style=\"display: block;\">\n          <a href=\"http:\/\/plexusintl.com\/request-quote?course_requested=AIAG+SPC+Knowledge+and+Application+Certification+Exam+-+aiag-spc-knowledge-and-application-certification-exam\" title=\"\" class=\"blue-button\"><\/a>\n        <\/div>\n      <\/div>\n      <div style=\"display:none;\">\n         \n      <\/div>\n    <\/form>  \n  <\/div>\n<script type=\"text\/javascript\">\n\t$(document).ready(function() { \n\t\t$('#purchase_widget_250 input[name=delivery_type]').change(function(){\t\n      $('#purchase_widget_250 .purchase-actions .actions').hide();\t\t\n\t\t\t$('#purchase_widget_250 .purchase-actions .actions.'+$('input[name=delivery_type]:checked').val()).slideDown();\n    });\n    \n    var hiddenBox = $(\"#purchase_widget_250 #open-enrollment-single-session-location\")[0];\n    if(hiddenBox != null && hiddenBox.value !== \"\"){\n      $('#purchase_widget_250 #location p').html(hiddenBox.value);        \n      $('#purchase_widget_250 .session-detail').slideDown();\n      $('#purchase_widget_250 .session-detail').removeClass('d-none');\n      $('#purchase_widget_250 .session-detail').addClass('d-block');\n    }\n    else {      \n      $('#purchase_widget_250 .session-detail').removeClass('d-block');\n      $('#purchase_widget_250 .session-detail').addClass('d-none');\n    }\n\n\t\t$('#purchase_widget_250 #open-enrollment-session').change(function(){\n\t\t\tif($(this).val() != '') {\n\t\t\t\tvar option = $(this).find('option:selected');\n\n\t\t\t\t$('#purchase_widget_250 #location p').html($(option).data('location'));\n        $('#purchase_widget_250 #open-enrollment-session-value').val($(option).data('id'));\n      \n        $('#purchase_widget_250 .session-detail').slideDown();\n        $('#purchase_widget_250 .session-detail').removeClass('d-none');\n        $('#purchase_widget_250 .session-detail').addClass('d-block');\n\t\t\t} else {        \n        $('#purchase_widget_250 .session-detail').removeClass('d-block');\n        $('#purchase_widget_250 .session-detail').addClass('d-none');\n\t\t\t}\n    });\n    var priceFigure = $('#purchase_widget_250 #priceFigure')[0];\n    if (priceFigure != null)\n      priceFigure.innerHTML = formatCurrency(priceFigure.innerHTML);\n    \n      $('#purchase_widget_250 #div-add-product').removeClass('d-block');\n      $('#purchase_widget_250 #div-add-product').addClass('d-none');\n      $('#purchase_widget_250 #add-product').removeClass('d-none');\n      $('#purchase_widget_250 #add-product').addClass('d-block');\n  });\n  $('#purchase_widget_250 .add-product').submit(function(e){\n    e.preventDefault();    \n    var productId = $(this).find('input[name=\"product_id\"]').val();\n          addProductToCart(productId);\n    \n  });\n  <\/script>\n    \t\t\t\t<\/div>\n\t\t\t\t<\/div>\n\t\t\t\t<div class=\"elementor-element elementor-element-f89238a elementor-widget elementor-widget-spacer\" data-id=\"f89238a\" data-element_type=\"widget\" data-e-type=\"widget\" data-widget_type=\"spacer.default\">\n\t\t\t\t<div class=\"elementor-widget-container\">\n\t\t\t\t\t\t\t<div class=\"elementor-spacer\">\n\t\t\t<div class=\"elementor-spacer-inner\"><\/div>\n\t\t<\/div>\n\t\t\t\t\t\t<\/div>\n\t\t\t\t<\/div>\n\t\t\t\t\t<\/div>\n\t\t<\/div>\n\t\t\t\t\t<\/div>\n\t\t<\/section>\n\t\t\t\t<section class=\"elementor-section elementor-top-section elementor-element elementor-element-d810d18 elementor-section-boxed elementor-section-height-default elementor-section-height-default\" data-id=\"d810d18\" data-element_type=\"section\" data-e-type=\"section\">\n\t\t\t\t\t\t<div class=\"elementor-container elementor-column-gap-default\">\n\t\t\t\t\t<div class=\"elementor-column elementor-col-100 elementor-top-column elementor-element elementor-element-40a2b2c\" data-id=\"40a2b2c\" data-element_type=\"column\" data-e-type=\"column\">\n\t\t\t<div class=\"elementor-widget-wrap elementor-element-populated\">\n\t\t\t\t\t\t\t<\/div>\n\t\t<\/div>\n\t\t\t\t\t<\/div>\n\t\t<\/section>\n\t\t\t\t<section class=\"elementor-section elementor-top-section elementor-element elementor-element-c5148ff elementor-section-boxed elementor-section-height-default elementor-section-height-default\" data-id=\"c5148ff\" data-element_type=\"section\" data-e-type=\"section\">\n\t\t\t\t\t\t<div class=\"elementor-container elementor-column-gap-default\">\n\t\t\t\t\t<div class=\"elementor-column elementor-col-100 elementor-top-column elementor-element elementor-element-c6a030f\" data-id=\"c6a030f\" data-element_type=\"column\" data-e-type=\"column\">\n\t\t\t<div class=\"elementor-widget-wrap elementor-element-populated\">\n\t\t\t\t\t\t<div class=\"elementor-element elementor-element-e3c0c1c elementor-tabs-view-horizontal elementor-widget elementor-widget-tabs\" data-id=\"e3c0c1c\" data-element_type=\"widget\" data-e-type=\"widget\" data-widget_type=\"tabs.default\">\n\t\t\t\t<div class=\"elementor-widget-container\">\n\t\t\t\t\t\t\t<div class=\"elementor-tabs\">\n\t\t\t<div class=\"elementor-tabs-wrapper\" role=\"tablist\" >\n\t\t\t\t\t\t\t\t\t<div id=\"elementor-tab-title-2381\" class=\"elementor-tab-title elementor-tab-desktop-title\" aria-selected=\"true\" data-tab=\"1\" role=\"tab\" tabindex=\"0\" aria-controls=\"elementor-tab-content-2381\" aria-expanded=\"false\">Aplicaci\u00f3n<\/div>\n\t\t\t\t\t\t\t\t\t<div id=\"elementor-tab-title-2382\" class=\"elementor-tab-title elementor-tab-desktop-title\" aria-selected=\"false\" data-tab=\"2\" role=\"tab\" tabindex=\"-1\" aria-controls=\"elementor-tab-content-2382\" aria-expanded=\"false\">Requisitos<\/div>\n\t\t\t\t\t\t\t<\/div>\n\t\t\t<div class=\"elementor-tabs-content-wrapper\" role=\"tablist\" aria-orientation=\"vertical\">\n\t\t\t\t\t\t\t\t\t<div class=\"elementor-tab-title elementor-tab-mobile-title\" aria-selected=\"true\" data-tab=\"1\" role=\"tab\" tabindex=\"0\" aria-controls=\"elementor-tab-content-2381\" aria-expanded=\"false\">Aplicaci\u00f3n<\/div>\n\t\t\t\t\t<div id=\"elementor-tab-content-2381\" class=\"elementor-tab-content elementor-clearfix\" data-tab=\"1\" role=\"tabpanel\" aria-labelledby=\"elementor-tab-title-2381\" tabindex=\"0\" hidden=\"false\"><p><span style=\"font-weight: 400;\">Este es un examen en l\u00ednea, que requiere que el participante utilice un dispositivo capaz de transmitir contenido a trav\u00e9s de audio y video, el cual se conservar\u00e1 para determinar cualquier irregularidad en la prueba. El participante se compromete a mantener su c\u00e1mara y micr\u00f3fono activado en todo momento durante el examen.<\/span><\/p><\/div>\n\t\t\t\t\t\t\t\t\t<div class=\"elementor-tab-title elementor-tab-mobile-title\" aria-selected=\"false\" data-tab=\"2\" role=\"tab\" tabindex=\"-1\" aria-controls=\"elementor-tab-content-2382\" aria-expanded=\"false\">Requisitos<\/div>\n\t\t\t\t\t<div id=\"elementor-tab-content-2382\" class=\"elementor-tab-content elementor-clearfix\" data-tab=\"2\" role=\"tabpanel\" aria-labelledby=\"elementor-tab-title-2382\" tabindex=\"0\" hidden=\"hidden\"><p><span style=\"font-weight: 400;\">Conocimiento pr\u00e1ctico y aplicaci\u00f3n de los principios y t\u00e9cnicas de MSA a nivel avanzado.<\/span><\/p><\/div>\n\t\t\t\t\t\t\t<\/div>\n\t\t<\/div>\n\t\t\t\t\t\t<\/div>\n\t\t\t\t<\/div>\n\t\t\t\t\t<\/div>\n\t\t<\/div>\n\t\t\t\t\t<\/div>\n\t\t<\/section>\n\t\t\t\t<section class=\"elementor-section elementor-top-section elementor-element elementor-element-3b6d2e3 elementor-section-boxed elementor-section-height-default elementor-section-height-default\" data-id=\"3b6d2e3\" data-element_type=\"section\" data-e-type=\"section\">\n\t\t\t\t\t\t<div class=\"elementor-container elementor-column-gap-default\">\n\t\t\t\t\t<div class=\"elementor-column elementor-col-100 elementor-top-column elementor-element elementor-element-1247bf4\" data-id=\"1247bf4\" data-element_type=\"column\" data-e-type=\"column\">\n\t\t\t<div class=\"elementor-widget-wrap elementor-element-populated\">\n\t\t\t\t\t\t<div class=\"elementor-element elementor-element-77c779f elementor-widget elementor-widget-related-content-block\" data-id=\"77c779f\" data-element_type=\"widget\" data-e-type=\"widget\" data-widget_type=\"related-content-block.default\">\n\t\t\t\t<div class=\"elementor-widget-container\">\n\t\t\t\t\t    \r\n      <div class=\"row\">\r\n          <div class=\"col\">\r\n              <div class=\"related-content\">\r\n                  <h2 >Tambi\u00e9n podr\u00eda interesarle: <\/h2>\r\n\r\n                  <div class=\"row\">\r\n                      <div class=\"col-12 col-md-4 mb-3\">\r\n                          <div class=\"page page-1\">\r\n                              <div class=\"content-type\"><\/div>\r\n                              <div class=\"content-title\"><a href=\"https:\/\/plexusintl.com\/mx\/catalogo\/spc-control-estadistico-de-procesos-publicacion\/\" class=\"cta\" >SPC \u2013 Control Estad\u00edstico de Procesos \u2013 Publicaci\u00f3n<\/a><\/div>\r\n                              <div class=\"content-description\"><p >SPC - La mejora continua es vital para prosperar en la econom\u00eda actual. Esta gu\u00eda proporciona varios m\u00e9todos estad\u00edsticos b\u00e1sicos y avanzados que se pueden utilizar para hacer que sus mejoras de fabricaci\u00f3n sean m\u00e1s efectivas, lo que da como resultado productos y servicios que mejoran el valor tanto para usted como para su cliente.<\/p><\/div>\r\n                          <\/div>\r\n                      <\/div>\r\n                      <div class=\"col-12 col-md-4 mb-3\">\r\n                          <div class=\"page page-2\">\r\n                              <div class=\"content-type\"><\/div>\r\n                              <div class=\"content-title\"><a href=\"https:\/\/plexusintl.com\/mx\/catalogo\/spc-implementando-el-control-estadistico-del-proceso\/\" class=\"cta\" >Live Virtual \u2013 AIAG Quality Core Tools: SPC<\/a><\/div>\r\n                              <div class=\"content-description\"><p >SPC - Implementando el Control Estad\u00edstico del Proceso: Por medio de actividades de grupo y participaci\u00f3n individual, los participantes van a entender los conceptos b\u00e1sicos  de estabilidad y capacidad del proceso y obtendr\u00e1n una visi\u00f3n general del uso y utilidad del Manual de SPC. <\/p><\/div>\r\n                          <\/div>\r\n                      <\/div>\r\n                      <div class=\"col-xs-12 col-md-4 mb-3\">\r\n                          <div class=\"page page-3\">\r\n                              <div class=\"content-type\"><\/div>\r\n                              <div class=\"content-title\"><a href=\"https:\/\/plexusintl.com\/mx\/catalogo\/comprension-de-aiag-vda-fmea-de-proceso-con-fmea-en-reversa\/\" class=\"cta\" >Comprensi\u00f3n de AIAG & VDA FMEA de proceso con FMEA en reversa<\/a><\/div>\r\n                              <div class=\"content-description\"><p >Este curso lo asistir\u00e1 en la ejecuci\u00f3n de los FMEA de proceso empleando el nuevo Manual AIAG y VDA FMEA y adem\u00e1s poder contar con un sistema s\u00f3lido de FMEA en Reversa que permite descubrir oportunidades e implementar mejoras en el FMEA que no se hayan descubierto previamente.<\/p><\/div>\r\n                          <\/div>\r\n                      <\/div>\r\n                  <\/div>\r\n              <\/div>\r\n          <\/div>\r\n      <\/div>\r\n    \t\t\t\t<\/div>\n\t\t\t\t<\/div>\n\t\t\t\t\t<\/div>\n\t\t<\/div>\n\t\t\t\t\t<\/div>\n\t\t<\/section>\n\t\t\t\t<\/div>\n\t\t","protected":false},"excerpt":{"rendered":"<p>Active<\/p>\n","protected":false},"author":10,"featured_media":0,"parent":87,"menu_order":0,"comment_status":"closed","ping_status":"closed","template":"","meta":{"footnotes":"","_wp_rev_ctl_limit":""},"class_list":["post-3958","page","type-page","status-publish","hentry"],"_links":{"self":[{"href":"https:\/\/plexusintl.com\/mx\/wp-json\/wp\/v2\/pages\/3958","targetHints":{"allow":["GET"]}}],"collection":[{"href":"https:\/\/plexusintl.com\/mx\/wp-json\/wp\/v2\/pages"}],"about":[{"href":"https:\/\/plexusintl.com\/mx\/wp-json\/wp\/v2\/types\/page"}],"author":[{"embeddable":true,"href":"https:\/\/plexusintl.com\/mx\/wp-json\/wp\/v2\/users\/10"}],"replies":[{"embeddable":true,"href":"https:\/\/plexusintl.com\/mx\/wp-json\/wp\/v2\/comments?post=3958"}],"version-history":[{"count":17,"href":"https:\/\/plexusintl.com\/mx\/wp-json\/wp\/v2\/pages\/3958\/revisions"}],"predecessor-version":[{"id":7105,"href":"https:\/\/plexusintl.com\/mx\/wp-json\/wp\/v2\/pages\/3958\/revisions\/7105"}],"up":[{"embeddable":true,"href":"https:\/\/plexusintl.com\/mx\/wp-json\/wp\/v2\/pages\/87"}],"wp:attachment":[{"href":"https:\/\/plexusintl.com\/mx\/wp-json\/wp\/v2\/media?parent=3958"}],"curies":[{"name":"wp","href":"https:\/\/api.w.org\/{rel}","templated":true}]}}