{"id":3961,"date":"2021-04-09T12:47:07","date_gmt":"2021-04-09T17:47:07","guid":{"rendered":"https:\/\/plexusintl.com\/mx\/?page_id=3961"},"modified":"2023-06-14T13:55:43","modified_gmt":"2023-06-14T18:55:43","slug":"examen-de-certificacion-apqp-ppap","status":"publish","type":"page","link":"https:\/\/plexusintl.com\/mx\/catalogo\/examen-de-certificacion-apqp-ppap\/","title":{"rendered":"Examen de Certificaci\u00f3n &#8211; APQP &#038; PPAP"},"content":{"rendered":"\t\t<div data-elementor-type=\"wp-page\" data-elementor-id=\"3961\" class=\"elementor elementor-3961\" data-elementor-post-type=\"page\">\n\t\t\t\t\t\t<section class=\"elementor-section elementor-top-section elementor-element elementor-element-731d327 elementor-section-boxed elementor-section-height-default elementor-section-height-default\" data-id=\"731d327\" data-element_type=\"section\" data-e-type=\"section\">\n\t\t\t\t\t\t<div class=\"elementor-container elementor-column-gap-default\">\n\t\t\t\t\t<div class=\"elementor-column elementor-col-66 elementor-top-column elementor-element elementor-element-a9de55a\" data-id=\"a9de55a\" data-element_type=\"column\" data-e-type=\"column\">\n\t\t\t<div class=\"elementor-widget-wrap elementor-element-populated\">\n\t\t\t\t\t\t<div class=\"elementor-element elementor-element-5221ef6 elementor-widget elementor-widget-spacer\" data-id=\"5221ef6\" data-element_type=\"widget\" data-e-type=\"widget\" data-widget_type=\"spacer.default\">\n\t\t\t\t<div class=\"elementor-widget-container\">\n\t\t\t\t\t\t\t<div class=\"elementor-spacer\">\n\t\t\t<div class=\"elementor-spacer-inner\"><\/div>\n\t\t<\/div>\n\t\t\t\t\t\t<\/div>\n\t\t\t\t<\/div>\n\t\t\t\t<div class=\"elementor-element elementor-element-0830635 elementor-widget elementor-widget-product-meta\" data-id=\"0830635\" data-element_type=\"widget\" data-e-type=\"widget\" data-widget_type=\"product-meta.default\">\n\t\t\t\t<div class=\"elementor-widget-container\">\n\t\t\t\t\t        <div class=\"meta\">\n                  <div class=\"tags\">APQP\/PPAP&nbsp;&bull;&nbsp;AIAG&nbsp;&bull;&nbsp;Examen<\/div>\n              <\/div>\n     \t\t\t\t<\/div>\n\t\t\t\t<\/div>\n\t\t\t\t<div class=\"elementor-element elementor-element-69d0c92 elementor-widget elementor-widget-heading\" data-id=\"69d0c92\" data-element_type=\"widget\" data-e-type=\"widget\" data-widget_type=\"heading.default\">\n\t\t\t\t<div class=\"elementor-widget-container\">\n\t\t\t\t\t<h2 class=\"elementor-heading-title elementor-size-default\">Examen de certificaci\u00f3n AIAG APQP &amp; PPAP<\/h2>\t\t\t\t<\/div>\n\t\t\t\t<\/div>\n\t\t\t\t<div class=\"elementor-element elementor-element-b4d2994 elementor-widget elementor-widget-spacer\" data-id=\"b4d2994\" data-element_type=\"widget\" data-e-type=\"widget\" data-widget_type=\"spacer.default\">\n\t\t\t\t<div class=\"elementor-widget-container\">\n\t\t\t\t\t\t\t<div class=\"elementor-spacer\">\n\t\t\t<div class=\"elementor-spacer-inner\"><\/div>\n\t\t<\/div>\n\t\t\t\t\t\t<\/div>\n\t\t\t\t<\/div>\n\t\t\t\t<div class=\"elementor-element elementor-element-a71806d elementor-widget elementor-widget-text-editor\" data-id=\"a71806d\" data-element_type=\"widget\" data-e-type=\"widget\" data-widget_type=\"text-editor.default\">\n\t\t\t\t<div class=\"elementor-widget-container\">\n\t\t\t\t\t\t\t\t\t<p><span style=\"font-weight: 400;\">La calificaci\u00f3n de competencia de AIAG en APQP\/PPAP verifica la competencia de una persona en la planificaci\u00f3n de la calidad avanzada del producto, los planes de control y la aprobaci\u00f3n de piezas de producci\u00f3n como se define en los manuales de referencia APQP y PPAP de AIAG. El participante debe de ser capaz de aplicar y comunicar las metodolog\u00edas y como resultado, apoyar con \u00e9xito el desarrollo de productos que aumentan la satisfacci\u00f3n del cliente. Tenga en cuenta que el participante tiene siete d\u00edas despu\u00e9s de la fecha de inicio del per\u00edodo de ex\u00e1menes para completar el examen. Se debe prestar atenci\u00f3n a la fecha de inicio, ya que es posible que el participante no tenga siete d\u00edas completos para completar el examen (si comienza despu\u00e9s de la fecha de inicio de la sesi\u00f3n). Una vez completado con \u00e9xito el examen, se emitir\u00e1 un documento de Certificaci\u00f3n emitido por AIAG que es v\u00e1lido por tres (3) a\u00f1os.<\/span><\/p><p><span style=\"font-weight: bolder;\">Nota: Los ex\u00e1menes de certificaci\u00f3n est\u00e1n disponibles \u00fanicamente en ingl\u00e9s.<\/span><span style=\"font-weight: 400;\"><br><\/span><\/p>\n<p><\/p>\t\t\t\t\t\t\t\t<\/div>\n\t\t\t\t<\/div>\n\t\t\t\t<div class=\"elementor-element elementor-element-d27de38 elementor-widget elementor-widget-spacer\" data-id=\"d27de38\" data-element_type=\"widget\" data-e-type=\"widget\" data-widget_type=\"spacer.default\">\n\t\t\t\t<div class=\"elementor-widget-container\">\n\t\t\t\t\t\t\t<div class=\"elementor-spacer\">\n\t\t\t<div class=\"elementor-spacer-inner\"><\/div>\n\t\t<\/div>\n\t\t\t\t\t\t<\/div>\n\t\t\t\t<\/div>\n\t\t\t\t\t<\/div>\n\t\t<\/div>\n\t\t\t\t<div class=\"elementor-column elementor-col-33 elementor-top-column elementor-element elementor-element-4d777d2\" data-id=\"4d777d2\" data-element_type=\"column\" data-e-type=\"column\">\n\t\t\t<div class=\"elementor-widget-wrap elementor-element-populated\">\n\t\t\t\t\t\t<div class=\"elementor-element elementor-element-ada5f05 elementor-widget elementor-widget-purchase-widget\" data-id=\"ada5f05\" data-element_type=\"widget\" data-e-type=\"widget\" data-widget_type=\"purchase-widget.default\">\n\t\t\t\t<div class=\"elementor-widget-container\">\n\t\t\t\t\t\n<div id=\"purchase_widget_182\" class=\"product-purchase-options\">\n\t<div class=\"intro-header\">\n    \t\t<h3>Comprar aplicaci\u00f3n de examen.<\/h3>\n\t\t<p><\/p>\n\t<\/div>\n\n      <p style=\"color:white;\">Error: Producto configurado incorrectamente.<\/p>\n    <\/div>\n<script type=\"text\/javascript\">\n\t$(document).ready(function() { \n\t\t$('#purchase_widget_182 input[name=delivery_type]').change(function(){\t\n      $('#purchase_widget_182 .purchase-actions .actions').hide();\t\t\n\t\t\t$('#purchase_widget_182 .purchase-actions .actions.'+$('input[name=delivery_type]:checked').val()).slideDown();\n    });\n    \n    var hiddenBox = $(\"#purchase_widget_182 #open-enrollment-single-session-location\")[0];\n    if(hiddenBox != null && hiddenBox.value !== \"\"){\n      $('#purchase_widget_182 #location p').html(hiddenBox.value);        \n      $('#purchase_widget_182 .session-detail').slideDown();\n      $('#purchase_widget_182 .session-detail').removeClass('d-none');\n      $('#purchase_widget_182 .session-detail').addClass('d-block');\n    }\n    else {      \n      $('#purchase_widget_182 .session-detail').removeClass('d-block');\n      $('#purchase_widget_182 .session-detail').addClass('d-none');\n    }\n\n\t\t$('#purchase_widget_182 #open-enrollment-session').change(function(){\n\t\t\tif($(this).val() != '') {\n\t\t\t\tvar option = $(this).find('option:selected');\n\n\t\t\t\t$('#purchase_widget_182 #location p').html($(option).data('location'));\n        $('#purchase_widget_182 #open-enrollment-session-value').val($(option).data('id'));\n      \n        $('#purchase_widget_182 .session-detail').slideDown();\n        $('#purchase_widget_182 .session-detail').removeClass('d-none');\n        $('#purchase_widget_182 .session-detail').addClass('d-block');\n\t\t\t} else {        \n        $('#purchase_widget_182 .session-detail').removeClass('d-block');\n        $('#purchase_widget_182 .session-detail').addClass('d-none');\n\t\t\t}\n    });\n    var priceFigure = $('#purchase_widget_182 #priceFigure')[0];\n    if (priceFigure != null)\n      priceFigure.innerHTML = formatCurrency(priceFigure.innerHTML);\n    \n      $('#purchase_widget_182 #div-add-product').removeClass('d-block');\n      $('#purchase_widget_182 #div-add-product').addClass('d-none');\n      $('#purchase_widget_182 #add-product').removeClass('d-none');\n      $('#purchase_widget_182 #add-product').addClass('d-block');\n  });\n  $('#purchase_widget_182 .add-product').submit(function(e){\n    e.preventDefault();    \n    var productId = $(this).find('input[name=\"product_id\"]').val();\n          addProductToCart(productId);\n    \n  });\n  <\/script>\n    \t\t\t\t<\/div>\n\t\t\t\t<\/div>\n\t\t\t\t\t<\/div>\n\t\t<\/div>\n\t\t\t\t\t<\/div>\n\t\t<\/section>\n\t\t\t\t<section class=\"elementor-section elementor-top-section elementor-element elementor-element-b4bac05 elementor-section-boxed elementor-section-height-default elementor-section-height-default\" data-id=\"b4bac05\" data-element_type=\"section\" data-e-type=\"section\">\n\t\t\t\t\t\t<div class=\"elementor-container elementor-column-gap-default\">\n\t\t\t\t\t<div class=\"elementor-column elementor-col-100 elementor-top-column elementor-element elementor-element-c955f06\" data-id=\"c955f06\" data-element_type=\"column\" data-e-type=\"column\">\n\t\t\t<div class=\"elementor-widget-wrap elementor-element-populated\">\n\t\t\t\t\t\t\t<\/div>\n\t\t<\/div>\n\t\t\t\t\t<\/div>\n\t\t<\/section>\n\t\t\t\t<section class=\"elementor-section elementor-top-section elementor-element elementor-element-64886d0 elementor-section-boxed elementor-section-height-default elementor-section-height-default\" data-id=\"64886d0\" data-element_type=\"section\" data-e-type=\"section\">\n\t\t\t\t\t\t<div class=\"elementor-container elementor-column-gap-default\">\n\t\t\t\t\t<div class=\"elementor-column elementor-col-100 elementor-top-column elementor-element elementor-element-3eff06e\" data-id=\"3eff06e\" data-element_type=\"column\" data-e-type=\"column\">\n\t\t\t<div class=\"elementor-widget-wrap elementor-element-populated\">\n\t\t\t\t\t\t<div class=\"elementor-element elementor-element-090b30a elementor-tabs-view-horizontal elementor-widget elementor-widget-tabs\" data-id=\"090b30a\" data-element_type=\"widget\" data-e-type=\"widget\" data-widget_type=\"tabs.default\">\n\t\t\t\t<div class=\"elementor-widget-container\">\n\t\t\t\t\t\t\t<div class=\"elementor-tabs\">\n\t\t\t<div class=\"elementor-tabs-wrapper\" role=\"tablist\" >\n\t\t\t\t\t\t\t\t\t<div id=\"elementor-tab-title-9481\" class=\"elementor-tab-title elementor-tab-desktop-title\" aria-selected=\"true\" data-tab=\"1\" role=\"tab\" tabindex=\"0\" aria-controls=\"elementor-tab-content-9481\" aria-expanded=\"false\">Aplicaci\u00f3n<\/div>\n\t\t\t\t\t\t\t\t\t<div id=\"elementor-tab-title-9482\" class=\"elementor-tab-title elementor-tab-desktop-title\" aria-selected=\"false\" data-tab=\"2\" role=\"tab\" tabindex=\"-1\" aria-controls=\"elementor-tab-content-9482\" aria-expanded=\"false\">Requsitos<\/div>\n\t\t\t\t\t\t\t<\/div>\n\t\t\t<div class=\"elementor-tabs-content-wrapper\" role=\"tablist\" aria-orientation=\"vertical\">\n\t\t\t\t\t\t\t\t\t<div class=\"elementor-tab-title elementor-tab-mobile-title\" aria-selected=\"true\" data-tab=\"1\" role=\"tab\" tabindex=\"0\" aria-controls=\"elementor-tab-content-9481\" aria-expanded=\"false\">Aplicaci\u00f3n<\/div>\n\t\t\t\t\t<div id=\"elementor-tab-content-9481\" class=\"elementor-tab-content elementor-clearfix\" data-tab=\"1\" role=\"tabpanel\" aria-labelledby=\"elementor-tab-title-9481\" tabindex=\"0\" hidden=\"false\"><p><span style=\"font-weight: 400;\">Este es un examen en l\u00ednea, que requiere que el participante utilice un dispositivo capaz de transmitir contenido a trav\u00e9s de audio y video, el cual se conservar\u00e1 para determinar cualquier irregularidad en la prueba. El participante se deber\u00e1 mantener su c\u00e1mara y micr\u00f3fono activado en todo momento durante el examen.<\/span><\/p><\/div>\n\t\t\t\t\t\t\t\t\t<div class=\"elementor-tab-title elementor-tab-mobile-title\" aria-selected=\"false\" data-tab=\"2\" role=\"tab\" tabindex=\"-1\" aria-controls=\"elementor-tab-content-9482\" aria-expanded=\"false\">Requsitos<\/div>\n\t\t\t\t\t<div id=\"elementor-tab-content-9482\" class=\"elementor-tab-content elementor-clearfix\" data-tab=\"2\" role=\"tabpanel\" aria-labelledby=\"elementor-tab-title-9482\" tabindex=\"0\" hidden=\"hidden\"><p><span style=\"font-weight: 400;\">Conocimiento pr\u00e1ctico y aplicaci\u00f3n de los principios y t\u00e9cnicas de APQP y PPAP seg\u00fan los manuales vigentes de AIAG a un <strong>nivel avanzado<\/strong>.<\/span><\/p><\/div>\n\t\t\t\t\t\t\t<\/div>\n\t\t<\/div>\n\t\t\t\t\t\t<\/div>\n\t\t\t\t<\/div>\n\t\t\t\t<div class=\"elementor-element elementor-element-8a5142a elementor-widget elementor-widget-related-content-block\" data-id=\"8a5142a\" data-element_type=\"widget\" data-e-type=\"widget\" data-widget_type=\"related-content-block.default\">\n\t\t\t\t<div class=\"elementor-widget-container\">\n\t\t\t\t\t    \r\n      <div class=\"row\">\r\n          <div class=\"col\">\r\n              <div class=\"related-content\">\r\n                  <h2 >Tambi\u00e9n puede interesarte<\/h2>\r\n\r\n                  <div class=\"row\">\r\n                      <div class=\"col-12 col-md-4 mb-3\">\r\n                          <div class=\"page page-1\">\r\n                              <div class=\"content-type\"><\/div>\r\n                              <div class=\"content-title\"><a href=\"\/mx\/catalogo\/examen-de-certificacion-aiag-fmea\/\" class=\"cta\" >Certificaci\u00f3n como especialista en FMEA<\/a><\/div>\r\n                              <div class=\"content-description\"><p >La calificaci\u00f3n de competencia de AIAG en FMEA 4a edici\u00f3n verifica la competencia de un individuo en el An\u00e1lisis y modo de efecto de falla mediante la aplicaci\u00f3n de la herramienta, como se define en el manual de referencia FMEA 4a Edici\u00f3n de AIAG<\/p><\/div>\r\n                          <\/div>\r\n                      <\/div>\r\n                      <div class=\"col-12 col-md-4 mb-3\">\r\n                          <div class=\"page page-2\">\r\n                              <div class=\"content-type\"><\/div>\r\n                              <div class=\"content-title\"><a href=\"\/mx\/catalogo\/examen-de-certificacion-msa\/\" class=\"cta\" >Certificaci\u00f3n como especialista de MSA<\/a><\/div>\r\n                              <div class=\"content-description\"><p >La certificaci\u00f3n de AIAG en MSA verifica la competencia de un individuo en t\u00e9cnicas de an\u00e1lisis de sistemas de medici\u00f3n como se define en el manual de referencia de MSA. El individuo es capaz de analizar un sistema de medici\u00f3n e interpretar los resultados<\/p><\/div>\r\n                          <\/div>\r\n                      <\/div>\r\n                      <div class=\"col-xs-12 col-md-4 mb-3\">\r\n                          <div class=\"page page-3\">\r\n                              <div class=\"content-type\"><\/div>\r\n                              <div class=\"content-title\"><a href=\"https:\/\/plexusintl.com\/mx\/catalogo\/apqp-planificacion-avanzada-de-la-calidad-y-plan-de-control-publicacion\/\" class=\"cta\" >APQP \u2013 Planificaci\u00f3n Avanzada de la Calidad y Plan de Control<\/a><\/div>\r\n                              <div class=\"content-description\"><p >Los beneficios del APQP o Plan de Control ser\u00edan una reducci\u00f3n en la complejidad de la planificaci\u00f3n de la calidad de los productos para los clientes y las organizaciones, y un medio para que las organizaciones comuniquen f\u00e1cilmente a los proveedores los requisitos de planificaci\u00f3n de la calidad de los productos.<\/p><\/div>\r\n                          <\/div>\r\n                      <\/div>\r\n                  <\/div>\r\n              <\/div>\r\n          <\/div>\r\n      <\/div>\r\n    \t\t\t\t<\/div>\n\t\t\t\t<\/div>\n\t\t\t\t\t<\/div>\n\t\t<\/div>\n\t\t\t\t\t<\/div>\n\t\t<\/section>\n\t\t\t\t<\/div>\n\t\t","protected":false},"excerpt":{"rendered":"<p>APQP\/PPAP&nbsp;&bull;&nbsp;AIAG&nbsp;&bull;&nbsp;Examen Examen de certificaci\u00f3n AIAG APQP &amp; PPAP La calificaci\u00f3n de competencia de AIAG en APQP\/PPAP verifica la competencia de una persona en la planificaci\u00f3n de la calidad avanzada del producto, los planes de control y la aprobaci\u00f3n de piezas de producci\u00f3n como se define en los manuales de referencia APQP y PPAP de AIAG&#8230;.<\/p>\n","protected":false},"author":10,"featured_media":0,"parent":87,"menu_order":0,"comment_status":"closed","ping_status":"closed","template":"","meta":{"footnotes":"","_wp_rev_ctl_limit":""},"class_list":["post-3961","page","type-page","status-publish","hentry"],"_links":{"self":[{"href":"https:\/\/plexusintl.com\/mx\/wp-json\/wp\/v2\/pages\/3961","targetHints":{"allow":["GET"]}}],"collection":[{"href":"https:\/\/plexusintl.com\/mx\/wp-json\/wp\/v2\/pages"}],"about":[{"href":"https:\/\/plexusintl.com\/mx\/wp-json\/wp\/v2\/types\/page"}],"author":[{"embeddable":true,"href":"https:\/\/plexusintl.com\/mx\/wp-json\/wp\/v2\/users\/10"}],"replies":[{"embeddable":true,"href":"https:\/\/plexusintl.com\/mx\/wp-json\/wp\/v2\/comments?post=3961"}],"version-history":[{"count":18,"href":"https:\/\/plexusintl.com\/mx\/wp-json\/wp\/v2\/pages\/3961\/revisions"}],"predecessor-version":[{"id":7099,"href":"https:\/\/plexusintl.com\/mx\/wp-json\/wp\/v2\/pages\/3961\/revisions\/7099"}],"up":[{"embeddable":true,"href":"https:\/\/plexusintl.com\/mx\/wp-json\/wp\/v2\/pages\/87"}],"wp:attachment":[{"href":"https:\/\/plexusintl.com\/mx\/wp-json\/wp\/v2\/media?parent=3961"}],"curies":[{"name":"wp","href":"https:\/\/api.w.org\/{rel}","templated":true}]}}