{"id":3976,"date":"2021-04-09T13:05:20","date_gmt":"2021-04-09T18:05:20","guid":{"rendered":"https:\/\/plexusintl.com\/mx\/?page_id=3976"},"modified":"2023-06-14T13:57:07","modified_gmt":"2023-06-14T18:57:07","slug":"examen-de-certificacion-aiag-fmea","status":"publish","type":"page","link":"https:\/\/plexusintl.com\/mx\/catalogo\/examen-de-certificacion-aiag-fmea\/","title":{"rendered":"Examen de Certificaci\u00f3n AIAG FMEA"},"content":{"rendered":"\t\t<div data-elementor-type=\"wp-page\" data-elementor-id=\"3976\" class=\"elementor elementor-3976\" data-elementor-post-type=\"page\">\n\t\t\t\t\t\t<section class=\"elementor-section elementor-top-section elementor-element elementor-element-ee5e505 elementor-section-boxed elementor-section-height-default elementor-section-height-default\" data-id=\"ee5e505\" data-element_type=\"section\" data-e-type=\"section\">\n\t\t\t\t\t\t<div class=\"elementor-container elementor-column-gap-default\">\n\t\t\t\t\t<div class=\"elementor-column elementor-col-66 elementor-top-column elementor-element elementor-element-f0803a7\" data-id=\"f0803a7\" data-element_type=\"column\" data-e-type=\"column\">\n\t\t\t<div class=\"elementor-widget-wrap elementor-element-populated\">\n\t\t\t\t\t\t<div class=\"elementor-element elementor-element-f9d20fa elementor-widget elementor-widget-spacer\" data-id=\"f9d20fa\" data-element_type=\"widget\" data-e-type=\"widget\" data-widget_type=\"spacer.default\">\n\t\t\t\t<div class=\"elementor-widget-container\">\n\t\t\t\t\t\t\t<div class=\"elementor-spacer\">\n\t\t\t<div class=\"elementor-spacer-inner\"><\/div>\n\t\t<\/div>\n\t\t\t\t\t\t<\/div>\n\t\t\t\t<\/div>\n\t\t\t\t<div class=\"elementor-element elementor-element-e7cb973 elementor-widget elementor-widget-product-meta\" data-id=\"e7cb973\" data-element_type=\"widget\" data-e-type=\"widget\" data-widget_type=\"product-meta.default\">\n\t\t\t\t<div class=\"elementor-widget-container\">\n\t\t\t\t\t        <div class=\"meta\">\n                  <div class=\"tags\">AIAG FMEA 4a. Edici\u00f3n&nbsp;&bull;&nbsp;AIAG&nbsp;&bull;&nbsp;Examen<\/div>\n              <\/div>\n     \t\t\t\t<\/div>\n\t\t\t\t<\/div>\n\t\t\t\t<div class=\"elementor-element elementor-element-6f96db7 elementor-widget elementor-widget-heading\" data-id=\"6f96db7\" data-element_type=\"widget\" data-e-type=\"widget\" data-widget_type=\"heading.default\">\n\t\t\t\t<div class=\"elementor-widget-container\">\n\t\t\t\t\t<h2 class=\"elementor-heading-title elementor-size-default\">Examen de Certificaci\u00f3n FMEA 4a. Edici\u00f3n<\/h2>\t\t\t\t<\/div>\n\t\t\t\t<\/div>\n\t\t\t\t<div class=\"elementor-element elementor-element-c22d3a3 elementor-widget elementor-widget-spacer\" data-id=\"c22d3a3\" data-element_type=\"widget\" data-e-type=\"widget\" data-widget_type=\"spacer.default\">\n\t\t\t\t<div class=\"elementor-widget-container\">\n\t\t\t\t\t\t\t<div class=\"elementor-spacer\">\n\t\t\t<div class=\"elementor-spacer-inner\"><\/div>\n\t\t<\/div>\n\t\t\t\t\t\t<\/div>\n\t\t\t\t<\/div>\n\t\t\t\t<div class=\"elementor-element elementor-element-a60415c elementor-widget elementor-widget-text-editor\" data-id=\"a60415c\" data-element_type=\"widget\" data-e-type=\"widget\" data-widget_type=\"text-editor.default\">\n\t\t\t\t<div class=\"elementor-widget-container\">\n\t\t\t\t\t\t\t\t\t<p><span style=\"font-weight: 400;\">La calificaci\u00f3n de competencia de AIAG en FMEA 4a edici\u00f3n verifica la competencia de un individuo en el An\u00e1lisis y modo de efecto de falla mediante la aplicaci\u00f3n de la herramienta, como se define en el manual de referencia FMEA 4a Edici\u00f3n de AIAG. El individuo debe de ser capaz de aplicar y comunicar la metodolog\u00eda y, como resultado, apoyar con \u00e9xito la identificaci\u00f3n y gesti\u00f3n de riesgos. Tenga en cuenta que el participante tiene siete d\u00edas despu\u00e9s de la fecha de inicio del per\u00edodo de ex\u00e1menes para completar el examen. Se debe prestar atenci\u00f3n a la fecha de inicio, ya que es posible que el participante no tenga siete d\u00edas completos para completar el examen (si comienza despu\u00e9s de la fecha de inicio de la sesi\u00f3n). Una vez completado con \u00e9xito el examen, se emitir\u00e1 un Certificado de Certificaci\u00f3n que es v\u00e1lido por tres (3) a\u00f1os.<\/span><\/p>\n<p><strong>Nota: Los ex\u00e1menes de certificaci\u00f3n est\u00e1n disponibles \u00fanicamente en ingl\u00e9s.<\/strong><\/p>\t\t\t\t\t\t\t\t<\/div>\n\t\t\t\t<\/div>\n\t\t\t\t\t<\/div>\n\t\t<\/div>\n\t\t\t\t<div class=\"elementor-column elementor-col-33 elementor-top-column elementor-element elementor-element-d99ecd8\" data-id=\"d99ecd8\" data-element_type=\"column\" data-e-type=\"column\">\n\t\t\t<div class=\"elementor-widget-wrap elementor-element-populated\">\n\t\t\t\t\t\t<div class=\"elementor-element elementor-element-2fe5866 elementor-widget elementor-widget-purchase-widget\" data-id=\"2fe5866\" data-element_type=\"widget\" data-e-type=\"widget\" data-widget_type=\"purchase-widget.default\">\n\t\t\t\t<div class=\"elementor-widget-container\">\n\t\t\t\t\t\n<div id=\"purchase_widget_502\" class=\"product-purchase-options\">\n\t<div class=\"intro-header\">\n    \t\t<h3>Comprar aplicaci\u00f3n de examen.<\/h3>\n\t\t<p><\/p>\n\t<\/div>\n\n    <div id=\"div-add-product\" class=\"d-block text-center\">\n    <img decoding=\"async\" src=\"https:\/\/plexusintl.com\/mx\/wp-content\/themes\/plexus-theme\/images\/Purchase-Widget.svg\" width=\"50px\" alt=\"Loading\" \/>     \n  <\/div>\n    <form method=\"post\" id=\"add-product\" class=\"add-product d-none\">\n      <div class=\"options\">\n              <div class=\"purchase-actions\" id=\"single_user_access_502\">\n        <div class=\"e-learning actions d-block\">\n                    <div class=\"\">\n              <div class=\"price-wrapper \">\n                <div class=\"price-label\">Precio de lista<\/div>\n                                    \n                  <div class=\"price\" id=\"e-learning-price\">\n                    <span id=\"priceFigure\">4100.00<\/span>&nbsp;MXN            \n                  <\/div>\n                                    <div id=\"purchase-error\"><\/div>\n                  <input type=\"hidden\" name=\"product_id\" value=\"caf3484a-2c4c-11eb-aa83-0ae8b9885edd\">\n              <\/div>\n              <button type=\"submit\" class=\"blue-button register-button\" style=\"display:block;\">Agregar al carro<\/button>\n            <\/div>\t\t\t\t\n        <\/div> \n      <\/div>\n      \n      <div class=\"purchase-actions\" id=\"corporate_licensing_502\" style=\"display:none;\">\n        <div class=\"on-site-training actions\" style=\"display: block;\">\n          <a href=\"http:\/\/plexusintl.com\/mx\/solicite-una-cotizacion\/?course_requested=Examen+de+recuperaci%C3%B3n+de+la+certificaci%C3%B3n+de+conocimientos+AIAG+APQP+-+examen-de-recuperacin-de-la-certificacin-de-conocimientos-aiag-apqp\" title=\"\" class=\"blue-button\"><\/a>\n        <\/div>\n      <\/div>\n\n      <div class=\"purchase-actions\" id=\"member_pricing_502\" style=\"display:none;\">\n        <div class=\"on-site-training actions\" style=\"display: block;\">\n          <a href=\"http:\/\/plexusintl.com\/request-quote?course_requested=Examen+de+recuperaci%C3%B3n+de+la+certificaci%C3%B3n+de+conocimientos+AIAG+APQP+-+examen-de-recuperacin-de-la-certificacin-de-conocimientos-aiag-apqp\" title=\"\" class=\"blue-button\"><\/a>\n        <\/div>\n      <\/div>\n      <div style=\"display:none;\">\n         \n      <\/div>\n    <\/form>  \n  <\/div>\n<script type=\"text\/javascript\">\n\t$(document).ready(function() { \n\t\t$('#purchase_widget_502 input[name=delivery_type]').change(function(){\t\n      $('#purchase_widget_502 .purchase-actions .actions').hide();\t\t\n\t\t\t$('#purchase_widget_502 .purchase-actions .actions.'+$('input[name=delivery_type]:checked').val()).slideDown();\n    });\n    \n    var hiddenBox = $(\"#purchase_widget_502 #open-enrollment-single-session-location\")[0];\n    if(hiddenBox != null && hiddenBox.value !== \"\"){\n      $('#purchase_widget_502 #location p').html(hiddenBox.value);        \n      $('#purchase_widget_502 .session-detail').slideDown();\n      $('#purchase_widget_502 .session-detail').removeClass('d-none');\n      $('#purchase_widget_502 .session-detail').addClass('d-block');\n    }\n    else {      \n      $('#purchase_widget_502 .session-detail').removeClass('d-block');\n      $('#purchase_widget_502 .session-detail').addClass('d-none');\n    }\n\n\t\t$('#purchase_widget_502 #open-enrollment-session').change(function(){\n\t\t\tif($(this).val() != '') {\n\t\t\t\tvar option = $(this).find('option:selected');\n\n\t\t\t\t$('#purchase_widget_502 #location p').html($(option).data('location'));\n        $('#purchase_widget_502 #open-enrollment-session-value').val($(option).data('id'));\n      \n        $('#purchase_widget_502 .session-detail').slideDown();\n        $('#purchase_widget_502 .session-detail').removeClass('d-none');\n        $('#purchase_widget_502 .session-detail').addClass('d-block');\n\t\t\t} else {        \n        $('#purchase_widget_502 .session-detail').removeClass('d-block');\n        $('#purchase_widget_502 .session-detail').addClass('d-none');\n\t\t\t}\n    });\n    var priceFigure = $('#purchase_widget_502 #priceFigure')[0];\n    if (priceFigure != null)\n      priceFigure.innerHTML = formatCurrency(priceFigure.innerHTML);\n    \n      $('#purchase_widget_502 #div-add-product').removeClass('d-block');\n      $('#purchase_widget_502 #div-add-product').addClass('d-none');\n      $('#purchase_widget_502 #add-product').removeClass('d-none');\n      $('#purchase_widget_502 #add-product').addClass('d-block');\n  });\n  $('#purchase_widget_502 .add-product').submit(function(e){\n    e.preventDefault();    \n    var productId = $(this).find('input[name=\"product_id\"]').val();\n          addProductToCart(productId);\n    \n  });\n  <\/script>\n    \t\t\t\t<\/div>\n\t\t\t\t<\/div>\n\t\t\t\t\t<\/div>\n\t\t<\/div>\n\t\t\t\t\t<\/div>\n\t\t<\/section>\n\t\t\t\t<section class=\"elementor-section elementor-top-section elementor-element elementor-element-748b533 elementor-section-boxed elementor-section-height-default elementor-section-height-default\" data-id=\"748b533\" data-element_type=\"section\" data-e-type=\"section\">\n\t\t\t\t\t\t<div class=\"elementor-container elementor-column-gap-default\">\n\t\t\t\t\t<div class=\"elementor-column elementor-col-100 elementor-top-column elementor-element elementor-element-03b5558\" data-id=\"03b5558\" data-element_type=\"column\" data-e-type=\"column\">\n\t\t\t<div class=\"elementor-widget-wrap elementor-element-populated\">\n\t\t\t\t\t\t<div class=\"elementor-element elementor-element-966311e elementor-widget elementor-widget-spacer\" data-id=\"966311e\" data-element_type=\"widget\" data-e-type=\"widget\" data-widget_type=\"spacer.default\">\n\t\t\t\t<div class=\"elementor-widget-container\">\n\t\t\t\t\t\t\t<div class=\"elementor-spacer\">\n\t\t\t<div class=\"elementor-spacer-inner\"><\/div>\n\t\t<\/div>\n\t\t\t\t\t\t<\/div>\n\t\t\t\t<\/div>\n\t\t\t\t<div class=\"elementor-element elementor-element-43890e6 elementor-widget elementor-widget-template\" data-id=\"43890e6\" data-element_type=\"widget\" data-e-type=\"widget\" data-widget_type=\"template.default\">\n\t\t\t\t<div class=\"elementor-widget-container\">\n\t\t\t\t\t\t\t<div class=\"elementor-template\">\n\t\t\t\t\t<div data-elementor-type=\"section\" data-elementor-id=\"3601\" class=\"elementor elementor-3601\" data-elementor-post-type=\"elementor_library\">\n\t\t\t\t\t<section class=\"elementor-section elementor-top-section elementor-element elementor-element-30a9a830 elementor-section-boxed elementor-section-height-default elementor-section-height-default\" data-id=\"30a9a830\" data-element_type=\"section\" data-e-type=\"section\">\n\t\t\t\t\t\t<div class=\"elementor-container elementor-column-gap-default\">\n\t\t\t\t\t<div class=\"elementor-column elementor-col-33 elementor-top-column elementor-element elementor-element-672d8cf\" data-id=\"672d8cf\" data-element_type=\"column\" data-e-type=\"column\">\n\t\t\t<div class=\"elementor-widget-wrap elementor-element-populated\">\n\t\t\t\t\t\t<div class=\"elementor-element elementor-element-69ad23e6 elementor-widget elementor-widget-text-editor\" data-id=\"69ad23e6\" data-element_type=\"widget\" data-e-type=\"widget\" data-widget_type=\"text-editor.default\">\n\t\t\t\t<div class=\"elementor-widget-container\">\n\t\t\t\t\t\t\t\t\t<p style=\"text-align: center;\"><a href=\"https:\/\/www.aiag.org\/store\/international\/certified-distributors\" rel=\"noopener\"><img decoding=\"async\" class=\"alignnone wp-image-3311\" src=\"https:\/\/mx-wp-cdn.plexusintl.com\/wp-content\/uploads\/2021\/03\/14132238\/AIAG-Certified-Training-Provider-Seal_TRANSPARENT-300x237.png\" alt=\"\" width=\"150\" height=\"119\" srcset=\"https:\/\/mx-wp-cdn.plexusintl.com\/wp-content\/uploads\/2021\/03\/14132238\/AIAG-Certified-Training-Provider-Seal_TRANSPARENT-300x237.png 300w, https:\/\/mx-wp-cdn.plexusintl.com\/wp-content\/uploads\/2021\/03\/14132238\/AIAG-Certified-Training-Provider-Seal_TRANSPARENT.png 565w\" sizes=\"(max-width: 150px) 100vw, 150px\" \/><\/a><\/p>\t\t\t\t\t\t\t\t<\/div>\n\t\t\t\t<\/div>\n\t\t\t\t\t<\/div>\n\t\t<\/div>\n\t\t\t\t<div class=\"elementor-column elementor-col-66 elementor-top-column elementor-element elementor-element-12db0245\" data-id=\"12db0245\" data-element_type=\"column\" data-e-type=\"column\">\n\t\t\t<div class=\"elementor-widget-wrap elementor-element-populated\">\n\t\t\t\t\t\t<div class=\"elementor-element elementor-element-7af2569d elementor-widget elementor-widget-text-editor\" data-id=\"7af2569d\" data-element_type=\"widget\" data-e-type=\"widget\" data-widget_type=\"text-editor.default\">\n\t\t\t\t<div class=\"elementor-widget-container\">\n\t\t\t\t\t\t\t\t\t<p>Todos los entrenamientos impartidos por Plexus son programas afiliados a AIAG. Plexus es el proveedor mundial certificado de productos y servicios AIAG. <strong><a href=\"https:\/\/www.aiag.org\/store\/international\/certified-distributors\" rel=\"noopener\">Conozca m\u00e1s &gt;&gt;<\/a><\/strong><\/p>\t\t\t\t\t\t\t\t<\/div>\n\t\t\t\t<\/div>\n\t\t\t\t\t<\/div>\n\t\t<\/div>\n\t\t\t\t\t<\/div>\n\t\t<\/section>\n\t\t\t\t<\/div>\n\t\t\t\t<\/div>\n\t\t\t\t\t\t<\/div>\n\t\t\t\t<\/div>\n\t\t\t\t<div class=\"elementor-element elementor-element-f0fafb0 elementor-widget elementor-widget-spacer\" data-id=\"f0fafb0\" data-element_type=\"widget\" data-e-type=\"widget\" data-widget_type=\"spacer.default\">\n\t\t\t\t<div class=\"elementor-widget-container\">\n\t\t\t\t\t\t\t<div class=\"elementor-spacer\">\n\t\t\t<div class=\"elementor-spacer-inner\"><\/div>\n\t\t<\/div>\n\t\t\t\t\t\t<\/div>\n\t\t\t\t<\/div>\n\t\t\t\t<div class=\"elementor-element elementor-element-413583d elementor-tabs-view-horizontal elementor-widget elementor-widget-tabs\" data-id=\"413583d\" data-element_type=\"widget\" data-e-type=\"widget\" data-widget_type=\"tabs.default\">\n\t\t\t\t<div class=\"elementor-widget-container\">\n\t\t\t\t\t\t\t<div class=\"elementor-tabs\">\n\t\t\t<div class=\"elementor-tabs-wrapper\" role=\"tablist\" >\n\t\t\t\t\t\t\t\t\t<div id=\"elementor-tab-title-6831\" class=\"elementor-tab-title elementor-tab-desktop-title\" aria-selected=\"true\" data-tab=\"1\" role=\"tab\" tabindex=\"0\" aria-controls=\"elementor-tab-content-6831\" aria-expanded=\"false\">Requisitos previos<\/div>\n\t\t\t\t\t\t\t\t\t<div id=\"elementor-tab-title-6832\" class=\"elementor-tab-title elementor-tab-desktop-title\" aria-selected=\"false\" data-tab=\"2\" role=\"tab\" tabindex=\"-1\" aria-controls=\"elementor-tab-content-6832\" aria-expanded=\"false\">Forma de aplicaci\u00f3n<\/div>\n\t\t\t\t\t\t\t<\/div>\n\t\t\t<div class=\"elementor-tabs-content-wrapper\" role=\"tablist\" aria-orientation=\"vertical\">\n\t\t\t\t\t\t\t\t\t<div class=\"elementor-tab-title elementor-tab-mobile-title\" aria-selected=\"true\" data-tab=\"1\" role=\"tab\" tabindex=\"0\" aria-controls=\"elementor-tab-content-6831\" aria-expanded=\"false\">Requisitos previos<\/div>\n\t\t\t\t\t<div id=\"elementor-tab-content-6831\" class=\"elementor-tab-content elementor-clearfix\" data-tab=\"1\" role=\"tabpanel\" aria-labelledby=\"elementor-tab-title-6831\" tabindex=\"0\" hidden=\"false\"><p><span style=\"font-weight: 400;\">Conocimiento avanzado pr\u00e1ctico y aplicaci\u00f3n de los principios y t\u00e9cnicas de FMEA 4a. Edici\u00f3n de AIAG<\/span><\/p><\/div>\n\t\t\t\t\t\t\t\t\t<div class=\"elementor-tab-title elementor-tab-mobile-title\" aria-selected=\"false\" data-tab=\"2\" role=\"tab\" tabindex=\"-1\" aria-controls=\"elementor-tab-content-6832\" aria-expanded=\"false\">Forma de aplicaci\u00f3n<\/div>\n\t\t\t\t\t<div id=\"elementor-tab-content-6832\" class=\"elementor-tab-content elementor-clearfix\" data-tab=\"2\" role=\"tabpanel\" aria-labelledby=\"elementor-tab-title-6832\" tabindex=\"0\" hidden=\"hidden\"><p><span style=\"font-weight: 400;\">Este es un examen en l\u00ednea, que requiere que el participante utilice un dispositivo capaz de transmitir contenido a trav\u00e9s de audio y video, el cual se conservar\u00e1 para determinar cualquier irregularidad en la prueba. El participante se compromete a mantener su c\u00e1mara y micr\u00f3fono activado en todo momento durante el examen.<\/span><\/p><\/div>\n\t\t\t\t\t\t\t<\/div>\n\t\t<\/div>\n\t\t\t\t\t\t<\/div>\n\t\t\t\t<\/div>\n\t\t\t\t<div class=\"elementor-element elementor-element-1bc0f0c elementor-widget elementor-widget-related-content-block\" data-id=\"1bc0f0c\" data-element_type=\"widget\" data-e-type=\"widget\" data-widget_type=\"related-content-block.default\">\n\t\t\t\t<div class=\"elementor-widget-container\">\n\t\t\t\t\t    \r\n      <div class=\"row\">\r\n          <div class=\"col\">\r\n              <div class=\"related-content\">\r\n                  <h2 >Tambi\u00e9n podr\u00eda interesarte:<\/h2>\r\n\r\n                  <div class=\"row\">\r\n                      <div class=\"col-12 col-md-4 mb-3\">\r\n                          <div class=\"page page-1\">\r\n                              <div class=\"content-type\"><\/div>\r\n                              <div class=\"content-title\"><a href=\"\/mx\/catalogo\/aiag-vda-fmea-1a-edicion\/\" class=\"cta\" >Manual AIAG & VDA FMEA<\/a><\/div>\r\n                              <div class=\"content-description\"><p >El manual AIAG & VDA FMEA es el nuevo manual de referencia de la industria automotriz para el an\u00e1lisis de modos y efectos de falla, se debe utilizar como una gu\u00eda para ayudar a los proveedores en el desarrollo de FMEA de dise\u00f1o, FMEA de proceso<\/p><\/div>\r\n                          <\/div>\r\n                      <\/div>\r\n                      <div class=\"col-12 col-md-4 mb-3\">\r\n                          <div class=\"page page-2\">\r\n                              <div class=\"content-type\"><\/div>\r\n                              <div class=\"content-title\"><a href=\"\/mx\/catalogo\/comprension-de-aiag-vda-fmea-de-proceso-fmea\/\" class=\"cta\" >Comprensi\u00f3n de AIAG & VDA FMEA<\/a><\/div>\r\n                              <div class=\"content-description\"><p >Este Taller Virtual en Vivo ayudar\u00e1 en la ejecuci\u00f3n de los FMEA de Procesos utilizando el nuevo Manual  AIAG & VDA FMEA. Despu\u00e9s de asistir a este curso, obtendr\u00e1 la capacidad de describir los beneficios de un an\u00e1lisis de riesgo t\u00e9cnico s\u00f3lido utilizando el enfoque de desarrollo PFMEA<\/p><\/div>\r\n                          <\/div>\r\n                      <\/div>\r\n                      <div class=\"col-xs-12 col-md-4 mb-3\">\r\n                          <div class=\"page page-3\">\r\n                              <div class=\"content-type\"><\/div>\r\n                              <div class=\"content-title\"><a href=\"\/mx\/catalogo\/transicion-a-aiag-vda-fmea-de-proceso\/\" class=\"cta\" >Transici\u00f3n a AIAG & VDA FMEA<\/a><\/div>\r\n                              <div class=\"content-description\"><p >Este curso lo ayudar\u00e1 a realizar la transici\u00f3n de AIAG FMEA 4ta Edici\u00f3n al nuevo manual AIAG & VDA FMEA. Aprenda a ejecutar FMEA\u2019s de proceso (PFMEA), seg\u00fan el nuevo manual al lograr una comprensi\u00f3n m\u00e1s profunda de los cambios<\/p><\/div>\r\n                          <\/div>\r\n                      <\/div>\r\n                  <\/div>\r\n              <\/div>\r\n          <\/div>\r\n      <\/div>\r\n    \t\t\t\t<\/div>\n\t\t\t\t<\/div>\n\t\t\t\t\t<\/div>\n\t\t<\/div>\n\t\t\t\t\t<\/div>\n\t\t<\/section>\n\t\t\t\t<\/div>\n\t\t","protected":false},"excerpt":{"rendered":"<p>AIAG FMEA 4a. Edici\u00f3n&nbsp;&bull;&nbsp;AIAG&nbsp;&bull;&nbsp;Examen Examen de Certificaci\u00f3n FMEA 4a. Edici\u00f3n La calificaci\u00f3n de competencia de AIAG en FMEA 4a edici\u00f3n verifica la competencia de un individuo en el An\u00e1lisis y modo de efecto de falla mediante la aplicaci\u00f3n de la herramienta, como se define en el manual de referencia FMEA 4a Edici\u00f3n de AIAG. El&#8230;<\/p>\n","protected":false},"author":10,"featured_media":0,"parent":87,"menu_order":0,"comment_status":"closed","ping_status":"closed","template":"","meta":{"footnotes":"","_wp_rev_ctl_limit":""},"class_list":["post-3976","page","type-page","status-publish","hentry"],"_links":{"self":[{"href":"https:\/\/plexusintl.com\/mx\/wp-json\/wp\/v2\/pages\/3976","targetHints":{"allow":["GET"]}}],"collection":[{"href":"https:\/\/plexusintl.com\/mx\/wp-json\/wp\/v2\/pages"}],"about":[{"href":"https:\/\/plexusintl.com\/mx\/wp-json\/wp\/v2\/types\/page"}],"author":[{"embeddable":true,"href":"https:\/\/plexusintl.com\/mx\/wp-json\/wp\/v2\/users\/10"}],"replies":[{"embeddable":true,"href":"https:\/\/plexusintl.com\/mx\/wp-json\/wp\/v2\/comments?post=3976"}],"version-history":[{"count":20,"href":"https:\/\/plexusintl.com\/mx\/wp-json\/wp\/v2\/pages\/3976\/revisions"}],"predecessor-version":[{"id":7102,"href":"https:\/\/plexusintl.com\/mx\/wp-json\/wp\/v2\/pages\/3976\/revisions\/7102"}],"up":[{"embeddable":true,"href":"https:\/\/plexusintl.com\/mx\/wp-json\/wp\/v2\/pages\/87"}],"wp:attachment":[{"href":"https:\/\/plexusintl.com\/mx\/wp-json\/wp\/v2\/media?parent=3976"}],"curies":[{"name":"wp","href":"https:\/\/api.w.org\/{rel}","templated":true}]}}