{"id":3985,"date":"2021-04-09T13:12:18","date_gmt":"2021-04-09T18:12:18","guid":{"rendered":"https:\/\/plexusintl.com\/mx\/?page_id=3985"},"modified":"2023-06-14T13:57:50","modified_gmt":"2023-06-14T18:57:50","slug":"examen-de-certificacion-msa","status":"publish","type":"page","link":"https:\/\/plexusintl.com\/mx\/catalogo\/examen-de-certificacion-msa\/","title":{"rendered":"Examen de certificaci\u00f3n MSA &#8211; AIAG"},"content":{"rendered":"\t\t<div data-elementor-type=\"wp-page\" data-elementor-id=\"3985\" class=\"elementor elementor-3985\" data-elementor-post-type=\"page\">\n\t\t\t\t\t\t<section class=\"elementor-section elementor-top-section elementor-element elementor-element-509024f elementor-section-boxed elementor-section-height-default elementor-section-height-default\" data-id=\"509024f\" data-element_type=\"section\" data-e-type=\"section\">\n\t\t\t\t\t\t<div class=\"elementor-container elementor-column-gap-default\">\n\t\t\t\t\t<div class=\"elementor-column elementor-col-66 elementor-top-column elementor-element elementor-element-16d85c0\" data-id=\"16d85c0\" data-element_type=\"column\" data-e-type=\"column\">\n\t\t\t<div class=\"elementor-widget-wrap elementor-element-populated\">\n\t\t\t\t\t\t<div class=\"elementor-element elementor-element-7906dd2 elementor-widget elementor-widget-spacer\" data-id=\"7906dd2\" data-element_type=\"widget\" data-e-type=\"widget\" data-widget_type=\"spacer.default\">\n\t\t\t\t<div class=\"elementor-widget-container\">\n\t\t\t\t\t\t\t<div class=\"elementor-spacer\">\n\t\t\t<div class=\"elementor-spacer-inner\"><\/div>\n\t\t<\/div>\n\t\t\t\t\t\t<\/div>\n\t\t\t\t<\/div>\n\t\t\t\t<div class=\"elementor-element elementor-element-8b2f0a8 elementor-widget elementor-widget-product-meta\" data-id=\"8b2f0a8\" data-element_type=\"widget\" data-e-type=\"widget\" data-widget_type=\"product-meta.default\">\n\t\t\t\t<div class=\"elementor-widget-container\">\n\t\t\t\t\t        <div class=\"meta\">\n                  <div class=\"tags\">MSA & SPC&nbsp;&bull;&nbsp;AIAG&nbsp;&bull;&nbsp;Examen<\/div>\n              <\/div>\n     \t\t\t\t<\/div>\n\t\t\t\t<\/div>\n\t\t\t\t<div class=\"elementor-element elementor-element-1bfb51f elementor-widget elementor-widget-heading\" data-id=\"1bfb51f\" data-element_type=\"widget\" data-e-type=\"widget\" data-widget_type=\"heading.default\">\n\t\t\t\t<div class=\"elementor-widget-container\">\n\t\t\t\t\t<h2 class=\"elementor-heading-title elementor-size-default\">Examen de certificaci\u00f3n AIAG MSA<\/h2>\t\t\t\t<\/div>\n\t\t\t\t<\/div>\n\t\t\t\t<div class=\"elementor-element elementor-element-df24283 elementor-widget elementor-widget-spacer\" data-id=\"df24283\" data-element_type=\"widget\" data-e-type=\"widget\" data-widget_type=\"spacer.default\">\n\t\t\t\t<div class=\"elementor-widget-container\">\n\t\t\t\t\t\t\t<div class=\"elementor-spacer\">\n\t\t\t<div class=\"elementor-spacer-inner\"><\/div>\n\t\t<\/div>\n\t\t\t\t\t\t<\/div>\n\t\t\t\t<\/div>\n\t\t\t\t<div class=\"elementor-element elementor-element-a90475c elementor-widget elementor-widget-text-editor\" data-id=\"a90475c\" data-element_type=\"widget\" data-e-type=\"widget\" data-widget_type=\"text-editor.default\">\n\t\t\t\t<div class=\"elementor-widget-container\">\n\t\t\t\t\t\t\t\t\t<p><span style=\"font-weight: 400;\">La certificaci\u00f3n de AIAG en MSA verifica la competencia de un individuo en t\u00e9cnicas de an\u00e1lisis de sistemas de medici\u00f3n como se define en el manual de referencia de MSA. El individuo es capaz de analizar un sistema de medici\u00f3n e interpretar los resultados , puede apoyar con \u00e9xito la selecci\u00f3n y gesti\u00f3n de sistemas de medici\u00f3n. Estos ex\u00e1menes ahora est\u00e1n supervisados \u200b\u200ben l\u00ednea y de forma remota. Tenga en cuenta que el participante tiene siete d\u00edas despu\u00e9s de la fecha de inicio del per\u00edodo de ex\u00e1menes para completar el examen. Se debe prestar atenci\u00f3n a la fecha de inicio, ya que es posible que el participante no tenga siete d\u00edas completos para completar el examen (si comienza despu\u00e9s de la fecha de inicio de la sesi\u00f3n). Una vez completado con \u00e9xito el examen, se emitir\u00e1 un Certificado de Certificaci\u00f3n que es v\u00e1lido por tres (3) a\u00f1os.<\/span><\/p><p><strong>Nota: Los ex\u00e1menes de certificaci\u00f3n est\u00e1n disponibles \u00fanicamente en ingl\u00e9s.<\/strong><\/p>\t\t\t\t\t\t\t\t<\/div>\n\t\t\t\t<\/div>\n\t\t\t\t\t<\/div>\n\t\t<\/div>\n\t\t\t\t<div class=\"elementor-column elementor-col-33 elementor-top-column elementor-element elementor-element-f0833d6\" data-id=\"f0833d6\" data-element_type=\"column\" data-e-type=\"column\">\n\t\t\t<div class=\"elementor-widget-wrap elementor-element-populated\">\n\t\t\t\t\t\t<div class=\"elementor-element elementor-element-9bd07ec elementor-widget elementor-widget-purchase-widget\" data-id=\"9bd07ec\" data-element_type=\"widget\" data-e-type=\"widget\" data-widget_type=\"purchase-widget.default\">\n\t\t\t\t<div class=\"elementor-widget-container\">\n\t\t\t\t\t\n<div id=\"purchase_widget_163\" class=\"product-purchase-options\">\n\t<div class=\"intro-header\">\n    \t\t<h3>Comprar aplicaci\u00f3n de examen.<\/h3>\n\t\t<p><\/p>\n\t<\/div>\n\n    <div id=\"div-add-product\" class=\"d-block text-center\">\n    <img decoding=\"async\" src=\"https:\/\/plexusintl.com\/mx\/wp-content\/themes\/plexus-theme\/images\/Purchase-Widget.svg\" width=\"50px\" alt=\"Loading\" \/>     \n  <\/div>\n    <form method=\"post\" id=\"add-product\" class=\"add-product d-none\">\n      <div class=\"options\">\n              <div class=\"purchase-actions\" id=\"single_user_access_163\">\n        <div class=\"e-learning actions d-block\">\n                    <div class=\"\">\n              <div class=\"price-wrapper \">\n                <div class=\"price-label\">Precio de lista<\/div>\n                                    \n                  <div class=\"price\" id=\"e-learning-price\">\n                    <span id=\"priceFigure\">4100.00<\/span>&nbsp;MXN            \n                  <\/div>\n                                    <div id=\"purchase-error\"><\/div>\n                  <input type=\"hidden\" name=\"product_id\" value=\"bbe8dc56-0aa3-11ec-bfb4-0ae8b9885edd\">\n              <\/div>\n              <button type=\"submit\" class=\"blue-button register-button\" style=\"display:block;\">Agregar al carro<\/button>\n            <\/div>\t\t\t\t\n        <\/div> \n      <\/div>\n      \n      <div class=\"purchase-actions\" id=\"corporate_licensing_163\" style=\"display:none;\">\n        <div class=\"on-site-training actions\" style=\"display: block;\">\n          <a href=\"http:\/\/plexusintl.com\/mx\/solicite-una-cotizacion\/?course_requested=Examen+de+certificaci%C3%B3n+de+aplicaciones+y+conocimientos+AIAG+MSA+-+examen-de-certificacin-de-aplicaciones-y-conocimientos-aiag-msa\" title=\"\" class=\"blue-button\"><\/a>\n        <\/div>\n      <\/div>\n\n      <div class=\"purchase-actions\" id=\"member_pricing_163\" style=\"display:none;\">\n        <div class=\"on-site-training actions\" style=\"display: block;\">\n          <a href=\"http:\/\/plexusintl.com\/request-quote?course_requested=Examen+de+certificaci%C3%B3n+de+aplicaciones+y+conocimientos+AIAG+MSA+-+examen-de-certificacin-de-aplicaciones-y-conocimientos-aiag-msa\" title=\"\" class=\"blue-button\"><\/a>\n        <\/div>\n      <\/div>\n      <div style=\"display:none;\">\n         \n      <\/div>\n    <\/form>  \n  <\/div>\n<script type=\"text\/javascript\">\n\t$(document).ready(function() { \n\t\t$('#purchase_widget_163 input[name=delivery_type]').change(function(){\t\n      $('#purchase_widget_163 .purchase-actions .actions').hide();\t\t\n\t\t\t$('#purchase_widget_163 .purchase-actions .actions.'+$('input[name=delivery_type]:checked').val()).slideDown();\n    });\n    \n    var hiddenBox = $(\"#purchase_widget_163 #open-enrollment-single-session-location\")[0];\n    if(hiddenBox != null && hiddenBox.value !== \"\"){\n      $('#purchase_widget_163 #location p').html(hiddenBox.value);        \n      $('#purchase_widget_163 .session-detail').slideDown();\n      $('#purchase_widget_163 .session-detail').removeClass('d-none');\n      $('#purchase_widget_163 .session-detail').addClass('d-block');\n    }\n    else {      \n      $('#purchase_widget_163 .session-detail').removeClass('d-block');\n      $('#purchase_widget_163 .session-detail').addClass('d-none');\n    }\n\n\t\t$('#purchase_widget_163 #open-enrollment-session').change(function(){\n\t\t\tif($(this).val() != '') {\n\t\t\t\tvar option = $(this).find('option:selected');\n\n\t\t\t\t$('#purchase_widget_163 #location p').html($(option).data('location'));\n        $('#purchase_widget_163 #open-enrollment-session-value').val($(option).data('id'));\n      \n        $('#purchase_widget_163 .session-detail').slideDown();\n        $('#purchase_widget_163 .session-detail').removeClass('d-none');\n        $('#purchase_widget_163 .session-detail').addClass('d-block');\n\t\t\t} else {        \n        $('#purchase_widget_163 .session-detail').removeClass('d-block');\n        $('#purchase_widget_163 .session-detail').addClass('d-none');\n\t\t\t}\n    });\n    var priceFigure = $('#purchase_widget_163 #priceFigure')[0];\n    if (priceFigure != null)\n      priceFigure.innerHTML = formatCurrency(priceFigure.innerHTML);\n    \n      $('#purchase_widget_163 #div-add-product').removeClass('d-block');\n      $('#purchase_widget_163 #div-add-product').addClass('d-none');\n      $('#purchase_widget_163 #add-product').removeClass('d-none');\n      $('#purchase_widget_163 #add-product').addClass('d-block');\n  });\n  $('#purchase_widget_163 .add-product').submit(function(e){\n    e.preventDefault();    \n    var productId = $(this).find('input[name=\"product_id\"]').val();\n          addProductToCart(productId);\n    \n  });\n  <\/script>\n    \t\t\t\t<\/div>\n\t\t\t\t<\/div>\n\t\t\t\t\t<\/div>\n\t\t<\/div>\n\t\t\t\t\t<\/div>\n\t\t<\/section>\n\t\t\t\t<section class=\"elementor-section elementor-top-section elementor-element elementor-element-fa0a7f6 elementor-section-boxed elementor-section-height-default elementor-section-height-default\" data-id=\"fa0a7f6\" data-element_type=\"section\" data-e-type=\"section\">\n\t\t\t\t\t\t<div class=\"elementor-container elementor-column-gap-default\">\n\t\t\t\t\t<div class=\"elementor-column elementor-col-100 elementor-top-column elementor-element elementor-element-fbf02bc\" data-id=\"fbf02bc\" data-element_type=\"column\" data-e-type=\"column\">\n\t\t\t<div class=\"elementor-widget-wrap elementor-element-populated\">\n\t\t\t\t\t\t<div class=\"elementor-element elementor-element-8a3c7f1 elementor-widget elementor-widget-template\" data-id=\"8a3c7f1\" data-element_type=\"widget\" data-e-type=\"widget\" data-widget_type=\"template.default\">\n\t\t\t\t<div class=\"elementor-widget-container\">\n\t\t\t\t\t\t\t<div class=\"elementor-template\">\n\t\t\t\t\t<div data-elementor-type=\"section\" data-elementor-id=\"3601\" class=\"elementor elementor-3601\" data-elementor-post-type=\"elementor_library\">\n\t\t\t\t\t<section class=\"elementor-section elementor-top-section elementor-element elementor-element-30a9a830 elementor-section-boxed elementor-section-height-default elementor-section-height-default\" data-id=\"30a9a830\" data-element_type=\"section\" data-e-type=\"section\">\n\t\t\t\t\t\t<div class=\"elementor-container elementor-column-gap-default\">\n\t\t\t\t\t<div class=\"elementor-column elementor-col-33 elementor-top-column elementor-element elementor-element-672d8cf\" data-id=\"672d8cf\" data-element_type=\"column\" data-e-type=\"column\">\n\t\t\t<div class=\"elementor-widget-wrap elementor-element-populated\">\n\t\t\t\t\t\t<div class=\"elementor-element elementor-element-69ad23e6 elementor-widget elementor-widget-text-editor\" data-id=\"69ad23e6\" data-element_type=\"widget\" data-e-type=\"widget\" data-widget_type=\"text-editor.default\">\n\t\t\t\t<div class=\"elementor-widget-container\">\n\t\t\t\t\t\t\t\t\t<p style=\"text-align: center;\"><a href=\"https:\/\/www.aiag.org\/store\/international\/certified-distributors\" rel=\"noopener\"><img decoding=\"async\" class=\"alignnone wp-image-3311\" src=\"https:\/\/mx-wp-cdn.plexusintl.com\/wp-content\/uploads\/2021\/03\/14132238\/AIAG-Certified-Training-Provider-Seal_TRANSPARENT-300x237.png\" alt=\"\" width=\"150\" height=\"119\" srcset=\"https:\/\/mx-wp-cdn.plexusintl.com\/wp-content\/uploads\/2021\/03\/14132238\/AIAG-Certified-Training-Provider-Seal_TRANSPARENT-300x237.png 300w, https:\/\/mx-wp-cdn.plexusintl.com\/wp-content\/uploads\/2021\/03\/14132238\/AIAG-Certified-Training-Provider-Seal_TRANSPARENT.png 565w\" sizes=\"(max-width: 150px) 100vw, 150px\" \/><\/a><\/p>\t\t\t\t\t\t\t\t<\/div>\n\t\t\t\t<\/div>\n\t\t\t\t\t<\/div>\n\t\t<\/div>\n\t\t\t\t<div class=\"elementor-column elementor-col-66 elementor-top-column elementor-element elementor-element-12db0245\" data-id=\"12db0245\" data-element_type=\"column\" data-e-type=\"column\">\n\t\t\t<div class=\"elementor-widget-wrap elementor-element-populated\">\n\t\t\t\t\t\t<div class=\"elementor-element elementor-element-7af2569d elementor-widget elementor-widget-text-editor\" data-id=\"7af2569d\" data-element_type=\"widget\" data-e-type=\"widget\" data-widget_type=\"text-editor.default\">\n\t\t\t\t<div class=\"elementor-widget-container\">\n\t\t\t\t\t\t\t\t\t<p>Todos los entrenamientos impartidos por Plexus son programas afiliados a AIAG. Plexus es el proveedor mundial certificado de productos y servicios AIAG. <strong><a href=\"https:\/\/www.aiag.org\/store\/international\/certified-distributors\" rel=\"noopener\">Conozca m\u00e1s &gt;&gt;<\/a><\/strong><\/p>\t\t\t\t\t\t\t\t<\/div>\n\t\t\t\t<\/div>\n\t\t\t\t\t<\/div>\n\t\t<\/div>\n\t\t\t\t\t<\/div>\n\t\t<\/section>\n\t\t\t\t<\/div>\n\t\t\t\t<\/div>\n\t\t\t\t\t\t<\/div>\n\t\t\t\t<\/div>\n\t\t\t\t\t<\/div>\n\t\t<\/div>\n\t\t\t\t\t<\/div>\n\t\t<\/section>\n\t\t\t\t<section class=\"elementor-section elementor-top-section elementor-element elementor-element-9f06525 elementor-section-boxed elementor-section-height-default elementor-section-height-default\" data-id=\"9f06525\" data-element_type=\"section\" data-e-type=\"section\">\n\t\t\t\t\t\t<div class=\"elementor-container elementor-column-gap-default\">\n\t\t\t\t\t<div class=\"elementor-column elementor-col-100 elementor-top-column elementor-element elementor-element-0ec9262\" data-id=\"0ec9262\" data-element_type=\"column\" data-e-type=\"column\">\n\t\t\t<div class=\"elementor-widget-wrap elementor-element-populated\">\n\t\t\t\t\t\t<div class=\"elementor-element elementor-element-72ab9c6 elementor-tabs-view-horizontal elementor-widget elementor-widget-tabs\" data-id=\"72ab9c6\" data-element_type=\"widget\" data-e-type=\"widget\" data-widget_type=\"tabs.default\">\n\t\t\t\t<div class=\"elementor-widget-container\">\n\t\t\t\t\t\t\t<div class=\"elementor-tabs\">\n\t\t\t<div class=\"elementor-tabs-wrapper\" role=\"tablist\" >\n\t\t\t\t\t\t\t\t\t<div id=\"elementor-tab-title-1201\" class=\"elementor-tab-title elementor-tab-desktop-title\" aria-selected=\"true\" data-tab=\"1\" role=\"tab\" tabindex=\"0\" aria-controls=\"elementor-tab-content-1201\" aria-expanded=\"false\">Forma de Aplicaci\u00f3n<\/div>\n\t\t\t\t\t\t\t\t\t<div id=\"elementor-tab-title-1202\" class=\"elementor-tab-title elementor-tab-desktop-title\" aria-selected=\"false\" data-tab=\"2\" role=\"tab\" tabindex=\"-1\" aria-controls=\"elementor-tab-content-1202\" aria-expanded=\"false\">Requisitos Previos<\/div>\n\t\t\t\t\t\t\t<\/div>\n\t\t\t<div class=\"elementor-tabs-content-wrapper\" role=\"tablist\" aria-orientation=\"vertical\">\n\t\t\t\t\t\t\t\t\t<div class=\"elementor-tab-title elementor-tab-mobile-title\" aria-selected=\"true\" data-tab=\"1\" role=\"tab\" tabindex=\"0\" aria-controls=\"elementor-tab-content-1201\" aria-expanded=\"false\">Forma de Aplicaci\u00f3n<\/div>\n\t\t\t\t\t<div id=\"elementor-tab-content-1201\" class=\"elementor-tab-content elementor-clearfix\" data-tab=\"1\" role=\"tabpanel\" aria-labelledby=\"elementor-tab-title-1201\" tabindex=\"0\" hidden=\"false\"><p><span style=\"font-weight: 400;\">Este es un examen en l\u00ednea, que requiere que el participante utilice un dispositivo capaz de transmitir contenido a trav\u00e9s de audio y video, el cual se conservar\u00e1 para determinar cualquier irregularidad en la prueba. El participante se deber\u00e1 mantener su c\u00e1mara y micr\u00f3fono activado en todo momento durante el examen.<\/span><\/p><\/div>\n\t\t\t\t\t\t\t\t\t<div class=\"elementor-tab-title elementor-tab-mobile-title\" aria-selected=\"false\" data-tab=\"2\" role=\"tab\" tabindex=\"-1\" aria-controls=\"elementor-tab-content-1202\" aria-expanded=\"false\">Requisitos Previos<\/div>\n\t\t\t\t\t<div id=\"elementor-tab-content-1202\" class=\"elementor-tab-content elementor-clearfix\" data-tab=\"2\" role=\"tabpanel\" aria-labelledby=\"elementor-tab-title-1202\" tabindex=\"0\" hidden=\"hidden\"><p><span style=\"font-weight: 400;\">Conocimiento pr\u00e1ctico y aplicaci\u00f3n de los principios y t\u00e9cnicas de MSA<\/span><\/p><\/div>\n\t\t\t\t\t\t\t<\/div>\n\t\t<\/div>\n\t\t\t\t\t\t<\/div>\n\t\t\t\t<\/div>\n\t\t\t\t\t<\/div>\n\t\t<\/div>\n\t\t\t\t\t<\/div>\n\t\t<\/section>\n\t\t\t\t<section class=\"elementor-section elementor-top-section elementor-element elementor-element-7cbeb2e elementor-section-boxed elementor-section-height-default elementor-section-height-default\" data-id=\"7cbeb2e\" data-element_type=\"section\" data-e-type=\"section\">\n\t\t\t\t\t\t<div class=\"elementor-container elementor-column-gap-default\">\n\t\t\t\t\t<div class=\"elementor-column elementor-col-100 elementor-top-column elementor-element elementor-element-3336181\" data-id=\"3336181\" data-element_type=\"column\" data-e-type=\"column\">\n\t\t\t<div class=\"elementor-widget-wrap elementor-element-populated\">\n\t\t\t\t\t\t<div class=\"elementor-element elementor-element-8d6d23f elementor-widget elementor-widget-related-content-block\" data-id=\"8d6d23f\" data-element_type=\"widget\" data-e-type=\"widget\" data-widget_type=\"related-content-block.default\">\n\t\t\t\t<div class=\"elementor-widget-container\">\n\t\t\t\t\t    \r\n      <div class=\"row\">\r\n          <div class=\"col\">\r\n              <div class=\"related-content\">\r\n                  <h2 >Tambi\u00e9n podr\u00eda interesarle: <\/h2>\r\n\r\n                  <div class=\"row\">\r\n                      <div class=\"col-12 col-md-4 mb-3\">\r\n                          <div class=\"page page-1\">\r\n                              <div class=\"content-type\"><\/div>\r\n                              <div class=\"content-title\"><a href=\"https:\/\/plexusintl.com\/mx\/catalogo\/comprension-basica-de-aiag-vda-fmea\/\" class=\"cta\">Comprensi\u00f3n B\u00e1sica de AIAG & VDA FMEA<\/a><\/div>\r\n                              <div class=\"content-description\"><p >El nuevo manual AIAG &amp; VDA FMEA es una actualizaci\u00f3n cr\u00edtica para la industria que aborda este, y otros desaf\u00edos que enfrenta la industria automotriz. El concepto de robustez existe en todas las secciones del nuevo enfoque de desarrollo de PFMEA, que se presenta en el nuevo Manual de AIAG &amp; VDA.<\/p><\/div>\r\n                          <\/div>\r\n                      <\/div>\r\n                      <div class=\"col-12 col-md-4 mb-3\">\r\n                          <div class=\"page page-2\">\r\n                              <div class=\"content-type\"><\/div>\r\n                              <div class=\"content-title\"><a href=\"https:\/\/plexusintl.com\/mx\/aiag-core-tools-support-cts-software\/\" class=\"cta\">AIAG Core Tool Support (CTS)\u2122 Software<\/a><\/div>\r\n                              <div class=\"content-description\"><p > AIAG, en asociaci\u00f3n con FCA, Ford, GM, Honda, Nissan, Toyota y el resto de la Junta Directiva de AIAG, desarroll\u00f3 el software Core Tools Support \u2122 (CTS), una soluci\u00f3n basada en la nube para crear y administrar FMEA, Control Plan y documentos PPAP.<\/p><\/div>\r\n                          <\/div>\r\n                      <\/div>\r\n                      <div class=\"col-xs-12 col-md-4 mb-3\">\r\n                          <div class=\"page page-3\">\r\n                              <div class=\"content-type\"><\/div>\r\n                              <div class=\"content-title\"><a href=\"https:\/\/plexusintl.com\/mx\/catalogo\/aiag-vda-fmea-1a-edicion\/\" class=\"cta\">Manual AIAG & VDA FMEA 1a. Edici\u00f3n\u200b<\/a><\/div>\r\n                              <div class=\"content-description\"><p >El manual AIAG &amp; VDA FMEA es el nuevo manual de referencia de la industria automotriz para el an\u00e1lisis de modos y efectos de falla, se debe utilizar como una gu\u00eda para ayudar a los proveedores en el desarrollo de FMEA de dise\u00f1o, FMEA de proceso y FMEA complementario para monitoreo y respuesta del sistema.<\/p><\/div>\r\n                          <\/div>\r\n                      <\/div>\r\n                  <\/div>\r\n              <\/div>\r\n          <\/div>\r\n      <\/div>\r\n    \t\t\t\t<\/div>\n\t\t\t\t<\/div>\n\t\t\t\t\t<\/div>\n\t\t<\/div>\n\t\t\t\t\t<\/div>\n\t\t<\/section>\n\t\t\t\t<\/div>\n\t\t","protected":false},"excerpt":{"rendered":"<p>MSA &#038; SPC&nbsp;&bull;&nbsp;AIAG&nbsp;&bull;&nbsp;Examen Examen de certificaci\u00f3n AIAG MSA La certificaci\u00f3n de AIAG en MSA verifica la competencia de un individuo en t\u00e9cnicas de an\u00e1lisis de sistemas de medici\u00f3n como se define en el manual de referencia de MSA. El individuo es capaz de analizar un sistema de medici\u00f3n e interpretar los resultados , puede apoyar&#8230;<\/p>\n","protected":false},"author":10,"featured_media":0,"parent":87,"menu_order":0,"comment_status":"closed","ping_status":"closed","template":"","meta":{"footnotes":"","_wp_rev_ctl_limit":""},"class_list":["post-3985","page","type-page","status-publish","hentry"],"_links":{"self":[{"href":"https:\/\/plexusintl.com\/mx\/wp-json\/wp\/v2\/pages\/3985","targetHints":{"allow":["GET"]}}],"collection":[{"href":"https:\/\/plexusintl.com\/mx\/wp-json\/wp\/v2\/pages"}],"about":[{"href":"https:\/\/plexusintl.com\/mx\/wp-json\/wp\/v2\/types\/page"}],"author":[{"embeddable":true,"href":"https:\/\/plexusintl.com\/mx\/wp-json\/wp\/v2\/users\/10"}],"replies":[{"embeddable":true,"href":"https:\/\/plexusintl.com\/mx\/wp-json\/wp\/v2\/comments?post=3985"}],"version-history":[{"count":13,"href":"https:\/\/plexusintl.com\/mx\/wp-json\/wp\/v2\/pages\/3985\/revisions"}],"predecessor-version":[{"id":7103,"href":"https:\/\/plexusintl.com\/mx\/wp-json\/wp\/v2\/pages\/3985\/revisions\/7103"}],"up":[{"embeddable":true,"href":"https:\/\/plexusintl.com\/mx\/wp-json\/wp\/v2\/pages\/87"}],"wp:attachment":[{"href":"https:\/\/plexusintl.com\/mx\/wp-json\/wp\/v2\/media?parent=3985"}],"curies":[{"name":"wp","href":"https:\/\/api.w.org\/{rel}","templated":true}]}}