{"id":4065,"date":"2021-04-30T11:24:34","date_gmt":"2021-04-30T16:24:34","guid":{"rendered":"https:\/\/plexusintl.com\/mx\/?page_id=4065"},"modified":"2021-10-21T08:12:18","modified_gmt":"2021-10-21T13:12:18","slug":"aviso-de-privacidad","status":"publish","type":"page","link":"https:\/\/plexusintl.com\/mx\/aviso-de-privacidad\/","title":{"rendered":"Aviso de Privacidad"},"content":{"rendered":"\t\t<div data-elementor-type=\"wp-page\" data-elementor-id=\"4065\" class=\"elementor elementor-4065\" data-elementor-post-type=\"page\">\n\t\t\t\t\t\t<section class=\"elementor-section elementor-top-section elementor-element elementor-element-ffc1104 elementor-section-full_width elementor-section-height-default elementor-section-height-default\" data-id=\"ffc1104\" data-element_type=\"section\" data-e-type=\"section\">\n\t\t\t\t\t\t<div class=\"elementor-container elementor-column-gap-default\">\n\t\t\t\t\t<div class=\"elementor-column elementor-col-100 elementor-top-column elementor-element elementor-element-4164a82\" data-id=\"4164a82\" data-element_type=\"column\" data-e-type=\"column\">\n\t\t\t<div class=\"elementor-widget-wrap elementor-element-populated\">\n\t\t\t\t\t\t<div class=\"elementor-element elementor-element-fd6d78a elementor-widget elementor-widget-generic-hero-block\" data-id=\"fd6d78a\" data-element_type=\"widget\" data-e-type=\"widget\" data-widget_type=\"generic-hero-block.default\">\n\t\t\t\t<div class=\"elementor-widget-container\">\n\t\t\t\t\t    <div class=\"hero\" style=\"background-image: url(https:\/\/mx-wp-cdn.plexusintl.com\/wp-content\/uploads\/2020\/07\/14132312\/iso-14001-environmental-management.png);\">\r\n        <div class=\"container\">\r\n            <div class=\"row\">\r\n                <div class=\"col-xs-12 col-sm-9\">\r\n                    <p class=\"header\">Aviso de Privacidad<\/p>\r\n                <\/div>\r\n            <\/div>\r\n        <\/div>\r\n    <\/div>    \r\n    \t\t\t\t<\/div>\n\t\t\t\t<\/div>\n\t\t\t\t\t<\/div>\n\t\t<\/div>\n\t\t\t\t\t<\/div>\n\t\t<\/section>\n\t\t\t\t<section class=\"elementor-section elementor-top-section elementor-element elementor-element-528d926 elementor-section-boxed elementor-section-height-default elementor-section-height-default\" data-id=\"528d926\" data-element_type=\"section\" data-e-type=\"section\">\n\t\t\t\t\t\t<div class=\"elementor-container elementor-column-gap-default\">\n\t\t\t\t\t<div class=\"elementor-column elementor-col-100 elementor-top-column elementor-element elementor-element-d535f1d\" data-id=\"d535f1d\" data-element_type=\"column\" data-e-type=\"column\">\n\t\t\t<div class=\"elementor-widget-wrap elementor-element-populated\">\n\t\t\t\t\t\t<div class=\"elementor-element elementor-element-adcfeb5 elementor-widget elementor-widget-text-editor\" data-id=\"adcfeb5\" data-element_type=\"widget\" data-e-type=\"widget\" data-widget_type=\"text-editor.default\">\n\t\t\t\t<div class=\"elementor-widget-container\">\n\t\t\t\t\t\t\t\t\t<h1>Aviso de Privacidad<\/h1><div><div>Plexusmex, S.C., con domicilio en Av. Armando Birlain No. 2001 Int. 15-A Colonia Centro Sur Quer\u00e9taro, Qro C.P. 76090 en cumplimiento a la Ley Federal de Protecci\u00f3n de Datos Personales en Posesi\u00f3n de Particulares y su Reglamento, hace de su conocimiento que los datos personales recabados por correo electr\u00f3nico, por tel\u00e9fono o de manera directa, que actualmente o en el futuro obren en nuestras bases de datos, ser\u00e1n tratados bajo las m\u00e1s estrictas medidas de seguridad que garanticen su confidencialidad y ser\u00e1n utilizados con las siguientes finalidades:<\/div><div>\u00a0<\/div><div><ul><li>Elaboraci\u00f3n y env\u00edo de certificaciones y\/o certificados de participaci\u00f3n respecto de las formaciones que imparte Plexusmex S.C. y\/o sus empresas filiales.<\/li><li><span style=\"font-size: 1.6rem;\">Env\u00edo de informaci\u00f3n log\u00edstica para la entrega de nuestros productos.<\/span><\/li><li>Realizar la facturaci\u00f3n correspondiente.<\/li><li>Dar seguimiento al cobro de facturas.<\/li><li>Atender sus dudas, quejas, sugerencias y dar seguimiento a las mismas.<\/li><li>Seguimiento en la calidad en el servicio.<\/li><li>De manera adicional, utilizaremos su informaci\u00f3n personal para las siguientes finalidades que no son necesarias para el servicio solicitado, pero que nos permiten y facilitan brindarle una mejor atenci\u00f3n:<\/li><li>Enviarle promociones y publicidad de nuestros productos, as\u00ed como de aquellos productos de las empresas con las que tenemos relaci\u00f3n corporativa.<\/li><\/ul><\/div><div>\u00a0<\/div><h3>Prospecci\u00f3n comercial<\/h3><div>En caso de que no desee que sus datos personales sean tratados para estos fines adicionales, desde este momento usted nos puede comunicar lo anterior v\u00eda correo electr\u00f3nico a la direcci\u00f3n <span style=\"color: #000080;\"><a style=\"color: #000080;\" href=\"mailto:info@plexusintl.com.mx\">info@plexusintl.com.mx<\/a> <\/span>para ser borrado de nuestra base de datos. El plazo m\u00e1ximo para atender su solicitud es de 15 d\u00edas h\u00e1biles a partir de la recepci\u00f3n de su solicitud. La negativa para el uso de sus datos personales para estas finalidades no podr\u00e1 ser un motivo para que le neguemos los servicios y productos que solicita o contrata con nosotros.<\/div><div>\u00a0<\/div><div>Los datos personales que recopilamos de nuestros clientes son: nombre, domicilio, tel\u00e9fono, datos fiscales y correo electr\u00f3nico.<\/div><div>\u00a0<\/div><div>Le informamos que Plexusmex, S.C. podr\u00e1 compartir sus datos personales con cualquier empresa filial y\/o subsidiarias e incluso a terceras personas, nacionales o extranjeras, con la finalidad de crear su registro y emisi\u00f3n de certificados, salvo que los titulares respectivos manifiesten expresamente su oposici\u00f3n v\u00eda correo electr\u00f3nico a la direcci\u00f3n info@plexusintl.com.mx<\/div><div>Las opciones y medios que Plexusmex, S.C. le ofrece para limitar el uso o divulgaci\u00f3n de los datos son: Poner a disposici\u00f3n de los titulares de datos personales la siguiente direcci\u00f3n electr\u00f3nica info@plexusintl.com.mx a afecto de que pueda solicitar la limitaci\u00f3n total o parcial del uso de sus datos personales, en cuyo caso deber\u00e1 considerar que para ciertos fines, la limitaci\u00f3n del uso de sus datos personales podr\u00e1 implica que no le podamos seguir prestando el servicio que nos solicit\u00f3.<\/div><div>\u00a0<\/div><div>Para conocer el proceso de solicitud de Derechos ARCO (Derechos de Acceso, Rectificaci\u00f3n, Cancelaci\u00f3n, u Oposici\u00f3n), y para la revocaci\u00f3n de su consentimiento al tratamiento de sus Datos Personales, usted podr\u00e1 llamar al siguiente n\u00famero telef\u00f3nico (414) 273 4012 o bien enviar su solicitud al correo info@plexusintl.com.mx<\/div><div>\u00a0<\/div><h3>El uso de tecnolog\u00edas de rastreo en nuestro portal de Internet<\/h3><div>Le informamos que en nuestra p\u00e1gina de Internet utilizamos cookies, web beacons y otras tecnolog\u00edas a trav\u00e9s de las cuales es posible monitorear su comportamiento como usuario de Internet, brindarle un mejor servicio y experiencia de usuario al navegar en nuestra p\u00e1gina, as\u00ed como ofrecerle nuevos productos y servicios basados en sus preferencias.<\/div><div>\u00a0<\/div><div>Los datos personales que obtenemos de estas tecnolog\u00edas de rastreo son los siguientes: horario de navegaci\u00f3n, tiempo de navegaci\u00f3n en nuestra p\u00e1gina de Internet, secciones consultadas, y p\u00e1ginas de Internet accedidas previo a la nuestra.<\/div><div>\u00a0<\/div><div>Asimismo, le informamos que sus datos personales que se obtienen a trav\u00e9s de estas tecnolog\u00edas los compartiremos con cualquier empresa filial y\/o subsidiarias e incluso a terceras personas, nacionales o extranjeras, con la finalidad de crear su registro y emisi\u00f3n de certificados, salvo que los titulares respectivos manifiesten expresamente su oposici\u00f3n v\u00eda correo electr\u00f3nico a la direcci\u00f3n <a href=\"mailto:info@plexusintl.com.mx\">info@plexusintl.com.mx<\/a><\/div><div>Sus Datos Personales ser\u00e1n tratados con base en los principios de licitud, consentimiento, informaci\u00f3n, calidad, finalidad, lealtad, proporcionalidad y responsabilidad en t\u00e9rminos de la Legislaci\u00f3n. Se mantendr\u00e1 la confidencialidad de sus datos personales estableciendo y manteniendo de forma efectiva las medidas de seguridad administrativas, t\u00e9cnicas y f\u00edsicas, para evitar su da\u00f1o, p\u00e9rdida, alteraci\u00f3n, destrucci\u00f3n, uso, acceso o divulgaci\u00f3n indebida.<\/div><div>\u00a0<\/div><div>Plexus se reserva el derecho de cambiar, modificar, complementar y\/o alterar el presente aviso, en cualquier momento, en cuyo caso se har\u00e1 de su conocimiento la publicaci\u00f3n electr\u00f3nica en el sitio de internet www.plexusintl.com\/mx<\/div><div>\u00a0<\/div><div>Atentamente<\/div><div>Plexusmex, S.C.<\/div><\/div>\t\t\t\t\t\t\t\t<\/div>\n\t\t\t\t<\/div>\n\t\t\t\t\t<\/div>\n\t\t<\/div>\n\t\t\t\t\t<\/div>\n\t\t<\/section>\n\t\t\t\t<\/div>\n\t\t","protected":false},"excerpt":{"rendered":"<p>Aviso de Privacidad Aviso de Privacidad Plexusmex, S.C., con domicilio en Av. Armando Birlain No. 2001 Int. 15-A Colonia Centro Sur Quer\u00e9taro, Qro C.P. 76090 en cumplimiento a la Ley Federal de Protecci\u00f3n de Datos Personales en Posesi\u00f3n de Particulares y su Reglamento, hace de su conocimiento que los datos personales recabados por correo electr\u00f3nico,&#8230;<\/p>\n","protected":false},"author":10,"featured_media":0,"parent":0,"menu_order":0,"comment_status":"closed","ping_status":"closed","template":"","meta":{"footnotes":"","_wp_rev_ctl_limit":""},"class_list":["post-4065","page","type-page","status-publish","hentry"],"_links":{"self":[{"href":"https:\/\/plexusintl.com\/mx\/wp-json\/wp\/v2\/pages\/4065","targetHints":{"allow":["GET"]}}],"collection":[{"href":"https:\/\/plexusintl.com\/mx\/wp-json\/wp\/v2\/pages"}],"about":[{"href":"https:\/\/plexusintl.com\/mx\/wp-json\/wp\/v2\/types\/page"}],"author":[{"embeddable":true,"href":"https:\/\/plexusintl.com\/mx\/wp-json\/wp\/v2\/users\/10"}],"replies":[{"embeddable":true,"href":"https:\/\/plexusintl.com\/mx\/wp-json\/wp\/v2\/comments?post=4065"}],"version-history":[{"count":11,"href":"https:\/\/plexusintl.com\/mx\/wp-json\/wp\/v2\/pages\/4065\/revisions"}],"predecessor-version":[{"id":5928,"href":"https:\/\/plexusintl.com\/mx\/wp-json\/wp\/v2\/pages\/4065\/revisions\/5928"}],"wp:attachment":[{"href":"https:\/\/plexusintl.com\/mx\/wp-json\/wp\/v2\/media?parent=4065"}],"curies":[{"name":"wp","href":"https:\/\/api.w.org\/{rel}","templated":true}]}}