{"id":4424,"date":"2021-06-04T12:24:26","date_gmt":"2021-06-04T17:24:26","guid":{"rendered":"https:\/\/plexusintl.com\/mx\/?page_id=4424"},"modified":"2023-03-29T13:34:36","modified_gmt":"2023-03-29T18:34:36","slug":"cqi-20-effective-problem-solving-guide","status":"publish","type":"page","link":"https:\/\/plexusintl.com\/mx\/catalogo\/cqi-20-effective-problem-solving-guide\/","title":{"rendered":"CQI-20 Effective Problem Solving Guide -Publicaci\u00f3n"},"content":{"rendered":"\t\t<div data-elementor-type=\"wp-page\" data-elementor-id=\"4424\" class=\"elementor elementor-4424\" data-elementor-post-type=\"page\">\n\t\t\t\t\t\t<section class=\"elementor-section elementor-top-section elementor-element elementor-element-ccca413 elementor-section-boxed elementor-section-height-default elementor-section-height-default\" data-id=\"ccca413\" data-element_type=\"section\" data-e-type=\"section\">\n\t\t\t\t\t\t<div class=\"elementor-container elementor-column-gap-default\">\n\t\t\t\t\t<div class=\"elementor-column elementor-col-50 elementor-top-column elementor-element elementor-element-bc92529\" data-id=\"bc92529\" data-element_type=\"column\" data-e-type=\"column\">\n\t\t\t<div class=\"elementor-widget-wrap elementor-element-populated\">\n\t\t\t\t\t\t<section class=\"elementor-section elementor-inner-section elementor-element elementor-element-c76832e elementor-section-boxed elementor-section-height-default elementor-section-height-default\" data-id=\"c76832e\" data-element_type=\"section\" data-e-type=\"section\">\n\t\t\t\t\t\t<div class=\"elementor-container elementor-column-gap-default\">\n\t\t\t\t\t<div class=\"elementor-column elementor-col-100 elementor-inner-column elementor-element elementor-element-fd57eeb\" data-id=\"fd57eeb\" data-element_type=\"column\" data-e-type=\"column\">\n\t\t\t<div class=\"elementor-widget-wrap elementor-element-populated\">\n\t\t\t\t\t\t<div class=\"elementor-element elementor-element-6a6efd6 elementor-widget elementor-widget-spacer\" data-id=\"6a6efd6\" data-element_type=\"widget\" data-e-type=\"widget\" data-widget_type=\"spacer.default\">\n\t\t\t\t<div class=\"elementor-widget-container\">\n\t\t\t\t\t\t\t<div class=\"elementor-spacer\">\n\t\t\t<div class=\"elementor-spacer-inner\"><\/div>\n\t\t<\/div>\n\t\t\t\t\t\t<\/div>\n\t\t\t\t<\/div>\n\t\t\t\t<div class=\"elementor-element elementor-element-1428614 elementor-widget elementor-widget-product-meta\" data-id=\"1428614\" data-element_type=\"widget\" data-e-type=\"widget\" data-widget_type=\"product-meta.default\">\n\t\t\t\t<div class=\"elementor-widget-container\">\n\t\t\t\t\t        <div class=\"meta\">\n                  <div class=\"tags\">Soluci\u00f3n de Problemas y Sistemas a prueba de error&nbsp;&bull;&nbsp;Procesos especiales y otros CQIs&nbsp;&bull;&nbsp;Publicaci\u00f3n<\/div>\n              <\/div>\n     \t\t\t\t<\/div>\n\t\t\t\t<\/div>\n\t\t\t\t<div class=\"elementor-element elementor-element-ca3b8d5 elementor-widget elementor-widget-theme-post-title elementor-page-title elementor-widget-heading\" data-id=\"ca3b8d5\" data-element_type=\"widget\" data-e-type=\"widget\" data-widget_type=\"theme-post-title.default\">\n\t\t\t\t<div class=\"elementor-widget-container\">\n\t\t\t\t\t<h2 class=\"elementor-heading-title elementor-size-default\">CQI-20 Effective Problem Solving Guide -Publicaci\u00f3n<\/h2>\t\t\t\t<\/div>\n\t\t\t\t<\/div>\n\t\t\t\t\t<\/div>\n\t\t<\/div>\n\t\t\t\t\t<\/div>\n\t\t<\/section>\n\t\t\t\t<div class=\"elementor-element elementor-element-06e0fd2 elementor-widget elementor-widget-spacer\" data-id=\"06e0fd2\" data-element_type=\"widget\" data-e-type=\"widget\" data-widget_type=\"spacer.default\">\n\t\t\t\t<div class=\"elementor-widget-container\">\n\t\t\t\t\t\t\t<div class=\"elementor-spacer\">\n\t\t\t<div class=\"elementor-spacer-inner\"><\/div>\n\t\t<\/div>\n\t\t\t\t\t\t<\/div>\n\t\t\t\t<\/div>\n\t\t\t\t<section class=\"elementor-section elementor-inner-section elementor-element elementor-element-40d6dec elementor-section-boxed elementor-section-height-default elementor-section-height-default\" data-id=\"40d6dec\" data-element_type=\"section\" data-e-type=\"section\">\n\t\t\t\t\t\t<div class=\"elementor-container elementor-column-gap-default\">\n\t\t\t\t\t<div class=\"elementor-column elementor-col-50 elementor-inner-column elementor-element elementor-element-9fab88c\" data-id=\"9fab88c\" data-element_type=\"column\" data-e-type=\"column\">\n\t\t\t<div class=\"elementor-widget-wrap elementor-element-populated\">\n\t\t\t\t\t\t<div class=\"elementor-element elementor-element-4ea6dc7 elementor-widget elementor-widget-image\" data-id=\"4ea6dc7\" data-element_type=\"widget\" data-e-type=\"widget\" data-widget_type=\"image.default\">\n\t\t\t\t<div class=\"elementor-widget-container\">\n\t\t\t\t\t\t\t\t\t\t\t\t\t\t\t<img fetchpriority=\"high\" decoding=\"async\" width=\"232\" height=\"300\" src=\"https:\/\/mx-wp-cdn.plexusintl.com\/wp-content\/uploads\/2021\/06\/14132227\/Captura-de-Pantalla-2021-06-12-a-las-11.41.37-232x300.png\" class=\"attachment-medium size-medium wp-image-4682\" alt=\"\" srcset=\"https:\/\/mx-wp-cdn.plexusintl.com\/wp-content\/uploads\/2021\/06\/14132227\/Captura-de-Pantalla-2021-06-12-a-las-11.41.37-232x300.png 232w, https:\/\/mx-wp-cdn.plexusintl.com\/wp-content\/uploads\/2021\/06\/14132227\/Captura-de-Pantalla-2021-06-12-a-las-11.41.37.png 455w\" sizes=\"(max-width: 232px) 100vw, 232px\" \/>\t\t\t\t\t\t\t\t\t\t\t\t\t\t\t<\/div>\n\t\t\t\t<\/div>\n\t\t\t\t\t<\/div>\n\t\t<\/div>\n\t\t\t\t<div class=\"elementor-column elementor-col-50 elementor-inner-column elementor-element elementor-element-19a91f8\" data-id=\"19a91f8\" data-element_type=\"column\" data-e-type=\"column\">\n\t\t\t<div class=\"elementor-widget-wrap elementor-element-populated\">\n\t\t\t\t\t\t<div class=\"elementor-element elementor-element-b47c611 elementor-widget elementor-widget-text-editor\" data-id=\"b47c611\" data-element_type=\"widget\" data-e-type=\"widget\" data-widget_type=\"text-editor.default\">\n\t\t\t\t<div class=\"elementor-widget-container\">\n\t\t\t\t\t\t\t\t\t<p>\u00bfSu organizaci\u00f3n necesita ayuda para eliminar problemas repetidos e implementar mejoras sostenibles en sus productos o procesos? Esta gu\u00eda respalda los esfuerzos de la organizaci\u00f3n para desarrollar e implementar un proceso s\u00f3lido de resoluci\u00f3n de problemas que mejorar\u00e1 las descripciones de problemas, la participaci\u00f3n de los miembros del equipo, los m\u00e9todos cualitativos para la resoluci\u00f3n de problemas y la capacidad de priorizar, analizar y revisar preocupaciones, as\u00ed como garantizar que no se omitan pasos. . La publicaci\u00f3n se divide en secciones, cada una de las cuales cubre una etapa diferente de la resoluci\u00f3n de problemas. Cada secci\u00f3n incluye Entradas-Procesos-Salidas, Resumen de pasos, Herramientas, Resultados, Preguntas de verificaci\u00f3n de progreso y Apoyo ejecutivo. Escrito para ayudar a los solucionadores de problemas con cualquier nivel de conocimientos previos, el documento cubre informaci\u00f3n fundamental que los l\u00edderes senior pueden utilizar para preparar el escenario para el \u00e9xito.\u00a0<\/p>\t\t\t\t\t\t\t\t<\/div>\n\t\t\t\t<\/div>\n\t\t\t\t\t<\/div>\n\t\t<\/div>\n\t\t\t\t\t<\/div>\n\t\t<\/section>\n\t\t\t\t\t<\/div>\n\t\t<\/div>\n\t\t\t\t<div class=\"elementor-column elementor-col-50 elementor-top-column elementor-element elementor-element-9f01203\" data-id=\"9f01203\" data-element_type=\"column\" data-e-type=\"column\">\n\t\t\t<div class=\"elementor-widget-wrap elementor-element-populated\">\n\t\t\t\t\t\t<div class=\"elementor-element elementor-element-bfe4dd8 elementor-widget elementor-widget-spacer\" data-id=\"bfe4dd8\" data-element_type=\"widget\" data-e-type=\"widget\" data-widget_type=\"spacer.default\">\n\t\t\t\t<div class=\"elementor-widget-container\">\n\t\t\t\t\t\t\t<div class=\"elementor-spacer\">\n\t\t\t<div class=\"elementor-spacer-inner\"><\/div>\n\t\t<\/div>\n\t\t\t\t\t\t<\/div>\n\t\t\t\t<\/div>\n\t\t\t\t<div class=\"elementor-element elementor-element-8ea9f3f elementor-widget elementor-widget-purchase-widget\" data-id=\"8ea9f3f\" data-element_type=\"widget\" data-e-type=\"widget\" data-widget_type=\"purchase-widget.default\">\n\t\t\t\t<div class=\"elementor-widget-container\">\n\t\t\t\t\t\n<div id=\"purchase_widget_149\" class=\"product-purchase-options\">\n\t<div class=\"intro-header\">\n    \t\t<h3>Adquiera la publicaci\u00f3n<\/h3>\n\t\t<p>E-doc CQI-20 en ingl\u00e9s. Obtenga acceso de un solo usuario a las publicaciones de AIAG, reciba una copia impresa o ambos.\n\n<\/p>\n\t<\/div>\n\n    <div id=\"div-add-product\" class=\"d-block text-center\">\n    <img decoding=\"async\" src=\"https:\/\/plexusintl.com\/mx\/wp-content\/themes\/plexus-theme\/images\/Purchase-Widget.svg\" width=\"50px\" alt=\"Loading\" \/>     \n  <\/div>\n    <form method=\"post\" id=\"add-product\" class=\"add-product d-none\">\n      <div class=\"options\">\n        <div class=\"form-group d-none\"><script type=\"text\/javascript\"> $('.product-purchase-options .intro-header').css(\"border-bottom\", \"none\"); <\/script>          <div class=\"radio\">\n            <label>\n              <input type=\"radio\" name=\"delivery_type_pub\" value=\"e-learning\" checked onchange=\"$('#corporate_licensing_149').css('display', 'none');$('#member_pricing_149').css('display', 'none');$('#single_user_access_149').css('display', 'block');\"> Seleccione una opci\u00f3n<\/label>\n          <\/div>\n          <div class=\"radio d-none\">\n            <label>\n              <input type=\"radio\" name=\"delivery_type_pub\" value=\"on-site-training\" onchange=\"$('#single_user_access_149').css('display', 'none');$('#member_pricing_149').css('display', 'none');$('#corporate_licensing_149').css('display', 'block');\"> Solicitar una Cotizaci\u00f3n<\/label>\n          <\/div>\n          <div class=\"radio d-none\">\n            <label>\n              <input type=\"radio\" name=\"delivery_type_pub\" value=\"member-pricing\" onchange=\"$('#single_user_access_149').css('display', 'none');$('#corporate_licensing_149').css('display', 'none');$('#member_pricing_149').css('display', 'block');\"> Precio miembro<\/label>\n          <\/div>\n        <\/div>\n        <\/div>      <div class=\"purchase-actions\" id=\"single_user_access_149\">\n        <div class=\"e-learning actions d-block\">\n                    <div class=\"\">\n              <div class=\"price-wrapper \">\n                <div class=\"price-label\">Precio<\/div>\n                                    \n                  <div class=\"price\" id=\"e-learning-price\">\n                    <span id=\"priceFigure\">196.00<\/span>&nbsp;USD            \n                  <\/div>\n                                    <div id=\"purchase-error\"><\/div>\n                  <input type=\"hidden\" name=\"product_id\" value=\"6d9740b0-2ace-11ec-bb34-02420a00028c\">\n              <\/div>\n              <button type=\"submit\" class=\"blue-button register-button\" style=\"display:block;\">Comprar<\/button>\n            <\/div>\t\t\t\t\n        <\/div> \n      <\/div>\n      \n      <div class=\"purchase-actions\" id=\"corporate_licensing_149\" style=\"display:none;\">\n        <div class=\"on-site-training actions\" style=\"display: block;\">\n          <a href=\"http:\/\/plexusintl.com\/mx\/solicite-una-cotizacion\/?course_requested=Edoc+-+CQI+20+-+2ed+EN+-+edoc-cqi-20-2ed-enSolicitar Cotizaci\u00f3n\" title=\"Solicitar una Cotizaci\u00f3n\" class=\"blue-button\">Solicitar una Cotizaci\u00f3n<\/a>\n        <\/div>\n      <\/div>\n\n      <div class=\"purchase-actions\" id=\"member_pricing_149\" style=\"display:none;\">\n        <div class=\"on-site-training actions\" style=\"display: block;\">\n          <a href=\"http:\/\/plexusintl.com\/request-quote?course_requested=Edoc+-+CQI+20+-+2ed+EN+-+edoc-cqi-20-2ed-enSolicitar+Cotizaci%C3%B3n\" title=\"Solicitar Cotizaci\u00f3n para Miembros AIAG\" class=\"blue-button\">Solicitar Cotizaci\u00f3n para Miembros AIAG<\/a>\n        <\/div>\n      <\/div>\n      <div style=\"display:none;\">\n         \n      <\/div>\n    <\/form>  \n  <\/div>\n<script type=\"text\/javascript\">\n\t$(document).ready(function() { \n\t\t$('#purchase_widget_149 input[name=delivery_type]').change(function(){\t\n      $('#purchase_widget_149 .purchase-actions .actions').hide();\t\t\n\t\t\t$('#purchase_widget_149 .purchase-actions .actions.'+$('input[name=delivery_type]:checked').val()).slideDown();\n    });\n    \n    var hiddenBox = $(\"#purchase_widget_149 #open-enrollment-single-session-location\")[0];\n    if(hiddenBox != null && hiddenBox.value !== \"\"){\n      $('#purchase_widget_149 #location p').html(hiddenBox.value);        \n      $('#purchase_widget_149 .session-detail').slideDown();\n      $('#purchase_widget_149 .session-detail').removeClass('d-none');\n      $('#purchase_widget_149 .session-detail').addClass('d-block');\n    }\n    else {      \n      $('#purchase_widget_149 .session-detail').removeClass('d-block');\n      $('#purchase_widget_149 .session-detail').addClass('d-none');\n    }\n\n\t\t$('#purchase_widget_149 #open-enrollment-session').change(function(){\n\t\t\tif($(this).val() != '') {\n\t\t\t\tvar option = $(this).find('option:selected');\n\n\t\t\t\t$('#purchase_widget_149 #location p').html($(option).data('location'));\n        $('#purchase_widget_149 #open-enrollment-session-value').val($(option).data('id'));\n      \n        $('#purchase_widget_149 .session-detail').slideDown();\n        $('#purchase_widget_149 .session-detail').removeClass('d-none');\n        $('#purchase_widget_149 .session-detail').addClass('d-block');\n\t\t\t} else {        \n        $('#purchase_widget_149 .session-detail').removeClass('d-block');\n        $('#purchase_widget_149 .session-detail').addClass('d-none');\n\t\t\t}\n    });\n    var priceFigure = $('#purchase_widget_149 #priceFigure')[0];\n    if (priceFigure != null)\n      priceFigure.innerHTML = formatCurrency(priceFigure.innerHTML);\n    \n      $('#purchase_widget_149 #div-add-product').removeClass('d-block');\n      $('#purchase_widget_149 #div-add-product').addClass('d-none');\n      $('#purchase_widget_149 #add-product').removeClass('d-none');\n      $('#purchase_widget_149 #add-product').addClass('d-block');\n  });\n  $('#purchase_widget_149 .add-product').submit(function(e){\n    e.preventDefault();    \n    var productId = $(this).find('input[name=\"product_id\"]').val();\n          addProductToCart(productId);\n    \n  });\n  <\/script>\n    \t\t\t\t<\/div>\n\t\t\t\t<\/div>\n\t\t\t\t<div class=\"elementor-element elementor-element-b8da43a elementor-widget elementor-widget-text-editor\" data-id=\"b8da43a\" data-element_type=\"widget\" data-e-type=\"widget\" data-widget_type=\"text-editor.default\">\n\t\t\t\t<div class=\"elementor-widget-container\">\n\t\t\t\t\t\t\t\t\t<h3 style=\"text-align: left;\"><span style=\"color: #ffffff;\">Solicite la Publicaci\u00f3n Impresa<\/span><\/h3><p style=\"text-align: left;\"><span style=\"color: #ffffff;\">Contactanos para solicitar la versi\u00f3n impresa de este documento.<\/span><\/p><p style=\"text-align: center;\"><a class=\"white-button\" href=\"\/mx\/request-a-publication\/\">Solicite la versi\u00f3n impresa<\/a><\/p>\t\t\t\t\t\t\t\t<\/div>\n\t\t\t\t<\/div>\n\t\t\t\t\t<\/div>\n\t\t<\/div>\n\t\t\t\t\t<\/div>\n\t\t<\/section>\n\t\t\t\t<section class=\"elementor-section elementor-top-section elementor-element elementor-element-4087963 elementor-section-boxed elementor-section-height-default elementor-section-height-default\" data-id=\"4087963\" data-element_type=\"section\" data-e-type=\"section\">\n\t\t\t\t\t\t<div class=\"elementor-container elementor-column-gap-default\">\n\t\t\t\t\t<div class=\"elementor-column elementor-col-100 elementor-top-column elementor-element elementor-element-aa48140\" data-id=\"aa48140\" data-element_type=\"column\" data-e-type=\"column\">\n\t\t\t<div class=\"elementor-widget-wrap elementor-element-populated\">\n\t\t\t\t\t\t<div class=\"elementor-element elementor-element-9651ce6 elementor-widget elementor-widget-quick-tabs-block\" data-id=\"9651ce6\" data-element_type=\"widget\" data-e-type=\"widget\" data-widget_type=\"quick-tabs-block.default\">\n\t\t\t\t<div class=\"elementor-widget-container\">\n\t\t\t\t\t        <H4 data-tab-title=\"Informaci\u00f3n Adicional\" class=\"simpleTabsOpen\">Informaci\u00f3n Adicional<\/H4>\r\n                          <div class=\"row product-tabs-content\">\r\n                  <div class=\"col-3\">\r\n                    <p style=\"color:black\"><strong>Fecha de Publicaci\u00f3n<\/strong><\/p>\r\n                  <\/div>\r\n                  <div class=\"col-9\">\r\n                    <p>Agosto 2018<\/p>                  <\/div>\r\n                <\/div>\r\n                                <hr\/>\r\n                  <br \/>\r\n                                <div class=\"row product-tabs-content\">\r\n                  <div class=\"col-3\">\r\n                    <p style=\"color:black\"><strong>Versi\u00f3n Vigente<\/strong><\/p>\r\n                  <\/div>\r\n                  <div class=\"col-9\">\r\n                    <p>2<\/p>                  <\/div>\r\n                <\/div>\r\n                                <hr\/>\r\n                  <br \/>\r\n                                <div class=\"row product-tabs-content\">\r\n                  <div class=\"col-3\">\r\n                    <p style=\"color:black\"><strong>Idioma<\/strong><\/p>\r\n                  <\/div>\r\n                  <div class=\"col-9\">\r\n                    <p>Ingles<\/p>                  <\/div>\r\n                <\/div>\r\n              \r\n        <div data-tab-title=\"\" class=\"simpleTabsClose\"><\/div>\r\n              <H4 data-tab-title=\"Consideraciones para los eDocument\" class=\"simpleTabsOpen\">Consideraciones para los eDocument<\/H4>\r\n                      <p>Los documentos electr\u00f3nicos de AIAG no se pueden imprimir ni guardar en su computadora local, solo se pueden ver a trav\u00e9s del sitio web de AIAG, utilizando nuestro visor de documentos electr\u00f3nicos. Los documentos electr\u00f3nicos tienen licencia para una cuenta de usuario final; aseg\u00farese de que el pedido se realice bajo la cuenta del usuario final real. Los documentos electr\u00f3nicos de AIAG no son transferibles de una cuenta a otra.<\/p>          \r\n        <div data-tab-title=\"\" class=\"simpleTabsClose\"><\/div>\r\n              <H4 data-tab-title=\"Envios y Devoluciones\" class=\"simpleTabsOpen\">Envios y Devoluciones<\/H4>\r\n                      <p>Los envios solo se realizar\u00e1n una vez que se haya cubierto su pago, en publicaciones impresas y electr\u00f3nicas no se admiten devoluciones\u00a0<\/p>          \r\n        <div data-tab-title=\"\" class=\"simpleTabsClose\"><\/div>\r\n              <H4 data-tab-title=\"Precios especiales para miembros AIAG\" class=\"simpleTabsOpen\">Precios especiales para miembros AIAG<\/H4>\r\n                      <p>Los miembros activos de AIAG tienen acceso a precios preferenciales en publicaciones impresas y en formato edoc. <strong><a href=\"\/mx\/contactanos\/\">Cont\u00e1ctenos<\/a> <\/strong>para m\u00e1s informaci\u00f3n<\/p>          \r\n        <div data-tab-title=\"\" class=\"simpleTabsClose\"><\/div>\r\n      \t\t\t\t<\/div>\n\t\t\t\t<\/div>\n\t\t\t\t\t<\/div>\n\t\t<\/div>\n\t\t\t\t\t<\/div>\n\t\t<\/section>\n\t\t\t\t<section class=\"elementor-section elementor-top-section elementor-element elementor-element-849ee05 elementor-section-boxed elementor-section-height-default elementor-section-height-default\" data-id=\"849ee05\" data-element_type=\"section\" data-e-type=\"section\">\n\t\t\t\t\t\t<div class=\"elementor-container elementor-column-gap-default\">\n\t\t\t\t\t<div class=\"elementor-column elementor-col-100 elementor-top-column elementor-element elementor-element-49d2169\" data-id=\"49d2169\" data-element_type=\"column\" data-e-type=\"column\">\n\t\t\t<div class=\"elementor-widget-wrap elementor-element-populated\">\n\t\t\t\t\t\t<div class=\"elementor-element elementor-element-bf5184e elementor-widget elementor-widget-related-content-block\" data-id=\"bf5184e\" data-element_type=\"widget\" data-e-type=\"widget\" data-widget_type=\"related-content-block.default\">\n\t\t\t\t<div class=\"elementor-widget-container\">\n\t\t\t\t\t    \r\n      <div class=\"row\">\r\n          <div class=\"col\">\r\n              <div class=\"related-content\">\r\n                  <h2 >Tambi\u00e9n le puede interesar<\/h2>\r\n\r\n                  <div class=\"row\">\r\n                      <div class=\"col-12 col-md-4 mb-3\">\r\n                          <div class=\"page page-1\">\r\n                              <div class=\"content-type\"><\/div>\r\n                              <div class=\"content-title\"><a href=\"\/mx\/catalogo\/cqi-14-automotive-warranty-management-3a-edicion-publicacion\/\" class=\"cta\" >CQI-14 Gesti\u00f3n de Garantias<\/a><\/div>\r\n                              <div class=\"content-description\"><p >Los lineamientos incluidos en esta gu\u00eda impulsan la satisfacci\u00f3n del consumidor y la mejora de la garant\u00eda al proporcionar un s\u00f3lido programa de gesti\u00f3n de garant\u00edas<\/p><\/div>\r\n                          <\/div>\r\n                      <\/div>\r\n                      <div class=\"col-12 col-md-4 mb-3\">\r\n                          <div class=\"page page-2\">\r\n                              <div class=\"content-type\"><\/div>\r\n                              <div class=\"content-title\"><a href=\"\/mx\/catalogo\/solucion-de-problemas\/\" class=\"cta\" >Entrenamiento Gu\u00eda efectiva de soluci\u00f3n de Problemas<\/a><\/div>\r\n                              <div class=\"content-description\"><p >En Octubre de 2019 la IATF present\u00f3 los resultados del desempe\u00f1o en cuanto a las no conformidades mayores encontradas en las auditor\u00edas de certificaci\u00f3n y sorpresivamente el segundo lugar lo ocupa el apartado 10.2.3 Soluci\u00f3n de Problemas. <\/p><\/div>\r\n                          <\/div>\r\n                      <\/div>\r\n                      <div class=\"col-xs-12 col-md-4 mb-3\">\r\n                          <div class=\"page page-3\">\r\n                              <div class=\"content-type\"><\/div>\r\n                              <div class=\"content-title\"><a href=\"\/mx\/catalogo\/cqi-12-special-process-coating-system-assessment-3rd-edition\/\" class=\"cta\" >CQI-12 Evaluaci\u00f3n a los Sistemas de Recubrimiento<\/a><\/div>\r\n                              <div class=\"content-description\"><p >El nuevo Proceso especial CQI-12: Evaluaci\u00f3n del sistema de recubrimiento se desarroll\u00f3 para ayudar a evaluar mejor los sistemas de calidad en los talleres de recubrimiento que suministran recubrimientos automotrices OEM.<\/p><\/div>\r\n                          <\/div>\r\n                      <\/div>\r\n                  <\/div>\r\n              <\/div>\r\n          <\/div>\r\n      <\/div>\r\n    \t\t\t\t<\/div>\n\t\t\t\t<\/div>\n\t\t\t\t\t<\/div>\n\t\t<\/div>\n\t\t\t\t\t<\/div>\n\t\t<\/section>\n\t\t\t\t<\/div>\n\t\t","protected":false},"excerpt":{"rendered":"<p>Soluci\u00f3n de Problemas y Sistemas a prueba de error&nbsp;&bull;&nbsp;Procesos especiales y otros CQIs&nbsp;&bull;&nbsp;Publicaci\u00f3n \u00bfSu organizaci\u00f3n necesita ayuda para eliminar problemas repetidos e implementar mejoras sostenibles en sus productos o procesos? Esta gu\u00eda respalda los esfuerzos de la organizaci\u00f3n para desarrollar e implementar un proceso s\u00f3lido de resoluci\u00f3n de problemas que mejorar\u00e1 las descripciones de problemas,&#8230;<\/p>\n","protected":false},"author":10,"featured_media":0,"parent":87,"menu_order":0,"comment_status":"closed","ping_status":"closed","template":"","meta":{"footnotes":"","_wp_rev_ctl_limit":""},"class_list":["post-4424","page","type-page","status-publish","hentry"],"_links":{"self":[{"href":"https:\/\/plexusintl.com\/mx\/wp-json\/wp\/v2\/pages\/4424","targetHints":{"allow":["GET"]}}],"collection":[{"href":"https:\/\/plexusintl.com\/mx\/wp-json\/wp\/v2\/pages"}],"about":[{"href":"https:\/\/plexusintl.com\/mx\/wp-json\/wp\/v2\/types\/page"}],"author":[{"embeddable":true,"href":"https:\/\/plexusintl.com\/mx\/wp-json\/wp\/v2\/users\/10"}],"replies":[{"embeddable":true,"href":"https:\/\/plexusintl.com\/mx\/wp-json\/wp\/v2\/comments?post=4424"}],"version-history":[{"count":36,"href":"https:\/\/plexusintl.com\/mx\/wp-json\/wp\/v2\/pages\/4424\/revisions"}],"predecessor-version":[{"id":6913,"href":"https:\/\/plexusintl.com\/mx\/wp-json\/wp\/v2\/pages\/4424\/revisions\/6913"}],"up":[{"embeddable":true,"href":"https:\/\/plexusintl.com\/mx\/wp-json\/wp\/v2\/pages\/87"}],"wp:attachment":[{"href":"https:\/\/plexusintl.com\/mx\/wp-json\/wp\/v2\/media?parent=4424"}],"curies":[{"name":"wp","href":"https:\/\/api.w.org\/{rel}","templated":true}]}}