{"id":4499,"date":"2021-06-05T13:35:10","date_gmt":"2021-06-05T18:35:10","guid":{"rendered":"https:\/\/plexusintl.com\/mx\/?page_id=4499"},"modified":"2023-03-13T08:59:27","modified_gmt":"2023-03-13T13:59:27","slug":"spc-implementando-el-control-estadistico-del-proceso","status":"publish","type":"page","link":"https:\/\/plexusintl.com\/mx\/catalogo\/spc-implementando-el-control-estadistico-del-proceso\/","title":{"rendered":"Live Virtual &#8211; AIAG Quality Core Tools: SPC"},"content":{"rendered":"\t\t<div data-elementor-type=\"wp-page\" data-elementor-id=\"4499\" class=\"elementor elementor-4499\" data-elementor-post-type=\"page\">\n\t\t\t\t\t\t<section class=\"elementor-section elementor-top-section elementor-element elementor-element-5f986d3c elementor-section-boxed elementor-section-height-default elementor-section-height-default\" data-id=\"5f986d3c\" data-element_type=\"section\" data-e-type=\"section\">\n\t\t\t\t\t\t<div class=\"elementor-container elementor-column-gap-default\">\n\t\t\t\t\t<div class=\"elementor-column elementor-col-50 elementor-top-column elementor-element elementor-element-11e5cbbe\" data-id=\"11e5cbbe\" data-element_type=\"column\" data-e-type=\"column\">\n\t\t\t<div class=\"elementor-widget-wrap elementor-element-populated\">\n\t\t\t\t\t\t<div class=\"elementor-element elementor-element-572478bd elementor-widget elementor-widget-product-meta\" data-id=\"572478bd\" data-element_type=\"widget\" data-e-type=\"widget\" data-widget_type=\"product-meta.default\">\n\t\t\t\t<div class=\"elementor-widget-container\">\n\t\t\t\t\t        <div class=\"meta\">\n                  <div class=\"tags\">Core Tools&nbsp;&bull;&nbsp;MSA & SPC&nbsp;&bull;&nbsp;AIAG&nbsp;&bull;&nbsp;Formaci\u00f3n Live Virtual<\/div>\n              <\/div>\n     \t\t\t\t<\/div>\n\t\t\t\t<\/div>\n\t\t\t\t<div class=\"elementor-element elementor-element-5ea302e5 elementor-widget elementor-widget-theme-post-title elementor-page-title elementor-widget-heading\" data-id=\"5ea302e5\" data-element_type=\"widget\" data-e-type=\"widget\" data-widget_type=\"theme-post-title.default\">\n\t\t\t\t<div class=\"elementor-widget-container\">\n\t\t\t\t\t<h3 class=\"elementor-heading-title elementor-size-default\">Live Virtual &#8211; AIAG Quality Core Tools: SPC<\/h3>\t\t\t\t<\/div>\n\t\t\t\t<\/div>\n\t\t\t\t<div class=\"elementor-element elementor-element-4af334c5 elementor-widget elementor-widget-text-editor\" data-id=\"4af334c5\" data-element_type=\"widget\" data-e-type=\"widget\" data-widget_type=\"text-editor.default\">\n\t\t\t\t<div class=\"elementor-widget-container\">\n\t\t\t\t\t\t\t\t\t<p><span style=\"font-weight: 400;\">Por medio de actividades de grupo y participaci\u00f3n individual, los participantes van a entender los conceptos b\u00e1sicos <\/span><span style=\"font-weight: 400;\">&nbsp;de estabilidad y capacidad del proceso y obtendr\u00e1n una visi\u00f3n general del uso y utilidad del Manual de SPC.<\/span><\/p>\t\t\t\t\t\t\t\t<\/div>\n\t\t\t\t<\/div>\n\t\t\t\t\t<\/div>\n\t\t<\/div>\n\t\t\t\t<div class=\"elementor-column elementor-col-50 elementor-top-column elementor-element elementor-element-2dd253fb\" data-id=\"2dd253fb\" data-element_type=\"column\" data-e-type=\"column\">\n\t\t\t<div class=\"elementor-widget-wrap elementor-element-populated\">\n\t\t\t\t\t\t<div class=\"elementor-element elementor-element-c48ea0f elementor-widget elementor-widget-purchase-widget\" data-id=\"c48ea0f\" data-element_type=\"widget\" data-e-type=\"widget\" data-widget_type=\"purchase-widget.default\">\n\t\t\t\t<div class=\"elementor-widget-container\">\n\t\t\t\t\t\n<div id=\"purchase_widget_206\" class=\"product-purchase-options\">\n\t<div class=\"intro-header\">\n    \t\t<h3>Formaciones Live Virtual<\/h3>\n\t\t<p><\/p>\n\t<\/div>\n\n    <div id=\"div-add-product\" class=\"d-block text-center\">\n    <img decoding=\"async\" src=\"https:\/\/plexusintl.com\/mx\/wp-content\/themes\/plexus-theme\/images\/Purchase-Widget.svg\" width=\"50px\" alt=\"Loading\" \/>     \n  <\/div>\n    <form method=\"post\" id=\"add-product\" class=\"add-product d-none\">\n      <div class=\"options\">\n        <div class=\"form-group d-block\"><script type=\"text\/javascript\"> $('.product-purchase-options .intro-header').removeAttr(\"style\"); <\/script>          <div class=\"radio\">\n            <label>\n              <input type=\"radio\" name=\"delivery_type_lvs\" value=\"e-learning\" checked onchange=\"$('#corporate_licensing_206').css('display', 'none');$('#member_pricing_206').css('display', 'none');$('#single_user_access_206').css('display', 'block');\"> Entrenamientos Abiertos<\/label>\n          <\/div>\n          <div class=\"radio d-block\">\n            <label>\n              <input type=\"radio\" name=\"delivery_type_lvs\" value=\"on-site-training\" onchange=\"$('#single_user_access_206').css('display', 'none');$('#member_pricing_206').css('display', 'none');$('#corporate_licensing_206').css('display', 'block');\"> Sesiones cerradas (solo a mi organizaci\u00f3n)<\/label>\n          <\/div>\n          <div class=\"radio d-none\">\n            <label>\n              <input type=\"radio\" name=\"delivery_type_lvs\" value=\"member-pricing\" onchange=\"$('#single_user_access_206').css('display', 'none');$('#corporate_licensing_206').css('display', 'none');$('#member_pricing_206').css('display', 'block');\"> Precio Miembro AIAG<\/label>\n          <\/div>\n          <\/div>      <div class=\"purchase-actions\" id=\"single_user_access_206\">\n        <div class=\"open-enrollment actions d-block\">\n                          <div class=\"form-group d-block\">\n                  <label for=\"open-enrollment-session\">Sesiones disponibles<\/label>\n                                      <p>No se encontraron sesiones disponibles<\/p>\n                                    <\/div>\n                          <div class=\"session-detail d-none\">\n              <div class=\"price-wrapper \">\n                <div class=\"price-label\">A partir de<\/div>\n                                    \n                  <div class=\"price\" id=\"e-learning-price\">\n                    <span id=\"priceFigure\">7200.00<\/span>&nbsp;MXN            \n                  <\/div>\n                                    <div id=\"purchase-error\"><\/div>\n                  <input type=\"hidden\" name=\"product_id\" value=\"3bea2094-875d-11eb-aa89-0ae8b9885edd\">\n              <\/div>\n              <button type=\"submit\" class=\"blue-button register-button\" style=\"display:block;\">Registrarse<\/button>\n            <\/div>\t\t\t\t\n        <\/div> \n      <\/div>\n      \n      <div class=\"purchase-actions\" id=\"corporate_licensing_206\" style=\"display:none;\">\n        <div class=\"on-site-training actions\" style=\"display: block;\">\n          <a href=\"http:\/\/plexusintl.com\/mx\/solicite-una-cotizacion\/?course_requested=Formaci%C3%B3n+LV+-+SPC+-+formacin-lv-spc\" title=\"Solicite una cotizaci\u00f3n\" class=\"blue-button\">Solicite una cotizaci\u00f3n<\/a>\n        <\/div>\n      <\/div>\n\n      <div class=\"purchase-actions\" id=\"member_pricing_206\" style=\"display:none;\">\n        <div class=\"on-site-training actions\" style=\"display: block;\">\n          <a href=\"http:\/\/plexusintl.com\/request-quote?course_requested=Formaci%C3%B3n+LV+-+SPC+-+formacin-lv-spcSolicitar+Cotizaci%C3%B3n\" title=\"Solicitar Cotizaci\u00f3n\" class=\"blue-button\">Solicitar Cotizaci\u00f3n<\/a>\n        <\/div>\n      <\/div>\n      <div style=\"display:none;\">\n         \n      <\/div>\n    <\/form>  \n  <\/div>\n<script type=\"text\/javascript\">\n\t$(document).ready(function() { \n\t\t$('#purchase_widget_206 input[name=delivery_type]').change(function(){\t\n      $('#purchase_widget_206 .purchase-actions .actions').hide();\t\t\n\t\t\t$('#purchase_widget_206 .purchase-actions .actions.'+$('input[name=delivery_type]:checked').val()).slideDown();\n    });\n    \n    var hiddenBox = $(\"#purchase_widget_206 #open-enrollment-single-session-location\")[0];\n    if(hiddenBox != null && hiddenBox.value !== \"\"){\n      $('#purchase_widget_206 #location p').html(hiddenBox.value);        \n      $('#purchase_widget_206 .session-detail').slideDown();\n      $('#purchase_widget_206 .session-detail').removeClass('d-none');\n      $('#purchase_widget_206 .session-detail').addClass('d-block');\n    }\n    else {      \n      $('#purchase_widget_206 .session-detail').removeClass('d-block');\n      $('#purchase_widget_206 .session-detail').addClass('d-none');\n    }\n\n\t\t$('#purchase_widget_206 #open-enrollment-session').change(function(){\n\t\t\tif($(this).val() != '') {\n\t\t\t\tvar option = $(this).find('option:selected');\n\n\t\t\t\t$('#purchase_widget_206 #location p').html($(option).data('location'));\n        $('#purchase_widget_206 #open-enrollment-session-value').val($(option).data('id'));\n      \n        $('#purchase_widget_206 .session-detail').slideDown();\n        $('#purchase_widget_206 .session-detail').removeClass('d-none');\n        $('#purchase_widget_206 .session-detail').addClass('d-block');\n\t\t\t} else {        \n        $('#purchase_widget_206 .session-detail').removeClass('d-block');\n        $('#purchase_widget_206 .session-detail').addClass('d-none');\n\t\t\t}\n    });\n    var priceFigure = $('#purchase_widget_206 #priceFigure')[0];\n    if (priceFigure != null)\n      priceFigure.innerHTML = formatCurrency(priceFigure.innerHTML);\n    \n      $('#purchase_widget_206 #div-add-product').removeClass('d-block');\n      $('#purchase_widget_206 #div-add-product').addClass('d-none');\n      $('#purchase_widget_206 #add-product').removeClass('d-none');\n      $('#purchase_widget_206 #add-product').addClass('d-block');\n  });\n  $('#purchase_widget_206 .add-product').submit(function(e){\n    e.preventDefault();    \n    var productId = $(this).find('input[name=\"product_id\"]').val();\n          var selectBox = $(\"#purchase_widget_206 #open-enrollment-session\")[0];\n      var hiddenBox1 = $(\"#purchase_widget_206 #open-enrollment-session-value\")[0];\n      var hiddenBox2 = $(\"#purchase_widget_206 #open-enrollment-single-session\")[0];\n      if(selectBox != null){\n        var sessionId = hiddenBox1.value;\n        if(selectBox.value === \"\"){\n          alert(\"Session is required.\");\n        }\n        else if(selectBox.value.substring(0, 4) == 'http') {\n          window.dataLayer = window.dataLayer || [];\n          window.dataLayer.push({ event: 'outbound_link_click', link_url: hiddenBox1.value });\n          window.open(hiddenBox1.value);\n        } \n        else {          \n          addEnrollmentProductToCart(productId, sessionId);\n        }\n      }\n      else if(hiddenBox2 != null && hiddenBox2.value !== \"\"){\n        var sessionId = hiddenBox2.value;\n        if(hiddenBox2.value.substring(0, 4) == 'http'){\n          window.dataLayer = window.dataLayer || [];\n          window.dataLayer.push({ event: 'outbound_link_click', link_url: hiddenBox2.value });\n          window.open(hiddenBox2.value);\n        }\n        else{\n          addEnrollmentProductToCart(productId, sessionId);\n        }\n      }\n      else{\n        addProductToCart(productId);\n      }\n    \n  });\n  <\/script>\n    \t\t\t\t<\/div>\n\t\t\t\t<\/div>\n\t\t\t\t\t<\/div>\n\t\t<\/div>\n\t\t\t\t\t<\/div>\n\t\t<\/section>\n\t\t\t\t<section class=\"elementor-section elementor-top-section elementor-element elementor-element-368bbf9e elementor-section-boxed elementor-section-height-default elementor-section-height-default\" data-id=\"368bbf9e\" data-element_type=\"section\" data-e-type=\"section\">\n\t\t\t\t\t\t<div class=\"elementor-container elementor-column-gap-default\">\n\t\t\t\t\t<div class=\"elementor-column elementor-col-100 elementor-top-column elementor-element elementor-element-5379c0e4\" data-id=\"5379c0e4\" data-element_type=\"column\" data-e-type=\"column\">\n\t\t\t<div class=\"elementor-widget-wrap elementor-element-populated\">\n\t\t\t\t\t\t<div class=\"elementor-element elementor-element-57396859 elementor-widget elementor-widget-quick-tabs-block\" data-id=\"57396859\" data-element_type=\"widget\" data-e-type=\"widget\" data-widget_type=\"quick-tabs-block.default\">\n\t\t\t\t<div class=\"elementor-widget-container\">\n\t\t\t\t\t        <H4 data-tab-title=\"Duraci\u00f3n\" class=\"simpleTabsOpen\">Duraci\u00f3n<\/H4>\r\n                      <p><span style=\"color: #333333;\">1 d\u00eda - 8 Horas<\/span><\/p>          \r\n        <div data-tab-title=\"\" class=\"simpleTabsClose\"><\/div>\r\n              <H4 data-tab-title=\"Objetivos de Aprendizaje:\" class=\"simpleTabsOpen\">Objetivos de Aprendizaje:<\/H4>\r\n                      <ul><li><span style=\"font-weight: 400;\">Definir el SPC y entender su uso en el control del proceso y la mejora continua.\u00a0<\/span><\/li><li><span style=\"font-weight: 400;\">Definir las causas de variaci\u00f3n y entender como clasificar las causas en comunes y especiales. <\/span><\/li><li><span style=\"font-weight: 400;\">Definir procedo estable y proceso inestable.\u00a0<\/span><\/li><li><span style=\"font-weight: 400;\">Entender las ventajas de un proceso estable y el efecto de la manipulaci\u00f3n del proceso. <\/span><\/li><li><span style=\"font-weight: 400;\">Entender la diferencia entre un proceso en control y uno capaz.\u00a0<\/span><\/li><li><span style=\"font-weight: 400;\">Revisar los requerimientos de SPC en el IATF 16949:2016\u00a0<\/span><\/li><li><span style=\"font-weight: 400;\">Definir los pasos necesarios para planear el uso de gr\u00e1ficas de control.\u00a0<\/span><\/li><li><span style=\"font-weight: 400;\">Diferenciar entre datos variables y de tributo.\u00a0<\/span><\/li><li><span style=\"font-weight: 400;\">Definir cuando es apropiado el uso de una gr\u00e1fica x-R, como se construye y como se interpretan <\/span><span style=\"font-weight: 400;\">las se\u00f1ales de la carta.\u00a0<\/span><\/li><li><span style=\"font-weight: 400;\">Identificar e interpretar las se\u00f1ales de fuera de control en las gr\u00e1ficas de control.\u00a0<\/span><\/li><li><span style=\"font-weight: 400;\">Entender los pasos para la construcci\u00f3n e interpretaci\u00f3n de las mediciones individuales y la gr\u00e1fica <\/span><span style=\"font-weight: 400;\">de rango m\u00f3vil.\u00a0<\/span><\/li><li><span style=\"font-weight: 400;\">Entender el dise\u00f1o e interpretaci\u00f3n de las gr\u00e1ficas P.\u00a0<\/span><\/li><li><span style=\"font-weight: 400;\">Revisar la importancia del muestreo para un uso efectivo de las gr\u00e1ficas de control.<\/span><\/li><li><span style=\"font-weight: 400;\">Definir y calcular el Cpk y el Ppk.\u00a0<\/span><\/li><li><span style=\"font-weight: 400;\">Entender la conexi\u00f3n entre los \u00edndices de estabilidad y capacidad del proceso y su lugar en el IATF <\/span><span style=\"font-weight: 400;\">16949:2016.<\/span><\/li><\/ul>          \r\n        <div data-tab-title=\"\" class=\"simpleTabsClose\"><\/div>\r\n              <H4 data-tab-title=\"Contenido\" class=\"simpleTabsOpen\">Contenido<\/H4>\r\n                      <ul><li><span style=\"font-weight: 400;\">Diagramas de Tortuga.\u00a0<\/span><\/li><li><span style=\"font-weight: 400;\">Seis Puntos.\u00a0<\/span><\/li><li><span style=\"font-weight: 400;\">Prevenci\u00f3n contra detecci\u00f3n.\u00a0<\/span><\/li><li><span style=\"font-weight: 400;\">Causas Comunes y Causas Especiales. <\/span><\/li><li><span style=\"font-weight: 400;\">Gr\u00e1ficas de Control.\u00a0<\/span><\/li><li><span style=\"font-weight: 400;\">Gr\u00e1ficas X barra \u2013 R.\u00a0<\/span><\/li><li><span style=\"font-weight: 400;\">Limites de Control.\u00a0<\/span><\/li><li><span style=\"font-weight: 400;\">Control del Proceso.\u00a0<\/span><\/li><li><span style=\"font-weight: 400;\">Desviaci\u00f3n Est\u00e1ndar.\u00a0<\/span><\/li><li><span style=\"font-weight: 400;\">Capacidad del Proceso.\u00a0<\/span><\/li><li><span style=\"font-weight: 400;\">Desviaci\u00f3n Est\u00e1ndar.\u00a0<\/span><\/li><li><span style=\"font-weight: 400;\">Capacidad del Proceso.\u00a0<\/span><\/li><li><span style=\"font-weight: 400;\">Gr\u00e1ficas de Atributos.\u00a0<\/span><\/li><li><span style=\"font-weight: 400;\">Gr\u00e1fica P para Proporci\u00f3n de No Conformes. <\/span><\/li><li><span style=\"font-weight: 400;\">Gr\u00e1fica c para el N\u00famero de no conformidades. <\/span><\/li><li><span style=\"font-weight: 400;\">Ap\u00e9ndice.<\/span><\/li><\/ul>          \r\n        <div data-tab-title=\"\" class=\"simpleTabsClose\"><\/div>\r\n              <H4 data-tab-title=\"A qui\u00e9n est\u00e1 dirigido\" class=\"simpleTabsOpen\">A qui\u00e9n est\u00e1 dirigido<\/H4>\r\n                      <p><span style=\"font-weight: 400;\">Se recomienda el curso para responsables del control estad\u00edstico del proceso y gerentes de calidad.<\/span><\/p>          \r\n        <div data-tab-title=\"\" class=\"simpleTabsClose\"><\/div>\r\n      \t\t\t\t<\/div>\n\t\t\t\t<\/div>\n\t\t\t\t\t<\/div>\n\t\t<\/div>\n\t\t\t\t\t<\/div>\n\t\t<\/section>\n\t\t\t\t<section class=\"elementor-section elementor-top-section elementor-element elementor-element-3bfb1984 elementor-section-boxed elementor-section-height-default elementor-section-height-default\" data-id=\"3bfb1984\" data-element_type=\"section\" data-e-type=\"section\">\n\t\t\t\t\t\t<div class=\"elementor-container elementor-column-gap-default\">\n\t\t\t\t\t<div class=\"elementor-column elementor-col-100 elementor-top-column elementor-element elementor-element-1d8e1ff5\" data-id=\"1d8e1ff5\" data-element_type=\"column\" data-e-type=\"column\">\n\t\t\t<div class=\"elementor-widget-wrap\">\n\t\t\t\t\t\t\t<\/div>\n\t\t<\/div>\n\t\t\t\t\t<\/div>\n\t\t<\/section>\n\t\t\t\t<section class=\"elementor-section elementor-top-section elementor-element elementor-element-c617388 elementor-section-boxed elementor-section-height-default elementor-section-height-default\" data-id=\"c617388\" data-element_type=\"section\" data-e-type=\"section\">\n\t\t\t\t\t\t<div class=\"elementor-container elementor-column-gap-default\">\n\t\t\t\t\t<div class=\"elementor-column elementor-col-100 elementor-top-column elementor-element elementor-element-3c28223\" data-id=\"3c28223\" data-element_type=\"column\" data-e-type=\"column\">\n\t\t\t<div class=\"elementor-widget-wrap elementor-element-populated\">\n\t\t\t\t\t\t<div class=\"elementor-element elementor-element-07cfb76 elementor-widget elementor-widget-related-content-block\" data-id=\"07cfb76\" data-element_type=\"widget\" data-e-type=\"widget\" data-widget_type=\"related-content-block.default\">\n\t\t\t\t<div class=\"elementor-widget-container\">\n\t\t\t\t\t    \r\n      <div class=\"row\">\r\n          <div class=\"col\">\r\n              <div class=\"related-content\">\r\n                  <h2 >Tambi\u00e9n podr\u00eda interesarle: <\/h2>\r\n\r\n                  <div class=\"row\">\r\n                      <div class=\"col-12 col-md-4 mb-3\">\r\n                          <div class=\"page page-1\">\r\n                              <div class=\"content-type\"><\/div>\r\n                              <div class=\"content-title\"><a href=\"https:\/\/plexusintl.com\/mx\/catalogo\/spc-control-estadistico-de-procesos-publicacion\/\" class=\"cta\" >SPC \u2013 Control Estad\u00edstico de Procesos \u2013 Publicaci\u00f3n<\/a><\/div>\r\n                              <div class=\"content-description\"><p >SPC - La mejora continua es vital para prosperar en la econom\u00eda actual. Esta gu\u00eda proporciona varios m\u00e9todos estad\u00edsticos b\u00e1sicos y avanzados que se pueden utilizar para hacer que sus mejoras de fabricaci\u00f3n sean m\u00e1s efectivas, lo que da como resultado productos y servicios que mejoran el valor tanto para usted como para su cliente.<\/p><\/div>\r\n                          <\/div>\r\n                      <\/div>\r\n                      <div class=\"col-12 col-md-4 mb-3\">\r\n                          <div class=\"page page-2\">\r\n                              <div class=\"content-type\"><\/div>\r\n                              <div class=\"content-title\"><a href=\"https:\/\/plexusintl.com\/mx\/catalogo\/examen-de-certificacion-spc\/\" class=\"cta\" >Examen de certificaci\u00f3n AIAG SPC<\/a><\/div>\r\n                              <div class=\"content-description\"><p >Examen de certificaci\u00f3n SPC verifica la competencia de un individuo en t\u00e9cnicas de an\u00e1lisis de sistemas de medici\u00f3n, como se define en el manual de referencia de SPC. El individuo es capaz de analizar un sistema de medici\u00f3n e interpretar los resultados, puede apoyar con \u00e9xito la selecci\u00f3n y gesti\u00f3n de sistemas de medici\u00f3n.<\/p><\/div>\r\n                          <\/div>\r\n                      <\/div>\r\n                      <div class=\"col-xs-12 col-md-4 mb-3\">\r\n                          <div class=\"page page-3\">\r\n                              <div class=\"content-type\"><\/div>\r\n                              <div class=\"content-title\"><a href=\"https:\/\/plexusintl.com\/mx\/catalogo\/fundamentos-de-aiag-core-tools-spc-msa-fmea-cp-apqp-y-ppap\/\" class=\"cta\" >Fundamentos de AIAG Core Tools: SPC, MSA, FMEA, CP, APQP y PPAP.<\/a><\/div>\r\n                              <div class=\"content-description\"><p >La implementaci\u00f3n exitosa de las Core Tools de AIAG (APQP \/ PPAP, FMEA, MSA y SPC) dentro de su organizaci\u00f3n requiere la comprensi\u00f3n del alcance y el contenido de estos documentos. Se espera que las organizaciones de proveedores demuestren que han implementado las Core Tools para lograr la certificaci\u00f3n IATF 16949.<\/p><\/div>\r\n                          <\/div>\r\n                      <\/div>\r\n                  <\/div>\r\n              <\/div>\r\n          <\/div>\r\n      <\/div>\r\n    \t\t\t\t<\/div>\n\t\t\t\t<\/div>\n\t\t\t\t\t<\/div>\n\t\t<\/div>\n\t\t\t\t\t<\/div>\n\t\t<\/section>\n\t\t\t\t<\/div>\n\t\t","protected":false},"excerpt":{"rendered":"<p>Core Tools&nbsp;&bull;&nbsp;MSA &#038; SPC&nbsp;&bull;&nbsp;AIAG&nbsp;&bull;&nbsp;Formaci\u00f3n Live Virtual Por medio de actividades de grupo y participaci\u00f3n individual, los participantes van a entender los conceptos b\u00e1sicos &nbsp;de estabilidad y capacidad del proceso y obtendr\u00e1n una visi\u00f3n general del uso y utilidad del Manual de SPC. Formaciones Live Virtual Entrenamientos Abiertos Sesiones cerradas (solo a mi organizaci\u00f3n) Precio Miembro&#8230;<\/p>\n","protected":false},"author":10,"featured_media":0,"parent":87,"menu_order":0,"comment_status":"closed","ping_status":"closed","template":"","meta":{"footnotes":"","_wp_rev_ctl_limit":""},"class_list":["post-4499","page","type-page","status-publish","hentry"],"_links":{"self":[{"href":"https:\/\/plexusintl.com\/mx\/wp-json\/wp\/v2\/pages\/4499","targetHints":{"allow":["GET"]}}],"collection":[{"href":"https:\/\/plexusintl.com\/mx\/wp-json\/wp\/v2\/pages"}],"about":[{"href":"https:\/\/plexusintl.com\/mx\/wp-json\/wp\/v2\/types\/page"}],"author":[{"embeddable":true,"href":"https:\/\/plexusintl.com\/mx\/wp-json\/wp\/v2\/users\/10"}],"replies":[{"embeddable":true,"href":"https:\/\/plexusintl.com\/mx\/wp-json\/wp\/v2\/comments?post=4499"}],"version-history":[{"count":10,"href":"https:\/\/plexusintl.com\/mx\/wp-json\/wp\/v2\/pages\/4499\/revisions"}],"predecessor-version":[{"id":7218,"href":"https:\/\/plexusintl.com\/mx\/wp-json\/wp\/v2\/pages\/4499\/revisions\/7218"}],"up":[{"embeddable":true,"href":"https:\/\/plexusintl.com\/mx\/wp-json\/wp\/v2\/pages\/87"}],"wp:attachment":[{"href":"https:\/\/plexusintl.com\/mx\/wp-json\/wp\/v2\/media?parent=4499"}],"curies":[{"name":"wp","href":"https:\/\/api.w.org\/{rel}","templated":true}]}}