{"id":4640,"date":"2021-06-12T10:20:53","date_gmt":"2021-06-12T15:20:53","guid":{"rendered":"https:\/\/plexusintl.com\/mx\/?page_id=4640"},"modified":"2023-03-08T16:31:19","modified_gmt":"2023-03-08T21:31:19","slug":"aiag-vda-fmea-1a-edicion","status":"publish","type":"page","link":"https:\/\/plexusintl.com\/mx\/catalogo\/aiag-vda-fmea-1a-edicion\/","title":{"rendered":"AIAG &#038; VDA FMEA 1\u00aa Edici\u00f3n &#8211; Publicaci\u00f3n"},"content":{"rendered":"\t\t<div data-elementor-type=\"wp-page\" data-elementor-id=\"4640\" class=\"elementor elementor-4640\" data-elementor-post-type=\"page\">\n\t\t\t\t\t\t<section class=\"elementor-section elementor-top-section elementor-element elementor-element-7b44d93e elementor-section-boxed elementor-section-height-default elementor-section-height-default\" data-id=\"7b44d93e\" data-element_type=\"section\" data-e-type=\"section\">\n\t\t\t\t\t\t<div class=\"elementor-container elementor-column-gap-default\">\n\t\t\t\t\t<div class=\"elementor-column elementor-col-50 elementor-top-column elementor-element elementor-element-32271b45\" data-id=\"32271b45\" data-element_type=\"column\" data-e-type=\"column\">\n\t\t\t<div class=\"elementor-widget-wrap elementor-element-populated\">\n\t\t\t\t\t\t<section class=\"elementor-section elementor-inner-section elementor-element elementor-element-3478b7d elementor-section-boxed elementor-section-height-default elementor-section-height-default\" data-id=\"3478b7d\" data-element_type=\"section\" data-e-type=\"section\">\n\t\t\t\t\t\t<div class=\"elementor-container elementor-column-gap-default\">\n\t\t\t\t\t<div class=\"elementor-column elementor-col-100 elementor-inner-column elementor-element elementor-element-d3b5cf1\" data-id=\"d3b5cf1\" data-element_type=\"column\" data-e-type=\"column\">\n\t\t\t<div class=\"elementor-widget-wrap elementor-element-populated\">\n\t\t\t\t\t\t<div class=\"elementor-element elementor-element-2ba64fa elementor-widget elementor-widget-spacer\" data-id=\"2ba64fa\" data-element_type=\"widget\" data-e-type=\"widget\" data-widget_type=\"spacer.default\">\n\t\t\t\t<div class=\"elementor-widget-container\">\n\t\t\t\t\t\t\t<div class=\"elementor-spacer\">\n\t\t\t<div class=\"elementor-spacer-inner\"><\/div>\n\t\t<\/div>\n\t\t\t\t\t\t<\/div>\n\t\t\t\t<\/div>\n\t\t\t\t<div class=\"elementor-element elementor-element-29aab85 elementor-widget elementor-widget-product-meta\" data-id=\"29aab85\" data-element_type=\"widget\" data-e-type=\"widget\" data-widget_type=\"product-meta.default\">\n\t\t\t\t<div class=\"elementor-widget-container\">\n\t\t\t\t\t        <div class=\"meta\">\n                  <div class=\"tags\">AIAG & VDA FMEA&nbsp;&bull;&nbsp;Publicaci\u00f3n<\/div>\n              <\/div>\n     \t\t\t\t<\/div>\n\t\t\t\t<\/div>\n\t\t\t\t<div class=\"elementor-element elementor-element-d736ecd elementor-widget elementor-widget-heading\" data-id=\"d736ecd\" data-element_type=\"widget\" data-e-type=\"widget\" data-widget_type=\"heading.default\">\n\t\t\t\t<div class=\"elementor-widget-container\">\n\t\t\t\t\t<h2 class=\"elementor-heading-title elementor-size-default\">Manual AIAG &amp; VDA FMEA 1a. Edici\u00f3n\u200b<\/h2>\t\t\t\t<\/div>\n\t\t\t\t<\/div>\n\t\t\t\t<div class=\"elementor-element elementor-element-53c14ee elementor-widget elementor-widget-spacer\" data-id=\"53c14ee\" data-element_type=\"widget\" data-e-type=\"widget\" data-widget_type=\"spacer.default\">\n\t\t\t\t<div class=\"elementor-widget-container\">\n\t\t\t\t\t\t\t<div class=\"elementor-spacer\">\n\t\t\t<div class=\"elementor-spacer-inner\"><\/div>\n\t\t<\/div>\n\t\t\t\t\t\t<\/div>\n\t\t\t\t<\/div>\n\t\t\t\t\t<\/div>\n\t\t<\/div>\n\t\t\t\t\t<\/div>\n\t\t<\/section>\n\t\t\t\t<section class=\"elementor-section elementor-inner-section elementor-element elementor-element-9621348 elementor-section-boxed elementor-section-height-default elementor-section-height-default\" data-id=\"9621348\" data-element_type=\"section\" data-e-type=\"section\">\n\t\t\t\t\t\t<div class=\"elementor-container elementor-column-gap-default\">\n\t\t\t\t\t<div class=\"elementor-column elementor-col-50 elementor-inner-column elementor-element elementor-element-c4737c0\" data-id=\"c4737c0\" data-element_type=\"column\" data-e-type=\"column\">\n\t\t\t<div class=\"elementor-widget-wrap elementor-element-populated\">\n\t\t\t\t\t\t<div class=\"elementor-element elementor-element-655a8dc elementor-widget elementor-widget-image\" data-id=\"655a8dc\" data-element_type=\"widget\" data-e-type=\"widget\" data-widget_type=\"image.default\">\n\t\t\t\t<div class=\"elementor-widget-container\">\n\t\t\t\t\t\t\t\t\t\t\t\t\t\t\t<img fetchpriority=\"high\" decoding=\"async\" width=\"232\" height=\"300\" src=\"https:\/\/mx-wp-cdn.plexusintl.com\/wp-content\/uploads\/2021\/06\/14132227\/Captura-de-Pantalla-2021-06-12-a-las-10.10.28-232x300.png\" class=\"attachment-medium size-medium wp-image-4637\" alt=\"\" srcset=\"https:\/\/mx-wp-cdn.plexusintl.com\/wp-content\/uploads\/2021\/06\/14132227\/Captura-de-Pantalla-2021-06-12-a-las-10.10.28-232x300.png 232w, https:\/\/mx-wp-cdn.plexusintl.com\/wp-content\/uploads\/2021\/06\/14132227\/Captura-de-Pantalla-2021-06-12-a-las-10.10.28.png 607w\" sizes=\"(max-width: 232px) 100vw, 232px\" \/>\t\t\t\t\t\t\t\t\t\t\t\t\t\t\t<\/div>\n\t\t\t\t<\/div>\n\t\t\t\t\t<\/div>\n\t\t<\/div>\n\t\t\t\t<div class=\"elementor-column elementor-col-50 elementor-inner-column elementor-element elementor-element-3ae2ced\" data-id=\"3ae2ced\" data-element_type=\"column\" data-e-type=\"column\">\n\t\t\t<div class=\"elementor-widget-wrap elementor-element-populated\">\n\t\t\t\t\t\t<div class=\"elementor-element elementor-element-ea3777c elementor-widget elementor-widget-text-editor\" data-id=\"ea3777c\" data-element_type=\"widget\" data-e-type=\"widget\" data-widget_type=\"text-editor.default\">\n\t\t\t\t<div class=\"elementor-widget-container\">\n\t\t\t\t\t\t\t\t\t<p>El manual AIAG &amp; VDA FMEA es el nuevo manual de referencia de la industria automotriz para el an\u00e1lisis de modos y efectos de falla, se debe utilizar como una gu\u00eda para ayudar a los proveedores en el desarrollo de FMEA de dise\u00f1o, FMEA de proceso y FMEA complementario para monitoreo y respuesta del sistema. Desarrollado con un equipo global de OEM y expertos en la materia (SME) de nivel 1, incorpora las mejores pr\u00e1cticas de las metodolog\u00edas AIAG &amp; VDA en un enfoque estructurado y armonizado..<\/p>\t\t\t\t\t\t\t\t<\/div>\n\t\t\t\t<\/div>\n\t\t\t\t\t<\/div>\n\t\t<\/div>\n\t\t\t\t\t<\/div>\n\t\t<\/section>\n\t\t\t\t<div class=\"elementor-element elementor-element-273f32d elementor-widget elementor-widget-spacer\" data-id=\"273f32d\" data-element_type=\"widget\" data-e-type=\"widget\" data-widget_type=\"spacer.default\">\n\t\t\t\t<div class=\"elementor-widget-container\">\n\t\t\t\t\t\t\t<div class=\"elementor-spacer\">\n\t\t\t<div class=\"elementor-spacer-inner\"><\/div>\n\t\t<\/div>\n\t\t\t\t\t\t<\/div>\n\t\t\t\t<\/div>\n\t\t\t\t\t<\/div>\n\t\t<\/div>\n\t\t\t\t<div class=\"elementor-column elementor-col-50 elementor-top-column elementor-element elementor-element-867ee88\" data-id=\"867ee88\" data-element_type=\"column\" data-e-type=\"column\">\n\t\t\t<div class=\"elementor-widget-wrap elementor-element-populated\">\n\t\t\t\t\t\t<div class=\"elementor-element elementor-element-d5543da elementor-widget elementor-widget-spacer\" data-id=\"d5543da\" data-element_type=\"widget\" data-e-type=\"widget\" data-widget_type=\"spacer.default\">\n\t\t\t\t<div class=\"elementor-widget-container\">\n\t\t\t\t\t\t\t<div class=\"elementor-spacer\">\n\t\t\t<div class=\"elementor-spacer-inner\"><\/div>\n\t\t<\/div>\n\t\t\t\t\t\t<\/div>\n\t\t\t\t<\/div>\n\t\t\t\t<div class=\"elementor-element elementor-element-15388f5 elementor-widget elementor-widget-spacer\" data-id=\"15388f5\" data-element_type=\"widget\" data-e-type=\"widget\" data-widget_type=\"spacer.default\">\n\t\t\t\t<div class=\"elementor-widget-container\">\n\t\t\t\t\t\t\t<div class=\"elementor-spacer\">\n\t\t\t<div class=\"elementor-spacer-inner\"><\/div>\n\t\t<\/div>\n\t\t\t\t\t\t<\/div>\n\t\t\t\t<\/div>\n\t\t\t\t<div class=\"elementor-element elementor-element-6e09ebf elementor-widget elementor-widget-multi-offer-widget\" data-id=\"6e09ebf\" data-element_type=\"widget\" data-e-type=\"widget\" data-widget_type=\"multi-offer-widget.default\">\n\t\t\t\t<div class=\"elementor-widget-container\">\n\t\t\t\t\t\n<div class=\"product-purchase-options\">\n  <div class=\"intro-header\">    \n      <h3>Adquiera la publicaci\u00f3n<\/h3>\n      <p>Obtenga acceso de un solo usuario a las publicaciones de AIAG, reciba una copia impresa o ambos. <\/p>\n\t<\/div>\n  \t<form method=\"post\" id=\"add-offer\" class=\"add-offer\">\n        <div class=\"options\">            \n            <div class=\"form-group\">\n                <div class=\"radio\"><label><input type=\"radio\" name=\"offer\" value=\"0d636d7e-91d2-11ed-bada-02420a00041f\" data-offer-id=\"0d636d7e-91d2-11ed-bada-02420a00041f\" onchange=\"$('.price').css('display', 'none');$('#Edoc_en_ingles-price').css('display', 'block');\">Edoc - en ingles<\/label><\/div><div class=\"radio\"><label><input type=\"radio\" name=\"offer\" value=\"0d636d7e-91d2-11ed-bada-02420a00041f\" data-offer-id=\"0d636d7e-91d2-11ed-bada-02420a00041f\" onchange=\"$('.price').css('display', 'none');$('#Edoc_Espa_ol-price').css('display', 'block');\">Edoc - Espa\u00f1ol<\/label><\/div>            <\/div> \n            <div class=\"offer-actions\" id=\"single_user_access\">\n                <div class=\"actions d-block\">\n                    <div class=\"price-wrapper\">\n                        <div class=\"price-label\">Precio de Lista<\/div>\n                         \n                        <div class=\"price\" id=\"Edoc_en_ingles-price\" style=\"display:block\" > $232.00 USD <\/div> \n                          <div class=\"price\" id=\"Edoc_Espa_ol-price\" style=\"display:none\" > $232.00 USD <\/div> \n                           <\/div>   \n                                                <input type=\"hidden\" id=\"multi-offer-product-id\" name=\"multi-offer-product-id\" value='0d636d7e-91d2-11ed-bada-02420a00041f'>                     \n                        <div id=\"purchase-error\"><\/div>\n                    <\/div>\n                    <button type=\"submit\" class=\"blue-button register-button\" name=\"addtocart\">Agregar al carro<\/button>                    \n                <\/div>     \n            <\/div>\n        <\/div>\t\t\n  <\/form>\n  <\/div>\n<script type=\"text\/javascript\">\n\t$(document).ready(function() {\n\t\t$('input[name=offer]').change(function(){\n\t\t\t$('.offer-actions .actions').hide();\n\t\t\t$('.offer-actions .actions.'+$('input[name=offer]:checked').val()).slideDown();\n      var selected = $('input[name=offer]:checked');\n      var offerId = selected.data('offer-id') || selected.val();\n      $('#multi-offer-product-id').val(offerId);\n\t\t});\t\t\n    $('.form-group').each(function(){\n        $('input[type=radio]:first', this).attr('checked', true);\n    });\n    \n  });\n  $('.add-offer').submit(function(e){\n    e.preventDefault();    \n    var productId = $('#multi-offer-product-id').val();    \n    addProductToCart(productId);\n  });\n<\/script>\n    \t\t\t\t<\/div>\n\t\t\t\t<\/div>\n\t\t\t\t\t<\/div>\n\t\t<\/div>\n\t\t\t\t\t<\/div>\n\t\t<\/section>\n\t\t\t\t<section class=\"elementor-section elementor-top-section elementor-element elementor-element-5ae0e8ec elementor-section-boxed elementor-section-height-default elementor-section-height-default\" data-id=\"5ae0e8ec\" data-element_type=\"section\" data-e-type=\"section\">\n\t\t\t\t\t\t<div class=\"elementor-container elementor-column-gap-default\">\n\t\t\t\t\t<div class=\"elementor-column elementor-col-100 elementor-top-column elementor-element elementor-element-64759635\" data-id=\"64759635\" data-element_type=\"column\" data-e-type=\"column\">\n\t\t\t<div class=\"elementor-widget-wrap elementor-element-populated\">\n\t\t\t\t\t\t<div class=\"elementor-element elementor-element-647a549a elementor-widget elementor-widget-quick-tabs-block\" data-id=\"647a549a\" data-element_type=\"widget\" data-e-type=\"widget\" data-widget_type=\"quick-tabs-block.default\">\n\t\t\t\t<div class=\"elementor-widget-container\">\n\t\t\t\t\t        <H4 data-tab-title=\"Informaci\u00f3n Adicional\" class=\"simpleTabsOpen\">Informaci\u00f3n Adicional<\/H4>\r\n                          <div class=\"row product-tabs-content\">\r\n                  <div class=\"col-3\">\r\n                    <p style=\"color:black\"><strong>Fecha de Publicaci\u00f3n<\/strong><\/p>\r\n                  <\/div>\r\n                  <div class=\"col-9\">\r\n                    <p>Agosto 2022<\/p>                  <\/div>\r\n                <\/div>\r\n                                <hr\/>\r\n                  <br \/>\r\n                                <div class=\"row product-tabs-content\">\r\n                  <div class=\"col-3\">\r\n                    <p style=\"color:black\"><strong>Versi\u00f3n Vigente<\/strong><\/p>\r\n                  <\/div>\r\n                  <div class=\"col-9\">\r\n                    <p>1a. Edici\u00f3n, segunda impresi\u00f3n.<\/p>                  <\/div>\r\n                <\/div>\r\n                                <hr\/>\r\n                  <br \/>\r\n                                <div class=\"row product-tabs-content\">\r\n                  <div class=\"col-3\">\r\n                    <p style=\"color:black\"><strong>Idioma<\/strong><\/p>\r\n                  <\/div>\r\n                  <div class=\"col-9\">\r\n                    <p>Ingl\u00e9s y Espa\u00f1ol<\/p>                  <\/div>\r\n                <\/div>\r\n              \r\n        <div data-tab-title=\"\" class=\"simpleTabsClose\"><\/div>\r\n              <H4 data-tab-title=\"Consideraciones para los eDocument\" class=\"simpleTabsOpen\">Consideraciones para los eDocument<\/H4>\r\n                      <p>Los documentos electr\u00f3nicos de AIAG no se pueden imprimir ni guardar en su computadora local, solo se pueden ver a trav\u00e9s del sitio web de AIAG, utilizando nuestro visor de documentos electr\u00f3nicos. Los documentos electr\u00f3nicos tienen licencia para una cuenta de usuario final; aseg\u00farese de que el pedido se realice bajo la cuenta del usuario final real. Los documentos electr\u00f3nicos de AIAG no son transferibles de una cuenta a otra.<\/p>          \r\n        <div data-tab-title=\"\" class=\"simpleTabsClose\"><\/div>\r\n              <H4 data-tab-title=\"Envio y Devoluciones\" class=\"simpleTabsOpen\">Envio y Devoluciones<\/H4>\r\n                      <p>Los envios solo se realizar\u00e1n una vez que se haya cubierto su pago, en publicaciones impresas y electr\u00f3nicas no se admiten devoluciones\u00a0<\/p>          \r\n        <div data-tab-title=\"\" class=\"simpleTabsClose\"><\/div>\r\n              <H4 data-tab-title=\"Precios para miembros AIAG\" class=\"simpleTabsOpen\">Precios para miembros AIAG<\/H4>\r\n                      <p>Los miembros activos de AIAG tienen acceso a precios preferenciales en publicaciones impresas y en formato edoc. <strong><a href=\"\/mx\/contactanos\/\">Cont\u00e1ctenos<\/a> <\/strong>para m\u00e1s informaci\u00f3n<\/p>          \r\n        <div data-tab-title=\"\" class=\"simpleTabsClose\"><\/div>\r\n      \t\t\t\t<\/div>\n\t\t\t\t<\/div>\n\t\t\t\t\t<\/div>\n\t\t<\/div>\n\t\t\t\t\t<\/div>\n\t\t<\/section>\n\t\t\t\t<section class=\"elementor-section elementor-top-section elementor-element elementor-element-9f7d135 elementor-section-boxed elementor-section-height-default elementor-section-height-default\" data-id=\"9f7d135\" data-element_type=\"section\" data-e-type=\"section\">\n\t\t\t\t\t\t<div class=\"elementor-container elementor-column-gap-default\">\n\t\t\t\t\t<div class=\"elementor-column elementor-col-100 elementor-top-column elementor-element elementor-element-453c272\" data-id=\"453c272\" data-element_type=\"column\" data-e-type=\"column\">\n\t\t\t<div class=\"elementor-widget-wrap\">\n\t\t\t\t\t\t\t<\/div>\n\t\t<\/div>\n\t\t\t\t\t<\/div>\n\t\t<\/section>\n\t\t\t\t<section class=\"elementor-section elementor-top-section elementor-element elementor-element-4e2af90 elementor-section-boxed elementor-section-height-default elementor-section-height-default\" data-id=\"4e2af90\" data-element_type=\"section\" data-e-type=\"section\">\n\t\t\t\t\t\t<div class=\"elementor-container elementor-column-gap-default\">\n\t\t\t\t\t<div class=\"elementor-column elementor-col-100 elementor-top-column elementor-element elementor-element-55d4575\" data-id=\"55d4575\" data-element_type=\"column\" data-e-type=\"column\">\n\t\t\t<div class=\"elementor-widget-wrap elementor-element-populated\">\n\t\t\t\t\t\t<div class=\"elementor-element elementor-element-b2d9c5f elementor-widget elementor-widget-related-content-block\" data-id=\"b2d9c5f\" data-element_type=\"widget\" data-e-type=\"widget\" data-widget_type=\"related-content-block.default\">\n\t\t\t\t<div class=\"elementor-widget-container\">\n\t\t\t\t\t    \r\n      <div class=\"row\">\r\n          <div class=\"col\">\r\n              <div class=\"related-content\">\r\n                  <h2 >Tambi\u00e9n podr\u00eda interesarle:<\/h2>\r\n\r\n                  <div class=\"row\">\r\n                      <div class=\"col-12 col-md-4 mb-3\">\r\n                          <div class=\"page page-1\">\r\n                              <div class=\"content-type\"><\/div>\r\n                              <div class=\"content-title\"><a href=\"https:\/\/plexusintl.com\/mx\/catalogo\/comprension-basica-de-aiag-vda-fmea\/\" class=\"cta\" >Comprensi\u00f3n B\u00e1sica de AIAG & VDA FMEA<\/a><\/div>\r\n                              <div class=\"content-description\"><p >El nuevo manual AIAG &amp; VDA FMEA es una actualizaci\u00f3n cr\u00edtica para la industria que aborda este, y otros desaf\u00edos que enfrenta la industria automotriz. El concepto de robustez existe en todas las secciones del nuevo enfoque de desarrollo de PFMEA, que se presenta en el nuevo Manual de AIAG &amp; VDA.<\/p><\/div>\r\n                          <\/div>\r\n                      <\/div>\r\n                      <div class=\"col-12 col-md-4 mb-3\">\r\n                          <div class=\"page page-2\">\r\n                              <div class=\"content-type\"><\/div>\r\n                              <div class=\"content-title\"><a href=\"https:\/\/plexusintl.com\/mx\/catalogo\/comprension-de-aiag-vda-fmea-de-proceso-fmea\/\" class=\"cta\" >Comprensi\u00f3n de AIAG & VDA FMEA de Proceso FMEA \u2013 Live Virtual<\/a><\/div>\r\n                              <div class=\"content-description\"><p >Este Taller Virtual en Vivo ayudar\u00e1 en la ejecuci\u00f3n de AMEF de Procesos utilizando el nuevo manual AIAG &amp; VDA FMEA.<\/p><\/div>\r\n                          <\/div>\r\n                      <\/div>\r\n                      <div class=\"col-xs-12 col-md-4 mb-3\">\r\n                          <div class=\"page page-3\">\r\n                              <div class=\"content-type\"><\/div>\r\n                              <div class=\"content-title\"><a href=\"https:\/\/plexusintl.com\/mx\/catalogo\/comprension-de-aiag-vda-fmea-de-proceso-con-fmea-en-reversa\/\" class=\"cta\" >Comprensi\u00f3n de AIAG & VDA FMEA de proceso con FMEA en reversa<\/a><\/div>\r\n                              <div class=\"content-description\"><p >Este curso lo asistir\u00e1 en la ejecuci\u00f3n de los FMEA de proceso utilizando el nuevo Manual AIAG y VDA FMEA y en  poder contar con un sistema s\u00f3lido de FMEA en Reversa que permite descubrir oportunidades e implementar mejoras en el FMEA que no se hayan descubierto previamente.<\/p><\/div>\r\n                          <\/div>\r\n                      <\/div>\r\n                  <\/div>\r\n              <\/div>\r\n          <\/div>\r\n      <\/div>\r\n    \t\t\t\t<\/div>\n\t\t\t\t<\/div>\n\t\t\t\t\t<\/div>\n\t\t<\/div>\n\t\t\t\t\t<\/div>\n\t\t<\/section>\n\t\t\t\t<\/div>\n\t\t","protected":false},"excerpt":{"rendered":"<p>AIAG &#038; VDA FMEA&nbsp;&bull;&nbsp;Publicaci\u00f3n Manual AIAG &#038; VDA FMEA 1a. Edici\u00f3n\u200b El manual AIAG &amp; VDA FMEA es el nuevo manual de referencia de la industria automotriz para el an\u00e1lisis de modos y efectos de falla, se debe utilizar como una gu\u00eda para ayudar a los proveedores en el desarrollo de FMEA de dise\u00f1o, FMEA&#8230;<\/p>\n","protected":false},"author":10,"featured_media":0,"parent":87,"menu_order":0,"comment_status":"closed","ping_status":"closed","template":"","meta":{"footnotes":"","_wp_rev_ctl_limit":""},"class_list":["post-4640","page","type-page","status-publish","hentry"],"_links":{"self":[{"href":"https:\/\/plexusintl.com\/mx\/wp-json\/wp\/v2\/pages\/4640","targetHints":{"allow":["GET"]}}],"collection":[{"href":"https:\/\/plexusintl.com\/mx\/wp-json\/wp\/v2\/pages"}],"about":[{"href":"https:\/\/plexusintl.com\/mx\/wp-json\/wp\/v2\/types\/page"}],"author":[{"embeddable":true,"href":"https:\/\/plexusintl.com\/mx\/wp-json\/wp\/v2\/users\/10"}],"replies":[{"embeddable":true,"href":"https:\/\/plexusintl.com\/mx\/wp-json\/wp\/v2\/comments?post=4640"}],"version-history":[{"count":34,"href":"https:\/\/plexusintl.com\/mx\/wp-json\/wp\/v2\/pages\/4640\/revisions"}],"predecessor-version":[{"id":6861,"href":"https:\/\/plexusintl.com\/mx\/wp-json\/wp\/v2\/pages\/4640\/revisions\/6861"}],"up":[{"embeddable":true,"href":"https:\/\/plexusintl.com\/mx\/wp-json\/wp\/v2\/pages\/87"}],"wp:attachment":[{"href":"https:\/\/plexusintl.com\/mx\/wp-json\/wp\/v2\/media?parent=4640"}],"curies":[{"name":"wp","href":"https:\/\/api.w.org\/{rel}","templated":true}]}}