{"id":4695,"date":"2021-06-12T12:51:37","date_gmt":"2021-06-12T17:51:37","guid":{"rendered":"https:\/\/plexusintl.com\/mx\/?page_id=4695"},"modified":"2023-03-29T13:08:03","modified_gmt":"2023-03-29T18:08:03","slug":"cqi-11-procesos-espaciales-sistema-de-evaluacion-de-platinado","status":"publish","type":"page","link":"https:\/\/plexusintl.com\/mx\/catalogo\/cqi-11-procesos-espaciales-sistema-de-evaluacion-de-platinado\/","title":{"rendered":"CQI-11 Procesos Espaciales: Sistema de Evaluaci\u00f3n de Platinado &#8211; Publicaci\u00f3n"},"content":{"rendered":"\t\t<div data-elementor-type=\"wp-page\" data-elementor-id=\"4695\" class=\"elementor elementor-4695\" data-elementor-post-type=\"page\">\n\t\t\t\t\t\t<section class=\"elementor-section elementor-top-section elementor-element elementor-element-5562f188 elementor-section-boxed elementor-section-height-default elementor-section-height-default\" data-id=\"5562f188\" data-element_type=\"section\" data-e-type=\"section\">\n\t\t\t\t\t\t<div class=\"elementor-container elementor-column-gap-default\">\n\t\t\t\t\t<div class=\"elementor-column elementor-col-50 elementor-top-column elementor-element elementor-element-1ea3f52c\" data-id=\"1ea3f52c\" data-element_type=\"column\" data-e-type=\"column\">\n\t\t\t<div class=\"elementor-widget-wrap elementor-element-populated\">\n\t\t\t\t\t\t<section class=\"elementor-section elementor-inner-section elementor-element elementor-element-386c0b6 elementor-section-boxed elementor-section-height-default elementor-section-height-default\" data-id=\"386c0b6\" data-element_type=\"section\" data-e-type=\"section\">\n\t\t\t\t\t\t<div class=\"elementor-container elementor-column-gap-default\">\n\t\t\t\t\t<div class=\"elementor-column elementor-col-100 elementor-inner-column elementor-element elementor-element-9c5d752\" data-id=\"9c5d752\" data-element_type=\"column\" data-e-type=\"column\">\n\t\t\t<div class=\"elementor-widget-wrap elementor-element-populated\">\n\t\t\t\t\t\t<div class=\"elementor-element elementor-element-3d4a225 elementor-widget elementor-widget-spacer\" data-id=\"3d4a225\" data-element_type=\"widget\" data-e-type=\"widget\" data-widget_type=\"spacer.default\">\n\t\t\t\t<div class=\"elementor-widget-container\">\n\t\t\t\t\t\t\t<div class=\"elementor-spacer\">\n\t\t\t<div class=\"elementor-spacer-inner\"><\/div>\n\t\t<\/div>\n\t\t\t\t\t\t<\/div>\n\t\t\t\t<\/div>\n\t\t\t\t<div class=\"elementor-element elementor-element-517b17e elementor-widget elementor-widget-product-meta\" data-id=\"517b17e\" data-element_type=\"widget\" data-e-type=\"widget\" data-widget_type=\"product-meta.default\">\n\t\t\t\t<div class=\"elementor-widget-container\">\n\t\t\t\t\t        <div class=\"meta\">\n                  <div class=\"tags\">Procesos especiales y otros CQIs&nbsp;&bull;&nbsp;Publicaci\u00f3n<\/div>\n              <\/div>\n     \t\t\t\t<\/div>\n\t\t\t\t<\/div>\n\t\t\t\t<div class=\"elementor-element elementor-element-415db47 elementor-widget elementor-widget-heading\" data-id=\"415db47\" data-element_type=\"widget\" data-e-type=\"widget\" data-widget_type=\"heading.default\">\n\t\t\t\t<div class=\"elementor-widget-container\">\n\t\t\t\t\t<h2 class=\"elementor-heading-title elementor-size-default\">CQI-11 Special Process: Plating System Assessment 3rd Edition<\/h2>\t\t\t\t<\/div>\n\t\t\t\t<\/div>\n\t\t\t\t<div class=\"elementor-element elementor-element-08413ac elementor-widget elementor-widget-spacer\" data-id=\"08413ac\" data-element_type=\"widget\" data-e-type=\"widget\" data-widget_type=\"spacer.default\">\n\t\t\t\t<div class=\"elementor-widget-container\">\n\t\t\t\t\t\t\t<div class=\"elementor-spacer\">\n\t\t\t<div class=\"elementor-spacer-inner\"><\/div>\n\t\t<\/div>\n\t\t\t\t\t\t<\/div>\n\t\t\t\t<\/div>\n\t\t\t\t\t<\/div>\n\t\t<\/div>\n\t\t\t\t\t<\/div>\n\t\t<\/section>\n\t\t\t\t<section class=\"elementor-section elementor-inner-section elementor-element elementor-element-ec8ce1a elementor-section-boxed elementor-section-height-default elementor-section-height-default\" data-id=\"ec8ce1a\" data-element_type=\"section\" data-e-type=\"section\">\n\t\t\t\t\t\t<div class=\"elementor-container elementor-column-gap-default\">\n\t\t\t\t\t<div class=\"elementor-column elementor-col-50 elementor-inner-column elementor-element elementor-element-c6b5783\" data-id=\"c6b5783\" data-element_type=\"column\" data-e-type=\"column\">\n\t\t\t<div class=\"elementor-widget-wrap elementor-element-populated\">\n\t\t\t\t\t\t<div class=\"elementor-element elementor-element-6f5354b elementor-widget elementor-widget-image\" data-id=\"6f5354b\" data-element_type=\"widget\" data-e-type=\"widget\" data-widget_type=\"image.default\">\n\t\t\t\t<div class=\"elementor-widget-container\">\n\t\t\t\t\t\t\t\t\t\t\t\t\t\t\t<img fetchpriority=\"high\" decoding=\"async\" width=\"230\" height=\"300\" src=\"https:\/\/mx-wp-cdn.plexusintl.com\/wp-content\/uploads\/2021\/06\/14132227\/Captura-de-Pantalla-2021-06-12-a-las-12.54.59-230x300.png\" class=\"attachment-medium size-medium wp-image-4698\" alt=\"\" srcset=\"https:\/\/mx-wp-cdn.plexusintl.com\/wp-content\/uploads\/2021\/06\/14132227\/Captura-de-Pantalla-2021-06-12-a-las-12.54.59-230x300.png 230w, https:\/\/mx-wp-cdn.plexusintl.com\/wp-content\/uploads\/2021\/06\/14132227\/Captura-de-Pantalla-2021-06-12-a-las-12.54.59.png 455w\" sizes=\"(max-width: 230px) 100vw, 230px\" \/>\t\t\t\t\t\t\t\t\t\t\t\t\t\t\t<\/div>\n\t\t\t\t<\/div>\n\t\t\t\t\t<\/div>\n\t\t<\/div>\n\t\t\t\t<div class=\"elementor-column elementor-col-50 elementor-inner-column elementor-element elementor-element-7dda08a\" data-id=\"7dda08a\" data-element_type=\"column\" data-e-type=\"column\">\n\t\t\t<div class=\"elementor-widget-wrap elementor-element-populated\">\n\t\t\t\t\t\t<div class=\"elementor-element elementor-element-125185e elementor-widget elementor-widget-text-editor\" data-id=\"125185e\" data-element_type=\"widget\" data-e-type=\"widget\" data-widget_type=\"text-editor.default\">\n\t\t\t\t<div class=\"elementor-widget-container\">\n\t\t\t\t\t\t\t\t\t<p>Conozca los requisitos del proceso que su organizaci\u00f3n debe seguir para desarrollar un sistema de gesti\u00f3n de platinado que proporcione una mejora continua, enfatizando la prevenci\u00f3n de defectos y la reducci\u00f3n de la variaci\u00f3n y el desperdicio en la cadena de suministro. La aplicaci\u00f3n de este proceso le permitir\u00e1 cumplir con los requisitos reglamentarios e identificar \u00e1reas de mejora mientras mejora la satisfacci\u00f3n del cliente.<\/p><p>Esta publicaci\u00f3n incluye los formatos electr\u00f3nicos para las evaluaciones.<\/p>\t\t\t\t\t\t\t\t<\/div>\n\t\t\t\t<\/div>\n\t\t\t\t\t<\/div>\n\t\t<\/div>\n\t\t\t\t\t<\/div>\n\t\t<\/section>\n\t\t\t\t\t<\/div>\n\t\t<\/div>\n\t\t\t\t<div class=\"elementor-column elementor-col-50 elementor-top-column elementor-element elementor-element-5a51b4b3\" data-id=\"5a51b4b3\" data-element_type=\"column\" data-e-type=\"column\">\n\t\t\t<div class=\"elementor-widget-wrap elementor-element-populated\">\n\t\t\t\t\t\t<div class=\"elementor-element elementor-element-52943e19 elementor-widget elementor-widget-spacer\" data-id=\"52943e19\" data-element_type=\"widget\" data-e-type=\"widget\" data-widget_type=\"spacer.default\">\n\t\t\t\t<div class=\"elementor-widget-container\">\n\t\t\t\t\t\t\t<div class=\"elementor-spacer\">\n\t\t\t<div class=\"elementor-spacer-inner\"><\/div>\n\t\t<\/div>\n\t\t\t\t\t\t<\/div>\n\t\t\t\t<\/div>\n\t\t\t\t<div class=\"elementor-element elementor-element-d1c40c6 elementor-widget elementor-widget-purchase-widget\" data-id=\"d1c40c6\" data-element_type=\"widget\" data-e-type=\"widget\" data-widget_type=\"purchase-widget.default\">\n\t\t\t\t<div class=\"elementor-widget-container\">\n\t\t\t\t\t\n<div id=\"purchase_widget_219\" class=\"product-purchase-options\">\n\t<div class=\"intro-header\">\n    \t\t<h3>Adquiera la publicaci\u00f3n CQI-11<\/h3>\n\t\t<p>Obtenga acceso de un solo usuario a las publicaciones de AIAG, reciba una copia impresa o ambos.<\/p>\n\t<\/div>\n\n    <div id=\"div-add-product\" class=\"d-block text-center\">\n    <img decoding=\"async\" src=\"https:\/\/plexusintl.com\/mx\/wp-content\/themes\/plexus-theme\/images\/Purchase-Widget.svg\" width=\"50px\" alt=\"Loading\" \/>     \n  <\/div>\n    <form method=\"post\" id=\"add-product\" class=\"add-product d-none\">\n      <div class=\"options\">\n        <div class=\"form-group d-none\"><script type=\"text\/javascript\"> $('.product-purchase-options .intro-header').css(\"border-bottom\", \"none\"); <\/script>          <div class=\"radio\">\n            <label>\n              <input type=\"radio\" name=\"delivery_type_pub\" value=\"e-learning\" checked onchange=\"$('#corporate_licensing_219').css('display', 'none');$('#member_pricing_219').css('display', 'none');$('#single_user_access_219').css('display', 'block');\"> Seleccione una opci\u00f3n<\/label>\n          <\/div>\n          <div class=\"radio d-none\">\n            <label>\n              <input type=\"radio\" name=\"delivery_type_pub\" value=\"on-site-training\" onchange=\"$('#single_user_access_219').css('display', 'none');$('#member_pricing_219').css('display', 'none');$('#corporate_licensing_219').css('display', 'block');\"> Solicitar una Cotizaci\u00f3n<\/label>\n          <\/div>\n          <div class=\"radio d-none\">\n            <label>\n              <input type=\"radio\" name=\"delivery_type_pub\" value=\"member-pricing\" onchange=\"$('#single_user_access_219').css('display', 'none');$('#corporate_licensing_219').css('display', 'none');$('#member_pricing_219').css('display', 'block');\"> Precio miembro<\/label>\n          <\/div>\n        <\/div>\n        <\/div>      <div class=\"purchase-actions\" id=\"single_user_access_219\">\n        <div class=\"e-learning actions d-block\">\n                    <div class=\"\">\n              <div class=\"price-wrapper \">\n                <div class=\"price-label\">Precio<\/div>\n                                    \n                  <div class=\"price\" id=\"e-learning-price\">\n                    <span id=\"priceFigure\">276.00<\/span>&nbsp;USD            \n                  <\/div>\n                                    <div id=\"purchase-error\"><\/div>\n                  <input type=\"hidden\" name=\"product_id\" value=\"67b67414-2abe-11ec-83d1-02420a000292\">\n              <\/div>\n              <button type=\"submit\" class=\"blue-button register-button\" style=\"display:block;\">Comprar<\/button>\n            <\/div>\t\t\t\t\n        <\/div> \n      <\/div>\n      \n      <div class=\"purchase-actions\" id=\"corporate_licensing_219\" style=\"display:none;\">\n        <div class=\"on-site-training actions\" style=\"display: block;\">\n          <a href=\"http:\/\/plexusintl.com\/mx\/solicite-una-cotizacion\/?course_requested=Edoc+-+CQI+11+-+3ed+-+EN+-+edoc-cqi-11-3ed-enSolicitar Cotizaci\u00f3n\" title=\"Solicitar una Cotizaci\u00f3n\" class=\"blue-button\">Solicitar una Cotizaci\u00f3n<\/a>\n        <\/div>\n      <\/div>\n\n      <div class=\"purchase-actions\" id=\"member_pricing_219\" style=\"display:none;\">\n        <div class=\"on-site-training actions\" style=\"display: block;\">\n          <a href=\"http:\/\/plexusintl.com\/request-quote?course_requested=Edoc+-+CQI+11+-+3ed+-+EN+-+edoc-cqi-11-3ed-enSolicitar+Cotizaci%C3%B3n\" title=\"Solicitar Cotizaci\u00f3n para Miembros AIAG\" class=\"blue-button\">Solicitar Cotizaci\u00f3n para Miembros AIAG<\/a>\n        <\/div>\n      <\/div>\n      <div style=\"display:none;\">\n         \n      <\/div>\n    <\/form>  \n  <\/div>\n<script type=\"text\/javascript\">\n\t$(document).ready(function() { \n\t\t$('#purchase_widget_219 input[name=delivery_type]').change(function(){\t\n      $('#purchase_widget_219 .purchase-actions .actions').hide();\t\t\n\t\t\t$('#purchase_widget_219 .purchase-actions .actions.'+$('input[name=delivery_type]:checked').val()).slideDown();\n    });\n    \n    var hiddenBox = $(\"#purchase_widget_219 #open-enrollment-single-session-location\")[0];\n    if(hiddenBox != null && hiddenBox.value !== \"\"){\n      $('#purchase_widget_219 #location p').html(hiddenBox.value);        \n      $('#purchase_widget_219 .session-detail').slideDown();\n      $('#purchase_widget_219 .session-detail').removeClass('d-none');\n      $('#purchase_widget_219 .session-detail').addClass('d-block');\n    }\n    else {      \n      $('#purchase_widget_219 .session-detail').removeClass('d-block');\n      $('#purchase_widget_219 .session-detail').addClass('d-none');\n    }\n\n\t\t$('#purchase_widget_219 #open-enrollment-session').change(function(){\n\t\t\tif($(this).val() != '') {\n\t\t\t\tvar option = $(this).find('option:selected');\n\n\t\t\t\t$('#purchase_widget_219 #location p').html($(option).data('location'));\n        $('#purchase_widget_219 #open-enrollment-session-value').val($(option).data('id'));\n      \n        $('#purchase_widget_219 .session-detail').slideDown();\n        $('#purchase_widget_219 .session-detail').removeClass('d-none');\n        $('#purchase_widget_219 .session-detail').addClass('d-block');\n\t\t\t} else {        \n        $('#purchase_widget_219 .session-detail').removeClass('d-block');\n        $('#purchase_widget_219 .session-detail').addClass('d-none');\n\t\t\t}\n    });\n    var priceFigure = $('#purchase_widget_219 #priceFigure')[0];\n    if (priceFigure != null)\n      priceFigure.innerHTML = formatCurrency(priceFigure.innerHTML);\n    \n      $('#purchase_widget_219 #div-add-product').removeClass('d-block');\n      $('#purchase_widget_219 #div-add-product').addClass('d-none');\n      $('#purchase_widget_219 #add-product').removeClass('d-none');\n      $('#purchase_widget_219 #add-product').addClass('d-block');\n  });\n  $('#purchase_widget_219 .add-product').submit(function(e){\n    e.preventDefault();    \n    var productId = $(this).find('input[name=\"product_id\"]').val();\n          addProductToCart(productId);\n    \n  });\n  <\/script>\n    \t\t\t\t<\/div>\n\t\t\t\t<\/div>\n\t\t\t\t\t<\/div>\n\t\t<\/div>\n\t\t\t\t\t<\/div>\n\t\t<\/section>\n\t\t\t\t<section class=\"elementor-section elementor-top-section elementor-element elementor-element-a9b2685 elementor-section-boxed elementor-section-height-default elementor-section-height-default\" data-id=\"a9b2685\" data-element_type=\"section\" data-e-type=\"section\">\n\t\t\t\t\t\t<div class=\"elementor-container elementor-column-gap-default\">\n\t\t\t\t\t<div class=\"elementor-column elementor-col-66 elementor-top-column elementor-element elementor-element-1dbba3a\" data-id=\"1dbba3a\" data-element_type=\"column\" data-e-type=\"column\">\n\t\t\t<div class=\"elementor-widget-wrap\">\n\t\t\t\t\t\t\t<\/div>\n\t\t<\/div>\n\t\t\t\t<div class=\"elementor-column elementor-col-33 elementor-top-column elementor-element elementor-element-ffbcd29\" data-id=\"ffbcd29\" data-element_type=\"column\" data-e-type=\"column\">\n\t\t\t<div class=\"elementor-widget-wrap elementor-element-populated\">\n\t\t\t\t\t\t<div class=\"elementor-element elementor-element-4e39217 elementor-widget elementor-widget-global elementor-global-4934 elementor-widget-text-editor\" data-id=\"4e39217\" data-element_type=\"widget\" data-e-type=\"widget\" data-widget_type=\"text-editor.default\">\n\t\t\t\t<div class=\"elementor-widget-container\">\n\t\t\t\t\t\t\t\t\t<h3 style=\"text-align: center;\">Solicite la Publicaci\u00f3n Impresa<\/h3><p style=\"text-align: center;\">Contactanos para solicitar la versi\u00f3n impresa de este documento<\/p><p style=\"text-align: center;\"><a class=\"blue-button\" href=\"https:\/\/plexusintl.com\/mx\/contactanos\/\">Solicitar en formato impreso<\/a><\/p>\t\t\t\t\t\t\t\t<\/div>\n\t\t\t\t<\/div>\n\t\t\t\t\t<\/div>\n\t\t<\/div>\n\t\t\t\t\t<\/div>\n\t\t<\/section>\n\t\t\t\t<section class=\"elementor-section elementor-top-section elementor-element elementor-element-4d39106b elementor-section-boxed elementor-section-height-default elementor-section-height-default\" data-id=\"4d39106b\" data-element_type=\"section\" data-e-type=\"section\">\n\t\t\t\t\t\t<div class=\"elementor-container elementor-column-gap-default\">\n\t\t\t\t\t<div class=\"elementor-column elementor-col-100 elementor-top-column elementor-element elementor-element-1d8c322c\" data-id=\"1d8c322c\" data-element_type=\"column\" data-e-type=\"column\">\n\t\t\t<div class=\"elementor-widget-wrap elementor-element-populated\">\n\t\t\t\t\t\t<div class=\"elementor-element elementor-element-56eb7a21 elementor-widget elementor-widget-quick-tabs-block\" data-id=\"56eb7a21\" data-element_type=\"widget\" data-e-type=\"widget\" data-widget_type=\"quick-tabs-block.default\">\n\t\t\t\t<div class=\"elementor-widget-container\">\n\t\t\t\t\t        <H4 data-tab-title=\"Informaci\u00f3n Adicional\" class=\"simpleTabsOpen\">Informaci\u00f3n Adicional<\/H4>\r\n                          <div class=\"row product-tabs-content\">\r\n                  <div class=\"col-3\">\r\n                    <p style=\"color:black\"><strong>Fecha de Publicaci\u00f3n<\/strong><\/p>\r\n                  <\/div>\r\n                  <div class=\"col-9\">\r\n                    <p>Septiembre 2019<\/p>                  <\/div>\r\n                <\/div>\r\n                                <hr\/>\r\n                  <br \/>\r\n                                <div class=\"row product-tabs-content\">\r\n                  <div class=\"col-3\">\r\n                    <p style=\"color:black\"><strong>Versi\u00f3n Vigente<\/strong><\/p>\r\n                  <\/div>\r\n                  <div class=\"col-9\">\r\n                    <p>3<\/p>                  <\/div>\r\n                <\/div>\r\n                                <hr\/>\r\n                  <br \/>\r\n                                <div class=\"row product-tabs-content\">\r\n                  <div class=\"col-3\">\r\n                    <p style=\"color:black\"><strong>Idioma<\/strong><\/p>\r\n                  <\/div>\r\n                  <div class=\"col-9\">\r\n                    <p>Ingl\u00e9s<\/p>                  <\/div>\r\n                <\/div>\r\n              \r\n        <div data-tab-title=\"\" class=\"simpleTabsClose\"><\/div>\r\n              <H4 data-tab-title=\"Consideraciones para los eDocument\" class=\"simpleTabsOpen\">Consideraciones para los eDocument<\/H4>\r\n                      <p>Los documentos electr\u00f3nicos de AIAG no se pueden imprimir ni guardar en su computadora local, solo se pueden ver a trav\u00e9s del sitio web de AIAG, utilizando nuestro visor de documentos electr\u00f3nicos. Los documentos electr\u00f3nicos tienen licencia para una cuenta de usuario final; aseg\u00farese de que el pedido se realice bajo la cuenta del usuario final real. Los documentos electr\u00f3nicos de AIAG no son transferibles de una cuenta a otra.<\/p>          \r\n        <div data-tab-title=\"\" class=\"simpleTabsClose\"><\/div>\r\n              <H4 data-tab-title=\"Envio y Devoluciones\" class=\"simpleTabsOpen\">Envio y Devoluciones<\/H4>\r\n                      <p>Los envios solo se realizar\u00e1n una vez que se haya cubierto su pago, en publicaciones impresas y electr\u00f3nicas no se admiten devoluciones\u00a0<\/p>          \r\n        <div data-tab-title=\"\" class=\"simpleTabsClose\"><\/div>\r\n              <H4 data-tab-title=\"Precios para miembros AIAG\" class=\"simpleTabsOpen\">Precios para miembros AIAG<\/H4>\r\n                      <p>Los miembros activos de AIAG tienen acceso a precios preferenciales en publicaciones impresas y en formato edoc. <strong><a href=\"\/mx\/contactanos\/\">Cont\u00e1ctenos<\/a> <\/strong>para m\u00e1s informaci\u00f3n<\/p>          \r\n        <div data-tab-title=\"\" class=\"simpleTabsClose\"><\/div>\r\n      \t\t\t\t<\/div>\n\t\t\t\t<\/div>\n\t\t\t\t\t<\/div>\n\t\t<\/div>\n\t\t\t\t\t<\/div>\n\t\t<\/section>\n\t\t\t\t<section class=\"elementor-section elementor-top-section elementor-element elementor-element-43b039f elementor-section-boxed elementor-section-height-default elementor-section-height-default\" data-id=\"43b039f\" data-element_type=\"section\" data-e-type=\"section\">\n\t\t\t\t\t\t<div class=\"elementor-container elementor-column-gap-default\">\n\t\t\t\t\t<div class=\"elementor-column elementor-col-100 elementor-top-column elementor-element elementor-element-58fdaec\" data-id=\"58fdaec\" data-element_type=\"column\" data-e-type=\"column\">\n\t\t\t<div class=\"elementor-widget-wrap elementor-element-populated\">\n\t\t\t\t\t\t<div class=\"elementor-element elementor-element-248062b elementor-widget elementor-widget-related-content-block\" data-id=\"248062b\" data-element_type=\"widget\" data-e-type=\"widget\" data-widget_type=\"related-content-block.default\">\n\t\t\t\t<div class=\"elementor-widget-container\">\n\t\t\t\t\t    \r\n      <div class=\"row\">\r\n          <div class=\"col\">\r\n              <div class=\"related-content\">\r\n                  <h2 >Tambi\u00e9n podr\u00eda interesarle: <\/h2>\r\n\r\n                  <div class=\"row\">\r\n                      <div class=\"col-12 col-md-4 mb-3\">\r\n                          <div class=\"page page-1\">\r\n                              <div class=\"content-type\"><\/div>\r\n                              <div class=\"content-title\"><a href=\"https:\/\/plexusintl.com\/mx\/catalogo\/cqi-11-procesos-especiales-evaluacion-del-sistema-de-platinado\/\" class=\"cta\" >CQI-11 \u2013 Procesos Especiales: Evaluaci\u00f3n del Sistema de Platinado<\/a><\/div>\r\n                              <div class=\"content-description\"><p >CQI-11 Evaluaci\u00f3n del Sistema de Platinado, este curso cubre las herramientas que son la base de la evaluaci\u00f3n de este proceso especial. Aprenda a utilizar la herramienta como base para garantizar el control de los procesos especiales, as\u00ed como para entregar piezas y materiales de calidad. <\/p><\/div>\r\n                          <\/div>\r\n                      <\/div>\r\n                      <div class=\"col-12 col-md-4 mb-3\">\r\n                          <div class=\"page page-2\">\r\n                              <div class=\"content-type\"><\/div>\r\n                              <div class=\"content-title\"><a href=\"https:\/\/plexusintl.com\/mx\/catalogo\/cqi-9-procesos-especiales-evaluacion-a-los-sistemas-de-tratamiento-termico-4a-edicion\/\" class=\"cta\" >CQI-9 Procesos Especiales: Evaluaci\u00f3n a los Sistemas de Tratamiento T\u00e9rmico<\/a><\/div>\r\n                              <div class=\"content-description\"><p >El CQI-9 4a Edition es una auditor\u00eda integral que cubre los procesos de tratamiento t\u00e9rmico m\u00e1s comunes empleados por la industria automotriz. Destinado a proporcionar un enfoque com\u00fan a un sistema de gesti\u00f3n de tratamiento t\u00e9rmico para la producci\u00f3n de autom\u00f3viles y las organizaciones de piezas de servicio.<\/p><\/div>\r\n                          <\/div>\r\n                      <\/div>\r\n                      <div class=\"col-xs-12 col-md-4 mb-3\">\r\n                          <div class=\"page page-3\">\r\n                              <div class=\"content-type\"><\/div>\r\n                              <div class=\"content-title\"><a href=\"https:\/\/plexusintl.com\/mx\/catalogo\/fundamentos-de-auditorias-internas-de-la-norma-iatf-169492016\/\" class=\"cta\" >Fundamentos de Auditor\u00edas Internas IATF 16949:2016 \u2013Formaci\u00f3n a distancia.<\/a><\/div>\r\n                              <div class=\"content-description\"><p >Este curso de formaci\u00f3n ha sido desarrollado para aquellas personas en la organizaci\u00f3n con conocimiento y experiencia profesional suficiente que se integrar\u00e1 al grupo de auditores internos y de proveedores de la organizaci\u00f3n en IATF 16949:2016 para la industria automotriz.<\/p><\/div>\r\n                          <\/div>\r\n                      <\/div>\r\n                  <\/div>\r\n              <\/div>\r\n          <\/div>\r\n      <\/div>\r\n    \t\t\t\t<\/div>\n\t\t\t\t<\/div>\n\t\t\t\t\t<\/div>\n\t\t<\/div>\n\t\t\t\t\t<\/div>\n\t\t<\/section>\n\t\t\t\t<\/div>\n\t\t","protected":false},"excerpt":{"rendered":"<p>Procesos especiales y otros CQIs&nbsp;&bull;&nbsp;Publicaci\u00f3n CQI-11 Special Process: Plating System Assessment 3rd Edition Conozca los requisitos del proceso que su organizaci\u00f3n debe seguir para desarrollar un sistema de gesti\u00f3n de platinado que proporcione una mejora continua, enfatizando la prevenci\u00f3n de defectos y la reducci\u00f3n de la variaci\u00f3n y el desperdicio en la cadena de suministro&#8230;.<\/p>\n","protected":false},"author":10,"featured_media":0,"parent":87,"menu_order":0,"comment_status":"closed","ping_status":"closed","template":"","meta":{"footnotes":"","_wp_rev_ctl_limit":""},"class_list":["post-4695","page","type-page","status-publish","hentry"],"_links":{"self":[{"href":"https:\/\/plexusintl.com\/mx\/wp-json\/wp\/v2\/pages\/4695","targetHints":{"allow":["GET"]}}],"collection":[{"href":"https:\/\/plexusintl.com\/mx\/wp-json\/wp\/v2\/pages"}],"about":[{"href":"https:\/\/plexusintl.com\/mx\/wp-json\/wp\/v2\/types\/page"}],"author":[{"embeddable":true,"href":"https:\/\/plexusintl.com\/mx\/wp-json\/wp\/v2\/users\/10"}],"replies":[{"embeddable":true,"href":"https:\/\/plexusintl.com\/mx\/wp-json\/wp\/v2\/comments?post=4695"}],"version-history":[{"count":19,"href":"https:\/\/plexusintl.com\/mx\/wp-json\/wp\/v2\/pages\/4695\/revisions"}],"predecessor-version":[{"id":6903,"href":"https:\/\/plexusintl.com\/mx\/wp-json\/wp\/v2\/pages\/4695\/revisions\/6903"}],"up":[{"embeddable":true,"href":"https:\/\/plexusintl.com\/mx\/wp-json\/wp\/v2\/pages\/87"}],"wp:attachment":[{"href":"https:\/\/plexusintl.com\/mx\/wp-json\/wp\/v2\/media?parent=4695"}],"curies":[{"name":"wp","href":"https:\/\/api.w.org\/{rel}","templated":true}]}}