{"id":4959,"date":"2021-07-15T09:08:24","date_gmt":"2021-07-15T14:08:24","guid":{"rendered":"https:\/\/plexusintl.com\/mx\/?page_id=4959"},"modified":"2023-03-07T19:20:29","modified_gmt":"2023-03-08T00:20:29","slug":"cqi-9-procesos-especiales-evaluacion-a-los-sistemas-de-tratamiento-termico-4a-edicion","status":"publish","type":"page","link":"https:\/\/plexusintl.com\/mx\/catalogo\/cqi-9-procesos-especiales-evaluacion-a-los-sistemas-de-tratamiento-termico-4a-edicion\/","title":{"rendered":"CQI-9 Procesos Especiales: Evaluaci\u00f3n a los Sistemas de Tratamiento T\u00e9rmico 4a. Edici\u00f3n- Publicaci\u00f3n."},"content":{"rendered":"\t\t<div data-elementor-type=\"wp-page\" data-elementor-id=\"4959\" class=\"elementor elementor-4959\" data-elementor-post-type=\"page\">\n\t\t\t\t\t\t<section class=\"elementor-section elementor-top-section elementor-element elementor-element-67f78d5b elementor-section-boxed elementor-section-height-default elementor-section-height-default\" data-id=\"67f78d5b\" data-element_type=\"section\" data-e-type=\"section\">\n\t\t\t\t\t\t<div class=\"elementor-container elementor-column-gap-default\">\n\t\t\t\t\t<div class=\"elementor-column elementor-col-50 elementor-top-column elementor-element elementor-element-23a52deb\" data-id=\"23a52deb\" data-element_type=\"column\" data-e-type=\"column\">\n\t\t\t<div class=\"elementor-widget-wrap elementor-element-populated\">\n\t\t\t\t\t\t<div class=\"elementor-element elementor-element-b1478a2 elementor-widget elementor-widget-spacer\" data-id=\"b1478a2\" data-element_type=\"widget\" data-e-type=\"widget\" data-widget_type=\"spacer.default\">\n\t\t\t\t<div class=\"elementor-widget-container\">\n\t\t\t\t\t\t\t<div class=\"elementor-spacer\">\n\t\t\t<div class=\"elementor-spacer-inner\"><\/div>\n\t\t<\/div>\n\t\t\t\t\t\t<\/div>\n\t\t\t\t<\/div>\n\t\t\t\t<div class=\"elementor-element elementor-element-8351b85 elementor-widget elementor-widget-product-meta\" data-id=\"8351b85\" data-element_type=\"widget\" data-e-type=\"widget\" data-widget_type=\"product-meta.default\">\n\t\t\t\t<div class=\"elementor-widget-container\">\n\t\t\t\t\t        <div class=\"meta\">\n                  <div class=\"tags\">Procesos especiales y otros CQIs&nbsp;&bull;&nbsp;Publicaci\u00f3n<\/div>\n              <\/div>\n     \t\t\t\t<\/div>\n\t\t\t\t<\/div>\n\t\t\t\t<section class=\"elementor-section elementor-inner-section elementor-element elementor-element-17df185 elementor-section-boxed elementor-section-height-default elementor-section-height-default\" data-id=\"17df185\" data-element_type=\"section\" data-e-type=\"section\">\n\t\t\t\t\t\t<div class=\"elementor-container elementor-column-gap-default\">\n\t\t\t\t\t<div class=\"elementor-column elementor-col-100 elementor-inner-column elementor-element elementor-element-c719bb6\" data-id=\"c719bb6\" data-element_type=\"column\" data-e-type=\"column\">\n\t\t\t<div class=\"elementor-widget-wrap elementor-element-populated\">\n\t\t\t\t\t\t\t<\/div>\n\t\t<\/div>\n\t\t\t\t\t<\/div>\n\t\t<\/section>\n\t\t\t\t<div class=\"elementor-element elementor-element-8c881c3 elementor-widget elementor-widget-spacer\" data-id=\"8c881c3\" data-element_type=\"widget\" data-e-type=\"widget\" data-widget_type=\"spacer.default\">\n\t\t\t\t<div class=\"elementor-widget-container\">\n\t\t\t\t\t\t\t<div class=\"elementor-spacer\">\n\t\t\t<div class=\"elementor-spacer-inner\"><\/div>\n\t\t<\/div>\n\t\t\t\t\t\t<\/div>\n\t\t\t\t<\/div>\n\t\t\t\t<section class=\"elementor-section elementor-inner-section elementor-element elementor-element-a86788a elementor-section-boxed elementor-section-height-default elementor-section-height-default\" data-id=\"a86788a\" data-element_type=\"section\" data-e-type=\"section\">\n\t\t\t\t\t\t<div class=\"elementor-container elementor-column-gap-default\">\n\t\t\t\t\t<div class=\"elementor-column elementor-col-50 elementor-inner-column elementor-element elementor-element-00f7abb\" data-id=\"00f7abb\" data-element_type=\"column\" data-e-type=\"column\">\n\t\t\t<div class=\"elementor-widget-wrap elementor-element-populated\">\n\t\t\t\t\t\t<div class=\"elementor-element elementor-element-5d41e39 elementor-widget elementor-widget-image\" data-id=\"5d41e39\" data-element_type=\"widget\" data-e-type=\"widget\" data-widget_type=\"image.default\">\n\t\t\t\t<div class=\"elementor-widget-container\">\n\t\t\t\t\t\t\t\t\t\t\t\t\t\t\t<img fetchpriority=\"high\" decoding=\"async\" width=\"227\" height=\"300\" src=\"https:\/\/mx-wp-cdn.plexusintl.com\/wp-content\/uploads\/2021\/07\/14132224\/Captura-de-Pantalla-2021-07-15-a-las-8.56.33-227x300.png\" class=\"attachment-medium size-medium wp-image-4963\" alt=\"\" srcset=\"https:\/\/mx-wp-cdn.plexusintl.com\/wp-content\/uploads\/2021\/07\/14132224\/Captura-de-Pantalla-2021-07-15-a-las-8.56.33-227x300.png 227w, https:\/\/mx-wp-cdn.plexusintl.com\/wp-content\/uploads\/2021\/07\/14132224\/Captura-de-Pantalla-2021-07-15-a-las-8.56.33-774x1024.png 774w, https:\/\/mx-wp-cdn.plexusintl.com\/wp-content\/uploads\/2021\/07\/14132224\/Captura-de-Pantalla-2021-07-15-a-las-8.56.33-768x1016.png 768w, https:\/\/mx-wp-cdn.plexusintl.com\/wp-content\/uploads\/2021\/07\/14132224\/Captura-de-Pantalla-2021-07-15-a-las-8.56.33.png 928w\" sizes=\"(max-width: 227px) 100vw, 227px\" \/>\t\t\t\t\t\t\t\t\t\t\t\t\t\t\t<\/div>\n\t\t\t\t<\/div>\n\t\t\t\t\t<\/div>\n\t\t<\/div>\n\t\t\t\t<div class=\"elementor-column elementor-col-50 elementor-inner-column elementor-element elementor-element-e76cd89\" data-id=\"e76cd89\" data-element_type=\"column\" data-e-type=\"column\">\n\t\t\t<div class=\"elementor-widget-wrap elementor-element-populated\">\n\t\t\t\t\t\t<div class=\"elementor-element elementor-element-dddf39b elementor-widget elementor-widget-text-editor\" data-id=\"dddf39b\" data-element_type=\"widget\" data-e-type=\"widget\" data-widget_type=\"text-editor.default\">\n\t\t\t\t<div class=\"elementor-widget-container\">\n\t\t\t\t\t\t\t\t\t<p>El CQI-9 4\u00aa Edici\u00f3n es una auditor\u00eda integral que cubre los procesos de tratamiento t\u00e9rmico m\u00e1s comunes empleados por la industria automotriz. Con la intenci\u00f3n de proporcionar un enfoque com\u00fan a un sistema de gesti\u00f3n de tratamiento t\u00e9rmico para la producci\u00f3n automotriz y las organizaciones de piezas de servicio, la cuarta edici\u00f3n ahora incluye mejores pr\u00e1cticas adicionales, junto con requisitos y aclaraciones nuevos y modificados para que las organizaciones de suministro los consideren al realizar sus propias autoevaluaciones.<\/p>\t\t\t\t\t\t\t\t<\/div>\n\t\t\t\t<\/div>\n\t\t\t\t\t<\/div>\n\t\t<\/div>\n\t\t\t\t\t<\/div>\n\t\t<\/section>\n\t\t\t\t\t<\/div>\n\t\t<\/div>\n\t\t\t\t<div class=\"elementor-column elementor-col-50 elementor-top-column elementor-element elementor-element-6f15e200\" data-id=\"6f15e200\" data-element_type=\"column\" data-e-type=\"column\">\n\t\t\t<div class=\"elementor-widget-wrap elementor-element-populated\">\n\t\t\t\t\t\t<div class=\"elementor-element elementor-element-a9bf741 elementor-widget elementor-widget-spacer\" data-id=\"a9bf741\" data-element_type=\"widget\" data-e-type=\"widget\" data-widget_type=\"spacer.default\">\n\t\t\t\t<div class=\"elementor-widget-container\">\n\t\t\t\t\t\t\t<div class=\"elementor-spacer\">\n\t\t\t<div class=\"elementor-spacer-inner\"><\/div>\n\t\t<\/div>\n\t\t\t\t\t\t<\/div>\n\t\t\t\t<\/div>\n\t\t\t\t<div class=\"elementor-element elementor-element-cb4d762 elementor-widget elementor-widget-spacer\" data-id=\"cb4d762\" data-element_type=\"widget\" data-e-type=\"widget\" data-widget_type=\"spacer.default\">\n\t\t\t\t<div class=\"elementor-widget-container\">\n\t\t\t\t\t\t\t<div class=\"elementor-spacer\">\n\t\t\t<div class=\"elementor-spacer-inner\"><\/div>\n\t\t<\/div>\n\t\t\t\t\t\t<\/div>\n\t\t\t\t<\/div>\n\t\t\t\t<div class=\"elementor-element elementor-element-5295bb5 elementor-widget elementor-widget-purchase-widget\" data-id=\"5295bb5\" data-element_type=\"widget\" data-e-type=\"widget\" data-widget_type=\"purchase-widget.default\">\n\t\t\t\t<div class=\"elementor-widget-container\">\n\t\t\t\t\t\n<div id=\"purchase_widget_865\" class=\"product-purchase-options\">\n\t<div class=\"intro-header\">\n    \t\t<h3>Adquiera la publicaci\u00f3n<\/h3>\n\t\t<p>E-doc en ingl\u00e9s<\/p>\n\t<\/div>\n\n    <div id=\"div-add-product\" class=\"d-block text-center\">\n    <img decoding=\"async\" src=\"https:\/\/plexusintl.com\/mx\/wp-content\/themes\/plexus-theme\/images\/Purchase-Widget.svg\" width=\"50px\" alt=\"Loading\" \/>     \n  <\/div>\n    <form method=\"post\" id=\"add-product\" class=\"add-product d-none\">\n      <div class=\"options\">\n        <div class=\"form-group d-none\"><script type=\"text\/javascript\"> $('.product-purchase-options .intro-header').css(\"border-bottom\", \"none\"); <\/script>          <div class=\"radio\">\n            <label>\n              <input type=\"radio\" name=\"delivery_type_pub\" value=\"e-learning\" checked onchange=\"$('#corporate_licensing_865').css('display', 'none');$('#member_pricing_865').css('display', 'none');$('#single_user_access_865').css('display', 'block');\"> Seleccione una opci\u00f3n<\/label>\n          <\/div>\n          <div class=\"radio d-none\">\n            <label>\n              <input type=\"radio\" name=\"delivery_type_pub\" value=\"on-site-training\" onchange=\"$('#single_user_access_865').css('display', 'none');$('#member_pricing_865').css('display', 'none');$('#corporate_licensing_865').css('display', 'block');\"> Solicitar una Cotizaci\u00f3n<\/label>\n          <\/div>\n          <div class=\"radio d-none\">\n            <label>\n              <input type=\"radio\" name=\"delivery_type_pub\" value=\"member-pricing\" onchange=\"$('#single_user_access_865').css('display', 'none');$('#corporate_licensing_865').css('display', 'none');$('#member_pricing_865').css('display', 'block');\"> Precio miembro<\/label>\n          <\/div>\n        <\/div>\n        <\/div>      <div class=\"purchase-actions\" id=\"single_user_access_865\">\n        <div class=\"e-learning actions d-block\">\n                    <div class=\"\">\n              <div class=\"price-wrapper \">\n                <div class=\"price-label\">Precio<\/div>\n                                    \n                  <div class=\"price\" id=\"e-learning-price\">\n                    <span id=\"priceFigure\">276.00<\/span>&nbsp;USD            \n                  <\/div>\n                                    <div id=\"purchase-error\"><\/div>\n                  <input type=\"hidden\" name=\"product_id\" value=\"d6a5fe3a-7ab2-11eb-aa89-0ae8b9885edd\">\n              <\/div>\n              <button type=\"submit\" class=\"blue-button register-button\" style=\"display:block;\">Comprar<\/button>\n            <\/div>\t\t\t\t\n        <\/div> \n      <\/div>\n      \n      <div class=\"purchase-actions\" id=\"corporate_licensing_865\" style=\"display:none;\">\n        <div class=\"on-site-training actions\" style=\"display: block;\">\n          <a href=\"http:\/\/plexusintl.com\/mx\/solicite-una-cotizacion\/?course_requested=Edoc+-+CQI-9+-+4ed++-+edoc-cqi-9-4ed-Solicitar Cotizaci\u00f3n\" title=\"Solicitar una Cotizaci\u00f3n\" class=\"blue-button\">Solicitar una Cotizaci\u00f3n<\/a>\n        <\/div>\n      <\/div>\n\n      <div class=\"purchase-actions\" id=\"member_pricing_865\" style=\"display:none;\">\n        <div class=\"on-site-training actions\" style=\"display: block;\">\n          <a href=\"http:\/\/plexusintl.com\/request-quote?course_requested=Edoc+-+CQI-9+-+4ed++-+edoc-cqi-9-4ed-Solicitar+Cotizaci%C3%B3n\" title=\"Solicitar Cotizaci\u00f3n para Miembros AIAG\" class=\"blue-button\">Solicitar Cotizaci\u00f3n para Miembros AIAG<\/a>\n        <\/div>\n      <\/div>\n      <div style=\"display:none;\">\n         \n      <\/div>\n    <\/form>  \n  <\/div>\n<script type=\"text\/javascript\">\n\t$(document).ready(function() { \n\t\t$('#purchase_widget_865 input[name=delivery_type]').change(function(){\t\n      $('#purchase_widget_865 .purchase-actions .actions').hide();\t\t\n\t\t\t$('#purchase_widget_865 .purchase-actions .actions.'+$('input[name=delivery_type]:checked').val()).slideDown();\n    });\n    \n    var hiddenBox = $(\"#purchase_widget_865 #open-enrollment-single-session-location\")[0];\n    if(hiddenBox != null && hiddenBox.value !== \"\"){\n      $('#purchase_widget_865 #location p').html(hiddenBox.value);        \n      $('#purchase_widget_865 .session-detail').slideDown();\n      $('#purchase_widget_865 .session-detail').removeClass('d-none');\n      $('#purchase_widget_865 .session-detail').addClass('d-block');\n    }\n    else {      \n      $('#purchase_widget_865 .session-detail').removeClass('d-block');\n      $('#purchase_widget_865 .session-detail').addClass('d-none');\n    }\n\n\t\t$('#purchase_widget_865 #open-enrollment-session').change(function(){\n\t\t\tif($(this).val() != '') {\n\t\t\t\tvar option = $(this).find('option:selected');\n\n\t\t\t\t$('#purchase_widget_865 #location p').html($(option).data('location'));\n        $('#purchase_widget_865 #open-enrollment-session-value').val($(option).data('id'));\n      \n        $('#purchase_widget_865 .session-detail').slideDown();\n        $('#purchase_widget_865 .session-detail').removeClass('d-none');\n        $('#purchase_widget_865 .session-detail').addClass('d-block');\n\t\t\t} else {        \n        $('#purchase_widget_865 .session-detail').removeClass('d-block');\n        $('#purchase_widget_865 .session-detail').addClass('d-none');\n\t\t\t}\n    });\n    var priceFigure = $('#purchase_widget_865 #priceFigure')[0];\n    if (priceFigure != null)\n      priceFigure.innerHTML = formatCurrency(priceFigure.innerHTML);\n    \n      $('#purchase_widget_865 #div-add-product').removeClass('d-block');\n      $('#purchase_widget_865 #div-add-product').addClass('d-none');\n      $('#purchase_widget_865 #add-product').removeClass('d-none');\n      $('#purchase_widget_865 #add-product').addClass('d-block');\n  });\n  $('#purchase_widget_865 .add-product').submit(function(e){\n    e.preventDefault();    \n    var productId = $(this).find('input[name=\"product_id\"]').val();\n          addProductToCart(productId);\n    \n  });\n  <\/script>\n    \t\t\t\t<\/div>\n\t\t\t\t<\/div>\n\t\t\t\t<div class=\"elementor-element elementor-element-95d9c55 elementor-widget elementor-widget-text-editor\" data-id=\"95d9c55\" data-element_type=\"widget\" data-e-type=\"widget\" data-widget_type=\"text-editor.default\">\n\t\t\t\t<div class=\"elementor-widget-container\">\n\t\t\t\t\t\t\t\t\t<h3 style=\"text-align: center;\">Solicite la Publicaci\u00f3n Impresa<\/h3><p style=\"text-align: center;\">Contactanos para solicitar la versi\u00f3n impresa de este documento<\/p><p style=\"text-align: center;\"><a class=\"blue-button\" href=\"\/mx\/contactanos\/\">Solicitar en formato impreso<\/a><\/p>\t\t\t\t\t\t\t\t<\/div>\n\t\t\t\t<\/div>\n\t\t\t\t\t<\/div>\n\t\t<\/div>\n\t\t\t\t\t<\/div>\n\t\t<\/section>\n\t\t\t\t<section class=\"elementor-section elementor-top-section elementor-element elementor-element-70c7a01c elementor-section-boxed elementor-section-height-default elementor-section-height-default\" data-id=\"70c7a01c\" data-element_type=\"section\" data-e-type=\"section\">\n\t\t\t\t\t\t<div class=\"elementor-container elementor-column-gap-default\">\n\t\t\t\t\t<div class=\"elementor-column elementor-col-100 elementor-top-column elementor-element elementor-element-4f7e12a8\" data-id=\"4f7e12a8\" data-element_type=\"column\" data-e-type=\"column\">\n\t\t\t<div class=\"elementor-widget-wrap elementor-element-populated\">\n\t\t\t\t\t\t<div class=\"elementor-element elementor-element-55d90014 elementor-widget elementor-widget-quick-tabs-block\" data-id=\"55d90014\" data-element_type=\"widget\" data-e-type=\"widget\" data-widget_type=\"quick-tabs-block.default\">\n\t\t\t\t<div class=\"elementor-widget-container\">\n\t\t\t\t\t        <H4 data-tab-title=\"Informaci\u00f3n Adicional\" class=\"simpleTabsOpen\">Informaci\u00f3n Adicional<\/H4>\r\n                          <div class=\"row product-tabs-content\">\r\n                  <div class=\"col-3\">\r\n                    <p style=\"color:black\"><strong>Fecha de Publicaci\u00f3n<\/strong><\/p>\r\n                  <\/div>\r\n                  <div class=\"col-9\">\r\n                    <p>Junio 2020<\/p>                  <\/div>\r\n                <\/div>\r\n                                <hr\/>\r\n                  <br \/>\r\n                                <div class=\"row product-tabs-content\">\r\n                  <div class=\"col-3\">\r\n                    <p style=\"color:black\"><strong>Versi\u00f3n Vigente<\/strong><\/p>\r\n                  <\/div>\r\n                  <div class=\"col-9\">\r\n                    <p>4<\/p>                  <\/div>\r\n                <\/div>\r\n                                <hr\/>\r\n                  <br \/>\r\n                                <div class=\"row product-tabs-content\">\r\n                  <div class=\"col-3\">\r\n                    <p style=\"color:black\"><strong>Idioma<\/strong><\/p>\r\n                  <\/div>\r\n                  <div class=\"col-9\">\r\n                    <p>Ingl\u00e9s<\/p>                  <\/div>\r\n                <\/div>\r\n              \r\n        <div data-tab-title=\"\" class=\"simpleTabsClose\"><\/div>\r\n              <H4 data-tab-title=\"Consideraciones para los eDocument\" class=\"simpleTabsOpen\">Consideraciones para los eDocument<\/H4>\r\n                      <p>Los documentos electr\u00f3nicos de AIAG no se pueden imprimir ni guardar en su computadora local, solo se pueden ver a trav\u00e9s del sitio web de AIAG, utilizando nuestro visor de documentos electr\u00f3nicos. Los documentos electr\u00f3nicos tienen licencia para una cuenta de usuario final; aseg\u00farese de que el pedido se realice bajo la cuenta del usuario final real. Los documentos electr\u00f3nicos de AIAG no son transferibles de una cuenta a otra.<\/p>          \r\n        <div data-tab-title=\"\" class=\"simpleTabsClose\"><\/div>\r\n              <H4 data-tab-title=\"Envio y Devoluciones\" class=\"simpleTabsOpen\">Envio y Devoluciones<\/H4>\r\n                      <p>Los envios solo se realizar\u00e1n una vez que se haya cubierto su pago, en publicaciones impresas y electr\u00f3nicas no se admiten devoluciones\u00a0<\/p>          \r\n        <div data-tab-title=\"\" class=\"simpleTabsClose\"><\/div>\r\n              <H4 data-tab-title=\"Precios para miembros AIAG\" class=\"simpleTabsOpen\">Precios para miembros AIAG<\/H4>\r\n                      <p>Los miembros activos de AIAG tienen acceso a precios preferenciales en publicaciones impresas y en formato edoc. <strong><a href=\"\/mx\/contactanos\/\">Cont\u00e1ctenos<\/a> <\/strong>para m\u00e1s informaci\u00f3n<\/p>          \r\n        <div data-tab-title=\"\" class=\"simpleTabsClose\"><\/div>\r\n      \t\t\t\t<\/div>\n\t\t\t\t<\/div>\n\t\t\t\t\t<\/div>\n\t\t<\/div>\n\t\t\t\t\t<\/div>\n\t\t<\/section>\n\t\t\t\t<section class=\"elementor-section elementor-top-section elementor-element elementor-element-664a55c elementor-section-boxed elementor-section-height-default elementor-section-height-default\" data-id=\"664a55c\" data-element_type=\"section\" data-e-type=\"section\">\n\t\t\t\t\t\t<div class=\"elementor-container elementor-column-gap-default\">\n\t\t\t\t\t<div class=\"elementor-column elementor-col-100 elementor-top-column elementor-element elementor-element-af3d3a4\" data-id=\"af3d3a4\" data-element_type=\"column\" data-e-type=\"column\">\n\t\t\t<div class=\"elementor-widget-wrap elementor-element-populated\">\n\t\t\t\t\t\t<div class=\"elementor-element elementor-element-00ad3f2 elementor-widget elementor-widget-related-content-block\" data-id=\"00ad3f2\" data-element_type=\"widget\" data-e-type=\"widget\" data-widget_type=\"related-content-block.default\">\n\t\t\t\t<div class=\"elementor-widget-container\">\n\t\t\t\t\t    \r\n      <div class=\"row\">\r\n          <div class=\"col\">\r\n              <div class=\"related-content\">\r\n                  <h2 >Tambi\u00e9n podr\u00eda interesarle: <\/h2>\r\n\r\n                  <div class=\"row\">\r\n                      <div class=\"col-12 col-md-4 mb-3\">\r\n                          <div class=\"page page-1\">\r\n                              <div class=\"content-type\"><\/div>\r\n                              <div class=\"content-title\"><a href=\"https:\/\/plexusintl.com\/mx\/catalogo\/cqi-9-procesos-especiales-evaluacion-del-sistema-de-tratamiento-termico\/\" class=\"cta\" >CQI-9 Procesos Especiales: Evaluaci\u00f3n del Sistema de Tratamiento T\u00e9rmico<\/a><\/div>\r\n                              <div class=\"content-description\"><p >CQI-9 - Descubra a trav\u00e9s de este entrenamiento c\u00f3mo utilizar eficazmente las evaluaciones del sistema de tratamiento t\u00e9rmico y soldadura para evaluar el control y la gesti\u00f3n de sus procesos y entregar piezas y materiales de calidad.<\/p><\/div>\r\n                          <\/div>\r\n                      <\/div>\r\n                      <div class=\"col-12 col-md-4 mb-3\">\r\n                          <div class=\"page page-2\">\r\n                              <div class=\"content-type\"><\/div>\r\n                              <div class=\"content-title\"><a href=\"https:\/\/plexusintl.com\/mx\/catalogo\/cqi-27-procesos-especiales-evaluacion-del-sistema-de-fundicion\/\" class=\"cta\" >CQI-27 Procesos Especiales: Evaluaci\u00f3n del Sistema de Fundici\u00f3n<\/a><\/div>\r\n                              <div class=\"content-description\"><p >CQI-27 En esta formaci\u00f3n comprender\u00e1 y aprender\u00e1 c\u00f3mo usar la Evaluaci\u00f3n del Sistema del Proceso Especial de Fundici\u00f3n como una base para asegurar el control de estos proceso especiales y entregar partes y materiales de calidad. La sesi\u00f3n no est\u00e1 dise\u00f1ada para ser de naturaleza t\u00e9cnica del propio proceso especial de fundici\u00f3n.<\/p><\/div>\r\n                          <\/div>\r\n                      <\/div>\r\n                      <div class=\"col-xs-12 col-md-4 mb-3\">\r\n                          <div class=\"page page-3\">\r\n                              <div class=\"content-type\"><\/div>\r\n                              <div class=\"content-title\"><a href=\"https:\/\/plexusintl.com\/mx\/catalogo\/cqi-11-procesos-especiales-evaluacion-del-sistema-de-platinado\/\" class=\"cta\" >CQI-11 \u2013 Procesos Especiales: Evaluaci\u00f3n del Sistema de Platinado<\/a><\/div>\r\n                              <div class=\"content-description\"><p >CQI-11 Evaluaci\u00f3n del Sistema de Platinado, este curso cubre las herramientas que son la base de la evaluaci\u00f3n de este proceso especial. Aprenda a utilizar la herramienta como base para garantizar el control de los procesos especiales, as\u00ed como para entregar piezas y materiales de calidad. <\/p><\/div>\r\n                          <\/div>\r\n                      <\/div>\r\n                  <\/div>\r\n              <\/div>\r\n          <\/div>\r\n      <\/div>\r\n    \t\t\t\t<\/div>\n\t\t\t\t<\/div>\n\t\t\t\t\t<\/div>\n\t\t<\/div>\n\t\t\t\t\t<\/div>\n\t\t<\/section>\n\t\t\t\t<\/div>\n\t\t","protected":false},"excerpt":{"rendered":"<p>Procesos especiales y otros CQIs&nbsp;&bull;&nbsp;Publicaci\u00f3n El CQI-9 4\u00aa Edici\u00f3n es una auditor\u00eda integral que cubre los procesos de tratamiento t\u00e9rmico m\u00e1s comunes empleados por la industria automotriz. Con la intenci\u00f3n de proporcionar un enfoque com\u00fan a un sistema de gesti\u00f3n de tratamiento t\u00e9rmico para la producci\u00f3n automotriz y las organizaciones de piezas de servicio, la&#8230;<\/p>\n","protected":false},"author":10,"featured_media":0,"parent":87,"menu_order":0,"comment_status":"closed","ping_status":"closed","template":"","meta":{"footnotes":"","_wp_rev_ctl_limit":""},"class_list":["post-4959","page","type-page","status-publish","hentry"],"_links":{"self":[{"href":"https:\/\/plexusintl.com\/mx\/wp-json\/wp\/v2\/pages\/4959","targetHints":{"allow":["GET"]}}],"collection":[{"href":"https:\/\/plexusintl.com\/mx\/wp-json\/wp\/v2\/pages"}],"about":[{"href":"https:\/\/plexusintl.com\/mx\/wp-json\/wp\/v2\/types\/page"}],"author":[{"embeddable":true,"href":"https:\/\/plexusintl.com\/mx\/wp-json\/wp\/v2\/users\/10"}],"replies":[{"embeddable":true,"href":"https:\/\/plexusintl.com\/mx\/wp-json\/wp\/v2\/comments?post=4959"}],"version-history":[{"count":21,"href":"https:\/\/plexusintl.com\/mx\/wp-json\/wp\/v2\/pages\/4959\/revisions"}],"predecessor-version":[{"id":6812,"href":"https:\/\/plexusintl.com\/mx\/wp-json\/wp\/v2\/pages\/4959\/revisions\/6812"}],"up":[{"embeddable":true,"href":"https:\/\/plexusintl.com\/mx\/wp-json\/wp\/v2\/pages\/87"}],"wp:attachment":[{"href":"https:\/\/plexusintl.com\/mx\/wp-json\/wp\/v2\/media?parent=4959"}],"curies":[{"name":"wp","href":"https:\/\/api.w.org\/{rel}","templated":true}]}}