{"id":4999,"date":"2021-07-15T10:37:45","date_gmt":"2021-07-15T15:37:45","guid":{"rendered":"https:\/\/plexusintl.com\/mx\/?page_id=4999"},"modified":"2023-03-29T13:24:02","modified_gmt":"2023-03-29T18:24:02","slug":"cqi-14-automotive-warranty-management-3a-edicion-publicacion","status":"publish","type":"page","link":"https:\/\/plexusintl.com\/mx\/catalogo\/cqi-14-automotive-warranty-management-3a-edicion-publicacion\/","title":{"rendered":"CQI-14 Gu\u00eda de Gesti\u00f3n de Garant\u00edas: 4a.  Edici\u00f3n &#8211; Publicaci\u00f3n"},"content":{"rendered":"\t\t<div data-elementor-type=\"wp-page\" data-elementor-id=\"4999\" class=\"elementor elementor-4999\" data-elementor-post-type=\"page\">\n\t\t\t\t\t\t<section class=\"elementor-section elementor-top-section elementor-element elementor-element-2810af8e elementor-section-boxed elementor-section-height-default elementor-section-height-default\" data-id=\"2810af8e\" data-element_type=\"section\" data-e-type=\"section\">\n\t\t\t\t\t\t<div class=\"elementor-container elementor-column-gap-default\">\n\t\t\t\t\t<div class=\"elementor-column elementor-col-50 elementor-top-column elementor-element elementor-element-7cf7373f\" data-id=\"7cf7373f\" data-element_type=\"column\" data-e-type=\"column\">\n\t\t\t<div class=\"elementor-widget-wrap elementor-element-populated\">\n\t\t\t\t\t\t<section class=\"elementor-section elementor-inner-section elementor-element elementor-element-79d07a6 elementor-section-boxed elementor-section-height-default elementor-section-height-default\" data-id=\"79d07a6\" data-element_type=\"section\" data-e-type=\"section\">\n\t\t\t\t\t\t<div class=\"elementor-container elementor-column-gap-default\">\n\t\t\t\t\t<div class=\"elementor-column elementor-col-100 elementor-inner-column elementor-element elementor-element-43ea5a0\" data-id=\"43ea5a0\" data-element_type=\"column\" data-e-type=\"column\">\n\t\t\t<div class=\"elementor-widget-wrap elementor-element-populated\">\n\t\t\t\t\t\t<div class=\"elementor-element elementor-element-58a5c47 elementor-widget elementor-widget-spacer\" data-id=\"58a5c47\" data-element_type=\"widget\" data-e-type=\"widget\" data-widget_type=\"spacer.default\">\n\t\t\t\t<div class=\"elementor-widget-container\">\n\t\t\t\t\t\t\t<div class=\"elementor-spacer\">\n\t\t\t<div class=\"elementor-spacer-inner\"><\/div>\n\t\t<\/div>\n\t\t\t\t\t\t<\/div>\n\t\t\t\t<\/div>\n\t\t\t\t<div class=\"elementor-element elementor-element-03e90be elementor-widget elementor-widget-product-meta\" data-id=\"03e90be\" data-element_type=\"widget\" data-e-type=\"widget\" data-widget_type=\"product-meta.default\">\n\t\t\t\t<div class=\"elementor-widget-container\">\n\t\t\t\t\t        <div class=\"meta\">\n                  <div class=\"tags\">Procesos especiales y otros CQIs&nbsp;&bull;&nbsp;Publicaci\u00f3n<\/div>\n              <\/div>\n     \t\t\t\t<\/div>\n\t\t\t\t<\/div>\n\t\t\t\t<div class=\"elementor-element elementor-element-3ea1bf6 elementor-widget elementor-widget-theme-post-title elementor-page-title elementor-widget-heading\" data-id=\"3ea1bf6\" data-element_type=\"widget\" data-e-type=\"widget\" data-widget_type=\"theme-post-title.default\">\n\t\t\t\t<div class=\"elementor-widget-container\">\n\t\t\t\t\t<h2 class=\"elementor-heading-title elementor-size-default\">CQI-14 Gu\u00eda de Gesti\u00f3n de Garant\u00edas: 4a.  Edici\u00f3n &#8211; Publicaci\u00f3n<\/h2>\t\t\t\t<\/div>\n\t\t\t\t<\/div>\n\t\t\t\t\t<\/div>\n\t\t<\/div>\n\t\t\t\t\t<\/div>\n\t\t<\/section>\n\t\t\t\t<section class=\"elementor-section elementor-inner-section elementor-element elementor-element-222200c elementor-section-boxed elementor-section-height-default elementor-section-height-default\" data-id=\"222200c\" data-element_type=\"section\" data-e-type=\"section\">\n\t\t\t\t\t\t<div class=\"elementor-container elementor-column-gap-default\">\n\t\t\t\t\t<div class=\"elementor-column elementor-col-50 elementor-inner-column elementor-element elementor-element-4e116e5\" data-id=\"4e116e5\" data-element_type=\"column\" data-e-type=\"column\">\n\t\t\t<div class=\"elementor-widget-wrap elementor-element-populated\">\n\t\t\t\t\t\t<div class=\"elementor-element elementor-element-16042cb3 elementor-widget elementor-widget-image\" data-id=\"16042cb3\" data-element_type=\"widget\" data-e-type=\"widget\" data-widget_type=\"image.default\">\n\t\t\t\t<div class=\"elementor-widget-container\">\n\t\t\t\t\t\t\t\t\t\t\t\t<figure class=\"wp-caption\">\n\t\t\t\t\t\t\t\t\t\t<img fetchpriority=\"high\" decoding=\"async\" width=\"233\" height=\"300\" src=\"https:\/\/mx-wp-cdn.plexusintl.com\/wp-content\/uploads\/2023\/01\/14132209\/Captura-de-Pantalla-2023-01-23-a-las-10.41.31-233x300.png\" class=\"attachment-medium size-medium wp-image-6709\" alt=\"CQI-14 cover\" srcset=\"https:\/\/mx-wp-cdn.plexusintl.com\/wp-content\/uploads\/2023\/01\/14132209\/Captura-de-Pantalla-2023-01-23-a-las-10.41.31-233x300.png 233w, https:\/\/mx-wp-cdn.plexusintl.com\/wp-content\/uploads\/2023\/01\/14132209\/Captura-de-Pantalla-2023-01-23-a-las-10.41.31-768x990.png 768w, https:\/\/mx-wp-cdn.plexusintl.com\/wp-content\/uploads\/2023\/01\/14132209\/Captura-de-Pantalla-2023-01-23-a-las-10.41.31.png 794w\" sizes=\"(max-width: 233px) 100vw, 233px\" \/>\t\t\t\t\t\t\t\t\t\t\t<figcaption class=\"widget-image-caption wp-caption-text\">Portada - CQI-14 <\/figcaption>\n\t\t\t\t\t\t\t\t\t\t<\/figure>\n\t\t\t\t\t\t\t\t\t<\/div>\n\t\t\t\t<\/div>\n\t\t\t\t\t<\/div>\n\t\t<\/div>\n\t\t\t\t<div class=\"elementor-column elementor-col-50 elementor-inner-column elementor-element elementor-element-43386e5\" data-id=\"43386e5\" data-element_type=\"column\" data-e-type=\"column\">\n\t\t\t<div class=\"elementor-widget-wrap elementor-element-populated\">\n\t\t\t\t\t\t<div class=\"elementor-element elementor-element-ccf6c4e elementor-widget elementor-widget-spacer\" data-id=\"ccf6c4e\" data-element_type=\"widget\" data-e-type=\"widget\" data-widget_type=\"spacer.default\">\n\t\t\t\t<div class=\"elementor-widget-container\">\n\t\t\t\t\t\t\t<div class=\"elementor-spacer\">\n\t\t\t<div class=\"elementor-spacer-inner\"><\/div>\n\t\t<\/div>\n\t\t\t\t\t\t<\/div>\n\t\t\t\t<\/div>\n\t\t\t\t<div class=\"elementor-element elementor-element-80d8b21 elementor-widget elementor-widget-text-editor\" data-id=\"80d8b21\" data-element_type=\"widget\" data-e-type=\"widget\" data-widget_type=\"text-editor.default\">\n\t\t\t\t<div class=\"elementor-widget-container\">\n\t\t\t\t\t\t\t\t\t<p>La gu\u00eda CQI-14 incluye lineamientos y orientaci\u00f3n que impulsan la satisfacci\u00f3n del consumidor y la mejora del sistema de gesti\u00f3n de garant\u00edas. La gu\u00eda proporciona una herramienta de evaluaci\u00f3n y casos de estudio en donde No se encontraron problemas que sirven de ejemplo para guiar a una organizaci\u00f3n a reducir de manera proactiva las tasas de incidentes de asociados con eventos de garant\u00eda<\/p>\t\t\t\t\t\t\t\t<\/div>\n\t\t\t\t<\/div>\n\t\t\t\t\t<\/div>\n\t\t<\/div>\n\t\t\t\t\t<\/div>\n\t\t<\/section>\n\t\t\t\t\t<\/div>\n\t\t<\/div>\n\t\t\t\t<div class=\"elementor-column elementor-col-50 elementor-top-column elementor-element elementor-element-5f126d1\" data-id=\"5f126d1\" data-element_type=\"column\" data-e-type=\"column\">\n\t\t\t<div class=\"elementor-widget-wrap elementor-element-populated\">\n\t\t\t\t\t\t<div class=\"elementor-element elementor-element-b88a2d0 elementor-widget elementor-widget-spacer\" data-id=\"b88a2d0\" data-element_type=\"widget\" data-e-type=\"widget\" data-widget_type=\"spacer.default\">\n\t\t\t\t<div class=\"elementor-widget-container\">\n\t\t\t\t\t\t\t<div class=\"elementor-spacer\">\n\t\t\t<div class=\"elementor-spacer-inner\"><\/div>\n\t\t<\/div>\n\t\t\t\t\t\t<\/div>\n\t\t\t\t<\/div>\n\t\t\t\t<div class=\"elementor-element elementor-element-71d73b3 elementor-widget elementor-widget-spacer\" data-id=\"71d73b3\" data-element_type=\"widget\" data-e-type=\"widget\" data-widget_type=\"spacer.default\">\n\t\t\t\t<div class=\"elementor-widget-container\">\n\t\t\t\t\t\t\t<div class=\"elementor-spacer\">\n\t\t\t<div class=\"elementor-spacer-inner\"><\/div>\n\t\t<\/div>\n\t\t\t\t\t\t<\/div>\n\t\t\t\t<\/div>\n\t\t\t\t<div class=\"elementor-element elementor-element-4b0c993 elementor-widget elementor-widget-multi-offer-widget\" data-id=\"4b0c993\" data-element_type=\"widget\" data-e-type=\"widget\" data-widget_type=\"multi-offer-widget.default\">\n\t\t\t\t<div class=\"elementor-widget-container\">\n\t\t\t\t\t\n<div class=\"product-purchase-options\">\n  <div class=\"intro-header\">    \n      <h3>Adquiera el e-doc<\/h3>\n      <p>Obtenga acceso de un solo usuario a las publicaciones de AIAG, reciba una copia impresa o ambos. <\/p>\n\t<\/div>\n  \t<form method=\"post\" id=\"add-offer\" class=\"add-offer\">\n        <div class=\"options\">            \n            <div class=\"form-group\">\n                            <\/div> \n            <div class=\"offer-actions\" id=\"single_user_access\">\n                <div class=\"actions d-block\">\n                    <div class=\"price-wrapper\">\n                        <div class=\"price-label\">Precio de lista<\/div>\n                         \n                                                  \n                          <div class=\"price\" id=\"Edoc_Ingles-price\">\n                          $276.00 USD <\/div>\n                         <\/div>   \n                                                <input type=\"hidden\" id=\"multi-offer-product-id\" name=\"multi-offer-product-id\" value='f5b172cc-ed83-11ec-b5d9-02420a000231'>                     \n                        <div id=\"purchase-error\"><\/div>\n                    <\/div>\n                    <button type=\"submit\" class=\"blue-button register-button\" name=\"addtocart\">Agregar al carro<\/button>                    \n                <\/div>     \n            <\/div>\n        <\/div>\t\t\n  <\/form>\n  <\/div>\n<script type=\"text\/javascript\">\n\t$(document).ready(function() {\n\t\t$('input[name=offer]').change(function(){\n\t\t\t$('.offer-actions .actions').hide();\n\t\t\t$('.offer-actions .actions.'+$('input[name=offer]:checked').val()).slideDown();\n      var selected = $('input[name=offer]:checked');\n      var offerId = selected.data('offer-id') || selected.val();\n      $('#multi-offer-product-id').val(offerId);\n\t\t});\t\t\n    $('.form-group').each(function(){\n        $('input[type=radio]:first', this).attr('checked', true);\n    });\n    \n  });\n  $('.add-offer').submit(function(e){\n    e.preventDefault();    \n    var productId = $('#multi-offer-product-id').val();    \n    addProductToCart(productId);\n  });\n<\/script>\n    \t\t\t\t<\/div>\n\t\t\t\t<\/div>\n\t\t\t\t<div class=\"elementor-element elementor-element-74c7c088 elementor-widget elementor-widget-text-editor\" data-id=\"74c7c088\" data-element_type=\"widget\" data-e-type=\"widget\" data-widget_type=\"text-editor.default\">\n\t\t\t\t<div class=\"elementor-widget-container\">\n\t\t\t\t\t\t\t\t\t<h3 style=\"text-align: center;\">Solicite la Publicaci\u00f3n Impresa<\/h3><p style=\"text-align: center;\">Contactanos para solicitar la versi\u00f3n impresa de este documento<\/p><p style=\"text-align: center;\"><a class=\"blue-button\" href=\"\/mx\/contactanos\/\">Solicitar en formato impreso<\/a><\/p>\t\t\t\t\t\t\t\t<\/div>\n\t\t\t\t<\/div>\n\t\t\t\t\t<\/div>\n\t\t<\/div>\n\t\t\t\t\t<\/div>\n\t\t<\/section>\n\t\t\t\t<section class=\"elementor-section elementor-top-section elementor-element elementor-element-556dbc30 elementor-section-boxed elementor-section-height-default elementor-section-height-default\" data-id=\"556dbc30\" data-element_type=\"section\" data-e-type=\"section\">\n\t\t\t\t\t\t<div class=\"elementor-container elementor-column-gap-default\">\n\t\t\t\t\t<div class=\"elementor-column elementor-col-100 elementor-top-column elementor-element elementor-element-54a8067e\" data-id=\"54a8067e\" data-element_type=\"column\" data-e-type=\"column\">\n\t\t\t<div class=\"elementor-widget-wrap elementor-element-populated\">\n\t\t\t\t\t\t<div class=\"elementor-element elementor-element-3242c882 elementor-widget elementor-widget-quick-tabs-block\" data-id=\"3242c882\" data-element_type=\"widget\" data-e-type=\"widget\" data-widget_type=\"quick-tabs-block.default\">\n\t\t\t\t<div class=\"elementor-widget-container\">\n\t\t\t\t\t        <H4 data-tab-title=\"Informaci\u00f3n Adicional\" class=\"simpleTabsOpen\">Informaci\u00f3n Adicional<\/H4>\r\n                          <div class=\"row product-tabs-content\">\r\n                  <div class=\"col-3\">\r\n                    <p style=\"color:black\"><strong>Fecha de Publicaci\u00f3n<\/strong><\/p>\r\n                  <\/div>\r\n                  <div class=\"col-9\">\r\n                    <p>Abril 2022<\/p>                  <\/div>\r\n                <\/div>\r\n                                <hr\/>\r\n                  <br \/>\r\n                                <div class=\"row product-tabs-content\">\r\n                  <div class=\"col-3\">\r\n                    <p style=\"color:black\"><strong>Versi\u00f3n Vigente<\/strong><\/p>\r\n                  <\/div>\r\n                  <div class=\"col-9\">\r\n                    <p>4a. Edici\u00f3n<\/p>                  <\/div>\r\n                <\/div>\r\n                                <hr\/>\r\n                  <br \/>\r\n                                <div class=\"row product-tabs-content\">\r\n                  <div class=\"col-3\">\r\n                    <p style=\"color:black\"><strong>Idioma<\/strong><\/p>\r\n                  <\/div>\r\n                  <div class=\"col-9\">\r\n                    <p>Ingl\u00e9s<\/p>                  <\/div>\r\n                <\/div>\r\n              \r\n        <div data-tab-title=\"\" class=\"simpleTabsClose\"><\/div>\r\n              <H4 data-tab-title=\"Consideraciones para los eDocs\" class=\"simpleTabsOpen\">Consideraciones para los eDocs<\/H4>\r\n                      <p>Los documentos electr\u00f3nicos de AIAG no se pueden imprimir ni guardar en su computadora local, solo se pueden ver a trav\u00e9s del sitio web de AIAG, utilizando nuestro visor de documentos electr\u00f3nicos. Los documentos electr\u00f3nicos tienen licencia para una cuenta de usuario final; aseg\u00farese de que el pedido se realice bajo la cuenta del usuario final real. Los documentos electr\u00f3nicos de AIAG no son transferibles de una cuenta a otra.<\/p>          \r\n        <div data-tab-title=\"\" class=\"simpleTabsClose\"><\/div>\r\n              <H4 data-tab-title=\"Envio y Devoluciones\" class=\"simpleTabsOpen\">Envio y Devoluciones<\/H4>\r\n                      <p>Los envios solo se realizar\u00e1n una vez que se haya cubierto su pago, en publicaciones impresas y electr\u00f3nicas no se admiten devoluciones\u00a0<\/p>          \r\n        <div data-tab-title=\"\" class=\"simpleTabsClose\"><\/div>\r\n              <H4 data-tab-title=\"Precios para miembros AIAG\" class=\"simpleTabsOpen\">Precios para miembros AIAG<\/H4>\r\n                      <p>Los miembros activos de AIAG tienen acceso a precios preferenciales en publicaciones impresas y en formato edoc. <strong><a href=\"\/mx\/contactanos\/\">Cont\u00e1ctenos<\/a> <\/strong>para m\u00e1s informaci\u00f3n<\/p>          \r\n        <div data-tab-title=\"\" class=\"simpleTabsClose\"><\/div>\r\n      \t\t\t\t<\/div>\n\t\t\t\t<\/div>\n\t\t\t\t\t<\/div>\n\t\t<\/div>\n\t\t\t\t\t<\/div>\n\t\t<\/section>\n\t\t\t\t<section class=\"elementor-section elementor-top-section elementor-element elementor-element-5ad6c80 elementor-section-boxed elementor-section-height-default elementor-section-height-default\" data-id=\"5ad6c80\" data-element_type=\"section\" data-e-type=\"section\">\n\t\t\t\t\t\t<div class=\"elementor-container elementor-column-gap-default\">\n\t\t\t\t\t<div class=\"elementor-column elementor-col-100 elementor-top-column elementor-element elementor-element-1b89332\" data-id=\"1b89332\" data-element_type=\"column\" data-e-type=\"column\">\n\t\t\t<div class=\"elementor-widget-wrap elementor-element-populated\">\n\t\t\t\t\t\t<div class=\"elementor-element elementor-element-8775660 elementor-widget elementor-widget-related-content-block\" data-id=\"8775660\" data-element_type=\"widget\" data-e-type=\"widget\" data-widget_type=\"related-content-block.default\">\n\t\t\t\t<div class=\"elementor-widget-container\">\n\t\t\t\t\t    \r\n      <div class=\"row\">\r\n          <div class=\"col\">\r\n              <div class=\"related-content\">\r\n                  <h2 >Tambi\u00e9n podr\u00eda interesarle: <\/h2>\r\n\r\n                  <div class=\"row\">\r\n                      <div class=\"col-12 col-md-4 mb-3\">\r\n                          <div class=\"page page-1\">\r\n                              <div class=\"content-type\"><\/div>\r\n                              <div class=\"content-title\"><a href=\"https:\/\/plexusintl.com\/mx\/catalogo\/cqi-14-automotive-warranty-management-guideline\/\" class=\"cta\" >CQI-14: GESTI\u00d3N DE GARANT\u00cdAS AUTOMOTRICES <\/a><\/div>\r\n                              <div class=\"content-description\"><p >El objetivo de esta formaci\u00f3n es desarrollar las habilidades y competencias de los participantes para implementar y cumplir con los lineamientos de la gu\u00eda AIAG CQI-14 con el fin de proporcionar un proceso de garant\u00edas que utiliza las mejores pr\u00e1cticas. <\/p><\/div>\r\n                          <\/div>\r\n                      <\/div>\r\n                      <div class=\"col-12 col-md-4 mb-3\">\r\n                          <div class=\"page page-2\">\r\n                              <div class=\"content-type\"><\/div>\r\n                              <div class=\"content-title\"><a href=\"https:\/\/plexusintl.com\/mx\/catalogo\/fundamentos-de-auditorias-internas-de-la-norma-iatf-169492016\/\" class=\"cta\" >Fundamentos de Auditor\u00edas Internas IATF 16949:2016 \u2013Formaci\u00f3n a distancia.<\/a><\/div>\r\n                              <div class=\"content-description\"><p >En este curso de formaci\u00f3n ha sido desarrollado para aquellas personas en la organizaci\u00f3n con conocimiento y experiencia profesional suficiente que se integrar\u00e1 al grupo de auditores internos y de proveedores de la organizaci\u00f3n en IATF 16949:2016 para la industria automotriz.<\/p><\/div>\r\n                          <\/div>\r\n                      <\/div>\r\n                      <div class=\"col-xs-12 col-md-4 mb-3\">\r\n                          <div class=\"page page-3\">\r\n                              <div class=\"content-type\"><\/div>\r\n                              <div class=\"content-title\"><a href=\"https:\/\/plexusintl.com\/mx\/competencias\/aiag-quality-core-tools\/\" class=\"cta\" >Core Tools de AIAG<\/a><\/div>\r\n                              <div class=\"content-description\"><p >La aplicaci\u00f3n de las herramientas Core Tools es uno de los mecanismos m\u00e1s importantes para una organizaci\u00f3n que quiere desarrollar e implementar un proceso de desarrollo de producto efectivo para cumplir y superar los requisitos de la industria y los clientes.<\/p><\/div>\r\n                          <\/div>\r\n                      <\/div>\r\n                  <\/div>\r\n              <\/div>\r\n          <\/div>\r\n      <\/div>\r\n    \t\t\t\t<\/div>\n\t\t\t\t<\/div>\n\t\t\t\t\t<\/div>\n\t\t<\/div>\n\t\t\t\t\t<\/div>\n\t\t<\/section>\n\t\t\t\t<\/div>\n\t\t","protected":false},"excerpt":{"rendered":"<p>Procesos especiales y otros CQIs&nbsp;&bull;&nbsp;Publicaci\u00f3n Portada &#8211; CQI-14 La gu\u00eda CQI-14 incluye lineamientos y orientaci\u00f3n que impulsan la satisfacci\u00f3n del consumidor y la mejora del sistema de gesti\u00f3n de garant\u00edas. La gu\u00eda proporciona una herramienta de evaluaci\u00f3n y casos de estudio en donde No se encontraron problemas que sirven de ejemplo para guiar a una&#8230;<\/p>\n","protected":false},"author":10,"featured_media":0,"parent":87,"menu_order":0,"comment_status":"closed","ping_status":"closed","template":"","meta":{"footnotes":"","_wp_rev_ctl_limit":""},"class_list":["post-4999","page","type-page","status-publish","hentry"],"_links":{"self":[{"href":"https:\/\/plexusintl.com\/mx\/wp-json\/wp\/v2\/pages\/4999","targetHints":{"allow":["GET"]}}],"collection":[{"href":"https:\/\/plexusintl.com\/mx\/wp-json\/wp\/v2\/pages"}],"about":[{"href":"https:\/\/plexusintl.com\/mx\/wp-json\/wp\/v2\/types\/page"}],"author":[{"embeddable":true,"href":"https:\/\/plexusintl.com\/mx\/wp-json\/wp\/v2\/users\/10"}],"replies":[{"embeddable":true,"href":"https:\/\/plexusintl.com\/mx\/wp-json\/wp\/v2\/comments?post=4999"}],"version-history":[{"count":24,"href":"https:\/\/plexusintl.com\/mx\/wp-json\/wp\/v2\/pages\/4999\/revisions"}],"predecessor-version":[{"id":6907,"href":"https:\/\/plexusintl.com\/mx\/wp-json\/wp\/v2\/pages\/4999\/revisions\/6907"}],"up":[{"embeddable":true,"href":"https:\/\/plexusintl.com\/mx\/wp-json\/wp\/v2\/pages\/87"}],"wp:attachment":[{"href":"https:\/\/plexusintl.com\/mx\/wp-json\/wp\/v2\/media?parent=4999"}],"curies":[{"name":"wp","href":"https:\/\/api.w.org\/{rel}","templated":true}]}}