{"id":5390,"date":"2021-07-18T10:59:25","date_gmt":"2021-07-18T15:59:25","guid":{"rendered":"https:\/\/plexusintl.com\/mx\/?page_id=5390"},"modified":"2023-03-07T19:05:17","modified_gmt":"2023-03-08T00:05:17","slug":"cqi-8-layered-process-audit-guideline-publicacion","status":"publish","type":"page","link":"https:\/\/plexusintl.com\/mx\/catalogo\/cqi-8-layered-process-audit-guideline-publicacion\/","title":{"rendered":"CQI-8 &#8211; Layered Process Audit Guideline &#8211; Publicaci\u00f3n"},"content":{"rendered":"\t\t<div data-elementor-type=\"wp-page\" data-elementor-id=\"5390\" class=\"elementor elementor-5390\" data-elementor-post-type=\"page\">\n\t\t\t\t\t\t<section class=\"elementor-section elementor-top-section elementor-element elementor-element-7fbf7803 elementor-section-boxed elementor-section-height-default elementor-section-height-default\" data-id=\"7fbf7803\" data-element_type=\"section\" data-e-type=\"section\">\n\t\t\t\t\t\t<div class=\"elementor-container elementor-column-gap-default\">\n\t\t\t\t\t<div class=\"elementor-column elementor-col-50 elementor-top-column elementor-element elementor-element-5ade247f\" data-id=\"5ade247f\" data-element_type=\"column\" data-e-type=\"column\">\n\t\t\t<div class=\"elementor-widget-wrap elementor-element-populated\">\n\t\t\t\t\t\t<div class=\"elementor-element elementor-element-487a003b elementor-widget elementor-widget-spacer\" data-id=\"487a003b\" data-element_type=\"widget\" data-e-type=\"widget\" data-widget_type=\"spacer.default\">\n\t\t\t\t<div class=\"elementor-widget-container\">\n\t\t\t\t\t\t\t<div class=\"elementor-spacer\">\n\t\t\t<div class=\"elementor-spacer-inner\"><\/div>\n\t\t<\/div>\n\t\t\t\t\t\t<\/div>\n\t\t\t\t<\/div>\n\t\t\t\t<section class=\"elementor-section elementor-inner-section elementor-element elementor-element-c953e08 elementor-section-boxed elementor-section-height-default elementor-section-height-default\" data-id=\"c953e08\" data-element_type=\"section\" data-e-type=\"section\">\n\t\t\t\t\t\t<div class=\"elementor-container elementor-column-gap-default\">\n\t\t\t\t\t<div class=\"elementor-column elementor-col-100 elementor-inner-column elementor-element elementor-element-93b3032\" data-id=\"93b3032\" data-element_type=\"column\" data-e-type=\"column\">\n\t\t\t<div class=\"elementor-widget-wrap elementor-element-populated\">\n\t\t\t\t\t\t<div class=\"elementor-element elementor-element-0ad7f6d elementor-widget elementor-widget-product-meta\" data-id=\"0ad7f6d\" data-element_type=\"widget\" data-e-type=\"widget\" data-widget_type=\"product-meta.default\">\n\t\t\t\t<div class=\"elementor-widget-container\">\n\t\t\t\t\t        <div class=\"meta\">\n                  <div class=\"tags\">Procesos especiales y otros CQIs&nbsp;&bull;&nbsp;AIAG&nbsp;&bull;&nbsp;Publicaci\u00f3n<\/div>\n              <\/div>\n     \t\t\t\t<\/div>\n\t\t\t\t<\/div>\n\t\t\t\t\t<\/div>\n\t\t<\/div>\n\t\t\t\t\t<\/div>\n\t\t<\/section>\n\t\t\t\t<div class=\"elementor-element elementor-element-6b86bd47 elementor-widget elementor-widget-spacer\" data-id=\"6b86bd47\" data-element_type=\"widget\" data-e-type=\"widget\" data-widget_type=\"spacer.default\">\n\t\t\t\t<div class=\"elementor-widget-container\">\n\t\t\t\t\t\t\t<div class=\"elementor-spacer\">\n\t\t\t<div class=\"elementor-spacer-inner\"><\/div>\n\t\t<\/div>\n\t\t\t\t\t\t<\/div>\n\t\t\t\t<\/div>\n\t\t\t\t<section class=\"elementor-section elementor-inner-section elementor-element elementor-element-462533c elementor-section-boxed elementor-section-height-default elementor-section-height-default\" data-id=\"462533c\" data-element_type=\"section\" data-e-type=\"section\">\n\t\t\t\t\t\t<div class=\"elementor-container elementor-column-gap-default\">\n\t\t\t\t\t<div class=\"elementor-column elementor-col-50 elementor-inner-column elementor-element elementor-element-2aad27f\" data-id=\"2aad27f\" data-element_type=\"column\" data-e-type=\"column\">\n\t\t\t<div class=\"elementor-widget-wrap elementor-element-populated\">\n\t\t\t\t\t\t<div class=\"elementor-element elementor-element-330be470 elementor-widget elementor-widget-image\" data-id=\"330be470\" data-element_type=\"widget\" data-e-type=\"widget\" data-widget_type=\"image.default\">\n\t\t\t\t<div class=\"elementor-widget-container\">\n\t\t\t\t\t\t\t\t\t\t\t\t\t\t\t<img fetchpriority=\"high\" decoding=\"async\" width=\"231\" height=\"300\" src=\"https:\/\/mx-wp-cdn.plexusintl.com\/wp-content\/uploads\/2021\/07\/14132221\/CQI-8v2Covert-1-231x300.png\" class=\"attachment-medium size-medium wp-image-5392\" alt=\"\" srcset=\"https:\/\/mx-wp-cdn.plexusintl.com\/wp-content\/uploads\/2021\/07\/14132221\/CQI-8v2Covert-1-231x300.png 231w, https:\/\/mx-wp-cdn.plexusintl.com\/wp-content\/uploads\/2021\/07\/14132221\/CQI-8v2Covert-1.png 250w\" sizes=\"(max-width: 231px) 100vw, 231px\" \/>\t\t\t\t\t\t\t\t\t\t\t\t\t\t\t<\/div>\n\t\t\t\t<\/div>\n\t\t\t\t\t<\/div>\n\t\t<\/div>\n\t\t\t\t<div class=\"elementor-column elementor-col-50 elementor-inner-column elementor-element elementor-element-65f8961\" data-id=\"65f8961\" data-element_type=\"column\" data-e-type=\"column\">\n\t\t\t<div class=\"elementor-widget-wrap elementor-element-populated\">\n\t\t\t\t\t\t<div class=\"elementor-element elementor-element-7d4ef7d elementor-widget elementor-widget-text-editor\" data-id=\"7d4ef7d\" data-element_type=\"widget\" data-e-type=\"widget\" data-widget_type=\"text-editor.default\">\n\t\t\t\t<div class=\"elementor-widget-container\">\n\t\t\t\t\t\t\t\t\t<p>Elementos clave de la directriz CQI-8 revisada: &#8220;Integra LPA con la gesti\u00f3n de indicadores clave de rendimiento (KPI) para que los LPA tengan un impacto positivo en los resultados comerciales.&#8221; Expande la propiedad m\u00e1s all\u00e1 de la funci\u00f3n de calidad &#8220;Sugiere el papel del equipo de planificaci\u00f3n de LPA&#8221; Promueve la utilizaci\u00f3n de LPA en \u00e1reas que no son de fabricaci\u00f3n (p. Ej., Ingenier\u00eda, compras, gesti\u00f3n de programas, etc.) &#8220;Recomienda roles y responsabilidades para LPA (cuadro RASIC)&#8221; Proporciona pautas ampliadas para redactar preguntas efectivas en la hoja de verificaci\u00f3n de LPA &#8220;Explica el proceso de auditor\u00eda en m\u00e1s detalle &#8220;Promueve la medici\u00f3n de la eficacia de LPA y luego ajusta en consecuencia&#8221; Aclara la implementaci\u00f3n de LPA a trav\u00e9s de hojas de verificaci\u00f3n de LPA espec\u00edficas del proceso &#8220;Describe la realizaci\u00f3n de auditor\u00edas y el registro de los hallazgos&#8221; Deja en claro la importancia de la revisi\u00f3n de la alta direcci\u00f3n y las m\u00e9tricas de LPA &#8220;Proporciona sugerencias espec\u00edficas para mejorar un sistema LPA existente<\/p>\t\t\t\t\t\t\t\t<\/div>\n\t\t\t\t<\/div>\n\t\t\t\t\t<\/div>\n\t\t<\/div>\n\t\t\t\t\t<\/div>\n\t\t<\/section>\n\t\t\t\t\t<\/div>\n\t\t<\/div>\n\t\t\t\t<div class=\"elementor-column elementor-col-50 elementor-top-column elementor-element elementor-element-36ab987b\" data-id=\"36ab987b\" data-element_type=\"column\" data-e-type=\"column\">\n\t\t\t<div class=\"elementor-widget-wrap elementor-element-populated\">\n\t\t\t\t\t\t<div class=\"elementor-element elementor-element-37889a0 elementor-widget elementor-widget-spacer\" data-id=\"37889a0\" data-element_type=\"widget\" data-e-type=\"widget\" data-widget_type=\"spacer.default\">\n\t\t\t\t<div class=\"elementor-widget-container\">\n\t\t\t\t\t\t\t<div class=\"elementor-spacer\">\n\t\t\t<div class=\"elementor-spacer-inner\"><\/div>\n\t\t<\/div>\n\t\t\t\t\t\t<\/div>\n\t\t\t\t<\/div>\n\t\t\t\t<div class=\"elementor-element elementor-element-012a1c0 elementor-widget elementor-widget-purchase-widget\" data-id=\"012a1c0\" data-element_type=\"widget\" data-e-type=\"widget\" data-widget_type=\"purchase-widget.default\">\n\t\t\t\t<div class=\"elementor-widget-container\">\n\t\t\t\t\t\n<div id=\"purchase_widget_122\" class=\"product-purchase-options\">\n\t<div class=\"intro-header\">\n    \t\t<h3>Adquiera la publicaci\u00f3n<\/h3>\n\t\t<p>E-doc CQI-8 en ingl\u00e9s<\/p>\n\t<\/div>\n\n    <div id=\"div-add-product\" class=\"d-block text-center\">\n    <img decoding=\"async\" src=\"https:\/\/plexusintl.com\/mx\/wp-content\/themes\/plexus-theme\/images\/Purchase-Widget.svg\" width=\"50px\" alt=\"Loading\" \/>     \n  <\/div>\n    <form method=\"post\" id=\"add-product\" class=\"add-product d-none\">\n      <div class=\"options\">\n        <div class=\"form-group d-none\"><script type=\"text\/javascript\"> $('.product-purchase-options .intro-header').css(\"border-bottom\", \"none\"); <\/script>          <div class=\"radio\">\n            <label>\n              <input type=\"radio\" name=\"delivery_type_pub\" value=\"e-learning\" checked onchange=\"$('#corporate_licensing_122').css('display', 'none');$('#member_pricing_122').css('display', 'none');$('#single_user_access_122').css('display', 'block');\"> Seleccione una opci\u00f3n<\/label>\n          <\/div>\n          <div class=\"radio d-none\">\n            <label>\n              <input type=\"radio\" name=\"delivery_type_pub\" value=\"on-site-training\" onchange=\"$('#single_user_access_122').css('display', 'none');$('#member_pricing_122').css('display', 'none');$('#corporate_licensing_122').css('display', 'block');\"> Solicitar una Cotizaci\u00f3n<\/label>\n          <\/div>\n          <div class=\"radio d-none\">\n            <label>\n              <input type=\"radio\" name=\"delivery_type_pub\" value=\"member-pricing\" onchange=\"$('#single_user_access_122').css('display', 'none');$('#corporate_licensing_122').css('display', 'none');$('#member_pricing_122').css('display', 'block');\"> Precio miembro<\/label>\n          <\/div>\n        <\/div>\n        <\/div>      <div class=\"purchase-actions\" id=\"single_user_access_122\">\n        <div class=\"e-learning actions d-block\">\n                    <div class=\"\">\n              <div class=\"price-wrapper \">\n                <div class=\"price-label\">Precio<\/div>\n                                    \n                  <div class=\"price\" id=\"e-learning-price\">\n                    <span id=\"priceFigure\">120.00<\/span>&nbsp;USD            \n                  <\/div>\n                                    <div id=\"purchase-error\"><\/div>\n                  <input type=\"hidden\" name=\"product_id\" value=\"29e6fde0-df49-11eb-b999-0ae8b9885edd\">\n              <\/div>\n              <button type=\"submit\" class=\"blue-button register-button\" style=\"display:block;\">Comprar<\/button>\n            <\/div>\t\t\t\t\n        <\/div> \n      <\/div>\n      \n      <div class=\"purchase-actions\" id=\"corporate_licensing_122\" style=\"display:none;\">\n        <div class=\"on-site-training actions\" style=\"display: block;\">\n          <a href=\"http:\/\/plexusintl.com\/mx\/solicite-una-cotizacion\/?course_requested=+Edoc+-+CQI+8+-+2ed+-+EN++-+-edoc-cqi-8-2ed-en-Solicitar Cotizaci\u00f3n\" title=\"Solicitar una Cotizaci\u00f3n\" class=\"blue-button\">Solicitar una Cotizaci\u00f3n<\/a>\n        <\/div>\n      <\/div>\n\n      <div class=\"purchase-actions\" id=\"member_pricing_122\" style=\"display:none;\">\n        <div class=\"on-site-training actions\" style=\"display: block;\">\n          <a href=\"http:\/\/plexusintl.com\/request-quote?course_requested=+Edoc+-+CQI+8+-+2ed+-+EN++-+-edoc-cqi-8-2ed-en-Solicitar+Cotizaci%C3%B3n\" title=\"Solicitar Cotizaci\u00f3n para Miembros AIAG\" class=\"blue-button\">Solicitar Cotizaci\u00f3n para Miembros AIAG<\/a>\n        <\/div>\n      <\/div>\n      <div style=\"display:none;\">\n         \n      <\/div>\n    <\/form>  \n  <\/div>\n<script type=\"text\/javascript\">\n\t$(document).ready(function() { \n\t\t$('#purchase_widget_122 input[name=delivery_type]').change(function(){\t\n      $('#purchase_widget_122 .purchase-actions .actions').hide();\t\t\n\t\t\t$('#purchase_widget_122 .purchase-actions .actions.'+$('input[name=delivery_type]:checked').val()).slideDown();\n    });\n    \n    var hiddenBox = $(\"#purchase_widget_122 #open-enrollment-single-session-location\")[0];\n    if(hiddenBox != null && hiddenBox.value !== \"\"){\n      $('#purchase_widget_122 #location p').html(hiddenBox.value);        \n      $('#purchase_widget_122 .session-detail').slideDown();\n      $('#purchase_widget_122 .session-detail').removeClass('d-none');\n      $('#purchase_widget_122 .session-detail').addClass('d-block');\n    }\n    else {      \n      $('#purchase_widget_122 .session-detail').removeClass('d-block');\n      $('#purchase_widget_122 .session-detail').addClass('d-none');\n    }\n\n\t\t$('#purchase_widget_122 #open-enrollment-session').change(function(){\n\t\t\tif($(this).val() != '') {\n\t\t\t\tvar option = $(this).find('option:selected');\n\n\t\t\t\t$('#purchase_widget_122 #location p').html($(option).data('location'));\n        $('#purchase_widget_122 #open-enrollment-session-value').val($(option).data('id'));\n      \n        $('#purchase_widget_122 .session-detail').slideDown();\n        $('#purchase_widget_122 .session-detail').removeClass('d-none');\n        $('#purchase_widget_122 .session-detail').addClass('d-block');\n\t\t\t} else {        \n        $('#purchase_widget_122 .session-detail').removeClass('d-block');\n        $('#purchase_widget_122 .session-detail').addClass('d-none');\n\t\t\t}\n    });\n    var priceFigure = $('#purchase_widget_122 #priceFigure')[0];\n    if (priceFigure != null)\n      priceFigure.innerHTML = formatCurrency(priceFigure.innerHTML);\n    \n      $('#purchase_widget_122 #div-add-product').removeClass('d-block');\n      $('#purchase_widget_122 #div-add-product').addClass('d-none');\n      $('#purchase_widget_122 #add-product').removeClass('d-none');\n      $('#purchase_widget_122 #add-product').addClass('d-block');\n  });\n  $('#purchase_widget_122 .add-product').submit(function(e){\n    e.preventDefault();    \n    var productId = $(this).find('input[name=\"product_id\"]').val();\n          addProductToCart(productId);\n    \n  });\n  <\/script>\n    \t\t\t\t<\/div>\n\t\t\t\t<\/div>\n\t\t\t\t\t<\/div>\n\t\t<\/div>\n\t\t\t\t\t<\/div>\n\t\t<\/section>\n\t\t\t\t<section class=\"elementor-section elementor-top-section elementor-element elementor-element-1cc2f6ae elementor-section-boxed elementor-section-height-default elementor-section-height-default\" data-id=\"1cc2f6ae\" data-element_type=\"section\" data-e-type=\"section\">\n\t\t\t\t\t\t<div class=\"elementor-container elementor-column-gap-default\">\n\t\t\t\t\t<div class=\"elementor-column elementor-col-66 elementor-top-column elementor-element elementor-element-8976962\" data-id=\"8976962\" data-element_type=\"column\" data-e-type=\"column\">\n\t\t\t<div class=\"elementor-widget-wrap\">\n\t\t\t\t\t\t\t<\/div>\n\t\t<\/div>\n\t\t\t\t<div class=\"elementor-column elementor-col-33 elementor-top-column elementor-element elementor-element-7423e8a5\" data-id=\"7423e8a5\" data-element_type=\"column\" data-e-type=\"column\">\n\t\t\t<div class=\"elementor-widget-wrap elementor-element-populated\">\n\t\t\t\t\t\t<div class=\"elementor-element elementor-element-7214a436 elementor-widget elementor-widget-global elementor-global-4934 elementor-widget-text-editor\" data-id=\"7214a436\" data-element_type=\"widget\" data-e-type=\"widget\" data-widget_type=\"text-editor.default\">\n\t\t\t\t<div class=\"elementor-widget-container\">\n\t\t\t\t\t\t\t\t\t<h3 style=\"text-align: center;\">Solicite la Publicaci\u00f3n Impresa<\/h3><p style=\"text-align: center;\">Contactanos para solicitar la versi\u00f3n impresa de este documento<\/p><p style=\"text-align: center;\"><a class=\"blue-button\" href=\"https:\/\/plexusintl.com\/mx\/contactanos\/\">Solicitar en formato impreso<\/a><\/p>\t\t\t\t\t\t\t\t<\/div>\n\t\t\t\t<\/div>\n\t\t\t\t\t<\/div>\n\t\t<\/div>\n\t\t\t\t\t<\/div>\n\t\t<\/section>\n\t\t\t\t<section class=\"elementor-section elementor-top-section elementor-element elementor-element-1f2f5fb0 elementor-section-boxed elementor-section-height-default elementor-section-height-default\" data-id=\"1f2f5fb0\" data-element_type=\"section\" data-e-type=\"section\">\n\t\t\t\t\t\t<div class=\"elementor-container elementor-column-gap-default\">\n\t\t\t\t\t<div class=\"elementor-column elementor-col-100 elementor-top-column elementor-element elementor-element-2343cbed\" data-id=\"2343cbed\" data-element_type=\"column\" data-e-type=\"column\">\n\t\t\t<div class=\"elementor-widget-wrap elementor-element-populated\">\n\t\t\t\t\t\t<div class=\"elementor-element elementor-element-59a2205 elementor-widget elementor-widget-quick-tabs-block\" data-id=\"59a2205\" data-element_type=\"widget\" data-e-type=\"widget\" data-widget_type=\"quick-tabs-block.default\">\n\t\t\t\t<div class=\"elementor-widget-container\">\n\t\t\t\t\t        <H4 data-tab-title=\"Informaci\u00f3n Adicional\" class=\"simpleTabsOpen\">Informaci\u00f3n Adicional<\/H4>\r\n                          <div class=\"row product-tabs-content\">\r\n                  <div class=\"col-3\">\r\n                    <p style=\"color:black\"><strong>Fecha de Publicaci\u00f3n<\/strong><\/p>\r\n                  <\/div>\r\n                  <div class=\"col-9\">\r\n                    <p>Enero 2014<\/p>                  <\/div>\r\n                <\/div>\r\n                                <hr\/>\r\n                  <br \/>\r\n                                <div class=\"row product-tabs-content\">\r\n                  <div class=\"col-3\">\r\n                    <p style=\"color:black\"><strong>Versi\u00f3n Vigente<\/strong><\/p>\r\n                  <\/div>\r\n                  <div class=\"col-9\">\r\n                    <p>2<\/p>                  <\/div>\r\n                <\/div>\r\n                                <hr\/>\r\n                  <br \/>\r\n                                <div class=\"row product-tabs-content\">\r\n                  <div class=\"col-3\">\r\n                    <p style=\"color:black\"><strong>Idioma<\/strong><\/p>\r\n                  <\/div>\r\n                  <div class=\"col-9\">\r\n                    <p>Ingl\u00e9s<\/p>                  <\/div>\r\n                <\/div>\r\n              \r\n        <div data-tab-title=\"\" class=\"simpleTabsClose\"><\/div>\r\n              <H4 data-tab-title=\"Consideraciones para los eDocument\" class=\"simpleTabsOpen\">Consideraciones para los eDocument<\/H4>\r\n                      <p>Los documentos electr\u00f3nicos de AIAG no se pueden imprimir ni guardar en su computadora local, solo se pueden ver a trav\u00e9s del sitio web de AIAG, utilizando nuestro visor de documentos electr\u00f3nicos. Los documentos electr\u00f3nicos tienen licencia para una cuenta de usuario final; aseg\u00farese de que el pedido se realice bajo la cuenta del usuario final real. Los documentos electr\u00f3nicos de AIAG no son transferibles de una cuenta a otra.<\/p>          \r\n        <div data-tab-title=\"\" class=\"simpleTabsClose\"><\/div>\r\n              <H4 data-tab-title=\"Envio y Devoluciones\" class=\"simpleTabsOpen\">Envio y Devoluciones<\/H4>\r\n                      <p>Los envios solo se realizar\u00e1n una vez que se haya cubierto su pago, en publicaciones impresas y electr\u00f3nicas no se admiten devoluciones\u00a0<\/p>          \r\n        <div data-tab-title=\"\" class=\"simpleTabsClose\"><\/div>\r\n              <H4 data-tab-title=\"Precios para miembros AIAG\" class=\"simpleTabsOpen\">Precios para miembros AIAG<\/H4>\r\n                      <p>Los miembros activos de AIAG tienen acceso a precios preferenciales en publicaciones impresas y en formato edoc. <strong><a href=\"\/mx\/contactanos\/\">Cont\u00e1ctenos<\/a> <\/strong>para m\u00e1s informaci\u00f3n<\/p>          \r\n        <div data-tab-title=\"\" class=\"simpleTabsClose\"><\/div>\r\n      \t\t\t\t<\/div>\n\t\t\t\t<\/div>\n\t\t\t\t\t<\/div>\n\t\t<\/div>\n\t\t\t\t\t<\/div>\n\t\t<\/section>\n\t\t\t\t<section class=\"elementor-section elementor-top-section elementor-element elementor-element-64c0b27 elementor-section-boxed elementor-section-height-default elementor-section-height-default\" data-id=\"64c0b27\" data-element_type=\"section\" data-e-type=\"section\">\n\t\t\t\t\t\t<div class=\"elementor-container elementor-column-gap-default\">\n\t\t\t\t\t<div class=\"elementor-column elementor-col-100 elementor-top-column elementor-element elementor-element-ddeb798\" data-id=\"ddeb798\" data-element_type=\"column\" data-e-type=\"column\">\n\t\t\t<div class=\"elementor-widget-wrap elementor-element-populated\">\n\t\t\t\t\t\t<div class=\"elementor-element elementor-element-fe61fd0 elementor-widget elementor-widget-related-content-block\" data-id=\"fe61fd0\" data-element_type=\"widget\" data-e-type=\"widget\" data-widget_type=\"related-content-block.default\">\n\t\t\t\t<div class=\"elementor-widget-container\">\n\t\t\t\t\t    \r\n      <div class=\"row\">\r\n          <div class=\"col\">\r\n              <div class=\"related-content\">\r\n                  <h2 >Tambi\u00e9n podr\u00eda interesarle: <\/h2>\r\n\r\n                  <div class=\"row\">\r\n                      <div class=\"col-12 col-md-4 mb-3\">\r\n                          <div class=\"page page-1\">\r\n                              <div class=\"content-type\"><\/div>\r\n                              <div class=\"content-title\"><a href=\"https:\/\/plexusintl.com\/mx\/catalogo\/cqi-8-guia-de-auditorias-a-procesos-en-capas\/\" class=\"cta\" >CQI-8 Gu\u00eda de Auditor\u00edas a Procesos en Capas<\/a><\/div>\r\n                              <div class=\"content-description\"><p >CQI-8 Las Auditor\u00edas a Procesos en Capas, son la forma estructurada para verificar que el trabajo es ejecutado como fue dise\u00f1ado originalmente, resultando en m\u00e9tricos de desempe\u00f1o mejorado.<\/p><\/div>\r\n                          <\/div>\r\n                      <\/div>\r\n                      <div class=\"col-12 col-md-4 mb-3\">\r\n                          <div class=\"page page-2\">\r\n                              <div class=\"content-type\"><\/div>\r\n                              <div class=\"content-title\"><a href=\"https:\/\/plexusintl.com\/mx\/catalogo\/spc-control-estadistico-de-procesos-publicacion\/\" class=\"cta\" >SPC \u2013 Control Estad\u00edstico de Procesos \u2013 Publicaci\u00f3n<\/a><\/div>\r\n                              <div class=\"content-description\"><p >SPC - La mejora continua es vital para prosperar en la econom\u00eda actual. Esta gu\u00eda proporciona varios m\u00e9todos estad\u00edsticos b\u00e1sicos y avanzados que se pueden utilizar para hacer que sus mejoras de fabricaci\u00f3n sean m\u00e1s efectivas, lo que da como resultado productos y servicios que mejoran el valor tanto para usted como para su cliente.<\/p><\/div>\r\n                          <\/div>\r\n                      <\/div>\r\n                      <div class=\"col-xs-12 col-md-4 mb-3\">\r\n                          <div class=\"page page-3\">\r\n                              <div class=\"content-type\"><\/div>\r\n                              <div class=\"content-title\"><a href=\"https:\/\/plexusintl.com\/mx\/procesos-especiales-cqis\/\" class=\"cta\" >Procesos Especiales Gu\u00edas CQI de AIAG<\/a><\/div>\r\n                              <div class=\"content-description\"><p >El est\u00e1ndar IATF 16949: 2016 exige el uso de mejores pr\u00e1cticas. Distribuido globalmente por Plexus, AIAG ofrece capacitaci\u00f3n y documentos en Procesos Especiales. El objetivo de la Iniciativa de procesos especiales de AIAG es la reducci\u00f3n de campa\u00f1as, derrames, retiros y reclamos de garant\u00eda relacionados con componentes de \u201cProcesos especiales\u201d. <\/p><\/div>\r\n                          <\/div>\r\n                      <\/div>\r\n                  <\/div>\r\n              <\/div>\r\n          <\/div>\r\n      <\/div>\r\n    \t\t\t\t<\/div>\n\t\t\t\t<\/div>\n\t\t\t\t\t<\/div>\n\t\t<\/div>\n\t\t\t\t\t<\/div>\n\t\t<\/section>\n\t\t\t\t<\/div>\n\t\t","protected":false},"excerpt":{"rendered":"<p>Procesos especiales y otros CQIs&nbsp;&bull;&nbsp;AIAG&nbsp;&bull;&nbsp;Publicaci\u00f3n Elementos clave de la directriz CQI-8 revisada: &#8220;Integra LPA con la gesti\u00f3n de indicadores clave de rendimiento (KPI) para que los LPA tengan un impacto positivo en los resultados comerciales.&#8221; Expande la propiedad m\u00e1s all\u00e1 de la funci\u00f3n de calidad &#8220;Sugiere el papel del equipo de planificaci\u00f3n de LPA&#8221; Promueve&#8230;<\/p>\n","protected":false},"author":10,"featured_media":0,"parent":87,"menu_order":0,"comment_status":"closed","ping_status":"closed","template":"","meta":{"footnotes":"","_wp_rev_ctl_limit":""},"class_list":["post-5390","page","type-page","status-publish","hentry"],"_links":{"self":[{"href":"https:\/\/plexusintl.com\/mx\/wp-json\/wp\/v2\/pages\/5390","targetHints":{"allow":["GET"]}}],"collection":[{"href":"https:\/\/plexusintl.com\/mx\/wp-json\/wp\/v2\/pages"}],"about":[{"href":"https:\/\/plexusintl.com\/mx\/wp-json\/wp\/v2\/types\/page"}],"author":[{"embeddable":true,"href":"https:\/\/plexusintl.com\/mx\/wp-json\/wp\/v2\/users\/10"}],"replies":[{"embeddable":true,"href":"https:\/\/plexusintl.com\/mx\/wp-json\/wp\/v2\/comments?post=5390"}],"version-history":[{"count":7,"href":"https:\/\/plexusintl.com\/mx\/wp-json\/wp\/v2\/pages\/5390\/revisions"}],"predecessor-version":[{"id":6810,"href":"https:\/\/plexusintl.com\/mx\/wp-json\/wp\/v2\/pages\/5390\/revisions\/6810"}],"up":[{"embeddable":true,"href":"https:\/\/plexusintl.com\/mx\/wp-json\/wp\/v2\/pages\/87"}],"wp:attachment":[{"href":"https:\/\/plexusintl.com\/mx\/wp-json\/wp\/v2\/media?parent=5390"}],"curies":[{"name":"wp","href":"https:\/\/api.w.org\/{rel}","templated":true}]}}