{"id":5405,"date":"2021-07-18T11:12:16","date_gmt":"2021-07-18T16:12:16","guid":{"rendered":"https:\/\/plexusintl.com\/mx\/?page_id=5405"},"modified":"2023-03-29T13:30:34","modified_gmt":"2023-03-29T18:30:34","slug":"cqi-17-special-process-welding-system-assessment-publicacion","status":"publish","type":"page","link":"https:\/\/plexusintl.com\/mx\/catalogo\/cqi-17-special-process-welding-system-assessment-publicacion\/","title":{"rendered":"CQI-17 Special Process: Welding System Assessment &#8211; Publicaci\u00f3n"},"content":{"rendered":"\t\t<div data-elementor-type=\"wp-page\" data-elementor-id=\"5405\" class=\"elementor elementor-5405\" data-elementor-post-type=\"page\">\n\t\t\t\t\t\t<section class=\"elementor-section elementor-top-section elementor-element elementor-element-77e42ff3 elementor-section-boxed elementor-section-height-default elementor-section-height-default\" data-id=\"77e42ff3\" data-element_type=\"section\" data-e-type=\"section\">\n\t\t\t\t\t\t<div class=\"elementor-container elementor-column-gap-default\">\n\t\t\t\t\t<div class=\"elementor-column elementor-col-50 elementor-top-column elementor-element elementor-element-6559f792\" data-id=\"6559f792\" data-element_type=\"column\" data-e-type=\"column\">\n\t\t\t<div class=\"elementor-widget-wrap elementor-element-populated\">\n\t\t\t\t\t\t<section class=\"elementor-section elementor-inner-section elementor-element elementor-element-cef9a27 elementor-section-boxed elementor-section-height-default elementor-section-height-default\" data-id=\"cef9a27\" data-element_type=\"section\" data-e-type=\"section\">\n\t\t\t\t\t\t<div class=\"elementor-container elementor-column-gap-default\">\n\t\t\t\t\t<div class=\"elementor-column elementor-col-100 elementor-inner-column elementor-element elementor-element-57b278f\" data-id=\"57b278f\" data-element_type=\"column\" data-e-type=\"column\">\n\t\t\t<div class=\"elementor-widget-wrap elementor-element-populated\">\n\t\t\t\t\t\t<div class=\"elementor-element elementor-element-9d77a97 elementor-widget elementor-widget-spacer\" data-id=\"9d77a97\" data-element_type=\"widget\" data-e-type=\"widget\" data-widget_type=\"spacer.default\">\n\t\t\t\t<div class=\"elementor-widget-container\">\n\t\t\t\t\t\t\t<div class=\"elementor-spacer\">\n\t\t\t<div class=\"elementor-spacer-inner\"><\/div>\n\t\t<\/div>\n\t\t\t\t\t\t<\/div>\n\t\t\t\t<\/div>\n\t\t\t\t<div class=\"elementor-element elementor-element-64d16a5 elementor-widget elementor-widget-product-meta\" data-id=\"64d16a5\" data-element_type=\"widget\" data-e-type=\"widget\" data-widget_type=\"product-meta.default\">\n\t\t\t\t<div class=\"elementor-widget-container\">\n\t\t\t\t\t        <div class=\"meta\">\n                  <div class=\"tags\">Procesos especiales y otros CQIs&nbsp;&bull;&nbsp;Publicaci\u00f3n<\/div>\n              <\/div>\n     \t\t\t\t<\/div>\n\t\t\t\t<\/div>\n\t\t\t\t<div class=\"elementor-element elementor-element-44f4be3 elementor-widget elementor-widget-theme-post-title elementor-page-title elementor-widget-heading\" data-id=\"44f4be3\" data-element_type=\"widget\" data-e-type=\"widget\" data-widget_type=\"theme-post-title.default\">\n\t\t\t\t<div class=\"elementor-widget-container\">\n\t\t\t\t\t<h2 class=\"elementor-heading-title elementor-size-default\">CQI-17 Special Process: Welding System Assessment &#8211; Publicaci\u00f3n<\/h2>\t\t\t\t<\/div>\n\t\t\t\t<\/div>\n\t\t\t\t\t<\/div>\n\t\t<\/div>\n\t\t\t\t\t<\/div>\n\t\t<\/section>\n\t\t\t\t<div class=\"elementor-element elementor-element-24ecae93 elementor-widget elementor-widget-spacer\" data-id=\"24ecae93\" data-element_type=\"widget\" data-e-type=\"widget\" data-widget_type=\"spacer.default\">\n\t\t\t\t<div class=\"elementor-widget-container\">\n\t\t\t\t\t\t\t<div class=\"elementor-spacer\">\n\t\t\t<div class=\"elementor-spacer-inner\"><\/div>\n\t\t<\/div>\n\t\t\t\t\t\t<\/div>\n\t\t\t\t<\/div>\n\t\t\t\t<section class=\"elementor-section elementor-inner-section elementor-element elementor-element-b1286b4 elementor-section-boxed elementor-section-height-default elementor-section-height-default\" data-id=\"b1286b4\" data-element_type=\"section\" data-e-type=\"section\">\n\t\t\t\t\t\t<div class=\"elementor-container elementor-column-gap-default\">\n\t\t\t\t\t<div class=\"elementor-column elementor-col-50 elementor-inner-column elementor-element elementor-element-1418437\" data-id=\"1418437\" data-element_type=\"column\" data-e-type=\"column\">\n\t\t\t<div class=\"elementor-widget-wrap elementor-element-populated\">\n\t\t\t\t\t\t<div class=\"elementor-element elementor-element-532ae427 elementor-widget elementor-widget-image\" data-id=\"532ae427\" data-element_type=\"widget\" data-e-type=\"widget\" data-widget_type=\"image.default\">\n\t\t\t\t<div class=\"elementor-widget-container\">\n\t\t\t\t\t\t\t\t\t\t\t\t\t\t\t<img fetchpriority=\"high\" decoding=\"async\" width=\"229\" height=\"300\" src=\"https:\/\/mx-wp-cdn.plexusintl.com\/wp-content\/uploads\/2022\/01\/14132211\/Captura-de-Pantalla-2022-01-03-a-las-14.28.48-229x300.png\" class=\"attachment-medium size-medium wp-image-6350\" alt=\"\" srcset=\"https:\/\/mx-wp-cdn.plexusintl.com\/wp-content\/uploads\/2022\/01\/14132211\/Captura-de-Pantalla-2022-01-03-a-las-14.28.48-229x300.png 229w, https:\/\/mx-wp-cdn.plexusintl.com\/wp-content\/uploads\/2022\/01\/14132211\/Captura-de-Pantalla-2022-01-03-a-las-14.28.48.png 524w\" sizes=\"(max-width: 229px) 100vw, 229px\" \/>\t\t\t\t\t\t\t\t\t\t\t\t\t\t\t<\/div>\n\t\t\t\t<\/div>\n\t\t\t\t\t<\/div>\n\t\t<\/div>\n\t\t\t\t<div class=\"elementor-column elementor-col-50 elementor-inner-column elementor-element elementor-element-b17ac42\" data-id=\"b17ac42\" data-element_type=\"column\" data-e-type=\"column\">\n\t\t\t<div class=\"elementor-widget-wrap elementor-element-populated\">\n\t\t\t\t\t\t<div class=\"elementor-element elementor-element-b4e7704 elementor-widget elementor-widget-text-editor\" data-id=\"b4e7704\" data-element_type=\"widget\" data-e-type=\"widget\" data-widget_type=\"text-editor.default\">\n\t\t\t\t<div class=\"elementor-widget-container\">\n\t\t\t\t\t\t\t\t\t<p>Conozca los requisitos del proceso que su organizaci\u00f3n debe seguir para desarrollar un sistema de gesti\u00f3n de soldadura que proporcione una mejora continua, enfatizando la prevenci\u00f3n de defectos y la reducci\u00f3n de la variaci\u00f3n y el desperdicio en la cadena de suministro. La aplicaci\u00f3n de este proceso le permitir\u00e1 cumplir con los requisitos reglamentarios e identificar \u00e1reas de mejora mientras mejora la satisfacci\u00f3n del cliente. Este manual incluye una evaluaci\u00f3n descargable con formularios para completar la evaluaci\u00f3n.<\/p>\t\t\t\t\t\t\t\t<\/div>\n\t\t\t\t<\/div>\n\t\t\t\t\t<\/div>\n\t\t<\/div>\n\t\t\t\t\t<\/div>\n\t\t<\/section>\n\t\t\t\t\t<\/div>\n\t\t<\/div>\n\t\t\t\t<div class=\"elementor-column elementor-col-50 elementor-top-column elementor-element elementor-element-175a0c18\" data-id=\"175a0c18\" data-element_type=\"column\" data-e-type=\"column\">\n\t\t\t<div class=\"elementor-widget-wrap elementor-element-populated\">\n\t\t\t\t\t\t<div class=\"elementor-element elementor-element-f3cc85e elementor-widget elementor-widget-spacer\" data-id=\"f3cc85e\" data-element_type=\"widget\" data-e-type=\"widget\" data-widget_type=\"spacer.default\">\n\t\t\t\t<div class=\"elementor-widget-container\">\n\t\t\t\t\t\t\t<div class=\"elementor-spacer\">\n\t\t\t<div class=\"elementor-spacer-inner\"><\/div>\n\t\t<\/div>\n\t\t\t\t\t\t<\/div>\n\t\t\t\t<\/div>\n\t\t\t\t<div class=\"elementor-element elementor-element-4dffe56 elementor-widget elementor-widget-purchase-widget\" data-id=\"4dffe56\" data-element_type=\"widget\" data-e-type=\"widget\" data-widget_type=\"purchase-widget.default\">\n\t\t\t\t<div class=\"elementor-widget-container\">\n\t\t\t\t\t\n<div id=\"purchase_widget_817\" class=\"product-purchase-options\">\n\t<div class=\"intro-header\">\n    \t\t<h3>Adquiera la publicaci\u00f3n<\/h3>\n\t\t<p> \nObtenga acceso de un solo usuario a las publicaciones de AIAG, reciba una copia impresa o ambos.\n\n<\/p>\n\t<\/div>\n\n    <div id=\"div-add-product\" class=\"d-block text-center\">\n    <img decoding=\"async\" src=\"https:\/\/plexusintl.com\/mx\/wp-content\/themes\/plexus-theme\/images\/Purchase-Widget.svg\" width=\"50px\" alt=\"Loading\" \/>     \n  <\/div>\n    <form method=\"post\" id=\"add-product\" class=\"add-product d-none\">\n      <div class=\"options\">\n        <div class=\"form-group d-none\"><script type=\"text\/javascript\"> $('.product-purchase-options .intro-header').css(\"border-bottom\", \"none\"); <\/script>          <div class=\"radio\">\n            <label>\n              <input type=\"radio\" name=\"delivery_type_pub\" value=\"e-learning\" checked onchange=\"$('#corporate_licensing_817').css('display', 'none');$('#member_pricing_817').css('display', 'none');$('#single_user_access_817').css('display', 'block');\"> Seleccione una opci\u00f3n<\/label>\n          <\/div>\n          <div class=\"radio d-none\">\n            <label>\n              <input type=\"radio\" name=\"delivery_type_pub\" value=\"on-site-training\" onchange=\"$('#single_user_access_817').css('display', 'none');$('#member_pricing_817').css('display', 'none');$('#corporate_licensing_817').css('display', 'block');\"> Solicitar una Cotizaci\u00f3n<\/label>\n          <\/div>\n          <div class=\"radio d-none\">\n            <label>\n              <input type=\"radio\" name=\"delivery_type_pub\" value=\"member-pricing\" onchange=\"$('#single_user_access_817').css('display', 'none');$('#corporate_licensing_817').css('display', 'none');$('#member_pricing_817').css('display', 'block');\"> Precio miembro<\/label>\n          <\/div>\n        <\/div>\n        <\/div>      <div class=\"purchase-actions\" id=\"single_user_access_817\">\n        <div class=\"e-learning actions d-block\">\n                    <div class=\"\">\n              <div class=\"price-wrapper \">\n                <div class=\"price-label\">Precio<\/div>\n                                    \n                  <div class=\"price\" id=\"e-learning-price\">\n                    <span id=\"priceFigure\">276.00<\/span>&nbsp;USD            \n                  <\/div>\n                                    <div id=\"purchase-error\"><\/div>\n                  <input type=\"hidden\" name=\"product_id\" value=\"bb3a636a-35eb-11ec-b3db-02420a00028c\">\n              <\/div>\n              <button type=\"submit\" class=\"blue-button register-button\" style=\"display:block;\">Comprar<\/button>\n            <\/div>\t\t\t\t\n        <\/div> \n      <\/div>\n      \n      <div class=\"purchase-actions\" id=\"corporate_licensing_817\" style=\"display:none;\">\n        <div class=\"on-site-training actions\" style=\"display: block;\">\n          <a href=\"http:\/\/plexusintl.com\/mx\/solicite-una-cotizacion\/?course_requested=Edoc+-+CQI+17+-+2ed+-+EN+-+edoc-cqi-17-2ed-enSolicitar Cotizaci\u00f3n\" title=\"Solicitar una Cotizaci\u00f3n\" class=\"blue-button\">Solicitar una Cotizaci\u00f3n<\/a>\n        <\/div>\n      <\/div>\n\n      <div class=\"purchase-actions\" id=\"member_pricing_817\" style=\"display:none;\">\n        <div class=\"on-site-training actions\" style=\"display: block;\">\n          <a href=\"http:\/\/plexusintl.com\/request-quote?course_requested=Edoc+-+CQI+17+-+2ed+-+EN+-+edoc-cqi-17-2ed-enSolicitar+Cotizaci%C3%B3n\" title=\"Solicitar Cotizaci\u00f3n para Miembros AIAG\" class=\"blue-button\">Solicitar Cotizaci\u00f3n para Miembros AIAG<\/a>\n        <\/div>\n      <\/div>\n      <div style=\"display:none;\">\n         \n      <\/div>\n    <\/form>  \n  <\/div>\n<script type=\"text\/javascript\">\n\t$(document).ready(function() { \n\t\t$('#purchase_widget_817 input[name=delivery_type]').change(function(){\t\n      $('#purchase_widget_817 .purchase-actions .actions').hide();\t\t\n\t\t\t$('#purchase_widget_817 .purchase-actions .actions.'+$('input[name=delivery_type]:checked').val()).slideDown();\n    });\n    \n    var hiddenBox = $(\"#purchase_widget_817 #open-enrollment-single-session-location\")[0];\n    if(hiddenBox != null && hiddenBox.value !== \"\"){\n      $('#purchase_widget_817 #location p').html(hiddenBox.value);        \n      $('#purchase_widget_817 .session-detail').slideDown();\n      $('#purchase_widget_817 .session-detail').removeClass('d-none');\n      $('#purchase_widget_817 .session-detail').addClass('d-block');\n    }\n    else {      \n      $('#purchase_widget_817 .session-detail').removeClass('d-block');\n      $('#purchase_widget_817 .session-detail').addClass('d-none');\n    }\n\n\t\t$('#purchase_widget_817 #open-enrollment-session').change(function(){\n\t\t\tif($(this).val() != '') {\n\t\t\t\tvar option = $(this).find('option:selected');\n\n\t\t\t\t$('#purchase_widget_817 #location p').html($(option).data('location'));\n        $('#purchase_widget_817 #open-enrollment-session-value').val($(option).data('id'));\n      \n        $('#purchase_widget_817 .session-detail').slideDown();\n        $('#purchase_widget_817 .session-detail').removeClass('d-none');\n        $('#purchase_widget_817 .session-detail').addClass('d-block');\n\t\t\t} else {        \n        $('#purchase_widget_817 .session-detail').removeClass('d-block');\n        $('#purchase_widget_817 .session-detail').addClass('d-none');\n\t\t\t}\n    });\n    var priceFigure = $('#purchase_widget_817 #priceFigure')[0];\n    if (priceFigure != null)\n      priceFigure.innerHTML = formatCurrency(priceFigure.innerHTML);\n    \n      $('#purchase_widget_817 #div-add-product').removeClass('d-block');\n      $('#purchase_widget_817 #div-add-product').addClass('d-none');\n      $('#purchase_widget_817 #add-product').removeClass('d-none');\n      $('#purchase_widget_817 #add-product').addClass('d-block');\n  });\n  $('#purchase_widget_817 .add-product').submit(function(e){\n    e.preventDefault();    \n    var productId = $(this).find('input[name=\"product_id\"]').val();\n          addProductToCart(productId);\n    \n  });\n  <\/script>\n    \t\t\t\t<\/div>\n\t\t\t\t<\/div>\n\t\t\t\t\t<\/div>\n\t\t<\/div>\n\t\t\t\t\t<\/div>\n\t\t<\/section>\n\t\t\t\t<section class=\"elementor-section elementor-top-section elementor-element elementor-element-6bf37553 elementor-section-boxed elementor-section-height-default elementor-section-height-default\" data-id=\"6bf37553\" data-element_type=\"section\" data-e-type=\"section\">\n\t\t\t\t\t\t<div class=\"elementor-container elementor-column-gap-default\">\n\t\t\t\t\t<div class=\"elementor-column elementor-col-66 elementor-top-column elementor-element elementor-element-246a723b\" data-id=\"246a723b\" data-element_type=\"column\" data-e-type=\"column\">\n\t\t\t<div class=\"elementor-widget-wrap\">\n\t\t\t\t\t\t\t<\/div>\n\t\t<\/div>\n\t\t\t\t<div class=\"elementor-column elementor-col-33 elementor-top-column elementor-element elementor-element-d691bfe\" data-id=\"d691bfe\" data-element_type=\"column\" data-e-type=\"column\">\n\t\t\t<div class=\"elementor-widget-wrap elementor-element-populated\">\n\t\t\t\t\t\t<div class=\"elementor-element elementor-element-10f40dca elementor-widget elementor-widget-global elementor-global-4934 elementor-widget-text-editor\" data-id=\"10f40dca\" data-element_type=\"widget\" data-e-type=\"widget\" data-widget_type=\"text-editor.default\">\n\t\t\t\t<div class=\"elementor-widget-container\">\n\t\t\t\t\t\t\t\t\t<h3 style=\"text-align: center;\">Solicite la Publicaci\u00f3n Impresa<\/h3><p style=\"text-align: center;\">Contactanos para solicitar la versi\u00f3n impresa de este documento<\/p><p style=\"text-align: center;\"><a class=\"blue-button\" href=\"https:\/\/plexusintl.com\/mx\/contactanos\/\">Solicitar en formato impreso<\/a><\/p>\t\t\t\t\t\t\t\t<\/div>\n\t\t\t\t<\/div>\n\t\t\t\t\t<\/div>\n\t\t<\/div>\n\t\t\t\t\t<\/div>\n\t\t<\/section>\n\t\t\t\t<section class=\"elementor-section elementor-top-section elementor-element elementor-element-46cfea6 elementor-section-boxed elementor-section-height-default elementor-section-height-default\" data-id=\"46cfea6\" data-element_type=\"section\" data-e-type=\"section\">\n\t\t\t\t\t\t<div class=\"elementor-container elementor-column-gap-default\">\n\t\t\t\t\t<div class=\"elementor-column elementor-col-100 elementor-top-column elementor-element elementor-element-2b0feed0\" data-id=\"2b0feed0\" data-element_type=\"column\" data-e-type=\"column\">\n\t\t\t<div class=\"elementor-widget-wrap elementor-element-populated\">\n\t\t\t\t\t\t<div class=\"elementor-element elementor-element-54f9c03 elementor-widget elementor-widget-quick-tabs-block\" data-id=\"54f9c03\" data-element_type=\"widget\" data-e-type=\"widget\" data-widget_type=\"quick-tabs-block.default\">\n\t\t\t\t<div class=\"elementor-widget-container\">\n\t\t\t\t\t        <H4 data-tab-title=\"Informaci\u00f3n Adicional\" class=\"simpleTabsOpen\">Informaci\u00f3n Adicional<\/H4>\r\n                          <div class=\"row product-tabs-content\">\r\n                  <div class=\"col-3\">\r\n                    <p style=\"color:black\"><strong>Fecha de Publicaci\u00f3n<\/strong><\/p>\r\n                  <\/div>\r\n                  <div class=\"col-9\">\r\n                    <p>Agosto 2021<\/p>                  <\/div>\r\n                <\/div>\r\n                                <hr\/>\r\n                  <br \/>\r\n                                <div class=\"row product-tabs-content\">\r\n                  <div class=\"col-3\">\r\n                    <p style=\"color:black\"><strong>Versi\u00f3n Vigente<\/strong><\/p>\r\n                  <\/div>\r\n                  <div class=\"col-9\">\r\n                    <p>2<\/p>                  <\/div>\r\n                <\/div>\r\n                                <hr\/>\r\n                  <br \/>\r\n                                <div class=\"row product-tabs-content\">\r\n                  <div class=\"col-3\">\r\n                    <p style=\"color:black\"><strong>Idioma<\/strong><\/p>\r\n                  <\/div>\r\n                  <div class=\"col-9\">\r\n                    <p>Ingl\u00e9s<\/p>                  <\/div>\r\n                <\/div>\r\n              \r\n        <div data-tab-title=\"\" class=\"simpleTabsClose\"><\/div>\r\n              <H4 data-tab-title=\"Consideraciones para los eDocument\" class=\"simpleTabsOpen\">Consideraciones para los eDocument<\/H4>\r\n                      <p>Los documentos electr\u00f3nicos de AIAG no se pueden imprimir ni guardar en su computadora local, solo se pueden ver a trav\u00e9s del sitio web de AIAG, utilizando nuestro visor de documentos electr\u00f3nicos. Los documentos electr\u00f3nicos tienen licencia para una cuenta de usuario final; aseg\u00farese de que el pedido se realice bajo la cuenta del usuario final real. Los documentos electr\u00f3nicos de AIAG no son transferibles de una cuenta a otra.<\/p>          \r\n        <div data-tab-title=\"\" class=\"simpleTabsClose\"><\/div>\r\n              <H4 data-tab-title=\"Envio y Devoluciones\" class=\"simpleTabsOpen\">Envio y Devoluciones<\/H4>\r\n                      <p>Los envios solo se realizar\u00e1n una vez que se haya cubierto su pago, en publicaciones impresas y electr\u00f3nicas no se admiten devoluciones\u00a0<\/p>          \r\n        <div data-tab-title=\"\" class=\"simpleTabsClose\"><\/div>\r\n              <H4 data-tab-title=\"Precios para miembros AIAG\" class=\"simpleTabsOpen\">Precios para miembros AIAG<\/H4>\r\n                      <p>Los miembros activos de AIAG tienen acceso a precios preferenciales en publicaciones impresas y en formato edoc. <strong><a href=\"\/mx\/contactanos\/\">Cont\u00e1ctenos<\/a> <\/strong>para m\u00e1s informaci\u00f3n<\/p>          \r\n        <div data-tab-title=\"\" class=\"simpleTabsClose\"><\/div>\r\n      \t\t\t\t<\/div>\n\t\t\t\t<\/div>\n\t\t\t\t\t<\/div>\n\t\t<\/div>\n\t\t\t\t\t<\/div>\n\t\t<\/section>\n\t\t\t\t<section class=\"elementor-section elementor-top-section elementor-element elementor-element-574a2f5 elementor-section-boxed elementor-section-height-default elementor-section-height-default\" data-id=\"574a2f5\" data-element_type=\"section\" data-e-type=\"section\">\n\t\t\t\t\t\t<div class=\"elementor-container elementor-column-gap-default\">\n\t\t\t\t\t<div class=\"elementor-column elementor-col-100 elementor-top-column elementor-element elementor-element-10d3054\" data-id=\"10d3054\" data-element_type=\"column\" data-e-type=\"column\">\n\t\t\t<div class=\"elementor-widget-wrap elementor-element-populated\">\n\t\t\t\t\t\t<div class=\"elementor-element elementor-element-cb83012 elementor-widget elementor-widget-related-content-block\" data-id=\"cb83012\" data-element_type=\"widget\" data-e-type=\"widget\" data-widget_type=\"related-content-block.default\">\n\t\t\t\t<div class=\"elementor-widget-container\">\n\t\t\t\t\t    \r\n      <div class=\"row\">\r\n          <div class=\"col\">\r\n              <div class=\"related-content\">\r\n                  <h2 >Tambi\u00e9n podr\u00eda interesarle: <\/h2>\r\n\r\n                  <div class=\"row\">\r\n                      <div class=\"col-12 col-md-4 mb-3\">\r\n                          <div class=\"page page-1\">\r\n                              <div class=\"content-type\"><\/div>\r\n                              <div class=\"content-title\"><a href=\"https:\/\/plexusintl.com\/mx\/catalogo\/cqi-17-evaluacion-del-sistema-de-soldadura-soldering\/\" class=\"cta\" >CQI-17 Evaluaci\u00f3n del Sistema de Soldadura (Soldering)<\/a><\/div>\r\n                              <div class=\"content-description\"><p >CQI-17 Descubra c\u00f3mo utilizar eficazmente las evaluaciones del sistema de soldadura para evaluar el control y la gesti\u00f3n de sus procesos y entregar piezas y materiales de calidad en estos m\u00f3dulos a distancia. Las actividades de esta formaci\u00f3n est\u00e1n dise\u00f1adas para asegurar la correcta interpretaci\u00f3n de los requisitos del CQI-17.<\/p><\/div>\r\n                          <\/div>\r\n                      <\/div>\r\n                      <div class=\"col-12 col-md-4 mb-3\">\r\n                          <div class=\"page page-2\">\r\n                              <div class=\"content-type\"><\/div>\r\n                              <div class=\"content-title\"><a href=\"https:\/\/plexusintl.com\/mx\/catalogo\/cqi-9-procesos-especiales-evaluacion-a-los-sistemas-de-tratamiento-termico-4a-edicion\/\" class=\"cta\" >CQI-9 Procesos Especiales: Evaluaci\u00f3n a los Sistemas de Tratamiento T\u00e9rmico <\/a><\/div>\r\n                              <div class=\"content-description\"><p >El CQI-9 4a Edition es una auditor\u00eda integral que cubre los procesos de tratamiento t\u00e9rmico m\u00e1s comunes empleados por la industria automotriz. Destinado a proporcionar un enfoque com\u00fan a un sistema de gesti\u00f3n de tratamiento t\u00e9rmico para la producci\u00f3n de autom\u00f3viles y las organizaciones de piezas de servicio.<\/p><\/div>\r\n                          <\/div>\r\n                      <\/div>\r\n                      <div class=\"col-xs-12 col-md-4 mb-3\">\r\n                          <div class=\"page page-3\">\r\n                              <div class=\"content-type\"><\/div>\r\n                              <div class=\"content-title\"><a href=\"https:\/\/plexusintl.com\/mx\/competencias\/aiag-quality-core-tools\/\" class=\"cta\" >Core Tools de AIAG<\/a><\/div>\r\n                              <div class=\"content-description\"><p >La aplicaci\u00f3n de las herramientas Core Tools es uno de los mecanismos m\u00e1s importantes para una organizaci\u00f3n que quiere desarrollar e implementar un proceso de desarrollo de producto efectivo para cumplir y superar los requisitos de la industria y los clientes.<\/p><\/div>\r\n                          <\/div>\r\n                      <\/div>\r\n                  <\/div>\r\n              <\/div>\r\n          <\/div>\r\n      <\/div>\r\n    \t\t\t\t<\/div>\n\t\t\t\t<\/div>\n\t\t\t\t\t<\/div>\n\t\t<\/div>\n\t\t\t\t\t<\/div>\n\t\t<\/section>\n\t\t\t\t<\/div>\n\t\t","protected":false},"excerpt":{"rendered":"<p>Procesos especiales y otros CQIs&nbsp;&bull;&nbsp;Publicaci\u00f3n Conozca los requisitos del proceso que su organizaci\u00f3n debe seguir para desarrollar un sistema de gesti\u00f3n de soldadura que proporcione una mejora continua, enfatizando la prevenci\u00f3n de defectos y la reducci\u00f3n de la variaci\u00f3n y el desperdicio en la cadena de suministro. La aplicaci\u00f3n de este proceso le permitir\u00e1 cumplir&#8230;<\/p>\n","protected":false},"author":10,"featured_media":0,"parent":87,"menu_order":0,"comment_status":"closed","ping_status":"closed","template":"","meta":{"footnotes":"","_wp_rev_ctl_limit":""},"class_list":["post-5405","page","type-page","status-publish","hentry"],"_links":{"self":[{"href":"https:\/\/plexusintl.com\/mx\/wp-json\/wp\/v2\/pages\/5405","targetHints":{"allow":["GET"]}}],"collection":[{"href":"https:\/\/plexusintl.com\/mx\/wp-json\/wp\/v2\/pages"}],"about":[{"href":"https:\/\/plexusintl.com\/mx\/wp-json\/wp\/v2\/types\/page"}],"author":[{"embeddable":true,"href":"https:\/\/plexusintl.com\/mx\/wp-json\/wp\/v2\/users\/10"}],"replies":[{"embeddable":true,"href":"https:\/\/plexusintl.com\/mx\/wp-json\/wp\/v2\/comments?post=5405"}],"version-history":[{"count":18,"href":"https:\/\/plexusintl.com\/mx\/wp-json\/wp\/v2\/pages\/5405\/revisions"}],"predecessor-version":[{"id":6911,"href":"https:\/\/plexusintl.com\/mx\/wp-json\/wp\/v2\/pages\/5405\/revisions\/6911"}],"up":[{"embeddable":true,"href":"https:\/\/plexusintl.com\/mx\/wp-json\/wp\/v2\/pages\/87"}],"wp:attachment":[{"href":"https:\/\/plexusintl.com\/mx\/wp-json\/wp\/v2\/media?parent=5405"}],"curies":[{"name":"wp","href":"https:\/\/api.w.org\/{rel}","templated":true}]}}