{"id":5424,"date":"2021-07-18T11:38:30","date_gmt":"2021-07-18T16:38:30","guid":{"rendered":"https:\/\/plexusintl.com\/mx\/?page_id=5424"},"modified":"2023-04-13T16:13:58","modified_gmt":"2023-04-13T21:13:58","slug":"cqi-23-special-process-molding-system-assessment-publicacion","status":"publish","type":"page","link":"https:\/\/plexusintl.com\/mx\/catalogo\/cqi-23-special-process-molding-system-assessment-publicacion\/","title":{"rendered":"CQI-23 Special Process: Molding System Assessment &#8211; Publicaci\u00f3n"},"content":{"rendered":"\t\t<div data-elementor-type=\"wp-page\" data-elementor-id=\"5424\" class=\"elementor elementor-5424\" data-elementor-post-type=\"page\">\n\t\t\t\t\t\t<section class=\"elementor-section elementor-top-section elementor-element elementor-element-51371231 elementor-section-boxed elementor-section-height-default elementor-section-height-default\" data-id=\"51371231\" data-element_type=\"section\" data-e-type=\"section\">\n\t\t\t\t\t\t<div class=\"elementor-container elementor-column-gap-default\">\n\t\t\t\t\t<div class=\"elementor-column elementor-col-50 elementor-top-column elementor-element elementor-element-49623482\" data-id=\"49623482\" data-element_type=\"column\" data-e-type=\"column\">\n\t\t\t<div class=\"elementor-widget-wrap elementor-element-populated\">\n\t\t\t\t\t\t<div class=\"elementor-element elementor-element-31092ea5 elementor-widget elementor-widget-spacer\" data-id=\"31092ea5\" data-element_type=\"widget\" data-e-type=\"widget\" data-widget_type=\"spacer.default\">\n\t\t\t\t<div class=\"elementor-widget-container\">\n\t\t\t\t\t\t\t<div class=\"elementor-spacer\">\n\t\t\t<div class=\"elementor-spacer-inner\"><\/div>\n\t\t<\/div>\n\t\t\t\t\t\t<\/div>\n\t\t\t\t<\/div>\n\t\t\t\t<div class=\"elementor-element elementor-element-bbc4ce2 elementor-widget elementor-widget-product-meta\" data-id=\"bbc4ce2\" data-element_type=\"widget\" data-e-type=\"widget\" data-widget_type=\"product-meta.default\">\n\t\t\t\t<div class=\"elementor-widget-container\">\n\t\t\t\t\t        <div class=\"meta\">\n                  <div class=\"tags\">Procesos especiales y otros CQIs&nbsp;&bull;&nbsp;Publicaci\u00f3n<\/div>\n              <\/div>\n     \t\t\t\t<\/div>\n\t\t\t\t<\/div>\n\t\t\t\t<section class=\"elementor-section elementor-inner-section elementor-element elementor-element-ffe272e elementor-section-boxed elementor-section-height-default elementor-section-height-default\" data-id=\"ffe272e\" data-element_type=\"section\" data-e-type=\"section\">\n\t\t\t\t\t\t<div class=\"elementor-container elementor-column-gap-default\">\n\t\t\t\t\t<div class=\"elementor-column elementor-col-100 elementor-inner-column elementor-element elementor-element-7a0eea9\" data-id=\"7a0eea9\" data-element_type=\"column\" data-e-type=\"column\">\n\t\t\t<div class=\"elementor-widget-wrap elementor-element-populated\">\n\t\t\t\t\t\t<div class=\"elementor-element elementor-element-14f8e9a elementor-widget elementor-widget-theme-post-title elementor-page-title elementor-widget-heading\" data-id=\"14f8e9a\" data-element_type=\"widget\" data-e-type=\"widget\" data-widget_type=\"theme-post-title.default\">\n\t\t\t\t<div class=\"elementor-widget-container\">\n\t\t\t\t\t<h2 class=\"elementor-heading-title elementor-size-default\">CQI-23 Special Process: Molding System Assessment &#8211; Publicaci\u00f3n<\/h2>\t\t\t\t<\/div>\n\t\t\t\t<\/div>\n\t\t\t\t\t<\/div>\n\t\t<\/div>\n\t\t\t\t\t<\/div>\n\t\t<\/section>\n\t\t\t\t<div class=\"elementor-element elementor-element-18062574 elementor-widget elementor-widget-spacer\" data-id=\"18062574\" data-element_type=\"widget\" data-e-type=\"widget\" data-widget_type=\"spacer.default\">\n\t\t\t\t<div class=\"elementor-widget-container\">\n\t\t\t\t\t\t\t<div class=\"elementor-spacer\">\n\t\t\t<div class=\"elementor-spacer-inner\"><\/div>\n\t\t<\/div>\n\t\t\t\t\t\t<\/div>\n\t\t\t\t<\/div>\n\t\t\t\t<section class=\"elementor-section elementor-inner-section elementor-element elementor-element-45f9d71 elementor-section-boxed elementor-section-height-default elementor-section-height-default\" data-id=\"45f9d71\" data-element_type=\"section\" data-e-type=\"section\">\n\t\t\t\t\t\t<div class=\"elementor-container elementor-column-gap-default\">\n\t\t\t\t\t<div class=\"elementor-column elementor-col-50 elementor-inner-column elementor-element elementor-element-49bfbf5\" data-id=\"49bfbf5\" data-element_type=\"column\" data-e-type=\"column\">\n\t\t\t<div class=\"elementor-widget-wrap elementor-element-populated\">\n\t\t\t\t\t\t<div class=\"elementor-element elementor-element-16933219 elementor-widget elementor-widget-image\" data-id=\"16933219\" data-element_type=\"widget\" data-e-type=\"widget\" data-widget_type=\"image.default\">\n\t\t\t\t<div class=\"elementor-widget-container\">\n\t\t\t\t\t\t\t\t\t\t\t\t\t\t\t<img fetchpriority=\"high\" decoding=\"async\" width=\"231\" height=\"300\" src=\"https:\/\/mx-wp-cdn.plexusintl.com\/wp-content\/uploads\/2023\/04\/14132208\/CQI-23V2COVER-231x300.png\" class=\"attachment-medium size-medium wp-image-6939\" alt=\"\" srcset=\"https:\/\/mx-wp-cdn.plexusintl.com\/wp-content\/uploads\/2023\/04\/14132208\/CQI-23V2COVER-231x300.png 231w, https:\/\/mx-wp-cdn.plexusintl.com\/wp-content\/uploads\/2023\/04\/14132208\/CQI-23V2COVER.png 250w\" sizes=\"(max-width: 231px) 100vw, 231px\" \/>\t\t\t\t\t\t\t\t\t\t\t\t\t\t\t<\/div>\n\t\t\t\t<\/div>\n\t\t\t\t\t<\/div>\n\t\t<\/div>\n\t\t\t\t<div class=\"elementor-column elementor-col-50 elementor-inner-column elementor-element elementor-element-66f8aed\" data-id=\"66f8aed\" data-element_type=\"column\" data-e-type=\"column\">\n\t\t\t<div class=\"elementor-widget-wrap elementor-element-populated\">\n\t\t\t\t\t\t<div class=\"elementor-element elementor-element-84fa958 elementor-widget elementor-widget-text-editor\" data-id=\"84fa958\" data-element_type=\"widget\" data-e-type=\"widget\" data-widget_type=\"text-editor.default\">\n\t\t\t\t<div class=\"elementor-widget-container\">\n\t\t\t\t\t\t\t\t\t<p>La evaluaci\u00f3n del sistema de moldeo de AIAG es un enfoque de proceso com\u00fan para controlar los procesos de moldeo y una metodolog\u00eda para evaluar y remediar los procesos actuales. Tambi\u00e9n proporciona las mejores pr\u00e1cticas para la mejora continua, enfatizando la prevenci\u00f3n de defectos y la reducci\u00f3n de la variaci\u00f3n y el desperdicio en la cadena de suministro, e incluye una evaluaci\u00f3n descargable con formularios para completar la evaluaci\u00f3n.<\/p>\t\t\t\t\t\t\t\t<\/div>\n\t\t\t\t<\/div>\n\t\t\t\t\t<\/div>\n\t\t<\/div>\n\t\t\t\t\t<\/div>\n\t\t<\/section>\n\t\t\t\t\t<\/div>\n\t\t<\/div>\n\t\t\t\t<div class=\"elementor-column elementor-col-50 elementor-top-column elementor-element elementor-element-3b029bec\" data-id=\"3b029bec\" data-element_type=\"column\" data-e-type=\"column\">\n\t\t\t<div class=\"elementor-widget-wrap elementor-element-populated\">\n\t\t\t\t\t\t<div class=\"elementor-element elementor-element-5c84c50a elementor-widget elementor-widget-spacer\" data-id=\"5c84c50a\" data-element_type=\"widget\" data-e-type=\"widget\" data-widget_type=\"spacer.default\">\n\t\t\t\t<div class=\"elementor-widget-container\">\n\t\t\t\t\t\t\t<div class=\"elementor-spacer\">\n\t\t\t<div class=\"elementor-spacer-inner\"><\/div>\n\t\t<\/div>\n\t\t\t\t\t\t<\/div>\n\t\t\t\t<\/div>\n\t\t\t\t<div class=\"elementor-element elementor-element-6d5e99e elementor-widget elementor-widget-spacer\" data-id=\"6d5e99e\" data-element_type=\"widget\" data-e-type=\"widget\" data-widget_type=\"spacer.default\">\n\t\t\t\t<div class=\"elementor-widget-container\">\n\t\t\t\t\t\t\t<div class=\"elementor-spacer\">\n\t\t\t<div class=\"elementor-spacer-inner\"><\/div>\n\t\t<\/div>\n\t\t\t\t\t\t<\/div>\n\t\t\t\t<\/div>\n\t\t\t\t<div class=\"elementor-element elementor-element-342d328 elementor-widget elementor-widget-purchase-widget\" data-id=\"342d328\" data-element_type=\"widget\" data-e-type=\"widget\" data-widget_type=\"purchase-widget.default\">\n\t\t\t\t<div class=\"elementor-widget-container\">\n\t\t\t\t\t\n<div id=\"purchase_widget_547\" class=\"product-purchase-options\">\n\t<div class=\"intro-header\">\n    \t\t<h3>Adquiera la publicaci\u00f3n<\/h3>\n\t\t<p>E-doc CQI-23 en ingl\u00e9s <\/p>\n\t<\/div>\n\n      <p style=\"color:white;\">Error: Producto configurado incorrectamente.<\/p>\n    <\/div>\n<script type=\"text\/javascript\">\n\t$(document).ready(function() { \n\t\t$('#purchase_widget_547 input[name=delivery_type]').change(function(){\t\n      $('#purchase_widget_547 .purchase-actions .actions').hide();\t\t\n\t\t\t$('#purchase_widget_547 .purchase-actions .actions.'+$('input[name=delivery_type]:checked').val()).slideDown();\n    });\n    \n    var hiddenBox = $(\"#purchase_widget_547 #open-enrollment-single-session-location\")[0];\n    if(hiddenBox != null && hiddenBox.value !== \"\"){\n      $('#purchase_widget_547 #location p').html(hiddenBox.value);        \n      $('#purchase_widget_547 .session-detail').slideDown();\n      $('#purchase_widget_547 .session-detail').removeClass('d-none');\n      $('#purchase_widget_547 .session-detail').addClass('d-block');\n    }\n    else {      \n      $('#purchase_widget_547 .session-detail').removeClass('d-block');\n      $('#purchase_widget_547 .session-detail').addClass('d-none');\n    }\n\n\t\t$('#purchase_widget_547 #open-enrollment-session').change(function(){\n\t\t\tif($(this).val() != '') {\n\t\t\t\tvar option = $(this).find('option:selected');\n\n\t\t\t\t$('#purchase_widget_547 #location p').html($(option).data('location'));\n        $('#purchase_widget_547 #open-enrollment-session-value').val($(option).data('id'));\n      \n        $('#purchase_widget_547 .session-detail').slideDown();\n        $('#purchase_widget_547 .session-detail').removeClass('d-none');\n        $('#purchase_widget_547 .session-detail').addClass('d-block');\n\t\t\t} else {        \n        $('#purchase_widget_547 .session-detail').removeClass('d-block');\n        $('#purchase_widget_547 .session-detail').addClass('d-none');\n\t\t\t}\n    });\n    var priceFigure = $('#purchase_widget_547 #priceFigure')[0];\n    if (priceFigure != null)\n      priceFigure.innerHTML = formatCurrency(priceFigure.innerHTML);\n    \n      $('#purchase_widget_547 #div-add-product').removeClass('d-block');\n      $('#purchase_widget_547 #div-add-product').addClass('d-none');\n      $('#purchase_widget_547 #add-product').removeClass('d-none');\n      $('#purchase_widget_547 #add-product').addClass('d-block');\n  });\n  $('#purchase_widget_547 .add-product').submit(function(e){\n    e.preventDefault();    \n    var productId = $(this).find('input[name=\"product_id\"]').val();\n          addProductToCart(productId);\n    \n  });\n  <\/script>\n    \t\t\t\t<\/div>\n\t\t\t\t<\/div>\n\t\t\t\t\t<\/div>\n\t\t<\/div>\n\t\t\t\t\t<\/div>\n\t\t<\/section>\n\t\t\t\t<section class=\"elementor-section elementor-top-section elementor-element elementor-element-5e784ed5 elementor-section-boxed elementor-section-height-default elementor-section-height-default\" data-id=\"5e784ed5\" data-element_type=\"section\" data-e-type=\"section\">\n\t\t\t\t\t\t<div class=\"elementor-container elementor-column-gap-default\">\n\t\t\t\t\t<div class=\"elementor-column elementor-col-66 elementor-top-column elementor-element elementor-element-1a84c1f3\" data-id=\"1a84c1f3\" data-element_type=\"column\" data-e-type=\"column\">\n\t\t\t<div class=\"elementor-widget-wrap\">\n\t\t\t\t\t\t\t<\/div>\n\t\t<\/div>\n\t\t\t\t<div class=\"elementor-column elementor-col-33 elementor-top-column elementor-element elementor-element-71a7f6c2\" data-id=\"71a7f6c2\" data-element_type=\"column\" data-e-type=\"column\">\n\t\t\t<div class=\"elementor-widget-wrap elementor-element-populated\">\n\t\t\t\t\t\t<div class=\"elementor-element elementor-element-4b7375e5 elementor-widget elementor-widget-global elementor-global-4934 elementor-widget-text-editor\" data-id=\"4b7375e5\" data-element_type=\"widget\" data-e-type=\"widget\" data-widget_type=\"text-editor.default\">\n\t\t\t\t<div class=\"elementor-widget-container\">\n\t\t\t\t\t\t\t\t\t<h3 style=\"text-align: center;\">Solicite la Publicaci\u00f3n Impresa<\/h3><p style=\"text-align: center;\">Contactanos para solicitar la versi\u00f3n impresa de este documento<\/p><p style=\"text-align: center;\"><a class=\"blue-button\" href=\"https:\/\/plexusintl.com\/mx\/contactanos\/\">Solicitar en formato impreso<\/a><\/p>\t\t\t\t\t\t\t\t<\/div>\n\t\t\t\t<\/div>\n\t\t\t\t\t<\/div>\n\t\t<\/div>\n\t\t\t\t\t<\/div>\n\t\t<\/section>\n\t\t\t\t<section class=\"elementor-section elementor-top-section elementor-element elementor-element-52b2865d elementor-section-boxed elementor-section-height-default elementor-section-height-default\" data-id=\"52b2865d\" data-element_type=\"section\" data-e-type=\"section\">\n\t\t\t\t\t\t<div class=\"elementor-container elementor-column-gap-default\">\n\t\t\t\t\t<div class=\"elementor-column elementor-col-100 elementor-top-column elementor-element elementor-element-35240596\" data-id=\"35240596\" data-element_type=\"column\" data-e-type=\"column\">\n\t\t\t<div class=\"elementor-widget-wrap elementor-element-populated\">\n\t\t\t\t\t\t<div class=\"elementor-element elementor-element-3d68b19a elementor-widget elementor-widget-quick-tabs-block\" data-id=\"3d68b19a\" data-element_type=\"widget\" data-e-type=\"widget\" data-widget_type=\"quick-tabs-block.default\">\n\t\t\t\t<div class=\"elementor-widget-container\">\n\t\t\t\t\t        <H4 data-tab-title=\"Informaci\u00f3n Adicional\" class=\"simpleTabsOpen\">Informaci\u00f3n Adicional<\/H4>\r\n                          <div class=\"row product-tabs-content\">\r\n                  <div class=\"col-3\">\r\n                    <p style=\"color:black\"><strong>Fecha de Publicaci\u00f3n<\/strong><\/p>\r\n                  <\/div>\r\n                  <div class=\"col-9\">\r\n                    <p>Febrero 2023<\/p>                  <\/div>\r\n                <\/div>\r\n                                <hr\/>\r\n                  <br \/>\r\n                                <div class=\"row product-tabs-content\">\r\n                  <div class=\"col-3\">\r\n                    <p style=\"color:black\"><strong>Versi\u00f3n Vigente<\/strong><\/p>\r\n                  <\/div>\r\n                  <div class=\"col-9\">\r\n                    <p>2<\/p>                  <\/div>\r\n                <\/div>\r\n                                <hr\/>\r\n                  <br \/>\r\n                                <div class=\"row product-tabs-content\">\r\n                  <div class=\"col-3\">\r\n                    <p style=\"color:black\"><strong>Idioma<\/strong><\/p>\r\n                  <\/div>\r\n                  <div class=\"col-9\">\r\n                    <p>Ingl\u00e9s<\/p>                  <\/div>\r\n                <\/div>\r\n              \r\n        <div data-tab-title=\"\" class=\"simpleTabsClose\"><\/div>\r\n              <H4 data-tab-title=\"Consideraciones para los eDocument\" class=\"simpleTabsOpen\">Consideraciones para los eDocument<\/H4>\r\n                      <p>Los documentos electr\u00f3nicos de AIAG no se pueden imprimir ni guardar en su computadora local, solo se pueden ver a trav\u00e9s del sitio web de AIAG, utilizando nuestro visor de documentos electr\u00f3nicos. Los documentos electr\u00f3nicos tienen licencia para una cuenta de usuario final; aseg\u00farese de que el pedido se realice bajo la cuenta del usuario final real. Los documentos electr\u00f3nicos de AIAG no son transferibles de una cuenta a otra.<\/p>          \r\n        <div data-tab-title=\"\" class=\"simpleTabsClose\"><\/div>\r\n              <H4 data-tab-title=\"Envio y Devoluciones\" class=\"simpleTabsOpen\">Envio y Devoluciones<\/H4>\r\n                      <p>Los envios solo se realizar\u00e1n una vez que se haya cubierto su pago, en publicaciones impresas y electr\u00f3nicas no se admiten devoluciones\u00a0<\/p>          \r\n        <div data-tab-title=\"\" class=\"simpleTabsClose\"><\/div>\r\n              <H4 data-tab-title=\"Precios para miembros AIAG\" class=\"simpleTabsOpen\">Precios para miembros AIAG<\/H4>\r\n                      <p>Los miembros activos de AIAG tienen acceso a precios preferenciales en publicaciones impresas y en formato edoc. <strong><a href=\"\/mx\/contactanos\/\">Cont\u00e1ctenos<\/a> <\/strong>para m\u00e1s informaci\u00f3n<\/p>          \r\n        <div data-tab-title=\"\" class=\"simpleTabsClose\"><\/div>\r\n      \t\t\t\t<\/div>\n\t\t\t\t<\/div>\n\t\t\t\t\t<\/div>\n\t\t<\/div>\n\t\t\t\t\t<\/div>\n\t\t<\/section>\n\t\t\t\t<section class=\"elementor-section elementor-top-section elementor-element elementor-element-c1e2522 elementor-section-boxed elementor-section-height-default elementor-section-height-default\" data-id=\"c1e2522\" data-element_type=\"section\" data-e-type=\"section\">\n\t\t\t\t\t\t<div class=\"elementor-container elementor-column-gap-default\">\n\t\t\t\t\t<div class=\"elementor-column elementor-col-100 elementor-top-column elementor-element elementor-element-57b2cc5\" data-id=\"57b2cc5\" data-element_type=\"column\" data-e-type=\"column\">\n\t\t\t<div class=\"elementor-widget-wrap elementor-element-populated\">\n\t\t\t\t\t\t<div class=\"elementor-element elementor-element-266029b elementor-widget elementor-widget-related-content-block\" data-id=\"266029b\" data-element_type=\"widget\" data-e-type=\"widget\" data-widget_type=\"related-content-block.default\">\n\t\t\t\t<div class=\"elementor-widget-container\">\n\t\t\t\t\t    \r\n      <div class=\"row\">\r\n          <div class=\"col\">\r\n              <div class=\"related-content\">\r\n                  <h2 >Tambi\u00e9n podr\u00eda interesarle: <\/h2>\r\n\r\n                  <div class=\"row\">\r\n                      <div class=\"col-12 col-md-4 mb-3\">\r\n                          <div class=\"page page-1\">\r\n                              <div class=\"content-type\"><\/div>\r\n                              <div class=\"content-title\"><a href=\"https:\/\/plexusintl.com\/mx\/catalogo\/cqi-30-evaluacion-del-sistema-de-procesamiento-de-caucho-mezcla-y-moldeo\/\" class=\"cta\" >CQI-30 Evaluaci\u00f3n del Sistema de Procesamiento de Caucho: Mezcla y Moldeo<\/a><\/div>\r\n                              <div class=\"content-description\"><p >CQI-30 Evaluaci\u00f3n del Sistema de Procesamiento de Caucho: Mezcla y Moldeo. Descubra c\u00f3mo utilizar eficazmente las evaluaciones del sistema de procesamiento de caucho - Mezclado y Moldeado para evaluar el control y la gesti\u00f3n de sus procesos y entregar piezas y materiales de calidad, en estos m\u00f3dulos a distancia.<\/p><\/div>\r\n                          <\/div>\r\n                      <\/div>\r\n                      <div class=\"col-12 col-md-4 mb-3\">\r\n                          <div class=\"page page-2\">\r\n                              <div class=\"content-type\"><\/div>\r\n                              <div class=\"content-title\"><a href=\"https:\/\/plexusintl.com\/mx\/catalogo\/cqi-30-procesamiento-de-caucho-mezcla-y-moldeo-publicacion\/\" class=\"cta\" >CQI-30 Procesamiento de Caucho: Mezcla y Moldeo Publicaci\u00f3n<\/a><\/div>\r\n                              <div class=\"content-description\"><p >CQI-30 Proceso especial: Evaluaci\u00f3n del sistema de procesamiento de caucho - Mezclado y moldeado. Este Documento incluye los requisitos para las organizaciones de todos los tama\u00f1os que realizan mezclas y moldeo de caucho. \u00a1Obtenga su copia hoy! <\/p><\/div>\r\n                          <\/div>\r\n                      <\/div>\r\n                      <div class=\"col-xs-12 col-md-4 mb-3\">\r\n                          <div class=\"page page-3\">\r\n                              <div class=\"content-type\"><\/div>\r\n                              <div class=\"content-title\"><a href=\"https:\/\/plexusintl.com\/mx\/competencias\/aiag-quality-core-tools\/\" class=\"cta\" >Core Tools de AIAG<\/a><\/div>\r\n                              <div class=\"content-description\"><p >La aplicaci\u00f3n de las herramientas Core Tools es uno de los mecanismos m\u00e1s importantes para una organizaci\u00f3n que quiere desarrollar e implementar un proceso de desarrollo de producto efectivo para cumplir y superar los requisitos de la industria y los clientes.<\/p><\/div>\r\n                          <\/div>\r\n                      <\/div>\r\n                  <\/div>\r\n              <\/div>\r\n          <\/div>\r\n      <\/div>\r\n    \t\t\t\t<\/div>\n\t\t\t\t<\/div>\n\t\t\t\t\t<\/div>\n\t\t<\/div>\n\t\t\t\t\t<\/div>\n\t\t<\/section>\n\t\t\t\t<\/div>\n\t\t","protected":false},"excerpt":{"rendered":"<p>Procesos especiales y otros CQIs&nbsp;&bull;&nbsp;Publicaci\u00f3n La evaluaci\u00f3n del sistema de moldeo de AIAG es un enfoque de proceso com\u00fan para controlar los procesos de moldeo y una metodolog\u00eda para evaluar y remediar los procesos actuales. Tambi\u00e9n proporciona las mejores pr\u00e1cticas para la mejora continua, enfatizando la prevenci\u00f3n de defectos y la reducci\u00f3n de la variaci\u00f3n&#8230;<\/p>\n","protected":false},"author":10,"featured_media":0,"parent":87,"menu_order":0,"comment_status":"closed","ping_status":"closed","template":"","meta":{"footnotes":"","_wp_rev_ctl_limit":""},"class_list":["post-5424","page","type-page","status-publish","hentry"],"_links":{"self":[{"href":"https:\/\/plexusintl.com\/mx\/wp-json\/wp\/v2\/pages\/5424","targetHints":{"allow":["GET"]}}],"collection":[{"href":"https:\/\/plexusintl.com\/mx\/wp-json\/wp\/v2\/pages"}],"about":[{"href":"https:\/\/plexusintl.com\/mx\/wp-json\/wp\/v2\/types\/page"}],"author":[{"embeddable":true,"href":"https:\/\/plexusintl.com\/mx\/wp-json\/wp\/v2\/users\/10"}],"replies":[{"embeddable":true,"href":"https:\/\/plexusintl.com\/mx\/wp-json\/wp\/v2\/comments?post=5424"}],"version-history":[{"count":13,"href":"https:\/\/plexusintl.com\/mx\/wp-json\/wp\/v2\/pages\/5424\/revisions"}],"predecessor-version":[{"id":6941,"href":"https:\/\/plexusintl.com\/mx\/wp-json\/wp\/v2\/pages\/5424\/revisions\/6941"}],"up":[{"embeddable":true,"href":"https:\/\/plexusintl.com\/mx\/wp-json\/wp\/v2\/pages\/87"}],"wp:attachment":[{"href":"https:\/\/plexusintl.com\/mx\/wp-json\/wp\/v2\/media?parent=5424"}],"curies":[{"name":"wp","href":"https:\/\/api.w.org\/{rel}","templated":true}]}}