{"id":5463,"date":"2021-07-18T12:43:57","date_gmt":"2021-07-18T17:43:57","guid":{"rendered":"https:\/\/plexusintl.com\/mx\/?page_id=5463"},"modified":"2023-03-29T16:43:40","modified_gmt":"2023-03-29T21:43:40","slug":"ppap-proceso-de-aprobacion-de-partes-de-produccion-publicacion","status":"publish","type":"page","link":"https:\/\/plexusintl.com\/mx\/catalogo\/ppap-proceso-de-aprobacion-de-partes-de-produccion-publicacion\/","title":{"rendered":"PPAP &#8211; Proceso de Aprobaci\u00f3n de Partes de Producci\u00f3n &#8211; Publicaci\u00f3n"},"content":{"rendered":"\t\t<div data-elementor-type=\"wp-page\" data-elementor-id=\"5463\" class=\"elementor elementor-5463\" data-elementor-post-type=\"page\">\n\t\t\t\t\t\t<section class=\"elementor-section elementor-top-section elementor-element elementor-element-7369f6e1 elementor-section-boxed elementor-section-height-default elementor-section-height-default\" data-id=\"7369f6e1\" data-element_type=\"section\" data-e-type=\"section\">\n\t\t\t\t\t\t<div class=\"elementor-container elementor-column-gap-default\">\n\t\t\t\t\t<div class=\"elementor-column elementor-col-50 elementor-top-column elementor-element elementor-element-2e937dfe\" data-id=\"2e937dfe\" data-element_type=\"column\" data-e-type=\"column\">\n\t\t\t<div class=\"elementor-widget-wrap elementor-element-populated\">\n\t\t\t\t\t\t<div class=\"elementor-element elementor-element-2515fbe1 elementor-widget elementor-widget-spacer\" data-id=\"2515fbe1\" data-element_type=\"widget\" data-e-type=\"widget\" data-widget_type=\"spacer.default\">\n\t\t\t\t<div class=\"elementor-widget-container\">\n\t\t\t\t\t\t\t<div class=\"elementor-spacer\">\n\t\t\t<div class=\"elementor-spacer-inner\"><\/div>\n\t\t<\/div>\n\t\t\t\t\t\t<\/div>\n\t\t\t\t<\/div>\n\t\t\t\t<div class=\"elementor-element elementor-element-a385e4b elementor-widget elementor-widget-product-meta\" data-id=\"a385e4b\" data-element_type=\"widget\" data-e-type=\"widget\" data-widget_type=\"product-meta.default\">\n\t\t\t\t<div class=\"elementor-widget-container\">\n\t\t\t\t\t        <div class=\"meta\">\n                  <div class=\"tags\">APQP\/PPAP&nbsp;&bull;&nbsp;Publicaci\u00f3n<\/div>\n              <\/div>\n     \t\t\t\t<\/div>\n\t\t\t\t<\/div>\n\t\t\t\t<section class=\"elementor-section elementor-inner-section elementor-element elementor-element-61a1113 elementor-section-boxed elementor-section-height-default elementor-section-height-default\" data-id=\"61a1113\" data-element_type=\"section\" data-e-type=\"section\">\n\t\t\t\t\t\t<div class=\"elementor-container elementor-column-gap-default\">\n\t\t\t\t\t<div class=\"elementor-column elementor-col-100 elementor-inner-column elementor-element elementor-element-208758f\" data-id=\"208758f\" data-element_type=\"column\" data-e-type=\"column\">\n\t\t\t<div class=\"elementor-widget-wrap elementor-element-populated\">\n\t\t\t\t\t\t\t<\/div>\n\t\t<\/div>\n\t\t\t\t\t<\/div>\n\t\t<\/section>\n\t\t\t\t<div class=\"elementor-element elementor-element-3ac7b8d7 elementor-widget elementor-widget-spacer\" data-id=\"3ac7b8d7\" data-element_type=\"widget\" data-e-type=\"widget\" data-widget_type=\"spacer.default\">\n\t\t\t\t<div class=\"elementor-widget-container\">\n\t\t\t\t\t\t\t<div class=\"elementor-spacer\">\n\t\t\t<div class=\"elementor-spacer-inner\"><\/div>\n\t\t<\/div>\n\t\t\t\t\t\t<\/div>\n\t\t\t\t<\/div>\n\t\t\t\t<section class=\"elementor-section elementor-inner-section elementor-element elementor-element-b71aba2 elementor-section-boxed elementor-section-height-default elementor-section-height-default\" data-id=\"b71aba2\" data-element_type=\"section\" data-e-type=\"section\">\n\t\t\t\t\t\t<div class=\"elementor-container elementor-column-gap-default\">\n\t\t\t\t\t<div class=\"elementor-column elementor-col-50 elementor-inner-column elementor-element elementor-element-60f3236\" data-id=\"60f3236\" data-element_type=\"column\" data-e-type=\"column\">\n\t\t\t<div class=\"elementor-widget-wrap elementor-element-populated\">\n\t\t\t\t\t\t<div class=\"elementor-element elementor-element-f02bf57 elementor-widget elementor-widget-image\" data-id=\"f02bf57\" data-element_type=\"widget\" data-e-type=\"widget\" data-widget_type=\"image.default\">\n\t\t\t\t<div class=\"elementor-widget-container\">\n\t\t\t\t\t\t\t\t\t\t\t\t\t\t\t<img fetchpriority=\"high\" decoding=\"async\" width=\"768\" height=\"998\" src=\"https:\/\/mx-wp-cdn.plexusintl.com\/wp-content\/uploads\/2021\/07\/14132217\/Captura-de-Pantalla-2021-07-18-a-las-12.49.18-768x998.png\" class=\"attachment-medium_large size-medium_large wp-image-5465\" alt=\"\" srcset=\"https:\/\/mx-wp-cdn.plexusintl.com\/wp-content\/uploads\/2021\/07\/14132217\/Captura-de-Pantalla-2021-07-18-a-las-12.49.18-768x998.png 768w, https:\/\/mx-wp-cdn.plexusintl.com\/wp-content\/uploads\/2021\/07\/14132217\/Captura-de-Pantalla-2021-07-18-a-las-12.49.18-231x300.png 231w, https:\/\/mx-wp-cdn.plexusintl.com\/wp-content\/uploads\/2021\/07\/14132217\/Captura-de-Pantalla-2021-07-18-a-las-12.49.18-788x1024.png 788w, https:\/\/mx-wp-cdn.plexusintl.com\/wp-content\/uploads\/2021\/07\/14132217\/Captura-de-Pantalla-2021-07-18-a-las-12.49.18.png 1140w\" sizes=\"(max-width: 768px) 100vw, 768px\" \/>\t\t\t\t\t\t\t\t\t\t\t\t\t\t\t<\/div>\n\t\t\t\t<\/div>\n\t\t\t\t\t<\/div>\n\t\t<\/div>\n\t\t\t\t<div class=\"elementor-column elementor-col-50 elementor-inner-column elementor-element elementor-element-7186d74\" data-id=\"7186d74\" data-element_type=\"column\" data-e-type=\"column\">\n\t\t\t<div class=\"elementor-widget-wrap elementor-element-populated\">\n\t\t\t\t\t\t<div class=\"elementor-element elementor-element-fd294f1 elementor-widget elementor-widget-text-editor\" data-id=\"fd294f1\" data-element_type=\"widget\" data-e-type=\"widget\" data-widget_type=\"text-editor.default\">\n\t\t\t\t<div class=\"elementor-widget-container\">\n\t\t\t\t\t\t\t\t\t<p>Aseg\u00farese de que sus proveedores comprendan los procesos necesarios para producir piezas con calidad constante durante un ciclo de producci\u00f3n real a tasas de producci\u00f3n. PPAP es el est\u00e1ndar de la industria para definir el proceso de aprobaci\u00f3n de piezas de producci\u00f3n para garantizar que los requisitos de especificaci\u00f3n y registro de dise\u00f1o de ingenier\u00eda se cumplan de manera consistente.<\/p>\t\t\t\t\t\t\t\t<\/div>\n\t\t\t\t<\/div>\n\t\t\t\t\t<\/div>\n\t\t<\/div>\n\t\t\t\t\t<\/div>\n\t\t<\/section>\n\t\t\t\t\t<\/div>\n\t\t<\/div>\n\t\t\t\t<div class=\"elementor-column elementor-col-50 elementor-top-column elementor-element elementor-element-2f87db33\" data-id=\"2f87db33\" data-element_type=\"column\" data-e-type=\"column\">\n\t\t\t<div class=\"elementor-widget-wrap elementor-element-populated\">\n\t\t\t\t\t\t<div class=\"elementor-element elementor-element-10b21671 elementor-widget elementor-widget-spacer\" data-id=\"10b21671\" data-element_type=\"widget\" data-e-type=\"widget\" data-widget_type=\"spacer.default\">\n\t\t\t\t<div class=\"elementor-widget-container\">\n\t\t\t\t\t\t\t<div class=\"elementor-spacer\">\n\t\t\t<div class=\"elementor-spacer-inner\"><\/div>\n\t\t<\/div>\n\t\t\t\t\t\t<\/div>\n\t\t\t\t<\/div>\n\t\t\t\t<div class=\"elementor-element elementor-element-53eb871b elementor-widget elementor-widget-multi-offer-widget\" data-id=\"53eb871b\" data-element_type=\"widget\" data-e-type=\"widget\" data-widget_type=\"multi-offer-widget.default\">\n\t\t\t\t<div class=\"elementor-widget-container\">\n\t\t\t\t\t\n<div class=\"product-purchase-options\">\n  <div class=\"intro-header\">    \n      <h3>Adquirir edoc<\/h3>\n      <p>Obtenga acceso de un solo usuario a las publicaciones de AIAG, reciba una copia impresa o ambos. <\/p>\n\t<\/div>\n  \t<form method=\"post\" id=\"add-offer\" class=\"add-offer\">\n        <div class=\"options\">            \n            <div class=\"form-group\">\n                <div class=\"radio\"><label><input type=\"radio\" name=\"offer\" value=\"b18c8d4a-c3d4-11eb-b999-0ae8b9885edd\" data-offer-id=\"b18c8d4a-c3d4-11eb-b999-0ae8b9885edd\" onchange=\"$('.price').css('display', 'none');$('#Edoc_Ingl_s-price').css('display', 'block');\">Edoc - Ingl\u00e9s<\/label><\/div><div class=\"radio\"><label><input type=\"radio\" name=\"offer\" value=\"633d26ec-a6ab-11eb-b999-0ae8b9885edd\" data-offer-id=\"633d26ec-a6ab-11eb-b999-0ae8b9885edd\" onchange=\"$('.price').css('display', 'none');$('#Edoc_Espa_ol-price').css('display', 'block');\">Edoc - Espa\u00f1ol<\/label><\/div>            <\/div> \n            <div class=\"offer-actions\" id=\"single_user_access\">\n                <div class=\"actions d-block\">\n                    <div class=\"price-wrapper\">\n                        <div class=\"price-label\">Precio de Lista<\/div>\n                         \n                        <div class=\"price\" id=\"Edoc_Ingl_s-price\" style=\"display:block\" > $165.00 USD <\/div> \n                          <div class=\"price\" id=\"Edoc_Espa_ol-price\" style=\"display:none\" > $165.00 USD <\/div> \n                           <\/div>   \n                                                <input type=\"hidden\" id=\"multi-offer-product-id\" name=\"multi-offer-product-id\" value='b18c8d4a-c3d4-11eb-b999-0ae8b9885edd'>                     \n                        <div id=\"purchase-error\"><\/div>\n                    <\/div>\n                    <button type=\"submit\" class=\"blue-button register-button\" name=\"addtocart\">Agregar al carro<\/button>                    \n                <\/div>     \n            <\/div>\n        <\/div>\t\t\n  <\/form>\n  <\/div>\n<script type=\"text\/javascript\">\n\t$(document).ready(function() {\n\t\t$('input[name=offer]').change(function(){\n\t\t\t$('.offer-actions .actions').hide();\n\t\t\t$('.offer-actions .actions.'+$('input[name=offer]:checked').val()).slideDown();\n      var selected = $('input[name=offer]:checked');\n      var offerId = selected.data('offer-id') || selected.val();\n      $('#multi-offer-product-id').val(offerId);\n\t\t});\t\t\n    $('.form-group').each(function(){\n        $('input[type=radio]:first', this).attr('checked', true);\n    });\n    \n  });\n  $('.add-offer').submit(function(e){\n    e.preventDefault();    \n    var productId = $('#multi-offer-product-id').val();    \n    addProductToCart(productId);\n  });\n<\/script>\n    \t\t\t\t<\/div>\n\t\t\t\t<\/div>\n\t\t\t\t\t<\/div>\n\t\t<\/div>\n\t\t\t\t\t<\/div>\n\t\t<\/section>\n\t\t\t\t<section class=\"elementor-section elementor-top-section elementor-element elementor-element-1104ab71 elementor-section-boxed elementor-section-height-default elementor-section-height-default\" data-id=\"1104ab71\" data-element_type=\"section\" data-e-type=\"section\">\n\t\t\t\t\t\t<div class=\"elementor-container elementor-column-gap-default\">\n\t\t\t\t\t<div class=\"elementor-column elementor-col-66 elementor-top-column elementor-element elementor-element-4009cb2a\" data-id=\"4009cb2a\" data-element_type=\"column\" data-e-type=\"column\">\n\t\t\t<div class=\"elementor-widget-wrap\">\n\t\t\t\t\t\t\t<\/div>\n\t\t<\/div>\n\t\t\t\t<div class=\"elementor-column elementor-col-33 elementor-top-column elementor-element elementor-element-5b7ec7f0\" data-id=\"5b7ec7f0\" data-element_type=\"column\" data-e-type=\"column\">\n\t\t\t<div class=\"elementor-widget-wrap elementor-element-populated\">\n\t\t\t\t\t\t<div class=\"elementor-element elementor-element-21f28fee elementor-widget elementor-widget-global elementor-global-4934 elementor-widget-text-editor\" data-id=\"21f28fee\" data-element_type=\"widget\" data-e-type=\"widget\" data-widget_type=\"text-editor.default\">\n\t\t\t\t<div class=\"elementor-widget-container\">\n\t\t\t\t\t\t\t\t\t<h3 style=\"text-align: center;\">Solicite la Publicaci\u00f3n Impresa<\/h3><p style=\"text-align: center;\">Contactanos para solicitar la versi\u00f3n impresa de este documento<\/p><p style=\"text-align: center;\"><a class=\"blue-button\" href=\"https:\/\/plexusintl.com\/mx\/contactanos\/\">Solicitar en formato impreso<\/a><\/p>\t\t\t\t\t\t\t\t<\/div>\n\t\t\t\t<\/div>\n\t\t\t\t\t<\/div>\n\t\t<\/div>\n\t\t\t\t\t<\/div>\n\t\t<\/section>\n\t\t\t\t<section class=\"elementor-section elementor-top-section elementor-element elementor-element-330e6c0a elementor-section-boxed elementor-section-height-default elementor-section-height-default\" data-id=\"330e6c0a\" data-element_type=\"section\" data-e-type=\"section\">\n\t\t\t\t\t\t<div class=\"elementor-container elementor-column-gap-default\">\n\t\t\t\t\t<div class=\"elementor-column elementor-col-100 elementor-top-column elementor-element elementor-element-437f64f2\" data-id=\"437f64f2\" data-element_type=\"column\" data-e-type=\"column\">\n\t\t\t<div class=\"elementor-widget-wrap elementor-element-populated\">\n\t\t\t\t\t\t<div class=\"elementor-element elementor-element-39d232ab elementor-widget elementor-widget-quick-tabs-block\" data-id=\"39d232ab\" data-element_type=\"widget\" data-e-type=\"widget\" data-widget_type=\"quick-tabs-block.default\">\n\t\t\t\t<div class=\"elementor-widget-container\">\n\t\t\t\t\t        <H4 data-tab-title=\"Informaci\u00f3n Adicional\" class=\"simpleTabsOpen\">Informaci\u00f3n Adicional<\/H4>\r\n                          <div class=\"row product-tabs-content\">\r\n                  <div class=\"col-3\">\r\n                    <p style=\"color:black\"><strong>Fecha de Publicaci\u00f3n<\/strong><\/p>\r\n                  <\/div>\r\n                  <div class=\"col-9\">\r\n                    <p>Marzo 2016<\/p>                  <\/div>\r\n                <\/div>\r\n                                <hr\/>\r\n                  <br \/>\r\n                                <div class=\"row product-tabs-content\">\r\n                  <div class=\"col-3\">\r\n                    <p style=\"color:black\"><strong>Versi\u00f3n Vigente<\/strong><\/p>\r\n                  <\/div>\r\n                  <div class=\"col-9\">\r\n                    <p>4<\/p>                  <\/div>\r\n                <\/div>\r\n                                <hr\/>\r\n                  <br \/>\r\n                                <div class=\"row product-tabs-content\">\r\n                  <div class=\"col-3\">\r\n                    <p style=\"color:black\"><strong>Idioma<\/strong><\/p>\r\n                  <\/div>\r\n                  <div class=\"col-9\">\r\n                    <p>Ingl\u00e9s y Espa\u00f1ol<\/p>                  <\/div>\r\n                <\/div>\r\n              \r\n        <div data-tab-title=\"\" class=\"simpleTabsClose\"><\/div>\r\n              <H4 data-tab-title=\"Consideraciones para los eDocument\" class=\"simpleTabsOpen\">Consideraciones para los eDocument<\/H4>\r\n                      <p>Los documentos electr\u00f3nicos de AIAG no se pueden imprimir ni guardar en su computadora local, solo se pueden ver a trav\u00e9s del sitio web de AIAG, utilizando nuestro visor de documentos electr\u00f3nicos. Los documentos electr\u00f3nicos tienen licencia para una cuenta de usuario final; aseg\u00farese de que el pedido se realice bajo la cuenta del usuario final real. Los documentos electr\u00f3nicos de AIAG no son transferibles de una cuenta a otra.<\/p>          \r\n        <div data-tab-title=\"\" class=\"simpleTabsClose\"><\/div>\r\n              <H4 data-tab-title=\"Envio y Devoluciones\" class=\"simpleTabsOpen\">Envio y Devoluciones<\/H4>\r\n                      <p>Los envios solo se realizar\u00e1n una vez que se haya cubierto su pago, en publicaciones impresas y electr\u00f3nicas no se admiten devoluciones\u00a0<\/p>          \r\n        <div data-tab-title=\"\" class=\"simpleTabsClose\"><\/div>\r\n              <H4 data-tab-title=\"Precios para miembros AIAG\" class=\"simpleTabsOpen\">Precios para miembros AIAG<\/H4>\r\n                      <p>Los miembros activos de AIAG tienen acceso a precios preferenciales en publicaciones impresas y en formato edoc. <strong><a href=\"\/mx\/contactanos\/\">Cont\u00e1ctenos<\/a> <\/strong>para m\u00e1s informaci\u00f3n<\/p>          \r\n        <div data-tab-title=\"\" class=\"simpleTabsClose\"><\/div>\r\n      \t\t\t\t<\/div>\n\t\t\t\t<\/div>\n\t\t\t\t\t<\/div>\n\t\t<\/div>\n\t\t\t\t\t<\/div>\n\t\t<\/section>\n\t\t\t\t<\/div>\n\t\t","protected":false},"excerpt":{"rendered":"<p>APQP\/PPAP&nbsp;&bull;&nbsp;Publicaci\u00f3n Aseg\u00farese de que sus proveedores comprendan los procesos necesarios para producir piezas con calidad constante durante un ciclo de producci\u00f3n real a tasas de producci\u00f3n. PPAP es el est\u00e1ndar de la industria para definir el proceso de aprobaci\u00f3n de piezas de producci\u00f3n para garantizar que los requisitos de especificaci\u00f3n y registro de dise\u00f1o de&#8230;<\/p>\n","protected":false},"author":10,"featured_media":0,"parent":87,"menu_order":0,"comment_status":"closed","ping_status":"closed","template":"","meta":{"footnotes":"","_wp_rev_ctl_limit":""},"class_list":["post-5463","page","type-page","status-publish","hentry"],"_links":{"self":[{"href":"https:\/\/plexusintl.com\/mx\/wp-json\/wp\/v2\/pages\/5463","targetHints":{"allow":["GET"]}}],"collection":[{"href":"https:\/\/plexusintl.com\/mx\/wp-json\/wp\/v2\/pages"}],"about":[{"href":"https:\/\/plexusintl.com\/mx\/wp-json\/wp\/v2\/types\/page"}],"author":[{"embeddable":true,"href":"https:\/\/plexusintl.com\/mx\/wp-json\/wp\/v2\/users\/10"}],"replies":[{"embeddable":true,"href":"https:\/\/plexusintl.com\/mx\/wp-json\/wp\/v2\/comments?post=5463"}],"version-history":[{"count":8,"href":"https:\/\/plexusintl.com\/mx\/wp-json\/wp\/v2\/pages\/5463\/revisions"}],"predecessor-version":[{"id":6921,"href":"https:\/\/plexusintl.com\/mx\/wp-json\/wp\/v2\/pages\/5463\/revisions\/6921"}],"up":[{"embeddable":true,"href":"https:\/\/plexusintl.com\/mx\/wp-json\/wp\/v2\/pages\/87"}],"wp:attachment":[{"href":"https:\/\/plexusintl.com\/mx\/wp-json\/wp\/v2\/media?parent=5463"}],"curies":[{"name":"wp","href":"https:\/\/api.w.org\/{rel}","templated":true}]}}