{"id":5471,"date":"2021-07-18T13:05:59","date_gmt":"2021-07-18T18:05:59","guid":{"rendered":"https:\/\/plexusintl.com\/mx\/?page_id=5471"},"modified":"2023-03-29T16:45:05","modified_gmt":"2023-03-29T21:45:05","slug":"spc-control-estadistico-de-procesos-publicacion","status":"publish","type":"page","link":"https:\/\/plexusintl.com\/mx\/catalogo\/spc-control-estadistico-de-procesos-publicacion\/","title":{"rendered":"SPC &#8211; Control Estad\u00edstico de Procesos &#8211; Publicaci\u00f3n"},"content":{"rendered":"\t\t<div data-elementor-type=\"wp-page\" data-elementor-id=\"5471\" class=\"elementor elementor-5471\" data-elementor-post-type=\"page\">\n\t\t\t\t\t\t<section class=\"elementor-section elementor-top-section elementor-element elementor-element-22c26728 elementor-section-boxed elementor-section-height-default elementor-section-height-default\" data-id=\"22c26728\" data-element_type=\"section\" data-e-type=\"section\">\n\t\t\t\t\t\t<div class=\"elementor-container elementor-column-gap-default\">\n\t\t\t\t\t<div class=\"elementor-column elementor-col-50 elementor-top-column elementor-element elementor-element-7bcf0811\" data-id=\"7bcf0811\" data-element_type=\"column\" data-e-type=\"column\">\n\t\t\t<div class=\"elementor-widget-wrap elementor-element-populated\">\n\t\t\t\t\t\t<section class=\"elementor-section elementor-inner-section elementor-element elementor-element-9eb644b elementor-section-boxed elementor-section-height-default elementor-section-height-default\" data-id=\"9eb644b\" data-element_type=\"section\" data-e-type=\"section\">\n\t\t\t\t\t\t<div class=\"elementor-container elementor-column-gap-default\">\n\t\t\t\t\t<div class=\"elementor-column elementor-col-100 elementor-inner-column elementor-element elementor-element-7de4552\" data-id=\"7de4552\" data-element_type=\"column\" data-e-type=\"column\">\n\t\t\t<div class=\"elementor-widget-wrap elementor-element-populated\">\n\t\t\t\t\t\t<div class=\"elementor-element elementor-element-9b9167f elementor-widget elementor-widget-spacer\" data-id=\"9b9167f\" data-element_type=\"widget\" data-e-type=\"widget\" data-widget_type=\"spacer.default\">\n\t\t\t\t<div class=\"elementor-widget-container\">\n\t\t\t\t\t\t\t<div class=\"elementor-spacer\">\n\t\t\t<div class=\"elementor-spacer-inner\"><\/div>\n\t\t<\/div>\n\t\t\t\t\t\t<\/div>\n\t\t\t\t<\/div>\n\t\t\t\t<div class=\"elementor-element elementor-element-44cca82 elementor-widget elementor-widget-product-meta\" data-id=\"44cca82\" data-element_type=\"widget\" data-e-type=\"widget\" data-widget_type=\"product-meta.default\">\n\t\t\t\t<div class=\"elementor-widget-container\">\n\t\t\t\t\t        <div class=\"meta\">\n                  <div class=\"tags\">MSA & SPC&nbsp;&bull;&nbsp;Publicaci\u00f3n<\/div>\n              <\/div>\n     \t\t\t\t<\/div>\n\t\t\t\t<\/div>\n\t\t\t\t<div class=\"elementor-element elementor-element-249ca3e elementor-widget elementor-widget-theme-post-title elementor-page-title elementor-widget-heading\" data-id=\"249ca3e\" data-element_type=\"widget\" data-e-type=\"widget\" data-widget_type=\"theme-post-title.default\">\n\t\t\t\t<div class=\"elementor-widget-container\">\n\t\t\t\t\t<h2 class=\"elementor-heading-title elementor-size-default\">SPC &#8211; Control Estad\u00edstico de Procesos &#8211; Publicaci\u00f3n<\/h2>\t\t\t\t<\/div>\n\t\t\t\t<\/div>\n\t\t\t\t\t<\/div>\n\t\t<\/div>\n\t\t\t\t\t<\/div>\n\t\t<\/section>\n\t\t\t\t<div class=\"elementor-element elementor-element-2bac98cf elementor-widget elementor-widget-spacer\" data-id=\"2bac98cf\" data-element_type=\"widget\" data-e-type=\"widget\" data-widget_type=\"spacer.default\">\n\t\t\t\t<div class=\"elementor-widget-container\">\n\t\t\t\t\t\t\t<div class=\"elementor-spacer\">\n\t\t\t<div class=\"elementor-spacer-inner\"><\/div>\n\t\t<\/div>\n\t\t\t\t\t\t<\/div>\n\t\t\t\t<\/div>\n\t\t\t\t<section class=\"elementor-section elementor-inner-section elementor-element elementor-element-d032f24 elementor-section-boxed elementor-section-height-default elementor-section-height-default\" data-id=\"d032f24\" data-element_type=\"section\" data-e-type=\"section\">\n\t\t\t\t\t\t<div class=\"elementor-container elementor-column-gap-default\">\n\t\t\t\t\t<div class=\"elementor-column elementor-col-50 elementor-inner-column elementor-element elementor-element-72a33ae\" data-id=\"72a33ae\" data-element_type=\"column\" data-e-type=\"column\">\n\t\t\t<div class=\"elementor-widget-wrap elementor-element-populated\">\n\t\t\t\t\t\t<div class=\"elementor-element elementor-element-1c636b8c elementor-widget elementor-widget-image\" data-id=\"1c636b8c\" data-element_type=\"widget\" data-e-type=\"widget\" data-widget_type=\"image.default\">\n\t\t\t\t<div class=\"elementor-widget-container\">\n\t\t\t\t\t\t\t\t\t\t\t\t\t\t\t<img fetchpriority=\"high\" decoding=\"async\" width=\"234\" height=\"300\" src=\"https:\/\/mx-wp-cdn.plexusintl.com\/wp-content\/uploads\/2021\/07\/14132216\/Captura-de-Pantalla-2021-07-18-a-las-13.06.49-234x300.png\" class=\"attachment-medium size-medium wp-image-5473\" alt=\"\" srcset=\"https:\/\/mx-wp-cdn.plexusintl.com\/wp-content\/uploads\/2021\/07\/14132216\/Captura-de-Pantalla-2021-07-18-a-las-13.06.49-234x300.png 234w, https:\/\/mx-wp-cdn.plexusintl.com\/wp-content\/uploads\/2021\/07\/14132216\/Captura-de-Pantalla-2021-07-18-a-las-13.06.49-798x1024.png 798w, https:\/\/mx-wp-cdn.plexusintl.com\/wp-content\/uploads\/2021\/07\/14132216\/Captura-de-Pantalla-2021-07-18-a-las-13.06.49-768x985.png 768w, https:\/\/mx-wp-cdn.plexusintl.com\/wp-content\/uploads\/2021\/07\/14132216\/Captura-de-Pantalla-2021-07-18-a-las-13.06.49.png 1018w\" sizes=\"(max-width: 234px) 100vw, 234px\" \/>\t\t\t\t\t\t\t\t\t\t\t\t\t\t\t<\/div>\n\t\t\t\t<\/div>\n\t\t\t\t\t<\/div>\n\t\t<\/div>\n\t\t\t\t<div class=\"elementor-column elementor-col-50 elementor-inner-column elementor-element elementor-element-8ed6d05\" data-id=\"8ed6d05\" data-element_type=\"column\" data-e-type=\"column\">\n\t\t\t<div class=\"elementor-widget-wrap elementor-element-populated\">\n\t\t\t\t\t\t<div class=\"elementor-element elementor-element-f50a9a9 elementor-widget elementor-widget-text-editor\" data-id=\"f50a9a9\" data-element_type=\"widget\" data-e-type=\"widget\" data-widget_type=\"text-editor.default\">\n\t\t\t\t<div class=\"elementor-widget-container\">\n\t\t\t\t\t\t\t\t\t<p>La mejora continua es vital para prosperar en la econom\u00eda actual. Esta gu\u00eda proporciona varios m\u00e9todos estad\u00edsticos b\u00e1sicos y avanzados que se pueden utilizar para hacer que sus mejoras de fabricaci\u00f3n sean m\u00e1s efectivas, lo que da como resultado productos y servicios que mejoran el valor tanto para usted como para su cliente.<\/p>\t\t\t\t\t\t\t\t<\/div>\n\t\t\t\t<\/div>\n\t\t\t\t\t<\/div>\n\t\t<\/div>\n\t\t\t\t\t<\/div>\n\t\t<\/section>\n\t\t\t\t<div class=\"elementor-element elementor-element-4927d811 elementor-widget elementor-widget-spacer\" data-id=\"4927d811\" data-element_type=\"widget\" data-e-type=\"widget\" data-widget_type=\"spacer.default\">\n\t\t\t\t<div class=\"elementor-widget-container\">\n\t\t\t\t\t\t\t<div class=\"elementor-spacer\">\n\t\t\t<div class=\"elementor-spacer-inner\"><\/div>\n\t\t<\/div>\n\t\t\t\t\t\t<\/div>\n\t\t\t\t<\/div>\n\t\t\t\t\t<\/div>\n\t\t<\/div>\n\t\t\t\t<div class=\"elementor-column elementor-col-50 elementor-top-column elementor-element elementor-element-1ba20e27\" data-id=\"1ba20e27\" data-element_type=\"column\" data-e-type=\"column\">\n\t\t\t<div class=\"elementor-widget-wrap elementor-element-populated\">\n\t\t\t\t\t\t<div class=\"elementor-element elementor-element-178dd5f8 elementor-widget elementor-widget-spacer\" data-id=\"178dd5f8\" data-element_type=\"widget\" data-e-type=\"widget\" data-widget_type=\"spacer.default\">\n\t\t\t\t<div class=\"elementor-widget-container\">\n\t\t\t\t\t\t\t<div class=\"elementor-spacer\">\n\t\t\t<div class=\"elementor-spacer-inner\"><\/div>\n\t\t<\/div>\n\t\t\t\t\t\t<\/div>\n\t\t\t\t<\/div>\n\t\t\t\t<div class=\"elementor-element elementor-element-26474a10 elementor-widget elementor-widget-multi-offer-widget\" data-id=\"26474a10\" data-element_type=\"widget\" data-e-type=\"widget\" data-widget_type=\"multi-offer-widget.default\">\n\t\t\t\t<div class=\"elementor-widget-container\">\n\t\t\t\t\t\n<div class=\"product-purchase-options\">\n  <div class=\"intro-header\">    \n      <h3>Adquirir edoc<\/h3>\n      <p>Obtenga acceso de un solo usuario a las publicaciones de AIAG, reciba una copia impresa o ambos. <\/p>\n\t<\/div>\n  \t<form method=\"post\" id=\"add-offer\" class=\"add-offer\">\n        <div class=\"options\">            \n            <div class=\"form-group\">\n                <div class=\"radio\"><label><input type=\"radio\" name=\"offer\" value=\"e24c45fc-c3d3-11eb-b999-0ae8b9885edd\" data-offer-id=\"e24c45fc-c3d3-11eb-b999-0ae8b9885edd\" onchange=\"$('.price').css('display', 'none');$('#Edoc_Ingl_s-price').css('display', 'block');\">Edoc - Ingl\u00e9s<\/label><\/div><div class=\"radio\"><label><input type=\"radio\" name=\"offer\" value=\"0ce65a11-a6ae-11eb-b999-0ae8b9885edd\" data-offer-id=\"0ce65a11-a6ae-11eb-b999-0ae8b9885edd\" onchange=\"$('.price').css('display', 'none');$('#Edoc_Espa_ol-price').css('display', 'block');\">Edoc - Espa\u00f1ol<\/label><\/div>            <\/div> \n            <div class=\"offer-actions\" id=\"single_user_access\">\n                <div class=\"actions d-block\">\n                    <div class=\"price-wrapper\">\n                        <div class=\"price-label\">Precio de Lista<\/div>\n                         \n                        <div class=\"price\" id=\"Edoc_Ingl_s-price\" style=\"display:block\" > $165.00 USD <\/div> \n                          <div class=\"price\" id=\"Edoc_Espa_ol-price\" style=\"display:none\" > $165.00 USD <\/div> \n                           <\/div>   \n                                                <input type=\"hidden\" id=\"multi-offer-product-id\" name=\"multi-offer-product-id\" value='e24c45fc-c3d3-11eb-b999-0ae8b9885edd'>                     \n                        <div id=\"purchase-error\"><\/div>\n                    <\/div>\n                    <button type=\"submit\" class=\"blue-button register-button\" name=\"addtocart\">Agregar al carro<\/button>                    \n                <\/div>     \n            <\/div>\n        <\/div>\t\t\n  <\/form>\n  <\/div>\n<script type=\"text\/javascript\">\n\t$(document).ready(function() {\n\t\t$('input[name=offer]').change(function(){\n\t\t\t$('.offer-actions .actions').hide();\n\t\t\t$('.offer-actions .actions.'+$('input[name=offer]:checked').val()).slideDown();\n      var selected = $('input[name=offer]:checked');\n      var offerId = selected.data('offer-id') || selected.val();\n      $('#multi-offer-product-id').val(offerId);\n\t\t});\t\t\n    $('.form-group').each(function(){\n        $('input[type=radio]:first', this).attr('checked', true);\n    });\n    \n  });\n  $('.add-offer').submit(function(e){\n    e.preventDefault();    \n    var productId = $('#multi-offer-product-id').val();    \n    addProductToCart(productId);\n  });\n<\/script>\n    \t\t\t\t<\/div>\n\t\t\t\t<\/div>\n\t\t\t\t\t<\/div>\n\t\t<\/div>\n\t\t\t\t\t<\/div>\n\t\t<\/section>\n\t\t\t\t<section class=\"elementor-section elementor-top-section elementor-element elementor-element-56cc0f7a elementor-section-boxed elementor-section-height-default elementor-section-height-default\" data-id=\"56cc0f7a\" data-element_type=\"section\" data-e-type=\"section\">\n\t\t\t\t\t\t<div class=\"elementor-container elementor-column-gap-default\">\n\t\t\t\t\t<div class=\"elementor-column elementor-col-66 elementor-top-column elementor-element elementor-element-7ea119e\" data-id=\"7ea119e\" data-element_type=\"column\" data-e-type=\"column\">\n\t\t\t<div class=\"elementor-widget-wrap\">\n\t\t\t\t\t\t\t<\/div>\n\t\t<\/div>\n\t\t\t\t<div class=\"elementor-column elementor-col-33 elementor-top-column elementor-element elementor-element-5fe994bd\" data-id=\"5fe994bd\" data-element_type=\"column\" data-e-type=\"column\">\n\t\t\t<div class=\"elementor-widget-wrap elementor-element-populated\">\n\t\t\t\t\t\t<div class=\"elementor-element elementor-element-68461212 elementor-widget elementor-widget-global elementor-global-4934 elementor-widget-text-editor\" data-id=\"68461212\" data-element_type=\"widget\" data-e-type=\"widget\" data-widget_type=\"text-editor.default\">\n\t\t\t\t<div class=\"elementor-widget-container\">\n\t\t\t\t\t\t\t\t\t<h3 style=\"text-align: center;\">Solicite la Publicaci\u00f3n Impresa<\/h3><p style=\"text-align: center;\">Contactanos para solicitar la versi\u00f3n impresa de este documento<\/p><p style=\"text-align: center;\"><a class=\"blue-button\" href=\"https:\/\/plexusintl.com\/mx\/contactanos\/\">Solicitar en formato impreso<\/a><\/p>\t\t\t\t\t\t\t\t<\/div>\n\t\t\t\t<\/div>\n\t\t\t\t\t<\/div>\n\t\t<\/div>\n\t\t\t\t\t<\/div>\n\t\t<\/section>\n\t\t\t\t<section class=\"elementor-section elementor-top-section elementor-element elementor-element-73adb679 elementor-section-boxed elementor-section-height-default elementor-section-height-default\" data-id=\"73adb679\" data-element_type=\"section\" data-e-type=\"section\">\n\t\t\t\t\t\t<div class=\"elementor-container elementor-column-gap-default\">\n\t\t\t\t\t<div class=\"elementor-column elementor-col-100 elementor-top-column elementor-element elementor-element-1c2f5dc7\" data-id=\"1c2f5dc7\" data-element_type=\"column\" data-e-type=\"column\">\n\t\t\t<div class=\"elementor-widget-wrap elementor-element-populated\">\n\t\t\t\t\t\t<div class=\"elementor-element elementor-element-474c56b7 elementor-widget elementor-widget-quick-tabs-block\" data-id=\"474c56b7\" data-element_type=\"widget\" data-e-type=\"widget\" data-widget_type=\"quick-tabs-block.default\">\n\t\t\t\t<div class=\"elementor-widget-container\">\n\t\t\t\t\t        <H4 data-tab-title=\"Informaci\u00f3n Adicional\" class=\"simpleTabsOpen\">Informaci\u00f3n Adicional<\/H4>\r\n                          <div class=\"row product-tabs-content\">\r\n                  <div class=\"col-3\">\r\n                    <p style=\"color:black\"><strong>Fecha de Publicaci\u00f3n<\/strong><\/p>\r\n                  <\/div>\r\n                  <div class=\"col-9\">\r\n                    <p>Julio 2005<\/p>                  <\/div>\r\n                <\/div>\r\n                                <hr\/>\r\n                  <br \/>\r\n                                <div class=\"row product-tabs-content\">\r\n                  <div class=\"col-3\">\r\n                    <p style=\"color:black\"><strong>Versi\u00f3n Vigente<\/strong><\/p>\r\n                  <\/div>\r\n                  <div class=\"col-9\">\r\n                    <p>2<\/p>                  <\/div>\r\n                <\/div>\r\n                                <hr\/>\r\n                  <br \/>\r\n                                <div class=\"row product-tabs-content\">\r\n                  <div class=\"col-3\">\r\n                    <p style=\"color:black\"><strong>Idioma<\/strong><\/p>\r\n                  <\/div>\r\n                  <div class=\"col-9\">\r\n                    <p>Ingl\u00e9s y Espa\u00f1ol<\/p>                  <\/div>\r\n                <\/div>\r\n              \r\n        <div data-tab-title=\"\" class=\"simpleTabsClose\"><\/div>\r\n              <H4 data-tab-title=\"Consideraciones para los eDocument\" class=\"simpleTabsOpen\">Consideraciones para los eDocument<\/H4>\r\n                      <p>Los documentos electr\u00f3nicos de AIAG no se pueden imprimir ni guardar en su computadora local, solo se pueden ver a trav\u00e9s del sitio web de AIAG, utilizando nuestro visor de documentos electr\u00f3nicos. Los documentos electr\u00f3nicos tienen licencia para una cuenta de usuario final; aseg\u00farese de que el pedido se realice bajo la cuenta del usuario final real. Los documentos electr\u00f3nicos de AIAG no son transferibles de una cuenta a otra.<\/p>          \r\n        <div data-tab-title=\"\" class=\"simpleTabsClose\"><\/div>\r\n              <H4 data-tab-title=\"Envio y Devoluciones\" class=\"simpleTabsOpen\">Envio y Devoluciones<\/H4>\r\n                      <p>Los envios solo se realizar\u00e1n una vez que se haya cubierto su pago, en publicaciones impresas y electr\u00f3nicas no se admiten devoluciones\u00a0<\/p>          \r\n        <div data-tab-title=\"\" class=\"simpleTabsClose\"><\/div>\r\n              <H4 data-tab-title=\"Precios para miembros AIAG\" class=\"simpleTabsOpen\">Precios para miembros AIAG<\/H4>\r\n                      <p>Los miembros activos de AIAG tienen acceso a precios preferenciales en publicaciones impresas y en formato edoc. <strong><a href=\"\/mx\/contactanos\/\">Cont\u00e1ctenos<\/a> <\/strong>para m\u00e1s informaci\u00f3n<\/p>          \r\n        <div data-tab-title=\"\" class=\"simpleTabsClose\"><\/div>\r\n      \t\t\t\t<\/div>\n\t\t\t\t<\/div>\n\t\t\t\t\t<\/div>\n\t\t<\/div>\n\t\t\t\t\t<\/div>\n\t\t<\/section>\n\t\t\t\t<section class=\"elementor-section elementor-top-section elementor-element elementor-element-836c66a elementor-section-boxed elementor-section-height-default elementor-section-height-default\" data-id=\"836c66a\" data-element_type=\"section\" data-e-type=\"section\">\n\t\t\t\t\t\t<div class=\"elementor-container elementor-column-gap-default\">\n\t\t\t\t\t<div class=\"elementor-column elementor-col-100 elementor-top-column elementor-element elementor-element-0c50888\" data-id=\"0c50888\" data-element_type=\"column\" data-e-type=\"column\">\n\t\t\t<div class=\"elementor-widget-wrap elementor-element-populated\">\n\t\t\t\t\t\t<div class=\"elementor-element elementor-element-21a5d3d elementor-widget elementor-widget-related-content-block\" data-id=\"21a5d3d\" data-element_type=\"widget\" data-e-type=\"widget\" data-widget_type=\"related-content-block.default\">\n\t\t\t\t<div class=\"elementor-widget-container\">\n\t\t\t\t\t    \r\n      <div class=\"row\">\r\n          <div class=\"col\">\r\n              <div class=\"related-content\">\r\n                  <h2 >Tambi\u00e9n podr\u00eda interesarle:<\/h2>\r\n\r\n                  <div class=\"row\">\r\n                      <div class=\"col-12 col-md-4 mb-3\">\r\n                          <div class=\"page page-1\">\r\n                              <div class=\"content-type\"><\/div>\r\n                              <div class=\"content-title\"><a href=\"https:\/\/plexusintl.com\/mx\/catalogo\/fundamentos-de-aiag-core-tools-spc-msa-fmea-cp-apqp-y-ppap\/\" class=\"cta\" >Fundamentos de AIAG Core Tools: SPC, MSA, FMEA, CP, APQP y PPAP.<\/a><\/div>\r\n                              <div class=\"content-description\"><p >La implementaci\u00f3n exitosa de las Core Tools de AIAG (APQP \/ PPAP, FMEA, MSA y SPC) dentro de su organizaci\u00f3n requiere una toma de conciencia y la comprensi\u00f3n del alcance y el contenido de estos documentos. Se espera que las organizaciones de proveedores demuestren que han implementado las Core Tools para lograr la certificaci\u00f3n IATF 16949.<\/p><\/div>\r\n                          <\/div>\r\n                      <\/div>\r\n                      <div class=\"col-12 col-md-4 mb-3\">\r\n                          <div class=\"page page-2\">\r\n                              <div class=\"content-type\"><\/div>\r\n                              <div class=\"content-title\"><a href=\"https:\/\/plexusintl.com\/mx\/catalogo\/spc-implementando-el-control-estadistico-del-proceso\/\" class=\"cta\" >Live Virtual \u2013 AIAG Quality Core Tools: SPC<\/a><\/div>\r\n                              <div class=\"content-description\"><p >SPC - Implementando el Control Estad\u00edstico del Proceso: Por medio de actividades de grupo y participaci\u00f3n individual, los participantes van a entender los conceptos b\u00e1sicos de estabilidad y capacidad del proceso y obtendr\u00e1n una visi\u00f3n general del uso y utilidad del Manual de SPC. <\/p><\/div>\r\n                          <\/div>\r\n                      <\/div>\r\n                      <div class=\"col-xs-12 col-md-4 mb-3\">\r\n                          <div class=\"page page-3\">\r\n                              <div class=\"content-type\"><\/div>\r\n                              <div class=\"content-title\"><a href=\"https:\/\/plexusintl.com\/mx\/catalogo\/examen-de-certificacion-spc\/\" class=\"cta\" >Examen de certificaci\u00f3n AIAG SPC<\/a><\/div>\r\n                              <div class=\"content-description\"><p >Examen de certificaci\u00f3n SPC verifica la competencia de un individuo en t\u00e9cnicas de an\u00e1lisis de sistemas de medici\u00f3n, como se define en el manual de referencia de SPC. El individuo es capaz de analizar un sistema de medici\u00f3n e interpretar los resultados, puede apoyar con \u00e9xito la selecci\u00f3n y gesti\u00f3n de sistemas de medici\u00f3n.<\/p><\/div>\r\n                          <\/div>\r\n                      <\/div>\r\n                  <\/div>\r\n              <\/div>\r\n          <\/div>\r\n      <\/div>\r\n    \t\t\t\t<\/div>\n\t\t\t\t<\/div>\n\t\t\t\t\t<\/div>\n\t\t<\/div>\n\t\t\t\t\t<\/div>\n\t\t<\/section>\n\t\t\t\t<\/div>\n\t\t","protected":false},"excerpt":{"rendered":"<p>MSA &#038; SPC&nbsp;&bull;&nbsp;Publicaci\u00f3n La mejora continua es vital para prosperar en la econom\u00eda actual. Esta gu\u00eda proporciona varios m\u00e9todos estad\u00edsticos b\u00e1sicos y avanzados que se pueden utilizar para hacer que sus mejoras de fabricaci\u00f3n sean m\u00e1s efectivas, lo que da como resultado productos y servicios que mejoran el valor tanto para usted como para su&#8230;<\/p>\n","protected":false},"author":10,"featured_media":0,"parent":87,"menu_order":0,"comment_status":"closed","ping_status":"closed","template":"","meta":{"footnotes":"","_wp_rev_ctl_limit":""},"class_list":["post-5471","page","type-page","status-publish","hentry"],"_links":{"self":[{"href":"https:\/\/plexusintl.com\/mx\/wp-json\/wp\/v2\/pages\/5471","targetHints":{"allow":["GET"]}}],"collection":[{"href":"https:\/\/plexusintl.com\/mx\/wp-json\/wp\/v2\/pages"}],"about":[{"href":"https:\/\/plexusintl.com\/mx\/wp-json\/wp\/v2\/types\/page"}],"author":[{"embeddable":true,"href":"https:\/\/plexusintl.com\/mx\/wp-json\/wp\/v2\/users\/10"}],"replies":[{"embeddable":true,"href":"https:\/\/plexusintl.com\/mx\/wp-json\/wp\/v2\/comments?post=5471"}],"version-history":[{"count":7,"href":"https:\/\/plexusintl.com\/mx\/wp-json\/wp\/v2\/pages\/5471\/revisions"}],"predecessor-version":[{"id":6922,"href":"https:\/\/plexusintl.com\/mx\/wp-json\/wp\/v2\/pages\/5471\/revisions\/6922"}],"up":[{"embeddable":true,"href":"https:\/\/plexusintl.com\/mx\/wp-json\/wp\/v2\/pages\/87"}],"wp:attachment":[{"href":"https:\/\/plexusintl.com\/mx\/wp-json\/wp\/v2\/media?parent=5471"}],"curies":[{"name":"wp","href":"https:\/\/api.w.org\/{rel}","templated":true}]}}