{"id":59,"date":"2020-06-22T19:20:24","date_gmt":"2020-06-22T14:20:24","guid":{"rendered":"https:\/\/plexusintl.com\/?page_id=59"},"modified":"2022-03-07T11:33:50","modified_gmt":"2022-03-07T16:33:50","slug":"ubicaciones-globales","status":"publish","type":"page","link":"https:\/\/plexusintl.com\/mx\/contactanos\/ubicaciones-globales\/","title":{"rendered":"Ubicaciones Globales"},"content":{"rendered":"\t\t<div data-elementor-type=\"wp-page\" data-elementor-id=\"59\" class=\"elementor elementor-59\" data-elementor-post-type=\"page\">\n\t\t\t\t\t\t<section class=\"elementor-section elementor-top-section elementor-element elementor-element-fa30d12 elementor-section-full_width elementor-section-height-default elementor-section-height-default\" data-id=\"fa30d12\" data-element_type=\"section\" data-e-type=\"section\">\n\t\t\t\t\t\t<div class=\"elementor-container elementor-column-gap-default\">\n\t\t\t\t\t<div class=\"elementor-column elementor-col-100 elementor-top-column elementor-element elementor-element-48ce74d\" data-id=\"48ce74d\" data-element_type=\"column\" data-e-type=\"column\">\n\t\t\t<div class=\"elementor-widget-wrap elementor-element-populated\">\n\t\t\t\t\t\t<div class=\"elementor-element elementor-element-6af859b elementor-widget elementor-widget-generic-hero-block\" data-id=\"6af859b\" data-element_type=\"widget\" data-e-type=\"widget\" data-widget_type=\"generic-hero-block.default\">\n\t\t\t\t<div class=\"elementor-widget-container\">\n\t\t\t\t\t    <div class=\"hero\" style=\"background-image: url(https:\/\/plexusintl.com\/wp-content\/uploads\/2020\/07\/plexus-international-global-locations.png);\">\r\n        <div class=\"container\">\r\n            <div class=\"row\">\r\n                <div class=\"col-xs-12 col-sm-9\">\r\n                    <p class=\"header\">Ubicaciones Globales<\/p>\r\n                <\/div>\r\n            <\/div>\r\n        <\/div>\r\n    <\/div>    \r\n    \t\t\t\t<\/div>\n\t\t\t\t<\/div>\n\t\t\t\t\t<\/div>\n\t\t<\/div>\n\t\t\t\t\t<\/div>\n\t\t<\/section>\n\t\t\t\t<section class=\"elementor-section elementor-top-section elementor-element elementor-element-d40e9b0 elementor-section-boxed elementor-section-height-default elementor-section-height-default\" data-id=\"d40e9b0\" data-element_type=\"section\" data-e-type=\"section\">\n\t\t\t\t\t\t<div class=\"elementor-container elementor-column-gap-default\">\n\t\t\t\t\t<div class=\"elementor-column elementor-col-33 elementor-top-column elementor-element elementor-element-da081bd\" data-id=\"da081bd\" data-element_type=\"column\" data-e-type=\"column\">\n\t\t\t<div class=\"elementor-widget-wrap elementor-element-populated\">\n\t\t\t\t\t\t<div class=\"elementor-element elementor-element-a0f92c6 elementor-widget elementor-widget-contact-block\" data-id=\"a0f92c6\" data-element_type=\"widget\" data-e-type=\"widget\" data-widget_type=\"contact-block.default\">\n\t\t\t\t<div class=\"elementor-widget-container\">\n\t\t\t\t\t\r\n    <p class=\"lead-text\">Brasil<\/p>\r\n\r\n    <p >Mr. Paulo S\u00e9rgio Giusti<br \/>\r\n    Rua Arizona, 1422 - 9th fl - Brooklin<br \/>\r\n            S\u00e3o Paulo - SP<br \/>\r\n                    04567-003<br \/>\r\n                            Brazil<br \/>\r\n                                    Tel\u00e9fono <a href=\"tel:551135282222\" >55-11-3528-2222<\/a> <br \/>\r\n                  Correo El\u00e9ctronico <u><a href=\"mailto:psgiusti@iaction-plexus.com.br?subject=Information%20Request\" >psgiusti@iaction-plexus.com.br<\/a><\/u><br \/>\r\n                <u><a href=\"http:\/\/www.iaction-plexus.com.br\" rel=\"noopener\"><img decoding=\"async\" width=\"20\" height=\"20\" src=\"https:\/\/mx-wp-cdn.plexusintl.com\/wp-content\/uploads\/2020\/07\/14132306\/contact-plexus-global-locations.png\" class=\"contact-block__website-icon\" alt=\"Website icon\" style=\"width:20px;height:20px;\" \/><\/a><\/u>\n        <a href=\"http:\/\/www.iaction-plexus.com.br\" rel=\"noopener\"> <\/a><u><a href=\"http:\/\/www.iaction-plexus.com.br\" target=\"_blank\" rel=\"noopener\">www.iaction-plexus.com.br<\/a><\/u>\n        <\/p>\r\n\r\n    <p>&nbsp;<\/p>\r\n    \t\t\t\t<\/div>\n\t\t\t\t<\/div>\n\t\t\t\t\t<\/div>\n\t\t<\/div>\n\t\t\t\t<div class=\"elementor-column elementor-col-33 elementor-top-column elementor-element elementor-element-51999cb\" data-id=\"51999cb\" data-element_type=\"column\" data-e-type=\"column\">\n\t\t\t<div class=\"elementor-widget-wrap elementor-element-populated\">\n\t\t\t\t\t\t<div class=\"elementor-element elementor-element-6d839e1 elementor-widget elementor-widget-contact-block\" data-id=\"6d839e1\" data-element_type=\"widget\" data-e-type=\"widget\" data-widget_type=\"contact-block.default\">\n\t\t\t\t<div class=\"elementor-widget-container\">\n\t\t\t\t\t\r\n    <p class=\"lead-text\">China<\/p>\r\n\r\n    <p >Mr. Steven Hsieh<br \/>\r\n    Room 2202-2203, Building B<br \/>\r\n            Far Glory International Plaza, 317 Xianxia Road<br \/>\r\n                    Shanghai, China, 200051<br \/>\r\n                                    Tel\u00e9fono <a href=\"tel:8602162350519\" >86 (021) 6235-0519<\/a> <br \/>\r\n                  Correo El\u00e9ctronico <u><a href=\"mailto:info@plexusintl.com.cn?subject=Information%20Request\" >info@plexusintl.com.cn<\/a><\/u><br \/>\r\n                <u><a href=\"http:\/\/www.plexusintl.com.cn\"><img decoding=\"async\" width=\"20\" height=\"20\" src=\"https:\/\/mx-wp-cdn.plexusintl.com\/wp-content\/uploads\/2020\/07\/14132306\/contact-plexus-global-locations.png\" class=\"contact-block__website-icon\" alt=\"Website icon\" style=\"width:20px;height:20px;\" \/><\/a><\/u>\n        <a href=\"http:\/\/www.plexusintl.com.cn\"> <\/a><u><a href=\"http:\/\/www.plexusintl.com.cn\" target=\"_blank\">www.plexusintl.com.cn<\/a><\/u>\n        <\/p>\r\n\r\n    <p>&nbsp;<\/p>\r\n    \t\t\t\t<\/div>\n\t\t\t\t<\/div>\n\t\t\t\t\t<\/div>\n\t\t<\/div>\n\t\t\t\t<div class=\"elementor-column elementor-col-33 elementor-top-column elementor-element elementor-element-c57fda9\" data-id=\"c57fda9\" data-element_type=\"column\" data-e-type=\"column\">\n\t\t\t<div class=\"elementor-widget-wrap elementor-element-populated\">\n\t\t\t\t\t\t<div class=\"elementor-element elementor-element-8bc32da elementor-widget elementor-widget-contact-block\" data-id=\"8bc32da\" data-element_type=\"widget\" data-e-type=\"widget\" data-widget_type=\"contact-block.default\">\n\t\t\t\t<div class=\"elementor-widget-container\">\n\t\t\t\t\t\r\n    <p class=\"lead-text\">India<\/p>\r\n\r\n    <p >Wg Cdr HS Anand<br \/>\r\n    3445, Sector 71, SAS Nagar<br \/>\r\n            Mohali (Punjab) Pin Code 160071<br \/>\r\n                    India<br \/>\r\n                                    Tel\u00e9fono <a href=\"tel:919874245348\" >91-98742-45348<\/a> (HS Anand)<br \/>\r\n                Tel\u00e9fono <a href=\"tel:919923406174\" >91-99234-06174<\/a> (Dr. Sumeet Ghambir)<br \/>\r\n              Correo El\u00e9ctronico <u><a href=\"mailto:hsanand@plexusintl.com?subject=Information%20Request\" >hsanand@plexusintl.com<\/a><\/u><br \/>\r\n            <\/p>\r\n\r\n    <p>&nbsp;<\/p>\r\n    \t\t\t\t<\/div>\n\t\t\t\t<\/div>\n\t\t\t\t\t<\/div>\n\t\t<\/div>\n\t\t\t\t\t<\/div>\n\t\t<\/section>\n\t\t\t\t<section class=\"elementor-section elementor-top-section elementor-element elementor-element-294f078 elementor-section-boxed elementor-section-height-default elementor-section-height-default\" data-id=\"294f078\" data-element_type=\"section\" data-e-type=\"section\">\n\t\t\t\t\t\t<div class=\"elementor-container elementor-column-gap-default\">\n\t\t\t\t\t<div class=\"elementor-column elementor-col-33 elementor-top-column elementor-element elementor-element-29e13b0\" data-id=\"29e13b0\" data-element_type=\"column\" data-e-type=\"column\">\n\t\t\t<div class=\"elementor-widget-wrap elementor-element-populated\">\n\t\t\t\t\t\t<div class=\"elementor-element elementor-element-a4933d6 elementor-widget elementor-widget-contact-block\" data-id=\"a4933d6\" data-element_type=\"widget\" data-e-type=\"widget\" data-widget_type=\"contact-block.default\">\n\t\t\t\t<div class=\"elementor-widget-container\">\n\t\t\t\t\t\r\n    <p class=\"lead-text\">Italia<\/p>\r\n\r\n    <p >Mr. Antonino Ciancio<br \/>\r\n    Via Paolo Veronese 216\/5<br \/>\r\n            10148 Torino<br \/>\r\n                    Italia<br \/>\r\n                                    Tel\u00e9fono <a href=\"tel:390115681954\" >39 011 5681954<\/a> Note<br \/>\r\n                  Correo El\u00e9ctronico <u><a href=\"mailto:a.ciancio@plexus-ms.com?subject=Information%20Request\" >a.ciancio@plexus-ms.com<\/a><\/u><br \/>\r\n                <u><a href=\"http:\/\/www.plexus-ms.com\" rel=\"noopener\"><img decoding=\"async\" width=\"20\" height=\"20\" src=\"https:\/\/mx-wp-cdn.plexusintl.com\/wp-content\/uploads\/2020\/07\/14132306\/contact-plexus-global-locations.png\" class=\"contact-block__website-icon\" alt=\"Website icon\" style=\"width:20px;height:20px;\" \/><\/a><\/u>\n        <a href=\"http:\/\/www.plexus-ms.com\" rel=\"noopener\"> <\/a><u><a href=\"http:\/\/www.plexus-ms.com\" target=\"_blank\" rel=\"noopener\">www.plexus-ms.com<\/a><\/u>\n        <\/p>\r\n\r\n    <p>&nbsp;<\/p>\r\n    \t\t\t\t<\/div>\n\t\t\t\t<\/div>\n\t\t\t\t\t<\/div>\n\t\t<\/div>\n\t\t\t\t<div class=\"elementor-column elementor-col-33 elementor-top-column elementor-element elementor-element-c711698\" data-id=\"c711698\" data-element_type=\"column\" data-e-type=\"column\">\n\t\t\t<div class=\"elementor-widget-wrap elementor-element-populated\">\n\t\t\t\t\t\t<div class=\"elementor-element elementor-element-d93bc3e elementor-widget elementor-widget-contact-block\" data-id=\"d93bc3e\" data-element_type=\"widget\" data-e-type=\"widget\" data-widget_type=\"contact-block.default\">\n\t\t\t\t<div class=\"elementor-widget-container\">\n\t\t\t\t\t\r\n    <p class=\"lead-text\">Jap\u00f3n<\/p>\r\n\r\n    <p >Mr. Itaru (Steve) Suzuki<br \/>\r\n    Mindan Building<br \/>\r\n            2-10-1 Tsuruya-Cho, Kanagawa-Ku,<br \/>\r\n                    Yokohama, 221-0835<br \/>\r\n                            Japan<br \/>\r\n                                    Tel\u00e9fono <a href=\"tel:81453119090\" >81-45-311-9090<\/a> <br \/>\r\n                  Correo El\u00e9ctronico <u><a href=\"mailto:info@plexus.jp?subject=Information%20Request\" >info@plexus.jp<\/a><\/u><br \/>\r\n                <u><a href=\"http:\/\/www.plexus.jp\" rel=\"noopener\"><img decoding=\"async\" width=\"20\" height=\"20\" src=\"https:\/\/mx-wp-cdn.plexusintl.com\/wp-content\/uploads\/2020\/07\/14132306\/contact-plexus-global-locations.png\" class=\"contact-block__website-icon\" alt=\"Website icon\" style=\"width:20px;height:20px;\" \/><\/a><\/u>\n        <a href=\"http:\/\/www.plexus.jp\" rel=\"noopener\"> <\/a><u><a href=\"http:\/\/www.plexus.jp\" target=\"_blank\" rel=\"noopener\">www.plexus.jp<\/a><\/u>\n        <\/p>\r\n\r\n    <p>&nbsp;<\/p>\r\n    \t\t\t\t<\/div>\n\t\t\t\t<\/div>\n\t\t\t\t\t<\/div>\n\t\t<\/div>\n\t\t\t\t<div class=\"elementor-column elementor-col-33 elementor-top-column elementor-element elementor-element-99eeaee\" data-id=\"99eeaee\" data-element_type=\"column\" data-e-type=\"column\">\n\t\t\t<div class=\"elementor-widget-wrap elementor-element-populated\">\n\t\t\t\t\t\t<div class=\"elementor-element elementor-element-a230f92 elementor-widget elementor-widget-contact-block\" data-id=\"a230f92\" data-element_type=\"widget\" data-e-type=\"widget\" data-widget_type=\"contact-block.default\">\n\t\t\t\t<div class=\"elementor-widget-container\">\n\t\t\t\t\t\r\n    <p class=\"lead-text\">Corea del Sur<\/p>\r\n\r\n    <p >Mr. S.Y. Won<br \/>\r\n    501,12, Gukhoe-daero 74 gil<br \/>\r\n            Yeongdeunpo-gu<br \/>\r\n                    Seoul, Korea 07238<br \/>\r\n                                    Tel\u00e9fono <a href=\"tel:8227821929\" >82-2-782-1929<\/a> <br \/>\r\n                Tel\u00e9fono <a href=\"tel:8227821925\" >82-2-782-1925<\/a> <br \/>\r\n              Correo El\u00e9ctronico <u><a href=\"mailto:sywon@plexus.co.kr?subject=Information%20Request\" >sywon@plexus.co.kr<\/a><\/u><br \/>\r\n                <u><a href=\"http:\/\/www.plexus.co.kr\" rel=\"noopener\"><img decoding=\"async\" width=\"20\" height=\"20\" src=\"https:\/\/mx-wp-cdn.plexusintl.com\/wp-content\/uploads\/2020\/07\/14132306\/contact-plexus-global-locations.png\" class=\"contact-block__website-icon\" alt=\"Website icon\" style=\"width:20px;height:20px;\" \/><\/a><\/u>\n        <a href=\"http:\/\/www.plexus.co.kr\" rel=\"noopener\"> <\/a><u><a href=\"http:\/\/www.plexus.co.kr\" target=\"_blank\" rel=\"noopener\">www.plexus.co.kr<\/a><\/u>\n        <\/p>\r\n\r\n    <p>&nbsp;<\/p>\r\n    \t\t\t\t<\/div>\n\t\t\t\t<\/div>\n\t\t\t\t\t<\/div>\n\t\t<\/div>\n\t\t\t\t\t<\/div>\n\t\t<\/section>\n\t\t\t\t<section class=\"elementor-section elementor-top-section elementor-element elementor-element-1228441 elementor-section-boxed elementor-section-height-default elementor-section-height-default\" data-id=\"1228441\" data-element_type=\"section\" data-e-type=\"section\">\n\t\t\t\t\t\t<div class=\"elementor-container elementor-column-gap-default\">\n\t\t\t\t\t<div class=\"elementor-column elementor-col-33 elementor-top-column elementor-element elementor-element-76bc95e\" data-id=\"76bc95e\" data-element_type=\"column\" data-e-type=\"column\">\n\t\t\t<div class=\"elementor-widget-wrap elementor-element-populated\">\n\t\t\t\t\t\t<div class=\"elementor-element elementor-element-b3b30f8 elementor-widget elementor-widget-contact-block\" data-id=\"b3b30f8\" data-element_type=\"widget\" data-e-type=\"widget\" data-widget_type=\"contact-block.default\">\n\t\t\t\t<div class=\"elementor-widget-container\">\n\t\t\t\t\t\r\n    <p class=\"lead-text\">Espa\u00f1a<\/p>\r\n\r\n    <p >Mr. I\u00f1aki Sucunza Aramburu<br \/>\r\n    C\/ IDalia 5 B<br \/>\r\n            43830 Torredembarra-Tarragona<br \/>\r\n                    Espa\u00f1a<br \/>\r\n                                    Tel\u00e9fono <a href=\"tel:34629515701\" >+34-629515-701<\/a> <br \/>\r\n                  Correo El\u00e9ctronico <u><a href=\"mailto:isucunza@plexusintl.com?subject=Information%20Request\" >isucunza@plexusintl.com<\/a><\/u><br \/>\r\n            <\/p>\r\n\r\n    <p>&nbsp;<\/p>\r\n    \t\t\t\t<\/div>\n\t\t\t\t<\/div>\n\t\t\t\t\t<\/div>\n\t\t<\/div>\n\t\t\t\t<div class=\"elementor-column elementor-col-33 elementor-top-column elementor-element elementor-element-3475bca\" data-id=\"3475bca\" data-element_type=\"column\" data-e-type=\"column\">\n\t\t\t<div class=\"elementor-widget-wrap elementor-element-populated\">\n\t\t\t\t\t\t<div class=\"elementor-element elementor-element-f5b5a54 elementor-widget elementor-widget-contact-block\" data-id=\"f5b5a54\" data-element_type=\"widget\" data-e-type=\"widget\" data-widget_type=\"contact-block.default\">\n\t\t\t\t<div class=\"elementor-widget-container\">\n\t\t\t\t\t\r\n    <p class=\"lead-text\">Sud\u00e1frica<\/p>\r\n\r\n    <p >Mr. Raj Harilal<br \/>\r\n    P.O. Boz 49033<br \/>\r\n            Qualbert - 4078, Durban,<br \/>\r\n                    South Africa<br \/>\r\n                                    Tel\u00e9fono <a href=\"tel:27315795671\" >27-31-579-5671<\/a> <br \/>\r\n                  Correo El\u00e9ctronico <u><a href=\"mailto:rharilal@plexusintl.com?subject=Information%20Request\" >rharilal@plexusintl.com<\/a><\/u><br \/>\r\n            <\/p>\r\n\r\n    <p>&nbsp;<\/p>\r\n    \t\t\t\t<\/div>\n\t\t\t\t<\/div>\n\t\t\t\t\t<\/div>\n\t\t<\/div>\n\t\t\t\t<div class=\"elementor-column elementor-col-33 elementor-top-column elementor-element elementor-element-32b9656\" data-id=\"32b9656\" data-element_type=\"column\" data-e-type=\"column\">\n\t\t\t<div class=\"elementor-widget-wrap elementor-element-populated\">\n\t\t\t\t\t\t<div class=\"elementor-element elementor-element-7daddd8 elementor-widget elementor-widget-contact-block\" data-id=\"7daddd8\" data-element_type=\"widget\" data-e-type=\"widget\" data-widget_type=\"contact-block.default\">\n\t\t\t\t<div class=\"elementor-widget-container\">\n\t\t\t\t\t\r\n    <p class=\"lead-text\">Estados Unidos<\/p>\r\n\r\n    <p >Mr. John Bores<br \/>\r\n    5550 Nicollet Ave<br \/>\r\n            Minneapolis, MN 55419<br \/>\r\n                    United States<br \/>\r\n                                    Tel\u00e9fono <a href=\"tel:6122381200\" >612-238-1200<\/a> <br \/>\r\n                  Correo El\u00e9ctronico <u><a href=\"mailto:info@plexusintl.com?subject=Information%20Request\" >info@plexusintl.com<\/a><\/u><br \/>\r\n                <u><a href=\"http:\/\/plexusintl.com\/us\/\"><img decoding=\"async\" width=\"20\" height=\"20\" src=\"https:\/\/mx-wp-cdn.plexusintl.com\/wp-content\/uploads\/2020\/07\/14132306\/contact-plexus-global-locations.png\" class=\"contact-block__website-icon\" alt=\"Website icon\" style=\"width:20px;height:20px;\" \/><\/a><\/u>\n        <a href=\"http:\/\/plexusintl.com\/us\/\"> <\/a><u><a href=\"http:\/\/plexusintl.com\/us\/\" target=\"_blank\">plexusintl.com\/us\/<\/a><\/u>\n        <\/p>\r\n\r\n    <p>&nbsp;<\/p>\r\n    \t\t\t\t<\/div>\n\t\t\t\t<\/div>\n\t\t\t\t\t<\/div>\n\t\t<\/div>\n\t\t\t\t\t<\/div>\n\t\t<\/section>\n\t\t\t\t<section class=\"elementor-section elementor-top-section elementor-element elementor-element-1ab78bf elementor-section-boxed elementor-section-height-default elementor-section-height-default\" data-id=\"1ab78bf\" data-element_type=\"section\" data-e-type=\"section\">\n\t\t\t\t\t\t<div class=\"elementor-container elementor-column-gap-default\">\n\t\t\t\t\t<div class=\"elementor-column elementor-col-50 elementor-top-column elementor-element elementor-element-98b9ddb\" data-id=\"98b9ddb\" data-element_type=\"column\" data-e-type=\"column\">\n\t\t\t<div class=\"elementor-widget-wrap elementor-element-populated\">\n\t\t\t\t\t\t<div class=\"elementor-element elementor-element-8d8ae54 elementor-widget elementor-widget-contact-block\" data-id=\"8d8ae54\" data-element_type=\"widget\" data-e-type=\"widget\" data-widget_type=\"contact-block.default\">\n\t\t\t\t<div class=\"elementor-widget-container\">\n\t\t\t\t\t\r\n    <p class=\"lead-text\">Reino Unido<\/p>\r\n\r\n    <p >Mr. Leigh Rogers<br \/>\r\n    12 Llys Gwyn<br \/>\r\n            Maesteg<br \/>\r\n                    Mid Glamorgan<br \/>\r\n                            CF34 9BG<br \/>\r\n                                    Tel\u00e9fono <a href=\"tel:01656734297\" >01656 734297<\/a> <br \/>\r\n                  Correo El\u00e9ctronico <u><a href=\"mailto:leigh@lmrglobal.co.uk?subject=Information%20Request\" >leigh@lmrglobal.co.uk<\/a><\/u><br \/>\r\n                <u><a href=\"http:\/\/lmrglobal.co.uk\" rel=\"noopener\"><img decoding=\"async\" width=\"20\" height=\"20\" src=\"https:\/\/mx-wp-cdn.plexusintl.com\/wp-content\/uploads\/2020\/07\/14132306\/contact-plexus-global-locations.png\" class=\"contact-block__website-icon\" alt=\"Website icon\" style=\"width:20px;height:20px;\" \/><\/a><\/u>\n        <a href=\"http:\/\/lmrglobal.co.uk\" rel=\"noopener\"> <\/a><u><a href=\"http:\/\/lmrglobal.co.uk\" target=\"_blank\" rel=\"noopener\">lmrglobal.co.uk<\/a><\/u>\n        <\/p>\r\n\r\n    <p>&nbsp;<\/p>\r\n    \t\t\t\t<\/div>\n\t\t\t\t<\/div>\n\t\t\t\t\t<\/div>\n\t\t<\/div>\n\t\t\t\t<div class=\"elementor-column elementor-col-50 elementor-top-column elementor-element elementor-element-6d4d8b8\" data-id=\"6d4d8b8\" data-element_type=\"column\" data-e-type=\"column\">\n\t\t\t<div class=\"elementor-widget-wrap\">\n\t\t\t\t\t\t\t<\/div>\n\t\t<\/div>\n\t\t\t\t\t<\/div>\n\t\t<\/section>\n\t\t\t\t<\/div>\n\t\t","protected":false},"excerpt":{"rendered":"<p>Ubicaciones Globales Brasil Mr. Paulo S\u00e9rgio Giusti Rua Arizona, 1422 &#8211; 9th fl &#8211; Brooklin S\u00e3o Paulo &#8211; SP 04567-003 Brazil Tel\u00e9fono 55-11-3528-2222 Correo El\u00e9ctronico psgiusti@iaction-plexus.com.br www.iaction-plexus.com.br &nbsp; China Mr. Steven Hsieh Room 2202-2203, Building B Far Glory International Plaza, 317 Xianxia Road Shanghai, China, 200051 Tel\u00e9fono 86 (021) 6235-0519 Correo El\u00e9ctronico info@plexusintl.com.cn www.plexusintl.com.cn &nbsp;&#8230;<\/p>\n","protected":false},"author":1,"featured_media":0,"parent":41,"menu_order":0,"comment_status":"closed","ping_status":"closed","template":"","meta":{"footnotes":"","_wp_rev_ctl_limit":""},"class_list":["post-59","page","type-page","status-publish","hentry"],"_links":{"self":[{"href":"https:\/\/plexusintl.com\/mx\/wp-json\/wp\/v2\/pages\/59","targetHints":{"allow":["GET"]}}],"collection":[{"href":"https:\/\/plexusintl.com\/mx\/wp-json\/wp\/v2\/pages"}],"about":[{"href":"https:\/\/plexusintl.com\/mx\/wp-json\/wp\/v2\/types\/page"}],"author":[{"embeddable":true,"href":"https:\/\/plexusintl.com\/mx\/wp-json\/wp\/v2\/users\/1"}],"replies":[{"embeddable":true,"href":"https:\/\/plexusintl.com\/mx\/wp-json\/wp\/v2\/comments?post=59"}],"version-history":[{"count":21,"href":"https:\/\/plexusintl.com\/mx\/wp-json\/wp\/v2\/pages\/59\/revisions"}],"predecessor-version":[{"id":6449,"href":"https:\/\/plexusintl.com\/mx\/wp-json\/wp\/v2\/pages\/59\/revisions\/6449"}],"up":[{"embeddable":true,"href":"https:\/\/plexusintl.com\/mx\/wp-json\/wp\/v2\/pages\/41"}],"wp:attachment":[{"href":"https:\/\/plexusintl.com\/mx\/wp-json\/wp\/v2\/media?parent=59"}],"curies":[{"name":"wp","href":"https:\/\/api.w.org\/{rel}","templated":true}]}}