{"id":6454,"date":"2022-03-28T09:56:55","date_gmt":"2022-03-28T14:56:55","guid":{"rendered":"https:\/\/plexusintl.com\/mx\/?page_id=6454"},"modified":"2023-03-08T19:17:30","modified_gmt":"2023-03-09T00:17:30","slug":"comprension-ejecutiva-de-la-norma-iso-450012018","status":"publish","type":"page","link":"https:\/\/plexusintl.com\/mx\/catalogo\/comprension-ejecutiva-de-la-norma-iso-450012018\/","title":{"rendered":"Comprensi\u00f3n Ejecutiva de la Norma ISO 45001:2018"},"content":{"rendered":"\t\t<div data-elementor-type=\"wp-page\" data-elementor-id=\"6454\" class=\"elementor elementor-6454\" data-elementor-post-type=\"page\">\n\t\t\t\t\t\t<section class=\"elementor-section elementor-top-section elementor-element elementor-element-4c4e311a elementor-section-boxed elementor-section-height-default elementor-section-height-default\" data-id=\"4c4e311a\" data-element_type=\"section\" data-e-type=\"section\">\n\t\t\t\t\t\t<div class=\"elementor-container elementor-column-gap-default\">\n\t\t\t\t\t<div class=\"elementor-column elementor-col-100 elementor-top-column elementor-element elementor-element-4f7a41b3\" data-id=\"4f7a41b3\" data-element_type=\"column\" data-e-type=\"column\">\n\t\t\t<div class=\"elementor-widget-wrap elementor-element-populated\">\n\t\t\t\t\t\t\t<\/div>\n\t\t<\/div>\n\t\t\t\t\t<\/div>\n\t\t<\/section>\n\t\t\t\t<section class=\"elementor-section elementor-top-section elementor-element elementor-element-13ef4b4 elementor-section-boxed elementor-section-height-default elementor-section-height-default\" data-id=\"13ef4b4\" data-element_type=\"section\" data-e-type=\"section\">\n\t\t\t\t\t\t<div class=\"elementor-container elementor-column-gap-default\">\n\t\t\t\t\t<div class=\"elementor-column elementor-col-66 elementor-top-column elementor-element elementor-element-8c398f8\" data-id=\"8c398f8\" data-element_type=\"column\" data-e-type=\"column\">\n\t\t\t<div class=\"elementor-widget-wrap elementor-element-populated\">\n\t\t\t\t\t\t<div class=\"elementor-element elementor-element-09670d6 elementor-widget elementor-widget-product-meta\" data-id=\"09670d6\" data-element_type=\"widget\" data-e-type=\"widget\" data-widget_type=\"product-meta.default\">\n\t\t\t\t<div class=\"elementor-widget-container\">\n\t\t\t\t\t        <div class=\"meta\">\n                  <div class=\"tags\">ISO 45001:2018&nbsp;&bull;&nbsp;AIAG&nbsp;&bull;&nbsp;Formaci\u00f3n a Distancia<\/div>\n              <\/div>\n     \t\t\t\t<\/div>\n\t\t\t\t<\/div>\n\t\t\t\t<div class=\"elementor-element elementor-element-bc9c581 elementor-widget elementor-widget-heading\" data-id=\"bc9c581\" data-element_type=\"widget\" data-e-type=\"widget\" data-widget_type=\"heading.default\">\n\t\t\t\t<div class=\"elementor-widget-container\">\n\t\t\t\t\t<h2 class=\"elementor-heading-title elementor-size-default\">Comprensi\u00f3n Ejecutiva de la norma ISO 45001:2018<\/h2>\t\t\t\t<\/div>\n\t\t\t\t<\/div>\n\t\t\t\t<div class=\"elementor-element elementor-element-d3d12e4 elementor-widget elementor-widget-text-editor\" data-id=\"d3d12e4\" data-element_type=\"widget\" data-e-type=\"widget\" data-widget_type=\"text-editor.default\">\n\t\t\t\t<div class=\"elementor-widget-container\">\n\t\t\t\t\t\t\t\t\t<p>El prop\u00f3sito de este curso de formaci\u00f3n a distancia es desarrollar en los miembros de la Alta Direcci\u00f3n un entendimiento de los requisitos aplicables a sus actividades de la Norma ISO 45001:2018, incluyendo las orientaciones dadas en el anexo A de la norma. <br \/><br \/>El objetivo de la norma ISO 45001:2018 es: desarrollar e implementar un sistema de gesti\u00f3n de la seguridad y salud en el trabajo (SGSST) que proporcione un marco de referencia para gestionar los riesgos y oportunidades para la seguridad y salud en el trabajo (SST). El objetivo y los resultados previstos del sistema de gesti\u00f3n de la SST son prevenir lesiones y deterioro de la salud relacionados con el trabajo a los trabajadores y proporcionar lugares de trabajo seguros y saludables; en consecuencia, es de importancia cr\u00edtica para la organizaci\u00f3n eliminar los peligros y minimizar los riesgos para la SST tomando medidas de prevenci\u00f3n y protecci\u00f3n eficaces. <br \/><br \/>El enfoque a procesos, el pensamiento basado en riesgos, los requisitos legales y otros requisitos constituyen una base s\u00f3lida que permite al sistema de gesti\u00f3n integrado basado en la Norma ISO 45001:2018 lograr los resultados pretendidos por la organizaci\u00f3n<\/p>\t\t\t\t\t\t\t\t<\/div>\n\t\t\t\t<\/div>\n\t\t\t\t\t<\/div>\n\t\t<\/div>\n\t\t\t\t<div class=\"elementor-column elementor-col-33 elementor-top-column elementor-element elementor-element-72f773d\" data-id=\"72f773d\" data-element_type=\"column\" data-e-type=\"column\">\n\t\t\t<div class=\"elementor-widget-wrap elementor-element-populated\">\n\t\t\t\t\t\t<div class=\"elementor-element elementor-element-1e608a9 elementor-widget elementor-widget-text-editor\" data-id=\"1e608a9\" data-element_type=\"widget\" data-e-type=\"widget\" data-widget_type=\"text-editor.default\">\n\t\t\t\t<div class=\"elementor-widget-container\">\n\t\t\t\t\t\t\t\t\t<h4>Solicita informaci\u00f3n de este entrenamiento:<\/h4><p style=\"text-align: center;\"><a class=\"blue-button\" href=\"https:\/\/plexusintl.com\/mx\/contactanos\/\">Solicitar informaci\u00f3n<\/a><\/p><p>\u00a0<\/p>\t\t\t\t\t\t\t\t<\/div>\n\t\t\t\t<\/div>\n\t\t\t\t\t<\/div>\n\t\t<\/div>\n\t\t\t\t\t<\/div>\n\t\t<\/section>\n\t\t\t\t<section class=\"elementor-section elementor-top-section elementor-element elementor-element-0dd25e2 elementor-section-boxed elementor-section-height-default elementor-section-height-default\" data-id=\"0dd25e2\" data-element_type=\"section\" data-e-type=\"section\">\n\t\t\t\t\t\t<div class=\"elementor-container elementor-column-gap-default\">\n\t\t\t\t\t<div class=\"elementor-column elementor-col-100 elementor-top-column elementor-element elementor-element-bdc9155\" data-id=\"bdc9155\" data-element_type=\"column\" data-e-type=\"column\">\n\t\t\t<div class=\"elementor-widget-wrap elementor-element-populated\">\n\t\t\t\t\t\t<div class=\"elementor-element elementor-element-f13f455 elementor-widget elementor-widget-template\" data-id=\"f13f455\" data-element_type=\"widget\" data-e-type=\"widget\" data-widget_type=\"template.default\">\n\t\t\t\t<div class=\"elementor-widget-container\">\n\t\t\t\t\t\t\t<div class=\"elementor-template\">\n\t\t\t\t\t<div data-elementor-type=\"section\" data-elementor-id=\"3601\" class=\"elementor elementor-3601\" data-elementor-post-type=\"elementor_library\">\n\t\t\t\t\t<section class=\"elementor-section elementor-top-section elementor-element elementor-element-30a9a830 elementor-section-boxed elementor-section-height-default elementor-section-height-default\" data-id=\"30a9a830\" data-element_type=\"section\" data-e-type=\"section\">\n\t\t\t\t\t\t<div class=\"elementor-container elementor-column-gap-default\">\n\t\t\t\t\t<div class=\"elementor-column elementor-col-33 elementor-top-column elementor-element elementor-element-672d8cf\" data-id=\"672d8cf\" data-element_type=\"column\" data-e-type=\"column\">\n\t\t\t<div class=\"elementor-widget-wrap elementor-element-populated\">\n\t\t\t\t\t\t<div class=\"elementor-element elementor-element-69ad23e6 elementor-widget elementor-widget-text-editor\" data-id=\"69ad23e6\" data-element_type=\"widget\" data-e-type=\"widget\" data-widget_type=\"text-editor.default\">\n\t\t\t\t<div class=\"elementor-widget-container\">\n\t\t\t\t\t\t\t\t\t<p style=\"text-align: center;\"><a href=\"https:\/\/www.aiag.org\/store\/international\/certified-distributors\" rel=\"noopener\"><img decoding=\"async\" class=\"alignnone wp-image-3311\" src=\"https:\/\/mx-wp-cdn.plexusintl.com\/wp-content\/uploads\/2021\/03\/14132238\/AIAG-Certified-Training-Provider-Seal_TRANSPARENT-300x237.png\" alt=\"\" width=\"150\" height=\"119\" srcset=\"https:\/\/mx-wp-cdn.plexusintl.com\/wp-content\/uploads\/2021\/03\/14132238\/AIAG-Certified-Training-Provider-Seal_TRANSPARENT-300x237.png 300w, https:\/\/mx-wp-cdn.plexusintl.com\/wp-content\/uploads\/2021\/03\/14132238\/AIAG-Certified-Training-Provider-Seal_TRANSPARENT.png 565w\" sizes=\"(max-width: 150px) 100vw, 150px\" \/><\/a><\/p>\t\t\t\t\t\t\t\t<\/div>\n\t\t\t\t<\/div>\n\t\t\t\t\t<\/div>\n\t\t<\/div>\n\t\t\t\t<div class=\"elementor-column elementor-col-66 elementor-top-column elementor-element elementor-element-12db0245\" data-id=\"12db0245\" data-element_type=\"column\" data-e-type=\"column\">\n\t\t\t<div class=\"elementor-widget-wrap elementor-element-populated\">\n\t\t\t\t\t\t<div class=\"elementor-element elementor-element-7af2569d elementor-widget elementor-widget-text-editor\" data-id=\"7af2569d\" data-element_type=\"widget\" data-e-type=\"widget\" data-widget_type=\"text-editor.default\">\n\t\t\t\t<div class=\"elementor-widget-container\">\n\t\t\t\t\t\t\t\t\t<p>Todos los entrenamientos impartidos por Plexus son programas afiliados a AIAG. Plexus es el proveedor mundial certificado de productos y servicios AIAG. <strong><a href=\"https:\/\/www.aiag.org\/store\/international\/certified-distributors\" rel=\"noopener\">Conozca m\u00e1s &gt;&gt;<\/a><\/strong><\/p>\t\t\t\t\t\t\t\t<\/div>\n\t\t\t\t<\/div>\n\t\t\t\t\t<\/div>\n\t\t<\/div>\n\t\t\t\t\t<\/div>\n\t\t<\/section>\n\t\t\t\t<\/div>\n\t\t\t\t<\/div>\n\t\t\t\t\t\t<\/div>\n\t\t\t\t<\/div>\n\t\t\t\t<div class=\"elementor-element elementor-element-e38bd8b elementor-tabs-view-horizontal elementor-widget elementor-widget-tabs\" data-id=\"e38bd8b\" data-element_type=\"widget\" data-e-type=\"widget\" data-widget_type=\"tabs.default\">\n\t\t\t\t<div class=\"elementor-widget-container\">\n\t\t\t\t\t\t\t<div class=\"elementor-tabs\">\n\t\t\t<div class=\"elementor-tabs-wrapper\" role=\"tablist\" >\n\t\t\t\t\t\t\t\t\t<div id=\"elementor-tab-title-2381\" class=\"elementor-tab-title elementor-tab-desktop-title\" aria-selected=\"true\" data-tab=\"1\" role=\"tab\" tabindex=\"0\" aria-controls=\"elementor-tab-content-2381\" aria-expanded=\"false\">Objetivos de Aprendizaje: <\/div>\n\t\t\t\t\t\t\t\t\t<div id=\"elementor-tab-title-2382\" class=\"elementor-tab-title elementor-tab-desktop-title\" aria-selected=\"false\" data-tab=\"2\" role=\"tab\" tabindex=\"-1\" aria-controls=\"elementor-tab-content-2382\" aria-expanded=\"false\">Qui\u00e9n deber\u00eda participar: <\/div>\n\t\t\t\t\t\t\t\t\t<div id=\"elementor-tab-title-2383\" class=\"elementor-tab-title elementor-tab-desktop-title\" aria-selected=\"false\" data-tab=\"3\" role=\"tab\" tabindex=\"-1\" aria-controls=\"elementor-tab-content-2383\" aria-expanded=\"false\">Agenda<\/div>\n\t\t\t\t\t\t\t\t\t<div id=\"elementor-tab-title-2384\" class=\"elementor-tab-title elementor-tab-desktop-title\" aria-selected=\"false\" data-tab=\"4\" role=\"tab\" tabindex=\"-1\" aria-controls=\"elementor-tab-content-2384\" aria-expanded=\"false\">Duraci\u00f3n Total: <\/div>\n\t\t\t\t\t\t\t\t\t<div id=\"elementor-tab-title-2385\" class=\"elementor-tab-title elementor-tab-desktop-title\" aria-selected=\"false\" data-tab=\"5\" role=\"tab\" tabindex=\"-1\" aria-controls=\"elementor-tab-content-2385\" aria-expanded=\"false\">Requisitos previos<\/div>\n\t\t\t\t\t\t\t<\/div>\n\t\t\t<div class=\"elementor-tabs-content-wrapper\" role=\"tablist\" aria-orientation=\"vertical\">\n\t\t\t\t\t\t\t\t\t<div class=\"elementor-tab-title elementor-tab-mobile-title\" aria-selected=\"true\" data-tab=\"1\" role=\"tab\" tabindex=\"0\" aria-controls=\"elementor-tab-content-2381\" aria-expanded=\"false\">Objetivos de Aprendizaje: <\/div>\n\t\t\t\t\t<div id=\"elementor-tab-content-2381\" class=\"elementor-tab-content elementor-clearfix\" data-tab=\"1\" role=\"tabpanel\" aria-labelledby=\"elementor-tab-title-2381\" tabindex=\"0\" hidden=\"false\"><p><span style=\"font-weight: 400;\">Los participantes entender\u00e1n:\u00a0<\/span><\/p><ul><li><span style=\"font-weight: 400;\">La Estructura Armonizada en las normas ISO;\u00a0<\/span><\/li><li><span style=\"font-weight: 400;\">Los conceptos clave de un SGSST;\u00a0<\/span><\/li><li><span style=\"font-weight: 400;\">El enfoque a procesos y el pensamiento basado en riesgos;\u00a0<\/span><\/li><li><span style=\"font-weight: 400;\">Los requisitos aplicables a la Alta Direcci\u00f3n de la Norma ISO 45001:2018.\u00a0<\/span><\/li><li><span style=\"font-weight: 400;\">La relaci\u00f3n de la Norma ISO 45001:2018 con otras normas de gesti\u00f3n como las Normas IATF 16949:2016, ISO 9001:2015 e ISO 14001:2015\u00a0<\/span><\/li><\/ul><\/div>\n\t\t\t\t\t\t\t\t\t<div class=\"elementor-tab-title elementor-tab-mobile-title\" aria-selected=\"false\" data-tab=\"2\" role=\"tab\" tabindex=\"-1\" aria-controls=\"elementor-tab-content-2382\" aria-expanded=\"false\">Qui\u00e9n deber\u00eda participar: <\/div>\n\t\t\t\t\t<div id=\"elementor-tab-content-2382\" class=\"elementor-tab-content elementor-clearfix\" data-tab=\"2\" role=\"tabpanel\" aria-labelledby=\"elementor-tab-title-2382\" tabindex=\"0\" hidden=\"hidden\"><ul><li><span style=\"font-weight: 400;\">Miembros de la Alta Direcci\u00f3n de la organizaci\u00f3n que necesiten conocer acerca de la Norma ISO<\/span> <span style=\"font-weight: 400;\">45001:2018.<\/span><\/li><li><span style=\"font-weight: 400;\">Miembros del equipo de implementaci\u00f3n y mantenimiento del SG de la SST basado en la Norma ISO<\/span> <span style=\"font-weight: 400;\">ISO 45001:2018.<\/span><\/li><\/ul><\/div>\n\t\t\t\t\t\t\t\t\t<div class=\"elementor-tab-title elementor-tab-mobile-title\" aria-selected=\"false\" data-tab=\"3\" role=\"tab\" tabindex=\"-1\" aria-controls=\"elementor-tab-content-2383\" aria-expanded=\"false\">Agenda<\/div>\n\t\t\t\t\t<div id=\"elementor-tab-content-2383\" class=\"elementor-tab-content elementor-clearfix\" data-tab=\"3\" role=\"tabpanel\" aria-labelledby=\"elementor-tab-title-2383\" tabindex=\"0\" hidden=\"hidden\"><p><b>D\u00eda 1 (4 horas)\u00a0<\/b><\/p><ul><li><span style=\"font-weight: 400;\">Parte 1 &#8211; Estructura Arm\u00f3nica en las Normas ISO y la integraci\u00f3n de normas dentro del sistemas de gesti\u00f3n de la organizaci\u00f3n;\u00a0<\/span><\/li><li><span style=\"font-weight: 400;\">Parte 2 &#8211; Fundamentos de los sistemas de gesti\u00f3n de la seguridad y salud en el trabajo; (SGSST); <\/span><span style=\"font-weight: 400;\">\u2022 <\/span><span style=\"font-weight: 400;\">Parte 3 &#8211; Enfoque a procesos, que incorpora el ciclo PHVA y el pensamiento basado en riesgos;\u00a0<\/span><\/li><\/ul><p><b>D\u00eda 2 (4 horas)\u00a0<\/b><\/p><ul><li><span style=\"font-weight: 400;\">Parte 4 &#8211; Comprensi\u00f3n de los requisitos aplicables a la Alta Direcci\u00f3n de la Norma ISO 45001:2018.<\/span><\/li><li>Parte 5 &#8211; Ejercicio de aplicaci\u00f3n.<\/li><\/ul><\/div>\n\t\t\t\t\t\t\t\t\t<div class=\"elementor-tab-title elementor-tab-mobile-title\" aria-selected=\"false\" data-tab=\"4\" role=\"tab\" tabindex=\"-1\" aria-controls=\"elementor-tab-content-2384\" aria-expanded=\"false\">Duraci\u00f3n Total: <\/div>\n\t\t\t\t\t<div id=\"elementor-tab-content-2384\" class=\"elementor-tab-content elementor-clearfix\" data-tab=\"4\" role=\"tabpanel\" aria-labelledby=\"elementor-tab-title-2384\" tabindex=\"0\" hidden=\"hidden\"><p><b>Duraci\u00f3n Total:\u00a0<\/b><\/p><p><span style=\"font-weight: 400;\">Dos d\u00edas (8 horas). Las jornadas ser\u00e1n de alrededor de cuatro horas m\u00e1s el tiempo dedicado a los recesos durante <\/span><span style=\"font-weight: 400;\">\u00a0<\/span><span style=\"font-weight: 400;\">la sesi\u00f3n. <\/span><span style=\"font-weight: 400;\">\u00a0<\/span><\/p><\/div>\n\t\t\t\t\t\t\t\t\t<div class=\"elementor-tab-title elementor-tab-mobile-title\" aria-selected=\"false\" data-tab=\"5\" role=\"tab\" tabindex=\"-1\" aria-controls=\"elementor-tab-content-2385\" aria-expanded=\"false\">Requisitos previos<\/div>\n\t\t\t\t\t<div id=\"elementor-tab-content-2385\" class=\"elementor-tab-content elementor-clearfix\" data-tab=\"5\" role=\"tabpanel\" aria-labelledby=\"elementor-tab-title-2385\" tabindex=\"0\" hidden=\"hidden\"><ul><li><span style=\"font-weight: 400;\">Computadora de escritorio o port\u00e1til;\u00a0<\/span><\/li><li><span style=\"font-weight: 400;\">Una conexi\u00f3n a internet de banda ancha por cable o inal\u00e1mbrica (3G o 4G \/ LTE);\u00a0<\/span><\/li><li><span style=\"font-weight: 400;\">Altavoces y un micr\u00f3fono que est\u00e1n integrados ya sea mediante un conector USB o Bluetooth inal\u00e1mbrico;\u00a0<\/span><\/li><li><span style=\"font-weight: 400;\">Una c\u00e1mara web incorporada o con conexi\u00f3n USB o una c\u00e1mara web HD;\u00a0<\/span><\/li><li><span style=\"font-weight: 400;\">Se recomienda un segundo monitor para un entorno de aprendizaje \u00f3ptimo. (Opcional).\u00a0<\/span><\/li><li><span style=\"font-weight: 400;\">Los participantes deber\u00e1n acudir a una sesi\u00f3n previa al entrenamiento, para revisar requisitos y expectativas de los participantes<\/span><\/li><\/ul><\/div>\n\t\t\t\t\t\t\t<\/div>\n\t\t<\/div>\n\t\t\t\t\t\t<\/div>\n\t\t\t\t<\/div>\n\t\t\t\t<div class=\"elementor-element elementor-element-8f95fc0 elementor-widget elementor-widget-related-content-block\" data-id=\"8f95fc0\" data-element_type=\"widget\" data-e-type=\"widget\" data-widget_type=\"related-content-block.default\">\n\t\t\t\t<div class=\"elementor-widget-container\">\n\t\t\t\t\t    \r\n      <div class=\"row\">\r\n          <div class=\"col\">\r\n              <div class=\"related-content\">\r\n                  <h2 >Tambi\u00e9n podr\u00eda interesarle:<\/h2>\r\n\r\n                  <div class=\"row\">\r\n                      <div class=\"col-12 col-md-4 mb-3\">\r\n                          <div class=\"page page-1\">\r\n                              <div class=\"content-type\"><\/div>\r\n                              <div class=\"content-title\"><a href=\"https:\/\/plexusintl.com\/mx\/catalogo\/fundamentos-de-iso-450012018\/\" class=\"cta\">Fundamentos de norma ISO 45001:2018 <\/a><\/div>\r\n                              <div class=\"content-description\"><p >Desarrolle en los participantes un entendimiento de los  requisitos de la Norma ISO 45001:2018, conociendo los conceptos  clave de la gesti\u00f3n de la seguridad y salud en el trabajo, tales como son los peligros, riesgos, participaci\u00f3n y  consulta, entre otros<\/p><\/div>\r\n                          <\/div>\r\n                      <\/div>\r\n                      <div class=\"col-12 col-md-4 mb-3\">\r\n                          <div class=\"page page-2\">\r\n                              <div class=\"content-type\"><\/div>\r\n                              <div class=\"content-title\"><a href=\"https:\/\/plexusintl.com\/mx\/catalogo\/iso-450012018-internal-auditor-training-occupational-health-and-safety-managament-systems\/\" class=\"cta\">Fundamentos de Auditorias ISO 45001:2018<\/a><\/div>\r\n                              <div class=\"content-description\"><p > Proporciona los conocimientos necesarios para realizar auditor\u00edas basadas en los requisitos de la Norma ISO 45001:2018 y en la orientaci\u00f3n incluida en la Norma ISO 19011:2018 en el sistema de gesti\u00f3n de la salud y seguridad en el trabajo.<\/p><\/div>\r\n                          <\/div>\r\n                      <\/div>\r\n                      <div class=\"col-xs-12 col-md-4 mb-3\">\r\n                          <div class=\"page page-3\">\r\n                              <div class=\"content-type\"><\/div>\r\n                              <div class=\"content-title\"><a href=\"https:\/\/plexusintl.com\/mx\/competencias\/iso-45001-salud-y-seguridad-en-el-trabajo\/iso-45001-herramienta-de-analisis-de-brecha\/\" class=\"cta\">ISO 45001: Herramienta de an\u00e1lisis de brecha<\/a><\/div>\r\n                              <div class=\"content-description\"><p >Ya sea que su organizaci\u00f3n est\u00e9 planeando implementar un sistema de gesti\u00f3n de seguridad y salud ocupacional por primera vez, o est\u00e9 en transici\u00f3n para cumplir con los requisitos del sistema de gesti\u00f3n ISO 45001: 2018, comience utilizando nuestra herramienta gratuita para realizar un an\u00e1lisis de brechas en comparaci\u00f3n con ISO 45001: 2018<\/p><\/div>\r\n                          <\/div>\r\n                      <\/div>\r\n                  <\/div>\r\n              <\/div>\r\n          <\/div>\r\n      <\/div>\r\n    \t\t\t\t<\/div>\n\t\t\t\t<\/div>\n\t\t\t\t\t<\/div>\n\t\t<\/div>\n\t\t\t\t\t<\/div>\n\t\t<\/section>\n\t\t\t\t<\/div>\n\t\t","protected":false},"excerpt":{"rendered":"<p>ISO 45001:2018&nbsp;&bull;&nbsp;AIAG&nbsp;&bull;&nbsp;Formaci\u00f3n a Distancia Comprensi\u00f3n Ejecutiva de la norma ISO 45001:2018 El prop\u00f3sito de este curso de formaci\u00f3n a distancia es desarrollar en los miembros de la Alta Direcci\u00f3n un entendimiento de los requisitos aplicables a sus actividades de la Norma ISO 45001:2018, incluyendo las orientaciones dadas en el anexo A de la norma. El&#8230;<\/p>\n","protected":false},"author":10,"featured_media":0,"parent":87,"menu_order":0,"comment_status":"closed","ping_status":"closed","template":"","meta":{"footnotes":"","_wp_rev_ctl_limit":""},"class_list":["post-6454","page","type-page","status-publish","hentry"],"_links":{"self":[{"href":"https:\/\/plexusintl.com\/mx\/wp-json\/wp\/v2\/pages\/6454","targetHints":{"allow":["GET"]}}],"collection":[{"href":"https:\/\/plexusintl.com\/mx\/wp-json\/wp\/v2\/pages"}],"about":[{"href":"https:\/\/plexusintl.com\/mx\/wp-json\/wp\/v2\/types\/page"}],"author":[{"embeddable":true,"href":"https:\/\/plexusintl.com\/mx\/wp-json\/wp\/v2\/users\/10"}],"replies":[{"embeddable":true,"href":"https:\/\/plexusintl.com\/mx\/wp-json\/wp\/v2\/comments?post=6454"}],"version-history":[{"count":8,"href":"https:\/\/plexusintl.com\/mx\/wp-json\/wp\/v2\/pages\/6454\/revisions"}],"predecessor-version":[{"id":6867,"href":"https:\/\/plexusintl.com\/mx\/wp-json\/wp\/v2\/pages\/6454\/revisions\/6867"}],"up":[{"embeddable":true,"href":"https:\/\/plexusintl.com\/mx\/wp-json\/wp\/v2\/pages\/87"}],"wp:attachment":[{"href":"https:\/\/plexusintl.com\/mx\/wp-json\/wp\/v2\/media?parent=6454"}],"curies":[{"name":"wp","href":"https:\/\/api.w.org\/{rel}","templated":true}]}}