{"id":6467,"date":"2022-03-28T11:08:13","date_gmt":"2022-03-28T16:08:13","guid":{"rendered":"https:\/\/plexusintl.com\/mx\/?page_id=6467"},"modified":"2023-03-10T12:32:14","modified_gmt":"2023-03-10T17:32:14","slug":"cqi-28-guias-de-trazabilidad-formacion-a-distancia","status":"publish","type":"page","link":"https:\/\/plexusintl.com\/mx\/catalogo\/cqi-28-guias-de-trazabilidad-formacion-a-distancia\/","title":{"rendered":"CQI-28 Gu\u00edas de Trazabilidad-  formaci\u00f3n a distancia"},"content":{"rendered":"\t\t<div data-elementor-type=\"wp-page\" data-elementor-id=\"6467\" class=\"elementor elementor-6467\" data-elementor-post-type=\"page\">\n\t\t\t\t\t\t<section class=\"elementor-section elementor-top-section elementor-element elementor-element-1480c54 elementor-section-boxed elementor-section-height-default elementor-section-height-default\" data-id=\"1480c54\" data-element_type=\"section\" data-e-type=\"section\">\n\t\t\t\t\t\t<div class=\"elementor-container elementor-column-gap-default\">\n\t\t\t\t\t<div class=\"elementor-column elementor-col-66 elementor-top-column elementor-element elementor-element-ceb68b0\" data-id=\"ceb68b0\" data-element_type=\"column\" data-e-type=\"column\">\n\t\t\t<div class=\"elementor-widget-wrap elementor-element-populated\">\n\t\t\t\t\t\t<div class=\"elementor-element elementor-element-c712324 elementor-widget elementor-widget-product-meta\" data-id=\"c712324\" data-element_type=\"widget\" data-e-type=\"widget\" data-widget_type=\"product-meta.default\">\n\t\t\t\t<div class=\"elementor-widget-container\">\n\t\t\t\t\t        <div class=\"meta\">\n                  <div class=\"tags\">Procesos especiales y otros CQIs&nbsp;&bull;&nbsp;AIAG&nbsp;&bull;&nbsp;Formaci\u00f3n a Distancia<\/div>\n              <\/div>\n     \t\t\t\t<\/div>\n\t\t\t\t<\/div>\n\t\t\t\t<div class=\"elementor-element elementor-element-544e59e elementor-widget elementor-widget-heading\" data-id=\"544e59e\" data-element_type=\"widget\" data-e-type=\"widget\" data-widget_type=\"heading.default\">\n\t\t\t\t<div class=\"elementor-widget-container\">\n\t\t\t\t\t<h2 class=\"elementor-heading-title elementor-size-default\">CQI-28 - Gu\u00edas de Trazabilidad<\/h2>\t\t\t\t<\/div>\n\t\t\t\t<\/div>\n\t\t\t\t<div class=\"elementor-element elementor-element-a98ee6c elementor-widget elementor-widget-text-editor\" data-id=\"a98ee6c\" data-element_type=\"widget\" data-e-type=\"widget\" data-widget_type=\"text-editor.default\">\n\t\t\t\t<div class=\"elementor-widget-container\">\n\t\t\t\t\t\t\t\t\t<p><span style=\"font-weight: 400;\">Descubra eficazmente en estos m\u00f3dulos a distancia c\u00f3mo utilizar la gu\u00eda de trazabilidad\u00a0para clarificar las expectativas e impacto de la trazabilidad, as\u00ed como de ser capaz de aplicar las mejores pr\u00e1cticas y casos de aplicaci\u00f3n en tecnolog\u00edas aplicadas a la trazabilidad, tambi\u00e9n se har\u00e1 una revisi\u00f3n general de requerimientos espec\u00edficos de los clientes relacionados a la trazabilidad e identificar\u00e1 como clarificar los requerimientos de la autoevaluaci\u00f3n incluida.\u00a0<\/span><\/p><p><span style=\"font-weight: 400;\">Un elemento clave es que esta gu\u00eda no trae requerimientos nuevos a los ya establecidos, pero se resalta informaci\u00f3n que es referenciada o requerida en la industria.<br \/><br \/><\/span>Las actividades de esta formaci\u00f3n est\u00e1n dise\u00f1adas para:<\/p><ul><li style=\"font-weight: 400;\" aria-level=\"1\"><span style=\"font-weight: 400;\">Asegurar la correcta interpretaci\u00f3n de los diferentes elementos incluidos en la gu\u00eda CQI-28 &#8220;Trazabilidad&#8221;<\/span><\/li><li style=\"font-weight: 400;\" aria-level=\"1\"><span style=\"font-weight: 400;\">Identificar pr\u00e1cticas que refuercen la gesti\u00f3n de la trazabilidad en las organizaciones, con enfoque a asegurar contar con m\u00e9todos verificables para trazar los productos hasta su origen.<\/span><\/li><li style=\"font-weight: 400;\" aria-level=\"1\"><span style=\"font-weight: 400;\">Clarificar los requerimientos de la autoevaluaci\u00f3n incluida en la gu\u00eda CQI-28.<\/span><\/li><\/ul>\t\t\t\t\t\t\t\t<\/div>\n\t\t\t\t<\/div>\n\t\t\t\t\t<\/div>\n\t\t<\/div>\n\t\t\t\t<div class=\"elementor-column elementor-col-33 elementor-top-column elementor-element elementor-element-f122d25\" data-id=\"f122d25\" data-element_type=\"column\" data-e-type=\"column\">\n\t\t\t<div class=\"elementor-widget-wrap elementor-element-populated\">\n\t\t\t\t\t\t<div class=\"elementor-element elementor-element-aaa4bda elementor-widget elementor-widget-spacer\" data-id=\"aaa4bda\" data-element_type=\"widget\" data-e-type=\"widget\" data-widget_type=\"spacer.default\">\n\t\t\t\t<div class=\"elementor-widget-container\">\n\t\t\t\t\t\t\t<div class=\"elementor-spacer\">\n\t\t\t<div class=\"elementor-spacer-inner\"><\/div>\n\t\t<\/div>\n\t\t\t\t\t\t<\/div>\n\t\t\t\t<\/div>\n\t\t\t\t<div class=\"elementor-element elementor-element-206a851 elementor-widget elementor-widget-text-editor\" data-id=\"206a851\" data-element_type=\"widget\" data-e-type=\"widget\" data-widget_type=\"text-editor.default\">\n\t\t\t\t<div class=\"elementor-widget-container\">\n\t\t\t\t\t\t\t\t\t<h4>Solicita informaci\u00f3n de este entrenamiento:<\/h4><p style=\"text-align: center;\"><a class=\"blue-button\" href=\"https:\/\/plexusintl.com\/mx\/contactanos\/\" rel=\"sponsored\">Solicita informaci\u00f3n<\/a><\/p>\t\t\t\t\t\t\t\t<\/div>\n\t\t\t\t<\/div>\n\t\t\t\t\t<\/div>\n\t\t<\/div>\n\t\t\t\t\t<\/div>\n\t\t<\/section>\n\t\t\t\t<section class=\"elementor-section elementor-top-section elementor-element elementor-element-2d0e2d1 elementor-section-boxed elementor-section-height-default elementor-section-height-default\" data-id=\"2d0e2d1\" data-element_type=\"section\" data-e-type=\"section\">\n\t\t\t\t\t\t<div class=\"elementor-container elementor-column-gap-default\">\n\t\t\t\t\t<div class=\"elementor-column elementor-col-100 elementor-top-column elementor-element elementor-element-79423be\" data-id=\"79423be\" data-element_type=\"column\" data-e-type=\"column\">\n\t\t\t<div class=\"elementor-widget-wrap elementor-element-populated\">\n\t\t\t\t\t\t<div class=\"elementor-element elementor-element-2fb08bb elementor-widget elementor-widget-template\" data-id=\"2fb08bb\" data-element_type=\"widget\" data-e-type=\"widget\" data-widget_type=\"template.default\">\n\t\t\t\t<div class=\"elementor-widget-container\">\n\t\t\t\t\t\t\t<div class=\"elementor-template\">\n\t\t\t\t\t<div data-elementor-type=\"section\" data-elementor-id=\"3601\" class=\"elementor elementor-3601\" data-elementor-post-type=\"elementor_library\">\n\t\t\t\t\t<section class=\"elementor-section elementor-top-section elementor-element elementor-element-30a9a830 elementor-section-boxed elementor-section-height-default elementor-section-height-default\" data-id=\"30a9a830\" data-element_type=\"section\" data-e-type=\"section\">\n\t\t\t\t\t\t<div class=\"elementor-container elementor-column-gap-default\">\n\t\t\t\t\t<div class=\"elementor-column elementor-col-33 elementor-top-column elementor-element elementor-element-672d8cf\" data-id=\"672d8cf\" data-element_type=\"column\" data-e-type=\"column\">\n\t\t\t<div class=\"elementor-widget-wrap elementor-element-populated\">\n\t\t\t\t\t\t<div class=\"elementor-element elementor-element-69ad23e6 elementor-widget elementor-widget-text-editor\" data-id=\"69ad23e6\" data-element_type=\"widget\" data-e-type=\"widget\" data-widget_type=\"text-editor.default\">\n\t\t\t\t<div class=\"elementor-widget-container\">\n\t\t\t\t\t\t\t\t\t<p style=\"text-align: center;\"><a href=\"https:\/\/www.aiag.org\/store\/international\/certified-distributors\" rel=\"noopener\"><img decoding=\"async\" class=\"alignnone wp-image-3311\" src=\"https:\/\/mx-wp-cdn.plexusintl.com\/wp-content\/uploads\/2021\/03\/14132238\/AIAG-Certified-Training-Provider-Seal_TRANSPARENT-300x237.png\" alt=\"\" width=\"150\" height=\"119\" srcset=\"https:\/\/mx-wp-cdn.plexusintl.com\/wp-content\/uploads\/2021\/03\/14132238\/AIAG-Certified-Training-Provider-Seal_TRANSPARENT-300x237.png 300w, https:\/\/mx-wp-cdn.plexusintl.com\/wp-content\/uploads\/2021\/03\/14132238\/AIAG-Certified-Training-Provider-Seal_TRANSPARENT.png 565w\" sizes=\"(max-width: 150px) 100vw, 150px\" \/><\/a><\/p>\t\t\t\t\t\t\t\t<\/div>\n\t\t\t\t<\/div>\n\t\t\t\t\t<\/div>\n\t\t<\/div>\n\t\t\t\t<div class=\"elementor-column elementor-col-66 elementor-top-column elementor-element elementor-element-12db0245\" data-id=\"12db0245\" data-element_type=\"column\" data-e-type=\"column\">\n\t\t\t<div class=\"elementor-widget-wrap elementor-element-populated\">\n\t\t\t\t\t\t<div class=\"elementor-element elementor-element-7af2569d elementor-widget elementor-widget-text-editor\" data-id=\"7af2569d\" data-element_type=\"widget\" data-e-type=\"widget\" data-widget_type=\"text-editor.default\">\n\t\t\t\t<div class=\"elementor-widget-container\">\n\t\t\t\t\t\t\t\t\t<p>Todos los entrenamientos impartidos por Plexus son programas afiliados a AIAG. Plexus es el proveedor mundial certificado de productos y servicios AIAG. <strong><a href=\"https:\/\/www.aiag.org\/store\/international\/certified-distributors\" rel=\"noopener\">Conozca m\u00e1s &gt;&gt;<\/a><\/strong><\/p>\t\t\t\t\t\t\t\t<\/div>\n\t\t\t\t<\/div>\n\t\t\t\t\t<\/div>\n\t\t<\/div>\n\t\t\t\t\t<\/div>\n\t\t<\/section>\n\t\t\t\t<\/div>\n\t\t\t\t<\/div>\n\t\t\t\t\t\t<\/div>\n\t\t\t\t<\/div>\n\t\t\t\t<div class=\"elementor-element elementor-element-ee76f90 elementor-tabs-view-horizontal elementor-widget elementor-widget-tabs\" data-id=\"ee76f90\" data-element_type=\"widget\" data-e-type=\"widget\" data-widget_type=\"tabs.default\">\n\t\t\t\t<div class=\"elementor-widget-container\">\n\t\t\t\t\t\t\t<div class=\"elementor-tabs\">\n\t\t\t<div class=\"elementor-tabs-wrapper\" role=\"tablist\" >\n\t\t\t\t\t\t\t\t\t<div id=\"elementor-tab-title-2501\" class=\"elementor-tab-title elementor-tab-desktop-title\" aria-selected=\"true\" data-tab=\"1\" role=\"tab\" tabindex=\"0\" aria-controls=\"elementor-tab-content-2501\" aria-expanded=\"false\">Objetivos de Aprendizaje:<\/div>\n\t\t\t\t\t\t\t\t\t<div id=\"elementor-tab-title-2502\" class=\"elementor-tab-title elementor-tab-desktop-title\" aria-selected=\"false\" data-tab=\"2\" role=\"tab\" tabindex=\"-1\" aria-controls=\"elementor-tab-content-2502\" aria-expanded=\"false\">Contenido<\/div>\n\t\t\t\t\t\t\t\t\t<div id=\"elementor-tab-title-2503\" class=\"elementor-tab-title elementor-tab-desktop-title\" aria-selected=\"false\" data-tab=\"3\" role=\"tab\" tabindex=\"-1\" aria-controls=\"elementor-tab-content-2503\" aria-expanded=\"false\">Qui\u00e9n deber\u00eda participar<\/div>\n\t\t\t\t\t\t\t\t\t<div id=\"elementor-tab-title-2504\" class=\"elementor-tab-title elementor-tab-desktop-title\" aria-selected=\"false\" data-tab=\"4\" role=\"tab\" tabindex=\"-1\" aria-controls=\"elementor-tab-content-2504\" aria-expanded=\"false\">Requisitos previos<\/div>\n\t\t\t\t\t\t\t\t\t<div id=\"elementor-tab-title-2505\" class=\"elementor-tab-title elementor-tab-desktop-title\" aria-selected=\"false\" data-tab=\"5\" role=\"tab\" tabindex=\"-1\" aria-controls=\"elementor-tab-content-2505\" aria-expanded=\"false\">Duraci\u00f3n Total<\/div>\n\t\t\t\t\t\t\t<\/div>\n\t\t\t<div class=\"elementor-tabs-content-wrapper\" role=\"tablist\" aria-orientation=\"vertical\">\n\t\t\t\t\t\t\t\t\t<div class=\"elementor-tab-title elementor-tab-mobile-title\" aria-selected=\"true\" data-tab=\"1\" role=\"tab\" tabindex=\"0\" aria-controls=\"elementor-tab-content-2501\" aria-expanded=\"false\">Objetivos de Aprendizaje:<\/div>\n\t\t\t\t\t<div id=\"elementor-tab-content-2501\" class=\"elementor-tab-content elementor-clearfix\" data-tab=\"1\" role=\"tabpanel\" aria-labelledby=\"elementor-tab-title-2501\" tabindex=\"0\" hidden=\"false\"><ul><li>Identificar CQI-28 como una herramienta que incluye requerimientos enfocados a la gesti\u00f3n de la trazabilidad y su mejora en las organizaciones.<\/li><li>Identificar los principales elementos de la gu\u00eda.<\/li><li>Entender las exigencias de la autoevaluaci\u00f3n incluida en CQI-28 e identificar los modos posibles de cumplimiento (evidencias) as\u00ed como identificar y aplicar t\u00e9cnicas de auditor\u00eda, incluyendo el muestreo cualitativo y cuantitativo necesario para la generaci\u00f3n de diagn\u00f3sticos confiables y realistas.<\/li><li>Manejar la estructuraci\u00f3n y descripci\u00f3n de las deficiencias y no conformidades detectadas. <\/li><\/ul><\/div>\n\t\t\t\t\t\t\t\t\t<div class=\"elementor-tab-title elementor-tab-mobile-title\" aria-selected=\"false\" data-tab=\"2\" role=\"tab\" tabindex=\"-1\" aria-controls=\"elementor-tab-content-2502\" aria-expanded=\"false\">Contenido<\/div>\n\t\t\t\t\t<div id=\"elementor-tab-content-2502\" class=\"elementor-tab-content elementor-clearfix\" data-tab=\"2\" role=\"tabpanel\" aria-labelledby=\"elementor-tab-title-2502\" tabindex=\"0\" hidden=\"hidden\"><ul>\n<li><span style=\"font-weight: 400;\">Fundamentos de la Trazabilidad.<\/span><\/li>\n<li style=\"font-weight: 400;\" aria-level=\"1\"><span style=\"font-weight: 400;\">Requisitos Espec\u00edficos y normativos relacionados con la trazabilidad.<\/span><\/li>\n<li style=\"font-weight: 400;\" aria-level=\"1\"><span style=\"font-weight: 400;\">Elementos de un sistema y m\u00e9todos robustos relacionados a la trazabilidad.<\/span><\/li>\n<li style=\"font-weight: 400;\" aria-level=\"1\"><span style=\"font-weight: 400;\">Mejores pr\u00e1cticas.<\/span><\/li>\n<li style=\"font-weight: 400;\" aria-level=\"1\"><span style=\"font-weight: 400;\">Clarificaci\u00f3n de los elementos de la Autoevaluaci\u00f3n incluida en la gu\u00eda.<\/span><\/li>\n<\/ul><\/div>\n\t\t\t\t\t\t\t\t\t<div class=\"elementor-tab-title elementor-tab-mobile-title\" aria-selected=\"false\" data-tab=\"3\" role=\"tab\" tabindex=\"-1\" aria-controls=\"elementor-tab-content-2503\" aria-expanded=\"false\">Qui\u00e9n deber\u00eda participar<\/div>\n\t\t\t\t\t<div id=\"elementor-tab-content-2503\" class=\"elementor-tab-content elementor-clearfix\" data-tab=\"3\" role=\"tabpanel\" aria-labelledby=\"elementor-tab-title-2503\" tabindex=\"0\" hidden=\"hidden\"><p><span style=\"font-weight: 400;\">Ingenieros de manufactura y calidad, auditores internos, supervisores de procesos en los que es clave generar y mantener la trazabilidad, personal de mantenimiento y cualquier persona involucrada en la implementaci\u00f3n, mantenimiento y\/o mejora de sistemas de trazabilidad.\u00a0\u00a0<\/span><\/p><\/div>\n\t\t\t\t\t\t\t\t\t<div class=\"elementor-tab-title elementor-tab-mobile-title\" aria-selected=\"false\" data-tab=\"4\" role=\"tab\" tabindex=\"-1\" aria-controls=\"elementor-tab-content-2504\" aria-expanded=\"false\">Requisitos previos<\/div>\n\t\t\t\t\t<div id=\"elementor-tab-content-2504\" class=\"elementor-tab-content elementor-clearfix\" data-tab=\"4\" role=\"tabpanel\" aria-labelledby=\"elementor-tab-title-2504\" tabindex=\"0\" hidden=\"hidden\"><ul>\n<li style=\"font-weight: 400;\" aria-level=\"1\"><span style=\"font-weight: 400;\">Se requiere una computadora con acceso a internet y funciones de c\u00e1mara y audio.<\/span><\/li>\n<li style=\"font-weight: 400;\" aria-level=\"1\"><span style=\"font-weight: 400;\">El participante deber\u00e1 de estar en un ambiente&nbsp;libre de interrupciones.<\/span><\/li>\n<li style=\"font-weight: 400;\" aria-level=\"1\"><span style=\"font-weight: 400;\">El participante deber\u00e1&nbsp;de conectarse a la aplicaci\u00f3n dedicada a la hora de inicio del entrenamiento.<\/span><\/li>\n<li style=\"font-weight: 400;\" aria-level=\"1\"><span style=\"font-weight: 400;\">Para aprobar el entrenamiento el asistente&nbsp;deber\u00e1&nbsp;de participar en las din\u00e1micas y evaluaciones programadas por el instructor.<\/span><\/li>\n<li style=\"font-weight: 400;\" aria-level=\"1\"><span style=\"font-weight: 400;\">Se proporcionar\u00e1 material en formato electr\u00f3nico, el cual deber\u00e1 tener disponible al momento de la formaci\u00f3n.<\/span><\/li>\n<li aria-level=\"1\">El participante deber\u00e1 asistir a una sesi\u00f3n previa donde se trataran los temas relacionados con las formaciones a distancia y se revisar\u00e1n las expectativas del participante.<\/li>\n<\/ul><\/div>\n\t\t\t\t\t\t\t\t\t<div class=\"elementor-tab-title elementor-tab-mobile-title\" aria-selected=\"false\" data-tab=\"5\" role=\"tab\" tabindex=\"-1\" aria-controls=\"elementor-tab-content-2505\" aria-expanded=\"false\">Duraci\u00f3n Total<\/div>\n\t\t\t\t\t<div id=\"elementor-tab-content-2505\" class=\"elementor-tab-content elementor-clearfix\" data-tab=\"5\" role=\"tabpanel\" aria-labelledby=\"elementor-tab-title-2505\" tabindex=\"0\" hidden=\"hidden\"><p><span style=\"font-weight: 400;\">8 horas (en 2 m\u00f3dulos de 4 horas cada uno)<\/span><\/p><\/div>\n\t\t\t\t\t\t\t<\/div>\n\t\t<\/div>\n\t\t\t\t\t\t<\/div>\n\t\t\t\t<\/div>\n\t\t\t\t<div class=\"elementor-element elementor-element-69d299d elementor-widget elementor-widget-related-content-block\" data-id=\"69d299d\" data-element_type=\"widget\" data-e-type=\"widget\" data-widget_type=\"related-content-block.default\">\n\t\t\t\t<div class=\"elementor-widget-container\">\n\t\t\t\t\t    \r\n      <div class=\"row\">\r\n          <div class=\"col\">\r\n              <div class=\"related-content\">\r\n                  <h2 >Tambi\u00e9n podr\u00eda interesarle<\/h2>\r\n\r\n                  <div class=\"row\">\r\n                      <div class=\"col-12 col-md-4 mb-3\">\r\n                          <div class=\"page page-1\">\r\n                              <div class=\"content-type\"><\/div>\r\n                              <div class=\"content-title\"><a href=\"https:\/\/plexusintl.com\/mx\/catalogo\/cqi-28-aiag-traceability-guideline-publicacion\/\" class=\"cta\">Publicaci\u00f3n CQI-28<\/a><\/div>\r\n                              <div class=\"content-description\"><p >La gu\u00eda de trazabilidad de AIAG es una gu\u00eda de aplicaci\u00f3n \u00fanica y coherente para la trazabilidad, que destaca las mejores pr\u00e1cticas y muestra aplicaciones \/ casos de estudio de las \u00faltimas soluciones tecnol\u00f3gicas. La gu\u00eda incluye una autoevaluaci\u00f3n de trazabilidad y formularios de simulacro de incendio de trazabilidad para identificar y verificar la eficacia del sistema de trazabilidad de una organizaci\u00f3n.<\/p><\/div>\r\n                          <\/div>\r\n                      <\/div>\r\n                      <div class=\"col-12 col-md-4 mb-3\">\r\n                          <div class=\"page page-2\">\r\n                              <div class=\"content-type\"><\/div>\r\n                              <div class=\"content-title\"><a href=\"https:\/\/plexusintl.com\/mx\/catalogo\/solucion-de-problemas\/\" class=\"cta\">Soluci\u00f3n de Problemas<\/a><\/div>\r\n                              <div class=\"content-description\"><p >Este curso tiene como objetivo, tanto formar al participante en la gu\u00eda CQI-20, c\u00f3mo ense\u00f1arle diferentes metodolog\u00edas y herramientas (A3, 7 pasos, CAPA, 8D, DMAIC, diagrama de Ishikawa, lluvia de ideas, Es o No Es, 5 Por qu\u00e9s, diagrama de Pareto, Matriz Causa Efecto, \u00e1rbol de fallas) que tambi\u00e9n se pueden utilizar de acuerdo al tipo de problema que se enfrenta con el objetivo de encontrar la causa ra\u00edz y evitar su recurrencia. <\/p><\/div>\r\n                          <\/div>\r\n                      <\/div>\r\n                      <div class=\"col-xs-12 col-md-4 mb-3\">\r\n                          <div class=\"page page-3\">\r\n                              <div class=\"content-type\"><\/div>\r\n                              <div class=\"content-title\"><a href=\"https:\/\/plexusintl.com\/mx\/catalogo\/cqi-14-automotive-warranty-management-guideline\/\" class=\"cta\">CQI-14: Gu\u00eda de gesti\u00f3n de garant\u00edas automotrices<\/a><\/div>\r\n                              <div class=\"content-description\"><p >La gu\u00eda CQI-14 (Automotive Warranty Management Guideline) proporciona un enfoque de mejores pr\u00e1cticas para la gesti\u00f3n de los procesos de garant\u00eda con el consumidor en mente.  <\/p><\/div>\r\n                          <\/div>\r\n                      <\/div>\r\n                  <\/div>\r\n              <\/div>\r\n          <\/div>\r\n      <\/div>\r\n    \t\t\t\t<\/div>\n\t\t\t\t<\/div>\n\t\t\t\t\t<\/div>\n\t\t<\/div>\n\t\t\t\t\t<\/div>\n\t\t<\/section>\n\t\t\t\t<\/div>\n\t\t","protected":false},"excerpt":{"rendered":"<p>Procesos especiales y otros CQIs&nbsp;&bull;&nbsp;AIAG&nbsp;&bull;&nbsp;Formaci\u00f3n a Distancia CQI-28 &#8211; Gu\u00edas de Trazabilidad Descubra eficazmente en estos m\u00f3dulos a distancia c\u00f3mo utilizar la gu\u00eda de trazabilidad\u00a0para clarificar las expectativas e impacto de la trazabilidad, as\u00ed como de ser capaz de aplicar las mejores pr\u00e1cticas y casos de aplicaci\u00f3n en tecnolog\u00edas aplicadas a la trazabilidad, tambi\u00e9n se&#8230;<\/p>\n","protected":false},"author":10,"featured_media":0,"parent":87,"menu_order":0,"comment_status":"closed","ping_status":"closed","template":"","meta":{"footnotes":"","_wp_rev_ctl_limit":""},"class_list":["post-6467","page","type-page","status-publish","hentry"],"_links":{"self":[{"href":"https:\/\/plexusintl.com\/mx\/wp-json\/wp\/v2\/pages\/6467","targetHints":{"allow":["GET"]}}],"collection":[{"href":"https:\/\/plexusintl.com\/mx\/wp-json\/wp\/v2\/pages"}],"about":[{"href":"https:\/\/plexusintl.com\/mx\/wp-json\/wp\/v2\/types\/page"}],"author":[{"embeddable":true,"href":"https:\/\/plexusintl.com\/mx\/wp-json\/wp\/v2\/users\/10"}],"replies":[{"embeddable":true,"href":"https:\/\/plexusintl.com\/mx\/wp-json\/wp\/v2\/comments?post=6467"}],"version-history":[{"count":6,"href":"https:\/\/plexusintl.com\/mx\/wp-json\/wp\/v2\/pages\/6467\/revisions"}],"predecessor-version":[{"id":6881,"href":"https:\/\/plexusintl.com\/mx\/wp-json\/wp\/v2\/pages\/6467\/revisions\/6881"}],"up":[{"embeddable":true,"href":"https:\/\/plexusintl.com\/mx\/wp-json\/wp\/v2\/pages\/87"}],"wp:attachment":[{"href":"https:\/\/plexusintl.com\/mx\/wp-json\/wp\/v2\/media?parent=6467"}],"curies":[{"name":"wp","href":"https:\/\/api.w.org\/{rel}","templated":true}]}}