{"id":6482,"date":"2022-03-28T13:46:36","date_gmt":"2022-03-28T18:46:36","guid":{"rendered":"https:\/\/plexusintl.com\/mx\/?page_id=6482"},"modified":"2022-08-22T09:59:26","modified_gmt":"2022-08-22T14:59:26","slug":"live-virtual-aiag-quality-core-tools-fmea-4-edicion","status":"publish","type":"page","link":"https:\/\/plexusintl.com\/mx\/catalogo\/live-virtual-aiag-quality-core-tools-fmea-4-edicion\/","title":{"rendered":"Live Virtual &#8211; AIAG Quality Core Tools: FMEA (4\u00ba edici\u00f3n)"},"content":{"rendered":"\t\t<div data-elementor-type=\"wp-page\" data-elementor-id=\"6482\" class=\"elementor elementor-6482\" data-elementor-post-type=\"page\">\n\t\t\t\t\t\t<section class=\"elementor-section elementor-top-section elementor-element elementor-element-116fc3c6 elementor-section-boxed elementor-section-height-default elementor-section-height-default\" data-id=\"116fc3c6\" data-element_type=\"section\" data-e-type=\"section\">\n\t\t\t\t\t\t<div class=\"elementor-container elementor-column-gap-default\">\n\t\t\t\t\t<div class=\"elementor-column elementor-col-100 elementor-top-column elementor-element elementor-element-78bdfeb5\" data-id=\"78bdfeb5\" data-element_type=\"column\" data-e-type=\"column\">\n\t\t\t<div class=\"elementor-widget-wrap\">\n\t\t\t\t\t\t\t<\/div>\n\t\t<\/div>\n\t\t\t\t\t<\/div>\n\t\t<\/section>\n\t\t\t\t<section class=\"elementor-section elementor-top-section elementor-element elementor-element-7d6a20f elementor-section-boxed elementor-section-height-default elementor-section-height-default\" data-id=\"7d6a20f\" data-element_type=\"section\" data-e-type=\"section\">\n\t\t\t\t\t\t<div class=\"elementor-container elementor-column-gap-default\">\n\t\t\t\t\t<div class=\"elementor-column elementor-col-66 elementor-top-column elementor-element elementor-element-c5b7314\" data-id=\"c5b7314\" data-element_type=\"column\" data-e-type=\"column\">\n\t\t\t<div class=\"elementor-widget-wrap elementor-element-populated\">\n\t\t\t\t\t\t<div class=\"elementor-element elementor-element-250f7f4 elementor-widget elementor-widget-product-meta\" data-id=\"250f7f4\" data-element_type=\"widget\" data-e-type=\"widget\" data-widget_type=\"product-meta.default\">\n\t\t\t\t<div class=\"elementor-widget-container\">\n\t\t\t\t\t        <div class=\"meta\">\n                  <div class=\"tags\">Core Tools&nbsp;&bull;&nbsp;AIAG FMEA 4a. Edici\u00f3n&nbsp;&bull;&nbsp;AIAG&nbsp;&bull;&nbsp;Formaci\u00f3n Live Virtual<\/div>\n              <\/div>\n     \t\t\t\t<\/div>\n\t\t\t\t<\/div>\n\t\t\t\t<div class=\"elementor-element elementor-element-eaa89b8 elementor-widget elementor-widget-heading\" data-id=\"eaa89b8\" data-element_type=\"widget\" data-e-type=\"widget\" data-widget_type=\"heading.default\">\n\t\t\t\t<div class=\"elementor-widget-container\">\n\t\t\t\t\t<h2 class=\"elementor-heading-title elementor-size-default\">Live Virtual - AIAG Quality Core Tools: FMEA (4\u00ba edici\u00f3n)<\/h2>\t\t\t\t<\/div>\n\t\t\t\t<\/div>\n\t\t\t\t<div class=\"elementor-element elementor-element-625b59f elementor-widget elementor-widget-text-editor\" data-id=\"625b59f\" data-element_type=\"widget\" data-e-type=\"widget\" data-widget_type=\"text-editor.default\">\n\t\t\t\t<div class=\"elementor-widget-container\">\n\t\t\t\t\t\t\t\t\t<p><span style=\"font-weight: 400;\">Con este entrenamiento obtendr\u00e1 a las habilidades para entender y para utilizar FMEAs y el concepto de la reducci\u00f3n del riesgo y de la<\/span> <span style=\"font-weight: 400;\">prevenci\u00f3n del defecto. Este curso introduce estos conceptos por la identificaci\u00f3n de las \u201ccosas que han salido <\/span><span style=\"font-weight: 400;\">\u00a0<\/span><span style=\"font-weight: 400;\">mal\u201d seguido por las actividades dise\u00f1adas para reducir el riesgo. Este curso le ayudar\u00e1 con \u00e9xito a desarrollar y <\/span><span style=\"font-weight: 400;\">\u00a0<\/span><span style=\"font-weight: 400;\">a mantener FMEAs de dise\u00f1o y de proceso para su compa\u00f1\u00eda, que incluye identificaci\u00f3n y la reducci\u00f3n de factores <\/span><span style=\"font-weight: 400;\">\u00a0de riesgo.<\/span><\/p>\t\t\t\t\t\t\t\t<\/div>\n\t\t\t\t<\/div>\n\t\t\t\t\t<\/div>\n\t\t<\/div>\n\t\t\t\t<div class=\"elementor-column elementor-col-33 elementor-top-column elementor-element elementor-element-b30b3e1\" data-id=\"b30b3e1\" data-element_type=\"column\" data-e-type=\"column\">\n\t\t\t<div class=\"elementor-widget-wrap elementor-element-populated\">\n\t\t\t\t\t\t<div class=\"elementor-element elementor-element-5dff5fd elementor-widget elementor-widget-purchase-widget\" data-id=\"5dff5fd\" data-element_type=\"widget\" data-e-type=\"widget\" data-widget_type=\"purchase-widget.default\">\n\t\t\t\t<div class=\"elementor-widget-container\">\n\t\t\t\t\t\n<div id=\"purchase_widget_985\" class=\"product-purchase-options\">\n\t<div class=\"intro-header\">\n    \t\t<h3>Entrenamientos a Distancia<\/h3>\n\t\t<p><\/p>\n\t<\/div>\n\n    <div id=\"div-add-product\" class=\"d-block text-center\">\n    <img decoding=\"async\" src=\"https:\/\/plexusintl.com\/mx\/wp-content\/themes\/plexus-theme\/images\/Purchase-Widget.svg\" width=\"50px\" alt=\"Loading\" \/>     \n  <\/div>\n    <form method=\"post\" id=\"add-product\" class=\"add-product d-none\">\n      <div class=\"options\">\n        <div class=\"form-group d-block\"><script type=\"text\/javascript\"> $('.product-purchase-options .intro-header').removeAttr(\"style\"); <\/script>          <div class=\"radio\">\n            <label>\n              <input type=\"radio\" name=\"delivery_type_lvw\" value=\"e-learning\" checked onchange=\"$('#corporate_licensing_985').css('display', 'none');$('#member_pricing_985').css('display', 'none');$('#single_user_access_985').css('display', 'block');\"> Abiertos<\/label>\n          <\/div>\n          <div class=\"radio d-block\">\n            <label>\n              <input type=\"radio\" name=\"delivery_type_lvw\" value=\"on-site-training\" onchange=\"$('#single_user_access_985').css('display', 'none');$('#member_pricing_985').css('display', 'none');$('#corporate_licensing_985').css('display', 'block');\"> Sesi\u00f3n privada (solo para mi organizaci\u00f3n<\/label>\n          <\/div>\n          <div class=\"radio d-none\">\n            <label>\n              <input type=\"radio\" name=\"delivery_type_lvw\" value=\"member-pricing\" onchange=\"$('#single_user_access_985').css('display', 'none');$('#corporate_licensing_985').css('display', 'none');$('#member_pricing_985').css('display', 'block');\"> Precio Miembro AIAG<\/label>\n          <\/div>\n        <\/div>      <div class=\"purchase-actions\" id=\"single_user_access_985\">\n        <div class=\"open-enrollment actions d-block\">\n                          <div class=\"form-group d-block\">\n                  <label for=\"open-enrollment-session\">Fechas disponibles<\/label>\n                                      <p>No se encontraron sesiones disponibles<\/p>\n                                    <\/div>\n                          <div class=\"session-detail d-none\">\n              <div class=\"price-wrapper \">\n                <div class=\"price-label\">A partir de:<\/div>\n                                    \n                  <div class=\"price\" id=\"e-learning-price\">\n                    <span id=\"priceFigure\">7200.00<\/span>&nbsp;MXN            \n                  <\/div>\n                                    <div id=\"purchase-error\"><\/div>\n                  <input type=\"hidden\" name=\"product_id\" value=\"9f70ff7a-875d-11eb-aa89-0ae8b9885edd\">\n              <\/div>\n              <button type=\"submit\" class=\"blue-button register-button\" style=\"display:block;\">Registrarse<\/button>\n            <\/div>\t\t\t\t\n        <\/div> \n      <\/div>\n      \n      <div class=\"purchase-actions\" id=\"corporate_licensing_985\" style=\"display:none;\">\n        <div class=\"on-site-training actions\" style=\"display: block;\">\n          <a href=\"http:\/\/plexusintl.com\/mx\/solicite-una-cotizacion\/?course_requested=Formaci%C3%B3n+LV+-+FMEA+-+formacin-lv-fmea\" title=\"Solicite una cotizaci\u00f3n\" class=\"blue-button\">Solicite una cotizaci\u00f3n<\/a>\n        <\/div>\n      <\/div>\n\n      <div class=\"purchase-actions\" id=\"member_pricing_985\" style=\"display:none;\">\n        <div class=\"on-site-training actions\" style=\"display: block;\">\n          <a href=\"http:\/\/plexusintl.com\/request-quote?course_requested=Formaci%C3%B3n+LV+-+FMEA+-+formacin-lv-fmeaSolicitar+una+Cotizaci%C3%B3n\" title=\"Solicitar una Cotizaci\u00f3n\" class=\"blue-button\">Solicitar una Cotizaci\u00f3n<\/a>\n        <\/div>\n      <\/div>\n      <div style=\"display:none;\">\n         \n      <\/div>\n    <\/form>  \n  <\/div>\n<script type=\"text\/javascript\">\n\t$(document).ready(function() { \n\t\t$('#purchase_widget_985 input[name=delivery_type]').change(function(){\t\n      $('#purchase_widget_985 .purchase-actions .actions').hide();\t\t\n\t\t\t$('#purchase_widget_985 .purchase-actions .actions.'+$('input[name=delivery_type]:checked').val()).slideDown();\n    });\n    \n    var hiddenBox = $(\"#purchase_widget_985 #open-enrollment-single-session-location\")[0];\n    if(hiddenBox != null && hiddenBox.value !== \"\"){\n      $('#purchase_widget_985 #location p').html(hiddenBox.value);        \n      $('#purchase_widget_985 .session-detail').slideDown();\n      $('#purchase_widget_985 .session-detail').removeClass('d-none');\n      $('#purchase_widget_985 .session-detail').addClass('d-block');\n    }\n    else {      \n      $('#purchase_widget_985 .session-detail').removeClass('d-block');\n      $('#purchase_widget_985 .session-detail').addClass('d-none');\n    }\n\n\t\t$('#purchase_widget_985 #open-enrollment-session').change(function(){\n\t\t\tif($(this).val() != '') {\n\t\t\t\tvar option = $(this).find('option:selected');\n\n\t\t\t\t$('#purchase_widget_985 #location p').html($(option).data('location'));\n        $('#purchase_widget_985 #open-enrollment-session-value').val($(option).data('id'));\n      \n        $('#purchase_widget_985 .session-detail').slideDown();\n        $('#purchase_widget_985 .session-detail').removeClass('d-none');\n        $('#purchase_widget_985 .session-detail').addClass('d-block');\n\t\t\t} else {        \n        $('#purchase_widget_985 .session-detail').removeClass('d-block');\n        $('#purchase_widget_985 .session-detail').addClass('d-none');\n\t\t\t}\n    });\n    var priceFigure = $('#purchase_widget_985 #priceFigure')[0];\n    if (priceFigure != null)\n      priceFigure.innerHTML = formatCurrency(priceFigure.innerHTML);\n    \n      $('#purchase_widget_985 #div-add-product').removeClass('d-block');\n      $('#purchase_widget_985 #div-add-product').addClass('d-none');\n      $('#purchase_widget_985 #add-product').removeClass('d-none');\n      $('#purchase_widget_985 #add-product').addClass('d-block');\n  });\n  $('#purchase_widget_985 .add-product').submit(function(e){\n    e.preventDefault();    \n    var productId = $(this).find('input[name=\"product_id\"]').val();\n          var selectBox = $(\"#purchase_widget_985 #open-enrollment-session\")[0];\n      var hiddenBox1 = $(\"#purchase_widget_985 #open-enrollment-session-value\")[0];\n      var hiddenBox2 = $(\"#purchase_widget_985 #open-enrollment-single-session\")[0];\n      if(selectBox != null){\n        var sessionId = hiddenBox1.value;\n        if(selectBox.value === \"\"){\n          alert(\"Session is required.\");\n        }\n        else if(selectBox.value.substring(0, 4) == 'http') {\n          window.dataLayer = window.dataLayer || [];\n          window.dataLayer.push({ event: 'outbound_link_click', link_url: hiddenBox1.value });\n          window.open(hiddenBox1.value);\n        } \n        else {          \n          addEnrollmentProductToCart(productId, sessionId);\n        }\n      }\n      else if(hiddenBox2 != null && hiddenBox2.value !== \"\"){\n        var sessionId = hiddenBox2.value;\n        if(hiddenBox2.value.substring(0, 4) == 'http'){\n          window.dataLayer = window.dataLayer || [];\n          window.dataLayer.push({ event: 'outbound_link_click', link_url: hiddenBox2.value });\n          window.open(hiddenBox2.value);\n        }\n        else{\n          addEnrollmentProductToCart(productId, sessionId);\n        }\n      }\n      else{\n        addProductToCart(productId);\n      }\n    \n  });\n  <\/script>\n    \t\t\t\t<\/div>\n\t\t\t\t<\/div>\n\t\t\t\t<div class=\"elementor-element elementor-element-a6ab5d9 elementor-widget elementor-widget-spacer\" data-id=\"a6ab5d9\" data-element_type=\"widget\" data-e-type=\"widget\" data-widget_type=\"spacer.default\">\n\t\t\t\t<div class=\"elementor-widget-container\">\n\t\t\t\t\t\t\t<div class=\"elementor-spacer\">\n\t\t\t<div class=\"elementor-spacer-inner\"><\/div>\n\t\t<\/div>\n\t\t\t\t\t\t<\/div>\n\t\t\t\t<\/div>\n\t\t\t\t\t<\/div>\n\t\t<\/div>\n\t\t\t\t\t<\/div>\n\t\t<\/section>\n\t\t\t\t<section class=\"elementor-section elementor-top-section elementor-element elementor-element-be57253 elementor-section-boxed elementor-section-height-default elementor-section-height-default\" data-id=\"be57253\" data-element_type=\"section\" data-e-type=\"section\">\n\t\t\t\t\t\t<div class=\"elementor-container elementor-column-gap-default\">\n\t\t\t\t\t<div class=\"elementor-column elementor-col-100 elementor-top-column elementor-element elementor-element-3f6797b\" data-id=\"3f6797b\" data-element_type=\"column\" data-e-type=\"column\">\n\t\t\t<div class=\"elementor-widget-wrap elementor-element-populated\">\n\t\t\t\t\t\t<div class=\"elementor-element elementor-element-975d0cc elementor-widget elementor-widget-template\" data-id=\"975d0cc\" data-element_type=\"widget\" data-e-type=\"widget\" data-widget_type=\"template.default\">\n\t\t\t\t<div class=\"elementor-widget-container\">\n\t\t\t\t\t\t\t<div class=\"elementor-template\">\n\t\t\t\t\t<div data-elementor-type=\"section\" data-elementor-id=\"3601\" class=\"elementor elementor-3601\" data-elementor-post-type=\"elementor_library\">\n\t\t\t\t\t<section class=\"elementor-section elementor-top-section elementor-element elementor-element-30a9a830 elementor-section-boxed elementor-section-height-default elementor-section-height-default\" data-id=\"30a9a830\" data-element_type=\"section\" data-e-type=\"section\">\n\t\t\t\t\t\t<div class=\"elementor-container elementor-column-gap-default\">\n\t\t\t\t\t<div class=\"elementor-column elementor-col-33 elementor-top-column elementor-element elementor-element-672d8cf\" data-id=\"672d8cf\" data-element_type=\"column\" data-e-type=\"column\">\n\t\t\t<div class=\"elementor-widget-wrap elementor-element-populated\">\n\t\t\t\t\t\t<div class=\"elementor-element elementor-element-69ad23e6 elementor-widget elementor-widget-text-editor\" data-id=\"69ad23e6\" data-element_type=\"widget\" data-e-type=\"widget\" data-widget_type=\"text-editor.default\">\n\t\t\t\t<div class=\"elementor-widget-container\">\n\t\t\t\t\t\t\t\t\t<p style=\"text-align: center;\"><a href=\"https:\/\/www.aiag.org\/store\/international\/certified-distributors\" rel=\"noopener\"><img decoding=\"async\" class=\"alignnone wp-image-3311\" src=\"https:\/\/mx-wp-cdn.plexusintl.com\/wp-content\/uploads\/2021\/03\/14132238\/AIAG-Certified-Training-Provider-Seal_TRANSPARENT-300x237.png\" alt=\"\" width=\"150\" height=\"119\" srcset=\"https:\/\/mx-wp-cdn.plexusintl.com\/wp-content\/uploads\/2021\/03\/14132238\/AIAG-Certified-Training-Provider-Seal_TRANSPARENT-300x237.png 300w, https:\/\/mx-wp-cdn.plexusintl.com\/wp-content\/uploads\/2021\/03\/14132238\/AIAG-Certified-Training-Provider-Seal_TRANSPARENT.png 565w\" sizes=\"(max-width: 150px) 100vw, 150px\" \/><\/a><\/p>\t\t\t\t\t\t\t\t<\/div>\n\t\t\t\t<\/div>\n\t\t\t\t\t<\/div>\n\t\t<\/div>\n\t\t\t\t<div class=\"elementor-column elementor-col-66 elementor-top-column elementor-element elementor-element-12db0245\" data-id=\"12db0245\" data-element_type=\"column\" data-e-type=\"column\">\n\t\t\t<div class=\"elementor-widget-wrap elementor-element-populated\">\n\t\t\t\t\t\t<div class=\"elementor-element elementor-element-7af2569d elementor-widget elementor-widget-text-editor\" data-id=\"7af2569d\" data-element_type=\"widget\" data-e-type=\"widget\" data-widget_type=\"text-editor.default\">\n\t\t\t\t<div class=\"elementor-widget-container\">\n\t\t\t\t\t\t\t\t\t<p>Todos los entrenamientos impartidos por Plexus son programas afiliados a AIAG. Plexus es el proveedor mundial certificado de productos y servicios AIAG. <strong><a href=\"https:\/\/www.aiag.org\/store\/international\/certified-distributors\" rel=\"noopener\">Conozca m\u00e1s &gt;&gt;<\/a><\/strong><\/p>\t\t\t\t\t\t\t\t<\/div>\n\t\t\t\t<\/div>\n\t\t\t\t\t<\/div>\n\t\t<\/div>\n\t\t\t\t\t<\/div>\n\t\t<\/section>\n\t\t\t\t<\/div>\n\t\t\t\t<\/div>\n\t\t\t\t\t\t<\/div>\n\t\t\t\t<\/div>\n\t\t\t\t<div class=\"elementor-element elementor-element-a65f116 elementor-tabs-view-horizontal elementor-widget elementor-widget-tabs\" data-id=\"a65f116\" data-element_type=\"widget\" data-e-type=\"widget\" data-widget_type=\"tabs.default\">\n\t\t\t\t<div class=\"elementor-widget-container\">\n\t\t\t\t\t\t\t<div class=\"elementor-tabs\">\n\t\t\t<div class=\"elementor-tabs-wrapper\" role=\"tablist\" >\n\t\t\t\t\t\t\t\t\t<div id=\"elementor-tab-title-1741\" class=\"elementor-tab-title elementor-tab-desktop-title\" aria-selected=\"true\" data-tab=\"1\" role=\"tab\" tabindex=\"0\" aria-controls=\"elementor-tab-content-1741\" aria-expanded=\"false\">Objetivos de Aprendizaje<\/div>\n\t\t\t\t\t\t\t\t\t<div id=\"elementor-tab-title-1742\" class=\"elementor-tab-title elementor-tab-desktop-title\" aria-selected=\"false\" data-tab=\"2\" role=\"tab\" tabindex=\"-1\" aria-controls=\"elementor-tab-content-1742\" aria-expanded=\"false\">Contenido<\/div>\n\t\t\t\t\t\t\t\t\t<div id=\"elementor-tab-title-1743\" class=\"elementor-tab-title elementor-tab-desktop-title\" aria-selected=\"false\" data-tab=\"3\" role=\"tab\" tabindex=\"-1\" aria-controls=\"elementor-tab-content-1743\" aria-expanded=\"false\">Qui\u00e9n deber\u00eda participar<\/div>\n\t\t\t\t\t\t\t\t\t<div id=\"elementor-tab-title-1744\" class=\"elementor-tab-title elementor-tab-desktop-title\" aria-selected=\"false\" data-tab=\"4\" role=\"tab\" tabindex=\"-1\" aria-controls=\"elementor-tab-content-1744\" aria-expanded=\"false\">Duraci\u00f3n<\/div>\n\t\t\t\t\t\t\t<\/div>\n\t\t\t<div class=\"elementor-tabs-content-wrapper\" role=\"tablist\" aria-orientation=\"vertical\">\n\t\t\t\t\t\t\t\t\t<div class=\"elementor-tab-title elementor-tab-mobile-title\" aria-selected=\"true\" data-tab=\"1\" role=\"tab\" tabindex=\"0\" aria-controls=\"elementor-tab-content-1741\" aria-expanded=\"false\">Objetivos de Aprendizaje<\/div>\n\t\t\t\t\t<div id=\"elementor-tab-content-1741\" class=\"elementor-tab-content elementor-clearfix\" data-tab=\"1\" role=\"tabpanel\" aria-labelledby=\"elementor-tab-title-1741\" tabindex=\"0\" hidden=\"false\"><p>Al finalizar el curso los asistentes podr\u00e1n: <\/p><ul><li>Entender que es una falla y como el FMEA puede reducir el riesgo de falla.<\/li><li>Definir la relaci\u00f3n entre el FMEA y la planificaci\u00f3n y prevenci\u00f3n de la calidad.<\/li><li>Identificar la diferencia entre un FMEA de Dise\u00f1o y uno de Proceso.<\/li><li>Listar los elementos clave de un FMEA.<\/li><li>Desarrollar un FMEA de Dise\u00f1o y un FMEA de Proceso.<\/li><li>Listar los modos de falla m\u00e1s comunes; sus causas y efectos.<\/li><li>Determinar la relaci\u00f3n del FMEA con el APQP e IATF 16949:2016. <\/li><\/ul><\/div>\n\t\t\t\t\t\t\t\t\t<div class=\"elementor-tab-title elementor-tab-mobile-title\" aria-selected=\"false\" data-tab=\"2\" role=\"tab\" tabindex=\"-1\" aria-controls=\"elementor-tab-content-1742\" aria-expanded=\"false\">Contenido<\/div>\n\t\t\t\t\t<div id=\"elementor-tab-content-1742\" class=\"elementor-tab-content elementor-clearfix\" data-tab=\"2\" role=\"tabpanel\" aria-labelledby=\"elementor-tab-title-1742\" tabindex=\"0\" hidden=\"hidden\"><ul><li><span style=\"font-weight: 400;\"> Que preguntas contesta un FMEA de Dise\u00f1o y uno de Proceso.<\/span><\/li><li><span style=\"font-weight: 400;\">Identificar las fallas y como el FMEA puede reducir el riesgo de falla.<\/span><\/li><li><span style=\"font-weight: 400;\">Relaci\u00f3n entre el FMEA y la IATF 16949:2016 y los Requisitos del Cliente.<\/span><\/li><li><span style=\"font-weight: 400;\">Identificar las diferencias entre un FMEA de Dise\u00f1o y un FMEA de Proceso.<\/span><\/li><li><span style=\"font-weight: 400;\">Secuencia del proceso de preparaci\u00f3n de un FMEA.\u00a0<\/span><\/li><li><span style=\"font-weight: 400;\"> Desarrollo en equipo de un FMEA de Dise\u00f1o.\u00a0<\/span><\/li><li><span style=\"font-weight: 400;\"> Desarrollo en equipo de un FMEA de Proceso.\u00a0<\/span><\/li><li><span style=\"font-weight: 400;\"> Signos de un FMEA efectivo.\u00a0<\/span><\/li><li><span style=\"font-weight: 400;\"> Formas en que pueden reducirse los riesgos identificados en el FMEA.<\/span><\/li><\/ul><\/div>\n\t\t\t\t\t\t\t\t\t<div class=\"elementor-tab-title elementor-tab-mobile-title\" aria-selected=\"false\" data-tab=\"3\" role=\"tab\" tabindex=\"-1\" aria-controls=\"elementor-tab-content-1743\" aria-expanded=\"false\">Qui\u00e9n deber\u00eda participar<\/div>\n\t\t\t\t\t<div id=\"elementor-tab-content-1743\" class=\"elementor-tab-content elementor-clearfix\" data-tab=\"3\" role=\"tabpanel\" aria-labelledby=\"elementor-tab-title-1743\" tabindex=\"0\" hidden=\"hidden\"><ul><li><span style=\"font-weight: 400;\">Directores \/ Gerentes de Calidad.<\/span><\/li><li>L\u00edderes del equipo multidisciplinario de calidad.<\/li><li><span style=\"font-weight: 400;\">Auditores internos y externos de IATF 16949:2016.\u00a0<\/span><\/li><li><span style=\"font-weight: 400;\"> Cualquier persona involucrada en la implementaci\u00f3n de IATF 16949:2016.<\/span><\/li><li><span style=\"font-weight: 400;\"> Equipos individuales o multidisciplinarios interesados en la reducci\u00f3n de riesgos.\u00a0<\/span><\/li><li><span style=\"font-weight: 400;\"> Cualquier persona interesada en una mejor comprensi\u00f3n del FMEA b\u00e1sico y la <\/span>direcci\u00f3n de la metodolog\u00eda del riesgo.<\/li><\/ul><\/div>\n\t\t\t\t\t\t\t\t\t<div class=\"elementor-tab-title elementor-tab-mobile-title\" aria-selected=\"false\" data-tab=\"4\" role=\"tab\" tabindex=\"-1\" aria-controls=\"elementor-tab-content-1744\" aria-expanded=\"false\">Duraci\u00f3n<\/div>\n\t\t\t\t\t<div id=\"elementor-tab-content-1744\" class=\"elementor-tab-content elementor-clearfix\" data-tab=\"4\" role=\"tabpanel\" aria-labelledby=\"elementor-tab-title-1744\" tabindex=\"0\" hidden=\"hidden\"><p>1 d\u00eda (ocho horas)<\/p><\/div>\n\t\t\t\t\t\t\t<\/div>\n\t\t<\/div>\n\t\t\t\t\t\t<\/div>\n\t\t\t\t<\/div>\n\t\t\t\t<div class=\"elementor-element elementor-element-df3cb86 elementor-widget elementor-widget-related-content-block\" data-id=\"df3cb86\" data-element_type=\"widget\" data-e-type=\"widget\" data-widget_type=\"related-content-block.default\">\n\t\t\t\t<div class=\"elementor-widget-container\">\n\t\t\t\t\t    \r\n      <div class=\"row\">\r\n          <div class=\"col\">\r\n              <div class=\"related-content\">\r\n                  <h2 >Tambi\u00e9n podr\u00eda interesarle<\/h2>\r\n\r\n                  <div class=\"row\">\r\n                      <div class=\"col-12 col-md-4 mb-3\">\r\n                          <div class=\"page page-1\">\r\n                              <div class=\"content-type\"><\/div>\r\n                              <div class=\"content-title\"><a href=\"https:\/\/plexusintl.com\/mx\/catalogo\/fmea-4a-edicion-analisis-del-modo-y-efecto-de-fallas-publicacion\/\" class=\"cta\">Publicaci\u00f3n FMEA 4a. Edici\u00f3n<\/a><\/div>\r\n                              <div class=\"content-description\"><p >Para lograr la mayor calidad en la fabricaci\u00f3n, las fallas potenciales deben identificarse antes de que ocurran. Como est\u00e1ndar para toda la industria, este manual de referencia aclara preguntas relacionadas con el desarrollo t\u00e9cnico de FMEA de dise\u00f1o y proceso.<\/p><\/div>\r\n                          <\/div>\r\n                      <\/div>\r\n                      <div class=\"col-12 col-md-4 mb-3\">\r\n                          <div class=\"page page-2\">\r\n                              <div class=\"content-type\"><\/div>\r\n                              <div class=\"content-title\"><a href=\"https:\/\/plexusintl.com\/mx\/catalogo\/implementando-apqp-y-ppap\/\" class=\"cta\">Live Virtual: APQP, PPAP & CP<\/a><\/div>\r\n                              <div class=\"content-description\"><p >En este Taller virtual en vivo, aprender\u00e1 las habilidades necesarias para implementar el proceso APQP, desarrollar planes de control y completar el proceso de aprobaci\u00f3n de piezas de producci\u00f3n sin problemas, de manera eficiente y efectiva dentro de su empresa. Adem\u00e1s, adquiera las habilidades necesarias para completar las cinco fases de APQP desde la \u201cvoz del cliente\u201d hasta el resultado final, incluida la metodolog\u00eda del plan de control y la presentaci\u00f3n de PPAP.<\/p><\/div>\r\n                          <\/div>\r\n                      <\/div>\r\n                      <div class=\"col-xs-12 col-md-4 mb-3\">\r\n                          <div class=\"page page-3\">\r\n                              <div class=\"content-type\"><\/div>\r\n                              <div class=\"content-title\"><a href=\"https:\/\/plexusintl.com\/mx\/catalogo\/examen-de-certificacion-aiag-fmea\/\" class=\"cta\">Examen de Certificaci\u00f3n FMEA 4a. Edici\u00f3n<\/a><\/div>\r\n                              <div class=\"content-description\"><p >La calificaci\u00f3n de competencia de AIAG en FMEA 4a edici\u00f3n verifica la competencia de un individuo en el An\u00e1lisis y modo de efecto de falla mediante la aplicaci\u00f3n de la herramienta, como se define en el manual de referencia FMEA 4a Edici\u00f3n de AIAG. El individuo debe de ser capaz de aplicar y comunicar la metodolog\u00eda y, como resultado, apoyar con \u00e9xito la identificaci\u00f3n y gesti\u00f3n de riesgos.<\/p><\/div>\r\n                          <\/div>\r\n                      <\/div>\r\n                  <\/div>\r\n              <\/div>\r\n          <\/div>\r\n      <\/div>\r\n    \t\t\t\t<\/div>\n\t\t\t\t<\/div>\n\t\t\t\t\t<\/div>\n\t\t<\/div>\n\t\t\t\t\t<\/div>\n\t\t<\/section>\n\t\t\t\t<\/div>\n\t\t","protected":false},"excerpt":{"rendered":"<p>Active<\/p>\n","protected":false},"author":10,"featured_media":0,"parent":87,"menu_order":0,"comment_status":"closed","ping_status":"closed","template":"","meta":{"footnotes":"","_wp_rev_ctl_limit":""},"class_list":["post-6482","page","type-page","status-publish","hentry"],"_links":{"self":[{"href":"https:\/\/plexusintl.com\/mx\/wp-json\/wp\/v2\/pages\/6482","targetHints":{"allow":["GET"]}}],"collection":[{"href":"https:\/\/plexusintl.com\/mx\/wp-json\/wp\/v2\/pages"}],"about":[{"href":"https:\/\/plexusintl.com\/mx\/wp-json\/wp\/v2\/types\/page"}],"author":[{"embeddable":true,"href":"https:\/\/plexusintl.com\/mx\/wp-json\/wp\/v2\/users\/10"}],"replies":[{"embeddable":true,"href":"https:\/\/plexusintl.com\/mx\/wp-json\/wp\/v2\/comments?post=6482"}],"version-history":[{"count":4,"href":"https:\/\/plexusintl.com\/mx\/wp-json\/wp\/v2\/pages\/6482\/revisions"}],"predecessor-version":[{"id":6678,"href":"https:\/\/plexusintl.com\/mx\/wp-json\/wp\/v2\/pages\/6482\/revisions\/6678"}],"up":[{"embeddable":true,"href":"https:\/\/plexusintl.com\/mx\/wp-json\/wp\/v2\/pages\/87"}],"wp:attachment":[{"href":"https:\/\/plexusintl.com\/mx\/wp-json\/wp\/v2\/media?parent=6482"}],"curies":[{"name":"wp","href":"https:\/\/api.w.org\/{rel}","templated":true}]}}