{"id":6635,"date":"2022-08-21T14:07:23","date_gmt":"2022-08-21T19:07:23","guid":{"rendered":"https:\/\/plexusintl.com\/mx\/?page_id=6635"},"modified":"2022-08-22T10:25:19","modified_gmt":"2022-08-22T15:25:19","slug":"fundamentos-de-aiag-core-tools-spc-msa-fmea-cp-apqp-y-ppap","status":"publish","type":"page","link":"https:\/\/plexusintl.com\/mx\/catalogo\/fundamentos-de-aiag-core-tools-spc-msa-fmea-cp-apqp-y-ppap\/","title":{"rendered":"Fundamentos de AIAG Core Tools: SPC, MSA, FMEA, CP, APQP y PPAP"},"content":{"rendered":"\t\t<div data-elementor-type=\"wp-page\" data-elementor-id=\"6635\" class=\"elementor elementor-6635\" data-elementor-post-type=\"page\">\n\t\t\t\t\t\t<section class=\"elementor-section elementor-top-section elementor-element elementor-element-595225f elementor-section-boxed elementor-section-height-default elementor-section-height-default\" data-id=\"595225f\" data-element_type=\"section\" data-e-type=\"section\">\n\t\t\t\t\t\t<div class=\"elementor-container elementor-column-gap-default\">\n\t\t\t\t\t<div class=\"elementor-column elementor-col-66 elementor-top-column elementor-element elementor-element-cdc0745\" data-id=\"cdc0745\" data-element_type=\"column\" data-e-type=\"column\">\n\t\t\t<div class=\"elementor-widget-wrap elementor-element-populated\">\n\t\t\t\t\t\t<div class=\"elementor-element elementor-element-e3dc32a elementor-widget elementor-widget-product-meta\" data-id=\"e3dc32a\" data-element_type=\"widget\" data-e-type=\"widget\" data-widget_type=\"product-meta.default\">\n\t\t\t\t<div class=\"elementor-widget-container\">\n\t\t\t\t\t        <div class=\"meta\">\n                  <div class=\"tags\">Core Tools&nbsp;&bull;&nbsp;APQP\/PPAP&nbsp;&bull;&nbsp;AIAG FMEA 4a. Edici\u00f3n&nbsp;&bull;&nbsp;MSA & SPC&nbsp;&bull;&nbsp;Formaci\u00f3n a Distancia<\/div>\n              <\/div>\n     \t\t\t\t<\/div>\n\t\t\t\t<\/div>\n\t\t\t\t<div class=\"elementor-element elementor-element-b83618d elementor-widget elementor-widget-heading\" data-id=\"b83618d\" data-element_type=\"widget\" data-e-type=\"widget\" data-widget_type=\"heading.default\">\n\t\t\t\t<div class=\"elementor-widget-container\">\n\t\t\t\t\t<h2 class=\"elementor-heading-title elementor-size-default\">Fundamentos de AIAG Core Tools: SPC, MSA, FMEA, CP, APQP y PPAP.<\/h2>\t\t\t\t<\/div>\n\t\t\t\t<\/div>\n\t\t\t\t<div class=\"elementor-element elementor-element-458234a elementor-widget elementor-widget-spacer\" data-id=\"458234a\" data-element_type=\"widget\" data-e-type=\"widget\" data-widget_type=\"spacer.default\">\n\t\t\t\t<div class=\"elementor-widget-container\">\n\t\t\t\t\t\t\t<div class=\"elementor-spacer\">\n\t\t\t<div class=\"elementor-spacer-inner\"><\/div>\n\t\t<\/div>\n\t\t\t\t\t\t<\/div>\n\t\t\t\t<\/div>\n\t\t\t\t<div class=\"elementor-element elementor-element-4d68269 elementor-widget elementor-widget-text-editor\" data-id=\"4d68269\" data-element_type=\"widget\" data-e-type=\"widget\" data-widget_type=\"text-editor.default\">\n\t\t\t\t<div class=\"elementor-widget-container\">\n\t\t\t\t\t\t\t\t\t<p><span style=\"font-weight: 400;\">La implementaci\u00f3n exitosa de las Core Tools de AIAG (APQP \/ PPAP, FMEA, MSA y SPC) dentro de su organizaci\u00f3n requiere una toma de conciencia y la comprensi\u00f3n del alcance y el contenido de estos documentos. Se espera que las organizaciones de proveedores demuestren que han implementado las Core Tools para lograr la certificaci\u00f3n IATF 16949 y tambi\u00e9n demostrar que los sistemas de gesti\u00f3n de calidad de sus organizaciones est\u00e1n operando eficazmente en conjunto con estas Core Tools<\/span><\/p><p><span style=\"font-weight: 400;\">Puedes cursar todos los m\u00f3dulos o solo aquellos que requieras, consulta a nuestros ejecutivos para m\u00e1s informaci\u00f3n.<\/span><\/p><p><b>A quienes est\u00e1 dirigida esta formaci\u00f3n:<\/b><\/p><p><span style=\"font-weight: 400;\">Gerentes de Calidad, Gerentes de Producci\u00f3n, Supervisores de Producci\u00f3n, L\u00edderes de Calidad, Aseguramiento de Calidad, T\u00e9cnicos de Laboratorio e Ingenieros, cualquier persona involucrado en la implementaci\u00f3n de IATF 16949 que considere pertinente, individuos y equipos multidisciplinarios interesados en la reducci\u00f3n de riesgos y cualquiera que quiera comprender mejor los fundamentos de las herramientas de Core Tools.<\/span><\/p>\t\t\t\t\t\t\t\t<\/div>\n\t\t\t\t<\/div>\n\t\t\t\t\t<\/div>\n\t\t<\/div>\n\t\t\t\t<div class=\"elementor-column elementor-col-33 elementor-top-column elementor-element elementor-element-c3cff3e\" data-id=\"c3cff3e\" data-element_type=\"column\" data-e-type=\"column\">\n\t\t\t<div class=\"elementor-widget-wrap elementor-element-populated\">\n\t\t\t\t\t\t<div class=\"elementor-element elementor-element-047fb26 elementor-widget elementor-widget-spacer\" data-id=\"047fb26\" data-element_type=\"widget\" data-e-type=\"widget\" data-widget_type=\"spacer.default\">\n\t\t\t\t<div class=\"elementor-widget-container\">\n\t\t\t\t\t\t\t<div class=\"elementor-spacer\">\n\t\t\t<div class=\"elementor-spacer-inner\"><\/div>\n\t\t<\/div>\n\t\t\t\t\t\t<\/div>\n\t\t\t\t<\/div>\n\t\t\t\t<div class=\"elementor-element elementor-element-74472fa elementor-widget elementor-widget-multi-offer-widget\" data-id=\"74472fa\" data-element_type=\"widget\" data-e-type=\"widget\" data-widget_type=\"multi-offer-widget.default\">\n\t\t\t\t<div class=\"elementor-widget-container\">\n\t\t\t\t\t\n<div class=\"product-purchase-options\">\n  <div class=\"intro-header\">    \n      <h3>M\u00f3dulos disponibles<\/h3>\n      <p>Seleccione el entrenamiento de su inter\u00e9s o cont\u00e1ctenos para registrarse a todos ellos.<\/p>\n\t<\/div>\n  \t<form method=\"post\" id=\"add-offer\" class=\"add-offer\">\n        <div class=\"options\">            \n            <div class=\"form-group\">\n                <div class=\"radio\"><label><input type=\"radio\" name=\"offer\" value=\"6ab5a324-b0c8-11ea-b30e-0ae8b9885edd\" data-offer-id=\"6ab5a324-b0c8-11ea-b30e-0ae8b9885edd\" onchange=\"$('.price').css('display', 'none');$('#SPC_y_MSA-price').css('display', 'block');\">SPC y MSA<\/label><\/div><div class=\"radio\"><label><input type=\"radio\" name=\"offer\" value=\"4bfd757c-30ef-11eb-aa83-0ae8b9885edd\" data-offer-id=\"4bfd757c-30ef-11eb-aa83-0ae8b9885edd\" onchange=\"$('.price').css('display', 'none');$('#FMEA_4a_Ed-price').css('display', 'block');\">FMEA 4a. Ed<\/label><\/div><div class=\"radio\"><label><input type=\"radio\" name=\"offer\" value=\"4047e56e-5473-11ec-bfa8-02420a00028c\" data-offer-id=\"4047e56e-5473-11ec-bfa8-02420a00028c\" onchange=\"$('.price').css('display', 'none');$('#APQP_PPAP-price').css('display', 'block');\">APQP & PPAP<\/label><\/div>            <\/div> \n            <div class=\"offer-actions\" id=\"single_user_access\">\n                <div class=\"actions d-block\">\n                    <div class=\"price-wrapper\">\n                        <div class=\"price-label\">Precio de lista<\/div>\n                         \n                        <div class=\"price\" id=\"SPC_y_MSA-price\" style=\"display:block\" > $6900.00 MXN <\/div> \n                          <div class=\"price\" id=\"FMEA_4a_Ed-price\" style=\"display:none\" > $4900.00 MXN <\/div> \n                          <div class=\"price\" id=\"APQP_PPAP-price\" style=\"display:none\" > $4900.00 MXN <\/div> \n                           <\/div>   \n                                                <input type=\"hidden\" id=\"multi-offer-product-id\" name=\"multi-offer-product-id\" value='6ab5a324-b0c8-11ea-b30e-0ae8b9885edd'>                     \n                        <div id=\"purchase-error\"><\/div>\n                    <\/div>\n                    <button type=\"submit\" class=\"blue-button register-button\" name=\"addtocart\">Agregar al carro<\/button>                    \n                <\/div>     \n            <\/div>\n        <\/div>\t\t\n  <\/form>\n  <\/div>\n<script type=\"text\/javascript\">\n\t$(document).ready(function() {\n\t\t$('input[name=offer]').change(function(){\n\t\t\t$('.offer-actions .actions').hide();\n\t\t\t$('.offer-actions .actions.'+$('input[name=offer]:checked').val()).slideDown();\n      var selected = $('input[name=offer]:checked');\n      var offerId = selected.data('offer-id') || selected.val();\n      $('#multi-offer-product-id').val(offerId);\n\t\t});\t\t\n    $('.form-group').each(function(){\n        $('input[type=radio]:first', this).attr('checked', true);\n    });\n    \n  });\n  $('.add-offer').submit(function(e){\n    e.preventDefault();    \n    var productId = $('#multi-offer-product-id').val();    \n    addProductToCart(productId);\n  });\n<\/script>\n    \t\t\t\t<\/div>\n\t\t\t\t<\/div>\n\t\t\t\t\t<\/div>\n\t\t<\/div>\n\t\t\t\t\t<\/div>\n\t\t<\/section>\n\t\t\t\t<section class=\"elementor-section elementor-top-section elementor-element elementor-element-1cb325d elementor-section-boxed elementor-section-height-default elementor-section-height-default\" data-id=\"1cb325d\" data-element_type=\"section\" data-e-type=\"section\">\n\t\t\t\t\t\t<div class=\"elementor-container elementor-column-gap-default\">\n\t\t\t\t\t<div class=\"elementor-column elementor-col-66 elementor-top-column elementor-element elementor-element-40a2531\" data-id=\"40a2531\" data-element_type=\"column\" data-e-type=\"column\">\n\t\t\t<div class=\"elementor-widget-wrap\">\n\t\t\t\t\t\t\t<\/div>\n\t\t<\/div>\n\t\t\t\t<div class=\"elementor-column elementor-col-33 elementor-top-column elementor-element elementor-element-b0d4a88\" data-id=\"b0d4a88\" data-element_type=\"column\" data-e-type=\"column\">\n\t\t\t<div class=\"elementor-widget-wrap elementor-element-populated\">\n\t\t\t\t\t\t<div class=\"elementor-element elementor-element-fe23e4a elementor-widget elementor-widget-global elementor-global-6605 elementor-widget-text-editor\" data-id=\"fe23e4a\" data-element_type=\"widget\" data-e-type=\"widget\" data-widget_type=\"text-editor.default\">\n\t\t\t\t<div class=\"elementor-widget-container\">\n\t\t\t\t\t\t\t\t\t<p style=\"text-align: center;\"><a class=\"blue-button\" href=\"https:\/\/plexusintl.com\/mx\/contactanos\/\">Solicita informaci\u00f3n<\/a><\/p>\t\t\t\t\t\t\t\t<\/div>\n\t\t\t\t<\/div>\n\t\t\t\t\t<\/div>\n\t\t<\/div>\n\t\t\t\t\t<\/div>\n\t\t<\/section>\n\t\t\t\t<section class=\"elementor-section elementor-top-section elementor-element elementor-element-a3ce3ba elementor-section-boxed elementor-section-height-default elementor-section-height-default\" data-id=\"a3ce3ba\" data-element_type=\"section\" data-e-type=\"section\">\n\t\t\t\t\t\t<div class=\"elementor-container elementor-column-gap-default\">\n\t\t\t\t\t<div class=\"elementor-column elementor-col-100 elementor-top-column elementor-element elementor-element-1d29435\" data-id=\"1d29435\" data-element_type=\"column\" data-e-type=\"column\">\n\t\t\t<div class=\"elementor-widget-wrap elementor-element-populated\">\n\t\t\t\t\t\t<div class=\"elementor-element elementor-element-3f636b3 elementor-widget elementor-widget-template\" data-id=\"3f636b3\" data-element_type=\"widget\" data-e-type=\"widget\" data-widget_type=\"template.default\">\n\t\t\t\t<div class=\"elementor-widget-container\">\n\t\t\t\t\t\t\t<div class=\"elementor-template\">\n\t\t\t\t\t<div data-elementor-type=\"section\" data-elementor-id=\"3601\" class=\"elementor elementor-3601\" data-elementor-post-type=\"elementor_library\">\n\t\t\t\t\t<section class=\"elementor-section elementor-top-section elementor-element elementor-element-30a9a830 elementor-section-boxed elementor-section-height-default elementor-section-height-default\" data-id=\"30a9a830\" data-element_type=\"section\" data-e-type=\"section\">\n\t\t\t\t\t\t<div class=\"elementor-container elementor-column-gap-default\">\n\t\t\t\t\t<div class=\"elementor-column elementor-col-33 elementor-top-column elementor-element elementor-element-672d8cf\" data-id=\"672d8cf\" data-element_type=\"column\" data-e-type=\"column\">\n\t\t\t<div class=\"elementor-widget-wrap elementor-element-populated\">\n\t\t\t\t\t\t<div class=\"elementor-element elementor-element-69ad23e6 elementor-widget elementor-widget-text-editor\" data-id=\"69ad23e6\" data-element_type=\"widget\" data-e-type=\"widget\" data-widget_type=\"text-editor.default\">\n\t\t\t\t<div class=\"elementor-widget-container\">\n\t\t\t\t\t\t\t\t\t<p style=\"text-align: center;\"><a href=\"https:\/\/www.aiag.org\/store\/international\/certified-distributors\" rel=\"noopener\"><img decoding=\"async\" class=\"alignnone wp-image-3311\" src=\"https:\/\/mx-wp-cdn.plexusintl.com\/wp-content\/uploads\/2021\/03\/14132238\/AIAG-Certified-Training-Provider-Seal_TRANSPARENT-300x237.png\" alt=\"\" width=\"150\" height=\"119\" srcset=\"https:\/\/mx-wp-cdn.plexusintl.com\/wp-content\/uploads\/2021\/03\/14132238\/AIAG-Certified-Training-Provider-Seal_TRANSPARENT-300x237.png 300w, https:\/\/mx-wp-cdn.plexusintl.com\/wp-content\/uploads\/2021\/03\/14132238\/AIAG-Certified-Training-Provider-Seal_TRANSPARENT.png 565w\" sizes=\"(max-width: 150px) 100vw, 150px\" \/><\/a><\/p>\t\t\t\t\t\t\t\t<\/div>\n\t\t\t\t<\/div>\n\t\t\t\t\t<\/div>\n\t\t<\/div>\n\t\t\t\t<div class=\"elementor-column elementor-col-66 elementor-top-column elementor-element elementor-element-12db0245\" data-id=\"12db0245\" data-element_type=\"column\" data-e-type=\"column\">\n\t\t\t<div class=\"elementor-widget-wrap elementor-element-populated\">\n\t\t\t\t\t\t<div class=\"elementor-element elementor-element-7af2569d elementor-widget elementor-widget-text-editor\" data-id=\"7af2569d\" data-element_type=\"widget\" data-e-type=\"widget\" data-widget_type=\"text-editor.default\">\n\t\t\t\t<div class=\"elementor-widget-container\">\n\t\t\t\t\t\t\t\t\t<p>Todos los entrenamientos impartidos por Plexus son programas afiliados a AIAG. Plexus es el proveedor mundial certificado de productos y servicios AIAG. <strong><a href=\"https:\/\/www.aiag.org\/store\/international\/certified-distributors\" rel=\"noopener\">Conozca m\u00e1s &gt;&gt;<\/a><\/strong><\/p>\t\t\t\t\t\t\t\t<\/div>\n\t\t\t\t<\/div>\n\t\t\t\t\t<\/div>\n\t\t<\/div>\n\t\t\t\t\t<\/div>\n\t\t<\/section>\n\t\t\t\t<\/div>\n\t\t\t\t<\/div>\n\t\t\t\t\t\t<\/div>\n\t\t\t\t<\/div>\n\t\t\t\t\t<\/div>\n\t\t<\/div>\n\t\t\t\t\t<\/div>\n\t\t<\/section>\n\t\t\t\t<section class=\"elementor-section elementor-top-section elementor-element elementor-element-4974dda elementor-section-boxed elementor-section-height-default elementor-section-height-default\" data-id=\"4974dda\" data-element_type=\"section\" data-e-type=\"section\">\n\t\t\t\t\t\t<div class=\"elementor-container elementor-column-gap-default\">\n\t\t\t\t\t<div class=\"elementor-column elementor-col-100 elementor-top-column elementor-element elementor-element-7ed8de2\" data-id=\"7ed8de2\" data-element_type=\"column\" data-e-type=\"column\">\n\t\t\t<div class=\"elementor-widget-wrap elementor-element-populated\">\n\t\t\t\t\t\t<div class=\"elementor-element elementor-element-ad8d483 elementor-widget elementor-widget-toggle\" data-id=\"ad8d483\" data-element_type=\"widget\" data-e-type=\"widget\" data-widget_type=\"toggle.default\">\n\t\t\t\t<div class=\"elementor-widget-container\">\n\t\t\t\t\t\t\t<div class=\"elementor-toggle\">\n\t\t\t\t\t\t\t<div class=\"elementor-toggle-item\">\n\t\t\t\t\t<div id=\"elementor-tab-title-1811\" class=\"elementor-tab-title\" data-tab=\"1\" role=\"button\" aria-controls=\"elementor-tab-content-1811\" aria-expanded=\"false\">\n\t\t\t\t\t\t\t\t\t\t\t\t<span class=\"elementor-toggle-icon elementor-toggle-icon-left\" aria-hidden=\"true\">\n\t\t\t\t\t\t\t\t\t\t\t\t\t\t\t<span class=\"elementor-toggle-icon-closed\"><i class=\"fas fa-caret-right\"><\/i><\/span>\n\t\t\t\t\t\t\t\t<span class=\"elementor-toggle-icon-opened\"><i class=\"elementor-toggle-icon-opened fas fa-caret-up\"><\/i><\/span>\n\t\t\t\t\t\t\t\t\t\t\t\t\t<\/span>\n\t\t\t\t\t\t\t\t\t\t\t\t<a class=\"elementor-toggle-title\" tabindex=\"0\">Primera Parte: SPC y MSA.<\/a>\n\t\t\t\t\t<\/div>\n\n\t\t\t\t\t<div id=\"elementor-tab-content-1811\" class=\"elementor-tab-content elementor-clearfix\" data-tab=\"1\" role=\"region\" aria-labelledby=\"elementor-tab-title-1811\"><p><b>Objetivos de Aprendizaje:<\/b><\/p><ol><li style=\"font-weight: 400;\" aria-level=\"1\"><span style=\"font-weight: 400;\">Comprender los v\u00ednculos de los manuales AIAG SPC y MSA con los requerimientos de IATF 16949 y PPAP<\/span><\/li><li style=\"font-weight: 400;\" aria-level=\"1\"><span style=\"font-weight: 400;\">Identificar diferentes tipos de datos e identificar cu\u00e1les estudios de medici\u00f3n y m\u00e9todos de control son los m\u00e1s adecuados<\/span><\/li><li style=\"font-weight: 400;\" aria-level=\"1\"><span style=\"font-weight: 400;\">Desglosar la variaci\u00f3n del proceso en causas comunes y especiales.<\/span><\/li><li style=\"font-weight: 400;\" aria-level=\"1\"><span style=\"font-weight: 400;\">Vincular el uso de estas herramientas con el FMEA<\/span><\/li><li style=\"font-weight: 400;\" aria-level=\"1\"><span style=\"font-weight: 400;\">Incorporar el uso de SPC y MSA mediante ejercicios de aplicaci\u00f3n tanto de c\u00e1lculo como de interpretaci\u00f3n<\/span><\/li><li style=\"font-weight: 400;\" aria-level=\"1\"><span style=\"font-weight: 400;\">Comprender el v\u00ednculo con requisitos espec\u00edficos del cliente<\/span><\/li><\/ol><p><i><span style=\"font-weight: 400;\">Duraci\u00f3n: 3 m\u00f3dulos (4 horas por m\u00f3dulo)<\/span><\/i><\/p><\/div>\n\t\t\t\t<\/div>\n\t\t\t\t\t\t\t<div class=\"elementor-toggle-item\">\n\t\t\t\t\t<div id=\"elementor-tab-title-1812\" class=\"elementor-tab-title\" data-tab=\"2\" role=\"button\" aria-controls=\"elementor-tab-content-1812\" aria-expanded=\"false\">\n\t\t\t\t\t\t\t\t\t\t\t\t<span class=\"elementor-toggle-icon elementor-toggle-icon-left\" aria-hidden=\"true\">\n\t\t\t\t\t\t\t\t\t\t\t\t\t\t\t<span class=\"elementor-toggle-icon-closed\"><i class=\"fas fa-caret-right\"><\/i><\/span>\n\t\t\t\t\t\t\t\t<span class=\"elementor-toggle-icon-opened\"><i class=\"elementor-toggle-icon-opened fas fa-caret-up\"><\/i><\/span>\n\t\t\t\t\t\t\t\t\t\t\t\t\t<\/span>\n\t\t\t\t\t\t\t\t\t\t\t\t<a class=\"elementor-toggle-title\" tabindex=\"0\">Segunda Parte: FMEA (4\u00aa. Edici\u00f3n) y Plan de Control<\/a>\n\t\t\t\t\t<\/div>\n\n\t\t\t\t\t<div id=\"elementor-tab-content-1812\" class=\"elementor-tab-content elementor-clearfix\" data-tab=\"2\" role=\"region\" aria-labelledby=\"elementor-tab-title-1812\"><p><b>Objetivos de Aprendizaje:<\/b><\/p><ol><li style=\"font-weight: 400;\" aria-level=\"1\"><span style=\"font-weight: 400;\">Comprender el uso del FMEA como una herramienta de an\u00e1lisis de riesgo durante el dise\u00f1o del producto y el proceso de fabricaci\u00f3n.<\/span><\/li><li style=\"font-weight: 400;\" aria-level=\"1\">Identificar los v\u00ednculos del FMEA con IATF 16949 y los CSR<\/li><li style=\"font-weight: 400;\" aria-level=\"1\"><span style=\"font-weight: 400;\">Comprender la relaci\u00f3n del Plan de Control con el PFMEA<\/span><\/li><li style=\"font-weight: 400;\" aria-level=\"1\"><span style=\"font-weight: 400;\">Identificar los v\u00ednculos del Plan de Control con IATF 16949 y los CSR<\/span><\/li><li style=\"font-weight: 400;\" aria-level=\"1\"><span style=\"font-weight: 400;\">Reforzar el aprendizaje a trav\u00e9s de casos pr\u00e1cticos<\/span><\/li><\/ol><p><i><span style=\"font-weight: 400;\">Duraci\u00f3n: 2 m\u00f3dulos (4 horas por m\u00f3dulo)<\/span><\/i><\/p><\/div>\n\t\t\t\t<\/div>\n\t\t\t\t\t\t\t<div class=\"elementor-toggle-item\">\n\t\t\t\t\t<div id=\"elementor-tab-title-1813\" class=\"elementor-tab-title\" data-tab=\"3\" role=\"button\" aria-controls=\"elementor-tab-content-1813\" aria-expanded=\"false\">\n\t\t\t\t\t\t\t\t\t\t\t\t<span class=\"elementor-toggle-icon elementor-toggle-icon-left\" aria-hidden=\"true\">\n\t\t\t\t\t\t\t\t\t\t\t\t\t\t\t<span class=\"elementor-toggle-icon-closed\"><i class=\"fas fa-caret-right\"><\/i><\/span>\n\t\t\t\t\t\t\t\t<span class=\"elementor-toggle-icon-opened\"><i class=\"elementor-toggle-icon-opened fas fa-caret-up\"><\/i><\/span>\n\t\t\t\t\t\t\t\t\t\t\t\t\t<\/span>\n\t\t\t\t\t\t\t\t\t\t\t\t<a class=\"elementor-toggle-title\" tabindex=\"0\">Tercera Parte: PPAP & APQP<\/a>\n\t\t\t\t\t<\/div>\n\n\t\t\t\t\t<div id=\"elementor-tab-content-1813\" class=\"elementor-tab-content elementor-clearfix\" data-tab=\"3\" role=\"region\" aria-labelledby=\"elementor-tab-title-1813\"><p>Objetivos de Aprendizaje:<\/p><ol><li>Comprender el uso del FMEA como una herramienta de an\u00e1lisis de riesgo durante el dise\u00f1o del producto y el proceso de fabricaci\u00f3n.<\/li><li>Identificar los v\u00ednculos del FMEA con IATF 16949 y los CSR<\/li><li>Comprender la relaci\u00f3n del Plan de Control con el PFMEA<\/li><li>Identificar los v\u00ednculos del Plan de Control con IATF 16949 y los CSR<\/li><li>Reforzar el aprendizaje a trav\u00e9s de casos pr\u00e1cticos<\/li><\/ol><p>Duraci\u00f3n: 2 m\u00f3dulos (4 horas por m\u00f3dulo)<\/p><\/div>\n\t\t\t\t<\/div>\n\t\t\t\t\t\t\t\t<\/div>\n\t\t\t\t\t\t<\/div>\n\t\t\t\t<\/div>\n\t\t\t\t\t<\/div>\n\t\t<\/div>\n\t\t\t\t\t<\/div>\n\t\t<\/section>\n\t\t\t\t<section class=\"elementor-section elementor-top-section elementor-element elementor-element-a39c54d elementor-section-boxed elementor-section-height-default elementor-section-height-default\" data-id=\"a39c54d\" data-element_type=\"section\" data-e-type=\"section\">\n\t\t\t\t\t\t<div class=\"elementor-container elementor-column-gap-default\">\n\t\t\t\t\t<div class=\"elementor-column elementor-col-100 elementor-top-column elementor-element elementor-element-7c988fb\" data-id=\"7c988fb\" data-element_type=\"column\" data-e-type=\"column\">\n\t\t\t<div class=\"elementor-widget-wrap elementor-element-populated\">\n\t\t\t\t\t\t<div class=\"elementor-element elementor-element-afdf6a8 elementor-widget elementor-widget-related-content-block\" data-id=\"afdf6a8\" data-element_type=\"widget\" data-e-type=\"widget\" data-widget_type=\"related-content-block.default\">\n\t\t\t\t<div class=\"elementor-widget-container\">\n\t\t\t\t\t    \r\n      <div class=\"row\">\r\n          <div class=\"col\">\r\n              <div class=\"related-content\">\r\n                  <h2 >Tambi\u00e9n podr\u00eda interesarle<\/h2>\r\n\r\n                  <div class=\"row\">\r\n                      <div class=\"col-12 col-md-4 mb-3\">\r\n                          <div class=\"page page-1\">\r\n                              <div class=\"content-type\"><\/div>\r\n                              <div class=\"content-title\"><a href=\"https:\/\/plexusintl.com\/mx\/catalogo\/comprension-de-aiag-vda-fmea-de-proceso-con-fmea-en-reversa\/\" class=\"cta\">Comprensi\u00f3n de AIAG & VDA FMEA de proceso con FMEA en reversa<\/a><\/div>\r\n                              <div class=\"content-description\"><p >Este curso lo asistir\u00e1 en la ejecuci\u00f3n de los FMEA de proceso utilizando el nuevo Manual AIAG y VDA FMEA y desarrollar un plan de implementaci\u00f3n para que su organizaci\u00f3n adopte el nuevo manual  AIAG & VDA FMEA y adem\u00e1s poder contar con un sistema solido de FMEA en Reversa que permita descubrir oportunidades e implementar mejoras en el FMEA que no se hayan descubierto previamente.<\/p><\/div>\r\n                          <\/div>\r\n                      <\/div>\r\n                      <div class=\"col-12 col-md-4 mb-3\">\r\n                          <div class=\"page page-2\">\r\n                              <div class=\"content-type\"><\/div>\r\n                              <div class=\"content-title\"><a href=\"https:\/\/www.aiag.org\/store\/training\/details?CourseCode=ELCTSA&amp;utm_source=plexus-mx\" class=\"cta\" rel=\"noopener\">Diagnostico gratuito en Core Tools<\/a><\/div>\r\n                              <div class=\"content-description\"><p >La autoevaluaci\u00f3n de herramientas principales de AIAG, una encuesta en l\u00ednea gratuita para miembros y no miembros por igual, permite a los participantes evaluar su conocimiento de las \u00e1reas de herramientas principales: plan avanzado de control y planificaci\u00f3n de la calidad del producto (APQP), proceso de aprobaci\u00f3n de piezas del producto (PPAP), An\u00e1lisis de modos y efectos de fallas (FMEA), An\u00e1lisis de sistemas de medici\u00f3n (MSA) y Control estad\u00edstico de procesos (SPC).<\/p><\/div>\r\n                          <\/div>\r\n                      <\/div>\r\n                      <div class=\"col-xs-12 col-md-4 mb-3\">\r\n                          <div class=\"page page-3\">\r\n                              <div class=\"content-type\"><\/div>\r\n                              <div class=\"content-title\"><a href=\"https:\/\/plexusintl.com\/mx\/catalogo?_type=Publicaci%C3%B3n\" class=\"cta\">Publicaciones Impresas Core Tools<\/a><\/div>\r\n                              <div class=\"content-description\"><p >Adquiere las publicaciones impresas en sus m\u00e1s recientes versiones y forma tu acervo de consulta. Todas disponibles en espa\u00f1ol en formatos impresos o digitales, con envio a todo M\u00e9xico y cobro en pesos<\/p><\/div>\r\n                          <\/div>\r\n                      <\/div>\r\n                  <\/div>\r\n              <\/div>\r\n          <\/div>\r\n      <\/div>\r\n    \t\t\t\t<\/div>\n\t\t\t\t<\/div>\n\t\t\t\t\t<\/div>\n\t\t<\/div>\n\t\t\t\t\t<\/div>\n\t\t<\/section>\n\t\t\t\t<\/div>\n\t\t","protected":false},"excerpt":{"rendered":"<p>Active<\/p>\n","protected":false},"author":10,"featured_media":0,"parent":87,"menu_order":0,"comment_status":"closed","ping_status":"closed","template":"","meta":{"footnotes":"","_wp_rev_ctl_limit":""},"class_list":["post-6635","page","type-page","status-publish","hentry"],"_links":{"self":[{"href":"https:\/\/plexusintl.com\/mx\/wp-json\/wp\/v2\/pages\/6635","targetHints":{"allow":["GET"]}}],"collection":[{"href":"https:\/\/plexusintl.com\/mx\/wp-json\/wp\/v2\/pages"}],"about":[{"href":"https:\/\/plexusintl.com\/mx\/wp-json\/wp\/v2\/types\/page"}],"author":[{"embeddable":true,"href":"https:\/\/plexusintl.com\/mx\/wp-json\/wp\/v2\/users\/10"}],"replies":[{"embeddable":true,"href":"https:\/\/plexusintl.com\/mx\/wp-json\/wp\/v2\/comments?post=6635"}],"version-history":[{"count":13,"href":"https:\/\/plexusintl.com\/mx\/wp-json\/wp\/v2\/pages\/6635\/revisions"}],"predecessor-version":[{"id":6679,"href":"https:\/\/plexusintl.com\/mx\/wp-json\/wp\/v2\/pages\/6635\/revisions\/6679"}],"up":[{"embeddable":true,"href":"https:\/\/plexusintl.com\/mx\/wp-json\/wp\/v2\/pages\/87"}],"wp:attachment":[{"href":"https:\/\/plexusintl.com\/mx\/wp-json\/wp\/v2\/media?parent=6635"}],"curies":[{"name":"wp","href":"https:\/\/api.w.org\/{rel}","templated":true}]}}