{"id":6742,"date":"2023-01-26T13:22:56","date_gmt":"2023-01-26T18:22:56","guid":{"rendered":"https:\/\/plexusintl.com\/mx\/?page_id=6742"},"modified":"2023-01-30T13:56:37","modified_gmt":"2023-01-30T18:56:37","slug":"cqi-30-procesamiento-de-caucho-mezcla-y-moldeo-publicacion","status":"publish","type":"page","link":"https:\/\/plexusintl.com\/mx\/catalogo\/cqi-30-procesamiento-de-caucho-mezcla-y-moldeo-publicacion\/","title":{"rendered":"CQI-30 Procesamiento de Caucho: Mezcla y Moldeo Publicaci\u00f3n"},"content":{"rendered":"\t\t<div data-elementor-type=\"wp-page\" data-elementor-id=\"6742\" class=\"elementor elementor-6742\" data-elementor-post-type=\"page\">\n\t\t\t\t\t\t<section class=\"elementor-section elementor-top-section elementor-element elementor-element-94a0cfa elementor-section-boxed elementor-section-height-default elementor-section-height-default\" data-id=\"94a0cfa\" data-element_type=\"section\" data-e-type=\"section\">\n\t\t\t\t\t\t<div class=\"elementor-container elementor-column-gap-default\">\n\t\t\t\t\t<div class=\"elementor-column elementor-col-50 elementor-top-column elementor-element elementor-element-1a6c1c1\" data-id=\"1a6c1c1\" data-element_type=\"column\" data-e-type=\"column\">\n\t\t\t<div class=\"elementor-widget-wrap elementor-element-populated\">\n\t\t\t\t\t\t<div class=\"elementor-element elementor-element-4331a6e elementor-widget elementor-widget-product-meta\" data-id=\"4331a6e\" data-element_type=\"widget\" data-e-type=\"widget\" data-widget_type=\"product-meta.default\">\n\t\t\t\t<div class=\"elementor-widget-container\">\n\t\t\t\t\t        <div class=\"meta\">\n                  <div class=\"tags\">Procesos especiales y otros CQIs&nbsp;&bull;&nbsp;Publicaci\u00f3n<\/div>\n              <\/div>\n     \t\t\t\t<\/div>\n\t\t\t\t<\/div>\n\t\t\t\t\t<\/div>\n\t\t<\/div>\n\t\t\t\t<div class=\"elementor-column elementor-col-50 elementor-top-column elementor-element elementor-element-562f11e\" data-id=\"562f11e\" data-element_type=\"column\" data-e-type=\"column\">\n\t\t\t<div class=\"elementor-widget-wrap\">\n\t\t\t\t\t\t\t<\/div>\n\t\t<\/div>\n\t\t\t\t\t<\/div>\n\t\t<\/section>\n\t\t\t\t<section class=\"elementor-section elementor-top-section elementor-element elementor-element-2578b84 elementor-section-boxed elementor-section-height-default elementor-section-height-default\" data-id=\"2578b84\" data-element_type=\"section\" data-e-type=\"section\">\n\t\t\t\t\t\t<div class=\"elementor-container elementor-column-gap-default\">\n\t\t\t\t\t<div class=\"elementor-column elementor-col-33 elementor-top-column elementor-element elementor-element-9644d2d\" data-id=\"9644d2d\" data-element_type=\"column\" data-e-type=\"column\">\n\t\t\t<div class=\"elementor-widget-wrap elementor-element-populated\">\n\t\t\t\t\t\t<div class=\"elementor-element elementor-element-8f8f623 elementor-widget elementor-widget-image\" data-id=\"8f8f623\" data-element_type=\"widget\" data-e-type=\"widget\" data-widget_type=\"image.default\">\n\t\t\t\t<div class=\"elementor-widget-container\">\n\t\t\t\t\t\t\t\t\t\t\t\t\t\t\t<img fetchpriority=\"high\" decoding=\"async\" width=\"760\" height=\"990\" src=\"https:\/\/mx-wp-cdn.plexusintl.com\/wp-content\/uploads\/2023\/01\/14132208\/Captura-de-Pantalla-2023-01-26-a-las-12.23.48.png\" class=\"attachment-large size-large wp-image-6744\" alt=\"Portada CQI-30\" srcset=\"https:\/\/mx-wp-cdn.plexusintl.com\/wp-content\/uploads\/2023\/01\/14132208\/Captura-de-Pantalla-2023-01-26-a-las-12.23.48.png 760w, https:\/\/mx-wp-cdn.plexusintl.com\/wp-content\/uploads\/2023\/01\/14132208\/Captura-de-Pantalla-2023-01-26-a-las-12.23.48-230x300.png 230w\" sizes=\"(max-width: 760px) 100vw, 760px\" \/>\t\t\t\t\t\t\t\t\t\t\t\t\t\t\t<\/div>\n\t\t\t\t<\/div>\n\t\t\t\t\t<\/div>\n\t\t<\/div>\n\t\t\t\t<div class=\"elementor-column elementor-col-33 elementor-top-column elementor-element elementor-element-2d05d2d\" data-id=\"2d05d2d\" data-element_type=\"column\" data-e-type=\"column\">\n\t\t\t<div class=\"elementor-widget-wrap elementor-element-populated\">\n\t\t\t\t\t\t<div class=\"elementor-element elementor-element-74b7840 elementor-widget elementor-widget-text-editor\" data-id=\"74b7840\" data-element_type=\"widget\" data-e-type=\"widget\" data-widget_type=\"text-editor.default\">\n\t\t\t\t<div class=\"elementor-widget-container\">\n\t\t\t\t\t\t\t\t\t<p>CQI-30 Proceso especial: Evaluaci\u00f3n del sistema de procesamiento de caucho &#8211; Mezclado y moldeado 1.\u00aa edici\u00f3n. Desarrollado en colaboraci\u00f3n con expertos de la industria de OEMs, proveedores de Tier 1 y proveedores de moldeo, el proceso especial CQI-30: Evaluaci\u00f3n del sistema de procesamiento de caucho &#8211; Mezcla y moldeo proporciona un enfoque com\u00fan para un sistema de gesti\u00f3n de moldeo y mezcla de caucho para la producci\u00f3n de autom\u00f3viles y piezas de servicio. organizaciones Con ocho secciones centradas en la encuesta previa a la auditor\u00eda, la responsabilidad de la gesti\u00f3n y la planificaci\u00f3n de la calidad, la auditor\u00eda del trabajo, la mezcla de caucho, la inspecci\u00f3n y las pruebas, las instalaciones y los equipos, el moldeado y la preparaci\u00f3n del sustrato, este documento incluye los requisitos para las organizaciones de todos los tama\u00f1os que realizan mezclas y moldeados. operaciones. \u00a1Obtenga su copia hoy!<\/p>\t\t\t\t\t\t\t\t<\/div>\n\t\t\t\t<\/div>\n\t\t\t\t\t<\/div>\n\t\t<\/div>\n\t\t\t\t<div class=\"elementor-column elementor-col-33 elementor-top-column elementor-element elementor-element-8aac4a4\" data-id=\"8aac4a4\" data-element_type=\"column\" data-e-type=\"column\">\n\t\t\t<div class=\"elementor-widget-wrap elementor-element-populated\">\n\t\t\t\t\t\t<div class=\"elementor-element elementor-element-ba14e0f elementor-widget elementor-widget-purchase-widget\" data-id=\"ba14e0f\" data-element_type=\"widget\" data-e-type=\"widget\" data-widget_type=\"purchase-widget.default\">\n\t\t\t\t<div class=\"elementor-widget-container\">\n\t\t\t\t\t\n<div id=\"purchase_widget_195\" class=\"product-purchase-options\">\n\t<div class=\"intro-header\">\n    \t\t<h3>Publicaci\u00f3n<\/h3>\n\t\t<p><\/p>\n\t<\/div>\n\n    <div id=\"div-add-product\" class=\"d-block text-center\">\n    <img decoding=\"async\" src=\"https:\/\/plexusintl.com\/mx\/wp-content\/themes\/plexus-theme\/images\/Purchase-Widget.svg\" width=\"50px\" alt=\"Loading\" \/>     \n  <\/div>\n    <form method=\"post\" id=\"add-product\" class=\"add-product d-none\">\n      <div class=\"options\">\n        <div class=\"form-group d-block\"><script type=\"text\/javascript\"> $('.product-purchase-options .intro-header').removeAttr(\"style\"); <\/script>          <div class=\"radio\">\n            <label>\n              <input type=\"radio\" name=\"delivery_type_pub\" value=\"e-learning\" checked onchange=\"$('#corporate_licensing_195').css('display', 'none');$('#member_pricing_195').css('display', 'none');$('#single_user_access_195').css('display', 'block');\"> Seleccione una opci\u00f3n<\/label>\n          <\/div>\n          <div class=\"radio d-block\">\n            <label>\n              <input type=\"radio\" name=\"delivery_type_pub\" value=\"on-site-training\" onchange=\"$('#single_user_access_195').css('display', 'none');$('#member_pricing_195').css('display', 'none');$('#corporate_licensing_195').css('display', 'block');\"> Solicitar una Cotizaci\u00f3n<\/label>\n          <\/div>\n          <div class=\"radio d-none\">\n            <label>\n              <input type=\"radio\" name=\"delivery_type_pub\" value=\"member-pricing\" onchange=\"$('#single_user_access_195').css('display', 'none');$('#corporate_licensing_195').css('display', 'none');$('#member_pricing_195').css('display', 'block');\"> Precio miembro<\/label>\n          <\/div>\n        <\/div>\n        <\/div>      <div class=\"purchase-actions\" id=\"single_user_access_195\">\n        <div class=\"e-learning actions d-block\">\n                    <div class=\"\">\n              <div class=\"price-wrapper \">\n                <div class=\"price-label\">Precio<\/div>\n                                    \n                  <div class=\"price\" id=\"e-learning-price\">\n                    <span id=\"priceFigure\">276.00<\/span>&nbsp;USD            \n                  <\/div>\n                                    <div id=\"purchase-error\"><\/div>\n                  <input type=\"hidden\" name=\"product_id\" value=\"70282cb2-3e7e-11ed-8997-02420a000207\">\n              <\/div>\n              <button type=\"submit\" class=\"blue-button register-button\" style=\"display:block;\">Comprar<\/button>\n            <\/div>\t\t\t\t\n        <\/div> \n      <\/div>\n      \n      <div class=\"purchase-actions\" id=\"corporate_licensing_195\" style=\"display:none;\">\n        <div class=\"on-site-training actions\" style=\"display: block;\">\n          <a href=\"http:\/\/plexusintl.com\/mx\/solicite-una-cotizacion\/?course_requested=Edoc+-+CQI+30+-+1ed+-+EN++-+edoc-cqi-30-1ed-en-Solicitar Cotizaci\u00f3n\" title=\"Solicitar una Cotizaci\u00f3n\" class=\"blue-button\">Solicitar una Cotizaci\u00f3n<\/a>\n        <\/div>\n      <\/div>\n\n      <div class=\"purchase-actions\" id=\"member_pricing_195\" style=\"display:none;\">\n        <div class=\"on-site-training actions\" style=\"display: block;\">\n          <a href=\"http:\/\/plexusintl.com\/request-quote?course_requested=Edoc+-+CQI+30+-+1ed+-+EN++-+edoc-cqi-30-1ed-en-Solicitar+Cotizaci%C3%B3n\" title=\"Solicitar Cotizaci\u00f3n para Miembros AIAG\" class=\"blue-button\">Solicitar Cotizaci\u00f3n para Miembros AIAG<\/a>\n        <\/div>\n      <\/div>\n      <div style=\"display:none;\">\n         \n      <\/div>\n    <\/form>  \n  <\/div>\n<script type=\"text\/javascript\">\n\t$(document).ready(function() { \n\t\t$('#purchase_widget_195 input[name=delivery_type]').change(function(){\t\n      $('#purchase_widget_195 .purchase-actions .actions').hide();\t\t\n\t\t\t$('#purchase_widget_195 .purchase-actions .actions.'+$('input[name=delivery_type]:checked').val()).slideDown();\n    });\n    \n    var hiddenBox = $(\"#purchase_widget_195 #open-enrollment-single-session-location\")[0];\n    if(hiddenBox != null && hiddenBox.value !== \"\"){\n      $('#purchase_widget_195 #location p').html(hiddenBox.value);        \n      $('#purchase_widget_195 .session-detail').slideDown();\n      $('#purchase_widget_195 .session-detail').removeClass('d-none');\n      $('#purchase_widget_195 .session-detail').addClass('d-block');\n    }\n    else {      \n      $('#purchase_widget_195 .session-detail').removeClass('d-block');\n      $('#purchase_widget_195 .session-detail').addClass('d-none');\n    }\n\n\t\t$('#purchase_widget_195 #open-enrollment-session').change(function(){\n\t\t\tif($(this).val() != '') {\n\t\t\t\tvar option = $(this).find('option:selected');\n\n\t\t\t\t$('#purchase_widget_195 #location p').html($(option).data('location'));\n        $('#purchase_widget_195 #open-enrollment-session-value').val($(option).data('id'));\n      \n        $('#purchase_widget_195 .session-detail').slideDown();\n        $('#purchase_widget_195 .session-detail').removeClass('d-none');\n        $('#purchase_widget_195 .session-detail').addClass('d-block');\n\t\t\t} else {        \n        $('#purchase_widget_195 .session-detail').removeClass('d-block');\n        $('#purchase_widget_195 .session-detail').addClass('d-none');\n\t\t\t}\n    });\n    var priceFigure = $('#purchase_widget_195 #priceFigure')[0];\n    if (priceFigure != null)\n      priceFigure.innerHTML = formatCurrency(priceFigure.innerHTML);\n    \n      $('#purchase_widget_195 #div-add-product').removeClass('d-block');\n      $('#purchase_widget_195 #div-add-product').addClass('d-none');\n      $('#purchase_widget_195 #add-product').removeClass('d-none');\n      $('#purchase_widget_195 #add-product').addClass('d-block');\n  });\n  $('#purchase_widget_195 .add-product').submit(function(e){\n    e.preventDefault();    \n    var productId = $(this).find('input[name=\"product_id\"]').val();\n          addProductToCart(productId);\n    \n  });\n  <\/script>\n    \t\t\t\t<\/div>\n\t\t\t\t<\/div>\n\t\t\t\t<div class=\"elementor-element elementor-element-1f2f822 elementor-widget elementor-widget-global elementor-global-4934 elementor-widget-text-editor\" data-id=\"1f2f822\" data-element_type=\"widget\" data-e-type=\"widget\" data-widget_type=\"text-editor.default\">\n\t\t\t\t<div class=\"elementor-widget-container\">\n\t\t\t\t\t\t\t\t\t<h3 style=\"text-align: center;\">Solicite la Publicaci\u00f3n Impresa<\/h3><p style=\"text-align: center;\">Contactanos para solicitar la versi\u00f3n impresa de este documento<\/p><p style=\"text-align: center;\"><a class=\"blue-button\" href=\"https:\/\/plexusintl.com\/mx\/contactanos\/\">Solicitar en formato impreso<\/a><\/p>\t\t\t\t\t\t\t\t<\/div>\n\t\t\t\t<\/div>\n\t\t\t\t\t<\/div>\n\t\t<\/div>\n\t\t\t\t\t<\/div>\n\t\t<\/section>\n\t\t\t\t<section class=\"elementor-section elementor-top-section elementor-element elementor-element-e5da417 elementor-section-boxed elementor-section-height-default elementor-section-height-default\" data-id=\"e5da417\" data-element_type=\"section\" data-e-type=\"section\">\n\t\t\t\t\t\t<div class=\"elementor-container elementor-column-gap-default\">\n\t\t\t\t\t<div class=\"elementor-column elementor-col-100 elementor-top-column elementor-element elementor-element-27214d5\" data-id=\"27214d5\" data-element_type=\"column\" data-e-type=\"column\">\n\t\t\t<div class=\"elementor-widget-wrap elementor-element-populated\">\n\t\t\t\t\t\t<div class=\"elementor-element elementor-element-001e30f elementor-tabs-view-horizontal elementor-widget elementor-widget-tabs\" data-id=\"001e30f\" data-element_type=\"widget\" data-e-type=\"widget\" data-widget_type=\"tabs.default\">\n\t\t\t\t<div class=\"elementor-widget-container\">\n\t\t\t\t\t\t\t<div class=\"elementor-tabs\">\n\t\t\t<div class=\"elementor-tabs-wrapper\" role=\"tablist\" >\n\t\t\t\t\t\t\t\t\t<div id=\"elementor-tab-title-1231\" class=\"elementor-tab-title elementor-tab-desktop-title\" aria-selected=\"true\" data-tab=\"1\" role=\"tab\" tabindex=\"0\" aria-controls=\"elementor-tab-content-1231\" aria-expanded=\"false\">Informaci\u00f3n Adicional<\/div>\n\t\t\t\t\t\t\t\t\t<div id=\"elementor-tab-title-1232\" class=\"elementor-tab-title elementor-tab-desktop-title\" aria-selected=\"false\" data-tab=\"2\" role=\"tab\" tabindex=\"-1\" aria-controls=\"elementor-tab-content-1232\" aria-expanded=\"false\">Consideraciones para los edocument<\/div>\n\t\t\t\t\t\t\t\t\t<div id=\"elementor-tab-title-1233\" class=\"elementor-tab-title elementor-tab-desktop-title\" aria-selected=\"false\" data-tab=\"3\" role=\"tab\" tabindex=\"-1\" aria-controls=\"elementor-tab-content-1233\" aria-expanded=\"false\">Env\u00edo y Devoluciones<\/div>\n\t\t\t\t\t\t\t\t\t<div id=\"elementor-tab-title-1234\" class=\"elementor-tab-title elementor-tab-desktop-title\" aria-selected=\"false\" data-tab=\"4\" role=\"tab\" tabindex=\"-1\" aria-controls=\"elementor-tab-content-1234\" aria-expanded=\"false\">Precios para miembros AIAG<\/div>\n\t\t\t\t\t\t\t<\/div>\n\t\t\t<div class=\"elementor-tabs-content-wrapper\" role=\"tablist\" aria-orientation=\"vertical\">\n\t\t\t\t\t\t\t\t\t<div class=\"elementor-tab-title elementor-tab-mobile-title\" aria-selected=\"true\" data-tab=\"1\" role=\"tab\" tabindex=\"0\" aria-controls=\"elementor-tab-content-1231\" aria-expanded=\"false\">Informaci\u00f3n Adicional<\/div>\n\t\t\t\t\t<div id=\"elementor-tab-content-1231\" class=\"elementor-tab-content elementor-clearfix\" data-tab=\"1\" role=\"tabpanel\" aria-labelledby=\"elementor-tab-title-1231\" tabindex=\"0\" hidden=\"false\"><p>Fecha de Publicaci\u00f3n:\u00a0 Agosto 2022<\/p><p>Versi\u00f3n Vigente: 1\u00aa edici\u00f3n.<\/p><p>Idioma: Ingl\u00e9s<\/p><\/div>\n\t\t\t\t\t\t\t\t\t<div class=\"elementor-tab-title elementor-tab-mobile-title\" aria-selected=\"false\" data-tab=\"2\" role=\"tab\" tabindex=\"-1\" aria-controls=\"elementor-tab-content-1232\" aria-expanded=\"false\">Consideraciones para los edocument<\/div>\n\t\t\t\t\t<div id=\"elementor-tab-content-1232\" class=\"elementor-tab-content elementor-clearfix\" data-tab=\"2\" role=\"tabpanel\" aria-labelledby=\"elementor-tab-title-1232\" tabindex=\"0\" hidden=\"hidden\"><p>Los documentos electr\u00f3nicos de AIAG no se pueden imprimir ni guardar en su computadora local, solo se pueden ver a trav\u00e9s del sitio web de AIAG, utilizando nuestro visor de documentos electr\u00f3nicos. Los documentos electr\u00f3nicos tienen licencia para una cuenta de usuario final; aseg\u00farese de que el pedido se realice bajo la cuenta del usuario final real. Los documentos electr\u00f3nicos de AIAG no son transferibles de una cuenta a otra.<\/p><p>\u00a0<\/p><\/div>\n\t\t\t\t\t\t\t\t\t<div class=\"elementor-tab-title elementor-tab-mobile-title\" aria-selected=\"false\" data-tab=\"3\" role=\"tab\" tabindex=\"-1\" aria-controls=\"elementor-tab-content-1233\" aria-expanded=\"false\">Env\u00edo y Devoluciones<\/div>\n\t\t\t\t\t<div id=\"elementor-tab-content-1233\" class=\"elementor-tab-content elementor-clearfix\" data-tab=\"3\" role=\"tabpanel\" aria-labelledby=\"elementor-tab-title-1233\" tabindex=\"0\" hidden=\"hidden\"><p>Los envios solo se realizar\u00e1n una vez que se haya cubierto su pago, en publicaciones impresas y electr\u00f3nicas no se admiten devoluciones.<\/p><\/div>\n\t\t\t\t\t\t\t\t\t<div class=\"elementor-tab-title elementor-tab-mobile-title\" aria-selected=\"false\" data-tab=\"4\" role=\"tab\" tabindex=\"-1\" aria-controls=\"elementor-tab-content-1234\" aria-expanded=\"false\">Precios para miembros AIAG<\/div>\n\t\t\t\t\t<div id=\"elementor-tab-content-1234\" class=\"elementor-tab-content elementor-clearfix\" data-tab=\"4\" role=\"tabpanel\" aria-labelledby=\"elementor-tab-title-1234\" tabindex=\"0\" hidden=\"hidden\"><p>Los miembros activos de AIAG tienen acceso a precios preferenciales en publicaciones impresas y en formato edoc. <a href=\"https:\/\/plexusintl.com\/mx\/contactanos\/\">Cont\u00e1ctenos<\/a> para m\u00e1s informaci\u00f3n<\/p><p>\u00a0<\/p><\/div>\n\t\t\t\t\t\t\t<\/div>\n\t\t<\/div>\n\t\t\t\t\t\t<\/div>\n\t\t\t\t<\/div>\n\t\t\t\t\t<\/div>\n\t\t<\/div>\n\t\t\t\t\t<\/div>\n\t\t<\/section>\n\t\t\t\t<section class=\"elementor-section elementor-top-section elementor-element elementor-element-72fce95 elementor-section-boxed elementor-section-height-default elementor-section-height-default\" data-id=\"72fce95\" data-element_type=\"section\" data-e-type=\"section\">\n\t\t\t\t\t\t<div class=\"elementor-container elementor-column-gap-default\">\n\t\t\t\t\t<div class=\"elementor-column elementor-col-100 elementor-top-column elementor-element elementor-element-e345776\" data-id=\"e345776\" data-element_type=\"column\" data-e-type=\"column\">\n\t\t\t<div class=\"elementor-widget-wrap elementor-element-populated\">\n\t\t\t\t\t\t<div class=\"elementor-element elementor-element-4386857 elementor-widget elementor-widget-related-content-block\" data-id=\"4386857\" data-element_type=\"widget\" data-e-type=\"widget\" data-widget_type=\"related-content-block.default\">\n\t\t\t\t<div class=\"elementor-widget-container\">\n\t\t\t\t\t    \r\n      <div class=\"row\">\r\n          <div class=\"col\">\r\n              <div class=\"related-content\">\r\n                  <h2 >Tambi\u00e9n podr\u00eda interesarle<\/h2>\r\n\r\n                  <div class=\"row\">\r\n                      <div class=\"col-12 col-md-4 mb-3\">\r\n                          <div class=\"page page-1\">\r\n                              <div class=\"content-type\"><\/div>\r\n                              <div class=\"content-title\"><a href=\"https:\/\/plexusintl.com\/mx\/catalogo\/cqi-30-evaluacion-del-sistema-de-procesamiento-de-caucho-mezcla-y-moldeo\/\" class=\"cta\" >Entrenamiento en CQI-30<\/a><\/div>\r\n                              <div class=\"content-description\"><p >Descubra c\u00f3mo utilizar eficazmente las evaluaciones del sistema de procesamiento de caucho \u2013 Mezclado y Moldeado para evaluar el control y la gesti\u00f3n de sus procesos y entregar piezas y materiales de calidad, en estos m\u00f3dulos a distancia sobre la gu\u00eda CQI-30 de AIAG.<\/p><\/div>\r\n                          <\/div>\r\n                      <\/div>\r\n                      <div class=\"col-12 col-md-4 mb-3\">\r\n                          <div class=\"page page-2\">\r\n                              <div class=\"content-type\"><\/div>\r\n                              <div class=\"content-title\"><a href=\"https:\/\/plexusintl.com\/mx\/catalogo\/formacion-auditor-lider-iatf-169492016\/\" class=\"cta\" >Auditor L\u00edder IATF 16949:2016<\/a><\/div>\r\n                              <div class=\"content-description\"><p >La formaci\u00f3n de Auditor L\u00edder IATF 16949:2016 es un programa exclusivo de formaci\u00f3n de cinco d\u00edas, ofrecido por Plexus International en asociaci\u00f3n con el AIAG, constituye el m\u00e1s alto nivel de formaci\u00f3n disponible para los proveedores de la industria automotriz.<\/p><\/div>\r\n                          <\/div>\r\n                      <\/div>\r\n                      <div class=\"col-xs-12 col-md-4 mb-3\">\r\n                          <div class=\"page page-3\">\r\n                              <div class=\"content-type\"><\/div>\r\n                              <div class=\"content-title\"><a href=\"https:\/\/plexusintl.com\/mx\/catalogo\/fundamentos-de-aiag-core-tools-spc-msa-fmea-cp-apqp-y-ppap\/\" class=\"cta\" >Fundamentos de AIAG Core Tools<\/a><\/div>\r\n                              <div class=\"content-description\"><p >La implementaci\u00f3n exitosa de las Core Tools de AIAG (APQP \/ PPAP, FMEA, MSA y SPC) dentro de su organizaci\u00f3n requiere una toma de conciencia y la comprensi\u00f3n del alcance y el contenido de estos documentos. Se espera que las organizaciones de proveedores demuestren que han implementado las Core Tools para lograr la certificaci\u00f3n IATF 16949 <\/p><\/div>\r\n                          <\/div>\r\n                      <\/div>\r\n                  <\/div>\r\n              <\/div>\r\n          <\/div>\r\n      <\/div>\r\n    \t\t\t\t<\/div>\n\t\t\t\t<\/div>\n\t\t\t\t\t<\/div>\n\t\t<\/div>\n\t\t\t\t\t<\/div>\n\t\t<\/section>\n\t\t\t\t<\/div>\n\t\t","protected":false},"excerpt":{"rendered":"<p>Procesos especiales y otros CQIs&nbsp;&bull;&nbsp;Publicaci\u00f3n CQI-30 Proceso especial: Evaluaci\u00f3n del sistema de procesamiento de caucho &#8211; Mezclado y moldeado 1.\u00aa edici\u00f3n. Desarrollado en colaboraci\u00f3n con expertos de la industria de OEMs, proveedores de Tier 1 y proveedores de moldeo, el proceso especial CQI-30: Evaluaci\u00f3n del sistema de procesamiento de caucho &#8211; Mezcla y moldeo proporciona&#8230;<\/p>\n","protected":false},"author":10,"featured_media":0,"parent":87,"menu_order":0,"comment_status":"closed","ping_status":"closed","template":"","meta":{"footnotes":"","_wp_rev_ctl_limit":""},"class_list":["post-6742","page","type-page","status-publish","hentry"],"_links":{"self":[{"href":"https:\/\/plexusintl.com\/mx\/wp-json\/wp\/v2\/pages\/6742","targetHints":{"allow":["GET"]}}],"collection":[{"href":"https:\/\/plexusintl.com\/mx\/wp-json\/wp\/v2\/pages"}],"about":[{"href":"https:\/\/plexusintl.com\/mx\/wp-json\/wp\/v2\/types\/page"}],"author":[{"embeddable":true,"href":"https:\/\/plexusintl.com\/mx\/wp-json\/wp\/v2\/users\/10"}],"replies":[{"embeddable":true,"href":"https:\/\/plexusintl.com\/mx\/wp-json\/wp\/v2\/comments?post=6742"}],"version-history":[{"count":14,"href":"https:\/\/plexusintl.com\/mx\/wp-json\/wp\/v2\/pages\/6742\/revisions"}],"predecessor-version":[{"id":6769,"href":"https:\/\/plexusintl.com\/mx\/wp-json\/wp\/v2\/pages\/6742\/revisions\/6769"}],"up":[{"embeddable":true,"href":"https:\/\/plexusintl.com\/mx\/wp-json\/wp\/v2\/pages\/87"}],"wp:attachment":[{"href":"https:\/\/plexusintl.com\/mx\/wp-json\/wp\/v2\/media?parent=6742"}],"curies":[{"name":"wp","href":"https:\/\/api.w.org\/{rel}","templated":true}]}}