{"id":7160,"date":"2023-06-28T17:31:03","date_gmt":"2023-06-28T22:31:03","guid":{"rendered":"https:\/\/plexusintl.com\/mx\/?page_id=7160"},"modified":"2023-06-28T17:31:22","modified_gmt":"2023-06-28T22:31:22","slug":"descarga-diagrama-de-tortuga","status":"publish","type":"page","link":"https:\/\/plexusintl.com\/mx\/descarga-diagrama-de-tortuga\/","title":{"rendered":"Descarga Diagrama de Tortuga"},"content":{"rendered":"\t\t<div data-elementor-type=\"wp-page\" data-elementor-id=\"7160\" class=\"elementor elementor-7160\" data-elementor-post-type=\"page\">\n\t\t\t\t\t\t<section class=\"elementor-section elementor-top-section elementor-element elementor-element-78469b6c elementor-section-boxed elementor-section-height-default elementor-section-height-default\" data-id=\"78469b6c\" data-element_type=\"section\" data-e-type=\"section\">\n\t\t\t\t\t\t<div class=\"elementor-container elementor-column-gap-default\">\n\t\t\t\t\t<div class=\"elementor-column elementor-col-100 elementor-top-column elementor-element elementor-element-33c19754\" data-id=\"33c19754\" data-element_type=\"column\" data-e-type=\"column\">\n\t\t\t<div class=\"elementor-widget-wrap elementor-element-populated\">\n\t\t\t\t\t\t<div class=\"elementor-element elementor-element-20cd3050 elementor-widget elementor-widget-text-editor\" data-id=\"20cd3050\" data-element_type=\"widget\" data-e-type=\"widget\" data-widget_type=\"text-editor.default\">\n\t\t\t\t<div class=\"elementor-widget-container\">\n\t\t\t\t\t\t\t\t\tActive\t\t\t\t\t\t\t\t<\/div>\n\t\t\t\t<\/div>\n\t\t\t\t\t<\/div>\n\t\t<\/div>\n\t\t\t\t\t<\/div>\n\t\t<\/section>\n\t\t\t\t<section class=\"elementor-section elementor-top-section elementor-element elementor-element-0474219 elementor-section-boxed elementor-section-height-default elementor-section-height-default\" data-id=\"0474219\" data-element_type=\"section\" data-e-type=\"section\">\n\t\t\t\t\t\t<div class=\"elementor-container elementor-column-gap-default\">\n\t\t\t\t\t<div class=\"elementor-column elementor-col-100 elementor-top-column elementor-element elementor-element-7c5a585\" data-id=\"7c5a585\" data-element_type=\"column\" data-e-type=\"column\">\n\t\t\t<div class=\"elementor-widget-wrap elementor-element-populated\">\n\t\t\t\t\t\t<div class=\"elementor-element elementor-element-12a8d44 elementor-widget elementor-widget-text-editor\" data-id=\"12a8d44\" data-element_type=\"widget\" data-e-type=\"widget\" data-widget_type=\"text-editor.default\">\n\t\t\t\t<div class=\"elementor-widget-container\">\n\t\t\t\t\t\t\t\t\t<h1 style=\"text-align: center;\"><span style=\"color: #4d6995;\"><strong>\u00a1Gracias!<\/strong><\/span><\/h1><p style=\"text-align: center;\">Env\u00edo completo. La Plantilla Diagrama de Tortuga<br \/>est\u00e1 lista para descargar. Haz clic en el enlace a continuaci\u00f3n para descargar.<\/p><p style=\"text-align: center;\"><strong><a href=\"https:\/\/mx-wp-cdn.plexusintl.com\/wp-content\/uploads\/2023\/06\/14132205\/DIAGRAMA-DE-TORTUGA-Plexus-International-2023.pdf\">Plantilla Diagrama de Tortuga<\/a><\/strong><\/p><p style=\"text-align: center;\">\u00a0<\/p>\t\t\t\t\t\t\t\t<\/div>\n\t\t\t\t<\/div>\n\t\t\t\t\t<\/div>\n\t\t<\/div>\n\t\t\t\t\t<\/div>\n\t\t<\/section>\n\t\t\t\t<\/div>\n\t\t","protected":false},"excerpt":{"rendered":"<p>Active \u00a1Gracias! Env\u00edo completo. La Plantilla Diagrama de Tortugaest\u00e1 lista para descargar. Haz clic en el enlace a continuaci\u00f3n para descargar. Plantilla Diagrama de Tortuga \u00a0<\/p>\n","protected":false},"author":10,"featured_media":0,"parent":0,"menu_order":0,"comment_status":"closed","ping_status":"closed","template":"","meta":{"footnotes":"","_wp_rev_ctl_limit":""},"class_list":["post-7160","page","type-page","status-publish","hentry"],"_links":{"self":[{"href":"https:\/\/plexusintl.com\/mx\/wp-json\/wp\/v2\/pages\/7160","targetHints":{"allow":["GET"]}}],"collection":[{"href":"https:\/\/plexusintl.com\/mx\/wp-json\/wp\/v2\/pages"}],"about":[{"href":"https:\/\/plexusintl.com\/mx\/wp-json\/wp\/v2\/types\/page"}],"author":[{"embeddable":true,"href":"https:\/\/plexusintl.com\/mx\/wp-json\/wp\/v2\/users\/10"}],"replies":[{"embeddable":true,"href":"https:\/\/plexusintl.com\/mx\/wp-json\/wp\/v2\/comments?post=7160"}],"version-history":[{"count":3,"href":"https:\/\/plexusintl.com\/mx\/wp-json\/wp\/v2\/pages\/7160\/revisions"}],"predecessor-version":[{"id":7164,"href":"https:\/\/plexusintl.com\/mx\/wp-json\/wp\/v2\/pages\/7160\/revisions\/7164"}],"wp:attachment":[{"href":"https:\/\/plexusintl.com\/mx\/wp-json\/wp\/v2\/media?parent=7160"}],"curies":[{"name":"wp","href":"https:\/\/api.w.org\/{rel}","templated":true}]}}