{"id":75,"date":"2020-06-22T23:47:06","date_gmt":"2020-06-22T18:47:06","guid":{"rendered":"https:\/\/plexusintl.com\/?page_id=75"},"modified":"2024-02-06T21:08:45","modified_gmt":"2024-02-07T02:08:45","slug":"acerca-de-nosotros","status":"publish","type":"page","link":"https:\/\/plexusintl.com\/mx\/acerca-de-nosotros\/","title":{"rendered":"Acerca de nosotros"},"content":{"rendered":"\t\t<div data-elementor-type=\"wp-page\" data-elementor-id=\"75\" class=\"elementor elementor-75\" data-elementor-post-type=\"page\">\n\t\t\t\t\t\t<section class=\"elementor-section elementor-top-section elementor-element elementor-element-8a2adff elementor-section-boxed elementor-section-height-default elementor-section-height-default\" data-id=\"8a2adff\" data-element_type=\"section\" data-e-type=\"section\">\n\t\t\t\t\t\t<div class=\"elementor-container elementor-column-gap-default\">\n\t\t\t\t\t<div class=\"elementor-column elementor-col-100 elementor-top-column elementor-element elementor-element-c58a312\" data-id=\"c58a312\" data-element_type=\"column\" data-e-type=\"column\">\n\t\t\t<div class=\"elementor-widget-wrap elementor-element-populated\">\n\t\t\t\t\t\t<div class=\"elementor-element elementor-element-26cee2f elementor-widget elementor-widget-lead-text-block\" data-id=\"26cee2f\" data-element_type=\"widget\" data-e-type=\"widget\" data-widget_type=\"lead-text-block.default\">\n\t\t\t\t<div class=\"elementor-widget-container\">\n\t\t\t\t\t    <p class=\"lead-text\">Plexus International <b>Acerca de nosotros<\/b><\/p>\r\n    \t\t\t\t<\/div>\n\t\t\t\t<\/div>\n\t\t\t\t<section class=\"elementor-section elementor-inner-section elementor-element elementor-element-e6f1304 elementor-section-boxed elementor-section-height-default elementor-section-height-default\" data-id=\"e6f1304\" data-element_type=\"section\" data-e-type=\"section\">\n\t\t\t\t\t\t<div class=\"elementor-container elementor-column-gap-default\">\n\t\t\t\t\t<div class=\"elementor-column elementor-col-50 elementor-inner-column elementor-element elementor-element-fb185ff\" data-id=\"fb185ff\" data-element_type=\"column\" data-e-type=\"column\">\n\t\t\t<div class=\"elementor-widget-wrap elementor-element-populated\">\n\t\t\t\t\t\t<div class=\"elementor-element elementor-element-56cdde8 elementor-widget elementor-widget-text-editor\" data-id=\"56cdde8\" data-element_type=\"widget\" data-e-type=\"widget\" data-widget_type=\"text-editor.default\">\n\t\t\t\t<div class=\"elementor-widget-container\">\n\t\t\t\t\t\t\t\t\t<p>Plexus International es un l\u00edder mundial en la proveedur\u00eda especializada de soluciones integrales de capacitaci\u00f3n, consultor\u00eda, evaluaci\u00f3n y aplicaciones de software a organizaciones de la cadena de suministro de global que buscan soluciones sostenibles y transformadoras que empoderen a su organizaci\u00f3n hoy y con vista al futuro. Plexus valora cada interacci\u00f3n con nuestros clientes y se compromete a fomentar y expandir el conocimiento de cada organizaci\u00f3n con la que trabajamos desarrollando una comprensi\u00f3n profunda de los objetivos y metas comerciales subyacentes.<\/p><p>Dise\u00f1amos, desarrollamos y entregamos nuestras soluciones en una variedad de formatos de organizaciones, grandes o peque\u00f1as en una amplia gama de industrias. Contamos con un equipo interno de desarrolladores experimentados para proporcionar servicios de desarrollo de software y aplicaciones que satisfagan las necesidades \u00fanicas de los procesos y objetivos de su organizaci\u00f3n. Durante m\u00e1s de 20 a\u00f1os, Plexus ha trabajado en estrecha colaboraci\u00f3n con asociaciones que representan a diversas industrias, entre las que se incluyen: aeroespacial, automotriz, gesti\u00f3n ambiental, atenci\u00f3n m\u00e9dica, educaci\u00f3n superior y gesti\u00f3n de laboratorios. Como resultado de nuestras relaciones de colaboraci\u00f3n con OEM, proveedores y asociaciones de la industria como AIAG, IAQG e IATF, hemos obtenido una visi\u00f3n \u00fanica de las expectativas de rendimiento de toda la industria, aprovechando esa informaci\u00f3n para maximizar el valor que ofrecemos a nuestros clientes.<\/p>\t\t\t\t\t\t\t\t<\/div>\n\t\t\t\t<\/div>\n\t\t\t\t<div class=\"elementor-element elementor-element-363fa91 elementor-widget elementor-widget-text-editor\" data-id=\"363fa91\" data-element_type=\"widget\" data-e-type=\"widget\" data-widget_type=\"text-editor.default\">\n\t\t\t\t<div class=\"elementor-widget-container\">\n\t\t\t\t\t\t\t\t\t<p><a class=\"doc\" href=\"\/mx\/acerca-de-nosotros\/nuestra-historia\/\">Con\u00f3zca m\u00e1s acerca de nuestra historia<\/a><\/p>\t\t\t\t\t\t\t\t<\/div>\n\t\t\t\t<\/div>\n\t\t\t\t<div class=\"elementor-element elementor-element-ce05e95 elementor-widget elementor-widget-spacer\" data-id=\"ce05e95\" data-element_type=\"widget\" data-e-type=\"widget\" data-widget_type=\"spacer.default\">\n\t\t\t\t<div class=\"elementor-widget-container\">\n\t\t\t\t\t\t\t<div class=\"elementor-spacer\">\n\t\t\t<div class=\"elementor-spacer-inner\"><\/div>\n\t\t<\/div>\n\t\t\t\t\t\t<\/div>\n\t\t\t\t<\/div>\n\t\t\t\t\t<\/div>\n\t\t<\/div>\n\t\t\t\t<div class=\"elementor-column elementor-col-50 elementor-inner-column elementor-element elementor-element-eaad2be\" data-id=\"eaad2be\" data-element_type=\"column\" data-e-type=\"column\">\n\t\t\t<div class=\"elementor-widget-wrap elementor-element-populated\">\n\t\t\t\t\t\t<div class=\"elementor-element elementor-element-d6d7745 elementor-widget elementor-widget-image\" data-id=\"d6d7745\" data-element_type=\"widget\" data-e-type=\"widget\" data-widget_type=\"image.default\">\n\t\t\t\t<div class=\"elementor-widget-container\">\n\t\t\t\t\t\t\t\t\t\t\t\t\t\t\t<img fetchpriority=\"high\" decoding=\"async\" width=\"1024\" height=\"931\" src=\"https:\/\/mx-wp-cdn.plexusintl.com\/wp-content\/uploads\/2020\/07\/14132257\/industry-sectors-diagram-4d6995-icons-1024x931.png\" class=\"attachment-large size-large wp-image-1496\" alt=\"industries served infographic\" srcset=\"https:\/\/mx-wp-cdn.plexusintl.com\/wp-content\/uploads\/2020\/07\/14132257\/industry-sectors-diagram-4d6995-icons-1024x931.png 1024w, https:\/\/mx-wp-cdn.plexusintl.com\/wp-content\/uploads\/2020\/07\/14132257\/industry-sectors-diagram-4d6995-icons-300x273.png 300w, https:\/\/mx-wp-cdn.plexusintl.com\/wp-content\/uploads\/2020\/07\/14132257\/industry-sectors-diagram-4d6995-icons-768x698.png 768w, https:\/\/mx-wp-cdn.plexusintl.com\/wp-content\/uploads\/2020\/07\/14132257\/industry-sectors-diagram-4d6995-icons.png 1125w\" sizes=\"(max-width: 1024px) 100vw, 1024px\" \/>\t\t\t\t\t\t\t\t\t\t\t\t\t\t\t<\/div>\n\t\t\t\t<\/div>\n\t\t\t\t\t<\/div>\n\t\t<\/div>\n\t\t\t\t\t<\/div>\n\t\t<\/section>\n\t\t\t\t\t<\/div>\n\t\t<\/div>\n\t\t\t\t\t<\/div>\n\t\t<\/section>\n\t\t\t\t<section class=\"elementor-section elementor-top-section elementor-element elementor-element-3bc6abd elementor-section-boxed elementor-section-height-default elementor-section-height-default\" data-id=\"3bc6abd\" data-element_type=\"section\" data-e-type=\"section\">\n\t\t\t\t\t\t<div class=\"elementor-container elementor-column-gap-default\">\n\t\t\t\t\t<div class=\"elementor-column elementor-col-100 elementor-top-column elementor-element elementor-element-25dd322\" data-id=\"25dd322\" data-element_type=\"column\" data-e-type=\"column\">\n\t\t\t<div class=\"elementor-widget-wrap elementor-element-populated\">\n\t\t\t\t\t\t<div class=\"elementor-element elementor-element-ba1cd34 elementor-widget elementor-widget-heading\" data-id=\"ba1cd34\" data-element_type=\"widget\" data-e-type=\"widget\" data-widget_type=\"heading.default\">\n\t\t\t\t<div class=\"elementor-widget-container\">\n\t\t\t\t\t<h3 class=\"elementor-heading-title elementor-size-default\">Nuestra Misi\u00f3n.<\/h3>\t\t\t\t<\/div>\n\t\t\t\t<\/div>\n\t\t\t\t\t<\/div>\n\t\t<\/div>\n\t\t\t\t\t<\/div>\n\t\t<\/section>\n\t\t\t\t<section class=\"elementor-section elementor-top-section elementor-element elementor-element-0fad5d2 elementor-section-boxed elementor-section-height-default elementor-section-height-default\" data-id=\"0fad5d2\" data-element_type=\"section\" data-e-type=\"section\">\n\t\t\t\t\t\t<div class=\"elementor-container elementor-column-gap-default\">\n\t\t\t\t\t<div class=\"elementor-column elementor-col-100 elementor-top-column elementor-element elementor-element-5f87e5d\" data-id=\"5f87e5d\" data-element_type=\"column\" data-e-type=\"column\">\n\t\t\t<div class=\"elementor-widget-wrap elementor-element-populated\">\n\t\t\t\t\t\t<div class=\"elementor-element elementor-element-c066532 elementor-widget elementor-widget-text-editor\" data-id=\"c066532\" data-element_type=\"widget\" data-e-type=\"widget\" data-widget_type=\"text-editor.default\">\n\t\t\t\t<div class=\"elementor-widget-container\">\n\t\t\t\t\t\t\t\t\t<p>En un entorno tecnol\u00f3gicamente avanzado y responsable, ofrecemos productos y servicios flexibles, \u00e1giles, efectivos y eficientes que brindan una experiencia excepcional y mejoran el rendimiento de nuestros clientes y partes interesadas.<\/p>\t\t\t\t\t\t\t\t<\/div>\n\t\t\t\t<\/div>\n\t\t\t\t<div class=\"elementor-element elementor-element-7cee35a elementor-widget elementor-widget-heading\" data-id=\"7cee35a\" data-element_type=\"widget\" data-e-type=\"widget\" data-widget_type=\"heading.default\">\n\t\t\t\t<div class=\"elementor-widget-container\">\n\t\t\t\t\t<h3 class=\"elementor-heading-title elementor-size-default\">Nuestra Visi\u00f3n.<\/h3>\t\t\t\t<\/div>\n\t\t\t\t<\/div>\n\t\t\t\t\t<\/div>\n\t\t<\/div>\n\t\t\t\t\t<\/div>\n\t\t<\/section>\n\t\t\t\t<section class=\"elementor-section elementor-top-section elementor-element elementor-element-897868c elementor-section-boxed elementor-section-height-default elementor-section-height-default\" data-id=\"897868c\" data-element_type=\"section\" data-e-type=\"section\">\n\t\t\t\t\t\t<div class=\"elementor-container elementor-column-gap-default\">\n\t\t\t\t\t<div class=\"elementor-column elementor-col-100 elementor-top-column elementor-element elementor-element-47b8b1f\" data-id=\"47b8b1f\" data-element_type=\"column\" data-e-type=\"column\">\n\t\t\t<div class=\"elementor-widget-wrap elementor-element-populated\">\n\t\t\t\t\t\t<div class=\"elementor-element elementor-element-5eb6c51 elementor-widget elementor-widget-text-editor\" data-id=\"5eb6c51\" data-element_type=\"widget\" data-e-type=\"widget\" data-widget_type=\"text-editor.default\">\n\t\t\t\t<div class=\"elementor-widget-container\">\n\t\t\t\t\t\t\t\t\t<p>Somos una organizaci\u00f3n global y responsable cuyos servicios y tecnolog\u00eda propician decisiones m\u00e1s sabias y el \u00e9xito de todos nuestros clientes y partes interesadas.<\/p>\t\t\t\t\t\t\t\t<\/div>\n\t\t\t\t<\/div>\n\t\t\t\t<div class=\"elementor-element elementor-element-505623d elementor-widget elementor-widget-heading\" data-id=\"505623d\" data-element_type=\"widget\" data-e-type=\"widget\" data-widget_type=\"heading.default\">\n\t\t\t\t<div class=\"elementor-widget-container\">\n\t\t\t\t\t<h3 class=\"elementor-heading-title elementor-size-default\">Nuestros Valores.<\/h3>\t\t\t\t<\/div>\n\t\t\t\t<\/div>\n\t\t\t\t<div class=\"elementor-element elementor-element-fd0f7cf elementor-widget elementor-widget-text-editor\" data-id=\"fd0f7cf\" data-element_type=\"widget\" data-e-type=\"widget\" data-widget_type=\"text-editor.default\">\n\t\t\t\t<div class=\"elementor-widget-container\">\n\t\t\t\t\t\t\t\t\t<ul><li><strong>Enfoque a nuestros clientes y partes interesadas<\/strong> &#8211; Trabajamos en equipo para satisfacer las necesidades expresadas y percibidas de todos nuestros clientes y partes interesadas.<\/li><li><strong>Etica<\/strong> &#8211; Mantenemos una actitud de transparencia, integridad y respeto con todas nuestras partes interesadas.<\/li><li><strong>Responsabilidad<\/strong> &#8211; Estamos comprometidos a cumplir de forma correcta y eficiente nuestras obligaciones, asumiendo las consecuencias<br \/>de nuestras acciones y de los recursos asignados.<\/li><li><strong>Bienestar<\/strong> &#8211; Trabajamos en un entorno cuyas condiciones f\u00edsicas y mentales proporcionan un sentimiento de satisfacci\u00f3n, seguridad y tranquilidad a todos nuestros colaboradores y clientes que participan en nuestros servicios.<\/li><li><strong>Sustentabilidad<\/strong> &#8211; Somos conscientes y tomamos acci\u00f3n para que nuestros servicios y lo que hacemos dentro y fuera de nuestro trabajo contribuya positivamente al medio ambiente.<\/li><li><strong>Liderazgo<\/strong> &#8211; Motivamos y guiamos de forma positiva a los equipos de trabajo para contribuir al logro de nuestros objetivos, generando conocimiento y confianza en las personas, asumiendo las responsabilidades asignadas.<\/li><li><strong>Flexibilidad y Agilidad<\/strong> &#8211; Respondemos oportunamente y nos adaptamos a las necesidades internas y externas y a cualquier cambio en nuestro entorno y contexto.<\/li><li><strong>Innovaci\u00f3n<\/strong> &#8211; Somos creativos; experimentamos y buscamos implementar cambios y mejores maneras para abordar nuestras necesidades y retos, internos y externos.<\/li><li><strong>Mejora continua<\/strong> &#8211; Mediante el an\u00e1lisis de datos, identificamos oportunidades para mejorar nuestros procesos y la manera como<br \/>suministramos nuestros productos y servicios y tomamos acci\u00f3n, incrementando nuestra capacidad para evolucionar, adaptarnos y<br \/>competir.<\/li><\/ul>\t\t\t\t\t\t\t\t<\/div>\n\t\t\t\t<\/div>\n\t\t\t\t<div class=\"elementor-element elementor-element-7b43776 elementor-widget elementor-widget-heading\" data-id=\"7b43776\" data-element_type=\"widget\" data-e-type=\"widget\" data-widget_type=\"heading.default\">\n\t\t\t\t<div class=\"elementor-widget-container\">\n\t\t\t\t\t<h3 class=\"elementor-heading-title elementor-size-default\">Los cuatro pilares del crecimiento sostenido de nuestra organizaci\u00f3n:<\/h3>\t\t\t\t<\/div>\n\t\t\t\t<\/div>\n\t\t\t\t<div class=\"elementor-element elementor-element-a96b8cc elementor-widget elementor-widget-text-editor\" data-id=\"a96b8cc\" data-element_type=\"widget\" data-e-type=\"widget\" data-widget_type=\"text-editor.default\">\n\t\t\t\t<div class=\"elementor-widget-container\">\n\t\t\t\t\t\t\t\t\t<ol><li><span style=\"color: #000080;\"><strong>Sustentabilidad<\/strong><\/span>. Adem\u00e1s de estar comprometidos con la educaci\u00f3n y la mejora continua de la industria, estamos comprometidos con la conservaci\u00f3n del medio ambiente, desde hace a\u00f1os hemos trabajado todos los d\u00edas para hacer frente a la crisis ambiental\u00a0 que pone en peligro a nuestro planeta.<\/li><li><strong><span style=\"color: #000080;\">Nuestros Clientes y Partes Interesadas<\/span><\/strong><em><strong>. <\/strong><\/em>Estamos dedicados a proveer servicios excepcionales a nuestros clientes y partes interesadas, basados en una escucha atenta y comprensiva de sus necesidades. Nos comprometemos a ofrecer soluciones que superen sus expectativas, y que los ayuden a cumplir sus objetivos.<\/li><li><span style=\"color: #000080;\"><strong>Nuestra Gente<\/strong><\/span>. Buscamos el bienestar de todos nuestros colaboradores, creando condiciones que faciliten un entorno de trabajo que propicie la diversidad, igualdad e inclusi\u00f3n buscando siempre el desarrollo integral y crecimiento laboral de nuestro personal.<\/li><li><span style=\"color: #000080;\"><strong>Tecnolog\u00eda<\/strong><\/span>. En el desarrollo de nuestro trabajo y la prestaci\u00f3n de nuestros servicios incorporamos las m\u00e1s recientes herramientas tecnol\u00f3gicas que nos permitan mejorar nuestra eficiencia, y mejorar la experiencia de nuestros clientes.<\/li><\/ol>\t\t\t\t\t\t\t\t<\/div>\n\t\t\t\t<\/div>\n\t\t\t\t<div class=\"elementor-element elementor-element-766f257 elementor-widget elementor-widget-heading\" data-id=\"766f257\" data-element_type=\"widget\" data-e-type=\"widget\" data-widget_type=\"heading.default\">\n\t\t\t\t<div class=\"elementor-widget-container\">\n\t\t\t\t\t<h3 class=\"elementor-heading-title elementor-size-default\">Nuestro Trabajo<\/h3>\t\t\t\t<\/div>\n\t\t\t\t<\/div>\n\t\t\t\t\t<\/div>\n\t\t<\/div>\n\t\t\t\t\t<\/div>\n\t\t<\/section>\n\t\t\t\t<section class=\"elementor-section elementor-top-section elementor-element elementor-element-58f3123 elementor-section-boxed elementor-section-height-default elementor-section-height-default\" data-id=\"58f3123\" data-element_type=\"section\" data-e-type=\"section\">\n\t\t\t\t\t\t<div class=\"elementor-container elementor-column-gap-default\">\n\t\t\t\t\t<div class=\"elementor-column elementor-col-100 elementor-top-column elementor-element elementor-element-44557d7\" data-id=\"44557d7\" data-element_type=\"column\" data-e-type=\"column\">\n\t\t\t<div class=\"elementor-widget-wrap elementor-element-populated\">\n\t\t\t\t\t\t<div class=\"elementor-element elementor-element-52a4729 elementor-widget elementor-widget-text-editor\" data-id=\"52a4729\" data-element_type=\"widget\" data-e-type=\"widget\" data-widget_type=\"text-editor.default\">\n\t\t\t\t<div class=\"elementor-widget-container\">\n\t\t\t\t\t\t\t\t\t<p>Plexus trabaja con organizaciones l\u00edderes de la industria en todo el mundo para implementar sistemas de gesti\u00f3n de integraci\u00f3n, mejorar la calidad, refinar el proceso de desarrollo de productos y mucho m\u00e1s. A trav\u00e9s de nuestras asociaciones de larga data con asociaciones de la industria y organismos de supervisi\u00f3n como el Grupo de Acci\u00f3n de la Industria Automotriz (AIAG), la Oficina de Supervisi\u00f3n Automotriz Internacional (IAOB), el Grupo de Calidad Aeroespacial Internacional (IAQG) y otros, hemos obtenido conocimientos de expertos. que aprovechamos para brindarle el m\u00e1ximo valor.<\/p>\t\t\t\t\t\t\t\t<\/div>\n\t\t\t\t<\/div>\n\t\t\t\t<div class=\"elementor-element elementor-element-8ea1c76 elementor-widget elementor-widget-text-editor\" data-id=\"8ea1c76\" data-element_type=\"widget\" data-e-type=\"widget\" data-widget_type=\"text-editor.default\">\n\t\t\t\t<div class=\"elementor-widget-container\">\n\t\t\t\t\t\t\t\t\t<p>Con\u00f3zca m\u00e1s acerca de <a class=\"cta\" href=\"\/mx\/acerca-de-nosotros\/nuestro-trabajo\/\">nuestro trabajo<\/a><\/p>\t\t\t\t\t\t\t\t<\/div>\n\t\t\t\t<\/div>\n\t\t\t\t\t<\/div>\n\t\t<\/div>\n\t\t\t\t\t<\/div>\n\t\t<\/section>\n\t\t\t\t<section class=\"elementor-section elementor-top-section elementor-element elementor-element-ebce739 elementor-section-full_width elementor-section-height-default elementor-section-height-default\" data-id=\"ebce739\" data-element_type=\"section\" data-e-type=\"section\">\n\t\t\t\t\t\t<div class=\"elementor-container elementor-column-gap-default\">\n\t\t\t\t\t<div class=\"elementor-column elementor-col-100 elementor-top-column elementor-element elementor-element-3e911de\" data-id=\"3e911de\" data-element_type=\"column\" data-e-type=\"column\">\n\t\t\t<div class=\"elementor-widget-wrap elementor-element-populated\">\n\t\t\t\t\t\t<div class=\"elementor-element elementor-element-e603386 elementor-widget-divider--view-line elementor-widget elementor-widget-divider\" data-id=\"e603386\" data-element_type=\"widget\" data-e-type=\"widget\" data-widget_type=\"divider.default\">\n\t\t\t\t<div class=\"elementor-widget-container\">\n\t\t\t\t\t\t\t<div class=\"elementor-divider\">\n\t\t\t<span class=\"elementor-divider-separator\">\n\t\t\t\t\t\t<\/span>\n\t\t<\/div>\n\t\t\t\t\t\t<\/div>\n\t\t\t\t<\/div>\n\t\t\t\t\t<\/div>\n\t\t<\/div>\n\t\t\t\t\t<\/div>\n\t\t<\/section>\n\t\t\t\t<section class=\"elementor-section elementor-top-section elementor-element elementor-element-f7710db elementor-section-boxed elementor-section-height-default elementor-section-height-default\" data-id=\"f7710db\" data-element_type=\"section\" data-e-type=\"section\">\n\t\t\t\t\t\t<div class=\"elementor-container elementor-column-gap-default\">\n\t\t\t\t\t<div class=\"elementor-column elementor-col-100 elementor-top-column elementor-element elementor-element-f39a655\" data-id=\"f39a655\" data-element_type=\"column\" data-e-type=\"column\">\n\t\t\t<div class=\"elementor-widget-wrap elementor-element-populated\">\n\t\t\t\t\t\t<section class=\"elementor-section elementor-inner-section elementor-element elementor-element-bd885d7 elementor-section-boxed elementor-section-height-default elementor-section-height-default\" data-id=\"bd885d7\" data-element_type=\"section\" data-e-type=\"section\">\n\t\t\t\t\t\t<div class=\"elementor-container elementor-column-gap-default\">\n\t\t\t\t\t<div class=\"elementor-column elementor-col-66 elementor-inner-column elementor-element elementor-element-c061ed1\" data-id=\"c061ed1\" data-element_type=\"column\" data-e-type=\"column\">\n\t\t\t<div class=\"elementor-widget-wrap elementor-element-populated\">\n\t\t\t\t\t\t<div class=\"elementor-element elementor-element-380912a elementor-widget elementor-widget-image\" data-id=\"380912a\" data-element_type=\"widget\" data-e-type=\"widget\" data-widget_type=\"image.default\">\n\t\t\t\t<div class=\"elementor-widget-container\">\n\t\t\t\t\t\t\t\t\t\t\t\t\t\t\t<img decoding=\"async\" src=\"https:\/\/mx-wp-cdn.plexusintl.com\/wp-content\/uploads\/2021\/07\/14132226\/global-locations-map-2.jpg\" title=\"global-locations-map (2)\" alt=\"global-locations-map (2)\" loading=\"lazy\" \/>\t\t\t\t\t\t\t\t\t\t\t\t\t\t\t<\/div>\n\t\t\t\t<\/div>\n\t\t\t\t\t<\/div>\n\t\t<\/div>\n\t\t\t\t<div class=\"elementor-column elementor-col-33 elementor-inner-column elementor-element elementor-element-411a1c7\" data-id=\"411a1c7\" data-element_type=\"column\" data-e-type=\"column\">\n\t\t\t<div class=\"elementor-widget-wrap elementor-element-populated\">\n\t\t\t\t\t\t<div class=\"elementor-element elementor-element-2daacb2 elementor-widget elementor-widget-heading\" data-id=\"2daacb2\" data-element_type=\"widget\" data-e-type=\"widget\" data-widget_type=\"heading.default\">\n\t\t\t\t<div class=\"elementor-widget-container\">\n\t\t\t\t\t<h3 class=\"elementor-heading-title elementor-size-default\">Socios Internacionales Plexus<\/h3>\t\t\t\t<\/div>\n\t\t\t\t<\/div>\n\t\t\t\t<div class=\"elementor-element elementor-element-b907a4c elementor-widget elementor-widget-text-editor\" data-id=\"b907a4c\" data-element_type=\"widget\" data-e-type=\"widget\" data-widget_type=\"text-editor.default\">\n\t\t\t\t<div class=\"elementor-widget-container\">\n\t\t\t\t\t\t\t\t\t<p>Plexus International tiene 12 ubicaciones y socios en todo el mundo, que prestan servicios en muchas de las principales regiones de fabricaci\u00f3n e ingenier\u00eda. Encuentre uno de nuestros proveedores de servicios locales m\u00e1s cercano a usted.<\/p>\t\t\t\t\t\t\t\t<\/div>\n\t\t\t\t<\/div>\n\t\t\t\t<div class=\"elementor-element elementor-element-b0a1661 elementor-widget elementor-widget-text-editor\" data-id=\"b0a1661\" data-element_type=\"widget\" data-e-type=\"widget\" data-widget_type=\"text-editor.default\">\n\t\t\t\t<div class=\"elementor-widget-container\">\n\t\t\t\t\t\t\t\t\t<p style=\"text-align: justify;\"><a class=\"cta\" href=\"\/mx\/contactanos\/ubicaciones-globales\/\">Ubicaciones Internacionales<\/a><\/p>\t\t\t\t\t\t\t\t<\/div>\n\t\t\t\t<\/div>\n\t\t\t\t\t<\/div>\n\t\t<\/div>\n\t\t\t\t\t<\/div>\n\t\t<\/section>\n\t\t\t\t\t<\/div>\n\t\t<\/div>\n\t\t\t\t\t<\/div>\n\t\t<\/section>\n\t\t\t\t<\/div>\n\t\t","protected":false},"excerpt":{"rendered":"<p>Plexus International Acerca de nosotros Plexus International es un l\u00edder mundial en la proveedur\u00eda especializada de soluciones integrales de capacitaci\u00f3n, consultor\u00eda, evaluaci\u00f3n y aplicaciones de software a organizaciones de la cadena de suministro de global que buscan soluciones sostenibles y transformadoras que empoderen a su organizaci\u00f3n hoy y con vista al futuro. Plexus valora cada&#8230;<\/p>\n","protected":false},"author":1,"featured_media":0,"parent":0,"menu_order":0,"comment_status":"closed","ping_status":"closed","template":"","meta":{"footnotes":"","_wp_rev_ctl_limit":""},"class_list":["post-75","page","type-page","status-publish","hentry"],"_links":{"self":[{"href":"https:\/\/plexusintl.com\/mx\/wp-json\/wp\/v2\/pages\/75","targetHints":{"allow":["GET"]}}],"collection":[{"href":"https:\/\/plexusintl.com\/mx\/wp-json\/wp\/v2\/pages"}],"about":[{"href":"https:\/\/plexusintl.com\/mx\/wp-json\/wp\/v2\/types\/page"}],"author":[{"embeddable":true,"href":"https:\/\/plexusintl.com\/mx\/wp-json\/wp\/v2\/users\/1"}],"replies":[{"embeddable":true,"href":"https:\/\/plexusintl.com\/mx\/wp-json\/wp\/v2\/comments?post=75"}],"version-history":[{"count":69,"href":"https:\/\/plexusintl.com\/mx\/wp-json\/wp\/v2\/pages\/75\/revisions"}],"predecessor-version":[{"id":7375,"href":"https:\/\/plexusintl.com\/mx\/wp-json\/wp\/v2\/pages\/75\/revisions\/7375"}],"wp:attachment":[{"href":"https:\/\/plexusintl.com\/mx\/wp-json\/wp\/v2\/media?parent=75"}],"curies":[{"name":"wp","href":"https:\/\/api.w.org\/{rel}","templated":true}]}}