{"id":758,"date":"2020-07-08T00:36:51","date_gmt":"2020-07-07T19:36:51","guid":{"rendered":"https:\/\/plexusintl.com\/?page_id=758"},"modified":"2021-12-09T14:24:50","modified_gmt":"2021-12-09T19:24:50","slug":"iatf-16949-renovacion-de-certficacion-a-auditores-iatf-16949-del-iaob","status":"publish","type":"page","link":"https:\/\/plexusintl.com\/mx\/acerca-de-nosotros\/nuestro-trabajo\/iatf-16949-renovacion-de-certficacion-a-auditores-iatf-16949-del-iaob\/","title":{"rendered":"Caso de estudio de proceso de renovaci\u00f3n de certificaci\u00f3n a auditores IATF 16949 del IAOB"},"content":{"rendered":"\t\t<div data-elementor-type=\"wp-page\" data-elementor-id=\"758\" class=\"elementor elementor-758\" data-elementor-post-type=\"page\">\n\t\t\t\t\t\t<section class=\"elementor-section elementor-top-section elementor-element elementor-element-9224f73 elementor-section-boxed elementor-section-height-default elementor-section-height-default\" data-id=\"9224f73\" data-element_type=\"section\" data-e-type=\"section\">\n\t\t\t\t\t\t<div class=\"elementor-container elementor-column-gap-default\">\n\t\t\t\t\t<div class=\"elementor-column elementor-col-100 elementor-top-column elementor-element elementor-element-c97e20e\" data-id=\"c97e20e\" data-element_type=\"column\" data-e-type=\"column\">\n\t\t\t<div class=\"elementor-widget-wrap elementor-element-populated\">\n\t\t\t\t\t\t<div class=\"elementor-element elementor-element-18ad4e8 elementor-widget elementor-widget-banner-image\" data-id=\"18ad4e8\" data-element_type=\"widget\" data-e-type=\"widget\" data-widget_type=\"banner-image.default\">\n\t\t\t\t<div class=\"elementor-widget-container\">\n\t\t\t\t\t\t\t\t\t\t\t\t\t\t\t<img decoding=\"async\" src=\"https:\/\/mx-wp-cdn.plexusintl.com\/wp-content\/uploads\/2020\/07\/14132252\/iaob-iatf-auditor-case-study-banner.png\" title=\"iaob-iatf-auditor-case-study-banner\" alt=\"iaob-iatf-auditor-case-study-banner\" loading=\"lazy\" \/>\t\t\t\t\t\t\t\t\t\t\t\t\t\t\t<\/div>\n\t\t\t\t<\/div>\n\t\t\t\t\t<\/div>\n\t\t<\/div>\n\t\t\t\t\t<\/div>\n\t\t<\/section>\n\t\t\t\t<section class=\"elementor-section elementor-top-section elementor-element elementor-element-d131d4c elementor-section-boxed elementor-section-height-default elementor-section-height-default\" data-id=\"d131d4c\" data-element_type=\"section\" data-e-type=\"section\">\n\t\t\t\t\t\t<div class=\"elementor-container elementor-column-gap-default\">\n\t\t\t\t\t<div class=\"elementor-column elementor-col-100 elementor-top-column elementor-element elementor-element-cd9a736\" data-id=\"cd9a736\" data-element_type=\"column\" data-e-type=\"column\">\n\t\t\t<div class=\"elementor-widget-wrap elementor-element-populated\">\n\t\t\t\t\t\t<div class=\"elementor-element elementor-element-aac52b6 elementor-widget elementor-widget-heading\" data-id=\"aac52b6\" data-element_type=\"widget\" data-e-type=\"widget\" data-widget_type=\"heading.default\">\n\t\t\t\t<div class=\"elementor-widget-container\">\n\t\t\t\t\t<h1 class=\"elementor-heading-title elementor-size-default\">International Automotive Oversight Bureau (IAOB)<\/h1>\t\t\t\t<\/div>\n\t\t\t\t<\/div>\n\t\t\t\t\t<\/div>\n\t\t<\/div>\n\t\t\t\t\t<\/div>\n\t\t<\/section>\n\t\t\t\t<section class=\"elementor-section elementor-top-section elementor-element elementor-element-006916c elementor-section-boxed elementor-section-height-default elementor-section-height-default\" data-id=\"006916c\" data-element_type=\"section\" data-e-type=\"section\">\n\t\t\t\t\t\t<div class=\"elementor-container elementor-column-gap-default\">\n\t\t\t\t\t<div class=\"elementor-column elementor-col-100 elementor-top-column elementor-element elementor-element-dc3088e\" data-id=\"dc3088e\" data-element_type=\"column\" data-e-type=\"column\">\n\t\t\t<div class=\"elementor-widget-wrap elementor-element-populated\">\n\t\t\t\t\t\t<div class=\"elementor-element elementor-element-f601f25 elementor-widget elementor-widget-text-editor\" data-id=\"f601f25\" data-element_type=\"widget\" data-e-type=\"widget\" data-widget_type=\"text-editor.default\">\n\t\t\t\t<div class=\"elementor-widget-container\">\n\t\t\t\t\t\t\t\t\t<h3 class=\"lead-text\" style=\"text-align: center;\">Recalificaci\u00f3n y desarrollo continuo de la comunidad global de auditores IATF 16949<\/h3>\t\t\t\t\t\t\t\t<\/div>\n\t\t\t\t<\/div>\n\t\t\t\t\t<\/div>\n\t\t<\/div>\n\t\t\t\t\t<\/div>\n\t\t<\/section>\n\t\t\t\t<section class=\"elementor-section elementor-top-section elementor-element elementor-element-6c30148 elementor-section-boxed elementor-section-height-default elementor-section-height-default\" data-id=\"6c30148\" data-element_type=\"section\" data-e-type=\"section\">\n\t\t\t\t\t\t<div class=\"elementor-container elementor-column-gap-default\">\n\t\t\t\t\t<div class=\"elementor-column elementor-col-100 elementor-top-column elementor-element elementor-element-ec71a6e\" data-id=\"ec71a6e\" data-element_type=\"column\" data-e-type=\"column\">\n\t\t\t<div class=\"elementor-widget-wrap elementor-element-populated\">\n\t\t\t\t\t\t<div class=\"elementor-element elementor-element-ac66ee5 elementor-widget elementor-widget-text-editor\" data-id=\"ac66ee5\" data-element_type=\"widget\" data-e-type=\"widget\" data-widget_type=\"text-editor.default\">\n\t\t\t\t<div class=\"elementor-widget-container\">\n\t\t\t\t\t\t\t\t\t<p><strong>Capacidades involucradas:<\/strong> <a href=\"\/mx\/servicios\/software-y-desarrollo-de-aplicaciones\/\">Software y desarrollo de Aplicaciones<\/a> | <a title=\"Soluciones Integrales de Evaluaci\u00f3n\" href=\"\/mx\/servicios\/soluciones-integrales-de-evaluacion\/\">Soluciones Integrales de Evaluaci\u00f3n<\/a><\/p>\t\t\t\t\t\t\t\t<\/div>\n\t\t\t\t<\/div>\n\t\t\t\t\t<\/div>\n\t\t<\/div>\n\t\t\t\t\t<\/div>\n\t\t<\/section>\n\t\t\t\t<section class=\"elementor-section elementor-top-section elementor-element elementor-element-e67cd12 elementor-section-boxed elementor-section-height-default elementor-section-height-default\" data-id=\"e67cd12\" data-element_type=\"section\" data-e-type=\"section\">\n\t\t\t\t\t\t<div class=\"elementor-container elementor-column-gap-default\">\n\t\t\t\t\t<div class=\"elementor-column elementor-col-100 elementor-top-column elementor-element elementor-element-18e34ec\" data-id=\"18e34ec\" data-element_type=\"column\" data-e-type=\"column\">\n\t\t\t<div class=\"elementor-widget-wrap elementor-element-populated\">\n\t\t\t\t\t\t<div class=\"elementor-element elementor-element-1b1debc elementor-widget elementor-widget-text-editor\" data-id=\"1b1debc\" data-element_type=\"widget\" data-e-type=\"widget\" data-widget_type=\"text-editor.default\">\n\t\t\t\t<div class=\"elementor-widget-container\">\n\t\t\t\t\t\t\t\t\t<p>La IAOB (<a href=\"https:\/\/iaob.org\/\" target=\"_blank\" rel=\"noopener\">International Automotive Oversight Bureau<\/a>) es una de las cinco oficinas de supervisi\u00f3n global del International Automotive Task Force (IATF) que gestiona el sistema de auditor\u00eda de gesti\u00f3n de calidad de terceros que representa a m\u00e1s de 70.000 proveedores automotrices, 41 organismos de certificaci\u00f3n (CB) y m\u00e1s de 2.000 auditores en todo el mundo. Como parte de una iniciativa de 2007 para reducir costos y mejorar la consistencia global, la IATF busc\u00f3 un enfoque basado en la web para recalificar la comunidad global de auditores y apoyar el desarrollo continuo de auditores en el futuro.<\/p><p>La IAOB (en nombre de la IATF) ha estado trabajando con Plexus International desde 2008 para dise\u00f1ar, construir, implementar y continuar haciendo crecer esta soluci\u00f3n global conocida como Proceso de Desarrollo de Auditor de la IATF (ADP), que permite lo siguiente:<\/p><ul><li>Plataforma en l\u00ednea para el desarrollo colaborativo de capacitaci\u00f3n y evaluaci\u00f3n en la web<\/li><li>Asociaci\u00f3n de desarrollo de contenido entre los equipos de desarrollo de formaci\u00f3n global de IATF y los formadores \/ desarrolladores de Plexus<br \/>Sistema de gesti\u00f3n de traducciones para garantizar la alineaci\u00f3n y la coherencia en 13 idiomas.<\/li><li>Sistemas integrados de gesti\u00f3n de pagos y suscripciones en l\u00ednea<br \/>Programaci\u00f3n integrada de sesiones de evaluaci\u00f3n supervisadas a nivel mundial<\/li><li>Flujo de trabajo personalizado para respaldar el ciclo de vida completo del auditor (desde el registro inicial hasta la calificaci\u00f3n y m\u00e1s all\u00e1)<\/li><li>Seguimiento y gesti\u00f3n del desarrollo personal continuo (CPD) (incluidos los requisitos m\u00ednimos con flujos de trabajo de recordatorios)<\/li><li>Permisos administrativos detallados para m\u00faltiples partes interesadas (oficinas de supervisi\u00f3n, organismos de certificaci\u00f3n, lugares de evaluaci\u00f3n supervisados, etc.) que garantizan la confidencialidad y el cumplimiento de GDPR<\/li><\/ul>\t\t\t\t\t\t\t\t<\/div>\n\t\t\t\t<\/div>\n\t\t\t\t\t<\/div>\n\t\t<\/div>\n\t\t\t\t\t<\/div>\n\t\t<\/section>\n\t\t\t\t<section class=\"elementor-section elementor-top-section elementor-element elementor-element-e335248 elementor-section-boxed elementor-section-height-default elementor-section-height-default\" data-id=\"e335248\" data-element_type=\"section\" data-e-type=\"section\">\n\t\t\t\t\t\t<div class=\"elementor-container elementor-column-gap-default\">\n\t\t\t\t\t<div class=\"elementor-column elementor-col-100 elementor-top-column elementor-element elementor-element-76f3223\" data-id=\"76f3223\" data-element_type=\"column\" data-e-type=\"column\">\n\t\t\t<div class=\"elementor-widget-wrap elementor-element-populated\">\n\t\t\t\t\t\t<div class=\"elementor-element elementor-element-0a86d53 elementor-widget elementor-widget-related-content-block\" data-id=\"0a86d53\" data-element_type=\"widget\" data-e-type=\"widget\" data-widget_type=\"related-content-block.default\">\n\t\t\t\t<div class=\"elementor-widget-container\">\n\t\t\t\t\t    \r\n      <div class=\"row\">\r\n          <div class=\"col\">\r\n              <div class=\"related-content\">\r\n                  <h2 >Mas ejemplos de nuestro trabajo:<\/h2>\r\n\r\n                  <div class=\"row\">\r\n                      <div class=\"col-12 col-md-4 mb-3\">\r\n                          <div class=\"page page-1\">\r\n                              <div class=\"content-type\"><\/div>\r\n                              <div class=\"content-title\"><a href=\"\/mx\/acerca-de-nosotros\/nuestro-trabajo\/colaboracion-con-aiag\/\" class=\"cta\" >Automotive Industry Action Group (AIAG)<\/a><\/div>\r\n                              <div class=\"content-description\"><p >AIAG se ha asociado con Plexus International durante m\u00e1s de dos d\u00e9cadas para brindar capacitaci\u00f3n, evaluaci\u00f3n y soluciones basadas en software, incluido el software AIAG Core Tools Support \u2122 (CTS) lanzado recientemente.<\/p><\/div>\r\n                          <\/div>\r\n                      <\/div>\r\n                      <div class=\"col-12 col-md-4 mb-3\">\r\n                          <div class=\"page page-2\">\r\n                              <div class=\"content-type\"><\/div>\r\n                              <div class=\"content-title\"><a href=\"\/mx\/acerca-de-nosotros\/nuestro-trabajo\/iaqg-programa-de-calificacion-de-auuditores\/\" class=\"cta\" >IAQG | Programa de calificaci\u00f3n de auditores aeroespaciales<\/a><\/div>\r\n                              <div class=\"content-description\"><p >El International Aerospace Quality Group seleccion\u00f3 a Plexus para desarrollar una soluci\u00f3n basada en la web para la calificaci\u00f3n de auditores aeroespaciales en todo el mundo.<\/p><\/div>\r\n                          <\/div>\r\n                      <\/div>\r\n                      <div class=\"col-xs-12 col-md-4 mb-3\">\r\n                          <div class=\"page page-3\">\r\n                              <div class=\"content-type\"><\/div>\r\n                              <div class=\"content-title\"><a href=\"\/mx\/servicios\/software-y-desarrollo-de-aplicaciones\/\" class=\"cta\" >Desarrollo de Software y Aplicaciones<\/a><\/div>\r\n                              <div class=\"content-description\"><p >Plexus International ha desarrollado diversas soluciones de Software y aplicaciones para organizaciones clave <\/p><\/div>\r\n                          <\/div>\r\n                      <\/div>\r\n                  <\/div>\r\n              <\/div>\r\n          <\/div>\r\n      <\/div>\r\n    \t\t\t\t<\/div>\n\t\t\t\t<\/div>\n\t\t\t\t\t<\/div>\n\t\t<\/div>\n\t\t\t\t\t<\/div>\n\t\t<\/section>\n\t\t\t\t<\/div>\n\t\t","protected":false},"excerpt":{"rendered":"<p>International Automotive Oversight Bureau (IAOB) Recalificaci\u00f3n y desarrollo continuo de la comunidad global de auditores IATF 16949 Capacidades involucradas: Software y desarrollo de Aplicaciones | Soluciones Integrales de Evaluaci\u00f3n La IAOB (International Automotive Oversight Bureau) es una de las cinco oficinas de supervisi\u00f3n global del International Automotive Task Force (IATF) que gestiona el sistema de&#8230;<\/p>\n","protected":false},"author":1,"featured_media":0,"parent":78,"menu_order":0,"comment_status":"closed","ping_status":"closed","template":"","meta":{"footnotes":"","_wp_rev_ctl_limit":""},"class_list":["post-758","page","type-page","status-publish","hentry"],"_links":{"self":[{"href":"https:\/\/plexusintl.com\/mx\/wp-json\/wp\/v2\/pages\/758","targetHints":{"allow":["GET"]}}],"collection":[{"href":"https:\/\/plexusintl.com\/mx\/wp-json\/wp\/v2\/pages"}],"about":[{"href":"https:\/\/plexusintl.com\/mx\/wp-json\/wp\/v2\/types\/page"}],"author":[{"embeddable":true,"href":"https:\/\/plexusintl.com\/mx\/wp-json\/wp\/v2\/users\/1"}],"replies":[{"embeddable":true,"href":"https:\/\/plexusintl.com\/mx\/wp-json\/wp\/v2\/comments?post=758"}],"version-history":[{"count":18,"href":"https:\/\/plexusintl.com\/mx\/wp-json\/wp\/v2\/pages\/758\/revisions"}],"predecessor-version":[{"id":6173,"href":"https:\/\/plexusintl.com\/mx\/wp-json\/wp\/v2\/pages\/758\/revisions\/6173"}],"up":[{"embeddable":true,"href":"https:\/\/plexusintl.com\/mx\/wp-json\/wp\/v2\/pages\/78"}],"wp:attachment":[{"href":"https:\/\/plexusintl.com\/mx\/wp-json\/wp\/v2\/media?parent=758"}],"curies":[{"name":"wp","href":"https:\/\/api.w.org\/{rel}","templated":true}]}}