{"id":761,"date":"2020-07-08T00:37:41","date_gmt":"2020-07-07T19:37:41","guid":{"rendered":"https:\/\/plexusintl.com\/?page_id=761"},"modified":"2021-12-09T14:24:36","modified_gmt":"2021-12-09T19:24:36","slug":"iaqg-programa-de-calificacion-de-auuditores","status":"publish","type":"page","link":"https:\/\/plexusintl.com\/mx\/acerca-de-nosotros\/nuestro-trabajo\/iaqg-programa-de-calificacion-de-auuditores\/","title":{"rendered":"Caso de Estudio de calificaci\u00f3n de Auditores Aeroespaciales IAQG"},"content":{"rendered":"\t\t<div data-elementor-type=\"wp-page\" data-elementor-id=\"761\" class=\"elementor elementor-761\" data-elementor-post-type=\"page\">\n\t\t\t\t\t\t<section class=\"elementor-section elementor-top-section elementor-element elementor-element-37d947d elementor-section-boxed elementor-section-height-default elementor-section-height-default\" data-id=\"37d947d\" data-element_type=\"section\" data-e-type=\"section\">\n\t\t\t\t\t\t<div class=\"elementor-container elementor-column-gap-default\">\n\t\t\t\t\t<div class=\"elementor-column elementor-col-100 elementor-top-column elementor-element elementor-element-d4e1f90\" data-id=\"d4e1f90\" data-element_type=\"column\" data-e-type=\"column\">\n\t\t\t<div class=\"elementor-widget-wrap elementor-element-populated\">\n\t\t\t\t\t\t<div class=\"elementor-element elementor-element-7a0d1d3 elementor-widget elementor-widget-banner-image\" data-id=\"7a0d1d3\" data-element_type=\"widget\" data-e-type=\"widget\" data-widget_type=\"banner-image.default\">\n\t\t\t\t<div class=\"elementor-widget-container\">\n\t\t\t\t\t\t\t\t\t\t\t\t\t\t\t<img decoding=\"async\" src=\"https:\/\/mx-wp-cdn.plexusintl.com\/wp-content\/uploads\/2020\/07\/14132252\/iaqg-case-study-banner.png\" title=\"iaqg-case-study-banner\" alt=\"iaqg-case-study-banner\" loading=\"lazy\" \/>\t\t\t\t\t\t\t\t\t\t\t\t\t\t\t<\/div>\n\t\t\t\t<\/div>\n\t\t\t\t\t<\/div>\n\t\t<\/div>\n\t\t\t\t\t<\/div>\n\t\t<\/section>\n\t\t\t\t<section class=\"elementor-section elementor-top-section elementor-element elementor-element-2c028eb elementor-section-boxed elementor-section-height-default elementor-section-height-default\" data-id=\"2c028eb\" data-element_type=\"section\" data-e-type=\"section\">\n\t\t\t\t\t\t<div class=\"elementor-container elementor-column-gap-default\">\n\t\t\t\t\t<div class=\"elementor-column elementor-col-100 elementor-top-column elementor-element elementor-element-8b6c05b\" data-id=\"8b6c05b\" data-element_type=\"column\" data-e-type=\"column\">\n\t\t\t<div class=\"elementor-widget-wrap elementor-element-populated\">\n\t\t\t\t\t\t<div class=\"elementor-element elementor-element-d6383ce elementor-widget elementor-widget-heading\" data-id=\"d6383ce\" data-element_type=\"widget\" data-e-type=\"widget\" data-widget_type=\"heading.default\">\n\t\t\t\t<div class=\"elementor-widget-container\">\n\t\t\t\t\t<h2 class=\"elementor-heading-title elementor-size-default\">International Aerospace Quality Group (IAQG)<\/h2>\t\t\t\t<\/div>\n\t\t\t\t<\/div>\n\t\t\t\t\t<\/div>\n\t\t<\/div>\n\t\t\t\t\t<\/div>\n\t\t<\/section>\n\t\t\t\t<section class=\"elementor-section elementor-top-section elementor-element elementor-element-75ee125 elementor-section-boxed elementor-section-height-default elementor-section-height-default\" data-id=\"75ee125\" data-element_type=\"section\" data-e-type=\"section\">\n\t\t\t\t\t\t<div class=\"elementor-container elementor-column-gap-default\">\n\t\t\t\t\t<div class=\"elementor-column elementor-col-100 elementor-top-column elementor-element elementor-element-67f60d8\" data-id=\"67f60d8\" data-element_type=\"column\" data-e-type=\"column\">\n\t\t\t<div class=\"elementor-widget-wrap elementor-element-populated\">\n\t\t\t\t\t\t<div class=\"elementor-element elementor-element-9c83531 elementor-widget elementor-widget-text-editor\" data-id=\"9c83531\" data-element_type=\"widget\" data-e-type=\"widget\" data-widget_type=\"text-editor.default\">\n\t\t\t\t<div class=\"elementor-widget-container\">\n\t\t\t\t\t\t\t\t\t<h3 class=\"lead-text\" style=\"text-align: center;\">Programa de Certificaci\u00f3n de Auditores Aeroespaciales basado en la web<\/h3>\t\t\t\t\t\t\t\t<\/div>\n\t\t\t\t<\/div>\n\t\t\t\t\t<\/div>\n\t\t<\/div>\n\t\t\t\t\t<\/div>\n\t\t<\/section>\n\t\t\t\t<section class=\"elementor-section elementor-top-section elementor-element elementor-element-d836fc4 elementor-section-boxed elementor-section-height-default elementor-section-height-default\" data-id=\"d836fc4\" data-element_type=\"section\" data-e-type=\"section\">\n\t\t\t\t\t\t<div class=\"elementor-container elementor-column-gap-default\">\n\t\t\t\t\t<div class=\"elementor-column elementor-col-100 elementor-top-column elementor-element elementor-element-bbf8c5f\" data-id=\"bbf8c5f\" data-element_type=\"column\" data-e-type=\"column\">\n\t\t\t<div class=\"elementor-widget-wrap elementor-element-populated\">\n\t\t\t\t\t\t<div class=\"elementor-element elementor-element-fbe0db3 elementor-widget elementor-widget-text-editor\" data-id=\"fbe0db3\" data-element_type=\"widget\" data-e-type=\"widget\" data-widget_type=\"text-editor.default\">\n\t\t\t\t<div class=\"elementor-widget-container\">\n\t\t\t\t\t\t\t\t\t<p><strong>Capacidades utilizadas :<\/strong> <a href=\"\/mx\/servicios\/entrenamientos\/\">Alianzas para entrenamiento<\/a> | <a href=\"\/mx\/servicios\/software-y-desarrollo-de-aplicaciones\/\">Software y desarrollo de Aplicaciones<\/a> | <a href=\"\/mx\/servicios\/soluciones-integrales-de-evaluacion\/\">Soluciones Integradas de Evaluaci\u00f3n<\/a><\/p>\t\t\t\t\t\t\t\t<\/div>\n\t\t\t\t<\/div>\n\t\t\t\t\t<\/div>\n\t\t<\/div>\n\t\t\t\t\t<\/div>\n\t\t<\/section>\n\t\t\t\t<section class=\"elementor-section elementor-top-section elementor-element elementor-element-0a41c3b elementor-section-boxed elementor-section-height-default elementor-section-height-default\" data-id=\"0a41c3b\" data-element_type=\"section\" data-e-type=\"section\">\n\t\t\t\t\t\t<div class=\"elementor-container elementor-column-gap-default\">\n\t\t\t\t\t<div class=\"elementor-column elementor-col-100 elementor-top-column elementor-element elementor-element-7726e0c\" data-id=\"7726e0c\" data-element_type=\"column\" data-e-type=\"column\">\n\t\t\t<div class=\"elementor-widget-wrap elementor-element-populated\">\n\t\t\t\t\t\t<div class=\"elementor-element elementor-element-e710753 elementor-widget elementor-widget-text-editor\" data-id=\"e710753\" data-element_type=\"widget\" data-e-type=\"widget\" data-widget_type=\"text-editor.default\">\n\t\t\t\t<div class=\"elementor-widget-container\">\n\t\t\t\t\t\t\t\t\t<p>La <a title=\"IAQG\" href=\"https:\/\/iaqg.org\/\" target=\"_blank\" rel=\"noopener\"><u>IAQG<\/u><\/a> es una asociaci\u00f3n internacional sin fines de lucro que facilita la colaboraci\u00f3n entre empresas aeroespaciales y de defensa en todo el mundo para mejorar el rendimiento de la calidad y reducir los costos, incluso mediante el desarrollo y la promoci\u00f3n de est\u00e1ndares de sistemas de gesti\u00f3n de calidad y el sistema de certificaci\u00f3n de otras partes controladas por la industria. En 2009, la IAQG buscaba desarrollar una capacitaci\u00f3n de auditores estandarizada que pudiera ser implementada de manera uniforme por los proveedores de capacitaci\u00f3n en todo el mundo. IAQG se asoci\u00f3 con Plexus International para desarrollar un programa completo de calificaci\u00f3n de auditor que combin\u00f3 componentes en l\u00ednea y en el aula para maximizar las oportunidades de aprendizaje, mejorar la consistencia global y reducir costos.<\/p>\t\t\t\t\t\t\t\t<\/div>\n\t\t\t\t<\/div>\n\t\t\t\t\t<\/div>\n\t\t<\/div>\n\t\t\t\t\t<\/div>\n\t\t<\/section>\n\t\t\t\t<section class=\"elementor-section elementor-top-section elementor-element elementor-element-ced274b elementor-section-boxed elementor-section-height-default elementor-section-height-default\" data-id=\"ced274b\" data-element_type=\"section\" data-e-type=\"section\">\n\t\t\t\t\t\t<div class=\"elementor-container elementor-column-gap-default\">\n\t\t\t\t\t<div class=\"elementor-column elementor-col-100 elementor-top-column elementor-element elementor-element-7bd30ca\" data-id=\"7bd30ca\" data-element_type=\"column\" data-e-type=\"column\">\n\t\t\t<div class=\"elementor-widget-wrap elementor-element-populated\">\n\t\t\t\t\t\t<div class=\"elementor-element elementor-element-82efd26 elementor-widget elementor-widget-text-editor\" data-id=\"82efd26\" data-element_type=\"widget\" data-e-type=\"widget\" data-widget_type=\"text-editor.default\">\n\t\t\t\t<div class=\"elementor-widget-container\">\n\t\t\t\t\t\t\t\t\t<ul><li>Desarrollo de un plan de estudios de capacitaci\u00f3n combinado en el aula y en l\u00ednea, incluido el programa de &#8220;capacitaci\u00f3n para capacitadores&#8221;, basado en el modelo de aprendizaje Plexus<\/li><li>Desarrollo de evaluaciones en l\u00ednea que miden el desempe\u00f1o alineado con los objetivos de aprendizaje del aula.<\/li><li>Entrega de capacitaci\u00f3n en el aula en todo el mundo por socios internacionales calificados de Plexus<\/li><li>Plataforma en l\u00ednea para el desarrollo, la traducci\u00f3n y la implementaci\u00f3n global de capacitaci\u00f3n y evaluaciones en l\u00ednea en 10 idiomas<\/li><li>Sistemas integrados de programaci\u00f3n de aulas y pagos (que admiten m\u00faltiples proveedores de formaci\u00f3n global)<\/li><li>Soluci\u00f3n de supervisor remoto con el uso de c\u00e1mara web para reevaluaciones<\/li><\/ul>\t\t\t\t\t\t\t\t<\/div>\n\t\t\t\t<\/div>\n\t\t\t\t\t<\/div>\n\t\t<\/div>\n\t\t\t\t\t<\/div>\n\t\t<\/section>\n\t\t\t\t<section class=\"elementor-section elementor-top-section elementor-element elementor-element-cc1c2c6 elementor-section-boxed elementor-section-height-default elementor-section-height-default\" data-id=\"cc1c2c6\" data-element_type=\"section\" data-e-type=\"section\">\n\t\t\t\t\t\t<div class=\"elementor-container elementor-column-gap-default\">\n\t\t\t\t\t<div class=\"elementor-column elementor-col-100 elementor-top-column elementor-element elementor-element-ba85f1e\" data-id=\"ba85f1e\" data-element_type=\"column\" data-e-type=\"column\">\n\t\t\t<div class=\"elementor-widget-wrap elementor-element-populated\">\n\t\t\t\t\t\t<div class=\"elementor-element elementor-element-5be7065 elementor-widget elementor-widget-related-content-block\" data-id=\"5be7065\" data-element_type=\"widget\" data-e-type=\"widget\" data-widget_type=\"related-content-block.default\">\n\t\t\t\t<div class=\"elementor-widget-container\">\n\t\t\t\t\t    \r\n      <div class=\"row\">\r\n          <div class=\"col\">\r\n              <div class=\"related-content\">\r\n                  <h2 >M\u00e1s ejemplos de nuestro trabajo:<\/h2>\r\n\r\n                  <div class=\"row\">\r\n                      <div class=\"col-12 col-md-4 mb-3\">\r\n                          <div class=\"page page-1\">\r\n                              <div class=\"content-type\"><\/div>\r\n                              <div class=\"content-title\"><a href=\"\/mx\/acerca-de-nosotros\/nuestro-trabajo\/iatf-16949-renovacion-de-certficacion-a-auditores-iatf-16949-del-iaob\/\" class=\"cta\" >IAOB | Proceso de desarrollo del auditores de IATF<\/a><\/div>\r\n                              <div class=\"content-description\"><p >En nombre del International Automotive Task Force (IATF), la International Automotive Oversight Bureau (IAOB) eligi\u00f3 a Plexus para dise\u00f1ar, desarrollar y ofrecer una soluci\u00f3n para la recalificaci\u00f3n de la comunidad global de auditores de IATF.<\/p><\/div>\r\n                          <\/div>\r\n                      <\/div>\r\n                      <div class=\"col-12 col-md-4 mb-3\">\r\n                          <div class=\"page page-2\">\r\n                              <div class=\"content-type\"><\/div>\r\n                              <div class=\"content-title\"><a href=\"\/mx\/acerca-de-nosotros\/nuestro-trabajo\/colaboracion-con-aiag\/\" class=\"cta\" >Nuestra Colaboraci\u00f3n con AIAG<\/a><\/div>\r\n                              <div class=\"content-description\"><p >Conoce como Plexus ha sido un socio estrategico de AIAG y es distribuidor certificado de publiaciones y entrenamientos en diversas partes del mundo<\/p><\/div>\r\n                          <\/div>\r\n                      <\/div>\r\n                      <div class=\"col-xs-12 col-md-4 mb-3\">\r\n                          <div class=\"page page-3\">\r\n                              <div class=\"content-type\"><\/div>\r\n                              <div class=\"content-title\"><a href=\"\/mx\/acerca-de-nosotros\/nuestro-trabajo\/iaqg-programa-de-calificacion-de-auuditores\/\" class=\"cta\" >IAQG | Programa de Calificaci\u00f3n de Auditores Aeroespaciales<\/a><\/div>\r\n                              <div class=\"content-description\"><p >El International Aerospace Quality Group seleccion\u00f3 a Plexus para desarrollar una soluci\u00f3n basada en la web para la calificaci\u00f3n de auditores aeroespaciales en todo el mundo.<\/p><\/div>\r\n                          <\/div>\r\n                      <\/div>\r\n                  <\/div>\r\n              <\/div>\r\n          <\/div>\r\n      <\/div>\r\n    \t\t\t\t<\/div>\n\t\t\t\t<\/div>\n\t\t\t\t\t<\/div>\n\t\t<\/div>\n\t\t\t\t\t<\/div>\n\t\t<\/section>\n\t\t\t\t<\/div>\n\t\t","protected":false},"excerpt":{"rendered":"<p>International Aerospace Quality Group (IAQG) Programa de Certificaci\u00f3n de Auditores Aeroespaciales basado en la web Capacidades utilizadas : Alianzas para entrenamiento | Software y desarrollo de Aplicaciones | Soluciones Integradas de Evaluaci\u00f3n La IAQG es una asociaci\u00f3n internacional sin fines de lucro que facilita la colaboraci\u00f3n entre empresas aeroespaciales y de defensa en todo el&#8230;<\/p>\n","protected":false},"author":1,"featured_media":0,"parent":78,"menu_order":0,"comment_status":"closed","ping_status":"closed","template":"","meta":{"footnotes":"","_wp_rev_ctl_limit":""},"class_list":["post-761","page","type-page","status-publish","hentry"],"_links":{"self":[{"href":"https:\/\/plexusintl.com\/mx\/wp-json\/wp\/v2\/pages\/761","targetHints":{"allow":["GET"]}}],"collection":[{"href":"https:\/\/plexusintl.com\/mx\/wp-json\/wp\/v2\/pages"}],"about":[{"href":"https:\/\/plexusintl.com\/mx\/wp-json\/wp\/v2\/types\/page"}],"author":[{"embeddable":true,"href":"https:\/\/plexusintl.com\/mx\/wp-json\/wp\/v2\/users\/1"}],"replies":[{"embeddable":true,"href":"https:\/\/plexusintl.com\/mx\/wp-json\/wp\/v2\/comments?post=761"}],"version-history":[{"count":23,"href":"https:\/\/plexusintl.com\/mx\/wp-json\/wp\/v2\/pages\/761\/revisions"}],"predecessor-version":[{"id":6174,"href":"https:\/\/plexusintl.com\/mx\/wp-json\/wp\/v2\/pages\/761\/revisions\/6174"}],"up":[{"embeddable":true,"href":"https:\/\/plexusintl.com\/mx\/wp-json\/wp\/v2\/pages\/78"}],"wp:attachment":[{"href":"https:\/\/plexusintl.com\/mx\/wp-json\/wp\/v2\/media?parent=761"}],"curies":[{"name":"wp","href":"https:\/\/api.w.org\/{rel}","templated":true}]}}