{"id":765,"date":"2020-07-08T00:38:43","date_gmt":"2020-07-07T19:38:43","guid":{"rendered":"https:\/\/plexusintl.com\/?page_id=765"},"modified":"2021-12-09T13:49:26","modified_gmt":"2021-12-09T18:49:26","slug":"colaboracion-con-aiag","status":"publish","type":"page","link":"https:\/\/plexusintl.com\/mx\/acerca-de-nosotros\/nuestro-trabajo\/colaboracion-con-aiag\/","title":{"rendered":"Colaboraci\u00f3n con AIAG"},"content":{"rendered":"\t\t<div data-elementor-type=\"wp-page\" data-elementor-id=\"765\" class=\"elementor elementor-765\" data-elementor-post-type=\"page\">\n\t\t\t\t\t\t<section class=\"elementor-section elementor-top-section elementor-element elementor-element-3aad6cb elementor-section-boxed elementor-section-height-default elementor-section-height-default\" data-id=\"3aad6cb\" data-element_type=\"section\" data-e-type=\"section\">\n\t\t\t\t\t\t<div class=\"elementor-container elementor-column-gap-default\">\n\t\t\t\t\t<div class=\"elementor-column elementor-col-100 elementor-top-column elementor-element elementor-element-c7f0bfc\" data-id=\"c7f0bfc\" data-element_type=\"column\" data-e-type=\"column\">\n\t\t\t<div class=\"elementor-widget-wrap elementor-element-populated\">\n\t\t\t\t\t\t<div class=\"elementor-element elementor-element-7dbb237 elementor-widget elementor-widget-banner-image\" data-id=\"7dbb237\" data-element_type=\"widget\" data-e-type=\"widget\" data-widget_type=\"banner-image.default\">\n\t\t\t\t<div class=\"elementor-widget-container\">\n\t\t\t\t\t\t\t\t\t\t\t\t\t\t\t<img decoding=\"async\" src=\"https:\/\/mx-wp-cdn.plexusintl.com\/wp-content\/uploads\/2020\/07\/14132253\/aiag-case-study-banner.png\" title=\"aiag-case-study-banner\" alt=\"aiag-case-study-banner\" loading=\"lazy\" \/>\t\t\t\t\t\t\t\t\t\t\t\t\t\t\t<\/div>\n\t\t\t\t<\/div>\n\t\t\t\t<div class=\"elementor-element elementor-element-ede1fa2 elementor-widget elementor-widget-heading\" data-id=\"ede1fa2\" data-element_type=\"widget\" data-e-type=\"widget\" data-widget_type=\"heading.default\">\n\t\t\t\t<div class=\"elementor-widget-container\">\n\t\t\t\t\t<h1 class=\"elementor-heading-title elementor-size-default\">Automotive Industry Action Group (AIAG)<\/h1>\t\t\t\t<\/div>\n\t\t\t\t<\/div>\n\t\t\t\t\t<\/div>\n\t\t<\/div>\n\t\t\t\t\t<\/div>\n\t\t<\/section>\n\t\t\t\t<section class=\"elementor-section elementor-top-section elementor-element elementor-element-f77525b elementor-section-boxed elementor-section-height-default elementor-section-height-default\" data-id=\"f77525b\" data-element_type=\"section\" data-e-type=\"section\">\n\t\t\t\t\t\t<div class=\"elementor-container elementor-column-gap-default\">\n\t\t\t\t\t<div class=\"elementor-column elementor-col-100 elementor-top-column elementor-element elementor-element-e2112ff\" data-id=\"e2112ff\" data-element_type=\"column\" data-e-type=\"column\">\n\t\t\t<div class=\"elementor-widget-wrap elementor-element-populated\">\n\t\t\t\t\t\t<div class=\"elementor-element elementor-element-988ddd1 elementor-widget elementor-widget-text-editor\" data-id=\"988ddd1\" data-element_type=\"widget\" data-e-type=\"widget\" data-widget_type=\"text-editor.default\">\n\t\t\t\t<div class=\"elementor-widget-container\">\n\t\t\t\t\t\t\t\t\t<h3 class=\"lead-text\" style=\"text-align: center;\">Entrenamientos, Formaciones, Evaluaciones y soluciones basadas en Software.<\/h3>\t\t\t\t\t\t\t\t<\/div>\n\t\t\t\t<\/div>\n\t\t\t\t\t<\/div>\n\t\t<\/div>\n\t\t\t\t\t<\/div>\n\t\t<\/section>\n\t\t\t\t<section class=\"elementor-section elementor-top-section elementor-element elementor-element-5a3cf44 elementor-section-boxed elementor-section-height-default elementor-section-height-default\" data-id=\"5a3cf44\" data-element_type=\"section\" data-e-type=\"section\">\n\t\t\t\t\t\t<div class=\"elementor-container elementor-column-gap-default\">\n\t\t\t\t\t<div class=\"elementor-column elementor-col-100 elementor-top-column elementor-element elementor-element-174275a\" data-id=\"174275a\" data-element_type=\"column\" data-e-type=\"column\">\n\t\t\t<div class=\"elementor-widget-wrap elementor-element-populated\">\n\t\t\t\t\t\t<div class=\"elementor-element elementor-element-85347b9 elementor-widget elementor-widget-text-editor\" data-id=\"85347b9\" data-element_type=\"widget\" data-e-type=\"widget\" data-widget_type=\"text-editor.default\">\n\t\t\t\t<div class=\"elementor-widget-container\">\n\t\t\t\t\t\t\t\t\t<p><strong>Nuestras Capacidades Involucradas: <\/strong><a href=\"\/mx\/servicios\/entrenamientos\/\">Alianzas para entrenamientos<\/a> | <a href=\"\/mx\/servicios\/soluciones-integrales-de-evaluacion\/\">Soluciones integrales de evaluaci\u00f3n<\/a> | <a href=\"\/mx\/servicios\/software-y-desarrollo-de-aplicaciones\/\">Desarrollo de Software y Aplicaciones<\/a><\/p>\t\t\t\t\t\t\t\t<\/div>\n\t\t\t\t<\/div>\n\t\t\t\t\t<\/div>\n\t\t<\/div>\n\t\t\t\t\t<\/div>\n\t\t<\/section>\n\t\t\t\t<section class=\"elementor-section elementor-top-section elementor-element elementor-element-c7a77ac elementor-section-boxed elementor-section-height-default elementor-section-height-default\" data-id=\"c7a77ac\" data-element_type=\"section\" data-e-type=\"section\">\n\t\t\t\t\t\t<div class=\"elementor-container elementor-column-gap-default\">\n\t\t\t\t\t<div class=\"elementor-column elementor-col-100 elementor-top-column elementor-element elementor-element-9fbcf6f\" data-id=\"9fbcf6f\" data-element_type=\"column\" data-e-type=\"column\">\n\t\t\t<div class=\"elementor-widget-wrap elementor-element-populated\">\n\t\t\t\t\t\t<div class=\"elementor-element elementor-element-d280551 elementor-widget elementor-widget-text-editor\" data-id=\"d280551\" data-element_type=\"widget\" data-e-type=\"widget\" data-widget_type=\"text-editor.default\">\n\t\t\t\t<div class=\"elementor-widget-container\">\n\t\t\t\t\t\t\t\t\t<p>La AIAG es una asociaci\u00f3n sin fines de lucro que facilita la colaboraci\u00f3n entre las partes interesadas de la industria automotriz para agilizar los procesos de la industria a trav\u00e9s del desarrollo de est\u00e1ndares globales y pr\u00e1cticas comerciales armonizadas. AIAG se ha asociado con Plexus International durante m\u00e1s de dos d\u00e9cadas para brindar capacitaci\u00f3n, evaluaci\u00f3n y soluciones basadas en software para ayudar a cumplir con este mandato. En 2018, AIAG eligi\u00f3 Plexus International para desarrollar el software Core Tools Support \u2122 (CTS).<\/p>\t\t\t\t\t\t\t\t<\/div>\n\t\t\t\t<\/div>\n\t\t\t\t\t<\/div>\n\t\t<\/div>\n\t\t\t\t\t<\/div>\n\t\t<\/section>\n\t\t\t\t<section class=\"elementor-section elementor-top-section elementor-element elementor-element-9b0e37a elementor-section-boxed elementor-section-height-default elementor-section-height-default\" data-id=\"9b0e37a\" data-element_type=\"section\" data-e-type=\"section\">\n\t\t\t\t\t\t<div class=\"elementor-container elementor-column-gap-default\">\n\t\t\t\t\t<div class=\"elementor-column elementor-col-100 elementor-top-column elementor-element elementor-element-fa34d16\" data-id=\"fa34d16\" data-element_type=\"column\" data-e-type=\"column\">\n\t\t\t<div class=\"elementor-widget-wrap elementor-element-populated\">\n\t\t\t\t\t\t<div class=\"elementor-element elementor-element-b470b3a elementor-widget elementor-widget-text-editor\" data-id=\"b470b3a\" data-element_type=\"widget\" data-e-type=\"widget\" data-widget_type=\"text-editor.default\">\n\t\t\t\t<div class=\"elementor-widget-container\">\n\t\t\t\t\t\t\t\t\t<ul><li>Desarrollo de un programa de formaci\u00f3n especializada en el aula basado en el modelo de aprendizaje Plexus<\/li><li>Aprovechar la red de socios internacionales de Plexus para ofrecer evaluaciones unificadas de capacitaci\u00f3n y calificaci\u00f3n en todo el mundo<\/li><li>Integraci\u00f3n de Plexus Learning Management System con el sitio web de AIAG y los procesos de la tienda para<br \/>ofrecer formaci\u00f3n en l\u00ednea y autoevaluaciones en varios idiomas<\/li><li>Desarrollo e implementaci\u00f3n de software de suscripci\u00f3n basado en web Core Tools Support \u2122 (CTS) y sus versiones en los idiomas Espa\u00f1ol y Chino.<\/li><\/ul>\t\t\t\t\t\t\t\t<\/div>\n\t\t\t\t<\/div>\n\t\t\t\t\t<\/div>\n\t\t<\/div>\n\t\t\t\t\t<\/div>\n\t\t<\/section>\n\t\t\t\t<\/div>\n\t\t","protected":false},"excerpt":{"rendered":"<p>Automotive Industry Action Group (AIAG) Entrenamientos, Formaciones, Evaluaciones y soluciones basadas en Software. Nuestras Capacidades Involucradas: Alianzas para entrenamientos | Soluciones integrales de evaluaci\u00f3n | Desarrollo de Software y Aplicaciones La AIAG es una asociaci\u00f3n sin fines de lucro que facilita la colaboraci\u00f3n entre las partes interesadas de la industria automotriz para agilizar los procesos&#8230;<\/p>\n","protected":false},"author":1,"featured_media":0,"parent":78,"menu_order":0,"comment_status":"closed","ping_status":"closed","template":"","meta":{"footnotes":"","_wp_rev_ctl_limit":""},"class_list":["post-765","page","type-page","status-publish","hentry"],"_links":{"self":[{"href":"https:\/\/plexusintl.com\/mx\/wp-json\/wp\/v2\/pages\/765","targetHints":{"allow":["GET"]}}],"collection":[{"href":"https:\/\/plexusintl.com\/mx\/wp-json\/wp\/v2\/pages"}],"about":[{"href":"https:\/\/plexusintl.com\/mx\/wp-json\/wp\/v2\/types\/page"}],"author":[{"embeddable":true,"href":"https:\/\/plexusintl.com\/mx\/wp-json\/wp\/v2\/users\/1"}],"replies":[{"embeddable":true,"href":"https:\/\/plexusintl.com\/mx\/wp-json\/wp\/v2\/comments?post=765"}],"version-history":[{"count":21,"href":"https:\/\/plexusintl.com\/mx\/wp-json\/wp\/v2\/pages\/765\/revisions"}],"predecessor-version":[{"id":6152,"href":"https:\/\/plexusintl.com\/mx\/wp-json\/wp\/v2\/pages\/765\/revisions\/6152"}],"up":[{"embeddable":true,"href":"https:\/\/plexusintl.com\/mx\/wp-json\/wp\/v2\/pages\/78"}],"wp:attachment":[{"href":"https:\/\/plexusintl.com\/mx\/wp-json\/wp\/v2\/media?parent=765"}],"curies":[{"name":"wp","href":"https:\/\/api.w.org\/{rel}","templated":true}]}}