{"id":78,"date":"2020-06-22T23:48:11","date_gmt":"2020-06-22T18:48:11","guid":{"rendered":"https:\/\/plexusintl.com\/?page_id=78"},"modified":"2021-12-13T15:07:07","modified_gmt":"2021-12-13T20:07:07","slug":"nuestro-trabajo","status":"publish","type":"page","link":"https:\/\/plexusintl.com\/mx\/acerca-de-nosotros\/nuestro-trabajo\/","title":{"rendered":"Nuestro trabajo"},"content":{"rendered":"\t\t<div data-elementor-type=\"wp-page\" data-elementor-id=\"78\" class=\"elementor elementor-78\" data-elementor-post-type=\"page\">\n\t\t\t\t\t\t<section class=\"elementor-section elementor-top-section elementor-element elementor-element-a82803a elementor-section-full_width elementor-section-height-default elementor-section-height-default\" data-id=\"a82803a\" data-element_type=\"section\" data-e-type=\"section\">\n\t\t\t\t\t\t<div class=\"elementor-container elementor-column-gap-default\">\n\t\t\t\t\t<div class=\"elementor-column elementor-col-100 elementor-top-column elementor-element elementor-element-ed0bd15\" data-id=\"ed0bd15\" data-element_type=\"column\" data-e-type=\"column\">\n\t\t\t<div class=\"elementor-widget-wrap elementor-element-populated\">\n\t\t\t\t\t\t<div class=\"elementor-element elementor-element-c24b950 elementor-widget elementor-widget-generic-hero-block\" data-id=\"c24b950\" data-element_type=\"widget\" data-e-type=\"widget\" data-widget_type=\"generic-hero-block.default\">\n\t\t\t\t<div class=\"elementor-widget-container\">\n\t\t\t\t\t    <div class=\"hero\" style=\"background-image: url(https:\/\/plexusintl.com\/wp-content\/uploads\/2020\/07\/our-work-plexus-international.png);\">\r\n        <div class=\"container\">\r\n            <div class=\"row\">\r\n                <div class=\"col-xs-12 col-sm-9\">\r\n                    <p class=\"header\">Nuestro Trabajo<\/p>\r\n                <\/div>\r\n            <\/div>\r\n        <\/div>\r\n    <\/div>    \r\n    \t\t\t\t<\/div>\n\t\t\t\t<\/div>\n\t\t\t\t\t<\/div>\n\t\t<\/div>\n\t\t\t\t\t<\/div>\n\t\t<\/section>\n\t\t\t\t<section class=\"elementor-section elementor-top-section elementor-element elementor-element-762b74e elementor-section-boxed elementor-section-height-default elementor-section-height-default\" data-id=\"762b74e\" data-element_type=\"section\" data-e-type=\"section\">\n\t\t\t\t\t\t<div class=\"elementor-container elementor-column-gap-default\">\n\t\t\t\t\t<div class=\"elementor-column elementor-col-100 elementor-top-column elementor-element elementor-element-0acaf93\" data-id=\"0acaf93\" data-element_type=\"column\" data-e-type=\"column\">\n\t\t\t<div class=\"elementor-widget-wrap elementor-element-populated\">\n\t\t\t\t\t\t<div class=\"elementor-element elementor-element-9bc822e elementor-widget elementor-widget-spacer\" data-id=\"9bc822e\" data-element_type=\"widget\" data-e-type=\"widget\" data-widget_type=\"spacer.default\">\n\t\t\t\t<div class=\"elementor-widget-container\">\n\t\t\t\t\t\t\t<div class=\"elementor-spacer\">\n\t\t\t<div class=\"elementor-spacer-inner\"><\/div>\n\t\t<\/div>\n\t\t\t\t\t\t<\/div>\n\t\t\t\t<\/div>\n\t\t\t\t<div class=\"elementor-element elementor-element-ae21c87 elementor-widget elementor-widget-lead-text-block\" data-id=\"ae21c87\" data-element_type=\"widget\" data-e-type=\"widget\" data-widget_type=\"lead-text-block.default\">\n\t\t\t\t<div class=\"elementor-widget-container\">\n\t\t\t\t\t    <p class=\"lead-text\">Soluciones integrales dise\u00f1adas, desarrolladas y entregadas.<\/p>\r\n    \t\t\t\t<\/div>\n\t\t\t\t<\/div>\n\t\t\t\t<div class=\"elementor-element elementor-element-a47d334 elementor-widget elementor-widget-text-editor\" data-id=\"a47d334\" data-element_type=\"widget\" data-e-type=\"widget\" data-widget_type=\"text-editor.default\">\n\t\t\t\t<div class=\"elementor-widget-container\">\n\t\t\t\t\t\t\t\t\t<p>Plexus International tiene 15 ubicaciones y socios en todo el mundo, que prestan servicios en muchas de las principales regiones de fabricaci\u00f3n e ingenier\u00eda. Encuentre uno de nuestros proveedores de servicios locales m\u00e1s cercano a usted.<\/p>\t\t\t\t\t\t\t\t<\/div>\n\t\t\t\t<\/div>\n\t\t\t\t<div class=\"elementor-element elementor-element-e8dbe12 elementor-widget elementor-widget-text-editor\" data-id=\"e8dbe12\" data-element_type=\"widget\" data-e-type=\"widget\" data-widget_type=\"text-editor.default\">\n\t\t\t\t<div class=\"elementor-widget-container\">\n\t\t\t\t\t\t\t\t\t<p>Trabajamos con organizaciones de todos los tama\u00f1os, industrias y posiciones de la cadena de suministro para dise\u00f1ar, desarrollar y ofrecer soluciones sostenibles con una mejora real del rendimiento. Ya sea para l\u00edderes de la industria o peque\u00f1os proveedores, ofrecemos capacitaci\u00f3n, consultor\u00eda, evaluaci\u00f3n y \/ o soluciones de software que respaldan la implementaci\u00f3n e integraci\u00f3n del sistema de gesti\u00f3n, la mejora del proceso de desarrollo de productos, el desarrollo y la calificaci\u00f3n de auditores, y mucho m\u00e1s. Explore parte de nuestro trabajo pasado y en curso a continuaci\u00f3n, <a href=\"\/mx\/contactanos\/\">o comun\u00edquese con un representante de Plexus<\/a> para encontrar la soluci\u00f3n adecuada para satisfacer las necesidades \u00fanicas de su organizaci\u00f3n.<\/p>\t\t\t\t\t\t\t\t<\/div>\n\t\t\t\t<\/div>\n\t\t\t\t\t<\/div>\n\t\t<\/div>\n\t\t\t\t\t<\/div>\n\t\t<\/section>\n\t\t\t\t<section class=\"elementor-section elementor-top-section elementor-element elementor-element-b945231 elementor-section-boxed elementor-section-height-default elementor-section-height-default\" data-id=\"b945231\" data-element_type=\"section\" data-e-type=\"section\">\n\t\t\t\t\t\t<div class=\"elementor-container elementor-column-gap-default\">\n\t\t\t\t\t<div class=\"elementor-column elementor-col-100 elementor-top-column elementor-element elementor-element-688851f\" data-id=\"688851f\" data-element_type=\"column\" data-e-type=\"column\">\n\t\t\t<div class=\"elementor-widget-wrap elementor-element-populated\">\n\t\t\t\t\t\t<div class=\"elementor-element elementor-element-0f06e9b elementor-widget elementor-widget-home-page-carousel-2\" data-id=\"0f06e9b\" data-element_type=\"widget\" data-e-type=\"widget\" data-widget_type=\"home-page-carousel-2.default\">\n\t\t\t\t<div class=\"elementor-widget-container\">\n\t\t\t\t\t            <div class=\"homepage-feature-carousel\">\n              <div class=\"swiper swiper-container\">\n                <div class=\"swiper-wrapper\">\n                                          <div class=\"swiper-slide\">\n                            <p>\n                                                          <a href=\"\/mx\/acerca-de-nosotros\/nuestro-trabajo\/iatf-16949-renovacion-de-certficacion-a-auditores-iatf-16949-del-iaob\/\" >\n                                <img decoding=\"async\" src=\"https:\/\/mx-wp-cdn.plexusintl.com\/wp-content\/uploads\/2020\/07\/14132258\/auditor-development-program-case-study-cover-1.png\" \/>\n                              <\/a>\n                                                        <\/p>\n                                                            <p class=\"feature-title\">\n                                                                          <a href=\"\/mx\/acerca-de-nosotros\/nuestro-trabajo\/iatf-16949-renovacion-de-certficacion-a-auditores-iatf-16949-del-iaob\/\" class=\"cta\" >Proceso de desarrollo de auditores de IATF (ADP) para IAOB<\/a>\n                                                                      <\/p>\n                                                        <p>Con el objetivo de reducir costos y mejorar la consistencia global, la IATF busc\u00f3 un enfoque basado en la web para recalificar la comunidad global de auditores y apoyar el desarrollo continuo de auditores. IAOB (en nombre de IATF) nos eligi\u00f3 para dise\u00f1ar, construir, implementar y continuar haciendo crecer esta soluci\u00f3n global: el Proceso de Desarrollo de Auditor de IATF (ADP).<\/p>                        <\/div>\n                                                <div class=\"swiper-slide\">\n                            <p>\n                                                          <a href=\"\/mx\/acerca-de-nosotros\/nuestro-trabajo\/iaqg-programa-de-calificacion-de-auuditores\/\" >\n                                <img decoding=\"async\" src=\"https:\/\/mx-wp-cdn.plexusintl.com\/wp-content\/uploads\/2020\/07\/14132258\/aerospace-auditor-qualification-iaqg-1.png\" \/>\n                              <\/a>\n                                                        <\/p>\n                                                            <p class=\"feature-title\">\n                                                                          <a href=\"\/mx\/acerca-de-nosotros\/nuestro-trabajo\/iaqg-programa-de-calificacion-de-auuditores\/\" class=\"cta\" >Desarrollo del programa de calificaci\u00f3n de auditores de IAQG<\/a>\n                                                                      <\/p>\n                                                        <p>IAQG busc\u00f3 desarrollar una capacitaci\u00f3n de auditores estandarizada que pudiera ser implementada de manera uniforme por los proveedores de capacitaci\u00f3n en todo el mundo. IAQG se asoci\u00f3 con nosotros para desarrollar un programa completo de calificaci\u00f3n de auditor, combinando componentes en l\u00ednea y en el aula para maximizar el aprendizaje, mejorar la consistencia global y reducir costos.<\/p>                        <\/div>\n                                                <div class=\"swiper-slide\">\n                            <p>\n                                                          <a href=\"\/mx\/acerca-de-nosotros\/nuestro-trabajo\/colaboracion-con-aiag\/\" >\n                                <img decoding=\"async\" src=\"https:\/\/mx-wp-cdn.plexusintl.com\/wp-content\/uploads\/2020\/07\/14132258\/aiag-case-study-cover-1.png\" \/>\n                              <\/a>\n                                                        <\/p>\n                                                            <p class=\"feature-title\">\n                                                                          <a href=\"\/mx\/acerca-de-nosotros\/nuestro-trabajo\/colaboracion-con-aiag\/\" class=\"cta\" >Programa de formaciones con AIAG y desarrollo de software<\/a>\n                                                                      <\/p>\n                                                        <p>AIAG se ha asociado con Plexus International durante m\u00e1s de dos d\u00e9cadas para brindar capacitaci\u00f3n, evaluaci\u00f3n y soluciones basadas en software para todos los niveles de la cadena de suministro de fabricaci\u00f3n de la industria automotriz, incluido el software Core Tools Support \u2122 (CTS) Software recientemente lanzado.<\/p>                        <\/div>\n                                          \n                <\/div>                \n              <\/div>\n              <div class=\"swiper-button-prev\" style=\"left:-20px\"><\/div>\n              <div class=\"swiper-button-next\" style=\"right:-15px\"><\/div>\n            <\/div>\n          \t\t\t\t<\/div>\n\t\t\t\t<\/div>\n\t\t\t\t\t<\/div>\n\t\t<\/div>\n\t\t\t\t\t<\/div>\n\t\t<\/section>\n\t\t\t\t<\/div>\n\t\t","protected":false},"excerpt":{"rendered":"<p>Nuestro Trabajo Soluciones integrales dise\u00f1adas, desarrolladas y entregadas. Plexus International tiene 15 ubicaciones y socios en todo el mundo, que prestan servicios en muchas de las principales regiones de fabricaci\u00f3n e ingenier\u00eda. Encuentre uno de nuestros proveedores de servicios locales m\u00e1s cercano a usted. Trabajamos con organizaciones de todos los tama\u00f1os, industrias y posiciones de&#8230;<\/p>\n","protected":false},"author":1,"featured_media":0,"parent":75,"menu_order":0,"comment_status":"closed","ping_status":"closed","template":"","meta":{"footnotes":"","_wp_rev_ctl_limit":""},"class_list":["post-78","page","type-page","status-publish","hentry"],"_links":{"self":[{"href":"https:\/\/plexusintl.com\/mx\/wp-json\/wp\/v2\/pages\/78","targetHints":{"allow":["GET"]}}],"collection":[{"href":"https:\/\/plexusintl.com\/mx\/wp-json\/wp\/v2\/pages"}],"about":[{"href":"https:\/\/plexusintl.com\/mx\/wp-json\/wp\/v2\/types\/page"}],"author":[{"embeddable":true,"href":"https:\/\/plexusintl.com\/mx\/wp-json\/wp\/v2\/users\/1"}],"replies":[{"embeddable":true,"href":"https:\/\/plexusintl.com\/mx\/wp-json\/wp\/v2\/comments?post=78"}],"version-history":[{"count":27,"href":"https:\/\/plexusintl.com\/mx\/wp-json\/wp\/v2\/pages\/78\/revisions"}],"predecessor-version":[{"id":6223,"href":"https:\/\/plexusintl.com\/mx\/wp-json\/wp\/v2\/pages\/78\/revisions\/6223"}],"up":[{"embeddable":true,"href":"https:\/\/plexusintl.com\/mx\/wp-json\/wp\/v2\/pages\/75"}],"wp:attachment":[{"href":"https:\/\/plexusintl.com\/mx\/wp-json\/wp\/v2\/media?parent=78"}],"curies":[{"name":"wp","href":"https:\/\/api.w.org\/{rel}","templated":true}]}}