{"id":81,"date":"2020-06-22T23:48:59","date_gmt":"2020-06-22T18:48:59","guid":{"rendered":"https:\/\/plexusintl.com\/?page_id=81"},"modified":"2021-07-18T18:23:26","modified_gmt":"2021-07-18T23:23:26","slug":"nuestra-historia","status":"publish","type":"page","link":"https:\/\/plexusintl.com\/mx\/acerca-de-nosotros\/nuestra-historia\/","title":{"rendered":"Nuestra historia"},"content":{"rendered":"\t\t<div data-elementor-type=\"wp-page\" data-elementor-id=\"81\" class=\"elementor elementor-81\" data-elementor-post-type=\"page\">\n\t\t\t\t\t\t<section class=\"elementor-section elementor-top-section elementor-element elementor-element-6e8237a elementor-section-full_width elementor-section-height-default elementor-section-height-default\" data-id=\"6e8237a\" data-element_type=\"section\" data-e-type=\"section\">\n\t\t\t\t\t\t<div class=\"elementor-container elementor-column-gap-default\">\n\t\t\t\t\t<div class=\"elementor-column elementor-col-100 elementor-top-column elementor-element elementor-element-872a8b3\" data-id=\"872a8b3\" data-element_type=\"column\" data-e-type=\"column\">\n\t\t\t<div class=\"elementor-widget-wrap elementor-element-populated\">\n\t\t\t\t\t\t<div class=\"elementor-element elementor-element-53a8237 elementor-widget elementor-widget-generic-hero-block\" data-id=\"53a8237\" data-element_type=\"widget\" data-e-type=\"widget\" data-widget_type=\"generic-hero-block.default\">\n\t\t\t\t<div class=\"elementor-widget-container\">\n\t\t\t\t\t    <div class=\"hero\" style=\"background-image: url(https:\/\/plexusintl.com\/wp-content\/uploads\/2020\/07\/plexus-international-our-services.png);\">\r\n        <div class=\"container\">\r\n            <div class=\"row\">\r\n                <div class=\"col-xs-12 col-sm-9\">\r\n                    <p class=\"header\">Nuestra historia<\/p>\r\n                <\/div>\r\n            <\/div>\r\n        <\/div>\r\n    <\/div>    \r\n    \t\t\t\t<\/div>\n\t\t\t\t<\/div>\n\t\t\t\t\t<\/div>\n\t\t<\/div>\n\t\t\t\t\t<\/div>\n\t\t<\/section>\n\t\t\t\t<section class=\"elementor-section elementor-top-section elementor-element elementor-element-7e2d03c elementor-section-boxed elementor-section-height-default elementor-section-height-default\" data-id=\"7e2d03c\" data-element_type=\"section\" data-e-type=\"section\">\n\t\t\t\t\t\t<div class=\"elementor-container elementor-column-gap-default\">\n\t\t\t\t\t<div class=\"elementor-column elementor-col-100 elementor-top-column elementor-element elementor-element-a5fdf7a\" data-id=\"a5fdf7a\" data-element_type=\"column\" data-e-type=\"column\">\n\t\t\t<div class=\"elementor-widget-wrap elementor-element-populated\">\n\t\t\t\t\t\t<div class=\"elementor-element elementor-element-43f3ad3 elementor-widget elementor-widget-lead-text-block\" data-id=\"43f3ad3\" data-element_type=\"widget\" data-e-type=\"widget\" data-widget_type=\"lead-text-block.default\">\n\t\t\t\t<div class=\"elementor-widget-container\">\n\t\t\t\t\t    <p class=\"lead-text\">Aproveche los conocimientos de expertos y la asociaci\u00f3n con las partes interesadas clave de la industria y reciba el m\u00e1ximo valor. Como lo han hecho las organizaciones de todo el mundo durante m\u00e1s de 20 a\u00f1os.<\/p>\r\n    \t\t\t\t<\/div>\n\t\t\t\t<\/div>\n\t\t\t\t\t<\/div>\n\t\t<\/div>\n\t\t\t\t\t<\/div>\n\t\t<\/section>\n\t\t\t\t<section class=\"elementor-section elementor-top-section elementor-element elementor-element-381857c elementor-section-boxed elementor-section-height-default elementor-section-height-default\" data-id=\"381857c\" data-element_type=\"section\" data-e-type=\"section\">\n\t\t\t\t\t\t<div class=\"elementor-container elementor-column-gap-default\">\n\t\t\t\t\t<div class=\"elementor-column elementor-col-100 elementor-top-column elementor-element elementor-element-75fc6c1\" data-id=\"75fc6c1\" data-element_type=\"column\" data-e-type=\"column\">\n\t\t\t<div class=\"elementor-widget-wrap elementor-element-populated\">\n\t\t\t\t\t\t<div class=\"elementor-element elementor-element-e3db1b5 elementor-widget elementor-widget-text-editor\" data-id=\"e3db1b5\" data-element_type=\"widget\" data-e-type=\"widget\" data-widget_type=\"text-editor.default\">\n\t\t\t\t<div class=\"elementor-widget-container\">\n\t\t\t\t\t\t\t\t\t<p>En 1991, los cofundadores de Plexus, Roger Nielsen y Alex Chong, fueron contactados por una asociaci\u00f3n de la industria asi\u00e1tica que necesitaba ayuda para implementar un programa ISO 9000 para miles de empresas miembro. En el proceso de recopilaci\u00f3n de datos, descubrieron que los sistemas preexistentes no ofrec\u00edan universalmente la aplicaci\u00f3n pr\u00e1ctica y la intenci\u00f3n del est\u00e1ndar a la industria en su conjunto. Es m\u00e1s, estos programas no incorporaron un aprendizaje de adultos efectivo y no pudieron equipar a las empresas con las habilidades que necesitaban para desarrollar una capacidad interna para desarrollar y evaluar sus procesos de gesti\u00f3n de la calidad. Esto llev\u00f3 a Roger y Alex a comenzar a desarrollar un sistema de autopropagaci\u00f3n que abordar\u00eda estas deficiencias incorporando t\u00e9cnicas de aprendizaje orientadas a adultos y promoviendo su propia difusi\u00f3n a trav\u00e9s de la industria.<\/p><p>Los siguientes dieciocho meses se dedicaron a investigar los m\u00e9todos de aprendizaje de adultos m\u00e1s eficaces y a dise\u00f1ar un programa que mejorara la capacidad de una organizaci\u00f3n para comprender, retener, aplicar y transmitir lo aprendido. La mayor\u00eda de esos dieciocho meses se dedic\u00f3 a consultar con la organizaci\u00f3n que redact\u00f3 la norma ISO 9000, universidades y colegios y otras instituciones de educaci\u00f3n de adultos, en un intento de discernir la estrategia m\u00e1s eficaz y eficiente para el despliegue de la norma en toda la industria. El resultado fue un modelo que ten\u00eda como objetivo fomentar la comprensi\u00f3n de ISO 9000, sus implicaciones dentro de una organizaci\u00f3n y, lo m\u00e1s importante: la circulaci\u00f3n organizacional del conocimiento. Esto se convirti\u00f3 en la base del modelo de aprendizaje Plexus.<\/p><p>Los fundadores de Plexus presentaron su modelo a la secretar\u00eda central de ISO y al comit\u00e9 t\u00e9cnico que redact\u00f3 la norma en Ginebra, Suiza. Fue elogiado como el programa de formaci\u00f3n m\u00e1s completo para ISO 9000 que existe. El \u00e9xito del modelo de aprendizaje Plexus se hizo evidente cuando las empresas, tanto nacionales como extranjeras, adoptaron el sistema de aprendizaje integral en sus procesos de implementaci\u00f3n. De hecho, era tan evidente que Plexus atrajo la atenci\u00f3n de la industria automotriz; que ten\u00eda necesidades educativas similares.<\/p><p>Chrysler, Ford y GM llegaron a Plexus con el deseo de adoptar sus pr\u00e1cticas en sus sistemas de gesti\u00f3n de calidad. Esto llev\u00f3 a Plexus a comenzar a desarrollar materiales de capacitaci\u00f3n e implementaci\u00f3n para QS 9000. El trabajo realizado en este programa gener\u00f3 el programa de capacitaci\u00f3n Core Tools para la industria automotriz. Luego se le pidi\u00f3 a Plexus que desarrollara los materiales de implementaci\u00f3n para el programa de certificaci\u00f3n de auditores automotrices. QS 9000 fue reemplazado finalmente por ISO \/ TS 16949 (ahora IATF 16949) que es actualmente el est\u00e1ndar predominante en la industria. El programa resultante, en combinaci\u00f3n con la formaci\u00f3n dirigida por un instructor de Plexus International, ha permitido que Plexus se convierta en la organizaci\u00f3n de formaci\u00f3n m\u00e1s amplia en la industria de sistemas de gesti\u00f3n de calidad automotriz.<\/p><p>En los a\u00f1os posteriores, asociaciones que representan a diversas industrias se han acercado a Plexus para satisfacer sus necesidades de capacitaci\u00f3n; incluyendo Aeroespacial, Gesti\u00f3n Ambiental, Salud, Educaci\u00f3n Superior y Gesti\u00f3n de Laboratorios. La eficacia probada del modelo de aprendizaje de Plexus para facilitar la interpretaci\u00f3n e implementaci\u00f3n de est\u00e1ndares en todas las industrias ha asegurado la reputaci\u00f3n de Plexus International como l\u00edder intelectual en la industria de sistemas de gesti\u00f3n de calidad. Hoy, Plexus forma profesionales en seis continentes y en varios idiomas. Al proporcionar una formaci\u00f3n eficaz que los alumnos pueden aplicar y reiterar, Plexus ha creado un sistema autosostenible que sirve como base para el marco educativo de industrias enteras.<\/p>\t\t\t\t\t\t\t\t<\/div>\n\t\t\t\t<\/div>\n\t\t\t\t\t<\/div>\n\t\t<\/div>\n\t\t\t\t\t<\/div>\n\t\t<\/section>\n\t\t\t\t<section class=\"elementor-section elementor-top-section elementor-element elementor-element-a94b627 elementor-section-boxed elementor-section-height-default elementor-section-height-default\" data-id=\"a94b627\" data-element_type=\"section\" data-e-type=\"section\">\n\t\t\t\t\t\t<div class=\"elementor-container elementor-column-gap-default\">\n\t\t\t\t\t<div class=\"elementor-column elementor-col-100 elementor-top-column elementor-element elementor-element-6b69784\" data-id=\"6b69784\" data-element_type=\"column\" data-e-type=\"column\">\n\t\t\t<div class=\"elementor-widget-wrap elementor-element-populated\">\n\t\t\t\t\t\t<div class=\"elementor-element elementor-element-c266b00 elementor-widget elementor-widget-global elementor-global-5552 elementor-widget-related-content-block\" data-id=\"c266b00\" data-element_type=\"widget\" data-e-type=\"widget\" data-widget_type=\"related-content-block.default\">\n\t\t\t\t<div class=\"elementor-widget-container\">\n\t\t\t\t\t    \r\n      <div class=\"row\">\r\n          <div class=\"col\">\r\n              <div class=\"related-content\">\r\n                  <h2 >Tambi\u00e9n podr\u00eda interesarte:<\/h2>\r\n\r\n                  <div class=\"row\">\r\n                      <div class=\"col-12 col-md-4 mb-3\">\r\n                          <div class=\"page page-1\">\r\n                              <div class=\"content-type\"><\/div>\r\n                              <div class=\"content-title\"><a href=\"\/mx\/servicios\/\" class=\"cta\" >Servicios<\/a><\/div>\r\n                              <div class=\"content-description\"><p >Plexus International brinda capacitaci\u00f3n integral, consultor\u00eda y servicios de aplicaciones de software para organizaciones de cadena de suministro global que buscan soluciones sostenibles y transformadoras para empoderar a su organizaci\u00f3n hoy y m\u00e1s all\u00e1.<\/p><\/div>\r\n                          <\/div>\r\n                      <\/div>\r\n                      <div class=\"col-12 col-md-4 mb-3\">\r\n                          <div class=\"page page-2\">\r\n                              <div class=\"content-type\"><\/div>\r\n                              <div class=\"content-title\"><a href=\"\/mx\/acerca-de-nosotros\/nuestro-trabajo\/\" class=\"cta\" >Nuestro trabajo<\/a><\/div>\r\n                              <div class=\"content-description\"><p >Trabajamos con organizaciones de la cadena de suministro, desde l\u00edderes de la industria hasta peque\u00f1os proveedores, brindando capacitaci\u00f3n, consultor\u00eda, evaluaci\u00f3n y soluciones de software que respaldan la implementaci\u00f3n e integraci\u00f3n de los sistemas de gesti\u00f3n, la mejora del proceso de desarrollo de productos.<\/p><\/div>\r\n                          <\/div>\r\n                      <\/div>\r\n                      <div class=\"col-xs-12 col-md-4 mb-3\">\r\n                          <div class=\"page page-3\">\r\n                              <div class=\"content-type\"><\/div>\r\n                              <div class=\"content-title\"><a href=\"\/mx\/acerca-de-nosotros\/modelo-de-aprendizaje-plexus\/\" class=\"cta\" >El modelo de Aprendizaje Plexus<\/a><\/div>\r\n                              <div class=\"content-description\"><p >El modelo de aprendizaje de Plexus es un m\u00e9todo de aprendizaje interactivo estilo taller que enfatiza la aplicaci\u00f3n pr\u00e1ctica de conceptos en escenarios del mundo real, en oposici\u00f3n al \"aprendizaje estilo conferencia\".<\/p><\/div>\r\n                          <\/div>\r\n                      <\/div>\r\n                  <\/div>\r\n              <\/div>\r\n          <\/div>\r\n      <\/div>\r\n    \t\t\t\t<\/div>\n\t\t\t\t<\/div>\n\t\t\t\t\t<\/div>\n\t\t<\/div>\n\t\t\t\t\t<\/div>\n\t\t<\/section>\n\t\t\t\t<\/div>\n\t\t","protected":false},"excerpt":{"rendered":"<p>Nuestra historia Aproveche los conocimientos de expertos y la asociaci\u00f3n con las partes interesadas clave de la industria y reciba el m\u00e1ximo valor. Como lo han hecho las organizaciones de todo el mundo durante m\u00e1s de 20 a\u00f1os. En 1991, los cofundadores de Plexus, Roger Nielsen y Alex Chong, fueron contactados por una asociaci\u00f3n de&#8230;<\/p>\n","protected":false},"author":1,"featured_media":0,"parent":75,"menu_order":0,"comment_status":"closed","ping_status":"closed","template":"","meta":{"footnotes":"","_wp_rev_ctl_limit":""},"class_list":["post-81","page","type-page","status-publish","hentry"],"_links":{"self":[{"href":"https:\/\/plexusintl.com\/mx\/wp-json\/wp\/v2\/pages\/81","targetHints":{"allow":["GET"]}}],"collection":[{"href":"https:\/\/plexusintl.com\/mx\/wp-json\/wp\/v2\/pages"}],"about":[{"href":"https:\/\/plexusintl.com\/mx\/wp-json\/wp\/v2\/types\/page"}],"author":[{"embeddable":true,"href":"https:\/\/plexusintl.com\/mx\/wp-json\/wp\/v2\/users\/1"}],"replies":[{"embeddable":true,"href":"https:\/\/plexusintl.com\/mx\/wp-json\/wp\/v2\/comments?post=81"}],"version-history":[{"count":16,"href":"https:\/\/plexusintl.com\/mx\/wp-json\/wp\/v2\/pages\/81\/revisions"}],"predecessor-version":[{"id":5554,"href":"https:\/\/plexusintl.com\/mx\/wp-json\/wp\/v2\/pages\/81\/revisions\/5554"}],"up":[{"embeddable":true,"href":"https:\/\/plexusintl.com\/mx\/wp-json\/wp\/v2\/pages\/75"}],"wp:attachment":[{"href":"https:\/\/plexusintl.com\/mx\/wp-json\/wp\/v2\/media?parent=81"}],"curies":[{"name":"wp","href":"https:\/\/api.w.org\/{rel}","templated":true}]}}