{"id":84,"date":"2020-06-22T23:49:23","date_gmt":"2020-06-22T18:49:23","guid":{"rendered":"https:\/\/plexusintl.com\/?page_id=84"},"modified":"2021-12-09T14:05:36","modified_gmt":"2021-12-09T19:05:36","slug":"modelo-de-aprendizaje-plexus","status":"publish","type":"page","link":"https:\/\/plexusintl.com\/mx\/acerca-de-nosotros\/modelo-de-aprendizaje-plexus\/","title":{"rendered":"Modelo de Aprendizaje Plexus"},"content":{"rendered":"\t\t<div data-elementor-type=\"wp-page\" data-elementor-id=\"84\" class=\"elementor elementor-84\" data-elementor-post-type=\"page\">\n\t\t\t\t\t\t<section class=\"elementor-section elementor-top-section elementor-element elementor-element-5184b62 elementor-section-full_width elementor-section-height-default elementor-section-height-default\" data-id=\"5184b62\" data-element_type=\"section\" data-e-type=\"section\">\n\t\t\t\t\t\t<div class=\"elementor-container elementor-column-gap-default\">\n\t\t\t\t\t<div class=\"elementor-column elementor-col-100 elementor-top-column elementor-element elementor-element-b6f36d5\" data-id=\"b6f36d5\" data-element_type=\"column\" data-e-type=\"column\">\n\t\t\t<div class=\"elementor-widget-wrap elementor-element-populated\">\n\t\t\t\t\t\t<div class=\"elementor-element elementor-element-83c5ccc elementor-widget elementor-widget-generic-hero-block\" data-id=\"83c5ccc\" data-element_type=\"widget\" data-e-type=\"widget\" data-widget_type=\"generic-hero-block.default\">\n\t\t\t\t<div class=\"elementor-widget-container\">\n\t\t\t\t\t    <div class=\"hero\" style=\"background-image: url(https:\/\/plexusintl.com\/wp-content\/uploads\/2020\/07\/plexus-international-our-services.png);\">\r\n        <div class=\"container\">\r\n            <div class=\"row\">\r\n                <div class=\"col-xs-12 col-sm-9\">\r\n                    <p class=\"header\">Modelo de Aprendizaje Plexus<\/p>\r\n                <\/div>\r\n            <\/div>\r\n        <\/div>\r\n    <\/div>    \r\n    \t\t\t\t<\/div>\n\t\t\t\t<\/div>\n\t\t\t\t\t<\/div>\n\t\t<\/div>\n\t\t\t\t\t<\/div>\n\t\t<\/section>\n\t\t\t\t<section class=\"elementor-section elementor-top-section elementor-element elementor-element-db540ac elementor-section-boxed elementor-section-height-default elementor-section-height-default\" data-id=\"db540ac\" data-element_type=\"section\" data-e-type=\"section\">\n\t\t\t\t\t\t<div class=\"elementor-container elementor-column-gap-default\">\n\t\t\t\t\t<div class=\"elementor-column elementor-col-100 elementor-top-column elementor-element elementor-element-8e11918\" data-id=\"8e11918\" data-element_type=\"column\" data-e-type=\"column\">\n\t\t\t<div class=\"elementor-widget-wrap elementor-element-populated\">\n\t\t\t\t\t\t<div class=\"elementor-element elementor-element-5fa3cca elementor-widget elementor-widget-spacer\" data-id=\"5fa3cca\" data-element_type=\"widget\" data-e-type=\"widget\" data-widget_type=\"spacer.default\">\n\t\t\t\t<div class=\"elementor-widget-container\">\n\t\t\t\t\t\t\t<div class=\"elementor-spacer\">\n\t\t\t<div class=\"elementor-spacer-inner\"><\/div>\n\t\t<\/div>\n\t\t\t\t\t\t<\/div>\n\t\t\t\t<\/div>\n\t\t\t\t<div class=\"elementor-element elementor-element-9ad8ccc elementor-widget elementor-widget-lead-text-block\" data-id=\"9ad8ccc\" data-element_type=\"widget\" data-e-type=\"widget\" data-widget_type=\"lead-text-block.default\">\n\t\t\t\t<div class=\"elementor-widget-container\">\n\t\t\t\t\t    <p class=\"lead-text\">Aprendizaje consciente, basado en resultados y en escenarios que son medibles y reproducibles  <\/p>\r\n    \t\t\t\t<\/div>\n\t\t\t\t<\/div>\n\t\t\t\t<div class=\"elementor-element elementor-element-e81e997 elementor-widget elementor-widget-text-editor\" data-id=\"e81e997\" data-element_type=\"widget\" data-e-type=\"widget\" data-widget_type=\"text-editor.default\">\n\t\t\t\t<div class=\"elementor-widget-container\">\n\t\t\t\t\t\t\t\t\t<p>El modelo de aprendizaje de Plexus es un m\u00e9todo de aprendizaje interactivo estilo taller que enfatiza la aplicaci\u00f3n pr\u00e1ctica de conceptos en escenarios del mundo real, en oposici\u00f3n al &#8220;aprendizaje estilo conferencia&#8221;.<\/p><p>Todo nuestro proceso de desarrollo est\u00e1 impulsado por nuestro modelo de aprendizaje y comienza trabajando en estrecha colaboraci\u00f3n con el cliente para identificar los procesos comerciales subyacentes y los objetivos comerciales generales. Esto nos permite tener una visi\u00f3n m\u00e1s amplia del problema e identificar oportunidades de mejora y eficiencias en soluciones que a menudo superan las expectativas de la solicitud inicial.<\/p>\t\t\t\t\t\t\t\t<\/div>\n\t\t\t\t<\/div>\n\t\t\t\t\t<\/div>\n\t\t<\/div>\n\t\t\t\t\t<\/div>\n\t\t<\/section>\n\t\t\t\t<section class=\"elementor-section elementor-top-section elementor-element elementor-element-b80ac8b elementor-section-boxed elementor-section-height-default elementor-section-height-default\" data-id=\"b80ac8b\" data-element_type=\"section\" data-e-type=\"section\">\n\t\t\t\t\t\t<div class=\"elementor-container elementor-column-gap-default\">\n\t\t\t\t\t<div class=\"elementor-column elementor-col-100 elementor-top-column elementor-element elementor-element-c6053d7\" data-id=\"c6053d7\" data-element_type=\"column\" data-e-type=\"column\">\n\t\t\t<div class=\"elementor-widget-wrap elementor-element-populated\">\n\t\t\t\t\t\t<div class=\"elementor-element elementor-element-78bf9c0 elementor-widget-divider--view-line elementor-widget elementor-widget-divider\" data-id=\"78bf9c0\" data-element_type=\"widget\" data-e-type=\"widget\" data-widget_type=\"divider.default\">\n\t\t\t\t<div class=\"elementor-widget-container\">\n\t\t\t\t\t\t\t<div class=\"elementor-divider\">\n\t\t\t<span class=\"elementor-divider-separator\">\n\t\t\t\t\t\t<\/span>\n\t\t<\/div>\n\t\t\t\t\t\t<\/div>\n\t\t\t\t<\/div>\n\t\t\t\t\t<\/div>\n\t\t<\/div>\n\t\t\t\t\t<\/div>\n\t\t<\/section>\n\t\t\t\t<section class=\"elementor-section elementor-top-section elementor-element elementor-element-ba648ab elementor-section-boxed elementor-section-height-default elementor-section-height-default\" data-id=\"ba648ab\" data-element_type=\"section\" data-e-type=\"section\">\n\t\t\t\t\t\t<div class=\"elementor-container elementor-column-gap-default\">\n\t\t\t\t\t<div class=\"elementor-column elementor-col-100 elementor-top-column elementor-element elementor-element-961ef96\" data-id=\"961ef96\" data-element_type=\"column\" data-e-type=\"column\">\n\t\t\t<div class=\"elementor-widget-wrap elementor-element-populated\">\n\t\t\t\t\t\t<div class=\"elementor-element elementor-element-201b301 elementor-widget elementor-widget-heading\" data-id=\"201b301\" data-element_type=\"widget\" data-e-type=\"widget\" data-widget_type=\"heading.default\">\n\t\t\t\t<div class=\"elementor-widget-container\">\n\t\t\t\t\t<h3 class=\"elementor-heading-title elementor-size-default\">Nuestra Filosof\u00eda<\/h3>\t\t\t\t<\/div>\n\t\t\t\t<\/div>\n\t\t\t\t\t<\/div>\n\t\t<\/div>\n\t\t\t\t\t<\/div>\n\t\t<\/section>\n\t\t\t\t<section class=\"elementor-section elementor-top-section elementor-element elementor-element-062db68 elementor-section-boxed elementor-section-height-default elementor-section-height-default\" data-id=\"062db68\" data-element_type=\"section\" data-e-type=\"section\">\n\t\t\t\t\t\t<div class=\"elementor-container elementor-column-gap-default\">\n\t\t\t\t\t<div class=\"elementor-column elementor-col-100 elementor-top-column elementor-element elementor-element-724df5e\" data-id=\"724df5e\" data-element_type=\"column\" data-e-type=\"column\">\n\t\t\t<div class=\"elementor-widget-wrap elementor-element-populated\">\n\t\t\t\t\t\t<div class=\"elementor-element elementor-element-936cafc elementor-widget elementor-widget-text-editor\" data-id=\"936cafc\" data-element_type=\"widget\" data-e-type=\"widget\" data-widget_type=\"text-editor.default\">\n\t\t\t\t<div class=\"elementor-widget-container\">\n\t\t\t\t\t\t\t\t\t<p>No basta con que los participantes en el aprendizaje conozcan el contenido; deben poder demostrar, aplicar y explicar lo que han aprendido. Deben aprovechar y utilizar regularmente los atributos y habilidades que definen a un individuo competente. <strong>Este es el aprendizaje basado en competencias.<\/strong><\/p>\t\t\t\t\t\t\t\t<\/div>\n\t\t\t\t<\/div>\n\t\t\t\t\t<\/div>\n\t\t<\/div>\n\t\t\t\t\t<\/div>\n\t\t<\/section>\n\t\t\t\t<section class=\"elementor-section elementor-top-section elementor-element elementor-element-999684c elementor-section-boxed elementor-section-height-default elementor-section-height-default\" data-id=\"999684c\" data-element_type=\"section\" data-e-type=\"section\">\n\t\t\t\t\t\t<div class=\"elementor-container elementor-column-gap-default\">\n\t\t\t\t\t<div class=\"elementor-column elementor-col-100 elementor-top-column elementor-element elementor-element-e1d3cd3\" data-id=\"e1d3cd3\" data-element_type=\"column\" data-e-type=\"column\">\n\t\t\t<div class=\"elementor-widget-wrap elementor-element-populated\">\n\t\t\t\t\t\t<div class=\"elementor-element elementor-element-e717ca4 elementor-widget elementor-widget-image\" data-id=\"e717ca4\" data-element_type=\"widget\" data-e-type=\"widget\" data-widget_type=\"image.default\">\n\t\t\t\t<div class=\"elementor-widget-container\">\n\t\t\t\t\t\t\t\t\t\t\t\t\t\t\t<img decoding=\"async\" src=\"https:\/\/mx-wp-cdn.plexusintl.com\/wp-content\/uploads\/2021\/06\/14132231\/Modelo-Plexus-1.png\" title=\"Modelo Plexus\" alt=\"Modelo Plexus\" loading=\"lazy\" \/>\t\t\t\t\t\t\t\t\t\t\t\t\t\t\t<\/div>\n\t\t\t\t<\/div>\n\t\t\t\t\t<\/div>\n\t\t<\/div>\n\t\t\t\t\t<\/div>\n\t\t<\/section>\n\t\t\t\t<section class=\"elementor-section elementor-top-section elementor-element elementor-element-e90a941 elementor-section-boxed elementor-section-height-default elementor-section-height-default\" data-id=\"e90a941\" data-element_type=\"section\" data-e-type=\"section\">\n\t\t\t\t\t\t<div class=\"elementor-container elementor-column-gap-default\">\n\t\t\t\t\t<div class=\"elementor-column elementor-col-100 elementor-top-column elementor-element elementor-element-ce88726\" data-id=\"ce88726\" data-element_type=\"column\" data-e-type=\"column\">\n\t\t\t<div class=\"elementor-widget-wrap elementor-element-populated\">\n\t\t\t\t\t\t<div class=\"elementor-element elementor-element-982f317 elementor-widget-divider--view-line elementor-widget elementor-widget-divider\" data-id=\"982f317\" data-element_type=\"widget\" data-e-type=\"widget\" data-widget_type=\"divider.default\">\n\t\t\t\t<div class=\"elementor-widget-container\">\n\t\t\t\t\t\t\t<div class=\"elementor-divider\">\n\t\t\t<span class=\"elementor-divider-separator\">\n\t\t\t\t\t\t<\/span>\n\t\t<\/div>\n\t\t\t\t\t\t<\/div>\n\t\t\t\t<\/div>\n\t\t\t\t\t<\/div>\n\t\t<\/div>\n\t\t\t\t\t<\/div>\n\t\t<\/section>\n\t\t\t\t<section class=\"elementor-section elementor-top-section elementor-element elementor-element-9860d3c text-center elementor-section-boxed elementor-section-height-default elementor-section-height-default\" data-id=\"9860d3c\" data-element_type=\"section\" data-e-type=\"section\">\n\t\t\t\t\t\t<div class=\"elementor-container elementor-column-gap-default\">\n\t\t\t\t\t<div class=\"elementor-column elementor-col-100 elementor-top-column elementor-element elementor-element-c1be095\" data-id=\"c1be095\" data-element_type=\"column\" data-e-type=\"column\">\n\t\t\t<div class=\"elementor-widget-wrap elementor-element-populated\">\n\t\t\t\t\t\t<div class=\"elementor-element elementor-element-30c150d elementor-widget elementor-widget-lead-text-block\" data-id=\"30c150d\" data-element_type=\"widget\" data-e-type=\"widget\" data-widget_type=\"lead-text-block.default\">\n\t\t\t\t<div class=\"elementor-widget-container\">\n\t\t\t\t\t    <p class=\"lead-text\">Servicios basados en el <b>Modelo de Aprendizaje Plexus<\/b><\/p>\r\n    \t\t\t\t<\/div>\n\t\t\t\t<\/div>\n\t\t\t\t\t<\/div>\n\t\t<\/div>\n\t\t\t\t\t<\/div>\n\t\t<\/section>\n\t\t\t\t<section class=\"elementor-section elementor-top-section elementor-element elementor-element-df549a2 elementor-section-boxed elementor-section-height-default elementor-section-height-default\" data-id=\"df549a2\" data-element_type=\"section\" data-e-type=\"section\">\n\t\t\t\t\t\t<div class=\"elementor-container elementor-column-gap-default\">\n\t\t\t\t\t<div class=\"elementor-column elementor-col-100 elementor-top-column elementor-element elementor-element-fec3d56\" data-id=\"fec3d56\" data-element_type=\"column\" data-e-type=\"column\">\n\t\t\t<div class=\"elementor-widget-wrap elementor-element-populated\">\n\t\t\t\t\t\t<div class=\"elementor-element elementor-element-6c973ef elementor-widget elementor-widget-home-page-carousel-2\" data-id=\"6c973ef\" data-element_type=\"widget\" data-e-type=\"widget\" data-widget_type=\"home-page-carousel-2.default\">\n\t\t\t\t<div class=\"elementor-widget-container\">\n\t\t\t\t\t            <div class=\"homepage-feature-carousel\">\n              <div class=\"swiper swiper-container\">\n                <div class=\"swiper-wrapper\">\n                                          <div class=\"swiper-slide\">\n                            <p>\n                                                          <a href=\"\/mx\/servicios\/entrenamientos\/\" >\n                                <img decoding=\"async\" src=\"https:\/\/mx-wp-cdn.plexusintl.com\/wp-content\/uploads\/2020\/07\/14132306\/workshop-style-training.png\" \/>\n                              <\/a>\n                                                        <\/p>\n                                                            <p class=\"feature-title\">\n                                                                          <a href=\"\/mx\/servicios\/entrenamientos\/\" class=\"cta\" >Formaciones<\/a>\n                                                                      <\/p>\n                                                        <p>Formaciones especializadas, reconocidos por la industria y acreditados internacionalmente, dise\u00f1ados, desarrollados y entregados para la cadena Global de Suministro<\/p>                        <\/div>\n                                                <div class=\"swiper-slide\">\n                            <p>\n                                                          <a href=\"\/mx\/servicios\/consultoria-y-asesoria\/\" >\n                                <img decoding=\"async\" src=\"https:\/\/mx-wp-cdn.plexusintl.com\/wp-content\/uploads\/2020\/07\/14132306\/consulting-coaching-services.png\" \/>\n                              <\/a>\n                                                        <\/p>\n                                                            <p class=\"feature-title\">\n                                                                          <a href=\"\/mx\/servicios\/consultoria-y-asesoria\/\" class=\"cta\" >Asesor\u00eda y Consultor\u00eda<\/a>\n                                                                      <\/p>\n                                                        <p>Desarrolla la capacidad y el conocimiento interno para lograr soluciones sostenibles para la implementaci\u00f3n de los Sistemas de Gesti\u00f3n. Aplicaci\u00f3n de Auditor\u00edas y Soluci\u00f3n de Problemas.<\/p>                        <\/div>\n                                                <div class=\"swiper-slide\">\n                            <p>\n                                                          <a href=\"\/mx\/servicios\/software-y-desarrollo-de-aplicaciones\/\" >\n                                <img decoding=\"async\" src=\"https:\/\/mx-wp-cdn.plexusintl.com\/wp-content\/uploads\/2020\/07\/14132306\/software-application-development-services.png\" \/>\n                              <\/a>\n                                                        <\/p>\n                                                            <p class=\"feature-title\">\n                                                                          <a href=\"\/mx\/servicios\/software-y-desarrollo-de-aplicaciones\/\" class=\"cta\" >Software y Desarrollo de Aplicaciones<\/a>\n                                                                      <\/p>\n                                                        <p>Soluciones personalizadas de servicio completo para respaldar iniciativas globales a trav\u00e9s de aplicaciones y tecnolog\u00edas basadas en la web para transformar la forma en que los profesionales de la industria trabajan, aprenden y son evaluados.<\/p>                        <\/div>\n                                          \n                <\/div>                \n              <\/div>\n              <div class=\"swiper-button-prev\" style=\"left:-20px\"><\/div>\n              <div class=\"swiper-button-next\" style=\"right:-15px\"><\/div>\n            <\/div>\n          \t\t\t\t<\/div>\n\t\t\t\t<\/div>\n\t\t\t\t\t<\/div>\n\t\t<\/div>\n\t\t\t\t\t<\/div>\n\t\t<\/section>\n\t\t\t\t<\/div>\n\t\t","protected":false},"excerpt":{"rendered":"<p>Modelo de Aprendizaje Plexus Aprendizaje consciente, basado en resultados y en escenarios que son medibles y reproducibles El modelo de aprendizaje de Plexus es un m\u00e9todo de aprendizaje interactivo estilo taller que enfatiza la aplicaci\u00f3n pr\u00e1ctica de conceptos en escenarios del mundo real, en oposici\u00f3n al &#8220;aprendizaje estilo conferencia&#8221;. Todo nuestro proceso de desarrollo est\u00e1&#8230;<\/p>\n","protected":false},"author":1,"featured_media":0,"parent":75,"menu_order":0,"comment_status":"closed","ping_status":"closed","template":"","meta":{"footnotes":"","_wp_rev_ctl_limit":""},"class_list":["post-84","page","type-page","status-publish","hentry"],"_links":{"self":[{"href":"https:\/\/plexusintl.com\/mx\/wp-json\/wp\/v2\/pages\/84","targetHints":{"allow":["GET"]}}],"collection":[{"href":"https:\/\/plexusintl.com\/mx\/wp-json\/wp\/v2\/pages"}],"about":[{"href":"https:\/\/plexusintl.com\/mx\/wp-json\/wp\/v2\/types\/page"}],"author":[{"embeddable":true,"href":"https:\/\/plexusintl.com\/mx\/wp-json\/wp\/v2\/users\/1"}],"replies":[{"embeddable":true,"href":"https:\/\/plexusintl.com\/mx\/wp-json\/wp\/v2\/comments?post=84"}],"version-history":[{"count":40,"href":"https:\/\/plexusintl.com\/mx\/wp-json\/wp\/v2\/pages\/84\/revisions"}],"predecessor-version":[{"id":6161,"href":"https:\/\/plexusintl.com\/mx\/wp-json\/wp\/v2\/pages\/84\/revisions\/6161"}],"up":[{"embeddable":true,"href":"https:\/\/plexusintl.com\/mx\/wp-json\/wp\/v2\/pages\/75"}],"wp:attachment":[{"href":"https:\/\/plexusintl.com\/mx\/wp-json\/wp\/v2\/media?parent=84"}],"curies":[{"name":"wp","href":"https:\/\/api.w.org\/{rel}","templated":true}]}}