{"id":874,"date":"2020-07-09T10:26:13","date_gmt":"2020-07-09T05:26:13","guid":{"rendered":"https:\/\/plexusintl.com\/?page_id=874"},"modified":"2023-03-08T11:11:46","modified_gmt":"2023-03-08T16:11:46","slug":"transicion-a-aiag-vda-fmea-de-diseno","status":"publish","type":"page","link":"https:\/\/plexusintl.com\/mx\/catalogo\/transicion-a-aiag-vda-fmea-de-diseno\/","title":{"rendered":"Transici\u00f3n a AIAG &#038; VDA FMEA de Dise\u00f1o &#8211; Live Virtual"},"content":{"rendered":"\t\t<div data-elementor-type=\"wp-page\" data-elementor-id=\"874\" class=\"elementor elementor-874\" data-elementor-post-type=\"page\">\n\t\t\t\t\t\t<section class=\"elementor-section elementor-top-section elementor-element elementor-element-5bc94ce6 elementor-section-boxed elementor-section-height-default elementor-section-height-default\" data-id=\"5bc94ce6\" data-element_type=\"section\" data-e-type=\"section\">\n\t\t\t\t\t\t<div class=\"elementor-container elementor-column-gap-default\">\n\t\t\t\t\t<div class=\"elementor-column elementor-col-50 elementor-top-column elementor-element elementor-element-3a5be205\" data-id=\"3a5be205\" data-element_type=\"column\" data-e-type=\"column\">\n\t\t\t<div class=\"elementor-widget-wrap elementor-element-populated\">\n\t\t\t\t\t\t<div class=\"elementor-element elementor-element-5a081bec elementor-widget elementor-widget-product-meta\" data-id=\"5a081bec\" data-element_type=\"widget\" data-e-type=\"widget\" data-widget_type=\"product-meta.default\">\n\t\t\t\t<div class=\"elementor-widget-container\">\n\t\t\t\t\t        <div class=\"meta\">\n                  <div class=\"tags\">AIAG & VDA FMEA&nbsp;&bull;&nbsp;Formaci\u00f3n Live Virtual<\/div>\n              <\/div>\n     \t\t\t\t<\/div>\n\t\t\t\t<\/div>\n\t\t\t\t<div class=\"elementor-element elementor-element-aa46703 elementor-widget elementor-widget-theme-post-title elementor-page-title elementor-widget-heading\" data-id=\"aa46703\" data-element_type=\"widget\" data-e-type=\"widget\" data-widget_type=\"theme-post-title.default\">\n\t\t\t\t<div class=\"elementor-widget-container\">\n\t\t\t\t\t<h2 class=\"elementor-heading-title elementor-size-default\">Transici\u00f3n a AIAG &#038; VDA FMEA de Dise\u00f1o &#8211; Live Virtual<\/h2>\t\t\t\t<\/div>\n\t\t\t\t<\/div>\n\t\t\t\t<div class=\"elementor-element elementor-element-4c3667b8 elementor-widget elementor-widget-text-editor\" data-id=\"4c3667b8\" data-element_type=\"widget\" data-e-type=\"widget\" data-widget_type=\"text-editor.default\">\n\t\t\t\t<div class=\"elementor-widget-container\">\n\t\t\t\t\t\t\t\t\t<p><span style=\"font-weight: 400;\">Esta formaci\u00f3n lo ayudar\u00e1 a realizar la transici\u00f3n de FMEA 4\u00aa. Edici\u00f3n de AIAG, al nuevo manual AIAG &amp; VDA FMEA. Aprenda a ejecutar FMEAs de Dise\u00f1o seg\u00fan el nuevo manual mediante la comprensi\u00f3n profunda de los cambios expl\u00edcitos y sutiles, as\u00ed como de los beneficios de alto impacto que llevar\u00e1n a los DFMEAs de su organizaci\u00f3n al siguiente nivel de robustez en el dise\u00f1o de productos.\u00a0<\/span><\/p><p><span style=\"font-weight: 400;\">Al final de esta capacitaci\u00f3n, usted podr\u00e1 describir, analizar, ejemplificar y aplicar las mejoras en el manual AIAG &amp; VDA FMEA. Adem\u00e1s, obtendr\u00e1 las habilidades necesarias para evaluar la consistencia de la aplicaci\u00f3n de DFMEAs, medir su eficacia y eficiencia, y desarrollar un Plan de Implementaci\u00f3n para la Transici\u00f3n de la metodolog\u00eda DFMEA que actualmente utiliza la organizaci\u00f3n(4\u00aa. Edici\u00f3n de AIAG y VDA 4 1ra edici\u00f3n) al enfoque de 7 pasos recomendado por el nuevo manual FMEA AIAG &amp; VDA.<\/span><\/p>\t\t\t\t\t\t\t\t<\/div>\n\t\t\t\t<\/div>\n\t\t\t\t\t<\/div>\n\t\t<\/div>\n\t\t\t\t<div class=\"elementor-column elementor-col-50 elementor-top-column elementor-element elementor-element-3979878\" data-id=\"3979878\" data-element_type=\"column\" data-e-type=\"column\">\n\t\t\t<div class=\"elementor-widget-wrap elementor-element-populated\">\n\t\t\t\t\t\t<div class=\"elementor-element elementor-element-68a32ee elementor-widget elementor-widget-purchase-widget\" data-id=\"68a32ee\" data-element_type=\"widget\" data-e-type=\"widget\" data-widget_type=\"purchase-widget.default\">\n\t\t\t\t<div class=\"elementor-widget-container\">\n\t\t\t\t\t\n<div id=\"purchase_widget_109\" class=\"product-purchase-options\">\n\t<div class=\"intro-header\">\n    \t\t<h3>Formaciones Live Virtual<\/h3>\n\t\t<p><\/p>\n\t<\/div>\n\n    <div id=\"div-add-product\" class=\"d-block text-center\">\n    <img decoding=\"async\" src=\"https:\/\/plexusintl.com\/mx\/wp-content\/themes\/plexus-theme\/images\/Purchase-Widget.svg\" width=\"50px\" alt=\"Loading\" \/>     \n  <\/div>\n    <form method=\"post\" id=\"add-product\" class=\"add-product d-none\">\n      <div class=\"options\">\n        <div class=\"form-group d-block\"><script type=\"text\/javascript\"> $('.product-purchase-options .intro-header').removeAttr(\"style\"); <\/script>          <div class=\"radio\">\n            <label>\n              <input type=\"radio\" name=\"delivery_type_lvs\" value=\"e-learning\" checked onchange=\"$('#corporate_licensing_109').css('display', 'none');$('#member_pricing_109').css('display', 'none');$('#single_user_access_109').css('display', 'block');\"> Entrenamientos Abiertos<\/label>\n          <\/div>\n          <div class=\"radio d-block\">\n            <label>\n              <input type=\"radio\" name=\"delivery_type_lvs\" value=\"on-site-training\" onchange=\"$('#single_user_access_109').css('display', 'none');$('#member_pricing_109').css('display', 'none');$('#corporate_licensing_109').css('display', 'block');\"> Sesiones cerradas (solo a mi organizaci\u00f3n)<\/label>\n          <\/div>\n          <div class=\"radio d-none\">\n            <label>\n              <input type=\"radio\" name=\"delivery_type_lvs\" value=\"member-pricing\" onchange=\"$('#single_user_access_109').css('display', 'none');$('#corporate_licensing_109').css('display', 'none');$('#member_pricing_109').css('display', 'block');\"> Precio Miembro AIAG<\/label>\n          <\/div>\n          <\/div>      <div class=\"purchase-actions\" id=\"single_user_access_109\">\n        <div class=\"open-enrollment actions d-block\">\n                          <div class=\"form-group d-block\">\n                  <label for=\"open-enrollment-session\">Sesiones disponibles<\/label>\n                                      <p>No se encontraron sesiones disponibles<\/p>\n                                    <\/div>\n                          <div class=\"session-detail d-none\">\n              <div class=\"price-wrapper \">\n                <div class=\"price-label\">A partir de<\/div>\n                                    \n                  <div class=\"price\" id=\"e-learning-price\">\n                    <span id=\"priceFigure\">13300.00<\/span>&nbsp;MXN            \n                  <\/div>\n                                    <div id=\"purchase-error\"><\/div>\n                  <input type=\"hidden\" name=\"product_id\" value=\"73d32870-9b94-11eb-b999-0ae8b9885edd\">\n              <\/div>\n              <button type=\"submit\" class=\"blue-button register-button\" style=\"display:block;\">Registrarse<\/button>\n            <\/div>\t\t\t\t\n        <\/div> \n      <\/div>\n      \n      <div class=\"purchase-actions\" id=\"corporate_licensing_109\" style=\"display:none;\">\n        <div class=\"on-site-training actions\" style=\"display: block;\">\n          <a href=\"http:\/\/plexusintl.com\/mx\/solicite-una-cotizacion\/?course_requested=Formaci%C3%B3n+LV+-+Transici%C3%B3n+AIAG+VDA+DFMEA++-+formacin-lv-transicin-aiag-vda-dfmea-\" title=\"Solicite una cotizaci\u00f3n\" class=\"blue-button\">Solicite una cotizaci\u00f3n<\/a>\n        <\/div>\n      <\/div>\n\n      <div class=\"purchase-actions\" id=\"member_pricing_109\" style=\"display:none;\">\n        <div class=\"on-site-training actions\" style=\"display: block;\">\n          <a href=\"http:\/\/plexusintl.com\/request-quote?course_requested=Formaci%C3%B3n+LV+-+Transici%C3%B3n+AIAG+VDA+DFMEA++-+formacin-lv-transicin-aiag-vda-dfmea-Solicitar+Cotizaci%C3%B3n\" title=\"Solicitar Cotizaci\u00f3n\" class=\"blue-button\">Solicitar Cotizaci\u00f3n<\/a>\n        <\/div>\n      <\/div>\n      <div style=\"display:none;\">\n         \n      <\/div>\n    <\/form>  \n  <\/div>\n<script type=\"text\/javascript\">\n\t$(document).ready(function() { \n\t\t$('#purchase_widget_109 input[name=delivery_type]').change(function(){\t\n      $('#purchase_widget_109 .purchase-actions .actions').hide();\t\t\n\t\t\t$('#purchase_widget_109 .purchase-actions .actions.'+$('input[name=delivery_type]:checked').val()).slideDown();\n    });\n    \n    var hiddenBox = $(\"#purchase_widget_109 #open-enrollment-single-session-location\")[0];\n    if(hiddenBox != null && hiddenBox.value !== \"\"){\n      $('#purchase_widget_109 #location p').html(hiddenBox.value);        \n      $('#purchase_widget_109 .session-detail').slideDown();\n      $('#purchase_widget_109 .session-detail').removeClass('d-none');\n      $('#purchase_widget_109 .session-detail').addClass('d-block');\n    }\n    else {      \n      $('#purchase_widget_109 .session-detail').removeClass('d-block');\n      $('#purchase_widget_109 .session-detail').addClass('d-none');\n    }\n\n\t\t$('#purchase_widget_109 #open-enrollment-session').change(function(){\n\t\t\tif($(this).val() != '') {\n\t\t\t\tvar option = $(this).find('option:selected');\n\n\t\t\t\t$('#purchase_widget_109 #location p').html($(option).data('location'));\n        $('#purchase_widget_109 #open-enrollment-session-value').val($(option).data('id'));\n      \n        $('#purchase_widget_109 .session-detail').slideDown();\n        $('#purchase_widget_109 .session-detail').removeClass('d-none');\n        $('#purchase_widget_109 .session-detail').addClass('d-block');\n\t\t\t} else {        \n        $('#purchase_widget_109 .session-detail').removeClass('d-block');\n        $('#purchase_widget_109 .session-detail').addClass('d-none');\n\t\t\t}\n    });\n    var priceFigure = $('#purchase_widget_109 #priceFigure')[0];\n    if (priceFigure != null)\n      priceFigure.innerHTML = formatCurrency(priceFigure.innerHTML);\n    \n      $('#purchase_widget_109 #div-add-product').removeClass('d-block');\n      $('#purchase_widget_109 #div-add-product').addClass('d-none');\n      $('#purchase_widget_109 #add-product').removeClass('d-none');\n      $('#purchase_widget_109 #add-product').addClass('d-block');\n  });\n  $('#purchase_widget_109 .add-product').submit(function(e){\n    e.preventDefault();    \n    var productId = $(this).find('input[name=\"product_id\"]').val();\n          var selectBox = $(\"#purchase_widget_109 #open-enrollment-session\")[0];\n      var hiddenBox1 = $(\"#purchase_widget_109 #open-enrollment-session-value\")[0];\n      var hiddenBox2 = $(\"#purchase_widget_109 #open-enrollment-single-session\")[0];\n      if(selectBox != null){\n        var sessionId = hiddenBox1.value;\n        if(selectBox.value === \"\"){\n          alert(\"Session is required.\");\n        }\n        else if(selectBox.value.substring(0, 4) == 'http') {\n          window.dataLayer = window.dataLayer || [];\n          window.dataLayer.push({ event: 'outbound_link_click', link_url: hiddenBox1.value });\n          window.open(hiddenBox1.value);\n        } \n        else {          \n          addEnrollmentProductToCart(productId, sessionId);\n        }\n      }\n      else if(hiddenBox2 != null && hiddenBox2.value !== \"\"){\n        var sessionId = hiddenBox2.value;\n        if(hiddenBox2.value.substring(0, 4) == 'http'){\n          window.dataLayer = window.dataLayer || [];\n          window.dataLayer.push({ event: 'outbound_link_click', link_url: hiddenBox2.value });\n          window.open(hiddenBox2.value);\n        }\n        else{\n          addEnrollmentProductToCart(productId, sessionId);\n        }\n      }\n      else{\n        addProductToCart(productId);\n      }\n    \n  });\n  <\/script>\n    \t\t\t\t<\/div>\n\t\t\t\t<\/div>\n\t\t\t\t\t<\/div>\n\t\t<\/div>\n\t\t\t\t\t<\/div>\n\t\t<\/section>\n\t\t\t\t<section class=\"elementor-section elementor-top-section elementor-element elementor-element-e13ac11 elementor-section-boxed elementor-section-height-default elementor-section-height-default\" data-id=\"e13ac11\" data-element_type=\"section\" data-e-type=\"section\">\n\t\t\t\t\t\t<div class=\"elementor-container elementor-column-gap-default\">\n\t\t\t\t\t<div class=\"elementor-column elementor-col-100 elementor-top-column elementor-element elementor-element-5bb47dd\" data-id=\"5bb47dd\" data-element_type=\"column\" data-e-type=\"column\">\n\t\t\t<div class=\"elementor-widget-wrap elementor-element-populated\">\n\t\t\t\t\t\t<div class=\"elementor-element elementor-element-519b54e elementor-widget elementor-widget-quick-tabs-block\" data-id=\"519b54e\" data-element_type=\"widget\" data-e-type=\"widget\" data-widget_type=\"quick-tabs-block.default\">\n\t\t\t\t<div class=\"elementor-widget-container\">\n\t\t\t\t\t        <H4 data-tab-title=\"Objetivos de Aprendizaje\" class=\"simpleTabsOpen\">Objetivos de Aprendizaje<\/H4>\r\n                      <ul><li><span style=\"font-weight: 400;\"> Identificar los principales cambios, mejoras y beneficios de la ejecuci\u00f3n del DFMEA al comparar la edici\u00f3n previa con el nuevo manual AIAG &amp; VDA FMEA.\u00a0<\/span><\/li><li><span style=\"font-weight: 400;\"> Analizar los principales cambios y mejoras adoptados en el nuevo manual AIAG &amp; VDA FMEA completando una comparaci\u00f3n detallada con el manual FMEA 4ta. Edici\u00f3n de AIAG.\u00a0<\/span><\/li><li><span style=\"font-weight: 400;\"> Ejemplificar los principales cambios, mejoras y beneficios de la ejecuci\u00f3n del Dise\u00f1o de FMEA cuando se compara un DFMEA preparado utilizando el Manual de FMEA 4ta. Edici\u00f3n de AIAG con un DFMEA preparado utilizando el nuevo Manual de AIAG y VDA FMEA.\u00a0<\/span><\/li><li><span style=\"font-weight: 400;\"> Identificar los principales cambios y mejoras al evaluar el contenido de un FMEA de Dise\u00f1o preparado utilizando el Manual de FMEA 4\u00aa Edici\u00f3n de AIAG en comparaci\u00f3n con un DFMEA preparado utilizando el nuevo Manual de AIAG y VDA FMEA.\u00a0<\/span><\/li><li><span style=\"font-weight: 400;\"> Evaluar la consistencia de los casos de aplicaci\u00f3n de DFMEA\u2019s.\u00a0<\/span><\/li><li><span style=\"font-weight: 400;\"> Medir la efectividad, la eficiencia y la vinculaci\u00f3n de DFMEA con el costo de la mala calidad de una organizaci\u00f3n.\u00a0<\/span><\/li><li><span style=\"font-weight: 400;\"> Desarrollar un plan de implementaci\u00f3n de transici\u00f3n de AIAG FMEA 4a edici\u00f3n al manual AIAG &amp; VDA FMEA. <\/span><\/li><\/ul>          \r\n        <div data-tab-title=\"\" class=\"simpleTabsClose\"><\/div>\r\n              <H4 data-tab-title=\"Agenda\" class=\"simpleTabsOpen\">Agenda<\/H4>\r\n                      <ul><li><span style=\"font-weight: 400;\">\u00a0Descripci\u00f3n general de los principales cambios, mejoras y beneficios del nuevo manual AIAG &amp; VDA FMEA. Cap\u00edtulo de introducci\u00f3n detallada que enfatiza y aclara los fundamentos necesarios para desarrollar un FMEA robusto.\u00a0<\/span><\/li><li><span style=\"font-weight: 400;\"> Aplicaci\u00f3n del enfoque de los 7 pasos: un m\u00e9todo m\u00e1s instrumental y basado en la correcci\u00f3n de errores para desarrollar FMEAs al tiempo que se integran las lecciones aprendidas.\u00a0<\/span><\/li><li><span style=\"font-weight: 400;\"> DFMEA Primer Paso - Planificaci\u00f3n y Preparaci\u00f3n\u00a0<\/span><\/li><li><span style=\"font-weight: 400;\"> DFMEA Segundo Paso - An\u00e1lisis de Estructura\u00a0<\/span><\/li><li><span style=\"font-weight: 400;\"> DFMEA Tercer Paso - An\u00e1lisis de Funciones\u00a0<\/span><\/li><li><span style=\"font-weight: 400;\"> DFMEA Cuarto Paso - An\u00e1lisis de Fallas\u00a0<\/span><\/li><li><span style=\"font-weight: 400;\"> DFMEA Quinto Paso - An\u00e1lisis de Riesgos\u00a0<\/span><\/li><li><span style=\"font-weight: 400;\"> DFMEA Sexto Paso - Optimizaci\u00f3n\u00a0<\/span><\/li><li><span style=\"font-weight: 400;\"> DFMEA S\u00e9ptimo Paso - Comunicaci\u00f3n\u00a0<\/span><\/li><li><span style=\"font-weight: 400;\">Relaci\u00f3n entre el DFMEA y PFMEA\u00a0<\/span><\/li><li><span style=\"font-weight: 400;\">Comparaci\u00f3n de un DFMEA de la versi\u00f3n anterior contra un DFMEA preparado con el nuevo manual AIAG &amp; VDA FMEA.\u00a0<\/span><\/li><li><span style=\"font-weight: 400;\"> Introducci\u00f3n al FMEA para \u200bMonitoreo y Respuesta del Sistema (FMEA-MSR): importancia y aplicabilidad\u00a0<\/span><\/li><li><span style=\"font-weight: 400;\"> La eficacia, la eficiencia y la vinculaci\u00f3n del DFMEA con el costo de la mala calidad.\u00a0<\/span><\/li><li><span style=\"font-weight: 400;\"> Plan de implementaci\u00f3n para la transici\u00f3n de FMEA 4\u00aa. Edici\u00f3n al nuevo manual AIAG &amp; VDA FMEA.\u00a0<\/span><\/li><\/ul><p><span style=\"font-weight: 400;\">Nota: Este entrenamiento solo da una introducci\u00f3n a la nueva secci\u00f3n del manual denominada Monitoreo y Respuesta del Sistema \u200b(FMEA-MSR), este entrenamiento no esta dise\u00f1ado para proporcionar instrucciones detalladas, ejemplos o ejercicios sobre este tema.<\/span><\/p>          \r\n        <div data-tab-title=\"\" class=\"simpleTabsClose\"><\/div>\r\n              <H4 data-tab-title=\"\u00bf\u200bQui\u00e9n debe asistir?\" class=\"simpleTabsOpen\">\u00bf\u200bQui\u00e9n debe asistir?<\/H4>\r\n                      <p><span style=\"font-weight: 400;\">Recomendado para el equipo de desarrollo e implementaci\u00f3n del DFMEA que puede incluir ingenieros de dise\u00f1o,\u00a0 ingenieros de sistemas, ingenieros de componentes, ingenieros de pruebas, ingenieros de calidad, gerentes de\u00a0 proyectos, facilitadores de DFMEA, auditores de segunda parte, auditores internos de SGC\/producto y otros roles\u00a0 de dise\u00f1o de productos con antecedentes y experiencia con FMEA de dise\u00f1o.<\/span><\/p>          \r\n        <div data-tab-title=\"\" class=\"simpleTabsClose\"><\/div>\r\n              <H4 data-tab-title=\"Modalidad\" class=\"simpleTabsOpen\">Modalidad<\/H4>\r\n                      <p>Live Virtual<\/p><p>Consideraciones para esta modalidad<\/p><ul><li><span style=\"font-weight: 400;\">Se requiere una computadora con acceso a internet.<\/span><\/li><li><span style=\"font-weight: 400;\">El participante deber\u00e1 de estar en un ambiente\u00a0libre de interrupciones<\/span><\/li><li><span style=\"font-weight: 400;\">El participante deber\u00e1\u00a0de conectarse a la aplicaci\u00f3n dedicada a la hora de inicio del entrenamiento<\/span><\/li><li><span style=\"font-weight: 400;\">Para aprobar el entrenamiento el asistente\u00a0deber\u00e1\u00a0de participar en las din\u00e1micas y evaluaciones programadas por el instructor<\/span><\/li><li><span style=\"font-weight: 400;\">Se proporcionar\u00e1 material en formato electr\u00f3nico el cual deber\u00e1 tener disponible al momento de la formaci\u00f3n.<\/span><\/li><li>Los participantes deber\u00e1n atender una sesi\u00f3n previa de preparaci\u00f3n a efecto de probar los sistemas de videoconferencia a utilizar y para llevar una actividad con el instructor para determinar su nivel previo de conocimiento y experiencia en el tema.<\/li><\/ul>          \r\n        <div data-tab-title=\"\" class=\"simpleTabsClose\"><\/div>\r\n              <H4 data-tab-title=\"Duraci\u00f3n\" class=\"simpleTabsOpen\">Duraci\u00f3n<\/H4>\r\n                      <p>2 d\u00edas con sesiones de 8 horas por d\u00eda.<\/p>          \r\n        <div data-tab-title=\"\" class=\"simpleTabsClose\"><\/div>\r\n      \t\t\t\t<\/div>\n\t\t\t\t<\/div>\n\t\t\t\t\t<\/div>\n\t\t<\/div>\n\t\t\t\t\t<\/div>\n\t\t<\/section>\n\t\t\t\t<section class=\"elementor-section elementor-top-section elementor-element elementor-element-79a196c elementor-section-boxed elementor-section-height-default elementor-section-height-default\" data-id=\"79a196c\" data-element_type=\"section\" data-e-type=\"section\">\n\t\t\t\t\t\t<div class=\"elementor-container elementor-column-gap-default\">\n\t\t\t\t\t<div class=\"elementor-column elementor-col-100 elementor-top-column elementor-element elementor-element-f5c3b7f\" data-id=\"f5c3b7f\" data-element_type=\"column\" data-e-type=\"column\">\n\t\t\t<div class=\"elementor-widget-wrap elementor-element-populated\">\n\t\t\t\t\t\t<div class=\"elementor-element elementor-element-9585895 elementor-widget elementor-widget-related-content-block\" data-id=\"9585895\" data-element_type=\"widget\" data-e-type=\"widget\" data-widget_type=\"related-content-block.default\">\n\t\t\t\t<div class=\"elementor-widget-container\">\n\t\t\t\t\t    \r\n      <div class=\"row\">\r\n          <div class=\"col\">\r\n              <div class=\"related-content\">\r\n                  <h2 >Tambi\u00e9n podr\u00eda interesarle:<\/h2>\r\n\r\n                  <div class=\"row\">\r\n                      <div class=\"col-12 col-md-4 mb-3\">\r\n                          <div class=\"page page-1\">\r\n                              <div class=\"content-type\"><\/div>\r\n                              <div class=\"content-title\"><a href=\"https:\/\/plexusintl.com\/mx\/catalogo\/comprension-de-aiag-vda-fmea-de-diseno\/\" class=\"cta\" >Comprensi\u00f3n de AIAG & VDA FMEA de Dise\u00f1o - Live Virtual<\/a><\/div>\r\n                              <div class=\"content-description\"><p >Este taller virtual en vivo ayudar\u00e1 en la ejecuci\u00f3n de FMEA de dise\u00f1o utilizando el nuevo manual AIAG &amp; VDA FMEA. Despu\u00e9s de asistir a este curso, obtendr\u00e1 la capacidad de describir los beneficios de un an\u00e1lisis de riesgo t\u00e9cnico s\u00f3lido empleando el enfoque de desarrollo DFMEA descrito en el manual AIAG y VDA FMEA.<\/p><\/div>\r\n                          <\/div>\r\n                      <\/div>\r\n                      <div class=\"col-12 col-md-4 mb-3\">\r\n                          <div class=\"page page-2\">\r\n                              <div class=\"content-type\"><\/div>\r\n                              <div class=\"content-title\"><a href=\"https:\/\/plexusintl.com\/mx\/catalogo\/examen-de-certificacion-aiag-fmea\/\" class=\"cta\" >Examen de Certificaci\u00f3n FMEA 4a. Edici\u00f3n<\/a><\/div>\r\n                              <div class=\"content-description\"><p >La calificaci\u00f3n de competencia de AIAG en FMEA 4a edici\u00f3n verifica la competencia de un individuo en el An\u00e1lisis y modo de efecto de falla mediante la aplicaci\u00f3n de la herramienta, como se define en el manual de referencia FMEA 4a Edici\u00f3n de AIAG.<\/p><\/div>\r\n                          <\/div>\r\n                      <\/div>\r\n                      <div class=\"col-xs-12 col-md-4 mb-3\">\r\n                          <div class=\"page page-3\">\r\n                              <div class=\"content-type\"><\/div>\r\n                              <div class=\"content-title\"><a href=\"https:\/\/plexusintl.com\/mx\/catalogo\/transicion-a-aiag-vda-fmea-de-proceso\/\" class=\"cta\" >Transici\u00f3n a AIAG & VDA FMEA de Proceso \u2013 Live Virtual<\/a><\/div>\r\n                              <div class=\"content-description\"><p >Este curso lo ayudar\u00e1 a realizar la transici\u00f3n de AIAG FMEA 4.\u00aa Edici\u00f3n al nuevo manual AIAG & VDA FMEA. Aprenda a ejecutar FMEA\u2019s de proceso (PFMEA), seg\u00fan el nuevo manual, al lograr una comprensi\u00f3n m\u00e1s profunda de los cambios tanto expl\u00edcitos como sutiles, junto con los beneficios de alto impacto que llevar\u00e1n a los PFMEA de su organizaci\u00f3n al siguiente nivel.<\/p><\/div>\r\n                          <\/div>\r\n                      <\/div>\r\n                  <\/div>\r\n              <\/div>\r\n          <\/div>\r\n      <\/div>\r\n    \t\t\t\t<\/div>\n\t\t\t\t<\/div>\n\t\t\t\t\t<\/div>\n\t\t<\/div>\n\t\t\t\t\t<\/div>\n\t\t<\/section>\n\t\t\t\t<\/div>\n\t\t","protected":false},"excerpt":{"rendered":"<p>AIAG &#038; VDA FMEA&nbsp;&bull;&nbsp;Formaci\u00f3n Live Virtual Esta formaci\u00f3n lo ayudar\u00e1 a realizar la transici\u00f3n de FMEA 4\u00aa. Edici\u00f3n de AIAG, al nuevo manual AIAG &amp; VDA FMEA. Aprenda a ejecutar FMEAs de Dise\u00f1o seg\u00fan el nuevo manual mediante la comprensi\u00f3n profunda de los cambios expl\u00edcitos y sutiles, as\u00ed como de los beneficios de alto impacto&#8230;<\/p>\n","protected":false},"author":1,"featured_media":0,"parent":87,"menu_order":1,"comment_status":"closed","ping_status":"closed","template":"","meta":{"footnotes":"","_wp_rev_ctl_limit":""},"class_list":["post-874","page","type-page","status-publish","hentry"],"_links":{"self":[{"href":"https:\/\/plexusintl.com\/mx\/wp-json\/wp\/v2\/pages\/874","targetHints":{"allow":["GET"]}}],"collection":[{"href":"https:\/\/plexusintl.com\/mx\/wp-json\/wp\/v2\/pages"}],"about":[{"href":"https:\/\/plexusintl.com\/mx\/wp-json\/wp\/v2\/types\/page"}],"author":[{"embeddable":true,"href":"https:\/\/plexusintl.com\/mx\/wp-json\/wp\/v2\/users\/1"}],"replies":[{"embeddable":true,"href":"https:\/\/plexusintl.com\/mx\/wp-json\/wp\/v2\/comments?post=874"}],"version-history":[{"count":29,"href":"https:\/\/plexusintl.com\/mx\/wp-json\/wp\/v2\/pages\/874\/revisions"}],"predecessor-version":[{"id":6830,"href":"https:\/\/plexusintl.com\/mx\/wp-json\/wp\/v2\/pages\/874\/revisions\/6830"}],"up":[{"embeddable":true,"href":"https:\/\/plexusintl.com\/mx\/wp-json\/wp\/v2\/pages\/87"}],"wp:attachment":[{"href":"https:\/\/plexusintl.com\/mx\/wp-json\/wp\/v2\/media?parent=874"}],"curies":[{"name":"wp","href":"https:\/\/api.w.org\/{rel}","templated":true}]}}