{"id":905,"date":"2020-07-09T19:25:19","date_gmt":"2020-07-09T14:25:19","guid":{"rendered":"https:\/\/plexusintl.com\/?page_id=905"},"modified":"2023-03-08T12:17:51","modified_gmt":"2023-03-08T17:17:51","slug":"implementando-msa-analisis-a-los-sistemas-de-medicion-live-virtual","status":"publish","type":"page","link":"https:\/\/plexusintl.com\/mx\/catalogo\/implementando-msa-analisis-a-los-sistemas-de-medicion-live-virtual\/","title":{"rendered":"Live Virtual &#8211; AIAG Quality Core Tools: MSA"},"content":{"rendered":"\t\t<div data-elementor-type=\"wp-page\" data-elementor-id=\"905\" class=\"elementor elementor-905\" data-elementor-post-type=\"page\">\n\t\t\t\t\t\t<section class=\"elementor-section elementor-top-section elementor-element elementor-element-531b0d55 elementor-section-boxed elementor-section-height-default elementor-section-height-default\" data-id=\"531b0d55\" data-element_type=\"section\" data-e-type=\"section\">\n\t\t\t\t\t\t<div class=\"elementor-container elementor-column-gap-default\">\n\t\t\t\t\t<div class=\"elementor-column elementor-col-50 elementor-top-column elementor-element elementor-element-56265916\" data-id=\"56265916\" data-element_type=\"column\" data-e-type=\"column\">\n\t\t\t<div class=\"elementor-widget-wrap elementor-element-populated\">\n\t\t\t\t\t\t<div class=\"elementor-element elementor-element-6e7f6af8 elementor-widget elementor-widget-product-meta\" data-id=\"6e7f6af8\" data-element_type=\"widget\" data-e-type=\"widget\" data-widget_type=\"product-meta.default\">\n\t\t\t\t<div class=\"elementor-widget-container\">\n\t\t\t\t\t        <div class=\"meta\">\n                  <div class=\"tags\">Core Tools&nbsp;&bull;&nbsp;MSA & SPC&nbsp;&bull;&nbsp;AIAG&nbsp;&bull;&nbsp;Formaci\u00f3n Live Virtual<\/div>\n              <\/div>\n     \t\t\t\t<\/div>\n\t\t\t\t<\/div>\n\t\t\t\t<div class=\"elementor-element elementor-element-6d968e48 elementor-widget elementor-widget-theme-post-title elementor-page-title elementor-widget-heading\" data-id=\"6d968e48\" data-element_type=\"widget\" data-e-type=\"widget\" data-widget_type=\"theme-post-title.default\">\n\t\t\t\t<div class=\"elementor-widget-container\">\n\t\t\t\t\t<h1 class=\"elementor-heading-title elementor-size-default\">Live Virtual &#8211; AIAG Quality Core Tools: MSA<\/h1>\t\t\t\t<\/div>\n\t\t\t\t<\/div>\n\t\t\t\t<div class=\"elementor-element elementor-element-16aac1e elementor-widget elementor-widget-spacer\" data-id=\"16aac1e\" data-element_type=\"widget\" data-e-type=\"widget\" data-widget_type=\"spacer.default\">\n\t\t\t\t<div class=\"elementor-widget-container\">\n\t\t\t\t\t\t\t<div class=\"elementor-spacer\">\n\t\t\t<div class=\"elementor-spacer-inner\"><\/div>\n\t\t<\/div>\n\t\t\t\t\t\t<\/div>\n\t\t\t\t<\/div>\n\t\t\t\t<div class=\"elementor-element elementor-element-7ffa5faa elementor-widget elementor-widget-text-editor\" data-id=\"7ffa5faa\" data-element_type=\"widget\" data-e-type=\"widget\" data-widget_type=\"text-editor.default\">\n\t\t\t\t<div class=\"elementor-widget-container\">\n\t\t\t\t\t\t\t\t\t<p>Este taller virtual en vivo le ayudar\u00e1 a establecer una base de conocimientos fundamental para analizar su sistema de fabricaci\u00f3n y mejorar su eficacia. Obtenga una comprensi\u00f3n b\u00e1sica de c\u00f3mo establecer, analizar e implementar estudios MSA efectivos n. MSA debe ser firme antes de la medici\u00f3n del proceso a trav\u00e9s de SPC, por lo que este curso explora ambas herramientas y su interacci\u00f3n.<\/p><p><span style=\"font-size: 1.6rem;\">Descubra el marco de c\u00f3mo implementar y auditar los fundamentos de MSA en sus instalaciones y desarrolle de herramientas estad\u00edsticas que se pueda utilizar para cada uno de sus proyectos que refleje la estabilidad y capacidad de su sistema de fabricaci\u00f3n. En este curso de descripci\u00f3n general, cubrimos las herramientas y t\u00e9cnicas que necesita conocer, y analizamos la interpretaci\u00f3n b\u00e1sica y los desaf\u00edos comunes tanto en la implementaci\u00f3n, interpretaci\u00f3n y auditor\u00eda de esta herramienta.<\/span><\/p>\t\t\t\t\t\t\t\t<\/div>\n\t\t\t\t<\/div>\n\t\t\t\t<div class=\"elementor-element elementor-element-3829569 elementor-widget elementor-widget-spacer\" data-id=\"3829569\" data-element_type=\"widget\" data-e-type=\"widget\" data-widget_type=\"spacer.default\">\n\t\t\t\t<div class=\"elementor-widget-container\">\n\t\t\t\t\t\t\t<div class=\"elementor-spacer\">\n\t\t\t<div class=\"elementor-spacer-inner\"><\/div>\n\t\t<\/div>\n\t\t\t\t\t\t<\/div>\n\t\t\t\t<\/div>\n\t\t\t\t\t<\/div>\n\t\t<\/div>\n\t\t\t\t<div class=\"elementor-column elementor-col-50 elementor-top-column elementor-element elementor-element-7c01b6d\" data-id=\"7c01b6d\" data-element_type=\"column\" data-e-type=\"column\">\n\t\t\t<div class=\"elementor-widget-wrap elementor-element-populated\">\n\t\t\t\t\t\t<div class=\"elementor-element elementor-element-26b1601 elementor-widget elementor-widget-purchase-widget\" data-id=\"26b1601\" data-element_type=\"widget\" data-e-type=\"widget\" data-widget_type=\"purchase-widget.default\">\n\t\t\t\t<div class=\"elementor-widget-container\">\n\t\t\t\t\t\n<div id=\"purchase_widget_405\" class=\"product-purchase-options\">\n\t<div class=\"intro-header\">\n    \t\t<h3>Formaciones Live Virtual<\/h3>\n\t\t<p><\/p>\n\t<\/div>\n\n    <div id=\"div-add-product\" class=\"d-block text-center\">\n    <img decoding=\"async\" src=\"https:\/\/plexusintl.com\/mx\/wp-content\/themes\/plexus-theme\/images\/Purchase-Widget.svg\" width=\"50px\" alt=\"Loading\" \/>     \n  <\/div>\n    <form method=\"post\" id=\"add-product\" class=\"add-product d-none\">\n      <div class=\"options\">\n        <div class=\"form-group d-block\"><script type=\"text\/javascript\"> $('.product-purchase-options .intro-header').removeAttr(\"style\"); <\/script>          <div class=\"radio\">\n            <label>\n              <input type=\"radio\" name=\"delivery_type_lvs\" value=\"e-learning\" checked onchange=\"$('#corporate_licensing_405').css('display', 'none');$('#member_pricing_405').css('display', 'none');$('#single_user_access_405').css('display', 'block');\"> Entrenamientos Abiertos<\/label>\n          <\/div>\n          <div class=\"radio d-block\">\n            <label>\n              <input type=\"radio\" name=\"delivery_type_lvs\" value=\"on-site-training\" onchange=\"$('#single_user_access_405').css('display', 'none');$('#member_pricing_405').css('display', 'none');$('#corporate_licensing_405').css('display', 'block');\"> Sesiones cerradas (solo a mi organizaci\u00f3n)<\/label>\n          <\/div>\n          <div class=\"radio d-none\">\n            <label>\n              <input type=\"radio\" name=\"delivery_type_lvs\" value=\"member-pricing\" onchange=\"$('#single_user_access_405').css('display', 'none');$('#corporate_licensing_405').css('display', 'none');$('#member_pricing_405').css('display', 'block');\"> Precio Miembro AIAG<\/label>\n          <\/div>\n          <\/div>      <div class=\"purchase-actions\" id=\"single_user_access_405\">\n        <div class=\"open-enrollment actions d-block\">\n                          <div class=\"form-group d-block\">\n                  <label for=\"open-enrollment-session\">Sesiones disponibles<\/label>\n                                      <p>No se encontraron sesiones disponibles<\/p>\n                                    <\/div>\n                          <div class=\"session-detail d-none\">\n              <div class=\"price-wrapper \">\n                <div class=\"price-label\">A partir de<\/div>\n                                    \n                  <div class=\"price\" id=\"e-learning-price\">\n                    <span id=\"priceFigure\">7200.00<\/span>&nbsp;MXN            \n                  <\/div>\n                                    <div id=\"purchase-error\"><\/div>\n                  <input type=\"hidden\" name=\"product_id\" value=\"70d5ef2c-875d-11eb-aa89-0ae8b9885edd\">\n              <\/div>\n              <button type=\"submit\" class=\"blue-button register-button\" style=\"display:block;\">Registrarse<\/button>\n            <\/div>\t\t\t\t\n        <\/div> \n      <\/div>\n      \n      <div class=\"purchase-actions\" id=\"corporate_licensing_405\" style=\"display:none;\">\n        <div class=\"on-site-training actions\" style=\"display: block;\">\n          <a href=\"http:\/\/plexusintl.com\/mx\/solicite-una-cotizacion\/?course_requested=Formaci%C3%B3n+LV+-+MSA+-+formacin-lv-msa\" title=\"Solicite una cotizaci\u00f3n\" class=\"blue-button\">Solicite una cotizaci\u00f3n<\/a>\n        <\/div>\n      <\/div>\n\n      <div class=\"purchase-actions\" id=\"member_pricing_405\" style=\"display:none;\">\n        <div class=\"on-site-training actions\" style=\"display: block;\">\n          <a href=\"http:\/\/plexusintl.com\/request-quote?course_requested=Formaci%C3%B3n+LV+-+MSA+-+formacin-lv-msaSolicitar+Cotizaci%C3%B3n\" title=\"Solicitar Cotizaci\u00f3n\" class=\"blue-button\">Solicitar Cotizaci\u00f3n<\/a>\n        <\/div>\n      <\/div>\n      <div style=\"display:none;\">\n         \n      <\/div>\n    <\/form>  \n  <\/div>\n<script type=\"text\/javascript\">\n\t$(document).ready(function() { \n\t\t$('#purchase_widget_405 input[name=delivery_type]').change(function(){\t\n      $('#purchase_widget_405 .purchase-actions .actions').hide();\t\t\n\t\t\t$('#purchase_widget_405 .purchase-actions .actions.'+$('input[name=delivery_type]:checked').val()).slideDown();\n    });\n    \n    var hiddenBox = $(\"#purchase_widget_405 #open-enrollment-single-session-location\")[0];\n    if(hiddenBox != null && hiddenBox.value !== \"\"){\n      $('#purchase_widget_405 #location p').html(hiddenBox.value);        \n      $('#purchase_widget_405 .session-detail').slideDown();\n      $('#purchase_widget_405 .session-detail').removeClass('d-none');\n      $('#purchase_widget_405 .session-detail').addClass('d-block');\n    }\n    else {      \n      $('#purchase_widget_405 .session-detail').removeClass('d-block');\n      $('#purchase_widget_405 .session-detail').addClass('d-none');\n    }\n\n\t\t$('#purchase_widget_405 #open-enrollment-session').change(function(){\n\t\t\tif($(this).val() != '') {\n\t\t\t\tvar option = $(this).find('option:selected');\n\n\t\t\t\t$('#purchase_widget_405 #location p').html($(option).data('location'));\n        $('#purchase_widget_405 #open-enrollment-session-value').val($(option).data('id'));\n      \n        $('#purchase_widget_405 .session-detail').slideDown();\n        $('#purchase_widget_405 .session-detail').removeClass('d-none');\n        $('#purchase_widget_405 .session-detail').addClass('d-block');\n\t\t\t} else {        \n        $('#purchase_widget_405 .session-detail').removeClass('d-block');\n        $('#purchase_widget_405 .session-detail').addClass('d-none');\n\t\t\t}\n    });\n    var priceFigure = $('#purchase_widget_405 #priceFigure')[0];\n    if (priceFigure != null)\n      priceFigure.innerHTML = formatCurrency(priceFigure.innerHTML);\n    \n      $('#purchase_widget_405 #div-add-product').removeClass('d-block');\n      $('#purchase_widget_405 #div-add-product').addClass('d-none');\n      $('#purchase_widget_405 #add-product').removeClass('d-none');\n      $('#purchase_widget_405 #add-product').addClass('d-block');\n  });\n  $('#purchase_widget_405 .add-product').submit(function(e){\n    e.preventDefault();    \n    var productId = $(this).find('input[name=\"product_id\"]').val();\n          var selectBox = $(\"#purchase_widget_405 #open-enrollment-session\")[0];\n      var hiddenBox1 = $(\"#purchase_widget_405 #open-enrollment-session-value\")[0];\n      var hiddenBox2 = $(\"#purchase_widget_405 #open-enrollment-single-session\")[0];\n      if(selectBox != null){\n        var sessionId = hiddenBox1.value;\n        if(selectBox.value === \"\"){\n          alert(\"Session is required.\");\n        }\n        else if(selectBox.value.substring(0, 4) == 'http') {\n          window.dataLayer = window.dataLayer || [];\n          window.dataLayer.push({ event: 'outbound_link_click', link_url: hiddenBox1.value });\n          window.open(hiddenBox1.value);\n        } \n        else {          \n          addEnrollmentProductToCart(productId, sessionId);\n        }\n      }\n      else if(hiddenBox2 != null && hiddenBox2.value !== \"\"){\n        var sessionId = hiddenBox2.value;\n        if(hiddenBox2.value.substring(0, 4) == 'http'){\n          window.dataLayer = window.dataLayer || [];\n          window.dataLayer.push({ event: 'outbound_link_click', link_url: hiddenBox2.value });\n          window.open(hiddenBox2.value);\n        }\n        else{\n          addEnrollmentProductToCart(productId, sessionId);\n        }\n      }\n      else{\n        addProductToCart(productId);\n      }\n    \n  });\n  <\/script>\n    \t\t\t\t<\/div>\n\t\t\t\t<\/div>\n\t\t\t\t<div class=\"elementor-element elementor-element-3b80612 elementor-widget elementor-widget-spacer\" data-id=\"3b80612\" data-element_type=\"widget\" data-e-type=\"widget\" data-widget_type=\"spacer.default\">\n\t\t\t\t<div class=\"elementor-widget-container\">\n\t\t\t\t\t\t\t<div class=\"elementor-spacer\">\n\t\t\t<div class=\"elementor-spacer-inner\"><\/div>\n\t\t<\/div>\n\t\t\t\t\t\t<\/div>\n\t\t\t\t<\/div>\n\t\t\t\t\t<\/div>\n\t\t<\/div>\n\t\t\t\t\t<\/div>\n\t\t<\/section>\n\t\t\t\t<section class=\"elementor-section elementor-top-section elementor-element elementor-element-4b9dde0 elementor-section-boxed elementor-section-height-default elementor-section-height-default\" data-id=\"4b9dde0\" data-element_type=\"section\" data-e-type=\"section\">\n\t\t\t\t\t\t<div class=\"elementor-container elementor-column-gap-default\">\n\t\t\t\t\t<div class=\"elementor-column elementor-col-100 elementor-top-column elementor-element elementor-element-85a232d\" data-id=\"85a232d\" data-element_type=\"column\" data-e-type=\"column\">\n\t\t\t<div class=\"elementor-widget-wrap elementor-element-populated\">\n\t\t\t\t\t\t<div class=\"elementor-element elementor-element-3aab385 elementor-widget elementor-widget-template\" data-id=\"3aab385\" data-element_type=\"widget\" data-e-type=\"widget\" data-widget_type=\"template.default\">\n\t\t\t\t<div class=\"elementor-widget-container\">\n\t\t\t\t\t\t\t<div class=\"elementor-template\">\n\t\t\t\t\t<div data-elementor-type=\"section\" data-elementor-id=\"3601\" class=\"elementor elementor-3601\" data-elementor-post-type=\"elementor_library\">\n\t\t\t\t\t<section class=\"elementor-section elementor-top-section elementor-element elementor-element-30a9a830 elementor-section-boxed elementor-section-height-default elementor-section-height-default\" data-id=\"30a9a830\" data-element_type=\"section\" data-e-type=\"section\">\n\t\t\t\t\t\t<div class=\"elementor-container elementor-column-gap-default\">\n\t\t\t\t\t<div class=\"elementor-column elementor-col-33 elementor-top-column elementor-element elementor-element-672d8cf\" data-id=\"672d8cf\" data-element_type=\"column\" data-e-type=\"column\">\n\t\t\t<div class=\"elementor-widget-wrap elementor-element-populated\">\n\t\t\t\t\t\t<div class=\"elementor-element elementor-element-69ad23e6 elementor-widget elementor-widget-text-editor\" data-id=\"69ad23e6\" data-element_type=\"widget\" data-e-type=\"widget\" data-widget_type=\"text-editor.default\">\n\t\t\t\t<div class=\"elementor-widget-container\">\n\t\t\t\t\t\t\t\t\t<p style=\"text-align: center;\"><a href=\"https:\/\/www.aiag.org\/store\/international\/certified-distributors\" rel=\"noopener\"><img decoding=\"async\" class=\"alignnone wp-image-3311\" src=\"https:\/\/mx-wp-cdn.plexusintl.com\/wp-content\/uploads\/2021\/03\/14132238\/AIAG-Certified-Training-Provider-Seal_TRANSPARENT-300x237.png\" alt=\"\" width=\"150\" height=\"119\" srcset=\"https:\/\/mx-wp-cdn.plexusintl.com\/wp-content\/uploads\/2021\/03\/14132238\/AIAG-Certified-Training-Provider-Seal_TRANSPARENT-300x237.png 300w, https:\/\/mx-wp-cdn.plexusintl.com\/wp-content\/uploads\/2021\/03\/14132238\/AIAG-Certified-Training-Provider-Seal_TRANSPARENT.png 565w\" sizes=\"(max-width: 150px) 100vw, 150px\" \/><\/a><\/p>\t\t\t\t\t\t\t\t<\/div>\n\t\t\t\t<\/div>\n\t\t\t\t\t<\/div>\n\t\t<\/div>\n\t\t\t\t<div class=\"elementor-column elementor-col-66 elementor-top-column elementor-element elementor-element-12db0245\" data-id=\"12db0245\" data-element_type=\"column\" data-e-type=\"column\">\n\t\t\t<div class=\"elementor-widget-wrap elementor-element-populated\">\n\t\t\t\t\t\t<div class=\"elementor-element elementor-element-7af2569d elementor-widget elementor-widget-text-editor\" data-id=\"7af2569d\" data-element_type=\"widget\" data-e-type=\"widget\" data-widget_type=\"text-editor.default\">\n\t\t\t\t<div class=\"elementor-widget-container\">\n\t\t\t\t\t\t\t\t\t<p>Todos los entrenamientos impartidos por Plexus son programas afiliados a AIAG. Plexus es el proveedor mundial certificado de productos y servicios AIAG. <strong><a href=\"https:\/\/www.aiag.org\/store\/international\/certified-distributors\" rel=\"noopener\">Conozca m\u00e1s &gt;&gt;<\/a><\/strong><\/p>\t\t\t\t\t\t\t\t<\/div>\n\t\t\t\t<\/div>\n\t\t\t\t\t<\/div>\n\t\t<\/div>\n\t\t\t\t\t<\/div>\n\t\t<\/section>\n\t\t\t\t<\/div>\n\t\t\t\t<\/div>\n\t\t\t\t\t\t<\/div>\n\t\t\t\t<\/div>\n\t\t\t\t<div class=\"elementor-element elementor-element-7ef68ac elementor-widget elementor-widget-quick-tabs-block\" data-id=\"7ef68ac\" data-element_type=\"widget\" data-e-type=\"widget\" data-widget_type=\"quick-tabs-block.default\">\n\t\t\t\t<div class=\"elementor-widget-container\">\n\t\t\t\t\t        <H4 data-tab-title=\"Objetivos de Aprendizaje\" class=\"simpleTabsOpen\">Objetivos de Aprendizaje<\/H4>\r\n                      <ul><li><span style=\"font-weight: 400;\">Determinar los datos necesarios para poner en pr\u00e1ctica un estudio MSA\u00a0<\/span><\/li><li><span style=\"font-weight: 400;\">Definir los elementos de un plan de MSA\u00a0<\/span><\/li><li><span style=\"font-weight: 400;\">Desarrollar perfiles de medici\u00f3n en base a la definici\u00f3n de los requisitos del cliente y los criterios <\/span><span style=\"font-weight: 400;\">de aceptaci\u00f3n<\/span><\/li><li><span style=\"font-weight: 400;\">Identificar y seleccionar las herramientas necesarias para la realizaci\u00f3n de diversos estudios de <\/span><span style=\"font-weight: 400;\">MSA\u00a0<\/span><\/li><li><span style=\"font-weight: 400;\">Demostrar una comprensi\u00f3n de un sistema de medici\u00f3n y las causas de la variaci\u00f3n, as\u00ed como <\/span><span style=\"font-weight: 400;\">calificar las fuentes de variaci\u00f3n\u00a0<\/span><\/li><li><span style=\"font-weight: 400;\">Incorporar el uso de MSA a trav\u00e9s de ejercicios aplicados<\/span><\/li><\/ul>          \r\n        <div data-tab-title=\"\" class=\"simpleTabsClose\"><\/div>\r\n              <H4 data-tab-title=\"Contenido\" class=\"simpleTabsOpen\">Contenido<\/H4>\r\n                      <ul><li><span style=\"font-weight: 400;\">Introducci\u00f3n.\u00a0<\/span><\/li><li><span style=\"font-weight: 400;\">Caracter\u00edsticas de los sistemas de medici\u00f3n.\u00a0<\/span><\/li><li><span style=\"font-weight: 400;\">Estabilidad.\u00a0<\/span><\/li><li><span style=\"font-weight: 400;\">Sesgo.\u00a0<\/span><\/li><li><span style=\"font-weight: 400;\">Linealidad.\u00a0<\/span><\/li><li><span style=\"font-weight: 400;\">Precisi\u00f3n.\u00a0<\/span><\/li><li><span style=\"font-weight: 400;\">Repetibilidad.\u00a0<\/span><\/li><li><span style=\"font-weight: 400;\">Reproductibilidad.\u00a0<\/span><\/li><li><span style=\"font-weight: 400;\">M\u00e9todo de Rangos.\u00a0<\/span><\/li><li><span style=\"font-weight: 400;\">An\u00e1lisis de resultados \u2013 Grafico.\u00a0<\/span><\/li><li><span style=\"font-weight: 400;\">C\u00e1lculos Num\u00e9ricos.\u00a0<\/span><\/li><li><span style=\"font-weight: 400;\">An\u00e1lisis de los Resultados \u2013 Num\u00e9rico.\u00a0<\/span><\/li><li><span style=\"font-weight: 400;\">Medici\u00f3n de la incertidumbre y an\u00e1lisis del sistema de medici\u00f3n. <\/span><\/li><li><span style=\"font-weight: 400;\">Ap\u00e9ndice.<\/span><\/li><\/ul>          \r\n        <div data-tab-title=\"\" class=\"simpleTabsClose\"><\/div>\r\n              <H4 data-tab-title=\"Qui\u00e9n deber\u00eda participar\" class=\"simpleTabsOpen\">Qui\u00e9n deber\u00eda participar<\/H4>\r\n                      <p><span style=\"font-weight: 400;\">Recomendado para los directores de calidad, jefes de equipo de calidad, auditores externos de la norma IATF <\/span><span style=\"font-weight: 400;\">\u00a0<\/span><span style=\"font-weight: 400;\">16949:2016, cualquier persona involucrada en la implementaci\u00f3n de la norma IATF 16949:2016, los individuos y <\/span><span style=\"font-weight: 400;\">\u00a0<\/span><span style=\"font-weight: 400;\">equipos multifuncionales interesados en la reducci\u00f3n de riesgos y cualquier persona que quiera una mejor <\/span><span style=\"font-weight: 400;\">\u00a0<\/span><span style=\"font-weight: 400;\">comprensi\u00f3n de MSA.<\/span><\/p>          \r\n        <div data-tab-title=\"\" class=\"simpleTabsClose\"><\/div>\r\n      \t\t\t\t<\/div>\n\t\t\t\t<\/div>\n\t\t\t\t\t<\/div>\n\t\t<\/div>\n\t\t\t\t\t<\/div>\n\t\t<\/section>\n\t\t\t\t<section class=\"elementor-section elementor-top-section elementor-element elementor-element-5bc8cbb elementor-section-boxed elementor-section-height-default elementor-section-height-default\" data-id=\"5bc8cbb\" data-element_type=\"section\" data-e-type=\"section\">\n\t\t\t\t\t\t<div class=\"elementor-container elementor-column-gap-default\">\n\t\t\t\t\t<div class=\"elementor-column elementor-col-100 elementor-top-column elementor-element elementor-element-2e826ae\" data-id=\"2e826ae\" data-element_type=\"column\" data-e-type=\"column\">\n\t\t\t<div class=\"elementor-widget-wrap elementor-element-populated\">\n\t\t\t\t\t\t<div class=\"elementor-element elementor-element-e156996 elementor-widget elementor-widget-related-content-block\" data-id=\"e156996\" data-element_type=\"widget\" data-e-type=\"widget\" data-widget_type=\"related-content-block.default\">\n\t\t\t\t<div class=\"elementor-widget-container\">\n\t\t\t\t\t    \r\n      <div class=\"row\">\r\n          <div class=\"col\">\r\n              <div class=\"related-content\">\r\n                  <h2 >Tambi\u00e9n podr\u00eda interesarle:<\/h2>\r\n\r\n                  <div class=\"row\">\r\n                      <div class=\"col-12 col-md-4 mb-3\">\r\n                          <div class=\"page page-1\">\r\n                              <div class=\"content-type\"><\/div>\r\n                              <div class=\"content-title\"><a href=\"https:\/\/plexusintl.com\/mx\/catalogo\/spc-implementando-el-control-estadistico-del-proceso\/\" class=\"cta\">Live Virtual \u2013 AIAG Quality Core Tools: SPC<\/a><\/div>\r\n                              <div class=\"content-description\"><p >SPC - Implementando el Control Estad\u00edstico del Proceso: Por medio de actividades de grupo y participaci\u00f3n individual, los participantes van a entender los conceptos b\u00e1sicos de estabilidad y capacidad del proceso y obtendr\u00e1n una visi\u00f3n general del uso y utilidad del Manual de SPC. <\/p><\/div>\r\n                          <\/div>\r\n                      <\/div>\r\n                      <div class=\"col-12 col-md-4 mb-3\">\r\n                          <div class=\"page page-2\">\r\n                              <div class=\"content-type\"><\/div>\r\n                              <div class=\"content-title\"><a href=\"https:\/\/plexusintl.com\/mx\/catalogo\/msa-analisis-de-sistemas-de-medicion-4a-edicion\/\" class=\"cta\">MSA \u2013 An\u00e1lisis de Sistemas de Medici\u00f3n 4\u00aa Edici\u00f3n \u2013 Publicaci\u00f3n<\/a><\/div>\r\n                              <div class=\"content-description\"><p >Esta gu\u00eda le ayudar\u00e1 a evaluar la calidad de sus sistemas de medici\u00f3n, proporcionando una base para reconocer d\u00f3nde se pueden realizar mejoras. El resultado es un conocimiento que puede utilizarse para mejorar su proceso de medici\u00f3n, mejorando a su vez la calidad repetible del producto.<\/p><\/div>\r\n                          <\/div>\r\n                      <\/div>\r\n                      <div class=\"col-xs-12 col-md-4 mb-3\">\r\n                          <div class=\"page page-3\">\r\n                              <div class=\"content-type\"><\/div>\r\n                              <div class=\"content-title\"><a href=\"https:\/\/plexusintl.com\/mx\/catalogo\/examen-de-certificacion-msa\/\" class=\"cta\">Examen de certificaci\u00f3n AIAG MSA<\/a><\/div>\r\n                              <div class=\"content-description\"><p >Examen de certificaci\u00f3n MSA verifica la competencia de un individuo en t\u00e9cnicas de an\u00e1lisis de sistemas de medici\u00f3n como se define en el manual de referencia de MSA. El individuo es capaz de analizar un sistema de medici\u00f3n e interpretar los resultados, puede apoyar con \u00e9xito la selecci\u00f3n y gesti\u00f3n de sistemas de medici\u00f3n.<\/p><\/div>\r\n                          <\/div>\r\n                      <\/div>\r\n                  <\/div>\r\n              <\/div>\r\n          <\/div>\r\n      <\/div>\r\n    \t\t\t\t<\/div>\n\t\t\t\t<\/div>\n\t\t\t\t\t<\/div>\n\t\t<\/div>\n\t\t\t\t\t<\/div>\n\t\t<\/section>\n\t\t\t\t<\/div>\n\t\t","protected":false},"excerpt":{"rendered":"<p>Core Tools&nbsp;&bull;&nbsp;MSA &#038; SPC&nbsp;&bull;&nbsp;AIAG&nbsp;&bull;&nbsp;Formaci\u00f3n Live Virtual Este taller virtual en vivo le ayudar\u00e1 a establecer una base de conocimientos fundamental para analizar su sistema de fabricaci\u00f3n y mejorar su eficacia. Obtenga una comprensi\u00f3n b\u00e1sica de c\u00f3mo establecer, analizar e implementar estudios MSA efectivos n. MSA debe ser firme antes de la medici\u00f3n del proceso a&#8230;<\/p>\n","protected":false},"author":1,"featured_media":0,"parent":87,"menu_order":21,"comment_status":"closed","ping_status":"closed","template":"","meta":{"footnotes":"","_wp_rev_ctl_limit":""},"class_list":["post-905","page","type-page","status-publish","hentry"],"_links":{"self":[{"href":"https:\/\/plexusintl.com\/mx\/wp-json\/wp\/v2\/pages\/905","targetHints":{"allow":["GET"]}}],"collection":[{"href":"https:\/\/plexusintl.com\/mx\/wp-json\/wp\/v2\/pages"}],"about":[{"href":"https:\/\/plexusintl.com\/mx\/wp-json\/wp\/v2\/types\/page"}],"author":[{"embeddable":true,"href":"https:\/\/plexusintl.com\/mx\/wp-json\/wp\/v2\/users\/1"}],"replies":[{"embeddable":true,"href":"https:\/\/plexusintl.com\/mx\/wp-json\/wp\/v2\/comments?post=905"}],"version-history":[{"count":17,"href":"https:\/\/plexusintl.com\/mx\/wp-json\/wp\/v2\/pages\/905\/revisions"}],"predecessor-version":[{"id":6840,"href":"https:\/\/plexusintl.com\/mx\/wp-json\/wp\/v2\/pages\/905\/revisions\/6840"}],"up":[{"embeddable":true,"href":"https:\/\/plexusintl.com\/mx\/wp-json\/wp\/v2\/pages\/87"}],"wp:attachment":[{"href":"https:\/\/plexusintl.com\/mx\/wp-json\/wp\/v2\/media?parent=905"}],"curies":[{"name":"wp","href":"https:\/\/api.w.org\/{rel}","templated":true}]}}