{"id":92,"date":"2020-06-23T00:10:51","date_gmt":"2020-06-22T19:10:51","guid":{"rendered":"https:\/\/plexusintl.com\/?page_id=92"},"modified":"2021-12-13T15:04:52","modified_gmt":"2021-12-13T20:04:52","slug":"automotriz","status":"publish","type":"page","link":"https:\/\/plexusintl.com\/mx\/competencias\/automotriz\/","title":{"rendered":"Automotriz"},"content":{"rendered":"\t\t<div data-elementor-type=\"wp-page\" data-elementor-id=\"92\" class=\"elementor elementor-92\" data-elementor-post-type=\"page\">\n\t\t\t\t\t\t<section class=\"elementor-section elementor-top-section elementor-element elementor-element-8eb92e5 elementor-section-full_width elementor-section-height-default elementor-section-height-default\" data-id=\"8eb92e5\" data-element_type=\"section\" data-e-type=\"section\">\n\t\t\t\t\t\t<div class=\"elementor-container elementor-column-gap-default\">\n\t\t\t\t\t<div class=\"elementor-column elementor-col-100 elementor-top-column elementor-element elementor-element-0afefcb\" data-id=\"0afefcb\" data-element_type=\"column\" data-e-type=\"column\">\n\t\t\t<div class=\"elementor-widget-wrap elementor-element-populated\">\n\t\t\t\t\t\t<div class=\"elementor-element elementor-element-5bf1f7b elementor-widget elementor-widget-generic-hero-block\" data-id=\"5bf1f7b\" data-element_type=\"widget\" data-e-type=\"widget\" data-widget_type=\"generic-hero-block.default\">\n\t\t\t\t<div class=\"elementor-widget-container\">\n\t\t\t\t\t    <div class=\"hero\" style=\"background-image: url(https:\/\/plexusintl.com\/wp-content\/uploads\/2020\/07\/iatf-16949-automotive-quality.png);\">\r\n        <div class=\"container\">\r\n            <div class=\"row\">\r\n                <div class=\"col-xs-12 col-sm-9\">\r\n                    <p class=\"header\">Automotriz<\/p>\r\n                <\/div>\r\n            <\/div>\r\n        <\/div>\r\n    <\/div>    \r\n    \t\t\t\t<\/div>\n\t\t\t\t<\/div>\n\t\t\t\t\t<\/div>\n\t\t<\/div>\n\t\t\t\t\t<\/div>\n\t\t<\/section>\n\t\t\t\t<section class=\"elementor-section elementor-top-section elementor-element elementor-element-c7ea83c elementor-section-boxed elementor-section-height-default elementor-section-height-default\" data-id=\"c7ea83c\" data-element_type=\"section\" data-e-type=\"section\">\n\t\t\t\t\t\t<div class=\"elementor-container elementor-column-gap-default\">\n\t\t\t\t\t<div class=\"elementor-column elementor-col-100 elementor-top-column elementor-element elementor-element-507ce51\" data-id=\"507ce51\" data-element_type=\"column\" data-e-type=\"column\">\n\t\t\t<div class=\"elementor-widget-wrap elementor-element-populated\">\n\t\t\t\t\t\t<div class=\"elementor-element elementor-element-2e09f24 elementor-widget elementor-widget-heading\" data-id=\"2e09f24\" data-element_type=\"widget\" data-e-type=\"widget\" data-widget_type=\"heading.default\">\n\t\t\t\t<div class=\"elementor-widget-container\">\n\t\t\t\t\t<h1 class=\"elementor-heading-title elementor-size-default\">Sistemas de Gesti\u00f3n de la Calidad IATF 16949:2016<\/h1>\t\t\t\t<\/div>\n\t\t\t\t<\/div>\n\t\t\t\t<div class=\"elementor-element elementor-element-58b3459 elementor-widget elementor-widget-text-editor\" data-id=\"58b3459\" data-element_type=\"widget\" data-e-type=\"widget\" data-widget_type=\"text-editor.default\">\n\t\t\t\t<div class=\"elementor-widget-container\">\n\t\t\t\t\t\t\t\t\t<div><div><div><p style=\"text-align: left;\">Plexus ayuda a la cadena de suministro de la industria automotriz a lograr el cumplimiento y obtener beneficios reales en una variedad de est\u00e1ndares y disciplinas de gesti\u00f3n empresarial y de calidad, incluida la IATF 16949: 2016. Nuestras relaciones de trabajo a largo plazo con los l\u00edderes de la industria y los \u00f3rganos de supervisi\u00f3n incluyen a la <a style=\"background-color: #ffffff;\" href=\"\/mx\/acerca-de-nosotros\/nuestro-trabajo\/colaboracion-con-aiag\/\">Automotive Industry Action Group (AIAG)<\/a>, la\u00a0<a href=\"\/mx\/acerca-de-nosotros\/nuestro-trabajo\/iatf-16949-renovacion-de-certficacion-a-auditores-iatf-16949-del-iaob\/\">International Automotive Oversight Bureau (IAOB)<\/a>, y la <a href=\"https:\/\/www.iatfglobaloversight.org\/\" target=\"_blank\" rel=\"noopener\">International Automotive Task Force (IATF)<\/a>.<\/p><\/div><\/div><\/div>\t\t\t\t\t\t\t\t<\/div>\n\t\t\t\t<\/div>\n\t\t\t\t\t<\/div>\n\t\t<\/div>\n\t\t\t\t\t<\/div>\n\t\t<\/section>\n\t\t\t\t<section class=\"elementor-section elementor-top-section elementor-element elementor-element-e99dbcd elementor-section-boxed elementor-section-height-default elementor-section-height-default\" data-id=\"e99dbcd\" data-element_type=\"section\" data-e-type=\"section\">\n\t\t\t\t\t\t<div class=\"elementor-container elementor-column-gap-default\">\n\t\t\t\t\t<div class=\"elementor-column elementor-col-33 elementor-top-column elementor-element elementor-element-edecae3\" data-id=\"edecae3\" data-element_type=\"column\" data-e-type=\"column\">\n\t\t\t<div class=\"elementor-widget-wrap elementor-element-populated\">\n\t\t\t\t\t\t<div class=\"elementor-element elementor-element-f7f8773 elementor-widget elementor-widget-text-editor\" data-id=\"f7f8773\" data-element_type=\"widget\" data-e-type=\"widget\" data-widget_type=\"text-editor.default\">\n\t\t\t\t<div class=\"elementor-widget-container\">\n\t\t\t\t\t\t\t\t\t<p style=\"text-align: center;\"><a href=\"https:\/\/www.aiag.org\/store\/international\/certified-distributors\" rel=\"noopener\"><img decoding=\"async\" class=\"alignnone wp-image-3312\" src=\"https:\/\/mx-wp-cdn.plexusintl.com\/wp-content\/uploads\/2021\/03\/14132238\/Proposed_AIAG_certified_provider_seal_gray-300x231.png\" alt=\"\" width=\"150\" height=\"115\" srcset=\"https:\/\/mx-wp-cdn.plexusintl.com\/wp-content\/uploads\/2021\/03\/14132238\/Proposed_AIAG_certified_provider_seal_gray-300x231.png 300w, https:\/\/mx-wp-cdn.plexusintl.com\/wp-content\/uploads\/2021\/03\/14132238\/Proposed_AIAG_certified_provider_seal_gray-1024x788.png 1024w, https:\/\/mx-wp-cdn.plexusintl.com\/wp-content\/uploads\/2021\/03\/14132238\/Proposed_AIAG_certified_provider_seal_gray-768x591.png 768w, https:\/\/mx-wp-cdn.plexusintl.com\/wp-content\/uploads\/2021\/03\/14132238\/Proposed_AIAG_certified_provider_seal_gray-1536x1182.png 1536w, https:\/\/mx-wp-cdn.plexusintl.com\/wp-content\/uploads\/2021\/03\/14132238\/Proposed_AIAG_certified_provider_seal_gray-2048x1576.png 2048w\" sizes=\"(max-width: 150px) 100vw, 150px\" \/><\/a><\/p>\t\t\t\t\t\t\t\t<\/div>\n\t\t\t\t<\/div>\n\t\t\t\t\t<\/div>\n\t\t<\/div>\n\t\t\t\t<div class=\"elementor-column elementor-col-66 elementor-top-column elementor-element elementor-element-a170354\" data-id=\"a170354\" data-element_type=\"column\" data-e-type=\"column\">\n\t\t\t<div class=\"elementor-widget-wrap elementor-element-populated\">\n\t\t\t\t\t\t<div class=\"elementor-element elementor-element-8fca096 elementor-widget elementor-widget-text-editor\" data-id=\"8fca096\" data-element_type=\"widget\" data-e-type=\"widget\" data-widget_type=\"text-editor.default\">\n\t\t\t\t<div class=\"elementor-widget-container\">\n\t\t\t\t\t\t\t\t\t<p>Todas las formaciones de IATF 16949\u00a0 y Core Tools (APQP\/PPAP, FMEA, MSA &amp; SPC) entregadas por Plexus son con reconocimiento de AIAG. Plexus International es el proveedor certificado a nivel global de productos y servicios de AIAG.<\/p>\t\t\t\t\t\t\t\t<\/div>\n\t\t\t\t<\/div>\n\t\t\t\t\t<\/div>\n\t\t<\/div>\n\t\t\t\t\t<\/div>\n\t\t<\/section>\n\t\t\t\t<section class=\"elementor-section elementor-top-section elementor-element elementor-element-eb225ae elementor-section-boxed elementor-section-height-default elementor-section-height-default\" data-id=\"eb225ae\" data-element_type=\"section\" data-e-type=\"section\">\n\t\t\t\t\t\t<div class=\"elementor-container elementor-column-gap-default\">\n\t\t\t\t\t<div class=\"elementor-column elementor-col-100 elementor-top-column elementor-element elementor-element-4bc4758\" data-id=\"4bc4758\" data-element_type=\"column\" data-e-type=\"column\">\n\t\t\t<div class=\"elementor-widget-wrap elementor-element-populated\">\n\t\t\t\t\t\t<div class=\"elementor-element elementor-element-958d6c6 elementor-widget elementor-widget-training-programs-block\" data-id=\"958d6c6\" data-element_type=\"widget\" data-e-type=\"widget\" data-widget_type=\"training-programs-block.default\">\n\t\t\t\t<div class=\"elementor-widget-container\">\n\t\t\t\t\t    <div class=\"training-programs\">\n        <h2 >Programas de entrenamiento IATF 16949 <\/h2>\n\n        <div class=\"row\">\n                                <div class=\"col-12 col-sm-6 \">\n                        <div class=\"training-program\">\n                            <div class=\"tags\">\n                                                          \n                            <\/div>\n                            <h3><a href=\"\/mx\/catalogo\/fundamentos-de-auditorias-internas-de-la-norma-iatf-169492016\/\" class=\"cta\">Auditor Interno AIAG IATF 16949:2016 Formaci\u00f3n a distancia<\/a><\/h3>\n                        <\/div>\n                    <\/div>\n                                    <div class=\"col-12 col-sm-6 \">\n                        <div class=\"training-program\">\n                            <div class=\"tags\">\n                                                          \n                            <\/div>\n                            <h3><a href=\"\/mx\/catalogo\/comprension-ejecutiva-de-la-norma-iatf-169492016\/\" class=\"cta\">Comprensi\u00f3n Ejecutiva de la norma IATF 16949:2016<\/a><\/h3>\n                        <\/div>\n                    <\/div>\n                <\/div><div class=\"row\">                    <div class=\"col-12 col-sm-6 \">\n                        <div class=\"training-program\">\n                            <div class=\"tags\">\n                                                          \n                            <\/div>\n                            <h3><a href=\"\/mx\/catalogo\/fundamentos-de-la-norma-iatf-169492016\/\" class=\"cta\">Fundamentos de la norma IATF 16949:2016<\/a><\/h3>\n                        <\/div>\n                    <\/div>\n                                    <div class=\"col-12 col-sm-6 \">\n                        <div class=\"training-program\">\n                            <div class=\"tags\">\n                                                          \n                            <\/div>\n                            <h3><a href=\"\/mx\/catalogo\/formacion-auditor-lider-iatf-169492016\/\" class=\"cta\">Auditor L\u00edder IATF 16949:2019 con certificaci\u00f3n para proveedores AIAG<\/a><\/h3>\n                        <\/div>\n                    <\/div>\n                <\/div><div class=\"row\">   \n        <div class=\"col-12\">\n            <div class=\"read-more\"><a href=\"\/mx\/catalogo\/\" class=\"cta\" >Explore mas entrenamientos<\/a><\/div>\n        <\/div>        \n    <\/div>\n    \t\t\t\t<\/div>\n\t\t\t\t<\/div>\n\t\t\t\t\t<\/div>\n\t\t<\/div>\n\t\t\t\t\t<\/div>\n\t\t<\/section>\n\t\t\t\t<section class=\"elementor-section elementor-top-section elementor-element elementor-element-0938154 elementor-section-boxed elementor-section-height-default elementor-section-height-default\" data-id=\"0938154\" data-element_type=\"section\" data-e-type=\"section\">\n\t\t\t\t\t\t<div class=\"elementor-container elementor-column-gap-default\">\n\t\t\t\t\t<div class=\"elementor-column elementor-col-100 elementor-top-column elementor-element elementor-element-fd603c9\" data-id=\"fd603c9\" data-element_type=\"column\" data-e-type=\"column\">\n\t\t\t<div class=\"elementor-widget-wrap elementor-element-populated\">\n\t\t\t\t\t\t<div class=\"elementor-element elementor-element-44c5218 elementor-widget elementor-widget-heading\" data-id=\"44c5218\" data-element_type=\"widget\" data-e-type=\"widget\" data-widget_type=\"heading.default\">\n\t\t\t\t<div class=\"elementor-widget-container\">\n\t\t\t\t\t<h2 class=\"elementor-heading-title elementor-size-default\">AIAG Core Tools<\/h2>\t\t\t\t<\/div>\n\t\t\t\t<\/div>\n\t\t\t\t<div class=\"elementor-element elementor-element-f4904b4 elementor-widget elementor-widget-text-editor\" data-id=\"f4904b4\" data-element_type=\"widget\" data-e-type=\"widget\" data-widget_type=\"text-editor.default\">\n\t\t\t\t<div class=\"elementor-widget-container\">\n\t\t\t\t\t\t\t\t\t<p>Explore las oportunidades de capacitaci\u00f3n y consultor\u00eda para IATF 16949, herramientas principales de AIAG, incluidas APQP, PPAP, AIAG y VDA FMEA, MSA y SPC, integraci\u00f3n de ISO 14001 y m\u00e1s.<\/p><p><strong><a class=\"cta\" href=\"\/mx\/competencias\/aiag-quality-core-tools\/\">Explore los entrenamientos de Core Tools<\/a><\/strong><\/p>\t\t\t\t\t\t\t\t<\/div>\n\t\t\t\t<\/div>\n\t\t\t\t\t<\/div>\n\t\t<\/div>\n\t\t\t\t\t<\/div>\n\t\t<\/section>\n\t\t\t\t<section class=\"elementor-section elementor-top-section elementor-element elementor-element-3bbc516 elementor-section-full_width elementor-section-height-default elementor-section-height-default\" data-id=\"3bbc516\" data-element_type=\"section\" data-e-type=\"section\">\n\t\t\t\t\t\t<div class=\"elementor-container elementor-column-gap-default\">\n\t\t\t\t\t<div class=\"elementor-column elementor-col-100 elementor-top-column elementor-element elementor-element-9679d17\" data-id=\"9679d17\" data-element_type=\"column\" data-e-type=\"column\">\n\t\t\t<div class=\"elementor-widget-wrap elementor-element-populated\">\n\t\t\t\t\t\t<div class=\"elementor-element elementor-element-e5978e6 elementor-widget elementor-widget-consulting-services-block\" data-id=\"e5978e6\" data-element_type=\"widget\" data-e-type=\"widget\" data-widget_type=\"consulting-services-block.default\">\n\t\t\t\t<div class=\"elementor-widget-container\">\n\t\t\t\t\t    <div class=\"container\">\r\n        <div class=\"row\">\r\n            <div class=\"col-sm-12\">\r\n                <h2 style=\"text-align: center;\"><span style=\"color:#4d6995;\">Servicios de Consultoria para la <strong>industria Automotriz<\/strong><\/span><\/h2>\r\n                <p style=\"text-align: center;\">Nuestra misi\u00f3n es desarrollar una comprensi\u00f3n profunda de los procesos internos y las necesidades comerciales de su organizaci\u00f3n, y adaptar el alcance de nuestros esfuerzos de consultor\u00eda para alcanzar los resultados comerciales deseados. El primer paso es conectarse con un representante de Plexus y evaluaremos cuidadosamente sus necesidades \u00fanicas.<\/p>\r\n            <\/div>\r\n        <\/div>\r\n    <\/div>\r\n\r\n    <div class=\"container\">\r\n        <div class=\"row\"><div class=\"col-sm-12\">\r\n            <div class=\"row\">\r\n                <div class=\"col-sm-4\">\r\n                    <h4 style=\"text-align: center;\"><img decoding=\"async\" src=\"https:\/\/plexusintl.com\/mx\/wp-content\/uploads\/2020\/07\/checkmark-icon-1.svg\" alt=\"checkmark-icon.png\" width=\"50\" height=\"50\" style=\"margin-bottom:5px;\"><br \/>Implementaci\u00f3n e Integraci\u00f3n de Sistemas de Gesti\u00f3n <\/h4>\r\n                <\/div>\r\n                <div class=\"col-sm-4\">\r\n                    <h4 style=\"text-align: center;\"><img decoding=\"async\" src=\"https:\/\/plexusintl.com\/mx\/wp-content\/uploads\/2020\/07\/checkmark-icon-1.svg\" alt=\"checkmark-icon.png\" width=\"50\" height=\"50\" style=\"margin-bottom:5px;\"><br \/>Aplicaci\u00f3n de Auditorias Externas de 1a. y 2a. parte<\/h4>\r\n                <\/div>\r\n                <div class=\"col-sm-4\">\r\n                    <h4 style=\"text-align: center;\"><img decoding=\"async\" src=\"https:\/\/plexusintl.com\/mx\/wp-content\/uploads\/2020\/07\/checkmark-icon-1.svg\" alt=\"checkmark-icon.png\" width=\"50\" height=\"50\" style=\"margin-bottom:5px;\"><br \/>Certificaci\u00f3n de Auditores<\/h4>\r\n                <\/div>\r\n                            <\/div>\r\n        <\/div>\r\n    <\/div>\r\n\r\n            <div class=\"container\">\r\n            <div class=\"row\"><div class=\"col-sm-12\">\r\n                <div class=\"row\">\r\n                    <div class=\"col-sm-4\">\r\n                        <h4 style=\"text-align: center;\"><img decoding=\"async\" src=\"https:\/\/plexusintl.com\/mx\/wp-content\/uploads\/2020\/07\/checkmark-icon-1.svg\" alt=\"checkmark-icon.png\" width=\"50\" height=\"50\" style=\"margin-bottom:5px;\"><br \/>Introducci\u00f3n de nuevos productos<\/h4>\r\n                    <\/div>\r\n                    <div class=\"col-sm-4\">\r\n                        <h4 style=\"text-align: center;\"><img decoding=\"async\" src=\"https:\/\/plexusintl.com\/mx\/wp-content\/uploads\/2020\/07\/checkmark-icon-1.svg\" alt=\"checkmark-icon.png\" width=\"50\" height=\"50\" style=\"margin-bottom:5px;\"><br \/>Requerimientos Espec\u00edficos de Cliente<\/h4>\r\n                    <\/div>\r\n                    <div class=\"col-sm-4\">\r\n                        <h4 style=\"text-align: center;\"><img decoding=\"async\" src=\"https:\/\/plexusintl.com\/mx\/wp-content\/uploads\/2020\/07\/checkmark-icon-1.svg\" alt=\"checkmark-icon.png\" width=\"50\" height=\"50\" style=\"margin-bottom:5px;\"><br \/>Desarrollo de entrenamiento especializado<\/h4>\r\n                    <\/div>\r\n                                    <\/div>\r\n            <\/div>\r\n        <\/div>\r\n    \r\n    <div class=\"container\" >\r\n        <div class=\"row\">\r\n            <div class=\"col-sm-12\">\r\n                <p style=\"text-align: center;\"><a class=\"blue-button\" href=\"\/mx\/contactanos\/\"  >Cont\u00e1ctanos<\/a><\/p>\r\n            <\/div>\r\n        <\/div>\r\n    <\/div>\r\n\r\n    \t\t\t\t<\/div>\n\t\t\t\t<\/div>\n\t\t\t\t\t<\/div>\n\t\t<\/div>\n\t\t\t\t\t<\/div>\n\t\t<\/section>\n\t\t\t\t<section class=\"elementor-section elementor-top-section elementor-element elementor-element-c86d404 elementor-section-boxed elementor-section-height-default elementor-section-height-default\" data-id=\"c86d404\" data-element_type=\"section\" data-e-type=\"section\">\n\t\t\t\t\t\t<div class=\"elementor-container elementor-column-gap-default\">\n\t\t\t\t\t<div class=\"elementor-column elementor-col-100 elementor-top-column elementor-element elementor-element-c0b08d2\" data-id=\"c0b08d2\" data-element_type=\"column\" data-e-type=\"column\">\n\t\t\t<div class=\"elementor-widget-wrap elementor-element-populated\">\n\t\t\t\t\t\t<div class=\"elementor-element elementor-element-31c6b67 elementor-widget elementor-widget-blue-links-box\" data-id=\"31c6b67\" data-element_type=\"widget\" data-e-type=\"widget\" data-widget_type=\"blue-links-box.default\">\n\t\t\t\t<div class=\"elementor-widget-container\">\n\t\t\t\t\t    <div class=\"blue-links-box\">\r\n        <h2>Recursos y Herramientas de Utilidad<\/h2>\r\n        <p><a class=\"cta\" href=\"\/mx\/competencias\/automotriz\/orientacion-de-iso-190112018\/\">ISO 19011:2018 Cambios Importantes, Orientaci\u00f3n &amp; Herramientas de Auditor\u00eda<\/a><br \/>Comprenda los cambios clave de ISO 19011: 2018 en el contexto de la perspectiva de la industria automotriz y tenga una nueva herramientas de auditor\u00eda a los Sistemas de Gesti\u00f3n.<\/p><p><a class=\"cta\" href=\"\/mx\/competencias\/automotriz\/iatf-16949-matrices-auditoria-de-requisitos-especificos-de-cliente\/\">IATF 16949 Matriz de auditor\u00eda de requisitos espec\u00edficos del cliente<\/a><br \/>Audite los requisitos espec\u00edficos del cliente de manera m\u00e1s eficiente utilizando matrices de auditor\u00eda IATF 16949 editables que colocan los CSR de Ford, GM y FCA junto a su n\u00famero de cl\u00e1usula IATF 16949 aplicable.<\/p>    <\/div>    \r\n    \t\t\t\t<\/div>\n\t\t\t\t<\/div>\n\t\t\t\t\t<\/div>\n\t\t<\/div>\n\t\t\t\t\t<\/div>\n\t\t<\/section>\n\t\t\t\t<section class=\"elementor-section elementor-top-section elementor-element elementor-element-e3baad0 elementor-section-full_width elementor-section-height-default elementor-section-height-default\" data-id=\"e3baad0\" data-element_type=\"section\" data-e-type=\"section\">\n\t\t\t\t\t\t<div class=\"elementor-container elementor-column-gap-default\">\n\t\t\t\t\t<div class=\"elementor-column elementor-col-100 elementor-top-column elementor-element elementor-element-ca1f6aa\" data-id=\"ca1f6aa\" data-element_type=\"column\" data-e-type=\"column\">\n\t\t\t<div class=\"elementor-widget-wrap elementor-element-populated\">\n\t\t\t\t\t\t<div class=\"elementor-element elementor-element-9653c57 elementor-widget elementor-widget-tailored-solutions-block\" data-id=\"9653c57\" data-element_type=\"widget\" data-e-type=\"widget\" data-widget_type=\"tailored-solutions-block.default\">\n\t\t\t\t<div class=\"elementor-widget-container\">\n\t\t\t\t\t    <div class=\"tailored-solutions-block\">\r\n        <div class=\"container\">\r\n            <div class=\"lead-text\" style=\"text-align: center;\">\r\n                <p class=\"lead-text\" style=\"text-align: center;\">&nbsp;<\/p>\r\n                <h2><a href=\"\/mx\/acerca-de-nosotros\/nuestro-trabajo\/\" class=\"cta\"  >Soluciones a la medida para los lideres de la industria<\/a><\/h2>\r\n            <\/div>\r\n        <\/div>\r\n        <div class=\"container\">\r\n            <div class=\"row\">\r\n                <div class=\"col-sm-12\">\r\n                    <img fetchpriority=\"high\" decoding=\"async\" src=\"https:\/\/mx-wp-cdn.plexusintl.com\/wp-content\/uploads\/2020\/07\/14132310\/partner-logo-banner.png\" alt=\"\" width=\"1837\" height=\"367\" class=\"ccm-image-block img-responsive bID-1238\">\r\n                <\/div>\r\n            <\/div>\r\n        <\/div>\r\n    <\/div>    \r\n    \t\t\t\t<\/div>\n\t\t\t\t<\/div>\n\t\t\t\t\t<\/div>\n\t\t<\/div>\n\t\t\t\t\t<\/div>\n\t\t<\/section>\n\t\t\t\t<\/div>\n\t\t","protected":false},"excerpt":{"rendered":"<p>Automotriz Sistemas de Gesti\u00f3n de la Calidad IATF 16949:2016 Plexus ayuda a la cadena de suministro de la industria automotriz a lograr el cumplimiento y obtener beneficios reales en una variedad de est\u00e1ndares y disciplinas de gesti\u00f3n empresarial y de calidad, incluida la IATF 16949: 2016. Nuestras relaciones de trabajo a largo plazo con los&#8230;<\/p>\n","protected":false},"author":1,"featured_media":0,"parent":72,"menu_order":0,"comment_status":"closed","ping_status":"closed","template":"","meta":{"footnotes":"","_wp_rev_ctl_limit":""},"class_list":["post-92","page","type-page","status-publish","hentry"],"_links":{"self":[{"href":"https:\/\/plexusintl.com\/mx\/wp-json\/wp\/v2\/pages\/92","targetHints":{"allow":["GET"]}}],"collection":[{"href":"https:\/\/plexusintl.com\/mx\/wp-json\/wp\/v2\/pages"}],"about":[{"href":"https:\/\/plexusintl.com\/mx\/wp-json\/wp\/v2\/types\/page"}],"author":[{"embeddable":true,"href":"https:\/\/plexusintl.com\/mx\/wp-json\/wp\/v2\/users\/1"}],"replies":[{"embeddable":true,"href":"https:\/\/plexusintl.com\/mx\/wp-json\/wp\/v2\/comments?post=92"}],"version-history":[{"count":73,"href":"https:\/\/plexusintl.com\/mx\/wp-json\/wp\/v2\/pages\/92\/revisions"}],"predecessor-version":[{"id":6222,"href":"https:\/\/plexusintl.com\/mx\/wp-json\/wp\/v2\/pages\/92\/revisions\/6222"}],"up":[{"embeddable":true,"href":"https:\/\/plexusintl.com\/mx\/wp-json\/wp\/v2\/pages\/72"}],"wp:attachment":[{"href":"https:\/\/plexusintl.com\/mx\/wp-json\/wp\/v2\/media?parent=92"}],"curies":[{"name":"wp","href":"https:\/\/api.w.org\/{rel}","templated":true}]}}