{"id":938,"date":"2020-07-09T20:06:51","date_gmt":"2020-07-09T15:06:51","guid":{"rendered":"https:\/\/plexusintl.com\/?page_id=938"},"modified":"2023-05-25T11:58:35","modified_gmt":"2023-05-25T16:58:35","slug":"fundamentos-de-as9100d","status":"publish","type":"page","link":"https:\/\/plexusintl.com\/mx\/catalogo\/fundamentos-de-as9100d\/","title":{"rendered":"Fundamentos de AS9100D"},"content":{"rendered":"\t\t<div data-elementor-type=\"wp-page\" data-elementor-id=\"938\" class=\"elementor elementor-938\" data-elementor-post-type=\"page\">\n\t\t\t\t\t\t<section class=\"elementor-section elementor-top-section elementor-element elementor-element-1304981b elementor-section-boxed elementor-section-height-default elementor-section-height-default\" data-id=\"1304981b\" data-element_type=\"section\" data-e-type=\"section\">\n\t\t\t\t\t\t<div class=\"elementor-container elementor-column-gap-default\">\n\t\t\t\t\t<div class=\"elementor-column elementor-col-50 elementor-top-column elementor-element elementor-element-70ebee83\" data-id=\"70ebee83\" data-element_type=\"column\" data-e-type=\"column\">\n\t\t\t<div class=\"elementor-widget-wrap elementor-element-populated\">\n\t\t\t\t\t\t<div class=\"elementor-element elementor-element-42eb0f6f elementor-widget elementor-widget-product-meta\" data-id=\"42eb0f6f\" data-element_type=\"widget\" data-e-type=\"widget\" data-widget_type=\"product-meta.default\">\n\t\t\t\t<div class=\"elementor-widget-container\">\n\t\t\t\t\t        <div class=\"meta\">\n                  <div class=\"tags\">AS9100\/9110\/9120&nbsp;&bull;&nbsp;Formaci\u00f3n a Distancia<\/div>\n              <\/div>\n     \t\t\t\t<\/div>\n\t\t\t\t<\/div>\n\t\t\t\t<div class=\"elementor-element elementor-element-4be5d999 elementor-widget elementor-widget-theme-post-title elementor-page-title elementor-widget-heading\" data-id=\"4be5d999\" data-element_type=\"widget\" data-e-type=\"widget\" data-widget_type=\"theme-post-title.default\">\n\t\t\t\t<div class=\"elementor-widget-container\">\n\t\t\t\t\t<h3 class=\"elementor-heading-title elementor-size-default\">Fundamentos de AS9100D<\/h3>\t\t\t\t<\/div>\n\t\t\t\t<\/div>\n\t\t\t\t<div class=\"elementor-element elementor-element-781ceca4 elementor-widget elementor-widget-text-editor\" data-id=\"781ceca4\" data-element_type=\"widget\" data-e-type=\"widget\" data-widget_type=\"text-editor.default\">\n\t\t\t\t<div class=\"elementor-widget-container\">\n\t\t\t\t\t\t\t\t\t<p><span style=\"font-weight: 400;\">El prop\u00f3sito de este curso de formaci\u00f3n a distancia es desarrollar en los participantes un entendimiento de los<\/span> <span style=\"font-weight: 400;\">requisitos de la Norma AS9100D, incluyendo los requisitos de la Norma ISO 9001:2015 y los conceptos<\/span> <span style=\"font-weight: 400;\">fundamentales de esta Norma, como son los principios de la gesti\u00f3n de la calidad, el enfoque a procesos y el<\/span><span style=\"font-weight: 400;\"> pensamiento basado en riesgos.\u00a0<\/span><\/p><p><span style=\"font-weight: 400;\">Para garantizar la satisfacci\u00f3n del cliente, las organizaciones de aviaci\u00f3n, el espacio y la defensa deben proporcionar, y mejorar continuamente, productos y servicios seguros y confiables que cumplan o superen los requisitos del cliente y los requisitos legales y reglamentarios que sean aplicables.\u00a0<\/span><\/p><p><span style=\"font-weight: 400;\">Su uso deber\u00eda dar como resultado una mejora en la calidad, el costo y el desempe\u00f1o de las entregas a trav\u00e9s de la reducci\u00f3n o eliminaci\u00f3n de requisitos \u00fanicos para una organizaci\u00f3n, la implementaci\u00f3n efectiva del sistema de gesti\u00f3n de la calidad y una mayor aplicaci\u00f3n de buenas pr\u00e1cticas.\u00a0<\/span><\/p><p><span style=\"font-weight: 400;\">El enfoque a procesos, el pensamiento basado en riesgos, constituyen una base s\u00f3lida que permite al sistema<\/span><span style=\"font-weight: 400;\"> de gesti\u00f3n de la calidad (SGC) lograr los resultados pretendidos por la organizaci\u00f3n. <\/span><\/p>\t\t\t\t\t\t\t\t<\/div>\n\t\t\t\t<\/div>\n\t\t\t\t\t<\/div>\n\t\t<\/div>\n\t\t\t\t<div class=\"elementor-column elementor-col-50 elementor-top-column elementor-element elementor-element-6fb1d43\" data-id=\"6fb1d43\" data-element_type=\"column\" data-e-type=\"column\">\n\t\t\t<div class=\"elementor-widget-wrap elementor-element-populated\">\n\t\t\t\t\t\t<div class=\"elementor-element elementor-element-35bad14 elementor-widget elementor-widget-purchase-widget\" data-id=\"35bad14\" data-element_type=\"widget\" data-e-type=\"widget\" data-widget_type=\"purchase-widget.default\">\n\t\t\t\t<div class=\"elementor-widget-container\">\n\t\t\t\t\t\n<div id=\"purchase_widget_563\" class=\"product-purchase-options\">\n\t<div class=\"intro-header\">\n    \t\t<h3>Entrenamientos a Distancia<\/h3>\n\t\t<p><\/p>\n\t<\/div>\n\n    <div id=\"div-add-product\" class=\"d-block text-center\">\n    <img decoding=\"async\" src=\"https:\/\/plexusintl.com\/mx\/wp-content\/themes\/plexus-theme\/images\/Purchase-Widget.svg\" width=\"50px\" alt=\"Loading\" \/>     \n  <\/div>\n    <form method=\"post\" id=\"add-product\" class=\"add-product d-none\">\n      <div class=\"options\">\n        <div class=\"form-group d-block\"><script type=\"text\/javascript\"> $('.product-purchase-options .intro-header').removeAttr(\"style\"); <\/script>          <div class=\"radio\">\n            <label>\n              <input type=\"radio\" name=\"delivery_type_lvw\" value=\"e-learning\" checked onchange=\"$('#corporate_licensing_563').css('display', 'none');$('#member_pricing_563').css('display', 'none');$('#single_user_access_563').css('display', 'block');\"> Abiertos<\/label>\n          <\/div>\n          <div class=\"radio d-block\">\n            <label>\n              <input type=\"radio\" name=\"delivery_type_lvw\" value=\"on-site-training\" onchange=\"$('#single_user_access_563').css('display', 'none');$('#member_pricing_563').css('display', 'none');$('#corporate_licensing_563').css('display', 'block');\"> Sesi\u00f3n privada (solo para mi organizaci\u00f3n<\/label>\n          <\/div>\n          <div class=\"radio d-none\">\n            <label>\n              <input type=\"radio\" name=\"delivery_type_lvw\" value=\"member-pricing\" onchange=\"$('#single_user_access_563').css('display', 'none');$('#corporate_licensing_563').css('display', 'none');$('#member_pricing_563').css('display', 'block');\"> Precio Miembro AIAG<\/label>\n          <\/div>\n        <\/div>      <div class=\"purchase-actions\" id=\"single_user_access_563\">\n        <div class=\"open-enrollment actions d-block\">\n                          <div class=\"form-group d-block\">\n                  <label for=\"open-enrollment-session\">Fechas disponibles<\/label>\n                                      <p>No se encontraron sesiones disponibles<\/p>\n                                    <\/div>\n                          <div class=\"session-detail d-none\">\n              <div class=\"price-wrapper \">\n                <div class=\"price-label\">A partir de:<\/div>\n                                    \n                  <div class=\"price\" id=\"e-learning-price\">\n                    <span id=\"priceFigure\">7700.00<\/span>&nbsp;MXN            \n                  <\/div>\n                                    <div id=\"purchase-error\"><\/div>\n                  <input type=\"hidden\" name=\"product_id\" value=\"519d9af2-d51b-11eb-b999-0ae8b9885edd\">\n              <\/div>\n              <button type=\"submit\" class=\"blue-button register-button\" style=\"display:block;\">Registrarse<\/button>\n            <\/div>\t\t\t\t\n        <\/div> \n      <\/div>\n      \n      <div class=\"purchase-actions\" id=\"corporate_licensing_563\" style=\"display:none;\">\n        <div class=\"on-site-training actions\" style=\"display: block;\">\n          <a href=\"http:\/\/plexusintl.com\/mx\/solicite-una-cotizacion\/?course_requested=Formaci%C3%B3n+AD+-+Fundamentos+-+AS+9100+-+formacin-ad-fundamentos-as-9100\" title=\"Solicite una cotizaci\u00f3n\" class=\"blue-button\">Solicite una cotizaci\u00f3n<\/a>\n        <\/div>\n      <\/div>\n\n      <div class=\"purchase-actions\" id=\"member_pricing_563\" style=\"display:none;\">\n        <div class=\"on-site-training actions\" style=\"display: block;\">\n          <a href=\"http:\/\/plexusintl.com\/request-quote?course_requested=Formaci%C3%B3n+AD+-+Fundamentos+-+AS+9100+-+formacin-ad-fundamentos-as-9100Solicitar+una+Cotizaci%C3%B3n\" title=\"Solicitar una Cotizaci\u00f3n\" class=\"blue-button\">Solicitar una Cotizaci\u00f3n<\/a>\n        <\/div>\n      <\/div>\n      <div style=\"display:none;\">\n         \n      <\/div>\n    <\/form>  \n  <\/div>\n<script type=\"text\/javascript\">\n\t$(document).ready(function() { \n\t\t$('#purchase_widget_563 input[name=delivery_type]').change(function(){\t\n      $('#purchase_widget_563 .purchase-actions .actions').hide();\t\t\n\t\t\t$('#purchase_widget_563 .purchase-actions .actions.'+$('input[name=delivery_type]:checked').val()).slideDown();\n    });\n    \n    var hiddenBox = $(\"#purchase_widget_563 #open-enrollment-single-session-location\")[0];\n    if(hiddenBox != null && hiddenBox.value !== \"\"){\n      $('#purchase_widget_563 #location p').html(hiddenBox.value);        \n      $('#purchase_widget_563 .session-detail').slideDown();\n      $('#purchase_widget_563 .session-detail').removeClass('d-none');\n      $('#purchase_widget_563 .session-detail').addClass('d-block');\n    }\n    else {      \n      $('#purchase_widget_563 .session-detail').removeClass('d-block');\n      $('#purchase_widget_563 .session-detail').addClass('d-none');\n    }\n\n\t\t$('#purchase_widget_563 #open-enrollment-session').change(function(){\n\t\t\tif($(this).val() != '') {\n\t\t\t\tvar option = $(this).find('option:selected');\n\n\t\t\t\t$('#purchase_widget_563 #location p').html($(option).data('location'));\n        $('#purchase_widget_563 #open-enrollment-session-value').val($(option).data('id'));\n      \n        $('#purchase_widget_563 .session-detail').slideDown();\n        $('#purchase_widget_563 .session-detail').removeClass('d-none');\n        $('#purchase_widget_563 .session-detail').addClass('d-block');\n\t\t\t} else {        \n        $('#purchase_widget_563 .session-detail').removeClass('d-block');\n        $('#purchase_widget_563 .session-detail').addClass('d-none');\n\t\t\t}\n    });\n    var priceFigure = $('#purchase_widget_563 #priceFigure')[0];\n    if (priceFigure != null)\n      priceFigure.innerHTML = formatCurrency(priceFigure.innerHTML);\n    \n      $('#purchase_widget_563 #div-add-product').removeClass('d-block');\n      $('#purchase_widget_563 #div-add-product').addClass('d-none');\n      $('#purchase_widget_563 #add-product').removeClass('d-none');\n      $('#purchase_widget_563 #add-product').addClass('d-block');\n  });\n  $('#purchase_widget_563 .add-product').submit(function(e){\n    e.preventDefault();    \n    var productId = $(this).find('input[name=\"product_id\"]').val();\n          var selectBox = $(\"#purchase_widget_563 #open-enrollment-session\")[0];\n      var hiddenBox1 = $(\"#purchase_widget_563 #open-enrollment-session-value\")[0];\n      var hiddenBox2 = $(\"#purchase_widget_563 #open-enrollment-single-session\")[0];\n      if(selectBox != null){\n        var sessionId = hiddenBox1.value;\n        if(selectBox.value === \"\"){\n          alert(\"Session is required.\");\n        }\n        else if(selectBox.value.substring(0, 4) == 'http') {\n          window.dataLayer = window.dataLayer || [];\n          window.dataLayer.push({ event: 'outbound_link_click', link_url: hiddenBox1.value });\n          window.open(hiddenBox1.value);\n        } \n        else {          \n          addEnrollmentProductToCart(productId, sessionId);\n        }\n      }\n      else if(hiddenBox2 != null && hiddenBox2.value !== \"\"){\n        var sessionId = hiddenBox2.value;\n        if(hiddenBox2.value.substring(0, 4) == 'http'){\n          window.dataLayer = window.dataLayer || [];\n          window.dataLayer.push({ event: 'outbound_link_click', link_url: hiddenBox2.value });\n          window.open(hiddenBox2.value);\n        }\n        else{\n          addEnrollmentProductToCart(productId, sessionId);\n        }\n      }\n      else{\n        addProductToCart(productId);\n      }\n    \n  });\n  <\/script>\n    \t\t\t\t<\/div>\n\t\t\t\t<\/div>\n\t\t\t\t\t<\/div>\n\t\t<\/div>\n\t\t\t\t\t<\/div>\n\t\t<\/section>\n\t\t\t\t<section class=\"elementor-section elementor-top-section elementor-element elementor-element-56a6aa2 elementor-section-boxed elementor-section-height-default elementor-section-height-default\" data-id=\"56a6aa2\" data-element_type=\"section\" data-e-type=\"section\">\n\t\t\t\t\t\t<div class=\"elementor-container elementor-column-gap-default\">\n\t\t\t\t\t<div class=\"elementor-column elementor-col-100 elementor-top-column elementor-element elementor-element-792ea31\" data-id=\"792ea31\" data-element_type=\"column\" data-e-type=\"column\">\n\t\t\t<div class=\"elementor-widget-wrap elementor-element-populated\">\n\t\t\t\t\t\t<div class=\"elementor-element elementor-element-b2e6252 elementor-tabs-view-horizontal elementor-widget elementor-widget-tabs\" data-id=\"b2e6252\" data-element_type=\"widget\" data-e-type=\"widget\" data-widget_type=\"tabs.default\">\n\t\t\t\t<div class=\"elementor-widget-container\">\n\t\t\t\t\t\t\t<div class=\"elementor-tabs\">\n\t\t\t<div class=\"elementor-tabs-wrapper\" role=\"tablist\" >\n\t\t\t\t\t\t\t\t\t<div id=\"elementor-tab-title-1871\" class=\"elementor-tab-title elementor-tab-desktop-title\" aria-selected=\"true\" data-tab=\"1\" role=\"tab\" tabindex=\"0\" aria-controls=\"elementor-tab-content-1871\" aria-expanded=\"false\">Objetivos de Aprendizaje<\/div>\n\t\t\t\t\t\t\t\t\t<div id=\"elementor-tab-title-1872\" class=\"elementor-tab-title elementor-tab-desktop-title\" aria-selected=\"false\" data-tab=\"2\" role=\"tab\" tabindex=\"-1\" aria-controls=\"elementor-tab-content-1872\" aria-expanded=\"false\">Agenda<\/div>\n\t\t\t\t\t\t\t\t\t<div id=\"elementor-tab-title-1873\" class=\"elementor-tab-title elementor-tab-desktop-title\" aria-selected=\"false\" data-tab=\"3\" role=\"tab\" tabindex=\"-1\" aria-controls=\"elementor-tab-content-1873\" aria-expanded=\"false\">Qui\u00e9n deber\u00eda participar<\/div>\n\t\t\t\t\t\t\t\t\t<div id=\"elementor-tab-title-1874\" class=\"elementor-tab-title elementor-tab-desktop-title\" aria-selected=\"false\" data-tab=\"4\" role=\"tab\" tabindex=\"-1\" aria-controls=\"elementor-tab-content-1874\" aria-expanded=\"false\">Duraci\u00f3n Total<\/div>\n\t\t\t\t\t\t\t<\/div>\n\t\t\t<div class=\"elementor-tabs-content-wrapper\" role=\"tablist\" aria-orientation=\"vertical\">\n\t\t\t\t\t\t\t\t\t<div class=\"elementor-tab-title elementor-tab-mobile-title\" aria-selected=\"true\" data-tab=\"1\" role=\"tab\" tabindex=\"0\" aria-controls=\"elementor-tab-content-1871\" aria-expanded=\"false\">Objetivos de Aprendizaje<\/div>\n\t\t\t\t\t<div id=\"elementor-tab-content-1871\" class=\"elementor-tab-content elementor-clearfix\" data-tab=\"1\" role=\"tabpanel\" aria-labelledby=\"elementor-tab-title-1871\" tabindex=\"0\" hidden=\"false\"><ul><li><span style=\"font-weight: 400;\">Entender los conceptos clave de un SGC y los principios de la gesti\u00f3n de la calidad.<\/span><\/li><li>E<span>ntender el enfoque a procesos y el pensamiento basado en riesgos <\/span><\/li><li>Entender los requisitos de la Norma AS9100D, incluyendo los requisitos de a Norma ISO 9001:2015.<\/li><\/ul><\/div>\n\t\t\t\t\t\t\t\t\t<div class=\"elementor-tab-title elementor-tab-mobile-title\" aria-selected=\"false\" data-tab=\"2\" role=\"tab\" tabindex=\"-1\" aria-controls=\"elementor-tab-content-1872\" aria-expanded=\"false\">Agenda<\/div>\n\t\t\t\t\t<div id=\"elementor-tab-content-1872\" class=\"elementor-tab-content elementor-clearfix\" data-tab=\"2\" role=\"tabpanel\" aria-labelledby=\"elementor-tab-title-1872\" tabindex=\"0\" hidden=\"hidden\"><p><b>D\u00eda 1 (4 horas)\u00a0<\/b><\/p><ul><li><span style=\"font-weight: 400;\"> Parte 1 Fundamentos de un sistema de gesti\u00f3n de la calidad.\u00a0<\/span><\/li><li><span style=\"font-weight: 400;\"> Parte 2 &#8211; Enfoque a procesos, que incorpora el ciclo PHVA y el pensamiento basado en riesgos. <\/span><\/li><\/ul><p><b>D\u00eda 2 (4 horas)\u00a0<\/b><\/p><ul><li><span style=\"font-weight: 400;\"> Parte 2 &#8211; Enfoque a procesos, que incorpora el ciclo PHVA y el pensamiento basado en riesgos<\/span> <span style=\"font-weight: 400;\">(continuaci\u00f3n)<\/span><\/li><li><span style=\"font-weight: 400;\"> Parte 3 &#8211; Comprensi\u00f3n de la Norma AS9100D.\u00a0<\/span><\/li><\/ul><p><b>D\u00eda 3 (4 horas)\u00a0<\/b><\/p><ul><li><span style=\"font-weight: 400;\"> Comprensi\u00f3n de la Norma ISO AS9100D (continuaci\u00f3n).\u00a0<\/span><\/li><li><span style=\"font-weight: 400;\"> Posibles estrategias para la implementaci\u00f3n o mejora del SGC.\u00a0<\/span><\/li><\/ul><\/div>\n\t\t\t\t\t\t\t\t\t<div class=\"elementor-tab-title elementor-tab-mobile-title\" aria-selected=\"false\" data-tab=\"3\" role=\"tab\" tabindex=\"-1\" aria-controls=\"elementor-tab-content-1873\" aria-expanded=\"false\">Qui\u00e9n deber\u00eda participar<\/div>\n\t\t\t\t\t<div id=\"elementor-tab-content-1873\" class=\"elementor-tab-content elementor-clearfix\" data-tab=\"3\" role=\"tabpanel\" aria-labelledby=\"elementor-tab-title-1873\" tabindex=\"0\" hidden=\"hidden\"><ul><li><span style=\"font-weight: 400;\">Personal de la organizaci\u00f3n que necesite aprender acerca de la Norma AS9100D.<\/span><\/li><li>Miembros del equipo de implementaci\u00f3n y mantenimiento del SGC basado en AS9100D.<\/li><li>Auditores Internos del SGC que necesitan reforzar su conocimiento de los requisitos de la Norma AS9100D.<\/li><\/ul><\/div>\n\t\t\t\t\t\t\t\t\t<div class=\"elementor-tab-title elementor-tab-mobile-title\" aria-selected=\"false\" data-tab=\"4\" role=\"tab\" tabindex=\"-1\" aria-controls=\"elementor-tab-content-1874\" aria-expanded=\"false\">Duraci\u00f3n Total<\/div>\n\t\t\t\t\t<div id=\"elementor-tab-content-1874\" class=\"elementor-tab-content elementor-clearfix\" data-tab=\"4\" role=\"tabpanel\" aria-labelledby=\"elementor-tab-title-1874\" tabindex=\"0\" hidden=\"hidden\"><p><span style=\"font-weight: 400;\">Tres d\u00edas (12 horas). Las jornadas ser\u00e1n de alrededor de cuatro horas m\u00e1s el tiempo dedicado a los recesos<\/span><span style=\"font-weight: 400;\"> durante la sesi\u00f3n.<\/span><\/p><\/div>\n\t\t\t\t\t\t\t<\/div>\n\t\t<\/div>\n\t\t\t\t\t\t<\/div>\n\t\t\t\t<\/div>\n\t\t\t\t\t<\/div>\n\t\t<\/div>\n\t\t\t\t\t<\/div>\n\t\t<\/section>\n\t\t\t\t<section class=\"elementor-section elementor-top-section elementor-element elementor-element-9418f3a elementor-section-boxed elementor-section-height-default elementor-section-height-default\" data-id=\"9418f3a\" data-element_type=\"section\" data-e-type=\"section\">\n\t\t\t\t\t\t<div class=\"elementor-container elementor-column-gap-default\">\n\t\t\t\t\t<div class=\"elementor-column elementor-col-100 elementor-top-column elementor-element elementor-element-4752b86\" data-id=\"4752b86\" data-element_type=\"column\" data-e-type=\"column\">\n\t\t\t<div class=\"elementor-widget-wrap elementor-element-populated\">\n\t\t\t\t\t\t<div class=\"elementor-element elementor-element-04df878 elementor-widget elementor-widget-related-content-block\" data-id=\"04df878\" data-element_type=\"widget\" data-e-type=\"widget\" data-widget_type=\"related-content-block.default\">\n\t\t\t\t<div class=\"elementor-widget-container\">\n\t\t\t\t\t    \r\n      <div class=\"row\">\r\n          <div class=\"col\">\r\n              <div class=\"related-content\">\r\n                  <h2 >Tambi\u00e9n podr\u00eda interesarle:<\/h2>\r\n\r\n                  <div class=\"row\">\r\n                      <div class=\"col-12 col-md-4 mb-3\">\r\n                          <div class=\"page page-1\">\r\n                              <div class=\"content-type\"><\/div>\r\n                              <div class=\"content-title\"><a href=\"https:\/\/plexusintl.com\/mx\/catalogo\/auditorias-de-as9100d\/\" class=\"cta\" >Fundamentos de Auditor\u00edas Internas de AS9100D<\/a><\/div>\r\n                              <div class=\"content-description\"><p >Este curso de formaci\u00f3n a distancia es proporcionar los conocimientos necesarios para realizar auditor\u00edas basadas en los requisitos de la Norma AS9100D (incluida la Norma ISO 9001:2015) y en la orientaci\u00f3n incluida en la Norma ISO 19011:2018. <\/p><\/div>\r\n                          <\/div>\r\n                      <\/div>\r\n                      <div class=\"col-12 col-md-4 mb-3\">\r\n                          <div class=\"page page-2\">\r\n                              <div class=\"content-type\"><\/div>\r\n                              <div class=\"content-title\"><a href=\"https:\/\/plexusintl.com\/mx\/industria-aeroespacial-y-de-defensa\/as9100-gap-tool\/\" class=\"cta\" >Mejora continua de su Sistema de Gesti\u00f3n de Calidad AS9100D<\/a><\/div>\r\n                              <div class=\"content-description\"><p > Un SGC saludable y eficaz es aquel que mejora continuamente. La herramienta de an\u00e1lisis de brechas AS9100D lo ayuda no solo a identificar las \u00e1reas de su SGC actual que no cumplen con los requisitos de AS9100D, sino que tambi\u00e9n le permite medir el nivel de complejidad al realizar los ajustes necesarios para cumplir con el est\u00e1ndar. <\/p><\/div>\r\n                          <\/div>\r\n                      <\/div>\r\n                      <div class=\"col-xs-12 col-md-4 mb-3\">\r\n                          <div class=\"page page-3\">\r\n                              <div class=\"content-type\"><\/div>\r\n                              <div class=\"content-title\"><a href=\"https:\/\/plexusintl.com\/mx\/catalogo\/fundamentos-de-la-norma-iso-90012015\/\" class=\"cta\" >Fundamentos de la norma ISO 9001:2015<\/a><\/div>\r\n                              <div class=\"content-description\"><p >Mediante el uso de m\u00e9todos interactivos, desarrolle una comprensi\u00f3n de las intenciones y los requisitos descritos por ISO 9001: 2015 a trav\u00e9s de una revisi\u00f3n cl\u00e1usula por cl\u00e1usula de la norma. Los participantes aprender\u00e1n los conceptos, principios y vocabulario fundamentales de un sistema de gesti\u00f3n de calidad ISO 9001: 2015.<\/p><\/div>\r\n                          <\/div>\r\n                      <\/div>\r\n                  <\/div>\r\n              <\/div>\r\n          <\/div>\r\n      <\/div>\r\n    \t\t\t\t<\/div>\n\t\t\t\t<\/div>\n\t\t\t\t\t<\/div>\n\t\t<\/div>\n\t\t\t\t\t<\/div>\n\t\t<\/section>\n\t\t\t\t<\/div>\n\t\t","protected":false},"excerpt":{"rendered":"<p>AS9100\/9110\/9120&nbsp;&bull;&nbsp;Formaci\u00f3n a Distancia El prop\u00f3sito de este curso de formaci\u00f3n a distancia es desarrollar en los participantes un entendimiento de los requisitos de la Norma AS9100D, incluyendo los requisitos de la Norma ISO 9001:2015 y los conceptos fundamentales de esta Norma, como son los principios de la gesti\u00f3n de la calidad, el enfoque a procesos&#8230;<\/p>\n","protected":false},"author":1,"featured_media":0,"parent":87,"menu_order":31,"comment_status":"closed","ping_status":"closed","template":"","meta":{"footnotes":"","_wp_rev_ctl_limit":""},"class_list":["post-938","page","type-page","status-publish","hentry"],"_links":{"self":[{"href":"https:\/\/plexusintl.com\/mx\/wp-json\/wp\/v2\/pages\/938","targetHints":{"allow":["GET"]}}],"collection":[{"href":"https:\/\/plexusintl.com\/mx\/wp-json\/wp\/v2\/pages"}],"about":[{"href":"https:\/\/plexusintl.com\/mx\/wp-json\/wp\/v2\/types\/page"}],"author":[{"embeddable":true,"href":"https:\/\/plexusintl.com\/mx\/wp-json\/wp\/v2\/users\/1"}],"replies":[{"embeddable":true,"href":"https:\/\/plexusintl.com\/mx\/wp-json\/wp\/v2\/comments?post=938"}],"version-history":[{"count":18,"href":"https:\/\/plexusintl.com\/mx\/wp-json\/wp\/v2\/pages\/938\/revisions"}],"predecessor-version":[{"id":7053,"href":"https:\/\/plexusintl.com\/mx\/wp-json\/wp\/v2\/pages\/938\/revisions\/7053"}],"up":[{"embeddable":true,"href":"https:\/\/plexusintl.com\/mx\/wp-json\/wp\/v2\/pages\/87"}],"wp:attachment":[{"href":"https:\/\/plexusintl.com\/mx\/wp-json\/wp\/v2\/media?parent=938"}],"curies":[{"name":"wp","href":"https:\/\/api.w.org\/{rel}","templated":true}]}}