{"id":94,"date":"2020-06-23T00:11:46","date_gmt":"2020-06-23T05:11:46","guid":{"rendered":"https:\/\/plexusintl.com\/?page_id=94"},"modified":"2022-10-31T10:56:17","modified_gmt":"2022-10-31T15:56:17","slug":"industria-aeroespacial-y-de-defensa","status":"publish","type":"page","link":"https:\/\/plexusintl.com\/mx\/industria-aeroespacial-y-de-defensa\/","title":{"rendered":"Industria Aeroespacial y de Defensa"},"content":{"rendered":"\t\t<div data-elementor-type=\"wp-page\" data-elementor-id=\"94\" class=\"elementor elementor-94\" data-elementor-post-type=\"page\">\n\t\t\t\t\t\t<section class=\"elementor-section elementor-top-section elementor-element elementor-element-c5c069d elementor-section-full_width elementor-section-height-default elementor-section-height-default\" data-id=\"c5c069d\" data-element_type=\"section\" data-e-type=\"section\">\n\t\t\t\t\t\t<div class=\"elementor-container elementor-column-gap-default\">\n\t\t\t\t\t<div class=\"elementor-column elementor-col-100 elementor-top-column elementor-element elementor-element-c991224\" data-id=\"c991224\" data-element_type=\"column\" data-e-type=\"column\">\n\t\t\t<div class=\"elementor-widget-wrap elementor-element-populated\">\n\t\t\t\t\t\t<div class=\"elementor-element elementor-element-d29e6fb elementor-widget elementor-widget-generic-hero-block\" data-id=\"d29e6fb\" data-element_type=\"widget\" data-e-type=\"widget\" data-widget_type=\"generic-hero-block.default\">\n\t\t\t\t<div class=\"elementor-widget-container\">\n\t\t\t\t\t    <div class=\"hero\" style=\"background-image: url(https:\/\/plexusintl.com\/wp-content\/uploads\/2020\/07\/as9100-aerospace-quality-services.png);\">\r\n        <div class=\"container\">\r\n            <div class=\"row\">\r\n                <div class=\"col-xs-12 col-sm-9\">\r\n                    <p class=\"header\">Industria Aeroespacial y de Defensa<\/p>\r\n                <\/div>\r\n            <\/div>\r\n        <\/div>\r\n    <\/div>    \r\n    \t\t\t\t<\/div>\n\t\t\t\t<\/div>\n\t\t\t\t\t<\/div>\n\t\t<\/div>\n\t\t\t\t\t<\/div>\n\t\t<\/section>\n\t\t\t\t<section class=\"elementor-section elementor-top-section elementor-element elementor-element-dd36a44 elementor-section-boxed elementor-section-height-default elementor-section-height-default\" data-id=\"dd36a44\" data-element_type=\"section\" data-e-type=\"section\">\n\t\t\t\t\t\t<div class=\"elementor-container elementor-column-gap-default\">\n\t\t\t\t\t<div class=\"elementor-column elementor-col-33 elementor-top-column elementor-element elementor-element-bee17c5\" data-id=\"bee17c5\" data-element_type=\"column\" data-e-type=\"column\">\n\t\t\t<div class=\"elementor-widget-wrap elementor-element-populated\">\n\t\t\t\t\t\t<div class=\"elementor-element elementor-element-83b48a2 elementor-widget elementor-widget-text-editor\" data-id=\"83b48a2\" data-element_type=\"widget\" data-e-type=\"widget\" data-widget_type=\"text-editor.default\">\n\t\t\t\t<div class=\"elementor-widget-container\">\n\t\t\t\t\t\t\t\t\t<p><strong><a href=\"#aerospace_training\">Entrenamiento<\/a><br \/><a href=\"#aerospace_consulting\">Consultor\u00eda<\/a><br \/><a href=\"#tools_resources\">Recursos y Herramientas<\/a><br \/><a href=\"#iaqg_aatt\">Programa de calificaci\u00f3n de Auditores IAQG<\/a><\/strong><\/p>\t\t\t\t\t\t\t\t<\/div>\n\t\t\t\t<\/div>\n\t\t\t\t\t<\/div>\n\t\t<\/div>\n\t\t\t\t<div class=\"elementor-column elementor-col-66 elementor-top-column elementor-element elementor-element-2a34769\" data-id=\"2a34769\" data-element_type=\"column\" data-e-type=\"column\">\n\t\t\t<div class=\"elementor-widget-wrap elementor-element-populated\">\n\t\t\t\t\t\t<div class=\"elementor-element elementor-element-74fdfbb elementor-widget elementor-widget-lead-text-block\" data-id=\"74fdfbb\" data-element_type=\"widget\" data-e-type=\"widget\" data-widget_type=\"lead-text-block.default\">\n\t\t\t\t<div class=\"elementor-widget-container\">\n\t\t\t\t\t    <p class=\"lead-text\">Soluciones para organizaciones de todos los tama\u00f1os y niveles de la industria Aeroespacial y su cadena de suministro<\/p>\r\n    \t\t\t\t<\/div>\n\t\t\t\t<\/div>\n\t\t\t\t<div class=\"elementor-element elementor-element-5f13a75 elementor-widget elementor-widget-text-editor\" data-id=\"5f13a75\" data-element_type=\"widget\" data-e-type=\"widget\" data-widget_type=\"text-editor.default\">\n\t\t\t\t<div class=\"elementor-widget-container\">\n\t\t\t\t\t\t\t\t\t<p>Plexus ayuda a la cadena de suministro de la industria aeroespacial a lograr el cumplimiento y obtener beneficios reales en una variedad de est\u00e1ndares y disciplinas, incluidos AS9100, AS9110 y AS9120 Quality Management, AS9145 (APQP &amp; PPAP), ISO 14001 Environmental Management, ISO 45001 Occupational Health and Safety y m\u00e1s.<\/p><p>A trav\u00e9s de nuestras relaciones de trabajo a largo plazo con l\u00edderes de la industria y \u00f3rganos de supervisi\u00f3n, incluidos IAQG, fabricantes de equipos originales (OEM), Plexus International dise\u00f1a, desarrolla y ofrece soluciones sostenibles basadas en conocimientos expertos para todos los niveles de la cadena de suministro.<\/p>\t\t\t\t\t\t\t\t<\/div>\n\t\t\t\t<\/div>\n\t\t\t\t\t<\/div>\n\t\t<\/div>\n\t\t\t\t\t<\/div>\n\t\t<\/section>\n\t\t\t\t<section class=\"elementor-section elementor-top-section elementor-element elementor-element-58e2e21 elementor-section-full_width elementor-section-height-default elementor-section-height-default\" data-id=\"58e2e21\" data-element_type=\"section\" data-e-type=\"section\">\n\t\t\t\t\t\t<div class=\"elementor-container elementor-column-gap-default\">\n\t\t\t\t\t<div class=\"elementor-column elementor-col-100 elementor-top-column elementor-element elementor-element-3d2e0ac\" data-id=\"3d2e0ac\" data-element_type=\"column\" data-e-type=\"column\">\n\t\t\t<div class=\"elementor-widget-wrap elementor-element-populated\">\n\t\t\t\t\t\t<div class=\"elementor-element elementor-element-29120b9 elementor-widget elementor-widget-menu-anchor\" data-id=\"29120b9\" data-element_type=\"widget\" data-e-type=\"widget\" data-widget_type=\"menu-anchor.default\">\n\t\t\t\t<div class=\"elementor-widget-container\">\n\t\t\t\t\t\t\t<div class=\"elementor-menu-anchor\" id=\"aerospace_training\"><\/div>\n\t\t\t\t\t\t<\/div>\n\t\t\t\t<\/div>\n\t\t\t\t<div class=\"elementor-element elementor-element-7ad5d83 elementor-widget elementor-widget-aviation-training-programs-block\" data-id=\"7ad5d83\" data-element_type=\"widget\" data-e-type=\"widget\" data-widget_type=\"aviation-training-programs-block.default\">\n\t\t\t\t<div class=\"elementor-widget-container\">\n\t\t\t\t\t\r\n    <div style=\"background-color: #ebebeb;\">\r\n        <div class=\"container\">\r\n            <div class=\"row\">\r\n                <div class=\"col-sm-12\">\r\n                    <div class=\"row\">\r\n                        <div class=\"col-sm-12\">\r\n                            <h2 ><h2><strong>Programas de\u00a0<\/strong>entrenamiento\u00a0| AS9100, 9110, 9120 &amp; AS9145<\/h2><\/h2>\r\n                            <p ><p>Inscr\u00edbase en cualquiera de nuestros programas de capacitaci\u00f3n programados o solicite un programa de capacitaci\u00f3n privado en el lugar solo para su organizaci\u00f3n. Todos los programas se ofrecen cara a cara (pospuestos hasta nuevo aviso debido a COVID-19) o pueden entregarse de forma remota via nuestras formaciones a distancia<\/p>\r\n                        <\/div>\r\n                    <\/div>\r\n                <\/div>\r\n            <\/div>\r\n        <\/div>\r\n\r\n        <div class=\"container\" style=\"background-color: #ebebeb;\">\r\n            <div class=\"row\">\r\n                <div class=\"col-lg-3\">\r\n                    <div style=\"padding: 10px 15px 0px 15px; background-color: #ffffff;\">\r\n                        <h3 style=\"text-align: center;\"><span style=\"font-size:14px;\"><strong><span style=\"background-color:#b8c9e1;\" >&nbsp;Formaci\u00f3n a distancia&nbsp;<\/span><\/strong><\/span><\/h3>\r\n                        <h3 style=\"text-align: center;\" ><strong>Fundamentos de Auditoria AS9100D<\/strong><\/h3>\r\n                        <p style=\"text-align: center;\" >El prop\u00f3sito de este curso de formaci\u00f3n a distancia es proporcionar los conocimientos necesarios para realizar auditor\u00edas basadas en los requisitos de la Norma AS9100D (incluida la Norma ISO 9001:2015) y en la orientaci\u00f3n incluida en la Norma ISO 19011:2018.<\/p>\r\n                        <p style=\"text-align: center;\"><a class=\"blue-button\" href=\"\/mx\/catalogo\/auditorias-de-as9100d\/\"  >MAS INFORMACI\u00d3N<\/a><\/p>\r\n                    <\/div>\r\n                <\/div>\r\n                <div class=\"col-lg-3\">\r\n                    <div style=\"padding: 10px 15px 0px 15px; background-color: #ffffff;\">\r\n                        <h3 style=\"text-align: center;\"><span style=\"font-size:14px;\"><strong><span style=\"background-color:#b8c9e1;\" >&nbsp;Formaci\u00f3n a distancia&nbsp;<\/span><\/strong><\/span><\/h3>\r\n                        <h3 style=\"text-align: center;\" ><strong>Fundamentos de la norma AS9100D<\/strong><\/h3>\r\n                        <p style=\"text-align: center;\" >El prop\u00f3sito de este curso de formaci\u00f3n a distancia es desarrollar en los participantes un entendimiento de los requisitos de la Norma AS9100D, incluyendo los requisitos de la Norma ISO 9001:2015 y los conceptos fundamentales de esta Norma, como son los principios de la gesti\u00f3n de la calidad, el enfoque a procesos y el pensamiento basado en riesgos. <\/p>\r\n                        <p style=\"text-align: center;\"><a class=\"blue-button\" href=\"\/mx\/catalogo\/fundamentos-de-as9100\/\"  >MAS INFORMACI\u00d3N<\/a><\/p>\r\n                    <\/div>\r\n                <\/div>\r\n                <div class=\"col-lg-3\">\r\n                    <div style=\"padding: 10px 15px 0px 15px; background-color: #ffffff;\">\r\n                        <h3 style=\"text-align: center;\"><span style=\"font-size:14px;\"><strong><span style=\"background-color:#b8c9e1;\" >&nbsp;Formaci\u00f3n presencial&nbsp;<\/span><\/strong><\/span><\/h3>\r\n                        <h3 style=\"text-align: center;\" ><strong>IAQG-sanctioned 9100:2016 AATT Online and Instructor-Led Bundle<\/strong><\/h3>\r\n                        <p style=\"text-align: center;\" >Obligatorio por el IAQG para satisfacer el requisito de capacitaci\u00f3n del Curso B\u00e1sico para la autenticaci\u00f3n de auditor 9100:2016 AQMS. Este programa se imparte a nivel mundial a trav\u00e9s de los capacitadores locales calificados de Plexus International. Este programa de Plexus International est\u00e1 aprobado por Probitas, el organismo de aprobaci\u00f3n de proveedores de capacitaci\u00f3n de Plexus International.<\/p>\r\n                        <p style=\"text-align: center;\"><a class=\"blue-button\" href=\"https:\/\/plexusintl.com\/us\/catalog\/iaqg-sanctioned-91002016-aatt-online-and-instructor-led-bundle\/\"  >MAS INFORMACI\u00d3N<\/a><\/p>\r\n                    <\/div>\r\n                <\/div>\r\n                <div class=\"col-lg-3\">\r\n                    <div style=\"padding: 10px 15px 0px 15px; background-color: #ffffff;\">\r\n                        <h3 style=\"text-align: center;\"><span style=\"font-size:14px;\"><strong><span style=\"background-color:#b8c9e1;\" >&nbsp;eLearning &nbsp;<\/span><\/strong><\/span><\/h3>\r\n                        <h3 style=\"text-align: center;\" ><strong>Revisi\u00f3n de AS9100D para implementadores y auditores<\/strong><\/h3>\r\n                        <p style=\"text-align: center;\" >Este aprendizaje electr\u00f3nico a su propio ritmo examina los requisitos y la intenci\u00f3n de cada cl\u00e1usula y subcl\u00e1usula de AS9100D, incluida la evidencia de auditor\u00eda requerida para demostrar la conformidad con los requisitos de AS9100D. Disponible solo en ingl\u00e9s<\/p>\r\n                        <p style=\"text-align: center;\"><a class=\"blue-button\" href=\"https:\/\/plexusintl.com\/us\/catalog\/comprehensive-review-as9100d-implementers-and-auditors-elearning\/\"  >M\u00e1s informaci\u00f3n<\/a><\/p>\r\n                    <\/div>\r\n                <\/div>\r\n            <\/div>\r\n        <\/div>\r\n\r\n        <div class=\"container\" style=\"background-color: #ebebeb;\">\r\n            <div class=\"row\">\r\n                <div class=\"col-sm-12\">\r\n                    <div class=\"row\">\r\n                        <div class=\"col-sm-4\"><\/div>\r\n                        <div class=\"col-sm-4\"><\/div>\r\n                        <div class=\"col-sm-4\">\r\n                            <p><span style=\"font-size:20px;\"><a class=\"cta\" href=\"\/mx\/catalogo?_product_topics=AS9100\/9110\/9120\" >Explora todos los entrenamientos<\/a><\/span><\/p>\r\n                        <\/div>\r\n                    <\/div>\r\n                <\/div>\r\n            <\/div>\r\n        <\/div>\r\n    <\/div>\r\n    \t\t\t\t<\/div>\n\t\t\t\t<\/div>\n\t\t\t\t\t<\/div>\n\t\t<\/div>\n\t\t\t\t\t<\/div>\n\t\t<\/section>\n\t\t\t\t<section class=\"elementor-section elementor-top-section elementor-element elementor-element-f1d9585 elementor-section-boxed elementor-section-height-default elementor-section-height-default\" data-id=\"f1d9585\" data-element_type=\"section\" data-e-type=\"section\">\n\t\t\t\t\t\t<div class=\"elementor-container elementor-column-gap-default\">\n\t\t\t\t\t<div class=\"elementor-column elementor-col-100 elementor-top-column elementor-element elementor-element-0232d7d\" data-id=\"0232d7d\" data-element_type=\"column\" data-e-type=\"column\">\n\t\t\t<div class=\"elementor-widget-wrap elementor-element-populated\">\n\t\t\t\t\t\t<div class=\"elementor-element elementor-element-264e1d1 elementor-widget elementor-widget-menu-anchor\" data-id=\"264e1d1\" data-element_type=\"widget\" data-e-type=\"widget\" data-widget_type=\"menu-anchor.default\">\n\t\t\t\t<div class=\"elementor-widget-container\">\n\t\t\t\t\t\t\t<div class=\"elementor-menu-anchor\" id=\"aerospace_consulting\"><\/div>\n\t\t\t\t\t\t<\/div>\n\t\t\t\t<\/div>\n\t\t\t\t<div class=\"elementor-element elementor-element-a8aaa8b elementor-widget elementor-widget-consulting-services-block\" data-id=\"a8aaa8b\" data-element_type=\"widget\" data-e-type=\"widget\" data-widget_type=\"consulting-services-block.default\">\n\t\t\t\t<div class=\"elementor-widget-container\">\n\t\t\t\t\t    <div class=\"container\">\r\n        <div class=\"row\">\r\n            <div class=\"col-sm-12\">\r\n                <h2 style=\"text-align: center;\"><span style=\"color:#4d6995;\">Servicios de Consultoria para la <strong>industria aeroespacial <\/strong><\/span><\/h2>\r\n                <p style=\"text-align: center;\">Nuestra misi\u00f3n es desarrollar una comprensi\u00f3n profunda de los procesos internos y las necesidades comerciales de su organizaci\u00f3n, y adaptar el alcance de nuestros esfuerzos de consultor\u00eda para alcanzar los resultados comerciales deseados. El primer paso es conectarse con un representante de Plexus y evaluaremos cuidadosamente sus necesidades \u00fanicas.<\/p>\r\n            <\/div>\r\n        <\/div>\r\n    <\/div>\r\n\r\n    <div class=\"container\">\r\n        <div class=\"row\"><div class=\"col-sm-12\">\r\n            <div class=\"row\">\r\n                <div class=\"col-sm-3\">\r\n                    <h4 style=\"text-align: center;\"><img decoding=\"async\" src=\"https:\/\/plexusintl.com\/mx\/wp-content\/uploads\/2020\/07\/checkmark-icon-1.svg\" alt=\"checkmark-icon.png\" width=\"50\" height=\"50\" style=\"margin-bottom:5px;\"><br \/>Implementaci\u00f3n e integraci\u00f3n de sistemas de gesti\u00f3n<\/h4>\r\n                <\/div>\r\n                <div class=\"col-sm-3\">\r\n                    <h4 style=\"text-align: center;\"><img decoding=\"async\" src=\"https:\/\/plexusintl.com\/mx\/wp-content\/uploads\/2020\/07\/checkmark-icon-1.svg\" alt=\"checkmark-icon.png\" width=\"50\" height=\"50\" style=\"margin-bottom:5px;\"><br \/>An\u00e1lisis de Brecha<\/h4>\r\n                <\/div>\r\n                <div class=\"col-sm-3\">\r\n                    <h4 style=\"text-align: center;\"><img decoding=\"async\" src=\"https:\/\/plexusintl.com\/mx\/wp-content\/uploads\/2020\/07\/checkmark-icon-1.svg\" alt=\"checkmark-icon.png\" width=\"50\" height=\"50\" style=\"margin-bottom:5px;\"><br \/>Calificaci\u00f3n de Auditores<\/h4>\r\n                <\/div>\r\n                                    <div class=\"col-sm-3\">\r\n                        <h4 style=\"text-align: center;\"><img decoding=\"async\" src=\"https:\/\/plexusintl.com\/mx\/wp-content\/uploads\/2020\/07\/checkmark-icon-1.svg\" alt=\"checkmark-icon.png\" width=\"50\" height=\"50\" style=\"margin-bottom:5px;\"><br \/>Gesti\u00f3n de Programas<\/h4>\r\n                    <\/div>\r\n                                                <\/div>\r\n        <\/div>\r\n    <\/div>\r\n\r\n            <div class=\"container\">\r\n            <div class=\"row\"><div class=\"col-sm-12\">\r\n                <div class=\"row\">\r\n                    <div class=\"col-sm-3\">\r\n                        <h4 style=\"text-align: center;\"><img decoding=\"async\" src=\"https:\/\/plexusintl.com\/mx\/wp-content\/uploads\/2020\/07\/checkmark-icon-1.svg\" alt=\"checkmark-icon.png\" width=\"50\" height=\"50\" style=\"margin-bottom:5px;\"><br \/>Desarrollo de productos y mejora de procesos<\/h4>\r\n                    <\/div>\r\n                    <div class=\"col-sm-3\">\r\n                        <h4 style=\"text-align: center;\"><img decoding=\"async\" src=\"https:\/\/plexusintl.com\/mx\/wp-content\/uploads\/2020\/07\/checkmark-icon-1.svg\" alt=\"checkmark-icon.png\" width=\"50\" height=\"50\" style=\"margin-bottom:5px;\"><br \/>Implementaci\u00f3n de requisitos espec\u00edficos del cliente<\/h4>\r\n                    <\/div>\r\n                    <div class=\"col-sm-3\">\r\n                        <h4 style=\"text-align: center;\"><img decoding=\"async\" src=\"https:\/\/plexusintl.com\/mx\/wp-content\/uploads\/2020\/07\/checkmark-icon-1.svg\" alt=\"checkmark-icon.png\" width=\"50\" height=\"50\" style=\"margin-bottom:5px;\"><br \/>Soluciones de formaci\u00f3n especializadas y personalizadas<\/h4>\r\n                    <\/div>\r\n                                            <div class=\"col-sm-3\">\r\n                            <h4 style=\"text-align: center;\"><img decoding=\"async\" src=\"https:\/\/plexusintl.com\/mx\/wp-content\/uploads\/2020\/07\/checkmark-icon-1.svg\" alt=\"checkmark-icon.png\" width=\"50\" height=\"50\" style=\"margin-bottom:5px;\"><br \/>Auditorias de primera y segunda parte<\/h4>\r\n                        <\/div>\r\n                                                            <\/div>\r\n            <\/div>\r\n        <\/div>\r\n    \r\n    <div class=\"container\" >\r\n        <div class=\"row\">\r\n            <div class=\"col-sm-12\">\r\n                <p style=\"text-align: center;\"><a class=\"blue-button\" href=\"\/mx\/contactanos\/\"  >Cont\u00e1ctanos<\/a><\/p>\r\n            <\/div>\r\n        <\/div>\r\n    <\/div>\r\n\r\n    \t\t\t\t<\/div>\n\t\t\t\t<\/div>\n\t\t\t\t\t<\/div>\n\t\t<\/div>\n\t\t\t\t\t<\/div>\n\t\t<\/section>\n\t\t\t\t<section class=\"elementor-section elementor-top-section elementor-element elementor-element-9988622 elementor-section-boxed elementor-section-height-default elementor-section-height-default\" data-id=\"9988622\" data-element_type=\"section\" data-e-type=\"section\" data-settings=\"{&quot;background_background&quot;:&quot;classic&quot;}\">\n\t\t\t\t\t\t<div class=\"elementor-container elementor-column-gap-default\">\n\t\t\t\t\t<div class=\"elementor-column elementor-col-100 elementor-top-column elementor-element elementor-element-bb58053\" data-id=\"bb58053\" data-element_type=\"column\" data-e-type=\"column\">\n\t\t\t<div class=\"elementor-widget-wrap elementor-element-populated\">\n\t\t\t\t\t\t<div class=\"elementor-element elementor-element-0fb7375 elementor-widget elementor-widget-menu-anchor\" data-id=\"0fb7375\" data-element_type=\"widget\" data-e-type=\"widget\" data-widget_type=\"menu-anchor.default\">\n\t\t\t\t<div class=\"elementor-widget-container\">\n\t\t\t\t\t\t\t<div class=\"elementor-menu-anchor\" id=\"tools_resources\"><\/div>\n\t\t\t\t\t\t<\/div>\n\t\t\t\t<\/div>\n\t\t\t\t<div class=\"elementor-element elementor-element-95e8213 elementor-widget elementor-widget-blue-links-box\" data-id=\"95e8213\" data-element_type=\"widget\" data-e-type=\"widget\" data-widget_type=\"blue-links-box.default\">\n\t\t\t\t<div class=\"elementor-widget-container\">\n\t\t\t\t\t    <div class=\"blue-links-box\">\r\n        <h2>Herramientas y recursos | AS9100 y AS9145<\/h2>\r\n        <p><a class=\"cta\" href=\"\/mx\/competencias\/industria-aeroespacial-y-de-defensa\/apqp-ppap-terminos-y-definiciones-clave-para-organizaciones-aeroespaciales\/\">T\u00e9rminos y definiciones clave de APQP y PPAP: gu\u00eda de referencia para organizaciones aeroespaciales<\/a><br \/>Descargue los t\u00e9rminos y definiciones clave para la planificaci\u00f3n avanzada de la calidad del producto (APQP) y el proceso de aprobaci\u00f3n de piezas de producci\u00f3n (PPAP) en el contexto de la fabricaci\u00f3n aeroespacial.<\/p><p><a class=\"cta\" href=\"\/mx\/competencias\/industria-aeroespacial-y-de-defensa\/as9100-gap-tool\/\">Herramienta de an\u00e1lisis de brechas del sistema de gesti\u00f3n de calidad AS9100D<\/a><br \/>Descargue la herramienta de an\u00e1lisis de brechas AS9100D y comience a evaluar el estado actual de su sistema de gesti\u00f3n de calidad frente a los requisitos del est\u00e1ndar AS9100D.<\/p>    <\/div>    \r\n    \t\t\t\t<\/div>\n\t\t\t\t<\/div>\n\t\t\t\t\t<\/div>\n\t\t<\/div>\n\t\t\t\t\t<\/div>\n\t\t<\/section>\n\t\t\t\t<section class=\"elementor-section elementor-top-section elementor-element elementor-element-45e5fea elementor-section-boxed elementor-section-height-default elementor-section-height-default\" data-id=\"45e5fea\" data-element_type=\"section\" data-e-type=\"section\" data-settings=\"{&quot;background_background&quot;:&quot;classic&quot;}\">\n\t\t\t\t\t\t<div class=\"elementor-container elementor-column-gap-default\">\n\t\t\t\t\t<div class=\"elementor-column elementor-col-100 elementor-top-column elementor-element elementor-element-e6957c8\" data-id=\"e6957c8\" data-element_type=\"column\" data-e-type=\"column\">\n\t\t\t<div class=\"elementor-widget-wrap\">\n\t\t\t\t\t\t\t<\/div>\n\t\t<\/div>\n\t\t\t\t\t<\/div>\n\t\t<\/section>\n\t\t\t\t<section class=\"elementor-section elementor-top-section elementor-element elementor-element-d80849e elementor-section-boxed elementor-section-height-default elementor-section-height-default\" data-id=\"d80849e\" data-element_type=\"section\" data-e-type=\"section\">\n\t\t\t\t\t\t<div class=\"elementor-container elementor-column-gap-wide\">\n\t\t\t\t\t<div class=\"elementor-column elementor-col-33 elementor-top-column elementor-element elementor-element-624993f\" data-id=\"624993f\" data-element_type=\"column\" data-e-type=\"column\">\n\t\t\t<div class=\"elementor-widget-wrap elementor-element-populated\">\n\t\t\t\t\t\t<div class=\"elementor-element elementor-element-b8f7fb2 elementor-widget elementor-widget-image\" data-id=\"b8f7fb2\" data-element_type=\"widget\" data-e-type=\"widget\" data-widget_type=\"image.default\">\n\t\t\t\t<div class=\"elementor-widget-container\">\n\t\t\t\t\t\t\t\t\t\t\t\t\t\t\t<img decoding=\"async\" src=\"https:\/\/mx-wp-cdn.plexusintl.com\/wp-content\/uploads\/2020\/07\/14132313\/aerospace-auditor-qualification-iaqg.png\" title=\"aerospace-auditor-qualification-iaqg\" alt=\"aerospace-auditor-qualification-iaqg\" loading=\"lazy\" \/>\t\t\t\t\t\t\t\t\t\t\t\t\t\t\t<\/div>\n\t\t\t\t<\/div>\n\t\t\t\t\t<\/div>\n\t\t<\/div>\n\t\t\t\t<div class=\"elementor-column elementor-col-66 elementor-top-column elementor-element elementor-element-8837686\" data-id=\"8837686\" data-element_type=\"column\" data-e-type=\"column\">\n\t\t\t<div class=\"elementor-widget-wrap elementor-element-populated\">\n\t\t\t\t\t\t<div class=\"elementor-element elementor-element-d944d5e elementor-widget elementor-widget-menu-anchor\" data-id=\"d944d5e\" data-element_type=\"widget\" data-e-type=\"widget\" data-widget_type=\"menu-anchor.default\">\n\t\t\t\t<div class=\"elementor-widget-container\">\n\t\t\t\t\t\t\t<div class=\"elementor-menu-anchor\" id=\"iaqg_aatt\"><\/div>\n\t\t\t\t\t\t<\/div>\n\t\t\t\t<\/div>\n\t\t\t\t<div class=\"elementor-element elementor-element-7e78e2b elementor-widget elementor-widget-text-editor\" data-id=\"7e78e2b\" data-element_type=\"widget\" data-e-type=\"widget\" data-widget_type=\"text-editor.default\">\n\t\t\t\t<div class=\"elementor-widget-container\">\n\t\t\t\t\t\t\t\t\t<h2>Programa de calificaci\u00f3n de auditor aeroespacial de IAQG<\/h2><p>En 2009, el International <a href=\"https:\/\/iaqg.org\/\" rel=\"noopener\">Aerospace Quality Group (IAQG)<\/a> se asoci\u00f3 con Plexus International para desarrollar e implementar un programa de calificaci\u00f3n de auditor global para estandarizar c\u00f3mo se capacitan y eval\u00faan los auditores AS9100, AS9110 y AS9120 de terceros. Aprovechando esta experiencia y nuestro trabajo cercano en toda la cadena de suministro, Plexus contin\u00faa tejiendo este conocimiento en los servicios que brindamos a la cadena de suministro aeroespacial global. <a class=\"cta\" href=\"\/mx\/acerca-de-nosotros\/nuestro-trabajo\/iaqg-programa-de-calificacion-de-auuditores\/\">Leer m\u00e1s<\/a><\/p>\t\t\t\t\t\t\t\t<\/div>\n\t\t\t\t<\/div>\n\t\t\t\t\t<\/div>\n\t\t<\/div>\n\t\t\t\t\t<\/div>\n\t\t<\/section>\n\t\t\t\t<\/div>\n\t\t","protected":false},"excerpt":{"rendered":"<p>Active<\/p>\n","protected":false},"author":1,"featured_media":0,"parent":0,"menu_order":0,"comment_status":"closed","ping_status":"closed","template":"","meta":{"footnotes":"","_wp_rev_ctl_limit":""},"class_list":["post-94","page","type-page","status-publish","hentry"],"_links":{"self":[{"href":"https:\/\/plexusintl.com\/mx\/wp-json\/wp\/v2\/pages\/94","targetHints":{"allow":["GET"]}}],"collection":[{"href":"https:\/\/plexusintl.com\/mx\/wp-json\/wp\/v2\/pages"}],"about":[{"href":"https:\/\/plexusintl.com\/mx\/wp-json\/wp\/v2\/types\/page"}],"author":[{"embeddable":true,"href":"https:\/\/plexusintl.com\/mx\/wp-json\/wp\/v2\/users\/1"}],"replies":[{"embeddable":true,"href":"https:\/\/plexusintl.com\/mx\/wp-json\/wp\/v2\/comments?post=94"}],"version-history":[{"count":70,"href":"https:\/\/plexusintl.com\/mx\/wp-json\/wp\/v2\/pages\/94\/revisions"}],"predecessor-version":[{"id":6691,"href":"https:\/\/plexusintl.com\/mx\/wp-json\/wp\/v2\/pages\/94\/revisions\/6691"}],"wp:attachment":[{"href":"https:\/\/plexusintl.com\/mx\/wp-json\/wp\/v2\/media?parent=94"}],"curies":[{"name":"wp","href":"https:\/\/api.w.org\/{rel}","templated":true}]}}