{"id":98,"date":"2020-06-23T00:17:57","date_gmt":"2020-06-22T19:17:57","guid":{"rendered":"https:\/\/plexusintl.com\/?page_id=98"},"modified":"2021-12-10T14:29:00","modified_gmt":"2021-12-10T19:29:00","slug":"iso-14001-environmental-management","status":"publish","type":"page","link":"https:\/\/plexusintl.com\/mx\/competencias\/iso-14001-environmental-management\/","title":{"rendered":"Sistemas Gesti\u00f3n Ambiental"},"content":{"rendered":"\t\t<div data-elementor-type=\"wp-page\" data-elementor-id=\"98\" class=\"elementor elementor-98\" data-elementor-post-type=\"page\">\n\t\t\t\t\t\t<section class=\"elementor-section elementor-top-section elementor-element elementor-element-14ac434 elementor-section-full_width elementor-section-height-default elementor-section-height-default\" data-id=\"14ac434\" data-element_type=\"section\" data-e-type=\"section\">\n\t\t\t\t\t\t<div class=\"elementor-container elementor-column-gap-default\">\n\t\t\t\t\t<div class=\"elementor-column elementor-col-100 elementor-top-column elementor-element elementor-element-4dd567a\" data-id=\"4dd567a\" data-element_type=\"column\" data-e-type=\"column\">\n\t\t\t<div class=\"elementor-widget-wrap elementor-element-populated\">\n\t\t\t\t\t\t<div class=\"elementor-element elementor-element-7b9b9c4 elementor-widget elementor-widget-generic-hero-block\" data-id=\"7b9b9c4\" data-element_type=\"widget\" data-e-type=\"widget\" data-widget_type=\"generic-hero-block.default\">\n\t\t\t\t<div class=\"elementor-widget-container\">\n\t\t\t\t\t    <div class=\"hero\" style=\"background-image: url(https:\/\/plexusintl.com\/wp-content\/uploads\/2020\/07\/iso-14001-environmental-management.png);\">\r\n        <div class=\"container\">\r\n            <div class=\"row\">\r\n                <div class=\"col-xs-12 col-sm-9\">\r\n                    <p class=\"header\">Gesti\u00f3n Ambiental<\/p>\r\n                <\/div>\r\n            <\/div>\r\n        <\/div>\r\n    <\/div>    \r\n    \t\t\t\t<\/div>\n\t\t\t\t<\/div>\n\t\t\t\t\t<\/div>\n\t\t<\/div>\n\t\t\t\t\t<\/div>\n\t\t<\/section>\n\t\t\t\t<section class=\"elementor-section elementor-top-section elementor-element elementor-element-f4bc6ca elementor-section-boxed elementor-section-height-default elementor-section-height-default\" data-id=\"f4bc6ca\" data-element_type=\"section\" data-e-type=\"section\">\n\t\t\t\t\t\t<div class=\"elementor-container elementor-column-gap-default\">\n\t\t\t\t\t<div class=\"elementor-column elementor-col-100 elementor-top-column elementor-element elementor-element-f2b383b\" data-id=\"f2b383b\" data-element_type=\"column\" data-e-type=\"column\">\n\t\t\t<div class=\"elementor-widget-wrap elementor-element-populated\">\n\t\t\t\t\t\t<div class=\"elementor-element elementor-element-eb6aeb2 elementor-widget elementor-widget-heading\" data-id=\"eb6aeb2\" data-element_type=\"widget\" data-e-type=\"widget\" data-widget_type=\"heading.default\">\n\t\t\t\t<div class=\"elementor-widget-container\">\n\t\t\t\t\t<h1 class=\"elementor-heading-title elementor-size-default\">ISO 14001:2015 SGA<\/h1>\t\t\t\t<\/div>\n\t\t\t\t<\/div>\n\t\t\t\t\t<\/div>\n\t\t<\/div>\n\t\t\t\t\t<\/div>\n\t\t<\/section>\n\t\t\t\t<section class=\"elementor-section elementor-top-section elementor-element elementor-element-240304c elementor-section-boxed elementor-section-height-default elementor-section-height-default\" data-id=\"240304c\" data-element_type=\"section\" data-e-type=\"section\">\n\t\t\t\t\t\t<div class=\"elementor-container elementor-column-gap-default\">\n\t\t\t\t\t<div class=\"elementor-column elementor-col-100 elementor-top-column elementor-element elementor-element-1b28d11\" data-id=\"1b28d11\" data-element_type=\"column\" data-e-type=\"column\">\n\t\t\t<div class=\"elementor-widget-wrap elementor-element-populated\">\n\t\t\t\t\t\t<div class=\"elementor-element elementor-element-e405b9b elementor-widget elementor-widget-text-editor\" data-id=\"e405b9b\" data-element_type=\"widget\" data-e-type=\"widget\" data-widget_type=\"text-editor.default\">\n\t\t\t\t<div class=\"elementor-widget-container\">\n\t\t\t\t\t\t\t\t\t<p>ISO 14001: 2015 proporciona el marco para que su organizaci\u00f3n cumpla con las crecientes expectativas de los clientes y los requisitos legales o reglamentarios. La norma ISO 14001 es reconocida internacionalmente como una metodolog\u00eda probada para reducir los peligros ambientales, mejorar el desempe\u00f1o ambiental, reducir los desechos, aumentar la eficiencia y reducir los costos operativos. Est\u00e1 dise\u00f1ado para ayudar a las organizaciones independientemente del tama\u00f1o, la industria, las actividades o el nivel en la cadena de suministro global.<\/p>\t\t\t\t\t\t\t\t<\/div>\n\t\t\t\t<\/div>\n\t\t\t\t\t<\/div>\n\t\t<\/div>\n\t\t\t\t\t<\/div>\n\t\t<\/section>\n\t\t\t\t<section class=\"elementor-section elementor-top-section elementor-element elementor-element-a62cf4b elementor-section-boxed elementor-section-height-default elementor-section-height-default\" data-id=\"a62cf4b\" data-element_type=\"section\" data-e-type=\"section\">\n\t\t\t\t\t\t<div class=\"elementor-container elementor-column-gap-default\">\n\t\t\t\t\t<div class=\"elementor-column elementor-col-33 elementor-top-column elementor-element elementor-element-1a47b5b\" data-id=\"1a47b5b\" data-element_type=\"column\" data-e-type=\"column\">\n\t\t\t<div class=\"elementor-widget-wrap elementor-element-populated\">\n\t\t\t\t\t\t<div class=\"elementor-element elementor-element-c24d303 elementor-widget elementor-widget-text-editor\" data-id=\"c24d303\" data-element_type=\"widget\" data-e-type=\"widget\" data-widget_type=\"text-editor.default\">\n\t\t\t\t<div class=\"elementor-widget-container\">\n\t\t\t\t\t\t\t\t\t<p style=\"text-align: center;\"><img decoding=\"async\" class=\"alignnone wp-image-3311\" src=\"https:\/\/mx-wp-cdn.plexusintl.com\/wp-content\/uploads\/2021\/03\/14132238\/AIAG-Certified-Training-Provider-Seal_TRANSPARENT-300x237.png\" alt=\"\" width=\"150\" height=\"119\" srcset=\"https:\/\/mx-wp-cdn.plexusintl.com\/wp-content\/uploads\/2021\/03\/14132238\/AIAG-Certified-Training-Provider-Seal_TRANSPARENT-300x237.png 300w, https:\/\/mx-wp-cdn.plexusintl.com\/wp-content\/uploads\/2021\/03\/14132238\/AIAG-Certified-Training-Provider-Seal_TRANSPARENT.png 565w\" sizes=\"(max-width: 150px) 100vw, 150px\" \/><\/p>\t\t\t\t\t\t\t\t<\/div>\n\t\t\t\t<\/div>\n\t\t\t\t\t<\/div>\n\t\t<\/div>\n\t\t\t\t<div class=\"elementor-column elementor-col-66 elementor-top-column elementor-element elementor-element-df753ec\" data-id=\"df753ec\" data-element_type=\"column\" data-e-type=\"column\">\n\t\t\t<div class=\"elementor-widget-wrap elementor-element-populated\">\n\t\t\t\t\t\t<div class=\"elementor-element elementor-element-54cefca elementor-widget elementor-widget-global elementor-global-3603 elementor-widget-text-editor\" data-id=\"54cefca\" data-element_type=\"widget\" data-e-type=\"widget\" data-widget_type=\"text-editor.default\">\n\t\t\t\t<div class=\"elementor-widget-container\">\n\t\t\t\t\t\t\t\t\t<p>Todos los cursos de formaci\u00f3n ISO 14001 impartidos por Plexus son programas afiliados a AIAG. Plexus es el proveedor mundial certificado de productos y servicios AIAG.<\/p>\t\t\t\t\t\t\t\t<\/div>\n\t\t\t\t<\/div>\n\t\t\t\t\t<\/div>\n\t\t<\/div>\n\t\t\t\t\t<\/div>\n\t\t<\/section>\n\t\t\t\t<section class=\"elementor-section elementor-top-section elementor-element elementor-element-32f1775 elementor-section-boxed elementor-section-height-default elementor-section-height-default\" data-id=\"32f1775\" data-element_type=\"section\" data-e-type=\"section\">\n\t\t\t\t\t\t<div class=\"elementor-container elementor-column-gap-default\">\n\t\t\t\t\t<div class=\"elementor-column elementor-col-100 elementor-top-column elementor-element elementor-element-a34c408\" data-id=\"a34c408\" data-element_type=\"column\" data-e-type=\"column\">\n\t\t\t<div class=\"elementor-widget-wrap\">\n\t\t\t\t\t\t\t<\/div>\n\t\t<\/div>\n\t\t\t\t\t<\/div>\n\t\t<\/section>\n\t\t\t\t<section class=\"elementor-section elementor-top-section elementor-element elementor-element-d9f8b35 elementor-section-full_width elementor-section-height-default elementor-section-height-default\" data-id=\"d9f8b35\" data-element_type=\"section\" data-e-type=\"section\">\n\t\t\t\t\t\t<div class=\"elementor-container elementor-column-gap-default\">\n\t\t\t\t\t<div class=\"elementor-column elementor-col-100 elementor-top-column elementor-element elementor-element-2beac0f\" data-id=\"2beac0f\" data-element_type=\"column\" data-e-type=\"column\">\n\t\t\t<div class=\"elementor-widget-wrap elementor-element-populated\">\n\t\t\t\t\t\t<div class=\"elementor-element elementor-element-3627ab8 elementor-widget elementor-widget-consulting-services-block\" data-id=\"3627ab8\" data-element_type=\"widget\" data-e-type=\"widget\" data-widget_type=\"consulting-services-block.default\">\n\t\t\t\t<div class=\"elementor-widget-container\">\n\t\t\t\t\t    <div class=\"container\">\r\n        <div class=\"row\">\r\n            <div class=\"col-sm-12\">\r\n                <h2 style=\"text-align: center;\"><span style=\"color:#4d6995;\">Servicios de Consultor\u00eda <strong>Gesti\u00f3n Ambiental<\/strong><\/span><\/h2>\r\n                <p style=\"text-align: center;\">Nuestra misi\u00f3n es desarrollar una comprensi\u00f3n profunda de los procesos internos y las necesidades comerciales de su organizaci\u00f3n, y adaptar el alcance de nuestros esfuerzos de consultor\u00eda para alcanzar los resultados comerciales deseados. El primer paso es conectarse con un representante de Plexus y evaluaremos cuidadosamente sus necesidades \u00fanicas.<\/p>\r\n            <\/div>\r\n        <\/div>\r\n    <\/div>\r\n\r\n    <div class=\"container\">\r\n        <div class=\"row\"><div class=\"col-sm-12\">\r\n            <div class=\"row\">\r\n                <div class=\"col-sm-4\">\r\n                    <h4 style=\"text-align: center;\"><img decoding=\"async\" src=\"https:\/\/plexusintl.com\/mx\/wp-content\/uploads\/2020\/07\/checkmark-icon-1.svg\" alt=\"checkmark-icon.png\" width=\"50\" height=\"50\" style=\"margin-bottom:5px;\"><br \/>ISO 14001 Implementaci\u00f3n del SGA<\/h4>\r\n                <\/div>\r\n                <div class=\"col-sm-4\">\r\n                    <h4 style=\"text-align: center;\"><img decoding=\"async\" src=\"https:\/\/plexusintl.com\/mx\/wp-content\/uploads\/2020\/07\/checkmark-icon-1.svg\" alt=\"checkmark-icon.png\" width=\"50\" height=\"50\" style=\"margin-bottom:5px;\"><br \/>Integraci\u00f3n de Sistemas de Gesti\u00f3n<\/h4>\r\n                <\/div>\r\n                <div class=\"col-sm-4\">\r\n                    <h4 style=\"text-align: center;\"><img decoding=\"async\" src=\"https:\/\/plexusintl.com\/mx\/wp-content\/uploads\/2020\/07\/checkmark-icon-1.svg\" alt=\"checkmark-icon.png\" width=\"50\" height=\"50\" style=\"margin-bottom:5px;\"><br \/>Aplicaci\u00f3n de Auditorias de Segunda Parte<\/h4>\r\n                <\/div>\r\n                            <\/div>\r\n        <\/div>\r\n    <\/div>\r\n\r\n    \r\n    <div class=\"container\" >\r\n        <div class=\"row\">\r\n            <div class=\"col-sm-12\">\r\n                <p style=\"text-align: center;\"><a class=\"blue-button\" href=\"\/mx\/contactanos\/\"  >!Iniciemos\u00a1<\/a><\/p>\r\n            <\/div>\r\n        <\/div>\r\n    <\/div>\r\n\r\n    \t\t\t\t<\/div>\n\t\t\t\t<\/div>\n\t\t\t\t<div class=\"elementor-element elementor-element-dad517b elementor-widget elementor-widget-training-programs-block\" data-id=\"dad517b\" data-element_type=\"widget\" data-e-type=\"widget\" data-widget_type=\"training-programs-block.default\">\n\t\t\t\t<div class=\"elementor-widget-container\">\n\t\t\t\t\t    <div class=\"training-programs\">\n        <h2 >Programas de Formaci\u00f3n ISO 14001 <\/h2>\n\n        <div class=\"row\">\n            <\/div><div class=\"row\">                    <div class=\"col-12 col-sm-6 \">\n                        <div class=\"training-program\">\n                            <div class=\"tags\">\n                                                          \n                            <\/div>\n                            <h3><a href=\"\/mx\/catalogo\/auditorias-internas-iso-140012015\/\" class=\"cta\">Formaci\u00f3n de Auditores Internos ISO 14001<\/a><\/h3>\n                        <\/div>\n                    <\/div>\n                   \n        <div class=\"col-12\">\n            <div class=\"read-more\"><a href=\"\/mx\/catalogo?_product_topics=ISO 14001:2015\" class=\"cta\" >Mas formaciones<\/a><\/div>\n        <\/div>        \n    <\/div>\n    \t\t\t\t<\/div>\n\t\t\t\t<\/div>\n\t\t\t\t\t<\/div>\n\t\t<\/div>\n\t\t\t\t\t<\/div>\n\t\t<\/section>\n\t\t\t\t<section class=\"elementor-section elementor-top-section elementor-element elementor-element-8402aa1 elementor-section-full_width elementor-section-height-default elementor-section-height-default\" data-id=\"8402aa1\" data-element_type=\"section\" data-e-type=\"section\">\n\t\t\t\t\t\t<div class=\"elementor-container elementor-column-gap-default\">\n\t\t\t\t\t<div class=\"elementor-column elementor-col-100 elementor-top-column elementor-element elementor-element-85fc281\" data-id=\"85fc281\" data-element_type=\"column\" data-e-type=\"column\">\n\t\t\t<div class=\"elementor-widget-wrap elementor-element-populated\">\n\t\t\t\t\t\t<div class=\"elementor-element elementor-element-85a8186 elementor-widget-divider--view-line elementor-widget elementor-widget-divider\" data-id=\"85a8186\" data-element_type=\"widget\" data-e-type=\"widget\" data-widget_type=\"divider.default\">\n\t\t\t\t<div class=\"elementor-widget-container\">\n\t\t\t\t\t\t\t<div class=\"elementor-divider\">\n\t\t\t<span class=\"elementor-divider-separator\">\n\t\t\t\t\t\t<\/span>\n\t\t<\/div>\n\t\t\t\t\t\t<\/div>\n\t\t\t\t<\/div>\n\t\t\t\t\t<\/div>\n\t\t<\/div>\n\t\t\t\t\t<\/div>\n\t\t<\/section>\n\t\t\t\t<section class=\"elementor-section elementor-top-section elementor-element elementor-element-f885286 elementor-section-boxed elementor-section-height-default elementor-section-height-default\" data-id=\"f885286\" data-element_type=\"section\" data-e-type=\"section\">\n\t\t\t\t\t\t<div class=\"elementor-container elementor-column-gap-default\">\n\t\t\t\t\t<div class=\"elementor-column elementor-col-100 elementor-top-column elementor-element elementor-element-06b0dac\" data-id=\"06b0dac\" data-element_type=\"column\" data-e-type=\"column\">\n\t\t\t<div class=\"elementor-widget-wrap elementor-element-populated\">\n\t\t\t\t\t\t<div class=\"elementor-element elementor-element-0c24eb1 elementor-widget elementor-widget-tailored-solutions-block\" data-id=\"0c24eb1\" data-element_type=\"widget\" data-e-type=\"widget\" data-widget_type=\"tailored-solutions-block.default\">\n\t\t\t\t<div class=\"elementor-widget-container\">\n\t\t\t\t\t    <div class=\"tailored-solutions-block\">\r\n        <div class=\"container\">\r\n            <div class=\"lead-text\" style=\"text-align: center;\">\r\n                <p class=\"lead-text\" style=\"text-align: center;\">&nbsp;<\/p>\r\n                <h2><a href=\"\/mx\/acerca-de-nosotros\/nuestro-trabajo\/\" class=\"cta\"  >Soluciones a la medida para los lideres de la industria<\/a><\/h2>\r\n            <\/div>\r\n        <\/div>\r\n        <div class=\"container\">\r\n            <div class=\"row\">\r\n                <div class=\"col-sm-12\">\r\n                    <img fetchpriority=\"high\" decoding=\"async\" src=\"https:\/\/mx-wp-cdn.plexusintl.com\/wp-content\/uploads\/2020\/07\/14132310\/partner-logo-banner.png\" alt=\"\" width=\"1837\" height=\"367\" class=\"ccm-image-block img-responsive bID-1238\">\r\n                <\/div>\r\n            <\/div>\r\n        <\/div>\r\n    <\/div>    \r\n    \t\t\t\t<\/div>\n\t\t\t\t<\/div>\n\t\t\t\t\t<\/div>\n\t\t<\/div>\n\t\t\t\t\t<\/div>\n\t\t<\/section>\n\t\t\t\t<\/div>\n\t\t","protected":false},"excerpt":{"rendered":"<p>Gesti\u00f3n Ambiental ISO 14001:2015 SGA ISO 14001: 2015 proporciona el marco para que su organizaci\u00f3n cumpla con las crecientes expectativas de los clientes y los requisitos legales o reglamentarios. La norma ISO 14001 es reconocida internacionalmente como una metodolog\u00eda probada para reducir los peligros ambientales, mejorar el desempe\u00f1o ambiental, reducir los desechos, aumentar la eficiencia&#8230;<\/p>\n","protected":false},"author":1,"featured_media":0,"parent":72,"menu_order":0,"comment_status":"closed","ping_status":"closed","template":"","meta":{"footnotes":"","_wp_rev_ctl_limit":""},"class_list":["post-98","page","type-page","status-publish","hentry"],"_links":{"self":[{"href":"https:\/\/plexusintl.com\/mx\/wp-json\/wp\/v2\/pages\/98","targetHints":{"allow":["GET"]}}],"collection":[{"href":"https:\/\/plexusintl.com\/mx\/wp-json\/wp\/v2\/pages"}],"about":[{"href":"https:\/\/plexusintl.com\/mx\/wp-json\/wp\/v2\/types\/page"}],"author":[{"embeddable":true,"href":"https:\/\/plexusintl.com\/mx\/wp-json\/wp\/v2\/users\/1"}],"replies":[{"embeddable":true,"href":"https:\/\/plexusintl.com\/mx\/wp-json\/wp\/v2\/comments?post=98"}],"version-history":[{"count":47,"href":"https:\/\/plexusintl.com\/mx\/wp-json\/wp\/v2\/pages\/98\/revisions"}],"predecessor-version":[{"id":6211,"href":"https:\/\/plexusintl.com\/mx\/wp-json\/wp\/v2\/pages\/98\/revisions\/6211"}],"up":[{"embeddable":true,"href":"https:\/\/plexusintl.com\/mx\/wp-json\/wp\/v2\/pages\/72"}],"wp:attachment":[{"href":"https:\/\/plexusintl.com\/mx\/wp-json\/wp\/v2\/media?parent=98"}],"curies":[{"name":"wp","href":"https:\/\/api.w.org\/{rel}","templated":true}]}}